{"id":34480,"date":"2022-05-18T08:04:42","date_gmt":"2022-05-18T06:04:42","guid":{"rendered":"https:\/\/prideshop.eu\/sicherer-kauf\/"},"modified":"2022-06-03T10:05:20","modified_gmt":"2022-06-03T08:05:20","slug":"sicherer-kauf","status":"publish","type":"page","link":"https:\/\/prideshop.eu\/de\/sicherer-kauf\/","title":{"rendered":"Sicherer Kauf"},"content":{"rendered":"<div class=\"row\"  id=\"row-2003917351\">\n\n\t<div id=\"col-492483271\" class=\"col small-12 large-12\"  >\n\t\t\t\t<div class=\"col-inner\"  >\n\t\t\t\n\t\t\t\n<h1 class=\"podstran\">SICHERER KAUF<br \/>\n<\/h1>\n<p><strong>100% SICHERER Kauf. Sie haben nicht den richtigen Artikel bestellt? Senden Sie Artikel komplett kostenlos und ohne Versandkosten zur\u00fcck!<\/p>\n<p><\/strong><\/p>\n\t\t<\/div>\n\t\t\t\t\t<\/div>\n\n\t\n<\/div>\n<div class=\"accordion podstrani-acc\">\n\t<div id=\"accordion-2889969154\" class=\"accordion-item\">\n\t\t<a id=\"accordion-2889969154-label\" class=\"accordion-title plain active\" href=\"#accordion-item-wie-funktioniert-es?\" aria-expanded=\"true\" aria-controls=\"accordion-2889969154-content\">\n\t\t\t<button class=\"toggle\" aria-label=\"Umschalten\"><i class=\"icon-angle-down\" aria-hidden=\"true\"><\/i><\/button>\n\t\t\t<span>WIE FUNKTIONIERT ES?<\/span>\n\t\t<\/a>\n\t\t<div id=\"accordion-2889969154-content\" class=\"accordion-inner\" style=\"display: block;\" aria-labelledby=\"accordion-2889969154-label\">\n\t\t\t\n<p>Kontaktieren Sie uns unter:<strong>\u00a0<\/strong><a href=\"https:\/\/prideshop.eu\/?lang=de\"><strong>info@prideshop.eu<\/strong><\/a>\u00a0und wir schicken Ihnen einen Kurier des GLS-Lieferservice an Ihre Adresse. Der Kurier holt das Paket ohne zus\u00e4tzliche Kosten an Ihrer Adresse ab und liefert es in unser Gesch\u00e4ft. Wir bieten diesen Service in folgendem Land an: Slowenien. In diesem Fall fallen keine Versandgeb\u00fchren an.<\/p>\n\t\t<\/div>\n\t<\/div>\n\t\n\t<div id=\"accordion-2054191633\" class=\"accordion-item\">\n\t\t<a id=\"accordion-2054191633-label\" class=\"accordion-title plain\" href=\"#accordion-item-in-welchen-f\u00c4llen-kann-ich-den-artikel-zur\u00dcckgeben?\" aria-expanded=\"false\" aria-controls=\"accordion-2054191633-content\">\n\t\t\t<button class=\"toggle\" aria-label=\"Umschalten\"><i class=\"icon-angle-down\" aria-hidden=\"true\"><\/i><\/button>\n\t\t\t<span>IN WELCHEN F\u00c4LLEN KANN ICH DEN ARTIKEL ZUR\u00dcCKGEBEN?<\/span>\n\t\t<\/a>\n\t\t<div id=\"accordion-2054191633-content\" class=\"accordion-inner\" aria-labelledby=\"accordion-2054191633-label\">\n\t\t\t\n<p>Wenn Sie den falschen Artikel oder die falsche Gr\u00f6\u00dfe bestellt haben oder Ihnen der Artikel einfach nicht gef\u00e4llt.<\/p>\n\t\t<\/div>\n\t<\/div>\n\t\n\t<div id=\"accordion-367127150\" class=\"accordion-item\">\n\t\t<a id=\"accordion-367127150-label\" class=\"accordion-title plain\" href=\"#accordion-item-innerhalb-welchen-zeitraums-kann-ich-den-artikel-zur\u00dcckgeben?\" aria-expanded=\"false\" aria-controls=\"accordion-367127150-content\">\n\t\t\t<button class=\"toggle\" aria-label=\"Umschalten\"><i class=\"icon-angle-down\" aria-hidden=\"true\"><\/i><\/button>\n\t\t\t<span>INNERHALB WELCHEN ZEITRAUMS KANN ICH DEN ARTIKEL ZUR\u00dcCKGEBEN?<\/span>\n\t\t<\/a>\n\t\t<div id=\"accordion-367127150-content\" class=\"accordion-inner\" aria-labelledby=\"accordion-367127150-label\">\n\t\t\t\n<p>Artikel k\u00f6nnen innerhalb von 14 Tagen nach Erhalt des Pakets zur\u00fcckgegeben werden.<\/p>\n\t\t<\/div>\n\t<\/div>\n\t\n\t<div id=\"accordion-637078530\" class=\"accordion-item\">\n\t\t<a id=\"accordion-637078530-label\" class=\"accordion-title plain\" href=\"#accordion-item-in-welchem-zustand-sollte-der-artikel-bei-der-r\u00dcckgabe-sein?\" aria-expanded=\"false\" aria-controls=\"accordion-637078530-content\">\n\t\t\t<button class=\"toggle\" aria-label=\"Umschalten\"><i class=\"icon-angle-down\" aria-hidden=\"true\"><\/i><\/button>\n\t\t\t<span>IN WELCHEM ZUSTAND SOLLTE DER ARTIKEL BEI DER R\u00dcCKGABE SEIN?<\/span>\n\t\t<\/a>\n\t\t<div id=\"accordion-637078530-content\" class=\"accordion-inner\" aria-labelledby=\"accordion-637078530-label\">\n\t\t\t\n<p>Der Artikel muss unbenutzt und in der Originalverpackung sein.<\/p>\n\t\t<\/div>\n\t<\/div>\n\t\n\t<div id=\"accordion-540070526\" class=\"accordion-item\">\n\t\t<a id=\"accordion-540070526-label\" class=\"accordion-title plain\" href=\"#accordion-item-was-muss-ich-tun,-wenn-ich-einen-artikel-zur\u00dcckgeben-m\u00d6chte?\" aria-expanded=\"false\" aria-controls=\"accordion-540070526-content\">\n\t\t\t<button class=\"toggle\" aria-label=\"Umschalten\"><i class=\"icon-angle-down\" aria-hidden=\"true\"><\/i><\/button>\n\t\t\t<span>WAS MUSS ICH TUN, WENN ICH EINEN ARTIKEL ZUR\u00dcCKGEBEN M\u00d6CHTE?<\/span>\n\t\t<\/a>\n\t\t<div id=\"accordion-540070526-content\" class=\"accordion-inner\" aria-labelledby=\"accordion-540070526-label\">\n\t\t\t\n<p>Wenn Sie eine R\u00fcckerstattung ohne Versandkosten w\u00fcnschen, teilen Sie uns dies unter unserer E-Mail-Adresse mit:\u00a0<a href=\"https:\/\/prideshop.eu\/?lang=de\"><strong>info@prideshop.eu<\/strong><\/a>. Wenn wir diesen Service in Ihrem Land nicht erm\u00f6glichen oder wenn Sie das Paket \u00fcber einen anderen Zustelldienst (auf eigene Kosten) versenden m\u00f6chten, senden Sie es an unsere Adresse:\u00a0<strong>PRIDEshop.eu, Kocbekova 30a, 3202 Ljube\u010dna, Slovenija<\/strong>.<\/p>\n\t\t<\/div>\n\t<\/div>\n\t\n\t<div id=\"accordion-28713334\" class=\"accordion-item\">\n\t\t<a id=\"accordion-28713334-label\" class=\"accordion-title plain\" href=\"#accordion-item-wie-lange-dauert-es,-bis-wir-das-zur\u00dcckgesendete-paket-erhalten?\" aria-expanded=\"false\" aria-controls=\"accordion-28713334-content\">\n\t\t\t<button class=\"toggle\" aria-label=\"Umschalten\"><i class=\"icon-angle-down\" aria-hidden=\"true\"><\/i><\/button>\n\t\t\t<span>WIE LANGE DAUERT ES, BIS WIR DAS ZUR\u00dcCKGESENDETE PAKET ERHALTEN?<\/span>\n\t\t<\/a>\n\t\t<div id=\"accordion-28713334-content\" class=\"accordion-inner\" aria-labelledby=\"accordion-28713334-label\">\n\t\t\t\n<p>Die Zeit, in der wir das Paket erhalten, h\u00e4ngt vom Zustelldienst und dem Land ab, aus dem Sie das Paket versenden.<\/p>\n\t\t<\/div>\n\t<\/div>\n\t\n\t<div id=\"accordion-669311690\" class=\"accordion-item\">\n\t\t<a id=\"accordion-669311690-label\" class=\"accordion-title plain\" href=\"#accordion-item-wie-schnell-erhalte-ich-meine-r\u00dcckerstattung?\" aria-expanded=\"false\" aria-controls=\"accordion-669311690-content\">\n\t\t\t<button class=\"toggle\" aria-label=\"Umschalten\"><i class=\"icon-angle-down\" aria-hidden=\"true\"><\/i><\/button>\n\t\t\t<span>WIE SCHNELL ERHALTE ICH MEINE R\u00dcCKERSTATTUNG?<\/span>\n\t\t<\/a>\n\t\t<div id=\"accordion-669311690-content\" class=\"accordion-inner\" aria-labelledby=\"accordion-669311690-label\">\n\t\t\t\n<p>Wir erstatten den Kaufpreis sp\u00e4testens innerhalb von 30 Tagen. Wir werden jedoch unser Bestes tun, um es innerhalb von 3 Werktagen an Sie zur\u00fcckzusenden.<\/p>\n\t\t<\/div>\n\t<\/div>\n\t\n\t<div id=\"accordion-3863829876\" class=\"accordion-item\">\n\t\t<a id=\"accordion-3863829876-label\" class=\"accordion-title plain\" href=\"#accordion-item-bekomme-ich-auch-die-kosten-f\u00dcr-versand-und-lieferung-erstattet?\" aria-expanded=\"false\" aria-controls=\"accordion-3863829876-content\">\n\t\t\t<button class=\"toggle\" aria-label=\"Umschalten\"><i class=\"icon-angle-down\" aria-hidden=\"true\"><\/i><\/button>\n\t\t\t<span>BEKOMME ICH AUCH DIE KOSTEN F\u00dcR VERSAND UND LIEFERUNG ERSTATTET?<\/span>\n\t\t<\/a>\n\t\t<div id=\"accordion-3863829876-content\" class=\"accordion-inner\" aria-labelledby=\"accordion-3863829876-label\">\n\t\t\t\n<p>Wir erstatten keine berechneten Versand- und Lieferkosten, da diese Kosten bereits angefallen sind und von einem anderen Dienstleister abh\u00e4ngen.<\/p>\n\t\t<\/div>\n\t<\/div>\n\t\n\t<div id=\"accordion-1739319602\" class=\"accordion-item\">\n\t\t<a id=\"accordion-1739319602-label\" class=\"accordion-title plain\" href=\"#accordion-item-wie-erstatten-sie-mir-den-kaufpreis-f\u00dcr-den-gekauften-artikel?\" aria-expanded=\"false\" aria-controls=\"accordion-1739319602-content\">\n\t\t\t<button class=\"toggle\" aria-label=\"Umschalten\"><i class=\"icon-angle-down\" aria-hidden=\"true\"><\/i><\/button>\n\t\t\t<span>WIE ERSTATTEN SIE MIR DEN KAUFPREIS F\u00dcR DEN GEKAUFTEN ARTIKEL?<\/span>\n\t\t<\/a>\n\t\t<div id=\"accordion-1739319602-content\" class=\"accordion-inner\" aria-labelledby=\"accordion-1739319602-label\">\n\t\t\t\n<p>Wenn Sie den Artikel per Nachnahme oder Proforma-Rechnung bezahlt haben, werden Sie bei der R\u00fccksendung des Artikels um die Angabe Ihrer Bankverbindung gebeten, und wir erstatten Ihnen den Kaufpreis auf Ihr Bankkonto. Wenn Sie den Artikel mit Paypal bezahlt haben, werden wir Ihnen den Kaufpreis auf Ihr Paypal-Konto zur\u00fcckerstatten. Wenn Sie die Artikel mit einer Kreditkarte bezahlt haben, werden wir Ihnen den Kaufpreis auf Ihre Kreditkarte zur\u00fcckerstatten.<\/p>\n\t\t<\/div>\n\t<\/div>\n\t\n\t<div id=\"accordion-2109647441\" class=\"accordion-item\">\n\t\t<a id=\"accordion-2109647441-label\" class=\"accordion-title plain\" href=\"#accordion-item-was-soll-ich-tun,-wenn-mir-der-artikel-nicht-passt-und-ich-eine-andere-gr\u00d6sse-m\u00d6chte\" aria-expanded=\"false\" aria-controls=\"accordion-2109647441-content\">\n\t\t\t<button class=\"toggle\" aria-label=\"Umschalten\"><i class=\"icon-angle-down\" aria-hidden=\"true\"><\/i><\/button>\n\t\t\t<span>WAS SOLL ICH TUN, WENN MIR DER ARTIKEL NICHT PASST UND ICH EINE ANDERE GR\u00d6SSE M\u00d6CHTE<\/span>\n\t\t<\/a>\n\t\t<div id=\"accordion-2109647441-content\" class=\"accordion-inner\" aria-labelledby=\"accordion-2109647441-label\">\n\t\t\t\n<p>Senden Sie den Artikel wie oben beschrieben zur\u00fcck. Wir erstatten Ihnen den Kaufpreis. Geben Sie eine neue Bestellung f\u00fcr denselben Artikel in einer anderen Gr\u00f6\u00dfe in unserem Online-Shop auf.<\/p>\n\t\t<\/div>\n\t<\/div>\n\t\n<\/div>\n","protected":false},"excerpt":{"rendered":"","protected":false},"author":5756,"featured_media":0,"parent":0,"menu_order":0,"comment_status":"closed","ping_status":"closed","template":"","meta":{"_acf_changed":false,"footnotes":""},"class_list":["post-34480","page","type-page","status-publish","hentry"],"acf":[],"yoast_head":"<!-- This site is optimized with the Yoast SEO plugin v27.5 - https:\/\/yoast.com\/product\/yoast-seo-wordpress\/ -->\n<title>Sicherer Kauf - PRIDEshop<\/title>\n<meta name=\"robots\" content=\"index, follow, max-snippet:-1, max-image-preview:large, max-video-preview:-1\" \/>\n<link rel=\"canonical\" href=\"https:\/\/prideshop.eu\/de\/sicherer-kauf\/\" \/>\n<meta property=\"og:locale\" content=\"de_DE\" \/>\n<meta property=\"og:type\" content=\"article\" \/>\n<meta property=\"og:title\" content=\"Sicherer Kauf - PRIDEshop\" \/>\n<meta property=\"og:url\" content=\"https:\/\/prideshop.eu\/de\/sicherer-kauf\/\" \/>\n<meta property=\"og:site_name\" content=\"PRIDEshop\" \/>\n<meta property=\"article:publisher\" content=\"https:\/\/sl-si.facebook.com\/PrideShopeu\" \/>\n<meta property=\"article:modified_time\" content=\"2022-06-03T08:05:20+00:00\" \/>\n<meta name=\"twitter:card\" content=\"summary_large_image\" \/>\n<meta name=\"twitter:label1\" content=\"Gesch\u00e4tzte Lesezeit\" \/>\n\t<meta name=\"twitter:data1\" content=\"2\u00a0Minuten\" \/>\n<script type=\"application\/ld+json\" class=\"yoast-schema-graph\">{\"@context\":\"https:\\\/\\\/schema.org\",\"@graph\":[{\"@type\":\"WebPage\",\"@id\":\"https:\\\/\\\/prideshop.eu\\\/de\\\/sicherer-kauf\\\/\",\"url\":\"https:\\\/\\\/prideshop.eu\\\/de\\\/sicherer-kauf\\\/\",\"name\":\"Sicherer Kauf - PRIDEshop\",\"isPartOf\":{\"@id\":\"https:\\\/\\\/prideshop.eu\\\/de\\\/#website\"},\"datePublished\":\"2022-05-18T06:04:42+00:00\",\"dateModified\":\"2022-06-03T08:05:20+00:00\",\"breadcrumb\":{\"@id\":\"https:\\\/\\\/prideshop.eu\\\/de\\\/sicherer-kauf\\\/#breadcrumb\"},\"inLanguage\":\"de\",\"potentialAction\":[{\"@type\":\"ReadAction\",\"target\":[\"https:\\\/\\\/prideshop.eu\\\/de\\\/sicherer-kauf\\\/\"]}]},{\"@type\":\"BreadcrumbList\",\"@id\":\"https:\\\/\\\/prideshop.eu\\\/de\\\/sicherer-kauf\\\/#breadcrumb\",\"itemListElement\":[{\"@type\":\"ListItem\",\"position\":1,\"name\":\"Home\",\"item\":\"https:\\\/\\\/prideshop.eu\\\/de\\\/\"},{\"@type\":\"ListItem\",\"position\":2,\"name\":\"Sicherer Kauf\"}]},{\"@type\":\"WebSite\",\"@id\":\"https:\\\/\\\/prideshop.eu\\\/de\\\/#website\",\"url\":\"https:\\\/\\\/prideshop.eu\\\/de\\\/\",\"name\":\"PRIDEshop\",\"description\":\"Oprema za Borilne \u0160porte\",\"publisher\":{\"@id\":\"https:\\\/\\\/prideshop.eu\\\/de\\\/#organization\"},\"potentialAction\":[{\"@type\":\"SearchAction\",\"target\":{\"@type\":\"EntryPoint\",\"urlTemplate\":\"https:\\\/\\\/prideshop.eu\\\/de\\\/?s={search_term_string}\"},\"query-input\":{\"@type\":\"PropertyValueSpecification\",\"valueRequired\":true,\"valueName\":\"search_term_string\"}}],\"inLanguage\":\"de\"},{\"@type\":\"Organization\",\"@id\":\"https:\\\/\\\/prideshop.eu\\\/de\\\/#organization\",\"name\":\"PRIDEshop\",\"url\":\"https:\\\/\\\/prideshop.eu\\\/de\\\/\",\"logo\":{\"@type\":\"ImageObject\",\"inLanguage\":\"de\",\"@id\":\"https:\\\/\\\/prideshop.eu\\\/de\\\/#\\\/schema\\\/logo\\\/image\\\/\",\"url\":\"\",\"contentUrl\":\"\",\"caption\":\"PRIDEshop\"},\"image\":{\"@id\":\"https:\\\/\\\/prideshop.eu\\\/de\\\/#\\\/schema\\\/logo\\\/image\\\/\"},\"sameAs\":[\"https:\\\/\\\/sl-si.facebook.com\\\/PrideShopeu\"]}]}<\/script>\n<!-- \/ Yoast SEO plugin. -->","yoast_head_json":{"title":"Sicherer Kauf - PRIDEshop","robots":{"index":"index","follow":"follow","max-snippet":"max-snippet:-1","max-image-preview":"max-image-preview:large","max-video-preview":"max-video-preview:-1"},"canonical":"https:\/\/prideshop.eu\/de\/sicherer-kauf\/","og_locale":"de_DE","og_type":"article","og_title":"Sicherer Kauf - PRIDEshop","og_url":"https:\/\/prideshop.eu\/de\/sicherer-kauf\/","og_site_name":"PRIDEshop","article_publisher":"https:\/\/sl-si.facebook.com\/PrideShopeu","article_modified_time":"2022-06-03T08:05:20+00:00","twitter_card":"summary_large_image","twitter_misc":{"Gesch\u00e4tzte Lesezeit":"2\u00a0Minuten"},"schema":{"@context":"https:\/\/schema.org","@graph":[{"@type":"WebPage","@id":"https:\/\/prideshop.eu\/de\/sicherer-kauf\/","url":"https:\/\/prideshop.eu\/de\/sicherer-kauf\/","name":"Sicherer Kauf - PRIDEshop","isPartOf":{"@id":"https:\/\/prideshop.eu\/de\/#website"},"datePublished":"2022-05-18T06:04:42+00:00","dateModified":"2022-06-03T08:05:20+00:00","breadcrumb":{"@id":"https:\/\/prideshop.eu\/de\/sicherer-kauf\/#breadcrumb"},"inLanguage":"de","potentialAction":[{"@type":"ReadAction","target":["https:\/\/prideshop.eu\/de\/sicherer-kauf\/"]}]},{"@type":"BreadcrumbList","@id":"https:\/\/prideshop.eu\/de\/sicherer-kauf\/#breadcrumb","itemListElement":[{"@type":"ListItem","position":1,"name":"Home","item":"https:\/\/prideshop.eu\/de\/"},{"@type":"ListItem","position":2,"name":"Sicherer Kauf"}]},{"@type":"WebSite","@id":"https:\/\/prideshop.eu\/de\/#website","url":"https:\/\/prideshop.eu\/de\/","name":"PRIDEshop","description":"Oprema za Borilne \u0160porte","publisher":{"@id":"https:\/\/prideshop.eu\/de\/#organization"},"potentialAction":[{"@type":"SearchAction","target":{"@type":"EntryPoint","urlTemplate":"https:\/\/prideshop.eu\/de\/?s={search_term_string}"},"query-input":{"@type":"PropertyValueSpecification","valueRequired":true,"valueName":"search_term_string"}}],"inLanguage":"de"},{"@type":"Organization","@id":"https:\/\/prideshop.eu\/de\/#organization","name":"PRIDEshop","url":"https:\/\/prideshop.eu\/de\/","logo":{"@type":"ImageObject","inLanguage":"de","@id":"https:\/\/prideshop.eu\/de\/#\/schema\/logo\/image\/","url":"","contentUrl":"","caption":"PRIDEshop"},"image":{"@id":"https:\/\/prideshop.eu\/de\/#\/schema\/logo\/image\/"},"sameAs":["https:\/\/sl-si.facebook.com\/PrideShopeu"]}]}},"_links":{"self":[{"href":"https:\/\/prideshop.eu\/de\/wp-json\/wp\/v2\/pages\/34480","targetHints":{"allow":["GET"]}}],"collection":[{"href":"https:\/\/prideshop.eu\/de\/wp-json\/wp\/v2\/pages"}],"about":[{"href":"https:\/\/prideshop.eu\/de\/wp-json\/wp\/v2\/types\/page"}],"author":[{"embeddable":true,"href":"https:\/\/prideshop.eu\/de\/wp-json\/wp\/v2\/users\/5756"}],"replies":[{"embeddable":true,"href":"https:\/\/prideshop.eu\/de\/wp-json\/wp\/v2\/comments?post=34480"}],"version-history":[{"count":0,"href":"https:\/\/prideshop.eu\/de\/wp-json\/wp\/v2\/pages\/34480\/revisions"}],"wp:attachment":[{"href":"https:\/\/prideshop.eu\/de\/wp-json\/wp\/v2\/media?parent=34480"}],"curies":[{"name":"wp","href":"https:\/\/api.w.org\/{rel}","templated":true}]}}