{"id":34484,"date":"2022-05-18T08:04:42","date_gmt":"2022-05-18T06:04:42","guid":{"rendered":"https:\/\/prideshop.eu\/lieferinformationen\/"},"modified":"2022-06-21T14:27:14","modified_gmt":"2022-06-21T12:27:14","slug":"lieferinformationen","status":"publish","type":"page","link":"https:\/\/prideshop.eu\/de\/lieferinformationen\/","title":{"rendered":"Lieferinformationen"},"content":{"rendered":"<h1><strong>LIEFERINFORMATIONEN<\/strong><\/h1>\n<div>Die Unternehmen ADK Ring d.o.o. verpflichtet sich, die Ware so schnell wie m\u00f6glich zu liefern. Sollte einer der bestellten Artikel nicht vorr\u00e4tig sein, werden wir Sie \u00fcber die von Ihnen bei der Registrierung angegebenen Kommunikationsmittel informieren. Die Lieferung erfolgt am n\u00e4chsten Werktag ab Versandtag. Sie erhalten eine Benachrichtigung, wenn Sie die Sendung versenden, damit Sie mit der Sendung rechnen k\u00f6nnen. Die Lieferzeit h\u00e4ngt von dem Land ab, in das wir das Paket versenden.<\/div>\n<div><\/div>\n<h2><strong>Wer<\/strong><\/h2>\n<div>Die Lieferung der im Online-Shop bestellten Waren erfolgt durch den Lieferservice GLS und Po\u0161ta Slovenije.<\/div>\n<div><\/div>\n<h2><strong>Kosten<\/strong><\/h2>\n<div>Die Versandkosten werden dem K\u00e4ufer je nach Paketgewicht und Land in Rechnung gestellt. Die genauen Kosten werden Ihnen an der Kasse bei Eingabe der Lieferadresse in Rechnung gestellt.<\/div>\n<div>Wir versenden Pakete in alle europ\u00e4ischen L\u00e4nder innerhalb und au\u00dferhalb der EU.<\/div>\n<div>In Slowenien versenden wir Pakete mit einem Gewicht von bis zu 60 kg. Wir versenden Pakete mit einem Gewicht von bis zu 40 kg in EU-L\u00e4nder. Wir versenden Pakete bis 30 kg ins europ\u00e4ische Ausland.<\/div>\n<div>Senden Sie uns f\u00fcr alle schwierigen Pakete eine Anfrage an E-Mail: info@prideshop und wir erstellen Ihnen ein Angebot f\u00fcr die Lieferung.<\/div>\n<div><\/div>\n<h2><strong>Wo<\/strong><\/h2>\n<div>Die Lieferung erfolgt an die Adresse, die Sie bei der Bestellung angeben. Neben der Hauptadresse k\u00f6nnen Sie eine zus\u00e4tzliche Lieferadresse angeben, wenn Sie die Lieferung der Ware an eine andere Adresse w\u00fcnschen. Sie k\u00f6nnen uns die \u00c4nderung der Lieferadresse auch per e-mail mitteilen. Sollten Sie zum Zeitpunkt der Zustellung nicht zu Hause sein, hinterl\u00e4sst der Mitarbeiter des Zustelldienstes eine Nachricht, auf deren Grundlage Sie einer erneuten Zustellung oder einer anderen Abholmethode zustimmen.<\/div>\n<div><\/div>\n<h2><strong>Ein Unternehmen\u00a0 au\u00dferhalb Sloweniens, die der Mehrwertsteuer unterliegen<\/strong><\/h2>\n<div>Mehrwertsteuerpflichtige Unternehmen haben das Recht, Produkte ohne Mehrwertsteuer zu erwerben. Die Lieferadresse muss mit dem Sitz des Unternehmens \u00fcbereinstimmen.<\/div>\n<div><\/div>\n<h2><strong>Warnung!<\/strong><\/h2>\n<div>Wenn Ihr Land kein EU-Mitglied ist, m\u00fcssen Sie m\u00f6glicherweise Mehrwertsteuer und Zollgeb\u00fchren in Ihrem Land zahlen. Wir haben keinen Einfluss auf diese Kosten und sind nicht mit den Versandkosten verbunden. Informieren Sie sich \u00fcber die H\u00f6he der Importkosten in Ihrem Land.<\/div>\n<div><\/div>\n<div><\/div>\n","protected":false},"excerpt":{"rendered":"<p>LIEFERINFORMATIONEN Die Unternehmen ADK Ring d.o.o. verpflichtet sich, die Ware so schnell wie m\u00f6glich zu liefern. Sollte einer der bestellten Artikel nicht vorr\u00e4tig sein, werden wir Sie \u00fcber die von Ihnen bei der Registrierung angegebenen Kommunikationsmittel informieren. Die Lieferung erfolgt am n\u00e4chsten Werktag ab Versandtag. Sie erhalten eine Benachrichtigung, wenn Sie die Sendung versenden, damit<\/p>\n","protected":false},"author":5756,"featured_media":0,"parent":0,"menu_order":0,"comment_status":"closed","ping_status":"closed","template":"","meta":{"_acf_changed":false,"footnotes":""},"class_list":["post-34484","page","type-page","status-publish","hentry"],"acf":[],"yoast_head":"<!-- This site is optimized with the Yoast SEO plugin v27.5 - https:\/\/yoast.com\/product\/yoast-seo-wordpress\/ -->\n<title>Lieferinformationen - PRIDEshop<\/title>\n<meta name=\"description\" content=\"Die Unternehmen ADK Ring d.o.o. verpflichtet sich, die Ware so schnell wie m\u00f6glich zu liefern.\" \/>\n<meta name=\"robots\" content=\"index, follow, max-snippet:-1, max-image-preview:large, max-video-preview:-1\" \/>\n<link rel=\"canonical\" href=\"https:\/\/prideshop.eu\/de\/lieferinformationen\/\" \/>\n<meta property=\"og:locale\" content=\"de_DE\" \/>\n<meta property=\"og:type\" content=\"article\" \/>\n<meta property=\"og:title\" content=\"Lieferinformationen - PRIDEshop\" \/>\n<meta property=\"og:description\" content=\"Die Unternehmen ADK Ring d.o.o. verpflichtet sich, die Ware so schnell wie m\u00f6glich zu liefern.\" \/>\n<meta property=\"og:url\" content=\"https:\/\/prideshop.eu\/de\/lieferinformationen\/\" \/>\n<meta property=\"og:site_name\" content=\"PRIDEshop\" \/>\n<meta property=\"article:publisher\" content=\"https:\/\/sl-si.facebook.com\/PrideShopeu\" \/>\n<meta property=\"article:modified_time\" content=\"2022-06-21T12:27:14+00:00\" \/>\n<meta name=\"twitter:card\" content=\"summary_large_image\" \/>\n<meta name=\"twitter:label1\" content=\"Gesch\u00e4tzte Lesezeit\" \/>\n\t<meta name=\"twitter:data1\" content=\"2\u00a0Minuten\" \/>\n<script type=\"application\/ld+json\" class=\"yoast-schema-graph\">{\"@context\":\"https:\\\/\\\/schema.org\",\"@graph\":[{\"@type\":\"WebPage\",\"@id\":\"https:\\\/\\\/prideshop.eu\\\/de\\\/lieferinformationen\\\/\",\"url\":\"https:\\\/\\\/prideshop.eu\\\/de\\\/lieferinformationen\\\/\",\"name\":\"Lieferinformationen - PRIDEshop\",\"isPartOf\":{\"@id\":\"https:\\\/\\\/prideshop.eu\\\/de\\\/#website\"},\"datePublished\":\"2022-05-18T06:04:42+00:00\",\"dateModified\":\"2022-06-21T12:27:14+00:00\",\"description\":\"Die Unternehmen ADK Ring d.o.o. verpflichtet sich, die Ware so schnell wie m\u00f6glich zu liefern.\",\"breadcrumb\":{\"@id\":\"https:\\\/\\\/prideshop.eu\\\/de\\\/lieferinformationen\\\/#breadcrumb\"},\"inLanguage\":\"de\",\"potentialAction\":[{\"@type\":\"ReadAction\",\"target\":[\"https:\\\/\\\/prideshop.eu\\\/de\\\/lieferinformationen\\\/\"]}]},{\"@type\":\"BreadcrumbList\",\"@id\":\"https:\\\/\\\/prideshop.eu\\\/de\\\/lieferinformationen\\\/#breadcrumb\",\"itemListElement\":[{\"@type\":\"ListItem\",\"position\":1,\"name\":\"Home\",\"item\":\"https:\\\/\\\/prideshop.eu\\\/de\\\/\"},{\"@type\":\"ListItem\",\"position\":2,\"name\":\"Lieferinformationen\"}]},{\"@type\":\"WebSite\",\"@id\":\"https:\\\/\\\/prideshop.eu\\\/de\\\/#website\",\"url\":\"https:\\\/\\\/prideshop.eu\\\/de\\\/\",\"name\":\"PRIDEshop\",\"description\":\"Oprema za Borilne \u0160porte\",\"publisher\":{\"@id\":\"https:\\\/\\\/prideshop.eu\\\/de\\\/#organization\"},\"potentialAction\":[{\"@type\":\"SearchAction\",\"target\":{\"@type\":\"EntryPoint\",\"urlTemplate\":\"https:\\\/\\\/prideshop.eu\\\/de\\\/?s={search_term_string}\"},\"query-input\":{\"@type\":\"PropertyValueSpecification\",\"valueRequired\":true,\"valueName\":\"search_term_string\"}}],\"inLanguage\":\"de\"},{\"@type\":\"Organization\",\"@id\":\"https:\\\/\\\/prideshop.eu\\\/de\\\/#organization\",\"name\":\"PRIDEshop\",\"url\":\"https:\\\/\\\/prideshop.eu\\\/de\\\/\",\"logo\":{\"@type\":\"ImageObject\",\"inLanguage\":\"de\",\"@id\":\"https:\\\/\\\/prideshop.eu\\\/de\\\/#\\\/schema\\\/logo\\\/image\\\/\",\"url\":\"\",\"contentUrl\":\"\",\"caption\":\"PRIDEshop\"},\"image\":{\"@id\":\"https:\\\/\\\/prideshop.eu\\\/de\\\/#\\\/schema\\\/logo\\\/image\\\/\"},\"sameAs\":[\"https:\\\/\\\/sl-si.facebook.com\\\/PrideShopeu\"]}]}<\/script>\n<!-- \/ Yoast SEO plugin. -->","yoast_head_json":{"title":"Lieferinformationen - PRIDEshop","description":"Die Unternehmen ADK Ring d.o.o. verpflichtet sich, die Ware so schnell wie m\u00f6glich zu liefern.","robots":{"index":"index","follow":"follow","max-snippet":"max-snippet:-1","max-image-preview":"max-image-preview:large","max-video-preview":"max-video-preview:-1"},"canonical":"https:\/\/prideshop.eu\/de\/lieferinformationen\/","og_locale":"de_DE","og_type":"article","og_title":"Lieferinformationen - PRIDEshop","og_description":"Die Unternehmen ADK Ring d.o.o. verpflichtet sich, die Ware so schnell wie m\u00f6glich zu liefern.","og_url":"https:\/\/prideshop.eu\/de\/lieferinformationen\/","og_site_name":"PRIDEshop","article_publisher":"https:\/\/sl-si.facebook.com\/PrideShopeu","article_modified_time":"2022-06-21T12:27:14+00:00","twitter_card":"summary_large_image","twitter_misc":{"Gesch\u00e4tzte Lesezeit":"2\u00a0Minuten"},"schema":{"@context":"https:\/\/schema.org","@graph":[{"@type":"WebPage","@id":"https:\/\/prideshop.eu\/de\/lieferinformationen\/","url":"https:\/\/prideshop.eu\/de\/lieferinformationen\/","name":"Lieferinformationen - PRIDEshop","isPartOf":{"@id":"https:\/\/prideshop.eu\/de\/#website"},"datePublished":"2022-05-18T06:04:42+00:00","dateModified":"2022-06-21T12:27:14+00:00","description":"Die Unternehmen ADK Ring d.o.o. verpflichtet sich, die Ware so schnell wie m\u00f6glich zu liefern.","breadcrumb":{"@id":"https:\/\/prideshop.eu\/de\/lieferinformationen\/#breadcrumb"},"inLanguage":"de","potentialAction":[{"@type":"ReadAction","target":["https:\/\/prideshop.eu\/de\/lieferinformationen\/"]}]},{"@type":"BreadcrumbList","@id":"https:\/\/prideshop.eu\/de\/lieferinformationen\/#breadcrumb","itemListElement":[{"@type":"ListItem","position":1,"name":"Home","item":"https:\/\/prideshop.eu\/de\/"},{"@type":"ListItem","position":2,"name":"Lieferinformationen"}]},{"@type":"WebSite","@id":"https:\/\/prideshop.eu\/de\/#website","url":"https:\/\/prideshop.eu\/de\/","name":"PRIDEshop","description":"Oprema za Borilne \u0160porte","publisher":{"@id":"https:\/\/prideshop.eu\/de\/#organization"},"potentialAction":[{"@type":"SearchAction","target":{"@type":"EntryPoint","urlTemplate":"https:\/\/prideshop.eu\/de\/?s={search_term_string}"},"query-input":{"@type":"PropertyValueSpecification","valueRequired":true,"valueName":"search_term_string"}}],"inLanguage":"de"},{"@type":"Organization","@id":"https:\/\/prideshop.eu\/de\/#organization","name":"PRIDEshop","url":"https:\/\/prideshop.eu\/de\/","logo":{"@type":"ImageObject","inLanguage":"de","@id":"https:\/\/prideshop.eu\/de\/#\/schema\/logo\/image\/","url":"","contentUrl":"","caption":"PRIDEshop"},"image":{"@id":"https:\/\/prideshop.eu\/de\/#\/schema\/logo\/image\/"},"sameAs":["https:\/\/sl-si.facebook.com\/PrideShopeu"]}]}},"_links":{"self":[{"href":"https:\/\/prideshop.eu\/de\/wp-json\/wp\/v2\/pages\/34484","targetHints":{"allow":["GET"]}}],"collection":[{"href":"https:\/\/prideshop.eu\/de\/wp-json\/wp\/v2\/pages"}],"about":[{"href":"https:\/\/prideshop.eu\/de\/wp-json\/wp\/v2\/types\/page"}],"author":[{"embeddable":true,"href":"https:\/\/prideshop.eu\/de\/wp-json\/wp\/v2\/users\/5756"}],"replies":[{"embeddable":true,"href":"https:\/\/prideshop.eu\/de\/wp-json\/wp\/v2\/comments?post=34484"}],"version-history":[{"count":0,"href":"https:\/\/prideshop.eu\/de\/wp-json\/wp\/v2\/pages\/34484\/revisions"}],"wp:attachment":[{"href":"https:\/\/prideshop.eu\/de\/wp-json\/wp\/v2\/media?parent=34484"}],"curies":[{"name":"wp","href":"https:\/\/api.w.org\/{rel}","templated":true}]}}