{"id":34487,"date":"2022-05-18T08:04:42","date_gmt":"2022-05-18T06:04:42","guid":{"rendered":"https:\/\/prideshop.eu\/ratenzahlung\/"},"modified":"2022-06-03T10:05:15","modified_gmt":"2022-06-03T08:05:15","slug":"ratenzahlung","status":"publish","type":"page","link":"https:\/\/prideshop.eu\/de\/ratenzahlung\/","title":{"rendered":"Ratenzahlung"},"content":{"rendered":"\n<p><strong>LEANPAY ist nur f\u00fcr Kunden in Slowenien verf\u00fcgbar.<\/strong><\/p>\n\n<h2 class=\"wp-block-heading\">SO FUNKTIONIERT LEANPAY<\/h2>\n\n<figure class=\"wp-block-embed-youtube aligncenter wp-block-embed is-type-video is-provider-youtube wp-embed-aspect-16-9 wp-has-aspect-ratio\"><div class=\"wp-block-embed__wrapper\">\n<iframe title=\"Kako deluje Leanpay?\" width=\"1020\" height=\"574\" src=\"https:\/\/www.youtube.com\/embed\/ytdZvTMw1TA?feature=oembed\" frameborder=\"0\" allow=\"accelerometer; autoplay; clipboard-write; encrypted-media; gyroscope; picture-in-picture\" allowfullscreen><\/iframe>\n<\/div><\/figure>\n\n<p><\/p>\n\n<h2 class=\"wp-block-heading\"><strong>ALLGEMEINE INFORMATIONEN<\/strong><\/h2>\n\n<ul class=\"wp-block-list\"><li>Obrestna mera: 0%<\/li><li>Stro\u0161ek odobritve: 0%<\/li><li>Stro\u0161ek ocene rizika: 4%<\/li><li>\u0160tevilo obrokov: 3, 6, 9, 12, 15, 18, 21, 24<\/li><li>Minimalni znesek kredita: 50 EUR<\/li><li>Maksimalni znesek kredita: 3000 EUR<\/li><li>Takoj\u0161nje pla\u010dilo ob nakupu (s pla\u010dilno kartico):<ul><li>0 EUR za nakupe do 1000 EUR<\/li><li>100 EUR za nakupe nad 1000 EUR<\/li><li>150 EUR za nakupe nad 2000 EUR<\/li><\/ul><\/li><\/ul>\n\n<h3 class=\"wp-block-heading\">KREDITR\u00dcCKZAHLUNGSMETHODE: SEPA DIREKTE DEBIT<\/h3>\n\n<ul class=\"wp-block-list\"><li>Sie bezahlen die Kosten f\u00fcr die Risikobewertung, indem Sie zum Zeitpunkt des Kaufs bezahlen.<\/li><\/ul>\n\n<h3 class=\"wp-block-heading\">WAS SIND DIE GRUNDBEDINGUNGEN?<\/h3>\n\n<ul class=\"wp-block-list\"><li>Staatsb\u00fcrgerschaft der Republik Slowenien<\/li><li>Zulassungsalter zwischen 18 und 73 Jahren<\/li><li>regelm\u00e4\u00dfiger monatlicher Zufluss (alle Besch\u00e4ftigungsformen au\u00dfer Werkstudentent\u00e4tigkeit)<\/li><li>positive Bonit\u00e4t.<\/li><\/ul>\n\n<h3 class=\"wp-block-heading\">DU BRAUCHST AUSSERDEM:<\/h3>\n\n<ul class=\"wp-block-list\"><li>mobilni telefon<\/li><li>dav\u010dno \u0161tevilko<\/li><li>osebno izkaznico<\/li><li>\u0161tevilko osebnega ban\u010dnega ra\u010duna<\/li><\/ul>\n\n<h3 class=\"wp-block-heading\">LERNEN SIE DIE VORTEILE:<\/h3>\n\n<ul class=\"wp-block-list\"><li>Ratenzahlung online oder in der Filiale abschlie\u00dfen<\/li><li>Antwort bei Genehmigung oder Ablehnung in nur 4 Minuten<\/li><li>ohne zus\u00e4tzliche Dokumentation<\/li><li>ohne die Bank zu besuchen<\/li><li>keine versteckten Kosten<\/li><li>Zahlungsplan nach Ihren finanziellen M\u00f6glichkeiten<\/li><li>bis zu 24 Mahlzeiten<\/li><\/ul>\n\n<h2 class=\"wp-block-heading\">WIE ES FUNKTIONIERT?<\/h2>\n\n<h3 class=\"wp-block-heading\">W\u00c4HLEN SIE DIE LEANPAY-ZAHLUNG<\/h3>\n\n<p>Am Ende des Einkaufs im Online-Shop oder in der Filiale w\u00e4hlen Sie die Zahlungsart in Raten LeanPay. Sie warten auf die Genehmigung. Der Vorgang dauert nicht l\u00e4nger als 4 Minuten. Das LeanPay-System entscheidet auf Basis der erhobenen Daten und der im zentralen Kreditregister SISBON erhaltenen Daten \u00fcber die Kreditbewilligung. Die Bewilligung des Kredits h\u00e4ngt von der aktuellen Verschuldung des Kreditnehmers und seiner nachgewiesenen Zahlungsdisziplin ab.<\/p>\n\n<h3 class=\"wp-block-heading\">SCHLIESSEN SIE DEN KAUF AB<\/h3>\n\n<p>Sie w\u00e4hlen die Anzahl der Mahlzeiten, die Ihnen am besten passt. Sie unterschreiben den Kreditvertrag in digitaler Form und erhalten ihn an die eingegebene E-Mail-Adresse. Sie k\u00f6nnen den Kreditvertrag, die Allgemeinen Gesch\u00e4ftsbedingungen und die Datenschutzrichtlinie auch auf dem pers\u00f6nlichen Portal My LeanPay einsehen. Einen Link zum Zugang zum Portal erhalten Sie nach dem Kauf per SMS und E-Mail. Sie erhalten per Post ein Verifizierungsformular, das Sie gemeinsam mit dem Postboten ausf\u00fcllen.<\/p>\n\n<h3 class=\"wp-block-heading\">SIE BEZAHLEN DIE HAFTUNG<\/h3>\n\n<p>Sie werden jeden Monat rechtzeitig \u00fcber das Essen informiert.<\/p>\n\n<p>LeanPay hat vom Ministerium f\u00fcr wirtschaftliche Entwicklung und Technologie eine Genehmigung f\u00fcr Verbraucherkredite in der Republik Slowenien erhalten (Genehmigungsnummer: 323-8 \/ 2018\/9).&#13;\n<\/p>\n\n<p>Gem\u00e4\u00df den Allgemeinen Gesch\u00e4ftsbedingungen kann LeanPay jederzeit folgende Nachweise vom Kreditnehmer verlangen:<\/p>\n\n<ul class=\"wp-block-list\"><li>eine Kopie des monatlichen Kontoauszugs, aus dem der Gehaltszufluss in den letzten 3 Monaten ersichtlich sein muss oder die Originalabrechnung der Transaktionen auf dem pers\u00f6nlichen Transaktionskonto aus der E-Bank-Anwendung, aus der die angegebenen Daten eindeutig hervorgehen&#13;\n<\/li><li>oder eine Bankbescheinigung \u00fcber den Zufluss auf das pers\u00f6nliche Transaktionskonto vom Gehalt der letzten 3 Monate&#13;\n<\/li><li>oder eine Bescheinigung des Arbeitgebers \u00fcber das bezahlte Gehalt (Lohnabrechnung) der letzten 3 Monate<\/li><\/ul>\n\n<h3 class=\"wp-block-heading\">LESEN:<\/h3>\n\n<p><a href=\"https:\/\/prideshop.eu\/wp-content\/uploads\/2020\/09\/leanpay-2019-flyer_12_november_2019-0_OM-min.pdf\" target=\"_blank\" rel=\"noreferrer noopener\"><strong>LeanPay Informationen und Berechnungsbeispiel<\/strong><\/a>  (PDF, 138 KB)<\/p>\n\n<p><a href=\"https:\/\/app.leanpay.si\/terms-of-use\"><strong>LeanPay Allgemeine Gesch\u00e4ftsbedingungen<\/strong><\/a> &#8211; Details (Link)<\/p>\n\n<h2 class=\"wp-block-heading\">FRAGEN UND UNSICHERHEITEN<\/h2>\n\n<p>Bei Fragen oder Unklarheiten schreiben Sie uns bitte an <a href=\"mailto:info@prideshop.eu\"><strong>info@prideshop.eu<\/strong><\/a> oder rufen Sie <a href=\"tel:+38640557044\"><strong>040 55 70 44<\/strong> an<\/a>.<\/p>\n\n<p>Direkte Hilfe und Unterst\u00fctzung von LeanPay unter <a href=\"tel:+38664260845\"><strong>064 260 845<\/strong><\/a>.<\/p>\n\n<p><strong>ADK Ring d.o.o. ist lediglich ein Kreditvermittler und nicht verantwortlich f\u00fcr die Handlungen des Kreditgebers im Rahmen der Bonit\u00e4tspr\u00fcfung und Kreditgenehmigung.<\/strong><\/p>\n","protected":false},"excerpt":{"rendered":"<p>LEANPAY ist nur f\u00fcr Kunden in Slowenien verf\u00fcgbar. SO FUNKTIONIERT LEANPAY ALLGEMEINE INFORMATIONEN Obrestna mera: 0% Stro\u0161ek odobritve: 0% Stro\u0161ek ocene rizika: 4% \u0160tevilo obrokov: 3, 6, 9, 12, 15, 18, 21, 24 Minimalni znesek kredita: 50 EUR Maksimalni znesek kredita: 3000 EUR Takoj\u0161nje pla\u010dilo ob nakupu (s pla\u010dilno kartico): 0 EUR za nakupe do<\/p>\n","protected":false},"author":5756,"featured_media":0,"parent":0,"menu_order":0,"comment_status":"closed","ping_status":"closed","template":"","meta":{"_acf_changed":false,"footnotes":""},"class_list":["post-34487","page","type-page","status-publish","hentry"],"acf":[],"yoast_head":"<!-- This site is optimized with the Yoast SEO plugin v27.5 - https:\/\/yoast.com\/product\/yoast-seo-wordpress\/ -->\n<title>Ratenzahlung - PRIDEshop<\/title>\n<meta name=\"robots\" content=\"index, follow, max-snippet:-1, max-image-preview:large, max-video-preview:-1\" \/>\n<link rel=\"canonical\" href=\"https:\/\/prideshop.eu\/de\/ratenzahlung\/\" \/>\n<meta property=\"og:locale\" content=\"de_DE\" \/>\n<meta property=\"og:type\" content=\"article\" \/>\n<meta property=\"og:title\" content=\"Ratenzahlung - PRIDEshop\" \/>\n<meta property=\"og:description\" content=\"LEANPAY ist nur f\u00fcr Kunden in Slowenien verf\u00fcgbar. SO FUNKTIONIERT LEANPAY ALLGEMEINE INFORMATIONEN Obrestna mera: 0% Stro\u0161ek odobritve: 0% Stro\u0161ek ocene rizika: 4% \u0160tevilo obrokov: 3, 6, 9, 12, 15, 18, 21, 24 Minimalni znesek kredita: 50 EUR Maksimalni znesek kredita: 3000 EUR Takoj\u0161nje pla\u010dilo ob nakupu (s pla\u010dilno kartico): 0 EUR za nakupe do\" \/>\n<meta property=\"og:url\" content=\"https:\/\/prideshop.eu\/de\/ratenzahlung\/\" \/>\n<meta property=\"og:site_name\" content=\"PRIDEshop\" \/>\n<meta property=\"article:publisher\" content=\"https:\/\/sl-si.facebook.com\/PrideShopeu\" \/>\n<meta property=\"article:modified_time\" content=\"2022-06-03T08:05:15+00:00\" \/>\n<meta name=\"twitter:card\" content=\"summary_large_image\" \/>\n<meta name=\"twitter:label1\" content=\"Gesch\u00e4tzte Lesezeit\" \/>\n\t<meta name=\"twitter:data1\" content=\"2\u00a0Minuten\" \/>\n<script type=\"application\/ld+json\" class=\"yoast-schema-graph\">{\"@context\":\"https:\\\/\\\/schema.org\",\"@graph\":[{\"@type\":\"WebPage\",\"@id\":\"https:\\\/\\\/prideshop.eu\\\/de\\\/ratenzahlung\\\/\",\"url\":\"https:\\\/\\\/prideshop.eu\\\/de\\\/ratenzahlung\\\/\",\"name\":\"Ratenzahlung - PRIDEshop\",\"isPartOf\":{\"@id\":\"https:\\\/\\\/prideshop.eu\\\/de\\\/#website\"},\"datePublished\":\"2022-05-18T06:04:42+00:00\",\"dateModified\":\"2022-06-03T08:05:15+00:00\",\"breadcrumb\":{\"@id\":\"https:\\\/\\\/prideshop.eu\\\/de\\\/ratenzahlung\\\/#breadcrumb\"},\"inLanguage\":\"de\",\"potentialAction\":[{\"@type\":\"ReadAction\",\"target\":[\"https:\\\/\\\/prideshop.eu\\\/de\\\/ratenzahlung\\\/\"]}]},{\"@type\":\"BreadcrumbList\",\"@id\":\"https:\\\/\\\/prideshop.eu\\\/de\\\/ratenzahlung\\\/#breadcrumb\",\"itemListElement\":[{\"@type\":\"ListItem\",\"position\":1,\"name\":\"Home\",\"item\":\"https:\\\/\\\/prideshop.eu\\\/de\\\/\"},{\"@type\":\"ListItem\",\"position\":2,\"name\":\"Ratenzahlung\"}]},{\"@type\":\"WebSite\",\"@id\":\"https:\\\/\\\/prideshop.eu\\\/de\\\/#website\",\"url\":\"https:\\\/\\\/prideshop.eu\\\/de\\\/\",\"name\":\"PRIDEshop\",\"description\":\"Oprema za Borilne \u0160porte\",\"publisher\":{\"@id\":\"https:\\\/\\\/prideshop.eu\\\/de\\\/#organization\"},\"potentialAction\":[{\"@type\":\"SearchAction\",\"target\":{\"@type\":\"EntryPoint\",\"urlTemplate\":\"https:\\\/\\\/prideshop.eu\\\/de\\\/?s={search_term_string}\"},\"query-input\":{\"@type\":\"PropertyValueSpecification\",\"valueRequired\":true,\"valueName\":\"search_term_string\"}}],\"inLanguage\":\"de\"},{\"@type\":\"Organization\",\"@id\":\"https:\\\/\\\/prideshop.eu\\\/de\\\/#organization\",\"name\":\"PRIDEshop\",\"url\":\"https:\\\/\\\/prideshop.eu\\\/de\\\/\",\"logo\":{\"@type\":\"ImageObject\",\"inLanguage\":\"de\",\"@id\":\"https:\\\/\\\/prideshop.eu\\\/de\\\/#\\\/schema\\\/logo\\\/image\\\/\",\"url\":\"\",\"contentUrl\":\"\",\"caption\":\"PRIDEshop\"},\"image\":{\"@id\":\"https:\\\/\\\/prideshop.eu\\\/de\\\/#\\\/schema\\\/logo\\\/image\\\/\"},\"sameAs\":[\"https:\\\/\\\/sl-si.facebook.com\\\/PrideShopeu\"]}]}<\/script>\n<!-- \/ Yoast SEO plugin. -->","yoast_head_json":{"title":"Ratenzahlung - PRIDEshop","robots":{"index":"index","follow":"follow","max-snippet":"max-snippet:-1","max-image-preview":"max-image-preview:large","max-video-preview":"max-video-preview:-1"},"canonical":"https:\/\/prideshop.eu\/de\/ratenzahlung\/","og_locale":"de_DE","og_type":"article","og_title":"Ratenzahlung - PRIDEshop","og_description":"LEANPAY ist nur f\u00fcr Kunden in Slowenien verf\u00fcgbar. SO FUNKTIONIERT LEANPAY ALLGEMEINE INFORMATIONEN Obrestna mera: 0% Stro\u0161ek odobritve: 0% Stro\u0161ek ocene rizika: 4% \u0160tevilo obrokov: 3, 6, 9, 12, 15, 18, 21, 24 Minimalni znesek kredita: 50 EUR Maksimalni znesek kredita: 3000 EUR Takoj\u0161nje pla\u010dilo ob nakupu (s pla\u010dilno kartico): 0 EUR za nakupe do","og_url":"https:\/\/prideshop.eu\/de\/ratenzahlung\/","og_site_name":"PRIDEshop","article_publisher":"https:\/\/sl-si.facebook.com\/PrideShopeu","article_modified_time":"2022-06-03T08:05:15+00:00","twitter_card":"summary_large_image","twitter_misc":{"Gesch\u00e4tzte Lesezeit":"2\u00a0Minuten"},"schema":{"@context":"https:\/\/schema.org","@graph":[{"@type":"WebPage","@id":"https:\/\/prideshop.eu\/de\/ratenzahlung\/","url":"https:\/\/prideshop.eu\/de\/ratenzahlung\/","name":"Ratenzahlung - PRIDEshop","isPartOf":{"@id":"https:\/\/prideshop.eu\/de\/#website"},"datePublished":"2022-05-18T06:04:42+00:00","dateModified":"2022-06-03T08:05:15+00:00","breadcrumb":{"@id":"https:\/\/prideshop.eu\/de\/ratenzahlung\/#breadcrumb"},"inLanguage":"de","potentialAction":[{"@type":"ReadAction","target":["https:\/\/prideshop.eu\/de\/ratenzahlung\/"]}]},{"@type":"BreadcrumbList","@id":"https:\/\/prideshop.eu\/de\/ratenzahlung\/#breadcrumb","itemListElement":[{"@type":"ListItem","position":1,"name":"Home","item":"https:\/\/prideshop.eu\/de\/"},{"@type":"ListItem","position":2,"name":"Ratenzahlung"}]},{"@type":"WebSite","@id":"https:\/\/prideshop.eu\/de\/#website","url":"https:\/\/prideshop.eu\/de\/","name":"PRIDEshop","description":"Oprema za Borilne \u0160porte","publisher":{"@id":"https:\/\/prideshop.eu\/de\/#organization"},"potentialAction":[{"@type":"SearchAction","target":{"@type":"EntryPoint","urlTemplate":"https:\/\/prideshop.eu\/de\/?s={search_term_string}"},"query-input":{"@type":"PropertyValueSpecification","valueRequired":true,"valueName":"search_term_string"}}],"inLanguage":"de"},{"@type":"Organization","@id":"https:\/\/prideshop.eu\/de\/#organization","name":"PRIDEshop","url":"https:\/\/prideshop.eu\/de\/","logo":{"@type":"ImageObject","inLanguage":"de","@id":"https:\/\/prideshop.eu\/de\/#\/schema\/logo\/image\/","url":"","contentUrl":"","caption":"PRIDEshop"},"image":{"@id":"https:\/\/prideshop.eu\/de\/#\/schema\/logo\/image\/"},"sameAs":["https:\/\/sl-si.facebook.com\/PrideShopeu"]}]}},"_links":{"self":[{"href":"https:\/\/prideshop.eu\/de\/wp-json\/wp\/v2\/pages\/34487","targetHints":{"allow":["GET"]}}],"collection":[{"href":"https:\/\/prideshop.eu\/de\/wp-json\/wp\/v2\/pages"}],"about":[{"href":"https:\/\/prideshop.eu\/de\/wp-json\/wp\/v2\/types\/page"}],"author":[{"embeddable":true,"href":"https:\/\/prideshop.eu\/de\/wp-json\/wp\/v2\/users\/5756"}],"replies":[{"embeddable":true,"href":"https:\/\/prideshop.eu\/de\/wp-json\/wp\/v2\/comments?post=34487"}],"version-history":[{"count":0,"href":"https:\/\/prideshop.eu\/de\/wp-json\/wp\/v2\/pages\/34487\/revisions"}],"wp:attachment":[{"href":"https:\/\/prideshop.eu\/de\/wp-json\/wp\/v2\/media?parent=34487"}],"curies":[{"name":"wp","href":"https:\/\/api.w.org\/{rel}","templated":true}]}}