{"id":34488,"date":"2022-05-18T08:04:42","date_gmt":"2022-05-18T06:04:42","guid":{"rendered":"https:\/\/prideshop.eu\/datenschutzerklarung\/"},"modified":"2022-06-03T10:05:16","modified_gmt":"2022-06-03T08:05:16","slug":"datenschutzerklarung","status":"publish","type":"page","link":"https:\/\/prideshop.eu\/de\/datenschutzerklarung\/","title":{"rendered":"Datenschutzerklarung"},"content":{"rendered":"<div class=\"row\"  id=\"row-187248059\">\n\n\t<div id=\"col-256304070\" class=\"col small-12 large-12\"  >\n\t\t\t\t<div class=\"col-inner\"  >\n\t\t\t\n\t\t\t\n<h1 class=\"podstran\">DATENSCHUTZERKLARUNG<\/h1>\n<h2 class=\"h2-podstran\">1. Was ich brauche<\/h2>\n<p>Unsere Datenschutzerkl\u00e4rung regelt die Nutzung und Speicherung von Daten. Sie k\u00f6nnen die Datenschutzerkl\u00e4rung auf dieser Seite einsehen. ADK RING d.o.o., Ulica heroja \u0160arha 30, 3000 Celje ist der Verantwortliche f\u00fcr die von ihr bereitgestellten personenbezogenen Daten (betroffene Person: Sie, der Kunde, der Besucher usw.). Wir erheben die folgenden Arten von personenbezogenen Daten:<\/p>\n<ul class=\"podstrani-ul\">\n<li>E-Mail-Addresse;<\/li>\n<li>Vor- und Nachname, Adresse, E-Mail-Adresse und Telefonnummer;<\/li>\n<li>Daten zu Zahlungsmitteln, wie Kredit- oder Debitkartendaten, Paypal und andere Zahlungsmittel;<\/li>\n<li>Kopien von pers\u00f6nlichen Dokumenten, die die Richtigkeit der pers\u00f6nlichen Daten best\u00e4tigen;<\/li>\n<li>Kekse;<\/li>\n<li>Besuchsverfolgung von Google Analytics und Yandex und Cloudflare;<\/li>\n<li>Links zu pers\u00f6nlichen Profilen in sozialen Gruppen.<\/li>\n<\/ul>\n<p>Alle personenbezogenen Daten werden nach Art der Daten nach Bedarf und mit gesonderter Einwilligung erhoben.<\/p>\n<h2 class=\"h2-podstran\">2. Warum ich sie brauche<\/h2>\n<p><strong>F\u00fcr folgende Dienstleistungen ben\u00f6tigen wir Ihre personenbezogenen Daten:<\/strong><\/p>\n<ol class=\"podstrani-ol\">\n<li>E-Mail-Adresse f\u00fcr die Beantwortung Ihrer E-Mail-Nachrichten oder Nachrichten, die \u00fcber Kontaktformulare gesendet werden;<\/li>\n<li>E-Mail-Adresse f\u00fcr die Zusendung von Angeboten und E-News;<\/li>\n<li>Vor- und Nachname, Anschrift, E-Mail-Adresse und Telefonnummer zur Annahme von Reservierungen, Anfragen und Angeboten oder im Zusammenhang mit der Erf\u00fcllung Ihrer sonstigen Anforderungen;<\/li>\n<li>Vor- und Nachname, Adresse, E-Mail-Adresse und Telefonnummer f\u00fcr den Kauf von Geschenkgutscheinen, Gutscheinen oder Dienstleistungen und Artikeln im Zusammenhang mit unserem Angebot;<\/li>\n<li>Daten zu Zahlungsmitteln und Kopien von Personaldokumenten f\u00fcr die Erbringung von Dienstleistungen;<\/li>\n<li>E-Mail-Adresse f\u00fcr automatisiertes Marketing\u00a0<em>(Best\u00e4tigung von Reservierungen, Dank f\u00fcr Bewerbungen und dergleichen)<\/em>;<\/li>\n<li>Cookies f\u00fcr den Betrieb von Websites;<\/li>\n<li>Kommunikation \u00fcber soziale Gruppen mit pers\u00f6nlichen Profilen, die die Verbindung mit uns best\u00e4tigen;<\/li>\n<li>Vor- und Nachname, Adresse, E-Mail-Adresse und Telefonnummer f\u00fcr gelegentliche Gewinnspiele oder andere Werbekampagnen mit Ihrer vorherigen Zustimmung;<\/li>\n<li>Aggregierte Daten von Google Analytics oder Yandex Direct und Cloudflare f\u00fcr Traffic-Tracking und interne Analysen, mit denen wir den Inhalt verbessern.<\/li>\n<\/ol>\n<h2 class=\"h2-podstran\">3. Was wir mit personenbezogenen daten machen<\/h2>\n<p><span data-sheets-value=\"{&quot;1&quot;:2,&quot;2&quot;:&quot;Ihre personenbezogenen Daten werden in ADK RING d.o.o., Ulica heroja \u0160arha 30, 3000 Celje in Slowenien verarbeitet. Das Hosting und die Datenspeicherung erfolgt auf www.prideshop.eu in den L\u00e4ndern der Europ\u00e4ischen Union (Deutschland).rnrnKein Dritter hat Zugriff auf Ihre Daten, es sei denn, dies ist gesetzlich vorgeschrieben.&quot;}\" data-sheets-userformat=\"{&quot;2&quot;:771,&quot;3&quot;:{&quot;1&quot;:0},&quot;4&quot;:&#091;null,2,16776960&#093;,&quot;11&quot;:4,&quot;12&quot;:0}\">Ihre personenbezogenen Daten werden in ADK RING d.o.o., Ulica heroja \u0160arha 30, 3000 Celje in Slowenien verarbeitet. Das Hosting und die Datenspeicherung erfolgt auf www.prideshop.eu in den L\u00e4ndern der Europ\u00e4ischen Union <em>(Deutschland)<\/em>.<\/span><\/p>\n<p>Kein Dritter hat Zugriff auf Ihre Daten, es sei denn, dies ist gesetzlich vorgeschrieben.<\/p>\n<h2 class=\"h2-podstran\">4. Wie lange futtern wir sie?<\/h2>\n<p>Auf unserer Website verwenden wir persistente Cookies f\u00fcr Links zu sozialen Diensten und anderen \u201eSharing\u201c-Anbietern und Cookies, die Ihnen immer zu Ihren beliebtesten Inhalten auf unserer Website verhelfen.<\/p>\n<h2 class=\"h2-podstran\">5. Was sind ihre rechte?<\/h2>\n<p><span data-sheets-value=\"{&quot;1&quot;:2,&quot;2&quot;:&quot;Wenn Sie der Meinung sind, dass die von uns \u00fcber Sie gespeicherten personenbezogenen Daten falsch oder unvollst\u00e4ndig sind, haben Sie die M\u00f6glichkeit, einen Antrag auf \u00dcberpr\u00fcfung, Berichtigung oder L\u00f6schung dieser Daten zu stellen. Kontaktieren Sie uns \u00fcber (Anfrageformular f\u00fcr den Datenzugriff). Wenn Sie sich \u00fcber die Verarbeitung Ihrer personenbezogenen Daten durch uns beschweren m\u00f6chten, wenden Sie sich bitte an den Datenschutzbeauftragten bzw. Ansprechpartner f\u00fcr den Datenschutz (DPC, Data Protection Contact) an die E-Mail-Adresse info@prideshop.eu oder schriftlich an ADK RING d.o.o., Ulica heroja \u0160arha 30, 3000 Celje.&quot;}\" data-sheets-userformat=\"{&quot;2&quot;:771,&quot;3&quot;:{&quot;1&quot;:0},&quot;4&quot;:&#091;null,2,16776960&#093;,&quot;11&quot;:4,&quot;12&quot;:0}\">Wenn Sie der Meinung sind, dass die von uns \u00fcber Sie gespeicherten personenbezogenen Daten falsch oder unvollst\u00e4ndig sind, haben Sie die M\u00f6glichkeit, einen Antrag auf \u00dcberpr\u00fcfung, Berichtigung oder L\u00f6schung dieser Daten zu stellen. Kontaktieren Sie uns \u00fcber (Anfrageformular f\u00fcr den Datenzugriff). Wenn Sie sich \u00fcber die Verarbeitung Ihrer personenbezogenen Daten durch uns beschweren m\u00f6chten, wenden Sie sich bitte an den Datenschutzbeauftragten bzw. Ansprechpartner f\u00fcr den Datenschutz &lt;em&gt;(DPC, Data Protection Contact)&lt;\/em&gt; an die E-Mail-Adresse info@prideshop.eu oder schriftlich an ADK RING d.o.o., Ulica heroja \u0160arha 30, 3000 Celje.<\/span><\/p>\n<p>Unser DPC wird dann Ihre Beschwerde pr\u00fcfen und Sie \u00fcber die L\u00f6sung der Angelegenheit informieren. Wenn Sie immer noch der Meinung sind, dass Ihre personenbezogenen Daten nicht gesetzeskonform verarbeitet wurden, k\u00f6nnen Sie sich an den Datenschutzbeauftragten wenden und eine Beschwerde einreichen. Sie k\u00f6nnen das spezielle Formular auf der Seite mit den Datenschutzhinweisen verwenden, um Zugang zu datenschutzbezogenen Richtlinien und Dokumenten anzufordern.<\/p>\n<p><strong>Zugeh\u00f6rige Dokumente:<\/strong><\/p>\n<ul class=\"podstrani-ul\">\n<li>Richtlinie zur Aufbewahrung personenbezogener Daten\u00a0<em>(auf Anfrage per E-Mail oder pers\u00f6nlich)<\/em><\/li>\n<li>Zeitplan zur Aufbewahrung personenbezogener Daten &lt;em&gt;(auf Anfrage per E-Mail oder pers\u00f6nlich)&lt;\/em&gt;<\/li>\n<li><a href=\"https:\/\/prideshop.eu\/allgemeine-geschaeftsbedingungen-agb\/?lang=de\" target=\"_blank\" rel=\"noreferrer noopener\">Allgemeine Gesch\u00e4ftsbedingungen<\/a><\/li>\n<li><a href=\"https:\/\/prideshop.eu\/wp-content\/uploads\/2020\/10\/Obrazec-za-soglasje-obdelave-osebnih-podatkov.pdf\" target=\"_blank\" rel=\"noreferrer noopener\">Einverst\u00e4ndniserkl\u00e4rung<\/a><\/li>\n<li><a href=\"https:\/\/prideshop.eu\/wp-content\/uploads\/2020\/10\/Obrazec-za-umik-soglasja-obdelave-osebnih-podatkov.pdf\" target=\"_blank\" rel=\"noreferrer noopener\">Formular zum Widerruf der Einwilligung<\/a><\/li>\n<\/ul>\n<h2 class=\"h2-podstran\">Kolophon<\/h2>\n<h3 class=\"h3-podstran\">Redaktionelle informationen<\/h3>\n<p>Wir haben diese Website zusammen mit einem Webdienstleister erstellt.<\/p>\n<h3 class=\"h3-podstran\">Zweck der website<\/h3>\n<p>Die Informationen auf der Website beziehen sich auf unser registriertes Hauptgesch\u00e4ft \u2013 Gro\u00dfhandelsdienstleistungen von sonstigen Haushaltswaren. Wir stellen sicher, dass die Informationen auf der Website korrekt, zuverl\u00e4ssig und von einwandfreier Qualit\u00e4t sind.<\/p>\n<p>Wir sind nicht verantwortlich f\u00fcr etwaige Druckfehler und behalten uns das Recht vor, den Inhalt jederzeit und ohne vorherige Ank\u00fcndigung zu \u00e4ndern, wenn der Inhalt nicht mit unserer Firmenpolitik \u00fcbereinstimmt.<\/p>\n<h3 class=\"h3-podstran\">Nutzungsrecht<\/h3>\n<p>Die Website und ihr gesamter Inhalt sind durch gewerbliche und geistige Eigentumsrechte gesch\u00fctzt. Alle Informationen, Texte, Bilder oder andere grafische Elemente, die Sie auf dieser Website finden, d\u00fcrfen ausschlie\u00dflich f\u00fcr Ihren pers\u00f6nlichen, nicht-kommerziellen Gebrauch verwendet werden und d\u00fcrfen ohne vorherige schriftliche Genehmigung des Administrators weder ganz noch teilweise vervielf\u00e4ltigt, ver\u00e4ndert, vertrieben, lizenziert oder als<\/p>\n<h3 class=\"h3-podstran\">\u00dcbernahme von verantwortung<\/h3>\n<p>Bei der Bearbeitung der Website versuchen wir, die Genauigkeit und Aktualit\u00e4t der Informationen zu gew\u00e4hrleisten. Wir \u00fcbernehmen keine Garantie f\u00fcr die Richtigkeit oder Vollst\u00e4ndigkeit der Informationen und keine Verantwortung, die sich aus deren Verwendung ergibt. Alle Nutzer verwenden die ver\u00f6ffentlichten Inhalte auf eigene Verantwortung.<\/p>\n<p>Wir behalten uns das Recht vor, den Inhalt unserer Websites jederzeit, in jeder Weise, aus jedem Grund und ohne vorherige Ank\u00fcndigung zu \u00e4ndern.<\/p>\n<h3 class=\"h3-podstran\">Technologische implementierung<\/h3>\n<p>Die technologische Implementierung wurde von der Firma Marcelino d.o.o. in Zusammenarbeit mit unserem Unternehmen durchgef\u00fchrt.<\/p>\n<p>Informationen zum Unternehmen<\/p>\n<p><strong>Name:<\/strong><br \/>ADK RING d.o.o.<br \/>Ulica heroja \u0160arha 30, 3000 Celje, Slowenien<br \/><strong>Status:<\/strong> Juristische Person<br \/><strong>Steuer-ID-Nummer SI:<\/strong> 73637696<br \/><strong>Registrierungsnummer:<\/strong> 3633365000<br \/><strong>Standard-Klassifizierung von T\u00e4tigkeiten:<\/strong> G46.490 \u2013 Gro\u00dfhandel mit sonstigen Haushaltswaren<br \/><strong>Aktive Transaktionskonten:<\/strong> SI56 1010 0005 1986 078, Banka Intesa Sanpaolo d.d.<br \/><strong>DPC:<\/strong> Marcelino d.o.o., Jurij Cvikl<\/p>\n<h2 class=\"h2-podstran\">Rechtliche hinweise<\/h2>\n<h3 class=\"h3-podstran\">Rechte (c) 2002 \u2013 2021<\/h3>\n<p>Alle Rechte an den Inhalten auf der Website\u00a0<a href=\"https:\/\/prideshop.eu\/?lang=de\"><strong>www.prideshop.eu<\/strong><\/a>\u00a0und deren Unterseiten sind vorbehalten. Inhalte, Bilder, Texte etc. d\u00fcrfen ausschlie\u00dflich f\u00fcr nicht-kommerzielle Zwecke kopiert, zitiert oder anderweitig verwendet werden, sofern die Quelle der Daten deutlich mit einem sichtbaren Link auf die Website angegeben wird, vorausgesetzt, das Medium erlaubt dies (<a href=\"https:\/\/prideshop.eu\/?lang=de\"><strong>www.prideshop.eu<\/strong><\/a>).<\/p>\n<h3 class=\"h3-podstran\">Personendatenschutz<\/h3>\n<p>In bestimmten F\u00e4llen bitten wir die Nutzer der Website\u00a0<a href=\"https:\/\/prideshop.eu\/?lang=de\"><strong>www.prideshop.eu<\/strong><\/a>\u00a0um die Angabe pers\u00f6nlicher Daten, die f\u00fcr den regul\u00e4ren Betrieb erforderlich sind. Die personenbezogenen Daten werden in folgenden F\u00e4llen ben\u00f6tigt: Kauf von Artikeln in einem Online-Shop auf der Grundlage einer Online-Registrierung, Teilnahme an Gewinnspielen, Benachrichtigung registrierter Benutzer mit Werbematerialien und mehr. Alle pers\u00f6nlichen Daten werden im Einklang mit dem Verbraucherschutzgesetz (Amtsblatt der Republik Slowenien Nr. 59\/99, 57\/01) gesch\u00fctzt und werden niemals zum Verkauf, zur Weitergabe oder anderweitig an Dritte angeboten.<\/p>\n<h3 class=\"h3-podstran\">Haftungsbeschr\u00e4nkung<\/h3>\n<p>Alle Informationen, die Sie auf der Website\u00a0<a href=\"https:\/\/prideshop.eu\/?lang=de\"><strong>www.prideshop.eu<\/strong><\/a>\u00a0und deren Unterseiten finden, sind informativ. Durch das Browsen auf der Website erkl\u00e4rt sich der Benutzer damit einverstanden, die Informationen nach eigenem Ermessen zu verwenden. Die Eigent\u00fcmer und Autoren der Website haften nicht f\u00fcr Sch\u00e4den, die aus der Nutzung dieser Website entstehen.<\/p>\n<h3 class=\"h3-podstran\">Sprachen<\/h3>\n<p><main id=\"main\" class=\"site-main\" role=\"main\"><\/p>\n<article id=\"post-8678\" class=\"page-single-1 post-8678 page type-page status-publish hentry\">\n<section class=\"page-content pad-lg-d pad-lg-t pad-tb-md-m bcg-white\">\n<p>Der Online-Shop\u00a0<a href=\"https:\/\/prideshop.eu\/?lang=de\"><strong>www.prideshop.eu<\/strong><\/a>\u00a0ist auf Slowenisch verf\u00fcgbar.<\/p>\n<\/section>\n<\/article>\n<p><\/main><\/p>\n<footer class=\"footer-1bcg-primary\">\n<section class=\"footer-content col-2 col-1-t col-1-m pad-lg-t pad-tb-lg-m pad-lr-md-m\">\n<div class=\"column-left col-1 pad-l-lg-d color-white\">\u00a0<\/div>\n<\/section>\n<\/footer>\n\t\t<\/div>\n\t\t\t\t\t<\/div>\n\n\t\n<\/div>\n","protected":false},"excerpt":{"rendered":"","protected":false},"author":5756,"featured_media":0,"parent":0,"menu_order":0,"comment_status":"closed","ping_status":"closed","template":"","meta":{"_acf_changed":false,"footnotes":""},"class_list":["post-34488","page","type-page","status-publish","hentry"],"acf":[],"yoast_head":"<!-- This site is optimized with the Yoast SEO plugin v27.5 - https:\/\/yoast.com\/product\/yoast-seo-wordpress\/ -->\n<title>Datenschutzerklarung - PRIDEshop<\/title>\n<meta name=\"robots\" content=\"index, follow, max-snippet:-1, max-image-preview:large, max-video-preview:-1\" \/>\n<link rel=\"canonical\" href=\"https:\/\/prideshop.eu\/de\/datenschutzerklarung\/\" \/>\n<meta property=\"og:locale\" content=\"de_DE\" \/>\n<meta property=\"og:type\" content=\"article\" \/>\n<meta property=\"og:title\" content=\"Datenschutzerklarung - PRIDEshop\" \/>\n<meta property=\"og:url\" content=\"https:\/\/prideshop.eu\/de\/datenschutzerklarung\/\" \/>\n<meta property=\"og:site_name\" content=\"PRIDEshop\" \/>\n<meta property=\"article:publisher\" content=\"https:\/\/sl-si.facebook.com\/PrideShopeu\" \/>\n<meta property=\"article:modified_time\" content=\"2022-06-03T08:05:16+00:00\" \/>\n<meta name=\"twitter:card\" content=\"summary_large_image\" \/>\n<meta name=\"twitter:label1\" content=\"Gesch\u00e4tzte Lesezeit\" \/>\n\t<meta name=\"twitter:data1\" content=\"6\u00a0Minuten\" \/>\n<script type=\"application\/ld+json\" class=\"yoast-schema-graph\">{\"@context\":\"https:\\\/\\\/schema.org\",\"@graph\":[{\"@type\":\"WebPage\",\"@id\":\"https:\\\/\\\/prideshop.eu\\\/de\\\/datenschutzerklarung\\\/\",\"url\":\"https:\\\/\\\/prideshop.eu\\\/de\\\/datenschutzerklarung\\\/\",\"name\":\"Datenschutzerklarung - PRIDEshop\",\"isPartOf\":{\"@id\":\"https:\\\/\\\/prideshop.eu\\\/de\\\/#website\"},\"datePublished\":\"2022-05-18T06:04:42+00:00\",\"dateModified\":\"2022-06-03T08:05:16+00:00\",\"breadcrumb\":{\"@id\":\"https:\\\/\\\/prideshop.eu\\\/de\\\/datenschutzerklarung\\\/#breadcrumb\"},\"inLanguage\":\"de\",\"potentialAction\":[{\"@type\":\"ReadAction\",\"target\":[\"https:\\\/\\\/prideshop.eu\\\/de\\\/datenschutzerklarung\\\/\"]}]},{\"@type\":\"BreadcrumbList\",\"@id\":\"https:\\\/\\\/prideshop.eu\\\/de\\\/datenschutzerklarung\\\/#breadcrumb\",\"itemListElement\":[{\"@type\":\"ListItem\",\"position\":1,\"name\":\"Home\",\"item\":\"https:\\\/\\\/prideshop.eu\\\/de\\\/\"},{\"@type\":\"ListItem\",\"position\":2,\"name\":\"Datenschutzerklarung\"}]},{\"@type\":\"WebSite\",\"@id\":\"https:\\\/\\\/prideshop.eu\\\/de\\\/#website\",\"url\":\"https:\\\/\\\/prideshop.eu\\\/de\\\/\",\"name\":\"PRIDEshop\",\"description\":\"Oprema za Borilne \u0160porte\",\"publisher\":{\"@id\":\"https:\\\/\\\/prideshop.eu\\\/de\\\/#organization\"},\"potentialAction\":[{\"@type\":\"SearchAction\",\"target\":{\"@type\":\"EntryPoint\",\"urlTemplate\":\"https:\\\/\\\/prideshop.eu\\\/de\\\/?s={search_term_string}\"},\"query-input\":{\"@type\":\"PropertyValueSpecification\",\"valueRequired\":true,\"valueName\":\"search_term_string\"}}],\"inLanguage\":\"de\"},{\"@type\":\"Organization\",\"@id\":\"https:\\\/\\\/prideshop.eu\\\/de\\\/#organization\",\"name\":\"PRIDEshop\",\"url\":\"https:\\\/\\\/prideshop.eu\\\/de\\\/\",\"logo\":{\"@type\":\"ImageObject\",\"inLanguage\":\"de\",\"@id\":\"https:\\\/\\\/prideshop.eu\\\/de\\\/#\\\/schema\\\/logo\\\/image\\\/\",\"url\":\"\",\"contentUrl\":\"\",\"caption\":\"PRIDEshop\"},\"image\":{\"@id\":\"https:\\\/\\\/prideshop.eu\\\/de\\\/#\\\/schema\\\/logo\\\/image\\\/\"},\"sameAs\":[\"https:\\\/\\\/sl-si.facebook.com\\\/PrideShopeu\"]}]}<\/script>\n<!-- \/ Yoast SEO plugin. -->","yoast_head_json":{"title":"Datenschutzerklarung - PRIDEshop","robots":{"index":"index","follow":"follow","max-snippet":"max-snippet:-1","max-image-preview":"max-image-preview:large","max-video-preview":"max-video-preview:-1"},"canonical":"https:\/\/prideshop.eu\/de\/datenschutzerklarung\/","og_locale":"de_DE","og_type":"article","og_title":"Datenschutzerklarung - PRIDEshop","og_url":"https:\/\/prideshop.eu\/de\/datenschutzerklarung\/","og_site_name":"PRIDEshop","article_publisher":"https:\/\/sl-si.facebook.com\/PrideShopeu","article_modified_time":"2022-06-03T08:05:16+00:00","twitter_card":"summary_large_image","twitter_misc":{"Gesch\u00e4tzte Lesezeit":"6\u00a0Minuten"},"schema":{"@context":"https:\/\/schema.org","@graph":[{"@type":"WebPage","@id":"https:\/\/prideshop.eu\/de\/datenschutzerklarung\/","url":"https:\/\/prideshop.eu\/de\/datenschutzerklarung\/","name":"Datenschutzerklarung - PRIDEshop","isPartOf":{"@id":"https:\/\/prideshop.eu\/de\/#website"},"datePublished":"2022-05-18T06:04:42+00:00","dateModified":"2022-06-03T08:05:16+00:00","breadcrumb":{"@id":"https:\/\/prideshop.eu\/de\/datenschutzerklarung\/#breadcrumb"},"inLanguage":"de","potentialAction":[{"@type":"ReadAction","target":["https:\/\/prideshop.eu\/de\/datenschutzerklarung\/"]}]},{"@type":"BreadcrumbList","@id":"https:\/\/prideshop.eu\/de\/datenschutzerklarung\/#breadcrumb","itemListElement":[{"@type":"ListItem","position":1,"name":"Home","item":"https:\/\/prideshop.eu\/de\/"},{"@type":"ListItem","position":2,"name":"Datenschutzerklarung"}]},{"@type":"WebSite","@id":"https:\/\/prideshop.eu\/de\/#website","url":"https:\/\/prideshop.eu\/de\/","name":"PRIDEshop","description":"Oprema za Borilne \u0160porte","publisher":{"@id":"https:\/\/prideshop.eu\/de\/#organization"},"potentialAction":[{"@type":"SearchAction","target":{"@type":"EntryPoint","urlTemplate":"https:\/\/prideshop.eu\/de\/?s={search_term_string}"},"query-input":{"@type":"PropertyValueSpecification","valueRequired":true,"valueName":"search_term_string"}}],"inLanguage":"de"},{"@type":"Organization","@id":"https:\/\/prideshop.eu\/de\/#organization","name":"PRIDEshop","url":"https:\/\/prideshop.eu\/de\/","logo":{"@type":"ImageObject","inLanguage":"de","@id":"https:\/\/prideshop.eu\/de\/#\/schema\/logo\/image\/","url":"","contentUrl":"","caption":"PRIDEshop"},"image":{"@id":"https:\/\/prideshop.eu\/de\/#\/schema\/logo\/image\/"},"sameAs":["https:\/\/sl-si.facebook.com\/PrideShopeu"]}]}},"_links":{"self":[{"href":"https:\/\/prideshop.eu\/de\/wp-json\/wp\/v2\/pages\/34488","targetHints":{"allow":["GET"]}}],"collection":[{"href":"https:\/\/prideshop.eu\/de\/wp-json\/wp\/v2\/pages"}],"about":[{"href":"https:\/\/prideshop.eu\/de\/wp-json\/wp\/v2\/types\/page"}],"author":[{"embeddable":true,"href":"https:\/\/prideshop.eu\/de\/wp-json\/wp\/v2\/users\/5756"}],"replies":[{"embeddable":true,"href":"https:\/\/prideshop.eu\/de\/wp-json\/wp\/v2\/comments?post=34488"}],"version-history":[{"count":0,"href":"https:\/\/prideshop.eu\/de\/wp-json\/wp\/v2\/pages\/34488\/revisions"}],"wp:attachment":[{"href":"https:\/\/prideshop.eu\/de\/wp-json\/wp\/v2\/media?parent=34488"}],"curies":[{"name":"wp","href":"https:\/\/api.w.org\/{rel}","templated":true}]}}