{"id":10094,"date":"2020-09-23T15:33:52","date_gmt":"2020-09-23T13:33:52","guid":{"rendered":"https:\/\/prideshop.eu\/spletna-trgovina\/unkategorisiert\/professionelle-handpratzen-elite-pride\/"},"modified":"2025-08-04T10:48:31","modified_gmt":"2025-08-04T08:48:31","slug":"professionelle-handpratzen-elite-pride","status":"publish","type":"product","link":"https:\/\/prideshop.eu\/de\/shop\/sportarten\/boxen\/professionelle-handpratzen-elite-pride\/","title":{"rendered":"Pro Handpratzen Leder Pride \u2013 Elite"},"content":{"rendered":"<h3>Pro Handpratzen Leder Pride \u2013 Elite<\/h3>\n<p>Professionelle Handpratzen Elite, Pride. Focus Mitts ist ein professioneller Handpratzen f\u00fcr die berufliche Ausbildung. Erstklassige, professionelle, pr\u00e4zise und anatomische Form des Handpratzen. Anatomischer Ball in der Mitte der Handfl\u00e4che f\u00fcr einfaches und bestes Halten, alles das bietet der Schlagpolster.<\/p>\n","protected":false},"excerpt":{"rendered":"<p>Professionelle Handpratzen Elite, Pride. Focus Mitts ist ein professioneller Handpratzen f\u00fcr die berufliche Ausbildung. Erstklassige, professionelle, pr\u00e4zise und anatomische Form des Handpratzen. Anatomischer Ball in der Mitte der Handfl\u00e4che f\u00fcr einfaches und bestes Halten, alles das bietet der Schlagpolster.<\/p>\n","protected":false},"featured_media":33894,"comment_status":"open","ping_status":"closed","template":"","meta":{"_acf_changed":false},"product_brand":[2086],"product_cat":[664,580,624,722,734,744,656,778,616],"product_tag":[],"class_list":{"0":"post-10094","1":"product","2":"type-product","3":"status-publish","4":"has-post-thumbnail","6":"product_brand-pride","7":"product_cat-boxen","8":"product_cat-equipment-de","9":"product_cat-handpratzen-schlagpolster-schlagschilder","10":"product_cat-kickboxen","11":"product_cat-krav-maga-de","12":"product_cat-mma-ultimate-fight-de","13":"product_cat-sportarten","14":"product_cat-thaiboxen","15":"product_cat-trainingsgerate","17":"first","18":"instock","19":"taxable","20":"shipping-taxable","21":"purchasable","22":"product-type-simple"},"acf":[],"yoast_head":"<!-- This site is optimized with the Yoast SEO plugin v27.5 - https:\/\/yoast.com\/product\/yoast-seo-wordpress\/ -->\n<title>Pro Handpratzen Leder Pride \u2013 Elite - PRIDEshop<\/title>\n<meta name=\"description\" content=\"Professionelle Handpratzen Elite, Pride. Focus Mitts ist ein professioneller Handpratzen f\u00fcr die berufliche Ausbildung.\" \/>\n<meta name=\"robots\" content=\"index, follow, max-snippet:-1, max-image-preview:large, max-video-preview:-1\" \/>\n<link rel=\"canonical\" href=\"https:\/\/prideshop.eu\/de\/shop\/sportarten\/boxen\/professionelle-handpratzen-elite-pride\/\" \/>\n<meta property=\"og:locale\" content=\"de_DE\" \/>\n<meta property=\"og:type\" content=\"article\" \/>\n<meta property=\"og:title\" content=\"Pro Handpratzen Leder Pride \u2013 Elite - PRIDEshop\" \/>\n<meta property=\"og:description\" content=\"Professionelle Handpratzen Elite, Pride. Focus Mitts ist ein professioneller Handpratzen f\u00fcr die berufliche Ausbildung.\" \/>\n<meta property=\"og:url\" content=\"https:\/\/prideshop.eu\/de\/shop\/sportarten\/boxen\/professionelle-handpratzen-elite-pride\/\" \/>\n<meta property=\"og:site_name\" content=\"PRIDEshop\" \/>\n<meta property=\"article:publisher\" content=\"https:\/\/sl-si.facebook.com\/PrideShopeu\" \/>\n<meta property=\"article:modified_time\" content=\"2025-08-04T08:48:31+00:00\" \/>\n<meta property=\"og:image\" content=\"https:\/\/prideshop.eu\/wp-content\/uploads\/2020\/09\/rocni-fokusi-elite-pride-3170.jpeg\" \/>\n\t<meta property=\"og:image:width\" content=\"600\" \/>\n\t<meta property=\"og:image:height\" content=\"600\" \/>\n\t<meta property=\"og:image:type\" content=\"image\/jpeg\" \/>\n<meta name=\"twitter:card\" content=\"summary_large_image\" \/>\n<script type=\"application\/ld+json\" class=\"yoast-schema-graph\">{\"@context\":\"https:\\\/\\\/schema.org\",\"@graph\":[{\"@type\":\"WebPage\",\"@id\":\"https:\\\/\\\/prideshop.eu\\\/de\\\/shop\\\/sportarten\\\/boxen\\\/professionelle-handpratzen-elite-pride\\\/\",\"url\":\"https:\\\/\\\/prideshop.eu\\\/de\\\/shop\\\/sportarten\\\/boxen\\\/professionelle-handpratzen-elite-pride\\\/\",\"name\":\"Pro Handpratzen Leder Pride \u2013 Elite - PRIDEshop\",\"isPartOf\":{\"@id\":\"https:\\\/\\\/prideshop.eu\\\/de\\\/#website\"},\"primaryImageOfPage\":{\"@id\":\"https:\\\/\\\/prideshop.eu\\\/de\\\/shop\\\/sportarten\\\/boxen\\\/professionelle-handpratzen-elite-pride\\\/#primaryimage\"},\"image\":{\"@id\":\"https:\\\/\\\/prideshop.eu\\\/de\\\/shop\\\/sportarten\\\/boxen\\\/professionelle-handpratzen-elite-pride\\\/#primaryimage\"},\"thumbnailUrl\":\"https:\\\/\\\/prideshop.eu\\\/wp-content\\\/uploads\\\/2020\\\/09\\\/rocni-fokusi-elite-pride-3170.jpeg\",\"datePublished\":\"2020-09-23T13:33:52+00:00\",\"dateModified\":\"2025-08-04T08:48:31+00:00\",\"description\":\"Professionelle Handpratzen Elite, Pride. Focus Mitts ist ein professioneller Handpratzen f\u00fcr die berufliche Ausbildung.\",\"breadcrumb\":{\"@id\":\"https:\\\/\\\/prideshop.eu\\\/de\\\/shop\\\/sportarten\\\/boxen\\\/professionelle-handpratzen-elite-pride\\\/#breadcrumb\"},\"inLanguage\":\"de\",\"potentialAction\":[{\"@type\":\"ReadAction\",\"target\":[\"https:\\\/\\\/prideshop.eu\\\/de\\\/shop\\\/sportarten\\\/boxen\\\/professionelle-handpratzen-elite-pride\\\/\"]}]},{\"@type\":\"ImageObject\",\"inLanguage\":\"de\",\"@id\":\"https:\\\/\\\/prideshop.eu\\\/de\\\/shop\\\/sportarten\\\/boxen\\\/professionelle-handpratzen-elite-pride\\\/#primaryimage\",\"url\":\"https:\\\/\\\/prideshop.eu\\\/wp-content\\\/uploads\\\/2020\\\/09\\\/rocni-fokusi-elite-pride-3170.jpeg\",\"contentUrl\":\"https:\\\/\\\/prideshop.eu\\\/wp-content\\\/uploads\\\/2020\\\/09\\\/rocni-fokusi-elite-pride-3170.jpeg\",\"width\":600,\"height\":600,\"caption\":\"Professionelle Handpratzen Elite Pride Echtleder\"},{\"@type\":\"BreadcrumbList\",\"@id\":\"https:\\\/\\\/prideshop.eu\\\/de\\\/shop\\\/sportarten\\\/boxen\\\/professionelle-handpratzen-elite-pride\\\/#breadcrumb\",\"itemListElement\":[{\"@type\":\"ListItem\",\"position\":1,\"name\":\"Home\",\"item\":\"https:\\\/\\\/prideshop.eu\\\/de\\\/\"},{\"@type\":\"ListItem\",\"position\":2,\"name\":\"Gesch\u00e4ft\",\"item\":\"https:\\\/\\\/prideshop.eu\\\/de\\\/geschaeft\\\/\"},{\"@type\":\"ListItem\",\"position\":3,\"name\":\"Pro Handpratzen Leder Pride \u2013 Elite\"}]},{\"@type\":\"WebSite\",\"@id\":\"https:\\\/\\\/prideshop.eu\\\/de\\\/#website\",\"url\":\"https:\\\/\\\/prideshop.eu\\\/de\\\/\",\"name\":\"PRIDEshop\",\"description\":\"Oprema za Borilne \u0160porte\",\"publisher\":{\"@id\":\"https:\\\/\\\/prideshop.eu\\\/de\\\/#organization\"},\"potentialAction\":[{\"@type\":\"SearchAction\",\"target\":{\"@type\":\"EntryPoint\",\"urlTemplate\":\"https:\\\/\\\/prideshop.eu\\\/de\\\/?s={search_term_string}\"},\"query-input\":{\"@type\":\"PropertyValueSpecification\",\"valueRequired\":true,\"valueName\":\"search_term_string\"}}],\"inLanguage\":\"de\"},{\"@type\":\"Organization\",\"@id\":\"https:\\\/\\\/prideshop.eu\\\/de\\\/#organization\",\"name\":\"PRIDEshop\",\"url\":\"https:\\\/\\\/prideshop.eu\\\/de\\\/\",\"logo\":{\"@type\":\"ImageObject\",\"inLanguage\":\"de\",\"@id\":\"https:\\\/\\\/prideshop.eu\\\/de\\\/#\\\/schema\\\/logo\\\/image\\\/\",\"url\":\"\",\"contentUrl\":\"\",\"caption\":\"PRIDEshop\"},\"image\":{\"@id\":\"https:\\\/\\\/prideshop.eu\\\/de\\\/#\\\/schema\\\/logo\\\/image\\\/\"},\"sameAs\":[\"https:\\\/\\\/sl-si.facebook.com\\\/PrideShopeu\"]}]}<\/script>\n<!-- \/ Yoast SEO plugin. -->","yoast_head_json":{"title":"Pro Handpratzen Leder Pride \u2013 Elite - PRIDEshop","description":"Professionelle Handpratzen Elite, Pride. Focus Mitts ist ein professioneller Handpratzen f\u00fcr die berufliche Ausbildung.","robots":{"index":"index","follow":"follow","max-snippet":"max-snippet:-1","max-image-preview":"max-image-preview:large","max-video-preview":"max-video-preview:-1"},"canonical":"https:\/\/prideshop.eu\/de\/shop\/sportarten\/boxen\/professionelle-handpratzen-elite-pride\/","og_locale":"de_DE","og_type":"article","og_title":"Pro Handpratzen Leder Pride \u2013 Elite - PRIDEshop","og_description":"Professionelle Handpratzen Elite, Pride. Focus Mitts ist ein professioneller Handpratzen f\u00fcr die berufliche Ausbildung.","og_url":"https:\/\/prideshop.eu\/de\/shop\/sportarten\/boxen\/professionelle-handpratzen-elite-pride\/","og_site_name":"PRIDEshop","article_publisher":"https:\/\/sl-si.facebook.com\/PrideShopeu","article_modified_time":"2025-08-04T08:48:31+00:00","og_image":[{"width":600,"height":600,"url":"https:\/\/prideshop.eu\/wp-content\/uploads\/2020\/09\/rocni-fokusi-elite-pride-3170.jpeg","type":"image\/jpeg"}],"twitter_card":"summary_large_image","schema":{"@context":"https:\/\/schema.org","@graph":[{"@type":"WebPage","@id":"https:\/\/prideshop.eu\/de\/shop\/sportarten\/boxen\/professionelle-handpratzen-elite-pride\/","url":"https:\/\/prideshop.eu\/de\/shop\/sportarten\/boxen\/professionelle-handpratzen-elite-pride\/","name":"Pro Handpratzen Leder Pride \u2013 Elite - PRIDEshop","isPartOf":{"@id":"https:\/\/prideshop.eu\/de\/#website"},"primaryImageOfPage":{"@id":"https:\/\/prideshop.eu\/de\/shop\/sportarten\/boxen\/professionelle-handpratzen-elite-pride\/#primaryimage"},"image":{"@id":"https:\/\/prideshop.eu\/de\/shop\/sportarten\/boxen\/professionelle-handpratzen-elite-pride\/#primaryimage"},"thumbnailUrl":"https:\/\/prideshop.eu\/wp-content\/uploads\/2020\/09\/rocni-fokusi-elite-pride-3170.jpeg","datePublished":"2020-09-23T13:33:52+00:00","dateModified":"2025-08-04T08:48:31+00:00","description":"Professionelle Handpratzen Elite, Pride. Focus Mitts ist ein professioneller Handpratzen f\u00fcr die berufliche Ausbildung.","breadcrumb":{"@id":"https:\/\/prideshop.eu\/de\/shop\/sportarten\/boxen\/professionelle-handpratzen-elite-pride\/#breadcrumb"},"inLanguage":"de","potentialAction":[{"@type":"ReadAction","target":["https:\/\/prideshop.eu\/de\/shop\/sportarten\/boxen\/professionelle-handpratzen-elite-pride\/"]}]},{"@type":"ImageObject","inLanguage":"de","@id":"https:\/\/prideshop.eu\/de\/shop\/sportarten\/boxen\/professionelle-handpratzen-elite-pride\/#primaryimage","url":"https:\/\/prideshop.eu\/wp-content\/uploads\/2020\/09\/rocni-fokusi-elite-pride-3170.jpeg","contentUrl":"https:\/\/prideshop.eu\/wp-content\/uploads\/2020\/09\/rocni-fokusi-elite-pride-3170.jpeg","width":600,"height":600,"caption":"Professionelle Handpratzen Elite Pride Echtleder"},{"@type":"BreadcrumbList","@id":"https:\/\/prideshop.eu\/de\/shop\/sportarten\/boxen\/professionelle-handpratzen-elite-pride\/#breadcrumb","itemListElement":[{"@type":"ListItem","position":1,"name":"Home","item":"https:\/\/prideshop.eu\/de\/"},{"@type":"ListItem","position":2,"name":"Gesch\u00e4ft","item":"https:\/\/prideshop.eu\/de\/geschaeft\/"},{"@type":"ListItem","position":3,"name":"Pro Handpratzen Leder Pride \u2013 Elite"}]},{"@type":"WebSite","@id":"https:\/\/prideshop.eu\/de\/#website","url":"https:\/\/prideshop.eu\/de\/","name":"PRIDEshop","description":"Oprema za Borilne \u0160porte","publisher":{"@id":"https:\/\/prideshop.eu\/de\/#organization"},"potentialAction":[{"@type":"SearchAction","target":{"@type":"EntryPoint","urlTemplate":"https:\/\/prideshop.eu\/de\/?s={search_term_string}"},"query-input":{"@type":"PropertyValueSpecification","valueRequired":true,"valueName":"search_term_string"}}],"inLanguage":"de"},{"@type":"Organization","@id":"https:\/\/prideshop.eu\/de\/#organization","name":"PRIDEshop","url":"https:\/\/prideshop.eu\/de\/","logo":{"@type":"ImageObject","inLanguage":"de","@id":"https:\/\/prideshop.eu\/de\/#\/schema\/logo\/image\/","url":"","contentUrl":"","caption":"PRIDEshop"},"image":{"@id":"https:\/\/prideshop.eu\/de\/#\/schema\/logo\/image\/"},"sameAs":["https:\/\/sl-si.facebook.com\/PrideShopeu"]}]}},"_links":{"self":[{"href":"https:\/\/prideshop.eu\/de\/wp-json\/wp\/v2\/product\/10094","targetHints":{"allow":["GET"]}}],"collection":[{"href":"https:\/\/prideshop.eu\/de\/wp-json\/wp\/v2\/product"}],"about":[{"href":"https:\/\/prideshop.eu\/de\/wp-json\/wp\/v2\/types\/product"}],"replies":[{"embeddable":true,"href":"https:\/\/prideshop.eu\/de\/wp-json\/wp\/v2\/comments?post=10094"}],"wp:featuredmedia":[{"embeddable":true,"href":"https:\/\/prideshop.eu\/de\/wp-json\/wp\/v2\/media\/33894"}],"wp:attachment":[{"href":"https:\/\/prideshop.eu\/de\/wp-json\/wp\/v2\/media?parent=10094"}],"wp:term":[{"taxonomy":"product_brand","embeddable":true,"href":"https:\/\/prideshop.eu\/de\/wp-json\/wp\/v2\/product_brand?post=10094"},{"taxonomy":"product_cat","embeddable":true,"href":"https:\/\/prideshop.eu\/de\/wp-json\/wp\/v2\/product_cat?post=10094"},{"taxonomy":"product_tag","embeddable":true,"href":"https:\/\/prideshop.eu\/de\/wp-json\/wp\/v2\/product_tag?post=10094"}],"curies":[{"name":"wp","href":"https:\/\/api.w.org\/{rel}","templated":true}]}}