{"id":10214,"date":"2020-09-08T15:37:53","date_gmt":"2020-09-08T13:37:53","guid":{"rendered":"https:\/\/prideshop.eu\/spletna-trgovina\/unkategorisiert\/professionelle-sparring-handschuhe-pride\/"},"modified":"2025-08-04T10:49:49","modified_gmt":"2025-08-04T08:49:49","slug":"professionelle-sparring-handschuhe-pride","status":"publish","type":"product","link":"https:\/\/prideshop.eu\/de\/shop\/sportarten\/boxen\/boxhandschuhe\/professionelle-sparring-handschuhe-pride\/","title":{"rendered":"Professionelle Sparring Handschuhe | Pride"},"content":{"rendered":"<h3>Professionelle Sparring Handschuhe | Pride<\/h3>\n<p>Professionelle Sparring Handschuhe, PridenProf. Sparringhandschuhe und Trainingshandschuhe f\u00fcr starke Schl\u00e4ge.nEiner der Modelle in der Spitzenklasse der Branche f\u00fcr Sparring\u2013Training f\u00fcr die besten K\u00e4mpfer. Es zeichnet sich durch das hochwertigste Leder mit spezieller Cinq\u2013Rex\u2013Polsterung und zus\u00e4tzlichen te\u2013Locker\u2013Daumenschutz aus. Die Gloves sch\u00fctzen seine Handgelenke und die Elle sowie die H\u00e4nde seiner Sparringspartners.nSie sind mit Doppelverschluss, Klettverschluss und Gummiband ausgestattet.nSie sind mit doppelten Stichen gesteppt.<\/p>\n","protected":false},"excerpt":{"rendered":"<p>Professionelle Sparring Handschuhe, PridenProf. Sparringhandschuhe und Trainingshandschuhe f\u00fcr starke Schl\u00e4ge.nEiner der Modelle in der Spitzenklasse der Branche f\u00fcr Sparring\u2013Training f\u00fcr die besten K\u00e4mpfer. Es zeichnet sich durch das hochwertigste Leder mit spezieller Cinq\u2013Rex\u2013Polsterung und zus\u00e4tzlichen te\u2013Locker\u2013Daumenschutz aus. Die Gloves sch\u00fctzen seine Handgelenke und die Elle sowie die H\u00e4nde seiner Sparringspartners.nSie sind mit Doppelverschluss, Klettverschluss und Gummiband ausgestattet.nSie sind mit doppelten Stichen gesteppt.<\/p>\n","protected":false},"featured_media":10227,"comment_status":"open","ping_status":"closed","template":"","meta":{"_acf_changed":false},"product_brand":[2086],"product_cat":[664,670,580,638,634,656],"product_tag":[],"class_list":{"0":"post-10214","1":"product","2":"type-product","3":"status-publish","4":"has-post-thumbnail","6":"product_brand-pride","7":"product_cat-boxen","8":"product_cat-boxhandschuhe","9":"product_cat-equipment-de","10":"product_cat-handschuhe","11":"product_cat-schutzausrustung","12":"product_cat-sportarten","14":"first","15":"outofstock","16":"taxable","17":"shipping-taxable","18":"product-type-variable"},"acf":[],"yoast_head":"<!-- This site is optimized with the Yoast SEO plugin v27.5 - https:\/\/yoast.com\/product\/yoast-seo-wordpress\/ -->\n<title>Professionelle Sparring Handschuhe | Pride - PRIDEshop<\/title>\n<meta name=\"description\" content=\"Professionelle Sparring Handschuhe, Pride. Prof. Sparring Handschuhe und Trainingshandschuhe f\u00fcr starke Schl\u00e4ge.\" \/>\n<meta name=\"robots\" content=\"index, follow, max-snippet:-1, max-image-preview:large, max-video-preview:-1\" \/>\n<link rel=\"canonical\" href=\"https:\/\/prideshop.eu\/de\/shop\/sportarten\/boxen\/boxhandschuhe\/professionelle-sparring-handschuhe-pride\/\" \/>\n<meta property=\"og:locale\" content=\"de_DE\" \/>\n<meta property=\"og:type\" content=\"article\" \/>\n<meta property=\"og:title\" content=\"Professionelle Sparring Handschuhe | Pride - PRIDEshop\" \/>\n<meta property=\"og:description\" content=\"Professionelle Sparring Handschuhe, Pride. Prof. Sparring Handschuhe und Trainingshandschuhe f\u00fcr starke Schl\u00e4ge.\" \/>\n<meta property=\"og:url\" content=\"https:\/\/prideshop.eu\/de\/shop\/sportarten\/boxen\/boxhandschuhe\/professionelle-sparring-handschuhe-pride\/\" \/>\n<meta property=\"og:site_name\" content=\"PRIDEshop\" \/>\n<meta property=\"article:publisher\" content=\"https:\/\/sl-si.facebook.com\/PrideShopeu\" \/>\n<meta property=\"article:modified_time\" content=\"2025-08-04T08:49:49+00:00\" \/>\n<meta property=\"og:image\" content=\"https:\/\/prideshop.eu\/wp-content\/uploads\/2020\/09\/4040_PRIDE_ROKAVICE_BOKS.jpeg\" \/>\n\t<meta property=\"og:image:width\" content=\"600\" \/>\n\t<meta property=\"og:image:height\" content=\"600\" \/>\n\t<meta property=\"og:image:type\" content=\"image\/jpeg\" \/>\n<meta name=\"twitter:card\" content=\"summary_large_image\" \/>\n<script type=\"application\/ld+json\" class=\"yoast-schema-graph\">{\"@context\":\"https:\\\/\\\/schema.org\",\"@graph\":[{\"@type\":\"WebPage\",\"@id\":\"https:\\\/\\\/prideshop.eu\\\/de\\\/shop\\\/sportarten\\\/boxen\\\/boxhandschuhe\\\/professionelle-sparring-handschuhe-pride\\\/\",\"url\":\"https:\\\/\\\/prideshop.eu\\\/de\\\/shop\\\/sportarten\\\/boxen\\\/boxhandschuhe\\\/professionelle-sparring-handschuhe-pride\\\/\",\"name\":\"Professionelle Sparring Handschuhe | Pride - PRIDEshop\",\"isPartOf\":{\"@id\":\"https:\\\/\\\/prideshop.eu\\\/de\\\/#website\"},\"primaryImageOfPage\":{\"@id\":\"https:\\\/\\\/prideshop.eu\\\/de\\\/shop\\\/sportarten\\\/boxen\\\/boxhandschuhe\\\/professionelle-sparring-handschuhe-pride\\\/#primaryimage\"},\"image\":{\"@id\":\"https:\\\/\\\/prideshop.eu\\\/de\\\/shop\\\/sportarten\\\/boxen\\\/boxhandschuhe\\\/professionelle-sparring-handschuhe-pride\\\/#primaryimage\"},\"thumbnailUrl\":\"https:\\\/\\\/prideshop.eu\\\/wp-content\\\/uploads\\\/2020\\\/09\\\/4040_PRIDE_ROKAVICE_BOKS.jpeg\",\"datePublished\":\"2020-09-08T13:37:53+00:00\",\"dateModified\":\"2025-08-04T08:49:49+00:00\",\"description\":\"Professionelle Sparring Handschuhe, Pride. Prof. Sparring Handschuhe und Trainingshandschuhe f\u00fcr starke Schl\u00e4ge.\",\"breadcrumb\":{\"@id\":\"https:\\\/\\\/prideshop.eu\\\/de\\\/shop\\\/sportarten\\\/boxen\\\/boxhandschuhe\\\/professionelle-sparring-handschuhe-pride\\\/#breadcrumb\"},\"inLanguage\":\"de\",\"potentialAction\":[{\"@type\":\"ReadAction\",\"target\":[\"https:\\\/\\\/prideshop.eu\\\/de\\\/shop\\\/sportarten\\\/boxen\\\/boxhandschuhe\\\/professionelle-sparring-handschuhe-pride\\\/\"]}]},{\"@type\":\"ImageObject\",\"inLanguage\":\"de\",\"@id\":\"https:\\\/\\\/prideshop.eu\\\/de\\\/shop\\\/sportarten\\\/boxen\\\/boxhandschuhe\\\/professionelle-sparring-handschuhe-pride\\\/#primaryimage\",\"url\":\"https:\\\/\\\/prideshop.eu\\\/wp-content\\\/uploads\\\/2020\\\/09\\\/4040_PRIDE_ROKAVICE_BOKS.jpeg\",\"contentUrl\":\"https:\\\/\\\/prideshop.eu\\\/wp-content\\\/uploads\\\/2020\\\/09\\\/4040_PRIDE_ROKAVICE_BOKS.jpeg\",\"width\":600,\"height\":600},{\"@type\":\"BreadcrumbList\",\"@id\":\"https:\\\/\\\/prideshop.eu\\\/de\\\/shop\\\/sportarten\\\/boxen\\\/boxhandschuhe\\\/professionelle-sparring-handschuhe-pride\\\/#breadcrumb\",\"itemListElement\":[{\"@type\":\"ListItem\",\"position\":1,\"name\":\"Home\",\"item\":\"https:\\\/\\\/prideshop.eu\\\/de\\\/\"},{\"@type\":\"ListItem\",\"position\":2,\"name\":\"Gesch\u00e4ft\",\"item\":\"https:\\\/\\\/prideshop.eu\\\/de\\\/geschaeft\\\/\"},{\"@type\":\"ListItem\",\"position\":3,\"name\":\"Professionelle Sparring Handschuhe | Pride\"}]},{\"@type\":\"WebSite\",\"@id\":\"https:\\\/\\\/prideshop.eu\\\/de\\\/#website\",\"url\":\"https:\\\/\\\/prideshop.eu\\\/de\\\/\",\"name\":\"PRIDEshop\",\"description\":\"Oprema za Borilne \u0160porte\",\"publisher\":{\"@id\":\"https:\\\/\\\/prideshop.eu\\\/de\\\/#organization\"},\"potentialAction\":[{\"@type\":\"SearchAction\",\"target\":{\"@type\":\"EntryPoint\",\"urlTemplate\":\"https:\\\/\\\/prideshop.eu\\\/de\\\/?s={search_term_string}\"},\"query-input\":{\"@type\":\"PropertyValueSpecification\",\"valueRequired\":true,\"valueName\":\"search_term_string\"}}],\"inLanguage\":\"de\"},{\"@type\":\"Organization\",\"@id\":\"https:\\\/\\\/prideshop.eu\\\/de\\\/#organization\",\"name\":\"PRIDEshop\",\"url\":\"https:\\\/\\\/prideshop.eu\\\/de\\\/\",\"logo\":{\"@type\":\"ImageObject\",\"inLanguage\":\"de\",\"@id\":\"https:\\\/\\\/prideshop.eu\\\/de\\\/#\\\/schema\\\/logo\\\/image\\\/\",\"url\":\"\",\"contentUrl\":\"\",\"caption\":\"PRIDEshop\"},\"image\":{\"@id\":\"https:\\\/\\\/prideshop.eu\\\/de\\\/#\\\/schema\\\/logo\\\/image\\\/\"},\"sameAs\":[\"https:\\\/\\\/sl-si.facebook.com\\\/PrideShopeu\"]}]}<\/script>\n<!-- \/ Yoast SEO plugin. -->","yoast_head_json":{"title":"Professionelle Sparring Handschuhe | Pride - PRIDEshop","description":"Professionelle Sparring Handschuhe, Pride. Prof. Sparring Handschuhe und Trainingshandschuhe f\u00fcr starke Schl\u00e4ge.","robots":{"index":"index","follow":"follow","max-snippet":"max-snippet:-1","max-image-preview":"max-image-preview:large","max-video-preview":"max-video-preview:-1"},"canonical":"https:\/\/prideshop.eu\/de\/shop\/sportarten\/boxen\/boxhandschuhe\/professionelle-sparring-handschuhe-pride\/","og_locale":"de_DE","og_type":"article","og_title":"Professionelle Sparring Handschuhe | Pride - PRIDEshop","og_description":"Professionelle Sparring Handschuhe, Pride. Prof. Sparring Handschuhe und Trainingshandschuhe f\u00fcr starke Schl\u00e4ge.","og_url":"https:\/\/prideshop.eu\/de\/shop\/sportarten\/boxen\/boxhandschuhe\/professionelle-sparring-handschuhe-pride\/","og_site_name":"PRIDEshop","article_publisher":"https:\/\/sl-si.facebook.com\/PrideShopeu","article_modified_time":"2025-08-04T08:49:49+00:00","og_image":[{"width":600,"height":600,"url":"https:\/\/prideshop.eu\/wp-content\/uploads\/2020\/09\/4040_PRIDE_ROKAVICE_BOKS.jpeg","type":"image\/jpeg"}],"twitter_card":"summary_large_image","schema":{"@context":"https:\/\/schema.org","@graph":[{"@type":"WebPage","@id":"https:\/\/prideshop.eu\/de\/shop\/sportarten\/boxen\/boxhandschuhe\/professionelle-sparring-handschuhe-pride\/","url":"https:\/\/prideshop.eu\/de\/shop\/sportarten\/boxen\/boxhandschuhe\/professionelle-sparring-handschuhe-pride\/","name":"Professionelle Sparring Handschuhe | Pride - PRIDEshop","isPartOf":{"@id":"https:\/\/prideshop.eu\/de\/#website"},"primaryImageOfPage":{"@id":"https:\/\/prideshop.eu\/de\/shop\/sportarten\/boxen\/boxhandschuhe\/professionelle-sparring-handschuhe-pride\/#primaryimage"},"image":{"@id":"https:\/\/prideshop.eu\/de\/shop\/sportarten\/boxen\/boxhandschuhe\/professionelle-sparring-handschuhe-pride\/#primaryimage"},"thumbnailUrl":"https:\/\/prideshop.eu\/wp-content\/uploads\/2020\/09\/4040_PRIDE_ROKAVICE_BOKS.jpeg","datePublished":"2020-09-08T13:37:53+00:00","dateModified":"2025-08-04T08:49:49+00:00","description":"Professionelle Sparring Handschuhe, Pride. Prof. Sparring Handschuhe und Trainingshandschuhe f\u00fcr starke Schl\u00e4ge.","breadcrumb":{"@id":"https:\/\/prideshop.eu\/de\/shop\/sportarten\/boxen\/boxhandschuhe\/professionelle-sparring-handschuhe-pride\/#breadcrumb"},"inLanguage":"de","potentialAction":[{"@type":"ReadAction","target":["https:\/\/prideshop.eu\/de\/shop\/sportarten\/boxen\/boxhandschuhe\/professionelle-sparring-handschuhe-pride\/"]}]},{"@type":"ImageObject","inLanguage":"de","@id":"https:\/\/prideshop.eu\/de\/shop\/sportarten\/boxen\/boxhandschuhe\/professionelle-sparring-handschuhe-pride\/#primaryimage","url":"https:\/\/prideshop.eu\/wp-content\/uploads\/2020\/09\/4040_PRIDE_ROKAVICE_BOKS.jpeg","contentUrl":"https:\/\/prideshop.eu\/wp-content\/uploads\/2020\/09\/4040_PRIDE_ROKAVICE_BOKS.jpeg","width":600,"height":600},{"@type":"BreadcrumbList","@id":"https:\/\/prideshop.eu\/de\/shop\/sportarten\/boxen\/boxhandschuhe\/professionelle-sparring-handschuhe-pride\/#breadcrumb","itemListElement":[{"@type":"ListItem","position":1,"name":"Home","item":"https:\/\/prideshop.eu\/de\/"},{"@type":"ListItem","position":2,"name":"Gesch\u00e4ft","item":"https:\/\/prideshop.eu\/de\/geschaeft\/"},{"@type":"ListItem","position":3,"name":"Professionelle Sparring Handschuhe | Pride"}]},{"@type":"WebSite","@id":"https:\/\/prideshop.eu\/de\/#website","url":"https:\/\/prideshop.eu\/de\/","name":"PRIDEshop","description":"Oprema za Borilne \u0160porte","publisher":{"@id":"https:\/\/prideshop.eu\/de\/#organization"},"potentialAction":[{"@type":"SearchAction","target":{"@type":"EntryPoint","urlTemplate":"https:\/\/prideshop.eu\/de\/?s={search_term_string}"},"query-input":{"@type":"PropertyValueSpecification","valueRequired":true,"valueName":"search_term_string"}}],"inLanguage":"de"},{"@type":"Organization","@id":"https:\/\/prideshop.eu\/de\/#organization","name":"PRIDEshop","url":"https:\/\/prideshop.eu\/de\/","logo":{"@type":"ImageObject","inLanguage":"de","@id":"https:\/\/prideshop.eu\/de\/#\/schema\/logo\/image\/","url":"","contentUrl":"","caption":"PRIDEshop"},"image":{"@id":"https:\/\/prideshop.eu\/de\/#\/schema\/logo\/image\/"},"sameAs":["https:\/\/sl-si.facebook.com\/PrideShopeu"]}]}},"_links":{"self":[{"href":"https:\/\/prideshop.eu\/de\/wp-json\/wp\/v2\/product\/10214","targetHints":{"allow":["GET"]}}],"collection":[{"href":"https:\/\/prideshop.eu\/de\/wp-json\/wp\/v2\/product"}],"about":[{"href":"https:\/\/prideshop.eu\/de\/wp-json\/wp\/v2\/types\/product"}],"replies":[{"embeddable":true,"href":"https:\/\/prideshop.eu\/de\/wp-json\/wp\/v2\/comments?post=10214"}],"wp:featuredmedia":[{"embeddable":true,"href":"https:\/\/prideshop.eu\/de\/wp-json\/wp\/v2\/media\/10227"}],"wp:attachment":[{"href":"https:\/\/prideshop.eu\/de\/wp-json\/wp\/v2\/media?parent=10214"}],"wp:term":[{"taxonomy":"product_brand","embeddable":true,"href":"https:\/\/prideshop.eu\/de\/wp-json\/wp\/v2\/product_brand?post=10214"},{"taxonomy":"product_cat","embeddable":true,"href":"https:\/\/prideshop.eu\/de\/wp-json\/wp\/v2\/product_cat?post=10214"},{"taxonomy":"product_tag","embeddable":true,"href":"https:\/\/prideshop.eu\/de\/wp-json\/wp\/v2\/product_tag?post=10214"}],"curies":[{"name":"wp","href":"https:\/\/api.w.org\/{rel}","templated":true}]}}