{"id":10490,"date":"2020-09-08T10:12:51","date_gmt":"2020-09-08T08:12:51","guid":{"rendered":"https:\/\/prideshop.eu\/spletna-trgovina\/unkategorisiert\/mma-handschuhe-all-stars-pride\/"},"modified":"2025-08-04T10:53:36","modified_gmt":"2025-08-04T08:53:36","slug":"mma-handschuhe-all-stars-pride","status":"publish","type":"product","link":"https:\/\/prideshop.eu\/de\/shop\/sportarten\/mma-ultimate-fight-de\/mma-ultimate-fight-handschuhe\/mma-handschuhe-all-stars-pride\/","title":{"rendered":"MMA Handschuhe Pride \u2013 All Stars"},"content":{"rendered":"<h3>MMA Handschuhe Pride \u2013 All Stars<\/h3>\n<p>MMA Handschuhe All Stars, PridenModerne Hochwertige Gloves mit freien Fingern, zus\u00e4tzlichem Schutz f\u00fcr den Daumennund offener Handfl\u00e4che der Marke Pride sind allen gewidmet, die von ihren Handschuhe f\u00fcr wenig Geld nur das beste wollen.nnDer zentralle Teil ist aus hochwertigem Kunstleder und dichter EF45 F\u00fcllung gemacht.nDie Kombination dieser Materialien versichert viel Beweglichkeit und Artikulation der H\u00e4nde.nBefestigung mit einem B\u00e4nd, dass sich mit einem Igel am Handgelenk befestigen l\u00e4sst und den besten Griff der Handschuhe an den H\u00e4nden versichert.nGeeignet f\u00fcr MMA, Free Fight, Grappling und \u00e4hnliche Sportarten, aber auch f\u00fcr das Training auf Fokusen und bei Schl\u00e4gen in den Boxssack.<\/p>\n","protected":false},"excerpt":{"rendered":"<p>MMA Handschuhe All Stars, PridenModerne Hochwertige Gloves mit freien Fingern, zus\u00e4tzlichem Schutz f\u00fcr den Daumennund offener Handfl\u00e4che der Marke Pride sind allen gewidmet, die von ihren Handschuhe f\u00fcr wenig Geld nur das beste wollen.nnDer zentralle Teil ist aus hochwertigem Kunstleder und dichter EF45 F\u00fcllung gemacht.nDie Kombination dieser Materialien versichert viel Beweglichkeit und Artikulation der H\u00e4nde.nBefestigung mit einem B\u00e4nd, dass sich mit einem Igel am Handgelenk befestigen l\u00e4sst und den besten Griff der Handschuhe an den H\u00e4nden versichert.nGeeignet f\u00fcr MMA, Free Fight, Grappling und \u00e4hnliche Sportarten, aber auch f\u00fcr das Training auf Fokusen und bei Schl\u00e4gen in den Boxssack.<\/p>\n","protected":false},"featured_media":10494,"comment_status":"open","ping_status":"closed","template":"","meta":{"_acf_changed":false},"product_brand":[2086],"product_cat":[580,638,738,734,744,752,634,656],"product_tag":[],"class_list":{"0":"post-10490","1":"product","2":"type-product","3":"status-publish","4":"has-post-thumbnail","6":"product_brand-pride","7":"product_cat-equipment-de","8":"product_cat-handschuhe","9":"product_cat-handschuhe-fur-krav-maga","10":"product_cat-krav-maga-de","11":"product_cat-mma-ultimate-fight-de","12":"product_cat-mma-ultimate-fight-handschuhe","13":"product_cat-schutzausrustung","14":"product_cat-sportarten","16":"first","17":"instock","18":"taxable","19":"shipping-taxable","20":"purchasable","21":"product-type-variable"},"acf":[],"yoast_head":"<!-- This site is optimized with the Yoast SEO plugin v27.5 - https:\/\/yoast.com\/product\/yoast-seo-wordpress\/ -->\n<title>MMA Handschuhe Pride \u2013 All Stars - PRIDEshop<\/title>\n<meta name=\"description\" content=\"MMA Handschuhe All Stars, Pride. Moderne Hochwertige Gloves mit freien Fingern, zus\u00e4tzlichem Schutz f\u00fcr den Daumenund offener Handfl\u00e4che\" \/>\n<meta name=\"robots\" content=\"index, follow, max-snippet:-1, max-image-preview:large, max-video-preview:-1\" \/>\n<link rel=\"canonical\" href=\"https:\/\/prideshop.eu\/de\/shop\/sportarten\/mma-ultimate-fight-de\/mma-ultimate-fight-handschuhe\/mma-handschuhe-all-stars-pride\/\" \/>\n<meta property=\"og:locale\" content=\"de_DE\" \/>\n<meta property=\"og:type\" content=\"article\" \/>\n<meta property=\"og:title\" content=\"MMA Handschuhe Pride \u2013 All Stars - PRIDEshop\" \/>\n<meta property=\"og:description\" content=\"MMA Handschuhe All Stars, Pride. Moderne Hochwertige Gloves mit freien Fingern, zus\u00e4tzlichem Schutz f\u00fcr den Daumenund offener Handfl\u00e4che\" \/>\n<meta property=\"og:url\" content=\"https:\/\/prideshop.eu\/de\/shop\/sportarten\/mma-ultimate-fight-de\/mma-ultimate-fight-handschuhe\/mma-handschuhe-all-stars-pride\/\" \/>\n<meta property=\"og:site_name\" content=\"PRIDEshop\" \/>\n<meta property=\"article:publisher\" content=\"https:\/\/sl-si.facebook.com\/PrideShopeu\" \/>\n<meta property=\"article:modified_time\" content=\"2025-08-04T08:53:36+00:00\" \/>\n<meta property=\"og:image\" content=\"https:\/\/prideshop.eu\/wp-content\/uploads\/2020\/09\/4358_MMA_rokavice_ALL_stars_Pride_crna.jpeg\" \/>\n\t<meta property=\"og:image:width\" content=\"600\" \/>\n\t<meta property=\"og:image:height\" content=\"600\" \/>\n\t<meta property=\"og:image:type\" content=\"image\/jpeg\" \/>\n<meta name=\"twitter:card\" content=\"summary_large_image\" \/>\n<meta name=\"twitter:label1\" content=\"Gesch\u00e4tzte Lesezeit\" \/>\n\t<meta name=\"twitter:data1\" content=\"1\u00a0Minute\" \/>\n<script type=\"application\/ld+json\" class=\"yoast-schema-graph\">{\"@context\":\"https:\\\/\\\/schema.org\",\"@graph\":[{\"@type\":\"WebPage\",\"@id\":\"https:\\\/\\\/prideshop.eu\\\/de\\\/shop\\\/sportarten\\\/mma-ultimate-fight-de\\\/mma-ultimate-fight-handschuhe\\\/mma-handschuhe-all-stars-pride\\\/\",\"url\":\"https:\\\/\\\/prideshop.eu\\\/de\\\/shop\\\/sportarten\\\/mma-ultimate-fight-de\\\/mma-ultimate-fight-handschuhe\\\/mma-handschuhe-all-stars-pride\\\/\",\"name\":\"MMA Handschuhe Pride \u2013 All Stars - PRIDEshop\",\"isPartOf\":{\"@id\":\"https:\\\/\\\/prideshop.eu\\\/de\\\/#website\"},\"primaryImageOfPage\":{\"@id\":\"https:\\\/\\\/prideshop.eu\\\/de\\\/shop\\\/sportarten\\\/mma-ultimate-fight-de\\\/mma-ultimate-fight-handschuhe\\\/mma-handschuhe-all-stars-pride\\\/#primaryimage\"},\"image\":{\"@id\":\"https:\\\/\\\/prideshop.eu\\\/de\\\/shop\\\/sportarten\\\/mma-ultimate-fight-de\\\/mma-ultimate-fight-handschuhe\\\/mma-handschuhe-all-stars-pride\\\/#primaryimage\"},\"thumbnailUrl\":\"https:\\\/\\\/prideshop.eu\\\/wp-content\\\/uploads\\\/2020\\\/09\\\/4358_MMA_rokavice_ALL_stars_Pride_crna.jpeg\",\"datePublished\":\"2020-09-08T08:12:51+00:00\",\"dateModified\":\"2025-08-04T08:53:36+00:00\",\"description\":\"MMA Handschuhe All Stars, Pride. Moderne Hochwertige Gloves mit freien Fingern, zus\u00e4tzlichem Schutz f\u00fcr den Daumenund offener Handfl\u00e4che\",\"breadcrumb\":{\"@id\":\"https:\\\/\\\/prideshop.eu\\\/de\\\/shop\\\/sportarten\\\/mma-ultimate-fight-de\\\/mma-ultimate-fight-handschuhe\\\/mma-handschuhe-all-stars-pride\\\/#breadcrumb\"},\"inLanguage\":\"de\",\"potentialAction\":[{\"@type\":\"ReadAction\",\"target\":[\"https:\\\/\\\/prideshop.eu\\\/de\\\/shop\\\/sportarten\\\/mma-ultimate-fight-de\\\/mma-ultimate-fight-handschuhe\\\/mma-handschuhe-all-stars-pride\\\/\"]}]},{\"@type\":\"ImageObject\",\"inLanguage\":\"de\",\"@id\":\"https:\\\/\\\/prideshop.eu\\\/de\\\/shop\\\/sportarten\\\/mma-ultimate-fight-de\\\/mma-ultimate-fight-handschuhe\\\/mma-handschuhe-all-stars-pride\\\/#primaryimage\",\"url\":\"https:\\\/\\\/prideshop.eu\\\/wp-content\\\/uploads\\\/2020\\\/09\\\/4358_MMA_rokavice_ALL_stars_Pride_crna.jpeg\",\"contentUrl\":\"https:\\\/\\\/prideshop.eu\\\/wp-content\\\/uploads\\\/2020\\\/09\\\/4358_MMA_rokavice_ALL_stars_Pride_crna.jpeg\",\"width\":600,\"height\":600},{\"@type\":\"BreadcrumbList\",\"@id\":\"https:\\\/\\\/prideshop.eu\\\/de\\\/shop\\\/sportarten\\\/mma-ultimate-fight-de\\\/mma-ultimate-fight-handschuhe\\\/mma-handschuhe-all-stars-pride\\\/#breadcrumb\",\"itemListElement\":[{\"@type\":\"ListItem\",\"position\":1,\"name\":\"Home\",\"item\":\"https:\\\/\\\/prideshop.eu\\\/de\\\/\"},{\"@type\":\"ListItem\",\"position\":2,\"name\":\"Gesch\u00e4ft\",\"item\":\"https:\\\/\\\/prideshop.eu\\\/de\\\/geschaeft\\\/\"},{\"@type\":\"ListItem\",\"position\":3,\"name\":\"MMA Handschuhe Pride \u2013 All Stars\"}]},{\"@type\":\"WebSite\",\"@id\":\"https:\\\/\\\/prideshop.eu\\\/de\\\/#website\",\"url\":\"https:\\\/\\\/prideshop.eu\\\/de\\\/\",\"name\":\"PRIDEshop\",\"description\":\"Oprema za Borilne \u0160porte\",\"publisher\":{\"@id\":\"https:\\\/\\\/prideshop.eu\\\/de\\\/#organization\"},\"potentialAction\":[{\"@type\":\"SearchAction\",\"target\":{\"@type\":\"EntryPoint\",\"urlTemplate\":\"https:\\\/\\\/prideshop.eu\\\/de\\\/?s={search_term_string}\"},\"query-input\":{\"@type\":\"PropertyValueSpecification\",\"valueRequired\":true,\"valueName\":\"search_term_string\"}}],\"inLanguage\":\"de\"},{\"@type\":\"Organization\",\"@id\":\"https:\\\/\\\/prideshop.eu\\\/de\\\/#organization\",\"name\":\"PRIDEshop\",\"url\":\"https:\\\/\\\/prideshop.eu\\\/de\\\/\",\"logo\":{\"@type\":\"ImageObject\",\"inLanguage\":\"de\",\"@id\":\"https:\\\/\\\/prideshop.eu\\\/de\\\/#\\\/schema\\\/logo\\\/image\\\/\",\"url\":\"\",\"contentUrl\":\"\",\"caption\":\"PRIDEshop\"},\"image\":{\"@id\":\"https:\\\/\\\/prideshop.eu\\\/de\\\/#\\\/schema\\\/logo\\\/image\\\/\"},\"sameAs\":[\"https:\\\/\\\/sl-si.facebook.com\\\/PrideShopeu\"]}]}<\/script>\n<!-- \/ Yoast SEO plugin. -->","yoast_head_json":{"title":"MMA Handschuhe Pride \u2013 All Stars - PRIDEshop","description":"MMA Handschuhe All Stars, Pride. Moderne Hochwertige Gloves mit freien Fingern, zus\u00e4tzlichem Schutz f\u00fcr den Daumenund offener Handfl\u00e4che","robots":{"index":"index","follow":"follow","max-snippet":"max-snippet:-1","max-image-preview":"max-image-preview:large","max-video-preview":"max-video-preview:-1"},"canonical":"https:\/\/prideshop.eu\/de\/shop\/sportarten\/mma-ultimate-fight-de\/mma-ultimate-fight-handschuhe\/mma-handschuhe-all-stars-pride\/","og_locale":"de_DE","og_type":"article","og_title":"MMA Handschuhe Pride \u2013 All Stars - PRIDEshop","og_description":"MMA Handschuhe All Stars, Pride. Moderne Hochwertige Gloves mit freien Fingern, zus\u00e4tzlichem Schutz f\u00fcr den Daumenund offener Handfl\u00e4che","og_url":"https:\/\/prideshop.eu\/de\/shop\/sportarten\/mma-ultimate-fight-de\/mma-ultimate-fight-handschuhe\/mma-handschuhe-all-stars-pride\/","og_site_name":"PRIDEshop","article_publisher":"https:\/\/sl-si.facebook.com\/PrideShopeu","article_modified_time":"2025-08-04T08:53:36+00:00","og_image":[{"width":600,"height":600,"url":"https:\/\/prideshop.eu\/wp-content\/uploads\/2020\/09\/4358_MMA_rokavice_ALL_stars_Pride_crna.jpeg","type":"image\/jpeg"}],"twitter_card":"summary_large_image","twitter_misc":{"Gesch\u00e4tzte Lesezeit":"1\u00a0Minute"},"schema":{"@context":"https:\/\/schema.org","@graph":[{"@type":"WebPage","@id":"https:\/\/prideshop.eu\/de\/shop\/sportarten\/mma-ultimate-fight-de\/mma-ultimate-fight-handschuhe\/mma-handschuhe-all-stars-pride\/","url":"https:\/\/prideshop.eu\/de\/shop\/sportarten\/mma-ultimate-fight-de\/mma-ultimate-fight-handschuhe\/mma-handschuhe-all-stars-pride\/","name":"MMA Handschuhe Pride \u2013 All Stars - PRIDEshop","isPartOf":{"@id":"https:\/\/prideshop.eu\/de\/#website"},"primaryImageOfPage":{"@id":"https:\/\/prideshop.eu\/de\/shop\/sportarten\/mma-ultimate-fight-de\/mma-ultimate-fight-handschuhe\/mma-handschuhe-all-stars-pride\/#primaryimage"},"image":{"@id":"https:\/\/prideshop.eu\/de\/shop\/sportarten\/mma-ultimate-fight-de\/mma-ultimate-fight-handschuhe\/mma-handschuhe-all-stars-pride\/#primaryimage"},"thumbnailUrl":"https:\/\/prideshop.eu\/wp-content\/uploads\/2020\/09\/4358_MMA_rokavice_ALL_stars_Pride_crna.jpeg","datePublished":"2020-09-08T08:12:51+00:00","dateModified":"2025-08-04T08:53:36+00:00","description":"MMA Handschuhe All Stars, Pride. Moderne Hochwertige Gloves mit freien Fingern, zus\u00e4tzlichem Schutz f\u00fcr den Daumenund offener Handfl\u00e4che","breadcrumb":{"@id":"https:\/\/prideshop.eu\/de\/shop\/sportarten\/mma-ultimate-fight-de\/mma-ultimate-fight-handschuhe\/mma-handschuhe-all-stars-pride\/#breadcrumb"},"inLanguage":"de","potentialAction":[{"@type":"ReadAction","target":["https:\/\/prideshop.eu\/de\/shop\/sportarten\/mma-ultimate-fight-de\/mma-ultimate-fight-handschuhe\/mma-handschuhe-all-stars-pride\/"]}]},{"@type":"ImageObject","inLanguage":"de","@id":"https:\/\/prideshop.eu\/de\/shop\/sportarten\/mma-ultimate-fight-de\/mma-ultimate-fight-handschuhe\/mma-handschuhe-all-stars-pride\/#primaryimage","url":"https:\/\/prideshop.eu\/wp-content\/uploads\/2020\/09\/4358_MMA_rokavice_ALL_stars_Pride_crna.jpeg","contentUrl":"https:\/\/prideshop.eu\/wp-content\/uploads\/2020\/09\/4358_MMA_rokavice_ALL_stars_Pride_crna.jpeg","width":600,"height":600},{"@type":"BreadcrumbList","@id":"https:\/\/prideshop.eu\/de\/shop\/sportarten\/mma-ultimate-fight-de\/mma-ultimate-fight-handschuhe\/mma-handschuhe-all-stars-pride\/#breadcrumb","itemListElement":[{"@type":"ListItem","position":1,"name":"Home","item":"https:\/\/prideshop.eu\/de\/"},{"@type":"ListItem","position":2,"name":"Gesch\u00e4ft","item":"https:\/\/prideshop.eu\/de\/geschaeft\/"},{"@type":"ListItem","position":3,"name":"MMA Handschuhe Pride \u2013 All Stars"}]},{"@type":"WebSite","@id":"https:\/\/prideshop.eu\/de\/#website","url":"https:\/\/prideshop.eu\/de\/","name":"PRIDEshop","description":"Oprema za Borilne \u0160porte","publisher":{"@id":"https:\/\/prideshop.eu\/de\/#organization"},"potentialAction":[{"@type":"SearchAction","target":{"@type":"EntryPoint","urlTemplate":"https:\/\/prideshop.eu\/de\/?s={search_term_string}"},"query-input":{"@type":"PropertyValueSpecification","valueRequired":true,"valueName":"search_term_string"}}],"inLanguage":"de"},{"@type":"Organization","@id":"https:\/\/prideshop.eu\/de\/#organization","name":"PRIDEshop","url":"https:\/\/prideshop.eu\/de\/","logo":{"@type":"ImageObject","inLanguage":"de","@id":"https:\/\/prideshop.eu\/de\/#\/schema\/logo\/image\/","url":"","contentUrl":"","caption":"PRIDEshop"},"image":{"@id":"https:\/\/prideshop.eu\/de\/#\/schema\/logo\/image\/"},"sameAs":["https:\/\/sl-si.facebook.com\/PrideShopeu"]}]}},"_links":{"self":[{"href":"https:\/\/prideshop.eu\/de\/wp-json\/wp\/v2\/product\/10490","targetHints":{"allow":["GET"]}}],"collection":[{"href":"https:\/\/prideshop.eu\/de\/wp-json\/wp\/v2\/product"}],"about":[{"href":"https:\/\/prideshop.eu\/de\/wp-json\/wp\/v2\/types\/product"}],"replies":[{"embeddable":true,"href":"https:\/\/prideshop.eu\/de\/wp-json\/wp\/v2\/comments?post=10490"}],"wp:featuredmedia":[{"embeddable":true,"href":"https:\/\/prideshop.eu\/de\/wp-json\/wp\/v2\/media\/10494"}],"wp:attachment":[{"href":"https:\/\/prideshop.eu\/de\/wp-json\/wp\/v2\/media?parent=10490"}],"wp:term":[{"taxonomy":"product_brand","embeddable":true,"href":"https:\/\/prideshop.eu\/de\/wp-json\/wp\/v2\/product_brand?post=10490"},{"taxonomy":"product_cat","embeddable":true,"href":"https:\/\/prideshop.eu\/de\/wp-json\/wp\/v2\/product_cat?post=10490"},{"taxonomy":"product_tag","embeddable":true,"href":"https:\/\/prideshop.eu\/de\/wp-json\/wp\/v2\/product_tag?post=10490"}],"curies":[{"name":"wp","href":"https:\/\/api.w.org\/{rel}","templated":true}]}}