{"id":10508,"date":"2020-09-08T09:37:10","date_gmt":"2020-09-08T07:37:10","guid":{"rendered":"https:\/\/prideshop.eu\/spletna-trgovina\/unkategorisiert\/professionelle-mma-handschuhe-pride\/"},"modified":"2025-08-04T10:53:47","modified_gmt":"2025-08-04T08:53:47","slug":"professionelle-mma-handschuhe-pride","status":"publish","type":"product","link":"https:\/\/prideshop.eu\/de\/shop\/sportarten\/mma-ultimate-fight-de\/mma-ultimate-fight-handschuhe\/professionelle-mma-handschuhe-pride\/","title":{"rendered":"Profi MMA Handschuhe Leder Pride \u2013 MasterStrike"},"content":{"rendered":"<h3>Profi MMA Handschuhe Leder Pride \u2013 MasterStrike<\/h3>\n<p>Professionelle MMA Handschuhe, PridenProf. MMA Gloves der Marke Pride. Aus echtem Leder undnE71 F\u00fcllung mit zus\u00e4tzlichem Schutz f\u00fcr den Daumen. Befestigungnmit einem Band um das Handgelenk, mit einem Igelverschlu\u00df, um besseren Griffnder Handschuhe an den H\u00e4nden zu erm\u00f6glichen. Geeignet f\u00fcr MMA, Free Fight, Grapplingnund \u00e4hnliche Sportarten, aber auch f\u00fcr Schl\u00e4ge in den Boxsack und beim Training auf Fokusen.<\/p>\n","protected":false},"excerpt":{"rendered":"<p>Professionelle MMA Handschuhe, PridenProf. MMA Gloves der Marke Pride. Aus echtem Leder undnE71 F\u00fcllung mit zus\u00e4tzlichem Schutz f\u00fcr den Daumen. Befestigungnmit einem Band um das Handgelenk, mit einem Igelverschlu\u00df, um besseren Griffnder Handschuhe an den H\u00e4nden zu erm\u00f6glichen. Geeignet f\u00fcr MMA, Free Fight, Grapplingnund \u00e4hnliche Sportarten, aber auch f\u00fcr Schl\u00e4ge in den Boxsack und beim Training auf Fokusen.<\/p>\n","protected":false},"featured_media":10511,"comment_status":"open","ping_status":"closed","template":"","meta":{"_acf_changed":false},"product_brand":[2086],"product_cat":[580,638,738,734,744,752,634,656],"product_tag":[],"class_list":{"0":"post-10508","1":"product","2":"type-product","3":"status-publish","4":"has-post-thumbnail","6":"product_brand-pride","7":"product_cat-equipment-de","8":"product_cat-handschuhe","9":"product_cat-handschuhe-fur-krav-maga","10":"product_cat-krav-maga-de","11":"product_cat-mma-ultimate-fight-de","12":"product_cat-mma-ultimate-fight-handschuhe","13":"product_cat-schutzausrustung","14":"product_cat-sportarten","16":"first","17":"instock","18":"taxable","19":"shipping-taxable","20":"purchasable","21":"product-type-variable"},"acf":[],"yoast_head":"<!-- This site is optimized with the Yoast SEO plugin v27.5 - https:\/\/yoast.com\/product\/yoast-seo-wordpress\/ -->\n<title>Profi MMA Handschuhe Leder Pride \u2013 MasterStrike - PRIDEshop<\/title>\n<meta name=\"description\" content=\"Professionelle MMA Handschuhe, Pride. Prof. MMA Gloves der Marke Pride. Aus echtem Leder und E71 F\u00fcllung mit zus\u00e4tzlichem Schutz f\u00fcr den Daumen.\" \/>\n<meta name=\"robots\" content=\"index, follow, max-snippet:-1, max-image-preview:large, max-video-preview:-1\" \/>\n<link rel=\"canonical\" href=\"https:\/\/prideshop.eu\/de\/shop\/sportarten\/mma-ultimate-fight-de\/mma-ultimate-fight-handschuhe\/professionelle-mma-handschuhe-pride\/\" \/>\n<meta property=\"og:locale\" content=\"de_DE\" \/>\n<meta property=\"og:type\" content=\"article\" \/>\n<meta property=\"og:title\" content=\"Profi MMA Handschuhe Leder Pride \u2013 MasterStrike - PRIDEshop\" \/>\n<meta property=\"og:description\" content=\"Professionelle MMA Handschuhe, Pride. Prof. MMA Gloves der Marke Pride. Aus echtem Leder und E71 F\u00fcllung mit zus\u00e4tzlichem Schutz f\u00fcr den Daumen.\" \/>\n<meta property=\"og:url\" content=\"https:\/\/prideshop.eu\/de\/shop\/sportarten\/mma-ultimate-fight-de\/mma-ultimate-fight-handschuhe\/professionelle-mma-handschuhe-pride\/\" \/>\n<meta property=\"og:site_name\" content=\"PRIDEshop\" \/>\n<meta property=\"article:publisher\" content=\"https:\/\/sl-si.facebook.com\/PrideShopeu\" \/>\n<meta property=\"article:modified_time\" content=\"2025-08-04T08:53:47+00:00\" \/>\n<meta property=\"og:image\" content=\"https:\/\/prideshop.eu\/wp-content\/uploads\/2020\/09\/4361_Prof_MMA_rokavice_Pride.jpeg\" \/>\n\t<meta property=\"og:image:width\" content=\"600\" \/>\n\t<meta property=\"og:image:height\" content=\"600\" \/>\n\t<meta property=\"og:image:type\" content=\"image\/jpeg\" \/>\n<meta name=\"twitter:card\" content=\"summary_large_image\" \/>\n<script type=\"application\/ld+json\" class=\"yoast-schema-graph\">{\"@context\":\"https:\\\/\\\/schema.org\",\"@graph\":[{\"@type\":\"WebPage\",\"@id\":\"https:\\\/\\\/prideshop.eu\\\/de\\\/shop\\\/sportarten\\\/mma-ultimate-fight-de\\\/mma-ultimate-fight-handschuhe\\\/professionelle-mma-handschuhe-pride\\\/\",\"url\":\"https:\\\/\\\/prideshop.eu\\\/de\\\/shop\\\/sportarten\\\/mma-ultimate-fight-de\\\/mma-ultimate-fight-handschuhe\\\/professionelle-mma-handschuhe-pride\\\/\",\"name\":\"Profi MMA Handschuhe Leder Pride \u2013 MasterStrike - PRIDEshop\",\"isPartOf\":{\"@id\":\"https:\\\/\\\/prideshop.eu\\\/de\\\/#website\"},\"primaryImageOfPage\":{\"@id\":\"https:\\\/\\\/prideshop.eu\\\/de\\\/shop\\\/sportarten\\\/mma-ultimate-fight-de\\\/mma-ultimate-fight-handschuhe\\\/professionelle-mma-handschuhe-pride\\\/#primaryimage\"},\"image\":{\"@id\":\"https:\\\/\\\/prideshop.eu\\\/de\\\/shop\\\/sportarten\\\/mma-ultimate-fight-de\\\/mma-ultimate-fight-handschuhe\\\/professionelle-mma-handschuhe-pride\\\/#primaryimage\"},\"thumbnailUrl\":\"https:\\\/\\\/prideshop.eu\\\/wp-content\\\/uploads\\\/2020\\\/09\\\/4361_Prof_MMA_rokavice_Pride.jpeg\",\"datePublished\":\"2020-09-08T07:37:10+00:00\",\"dateModified\":\"2025-08-04T08:53:47+00:00\",\"description\":\"Professionelle MMA Handschuhe, Pride. Prof. MMA Gloves der Marke Pride. Aus echtem Leder und E71 F\u00fcllung mit zus\u00e4tzlichem Schutz f\u00fcr den Daumen.\",\"breadcrumb\":{\"@id\":\"https:\\\/\\\/prideshop.eu\\\/de\\\/shop\\\/sportarten\\\/mma-ultimate-fight-de\\\/mma-ultimate-fight-handschuhe\\\/professionelle-mma-handschuhe-pride\\\/#breadcrumb\"},\"inLanguage\":\"de\",\"potentialAction\":[{\"@type\":\"ReadAction\",\"target\":[\"https:\\\/\\\/prideshop.eu\\\/de\\\/shop\\\/sportarten\\\/mma-ultimate-fight-de\\\/mma-ultimate-fight-handschuhe\\\/professionelle-mma-handschuhe-pride\\\/\"]}]},{\"@type\":\"ImageObject\",\"inLanguage\":\"de\",\"@id\":\"https:\\\/\\\/prideshop.eu\\\/de\\\/shop\\\/sportarten\\\/mma-ultimate-fight-de\\\/mma-ultimate-fight-handschuhe\\\/professionelle-mma-handschuhe-pride\\\/#primaryimage\",\"url\":\"https:\\\/\\\/prideshop.eu\\\/wp-content\\\/uploads\\\/2020\\\/09\\\/4361_Prof_MMA_rokavice_Pride.jpeg\",\"contentUrl\":\"https:\\\/\\\/prideshop.eu\\\/wp-content\\\/uploads\\\/2020\\\/09\\\/4361_Prof_MMA_rokavice_Pride.jpeg\",\"width\":600,\"height\":600},{\"@type\":\"BreadcrumbList\",\"@id\":\"https:\\\/\\\/prideshop.eu\\\/de\\\/shop\\\/sportarten\\\/mma-ultimate-fight-de\\\/mma-ultimate-fight-handschuhe\\\/professionelle-mma-handschuhe-pride\\\/#breadcrumb\",\"itemListElement\":[{\"@type\":\"ListItem\",\"position\":1,\"name\":\"Home\",\"item\":\"https:\\\/\\\/prideshop.eu\\\/de\\\/\"},{\"@type\":\"ListItem\",\"position\":2,\"name\":\"Gesch\u00e4ft\",\"item\":\"https:\\\/\\\/prideshop.eu\\\/de\\\/geschaeft\\\/\"},{\"@type\":\"ListItem\",\"position\":3,\"name\":\"Profi MMA Handschuhe Leder Pride \u2013 MasterStrike\"}]},{\"@type\":\"WebSite\",\"@id\":\"https:\\\/\\\/prideshop.eu\\\/de\\\/#website\",\"url\":\"https:\\\/\\\/prideshop.eu\\\/de\\\/\",\"name\":\"PRIDEshop\",\"description\":\"Oprema za Borilne \u0160porte\",\"publisher\":{\"@id\":\"https:\\\/\\\/prideshop.eu\\\/de\\\/#organization\"},\"potentialAction\":[{\"@type\":\"SearchAction\",\"target\":{\"@type\":\"EntryPoint\",\"urlTemplate\":\"https:\\\/\\\/prideshop.eu\\\/de\\\/?s={search_term_string}\"},\"query-input\":{\"@type\":\"PropertyValueSpecification\",\"valueRequired\":true,\"valueName\":\"search_term_string\"}}],\"inLanguage\":\"de\"},{\"@type\":\"Organization\",\"@id\":\"https:\\\/\\\/prideshop.eu\\\/de\\\/#organization\",\"name\":\"PRIDEshop\",\"url\":\"https:\\\/\\\/prideshop.eu\\\/de\\\/\",\"logo\":{\"@type\":\"ImageObject\",\"inLanguage\":\"de\",\"@id\":\"https:\\\/\\\/prideshop.eu\\\/de\\\/#\\\/schema\\\/logo\\\/image\\\/\",\"url\":\"\",\"contentUrl\":\"\",\"caption\":\"PRIDEshop\"},\"image\":{\"@id\":\"https:\\\/\\\/prideshop.eu\\\/de\\\/#\\\/schema\\\/logo\\\/image\\\/\"},\"sameAs\":[\"https:\\\/\\\/sl-si.facebook.com\\\/PrideShopeu\"]}]}<\/script>\n<!-- \/ Yoast SEO plugin. -->","yoast_head_json":{"title":"Profi MMA Handschuhe Leder Pride \u2013 MasterStrike - PRIDEshop","description":"Professionelle MMA Handschuhe, Pride. Prof. MMA Gloves der Marke Pride. Aus echtem Leder und E71 F\u00fcllung mit zus\u00e4tzlichem Schutz f\u00fcr den Daumen.","robots":{"index":"index","follow":"follow","max-snippet":"max-snippet:-1","max-image-preview":"max-image-preview:large","max-video-preview":"max-video-preview:-1"},"canonical":"https:\/\/prideshop.eu\/de\/shop\/sportarten\/mma-ultimate-fight-de\/mma-ultimate-fight-handschuhe\/professionelle-mma-handschuhe-pride\/","og_locale":"de_DE","og_type":"article","og_title":"Profi MMA Handschuhe Leder Pride \u2013 MasterStrike - PRIDEshop","og_description":"Professionelle MMA Handschuhe, Pride. Prof. MMA Gloves der Marke Pride. Aus echtem Leder und E71 F\u00fcllung mit zus\u00e4tzlichem Schutz f\u00fcr den Daumen.","og_url":"https:\/\/prideshop.eu\/de\/shop\/sportarten\/mma-ultimate-fight-de\/mma-ultimate-fight-handschuhe\/professionelle-mma-handschuhe-pride\/","og_site_name":"PRIDEshop","article_publisher":"https:\/\/sl-si.facebook.com\/PrideShopeu","article_modified_time":"2025-08-04T08:53:47+00:00","og_image":[{"width":600,"height":600,"url":"https:\/\/prideshop.eu\/wp-content\/uploads\/2020\/09\/4361_Prof_MMA_rokavice_Pride.jpeg","type":"image\/jpeg"}],"twitter_card":"summary_large_image","schema":{"@context":"https:\/\/schema.org","@graph":[{"@type":"WebPage","@id":"https:\/\/prideshop.eu\/de\/shop\/sportarten\/mma-ultimate-fight-de\/mma-ultimate-fight-handschuhe\/professionelle-mma-handschuhe-pride\/","url":"https:\/\/prideshop.eu\/de\/shop\/sportarten\/mma-ultimate-fight-de\/mma-ultimate-fight-handschuhe\/professionelle-mma-handschuhe-pride\/","name":"Profi MMA Handschuhe Leder Pride \u2013 MasterStrike - PRIDEshop","isPartOf":{"@id":"https:\/\/prideshop.eu\/de\/#website"},"primaryImageOfPage":{"@id":"https:\/\/prideshop.eu\/de\/shop\/sportarten\/mma-ultimate-fight-de\/mma-ultimate-fight-handschuhe\/professionelle-mma-handschuhe-pride\/#primaryimage"},"image":{"@id":"https:\/\/prideshop.eu\/de\/shop\/sportarten\/mma-ultimate-fight-de\/mma-ultimate-fight-handschuhe\/professionelle-mma-handschuhe-pride\/#primaryimage"},"thumbnailUrl":"https:\/\/prideshop.eu\/wp-content\/uploads\/2020\/09\/4361_Prof_MMA_rokavice_Pride.jpeg","datePublished":"2020-09-08T07:37:10+00:00","dateModified":"2025-08-04T08:53:47+00:00","description":"Professionelle MMA Handschuhe, Pride. Prof. MMA Gloves der Marke Pride. Aus echtem Leder und E71 F\u00fcllung mit zus\u00e4tzlichem Schutz f\u00fcr den Daumen.","breadcrumb":{"@id":"https:\/\/prideshop.eu\/de\/shop\/sportarten\/mma-ultimate-fight-de\/mma-ultimate-fight-handschuhe\/professionelle-mma-handschuhe-pride\/#breadcrumb"},"inLanguage":"de","potentialAction":[{"@type":"ReadAction","target":["https:\/\/prideshop.eu\/de\/shop\/sportarten\/mma-ultimate-fight-de\/mma-ultimate-fight-handschuhe\/professionelle-mma-handschuhe-pride\/"]}]},{"@type":"ImageObject","inLanguage":"de","@id":"https:\/\/prideshop.eu\/de\/shop\/sportarten\/mma-ultimate-fight-de\/mma-ultimate-fight-handschuhe\/professionelle-mma-handschuhe-pride\/#primaryimage","url":"https:\/\/prideshop.eu\/wp-content\/uploads\/2020\/09\/4361_Prof_MMA_rokavice_Pride.jpeg","contentUrl":"https:\/\/prideshop.eu\/wp-content\/uploads\/2020\/09\/4361_Prof_MMA_rokavice_Pride.jpeg","width":600,"height":600},{"@type":"BreadcrumbList","@id":"https:\/\/prideshop.eu\/de\/shop\/sportarten\/mma-ultimate-fight-de\/mma-ultimate-fight-handschuhe\/professionelle-mma-handschuhe-pride\/#breadcrumb","itemListElement":[{"@type":"ListItem","position":1,"name":"Home","item":"https:\/\/prideshop.eu\/de\/"},{"@type":"ListItem","position":2,"name":"Gesch\u00e4ft","item":"https:\/\/prideshop.eu\/de\/geschaeft\/"},{"@type":"ListItem","position":3,"name":"Profi MMA Handschuhe Leder Pride \u2013 MasterStrike"}]},{"@type":"WebSite","@id":"https:\/\/prideshop.eu\/de\/#website","url":"https:\/\/prideshop.eu\/de\/","name":"PRIDEshop","description":"Oprema za Borilne \u0160porte","publisher":{"@id":"https:\/\/prideshop.eu\/de\/#organization"},"potentialAction":[{"@type":"SearchAction","target":{"@type":"EntryPoint","urlTemplate":"https:\/\/prideshop.eu\/de\/?s={search_term_string}"},"query-input":{"@type":"PropertyValueSpecification","valueRequired":true,"valueName":"search_term_string"}}],"inLanguage":"de"},{"@type":"Organization","@id":"https:\/\/prideshop.eu\/de\/#organization","name":"PRIDEshop","url":"https:\/\/prideshop.eu\/de\/","logo":{"@type":"ImageObject","inLanguage":"de","@id":"https:\/\/prideshop.eu\/de\/#\/schema\/logo\/image\/","url":"","contentUrl":"","caption":"PRIDEshop"},"image":{"@id":"https:\/\/prideshop.eu\/de\/#\/schema\/logo\/image\/"},"sameAs":["https:\/\/sl-si.facebook.com\/PrideShopeu"]}]}},"_links":{"self":[{"href":"https:\/\/prideshop.eu\/de\/wp-json\/wp\/v2\/product\/10508","targetHints":{"allow":["GET"]}}],"collection":[{"href":"https:\/\/prideshop.eu\/de\/wp-json\/wp\/v2\/product"}],"about":[{"href":"https:\/\/prideshop.eu\/de\/wp-json\/wp\/v2\/types\/product"}],"replies":[{"embeddable":true,"href":"https:\/\/prideshop.eu\/de\/wp-json\/wp\/v2\/comments?post=10508"}],"wp:featuredmedia":[{"embeddable":true,"href":"https:\/\/prideshop.eu\/de\/wp-json\/wp\/v2\/media\/10511"}],"wp:attachment":[{"href":"https:\/\/prideshop.eu\/de\/wp-json\/wp\/v2\/media?parent=10508"}],"wp:term":[{"taxonomy":"product_brand","embeddable":true,"href":"https:\/\/prideshop.eu\/de\/wp-json\/wp\/v2\/product_brand?post=10508"},{"taxonomy":"product_cat","embeddable":true,"href":"https:\/\/prideshop.eu\/de\/wp-json\/wp\/v2\/product_cat?post=10508"},{"taxonomy":"product_tag","embeddable":true,"href":"https:\/\/prideshop.eu\/de\/wp-json\/wp\/v2\/product_tag?post=10508"}],"curies":[{"name":"wp","href":"https:\/\/api.w.org\/{rel}","templated":true}]}}