{"id":10548,"date":"2020-09-08T10:24:18","date_gmt":"2020-09-08T08:24:18","guid":{"rendered":"https:\/\/prideshop.eu\/spletna-trgovina\/unkategorisiert\/mma-handschuhe-cage-pride\/"},"modified":"2025-08-04T10:53:57","modified_gmt":"2025-08-04T08:53:57","slug":"mma-handschuhe-cage-pride","status":"publish","type":"product","link":"https:\/\/prideshop.eu\/de\/shop\/sportarten\/mma-ultimate-fight-de\/mma-ultimate-fight-handschuhe\/mma-handschuhe-cage-pride\/","title":{"rendered":"MMA Handschuhe Pride \u2013 Cage"},"content":{"rendered":"<h3>MMA Handschuhe Pride \u2013 Cage<\/h3>\n<p>MMA Handschuhe Cage, PridenMMA Gloves f\u00fcr Trainings und Amateurk\u00e4mpfe mit freien Fingern, zus\u00e4tzlichem Schutz f\u00fcr den Daumen und offener Handfl\u00e4che der Marke Pride sindallen denen gewidmet, die f\u00fcr wenig Geld nur das beste wollen. Der zentrale Teil ist aus hochwertigem Kunstleder und dichter E71 F\u00fcllung. Die Schlingen f\u00fcr die Finger sind fest und erm\u00f6glichen Fleksibilit\u00e4t der Finger. Die Kombination dieser Materialien erm\u00f6glicht hohe Mobilit\u00e4t und Artikulation der H\u00e4nde. Befestigung mit Band, das mann am Handgelenk mit einem Igelverschlu\u00df zumacht. Das erm\u00f6glicht einen guten Griff der Handschuhe.nGeeignet f\u00fcr MMA, Free Fight, Grappling iund \u00e4hnliche Sportarten, aber auch f\u00fcrs Training und beim schlagen auf den Boxssack.nnDas Motiv des K\u00e4figs auf der Schlagfl\u00e4che machen diese Handschuhe noch perfekter.<\/p>\n","protected":false},"excerpt":{"rendered":"<p>MMA Handschuhe Cage, PridenMMA Gloves f\u00fcr Trainings und Amateurk\u00e4mpfe mit freien Fingern, zus\u00e4tzlichem Schutz f\u00fcr den Daumen und offener Handfl\u00e4che der Marke Pride sindallen denen gewidmet, die f\u00fcr wenig Geld nur das beste wollen. Der zentrale Teil ist aus hochwertigem Kunstleder und dichter E71 F\u00fcllung. Die Schlingen f\u00fcr die Finger sind fest und erm\u00f6glichen Fleksibilit\u00e4t der Finger. Die Kombination dieser Materialien erm\u00f6glicht hohe Mobilit\u00e4t und Artikulation der H\u00e4nde. Befestigung mit Band, das mann am Handgelenk mit einem Igelverschlu\u00df zumacht. Das erm\u00f6glicht einen guten Griff der Handschuhe.nGeeignet f\u00fcr MMA, Free Fight, Grappling iund \u00e4hnliche Sportarten, aber auch f\u00fcrs Training und beim schlagen auf den Boxssack.nnDas Motiv des K\u00e4figs auf der Schlagfl\u00e4che machen diese Handschuhe noch perfekter.<\/p>\n","protected":false},"featured_media":10550,"comment_status":"open","ping_status":"closed","template":"","meta":{"_acf_changed":false},"product_brand":[2086],"product_cat":[580,638,738,734,744,752,634,656],"product_tag":[],"class_list":{"0":"post-10548","1":"product","2":"type-product","3":"status-publish","4":"has-post-thumbnail","6":"product_brand-pride","7":"product_cat-equipment-de","8":"product_cat-handschuhe","9":"product_cat-handschuhe-fur-krav-maga","10":"product_cat-krav-maga-de","11":"product_cat-mma-ultimate-fight-de","12":"product_cat-mma-ultimate-fight-handschuhe","13":"product_cat-schutzausrustung","14":"product_cat-sportarten","16":"first","17":"outofstock","18":"taxable","19":"shipping-taxable","20":"product-type-variable"},"acf":[],"yoast_head":"<!-- This site is optimized with the Yoast SEO plugin v27.5 - https:\/\/yoast.com\/product\/yoast-seo-wordpress\/ -->\n<title>MMA Handschuhe Pride \u2013 Cage - PRIDEshop<\/title>\n<meta name=\"description\" content=\"MMA Handschuhe Cage, Pride f\u00fcr Trainings und Amateurk\u00e4mpfe mit freien Fingern, zus\u00e4tzlichem Schutz f\u00fcr den Daumen und offener Handfl\u00e4che.\" \/>\n<meta name=\"robots\" content=\"index, follow, max-snippet:-1, max-image-preview:large, max-video-preview:-1\" \/>\n<link rel=\"canonical\" href=\"https:\/\/prideshop.eu\/de\/shop\/sportarten\/mma-ultimate-fight-de\/mma-ultimate-fight-handschuhe\/mma-handschuhe-cage-pride\/\" \/>\n<meta property=\"og:locale\" content=\"de_DE\" \/>\n<meta property=\"og:type\" content=\"article\" \/>\n<meta property=\"og:title\" content=\"MMA Handschuhe Pride \u2013 Cage - PRIDEshop\" \/>\n<meta property=\"og:description\" content=\"MMA Handschuhe Cage, Pride f\u00fcr Trainings und Amateurk\u00e4mpfe mit freien Fingern, zus\u00e4tzlichem Schutz f\u00fcr den Daumen und offener Handfl\u00e4che.\" \/>\n<meta property=\"og:url\" content=\"https:\/\/prideshop.eu\/de\/shop\/sportarten\/mma-ultimate-fight-de\/mma-ultimate-fight-handschuhe\/mma-handschuhe-cage-pride\/\" \/>\n<meta property=\"og:site_name\" content=\"PRIDEshop\" \/>\n<meta property=\"article:publisher\" content=\"https:\/\/sl-si.facebook.com\/PrideShopeu\" \/>\n<meta property=\"article:modified_time\" content=\"2025-08-04T08:53:57+00:00\" \/>\n<meta property=\"og:image\" content=\"https:\/\/prideshop.eu\/wp-content\/uploads\/2020\/09\/4364_MMA_rokavice_Cage_Pride.jpeg\" \/>\n\t<meta property=\"og:image:width\" content=\"600\" \/>\n\t<meta property=\"og:image:height\" content=\"600\" \/>\n\t<meta property=\"og:image:type\" content=\"image\/jpeg\" \/>\n<meta name=\"twitter:card\" content=\"summary_large_image\" \/>\n<meta name=\"twitter:label1\" content=\"Gesch\u00e4tzte Lesezeit\" \/>\n\t<meta name=\"twitter:data1\" content=\"1\u00a0Minute\" \/>\n<script type=\"application\/ld+json\" class=\"yoast-schema-graph\">{\"@context\":\"https:\\\/\\\/schema.org\",\"@graph\":[{\"@type\":\"WebPage\",\"@id\":\"https:\\\/\\\/prideshop.eu\\\/de\\\/shop\\\/sportarten\\\/mma-ultimate-fight-de\\\/mma-ultimate-fight-handschuhe\\\/mma-handschuhe-cage-pride\\\/\",\"url\":\"https:\\\/\\\/prideshop.eu\\\/de\\\/shop\\\/sportarten\\\/mma-ultimate-fight-de\\\/mma-ultimate-fight-handschuhe\\\/mma-handschuhe-cage-pride\\\/\",\"name\":\"MMA Handschuhe Pride \u2013 Cage - PRIDEshop\",\"isPartOf\":{\"@id\":\"https:\\\/\\\/prideshop.eu\\\/de\\\/#website\"},\"primaryImageOfPage\":{\"@id\":\"https:\\\/\\\/prideshop.eu\\\/de\\\/shop\\\/sportarten\\\/mma-ultimate-fight-de\\\/mma-ultimate-fight-handschuhe\\\/mma-handschuhe-cage-pride\\\/#primaryimage\"},\"image\":{\"@id\":\"https:\\\/\\\/prideshop.eu\\\/de\\\/shop\\\/sportarten\\\/mma-ultimate-fight-de\\\/mma-ultimate-fight-handschuhe\\\/mma-handschuhe-cage-pride\\\/#primaryimage\"},\"thumbnailUrl\":\"https:\\\/\\\/prideshop.eu\\\/wp-content\\\/uploads\\\/2020\\\/09\\\/4364_MMA_rokavice_Cage_Pride.jpeg\",\"datePublished\":\"2020-09-08T08:24:18+00:00\",\"dateModified\":\"2025-08-04T08:53:57+00:00\",\"description\":\"MMA Handschuhe Cage, Pride f\u00fcr Trainings und Amateurk\u00e4mpfe mit freien Fingern, zus\u00e4tzlichem Schutz f\u00fcr den Daumen und offener Handfl\u00e4che.\",\"breadcrumb\":{\"@id\":\"https:\\\/\\\/prideshop.eu\\\/de\\\/shop\\\/sportarten\\\/mma-ultimate-fight-de\\\/mma-ultimate-fight-handschuhe\\\/mma-handschuhe-cage-pride\\\/#breadcrumb\"},\"inLanguage\":\"de\",\"potentialAction\":[{\"@type\":\"ReadAction\",\"target\":[\"https:\\\/\\\/prideshop.eu\\\/de\\\/shop\\\/sportarten\\\/mma-ultimate-fight-de\\\/mma-ultimate-fight-handschuhe\\\/mma-handschuhe-cage-pride\\\/\"]}]},{\"@type\":\"ImageObject\",\"inLanguage\":\"de\",\"@id\":\"https:\\\/\\\/prideshop.eu\\\/de\\\/shop\\\/sportarten\\\/mma-ultimate-fight-de\\\/mma-ultimate-fight-handschuhe\\\/mma-handschuhe-cage-pride\\\/#primaryimage\",\"url\":\"https:\\\/\\\/prideshop.eu\\\/wp-content\\\/uploads\\\/2020\\\/09\\\/4364_MMA_rokavice_Cage_Pride.jpeg\",\"contentUrl\":\"https:\\\/\\\/prideshop.eu\\\/wp-content\\\/uploads\\\/2020\\\/09\\\/4364_MMA_rokavice_Cage_Pride.jpeg\",\"width\":600,\"height\":600},{\"@type\":\"BreadcrumbList\",\"@id\":\"https:\\\/\\\/prideshop.eu\\\/de\\\/shop\\\/sportarten\\\/mma-ultimate-fight-de\\\/mma-ultimate-fight-handschuhe\\\/mma-handschuhe-cage-pride\\\/#breadcrumb\",\"itemListElement\":[{\"@type\":\"ListItem\",\"position\":1,\"name\":\"Home\",\"item\":\"https:\\\/\\\/prideshop.eu\\\/de\\\/\"},{\"@type\":\"ListItem\",\"position\":2,\"name\":\"Gesch\u00e4ft\",\"item\":\"https:\\\/\\\/prideshop.eu\\\/de\\\/geschaeft\\\/\"},{\"@type\":\"ListItem\",\"position\":3,\"name\":\"MMA Handschuhe Pride \u2013 Cage\"}]},{\"@type\":\"WebSite\",\"@id\":\"https:\\\/\\\/prideshop.eu\\\/de\\\/#website\",\"url\":\"https:\\\/\\\/prideshop.eu\\\/de\\\/\",\"name\":\"PRIDEshop\",\"description\":\"Oprema za Borilne \u0160porte\",\"publisher\":{\"@id\":\"https:\\\/\\\/prideshop.eu\\\/de\\\/#organization\"},\"potentialAction\":[{\"@type\":\"SearchAction\",\"target\":{\"@type\":\"EntryPoint\",\"urlTemplate\":\"https:\\\/\\\/prideshop.eu\\\/de\\\/?s={search_term_string}\"},\"query-input\":{\"@type\":\"PropertyValueSpecification\",\"valueRequired\":true,\"valueName\":\"search_term_string\"}}],\"inLanguage\":\"de\"},{\"@type\":\"Organization\",\"@id\":\"https:\\\/\\\/prideshop.eu\\\/de\\\/#organization\",\"name\":\"PRIDEshop\",\"url\":\"https:\\\/\\\/prideshop.eu\\\/de\\\/\",\"logo\":{\"@type\":\"ImageObject\",\"inLanguage\":\"de\",\"@id\":\"https:\\\/\\\/prideshop.eu\\\/de\\\/#\\\/schema\\\/logo\\\/image\\\/\",\"url\":\"\",\"contentUrl\":\"\",\"caption\":\"PRIDEshop\"},\"image\":{\"@id\":\"https:\\\/\\\/prideshop.eu\\\/de\\\/#\\\/schema\\\/logo\\\/image\\\/\"},\"sameAs\":[\"https:\\\/\\\/sl-si.facebook.com\\\/PrideShopeu\"]}]}<\/script>\n<!-- \/ Yoast SEO plugin. -->","yoast_head_json":{"title":"MMA Handschuhe Pride \u2013 Cage - PRIDEshop","description":"MMA Handschuhe Cage, Pride f\u00fcr Trainings und Amateurk\u00e4mpfe mit freien Fingern, zus\u00e4tzlichem Schutz f\u00fcr den Daumen und offener Handfl\u00e4che.","robots":{"index":"index","follow":"follow","max-snippet":"max-snippet:-1","max-image-preview":"max-image-preview:large","max-video-preview":"max-video-preview:-1"},"canonical":"https:\/\/prideshop.eu\/de\/shop\/sportarten\/mma-ultimate-fight-de\/mma-ultimate-fight-handschuhe\/mma-handschuhe-cage-pride\/","og_locale":"de_DE","og_type":"article","og_title":"MMA Handschuhe Pride \u2013 Cage - PRIDEshop","og_description":"MMA Handschuhe Cage, Pride f\u00fcr Trainings und Amateurk\u00e4mpfe mit freien Fingern, zus\u00e4tzlichem Schutz f\u00fcr den Daumen und offener Handfl\u00e4che.","og_url":"https:\/\/prideshop.eu\/de\/shop\/sportarten\/mma-ultimate-fight-de\/mma-ultimate-fight-handschuhe\/mma-handschuhe-cage-pride\/","og_site_name":"PRIDEshop","article_publisher":"https:\/\/sl-si.facebook.com\/PrideShopeu","article_modified_time":"2025-08-04T08:53:57+00:00","og_image":[{"width":600,"height":600,"url":"https:\/\/prideshop.eu\/wp-content\/uploads\/2020\/09\/4364_MMA_rokavice_Cage_Pride.jpeg","type":"image\/jpeg"}],"twitter_card":"summary_large_image","twitter_misc":{"Gesch\u00e4tzte Lesezeit":"1\u00a0Minute"},"schema":{"@context":"https:\/\/schema.org","@graph":[{"@type":"WebPage","@id":"https:\/\/prideshop.eu\/de\/shop\/sportarten\/mma-ultimate-fight-de\/mma-ultimate-fight-handschuhe\/mma-handschuhe-cage-pride\/","url":"https:\/\/prideshop.eu\/de\/shop\/sportarten\/mma-ultimate-fight-de\/mma-ultimate-fight-handschuhe\/mma-handschuhe-cage-pride\/","name":"MMA Handschuhe Pride \u2013 Cage - PRIDEshop","isPartOf":{"@id":"https:\/\/prideshop.eu\/de\/#website"},"primaryImageOfPage":{"@id":"https:\/\/prideshop.eu\/de\/shop\/sportarten\/mma-ultimate-fight-de\/mma-ultimate-fight-handschuhe\/mma-handschuhe-cage-pride\/#primaryimage"},"image":{"@id":"https:\/\/prideshop.eu\/de\/shop\/sportarten\/mma-ultimate-fight-de\/mma-ultimate-fight-handschuhe\/mma-handschuhe-cage-pride\/#primaryimage"},"thumbnailUrl":"https:\/\/prideshop.eu\/wp-content\/uploads\/2020\/09\/4364_MMA_rokavice_Cage_Pride.jpeg","datePublished":"2020-09-08T08:24:18+00:00","dateModified":"2025-08-04T08:53:57+00:00","description":"MMA Handschuhe Cage, Pride f\u00fcr Trainings und Amateurk\u00e4mpfe mit freien Fingern, zus\u00e4tzlichem Schutz f\u00fcr den Daumen und offener Handfl\u00e4che.","breadcrumb":{"@id":"https:\/\/prideshop.eu\/de\/shop\/sportarten\/mma-ultimate-fight-de\/mma-ultimate-fight-handschuhe\/mma-handschuhe-cage-pride\/#breadcrumb"},"inLanguage":"de","potentialAction":[{"@type":"ReadAction","target":["https:\/\/prideshop.eu\/de\/shop\/sportarten\/mma-ultimate-fight-de\/mma-ultimate-fight-handschuhe\/mma-handschuhe-cage-pride\/"]}]},{"@type":"ImageObject","inLanguage":"de","@id":"https:\/\/prideshop.eu\/de\/shop\/sportarten\/mma-ultimate-fight-de\/mma-ultimate-fight-handschuhe\/mma-handschuhe-cage-pride\/#primaryimage","url":"https:\/\/prideshop.eu\/wp-content\/uploads\/2020\/09\/4364_MMA_rokavice_Cage_Pride.jpeg","contentUrl":"https:\/\/prideshop.eu\/wp-content\/uploads\/2020\/09\/4364_MMA_rokavice_Cage_Pride.jpeg","width":600,"height":600},{"@type":"BreadcrumbList","@id":"https:\/\/prideshop.eu\/de\/shop\/sportarten\/mma-ultimate-fight-de\/mma-ultimate-fight-handschuhe\/mma-handschuhe-cage-pride\/#breadcrumb","itemListElement":[{"@type":"ListItem","position":1,"name":"Home","item":"https:\/\/prideshop.eu\/de\/"},{"@type":"ListItem","position":2,"name":"Gesch\u00e4ft","item":"https:\/\/prideshop.eu\/de\/geschaeft\/"},{"@type":"ListItem","position":3,"name":"MMA Handschuhe Pride \u2013 Cage"}]},{"@type":"WebSite","@id":"https:\/\/prideshop.eu\/de\/#website","url":"https:\/\/prideshop.eu\/de\/","name":"PRIDEshop","description":"Oprema za Borilne \u0160porte","publisher":{"@id":"https:\/\/prideshop.eu\/de\/#organization"},"potentialAction":[{"@type":"SearchAction","target":{"@type":"EntryPoint","urlTemplate":"https:\/\/prideshop.eu\/de\/?s={search_term_string}"},"query-input":{"@type":"PropertyValueSpecification","valueRequired":true,"valueName":"search_term_string"}}],"inLanguage":"de"},{"@type":"Organization","@id":"https:\/\/prideshop.eu\/de\/#organization","name":"PRIDEshop","url":"https:\/\/prideshop.eu\/de\/","logo":{"@type":"ImageObject","inLanguage":"de","@id":"https:\/\/prideshop.eu\/de\/#\/schema\/logo\/image\/","url":"","contentUrl":"","caption":"PRIDEshop"},"image":{"@id":"https:\/\/prideshop.eu\/de\/#\/schema\/logo\/image\/"},"sameAs":["https:\/\/sl-si.facebook.com\/PrideShopeu"]}]}},"_links":{"self":[{"href":"https:\/\/prideshop.eu\/de\/wp-json\/wp\/v2\/product\/10548","targetHints":{"allow":["GET"]}}],"collection":[{"href":"https:\/\/prideshop.eu\/de\/wp-json\/wp\/v2\/product"}],"about":[{"href":"https:\/\/prideshop.eu\/de\/wp-json\/wp\/v2\/types\/product"}],"replies":[{"embeddable":true,"href":"https:\/\/prideshop.eu\/de\/wp-json\/wp\/v2\/comments?post=10548"}],"wp:featuredmedia":[{"embeddable":true,"href":"https:\/\/prideshop.eu\/de\/wp-json\/wp\/v2\/media\/10550"}],"wp:attachment":[{"href":"https:\/\/prideshop.eu\/de\/wp-json\/wp\/v2\/media?parent=10548"}],"wp:term":[{"taxonomy":"product_brand","embeddable":true,"href":"https:\/\/prideshop.eu\/de\/wp-json\/wp\/v2\/product_brand?post=10548"},{"taxonomy":"product_cat","embeddable":true,"href":"https:\/\/prideshop.eu\/de\/wp-json\/wp\/v2\/product_cat?post=10548"},{"taxonomy":"product_tag","embeddable":true,"href":"https:\/\/prideshop.eu\/de\/wp-json\/wp\/v2\/product_tag?post=10548"}],"curies":[{"name":"wp","href":"https:\/\/api.w.org\/{rel}","templated":true}]}}