{"id":10619,"date":"2020-08-31T09:39:07","date_gmt":"2020-08-31T07:39:07","guid":{"rendered":"https:\/\/prideshop.eu\/spletna-trgovina\/unkategorisiert\/sparring-boxhelm-mit-schutz-pride\/"},"modified":"2026-01-13T16:23:29","modified_gmt":"2026-01-13T15:23:29","slug":"sparring-boxhelm-mit-schutz-pride","status":"publish","type":"product","link":"https:\/\/prideshop.eu\/de\/shop\/sportarten\/krav-maga-de\/krav-maga-schutzausrustung\/sparring-boxhelm-mit-schutz-pride\/","title":{"rendered":"Box Kopfschutz mit Gesichtsschutz Pride \u2013 Sparion"},"content":{"rendered":"<p data-start=\"148\" data-end=\"201\"><strong data-start=\"148\" data-end=\"201\">Box Kopfschutz mit Gesichtsschutz Pride \u2013 Sparion<\/strong><\/p>\n<p data-start=\"203\" data-end=\"416\">Der Box-Kopfschutz Sparion von Pride wurde f\u00fcr Sparring und intensives Training entwickelt und bietet zuverl\u00e4ssigen Schutz f\u00fcr Kopf und Gesicht. Sein innovatives Design verbindet Sicherheit mit hohem Tragekomfort.<\/p>\n<p data-start=\"418\" data-end=\"643\">Der Kopfschutz besteht aus hochwertigem Leder und \u00fcberzeugt durch seine robuste Verarbeitung und lange Haltbarkeit. Die geschlossene Konstruktion sch\u00fctzt das Gesicht effektiv und sorgt f\u00fcr zus\u00e4tzliche Sicherheit bei Treffern.<\/p>\n<p data-start=\"645\" data-end=\"892\">Dank der Einheitsgr\u00f6\u00dfe und der verstellbaren Passform l\u00e4sst sich der Helm individuell anpassen und sitzt stabil w\u00e4hrend des Trainings. Der Pride Sparion ist eine zuverl\u00e4ssige Wahl f\u00fcr Kampfsportler, die beim Sparring auf umfassenden Schutz setzen.<\/p>\n","protected":false},"excerpt":{"rendered":"<p>Sparring Boxhelm mit Schutz, PridenInovatives Design des Pride Sparring Kopfschutz.nDie Kopfbedekung ist aus hochwertigem Leder gemacht.nnone Grosse<\/p>\n","protected":false},"featured_media":10620,"comment_status":"open","ping_status":"closed","template":"","meta":{"_acf_changed":false},"product_brand":[2086],"product_cat":[664,580,642,734,742,634,678,656],"product_tag":[],"class_list":{"0":"post-10619","1":"product","2":"type-product","3":"status-publish","4":"has-post-thumbnail","6":"product_brand-pride","7":"product_cat-boxen","8":"product_cat-equipment-de","9":"product_cat-kopfschutz","10":"product_cat-krav-maga-de","11":"product_cat-krav-maga-schutzausrustung","12":"product_cat-schutzausrustung","13":"product_cat-schutzausrustung-fur-boxen","14":"product_cat-sportarten","16":"first","17":"instock","18":"sale","19":"taxable","20":"shipping-taxable","21":"purchasable","22":"product-type-simple"},"acf":[],"yoast_head":"<!-- This site is optimized with the Yoast SEO plugin v27.5 - https:\/\/yoast.com\/product\/yoast-seo-wordpress\/ -->\n<title>Box Kopfschutz mit Gesichtsschutz Pride \u2013 Sparion - PRIDEshop<\/title>\n<meta name=\"description\" content=\"Sparring Boxhelm mit Schutz, Pride. Inovatives Design des Pride Sparring Kopfschutz. Die Kopfbedekung ist aus hochwertigem Leder gemacht.\" \/>\n<meta name=\"robots\" content=\"index, follow, max-snippet:-1, max-image-preview:large, max-video-preview:-1\" \/>\n<link rel=\"canonical\" href=\"https:\/\/prideshop.eu\/de\/shop\/sportarten\/krav-maga-de\/krav-maga-schutzausrustung\/sparring-boxhelm-mit-schutz-pride\/\" \/>\n<meta property=\"og:locale\" content=\"de_DE\" \/>\n<meta property=\"og:type\" content=\"article\" \/>\n<meta property=\"og:title\" content=\"Box Kopfschutz mit Gesichtsschutz Pride \u2013 Sparion - PRIDEshop\" \/>\n<meta property=\"og:description\" content=\"Sparring Boxhelm mit Schutz, Pride. Inovatives Design des Pride Sparring Kopfschutz. Die Kopfbedekung ist aus hochwertigem Leder gemacht.\" \/>\n<meta property=\"og:url\" content=\"https:\/\/prideshop.eu\/de\/shop\/sportarten\/krav-maga-de\/krav-maga-schutzausrustung\/sparring-boxhelm-mit-schutz-pride\/\" \/>\n<meta property=\"og:site_name\" content=\"PRIDEshop\" \/>\n<meta property=\"article:publisher\" content=\"https:\/\/sl-si.facebook.com\/PrideShopeu\" \/>\n<meta property=\"article:modified_time\" content=\"2026-01-13T15:23:29+00:00\" \/>\n<meta property=\"og:image\" content=\"https:\/\/prideshop.eu\/wp-content\/uploads\/2020\/08\/5007_sparing_pride_celada.jpeg\" \/>\n\t<meta property=\"og:image:width\" content=\"600\" \/>\n\t<meta property=\"og:image:height\" content=\"600\" \/>\n\t<meta property=\"og:image:type\" content=\"image\/jpeg\" \/>\n<meta name=\"twitter:card\" content=\"summary_large_image\" \/>\n<meta name=\"twitter:label1\" content=\"Gesch\u00e4tzte Lesezeit\" \/>\n\t<meta name=\"twitter:data1\" content=\"1\u00a0Minute\" \/>\n<script type=\"application\/ld+json\" class=\"yoast-schema-graph\">{\"@context\":\"https:\\\/\\\/schema.org\",\"@graph\":[{\"@type\":\"WebPage\",\"@id\":\"https:\\\/\\\/prideshop.eu\\\/de\\\/shop\\\/sportarten\\\/krav-maga-de\\\/krav-maga-schutzausrustung\\\/sparring-boxhelm-mit-schutz-pride\\\/\",\"url\":\"https:\\\/\\\/prideshop.eu\\\/de\\\/shop\\\/sportarten\\\/krav-maga-de\\\/krav-maga-schutzausrustung\\\/sparring-boxhelm-mit-schutz-pride\\\/\",\"name\":\"Box Kopfschutz mit Gesichtsschutz Pride \u2013 Sparion - PRIDEshop\",\"isPartOf\":{\"@id\":\"https:\\\/\\\/prideshop.eu\\\/de\\\/#website\"},\"primaryImageOfPage\":{\"@id\":\"https:\\\/\\\/prideshop.eu\\\/de\\\/shop\\\/sportarten\\\/krav-maga-de\\\/krav-maga-schutzausrustung\\\/sparring-boxhelm-mit-schutz-pride\\\/#primaryimage\"},\"image\":{\"@id\":\"https:\\\/\\\/prideshop.eu\\\/de\\\/shop\\\/sportarten\\\/krav-maga-de\\\/krav-maga-schutzausrustung\\\/sparring-boxhelm-mit-schutz-pride\\\/#primaryimage\"},\"thumbnailUrl\":\"https:\\\/\\\/prideshop.eu\\\/wp-content\\\/uploads\\\/2020\\\/08\\\/5007_sparing_pride_celada.jpeg\",\"datePublished\":\"2020-08-31T07:39:07+00:00\",\"dateModified\":\"2026-01-13T15:23:29+00:00\",\"description\":\"Sparring Boxhelm mit Schutz, Pride. Inovatives Design des Pride Sparring Kopfschutz. Die Kopfbedekung ist aus hochwertigem Leder gemacht.\",\"breadcrumb\":{\"@id\":\"https:\\\/\\\/prideshop.eu\\\/de\\\/shop\\\/sportarten\\\/krav-maga-de\\\/krav-maga-schutzausrustung\\\/sparring-boxhelm-mit-schutz-pride\\\/#breadcrumb\"},\"inLanguage\":\"de\",\"potentialAction\":[{\"@type\":\"ReadAction\",\"target\":[\"https:\\\/\\\/prideshop.eu\\\/de\\\/shop\\\/sportarten\\\/krav-maga-de\\\/krav-maga-schutzausrustung\\\/sparring-boxhelm-mit-schutz-pride\\\/\"]}]},{\"@type\":\"ImageObject\",\"inLanguage\":\"de\",\"@id\":\"https:\\\/\\\/prideshop.eu\\\/de\\\/shop\\\/sportarten\\\/krav-maga-de\\\/krav-maga-schutzausrustung\\\/sparring-boxhelm-mit-schutz-pride\\\/#primaryimage\",\"url\":\"https:\\\/\\\/prideshop.eu\\\/wp-content\\\/uploads\\\/2020\\\/08\\\/5007_sparing_pride_celada.jpeg\",\"contentUrl\":\"https:\\\/\\\/prideshop.eu\\\/wp-content\\\/uploads\\\/2020\\\/08\\\/5007_sparing_pride_celada.jpeg\",\"width\":600,\"height\":600},{\"@type\":\"BreadcrumbList\",\"@id\":\"https:\\\/\\\/prideshop.eu\\\/de\\\/shop\\\/sportarten\\\/krav-maga-de\\\/krav-maga-schutzausrustung\\\/sparring-boxhelm-mit-schutz-pride\\\/#breadcrumb\",\"itemListElement\":[{\"@type\":\"ListItem\",\"position\":1,\"name\":\"Home\",\"item\":\"https:\\\/\\\/prideshop.eu\\\/de\\\/\"},{\"@type\":\"ListItem\",\"position\":2,\"name\":\"Gesch\u00e4ft\",\"item\":\"https:\\\/\\\/prideshop.eu\\\/de\\\/geschaeft\\\/\"},{\"@type\":\"ListItem\",\"position\":3,\"name\":\"Box Kopfschutz mit Gesichtsschutz Pride \u2013 Sparion\"}]},{\"@type\":\"WebSite\",\"@id\":\"https:\\\/\\\/prideshop.eu\\\/de\\\/#website\",\"url\":\"https:\\\/\\\/prideshop.eu\\\/de\\\/\",\"name\":\"PRIDEshop\",\"description\":\"Oprema za Borilne \u0160porte\",\"publisher\":{\"@id\":\"https:\\\/\\\/prideshop.eu\\\/de\\\/#organization\"},\"potentialAction\":[{\"@type\":\"SearchAction\",\"target\":{\"@type\":\"EntryPoint\",\"urlTemplate\":\"https:\\\/\\\/prideshop.eu\\\/de\\\/?s={search_term_string}\"},\"query-input\":{\"@type\":\"PropertyValueSpecification\",\"valueRequired\":true,\"valueName\":\"search_term_string\"}}],\"inLanguage\":\"de\"},{\"@type\":\"Organization\",\"@id\":\"https:\\\/\\\/prideshop.eu\\\/de\\\/#organization\",\"name\":\"PRIDEshop\",\"url\":\"https:\\\/\\\/prideshop.eu\\\/de\\\/\",\"logo\":{\"@type\":\"ImageObject\",\"inLanguage\":\"de\",\"@id\":\"https:\\\/\\\/prideshop.eu\\\/de\\\/#\\\/schema\\\/logo\\\/image\\\/\",\"url\":\"\",\"contentUrl\":\"\",\"caption\":\"PRIDEshop\"},\"image\":{\"@id\":\"https:\\\/\\\/prideshop.eu\\\/de\\\/#\\\/schema\\\/logo\\\/image\\\/\"},\"sameAs\":[\"https:\\\/\\\/sl-si.facebook.com\\\/PrideShopeu\"]}]}<\/script>\n<!-- \/ Yoast SEO plugin. -->","yoast_head_json":{"title":"Box Kopfschutz mit Gesichtsschutz Pride \u2013 Sparion - PRIDEshop","description":"Sparring Boxhelm mit Schutz, Pride. Inovatives Design des Pride Sparring Kopfschutz. Die Kopfbedekung ist aus hochwertigem Leder gemacht.","robots":{"index":"index","follow":"follow","max-snippet":"max-snippet:-1","max-image-preview":"max-image-preview:large","max-video-preview":"max-video-preview:-1"},"canonical":"https:\/\/prideshop.eu\/de\/shop\/sportarten\/krav-maga-de\/krav-maga-schutzausrustung\/sparring-boxhelm-mit-schutz-pride\/","og_locale":"de_DE","og_type":"article","og_title":"Box Kopfschutz mit Gesichtsschutz Pride \u2013 Sparion - PRIDEshop","og_description":"Sparring Boxhelm mit Schutz, Pride. Inovatives Design des Pride Sparring Kopfschutz. Die Kopfbedekung ist aus hochwertigem Leder gemacht.","og_url":"https:\/\/prideshop.eu\/de\/shop\/sportarten\/krav-maga-de\/krav-maga-schutzausrustung\/sparring-boxhelm-mit-schutz-pride\/","og_site_name":"PRIDEshop","article_publisher":"https:\/\/sl-si.facebook.com\/PrideShopeu","article_modified_time":"2026-01-13T15:23:29+00:00","og_image":[{"width":600,"height":600,"url":"https:\/\/prideshop.eu\/wp-content\/uploads\/2020\/08\/5007_sparing_pride_celada.jpeg","type":"image\/jpeg"}],"twitter_card":"summary_large_image","twitter_misc":{"Gesch\u00e4tzte Lesezeit":"1\u00a0Minute"},"schema":{"@context":"https:\/\/schema.org","@graph":[{"@type":"WebPage","@id":"https:\/\/prideshop.eu\/de\/shop\/sportarten\/krav-maga-de\/krav-maga-schutzausrustung\/sparring-boxhelm-mit-schutz-pride\/","url":"https:\/\/prideshop.eu\/de\/shop\/sportarten\/krav-maga-de\/krav-maga-schutzausrustung\/sparring-boxhelm-mit-schutz-pride\/","name":"Box Kopfschutz mit Gesichtsschutz Pride \u2013 Sparion - PRIDEshop","isPartOf":{"@id":"https:\/\/prideshop.eu\/de\/#website"},"primaryImageOfPage":{"@id":"https:\/\/prideshop.eu\/de\/shop\/sportarten\/krav-maga-de\/krav-maga-schutzausrustung\/sparring-boxhelm-mit-schutz-pride\/#primaryimage"},"image":{"@id":"https:\/\/prideshop.eu\/de\/shop\/sportarten\/krav-maga-de\/krav-maga-schutzausrustung\/sparring-boxhelm-mit-schutz-pride\/#primaryimage"},"thumbnailUrl":"https:\/\/prideshop.eu\/wp-content\/uploads\/2020\/08\/5007_sparing_pride_celada.jpeg","datePublished":"2020-08-31T07:39:07+00:00","dateModified":"2026-01-13T15:23:29+00:00","description":"Sparring Boxhelm mit Schutz, Pride. Inovatives Design des Pride Sparring Kopfschutz. Die Kopfbedekung ist aus hochwertigem Leder gemacht.","breadcrumb":{"@id":"https:\/\/prideshop.eu\/de\/shop\/sportarten\/krav-maga-de\/krav-maga-schutzausrustung\/sparring-boxhelm-mit-schutz-pride\/#breadcrumb"},"inLanguage":"de","potentialAction":[{"@type":"ReadAction","target":["https:\/\/prideshop.eu\/de\/shop\/sportarten\/krav-maga-de\/krav-maga-schutzausrustung\/sparring-boxhelm-mit-schutz-pride\/"]}]},{"@type":"ImageObject","inLanguage":"de","@id":"https:\/\/prideshop.eu\/de\/shop\/sportarten\/krav-maga-de\/krav-maga-schutzausrustung\/sparring-boxhelm-mit-schutz-pride\/#primaryimage","url":"https:\/\/prideshop.eu\/wp-content\/uploads\/2020\/08\/5007_sparing_pride_celada.jpeg","contentUrl":"https:\/\/prideshop.eu\/wp-content\/uploads\/2020\/08\/5007_sparing_pride_celada.jpeg","width":600,"height":600},{"@type":"BreadcrumbList","@id":"https:\/\/prideshop.eu\/de\/shop\/sportarten\/krav-maga-de\/krav-maga-schutzausrustung\/sparring-boxhelm-mit-schutz-pride\/#breadcrumb","itemListElement":[{"@type":"ListItem","position":1,"name":"Home","item":"https:\/\/prideshop.eu\/de\/"},{"@type":"ListItem","position":2,"name":"Gesch\u00e4ft","item":"https:\/\/prideshop.eu\/de\/geschaeft\/"},{"@type":"ListItem","position":3,"name":"Box Kopfschutz mit Gesichtsschutz Pride \u2013 Sparion"}]},{"@type":"WebSite","@id":"https:\/\/prideshop.eu\/de\/#website","url":"https:\/\/prideshop.eu\/de\/","name":"PRIDEshop","description":"Oprema za Borilne \u0160porte","publisher":{"@id":"https:\/\/prideshop.eu\/de\/#organization"},"potentialAction":[{"@type":"SearchAction","target":{"@type":"EntryPoint","urlTemplate":"https:\/\/prideshop.eu\/de\/?s={search_term_string}"},"query-input":{"@type":"PropertyValueSpecification","valueRequired":true,"valueName":"search_term_string"}}],"inLanguage":"de"},{"@type":"Organization","@id":"https:\/\/prideshop.eu\/de\/#organization","name":"PRIDEshop","url":"https:\/\/prideshop.eu\/de\/","logo":{"@type":"ImageObject","inLanguage":"de","@id":"https:\/\/prideshop.eu\/de\/#\/schema\/logo\/image\/","url":"","contentUrl":"","caption":"PRIDEshop"},"image":{"@id":"https:\/\/prideshop.eu\/de\/#\/schema\/logo\/image\/"},"sameAs":["https:\/\/sl-si.facebook.com\/PrideShopeu"]}]}},"_links":{"self":[{"href":"https:\/\/prideshop.eu\/de\/wp-json\/wp\/v2\/product\/10619","targetHints":{"allow":["GET"]}}],"collection":[{"href":"https:\/\/prideshop.eu\/de\/wp-json\/wp\/v2\/product"}],"about":[{"href":"https:\/\/prideshop.eu\/de\/wp-json\/wp\/v2\/types\/product"}],"replies":[{"embeddable":true,"href":"https:\/\/prideshop.eu\/de\/wp-json\/wp\/v2\/comments?post=10619"}],"wp:featuredmedia":[{"embeddable":true,"href":"https:\/\/prideshop.eu\/de\/wp-json\/wp\/v2\/media\/10620"}],"wp:attachment":[{"href":"https:\/\/prideshop.eu\/de\/wp-json\/wp\/v2\/media?parent=10619"}],"wp:term":[{"taxonomy":"product_brand","embeddable":true,"href":"https:\/\/prideshop.eu\/de\/wp-json\/wp\/v2\/product_brand?post=10619"},{"taxonomy":"product_cat","embeddable":true,"href":"https:\/\/prideshop.eu\/de\/wp-json\/wp\/v2\/product_cat?post=10619"},{"taxonomy":"product_tag","embeddable":true,"href":"https:\/\/prideshop.eu\/de\/wp-json\/wp\/v2\/product_tag?post=10619"}],"curies":[{"name":"wp","href":"https:\/\/api.w.org\/{rel}","templated":true}]}}