{"id":10635,"date":"2020-08-31T09:44:54","date_gmt":"2020-08-31T07:44:54","guid":{"rendered":"https:\/\/prideshop.eu\/spletna-trgovina\/unkategorisiert\/sparring-boxhelm-pride\/"},"modified":"2026-01-13T16:21:38","modified_gmt":"2026-01-13T15:21:38","slug":"sparring-boxhelm-pride","status":"publish","type":"product","link":"https:\/\/prideshop.eu\/de\/shop\/sportarten\/mma-ultimate-fight-de\/mma-ultimate-fight-schutzausrustung\/sparring-boxhelm-pride\/","title":{"rendered":"Box Kopfschutz Sparring Pride \u2013 CoreSpar"},"content":{"rendered":"<p data-start=\"147\" data-end=\"191\"><strong data-start=\"147\" data-end=\"191\">Box Kopfschutz Sparring Pride \u2013 CoreSpar<\/strong><\/p>\n<p data-start=\"193\" data-end=\"416\">Der Box-Kopfschutz CoreSpar von Pride wurde f\u00fcr intensives Sparring entwickelt und bietet maximalen Schutz f\u00fcr den Kopf. Er richtet sich an Kampfsportler, die im Training besonderen Wert auf Sicherheit und Stabilit\u00e4t legen.<\/p>\n<p data-start=\"418\" data-end=\"669\">Die Konstruktion sch\u00fctzt zuverl\u00e4ssig Gesicht und Kinn und reduziert die Belastung bei Treffern deutlich. Die integrierte Triple Protect\u2122-Polsterung sorgt f\u00fcr eine effektive Sto\u00dfd\u00e4mpfung und erh\u00f6ht den Tragekomfort auch bei l\u00e4ngeren Trainingseinheiten.<\/p>\n<p data-start=\"671\" data-end=\"867\">Der Kopfschutz besteht aus robustem DUR-Leder und ist f\u00fcr eine lange Lebensdauer ausgelegt. Dank seiner stabilen Verarbeitung sitzt der Helm sicher und eignet sich ideal f\u00fcr regelm\u00e4\u00dfiges Sparring.<\/p>\n","protected":false},"excerpt":{"rendered":"<p>Sparring Boxhelm, PridenF\u00fcr maximalen Kopfschutz des K\u00e4mpfers gemacht.nDie Kopfbedekung Schutz Gesicht und Kinn.nTriple Protect TM F\u00fcllung.nAus DUR Leder gemacht<\/p>\n","protected":false},"featured_media":10644,"comment_status":"open","ping_status":"closed","template":"","meta":{"_acf_changed":false},"product_brand":[2086],"product_cat":[664,580,642,744,754,634,678,656],"product_tag":[],"class_list":{"0":"post-10635","1":"product","2":"type-product","3":"status-publish","4":"has-post-thumbnail","6":"product_brand-pride","7":"product_cat-boxen","8":"product_cat-equipment-de","9":"product_cat-kopfschutz","10":"product_cat-mma-ultimate-fight-de","11":"product_cat-mma-ultimate-fight-schutzausrustung","12":"product_cat-schutzausrustung","13":"product_cat-schutzausrustung-fur-boxen","14":"product_cat-sportarten","16":"first","17":"instock","18":"taxable","19":"shipping-taxable","20":"purchasable","21":"product-type-variable"},"acf":[],"yoast_head":"<!-- This site is optimized with the Yoast SEO plugin v27.5 - https:\/\/yoast.com\/product\/yoast-seo-wordpress\/ -->\n<title>Box Kopfschutz Sparring Pride \u2013 CoreSpar - PRIDEshop<\/title>\n<meta name=\"description\" content=\"Sparring Boxhelm, Pride. F\u00fcr maximalen Kopfschutz des K\u00e4mpfers gemacht. Die Kopfbedekung Schutz Gesicht und Kinn.\" \/>\n<meta name=\"robots\" content=\"index, follow, max-snippet:-1, max-image-preview:large, max-video-preview:-1\" \/>\n<link rel=\"canonical\" href=\"https:\/\/prideshop.eu\/de\/shop\/sportarten\/mma-ultimate-fight-de\/mma-ultimate-fight-schutzausrustung\/sparring-boxhelm-pride\/\" \/>\n<meta property=\"og:locale\" content=\"de_DE\" \/>\n<meta property=\"og:type\" content=\"article\" \/>\n<meta property=\"og:title\" content=\"Box Kopfschutz Sparring Pride \u2013 CoreSpar - PRIDEshop\" \/>\n<meta property=\"og:description\" content=\"Sparring Boxhelm, Pride. F\u00fcr maximalen Kopfschutz des K\u00e4mpfers gemacht. Die Kopfbedekung Schutz Gesicht und Kinn.\" \/>\n<meta property=\"og:url\" content=\"https:\/\/prideshop.eu\/de\/shop\/sportarten\/mma-ultimate-fight-de\/mma-ultimate-fight-schutzausrustung\/sparring-boxhelm-pride\/\" \/>\n<meta property=\"og:site_name\" content=\"PRIDEshop\" \/>\n<meta property=\"article:publisher\" content=\"https:\/\/sl-si.facebook.com\/PrideShopeu\" \/>\n<meta property=\"article:modified_time\" content=\"2026-01-13T15:21:38+00:00\" \/>\n<meta property=\"og:image\" content=\"https:\/\/prideshop.eu\/wp-content\/uploads\/2020\/08\/5008_sparing_pride_celada_black.jpeg\" \/>\n\t<meta property=\"og:image:width\" content=\"600\" \/>\n\t<meta property=\"og:image:height\" content=\"600\" \/>\n\t<meta property=\"og:image:type\" content=\"image\/jpeg\" \/>\n<meta name=\"twitter:card\" content=\"summary_large_image\" \/>\n<meta name=\"twitter:label1\" content=\"Gesch\u00e4tzte Lesezeit\" \/>\n\t<meta name=\"twitter:data1\" content=\"1\u00a0Minute\" \/>\n<script type=\"application\/ld+json\" class=\"yoast-schema-graph\">{\"@context\":\"https:\\\/\\\/schema.org\",\"@graph\":[{\"@type\":\"WebPage\",\"@id\":\"https:\\\/\\\/prideshop.eu\\\/de\\\/shop\\\/sportarten\\\/mma-ultimate-fight-de\\\/mma-ultimate-fight-schutzausrustung\\\/sparring-boxhelm-pride\\\/\",\"url\":\"https:\\\/\\\/prideshop.eu\\\/de\\\/shop\\\/sportarten\\\/mma-ultimate-fight-de\\\/mma-ultimate-fight-schutzausrustung\\\/sparring-boxhelm-pride\\\/\",\"name\":\"Box Kopfschutz Sparring Pride \u2013 CoreSpar - PRIDEshop\",\"isPartOf\":{\"@id\":\"https:\\\/\\\/prideshop.eu\\\/de\\\/#website\"},\"primaryImageOfPage\":{\"@id\":\"https:\\\/\\\/prideshop.eu\\\/de\\\/shop\\\/sportarten\\\/mma-ultimate-fight-de\\\/mma-ultimate-fight-schutzausrustung\\\/sparring-boxhelm-pride\\\/#primaryimage\"},\"image\":{\"@id\":\"https:\\\/\\\/prideshop.eu\\\/de\\\/shop\\\/sportarten\\\/mma-ultimate-fight-de\\\/mma-ultimate-fight-schutzausrustung\\\/sparring-boxhelm-pride\\\/#primaryimage\"},\"thumbnailUrl\":\"https:\\\/\\\/prideshop.eu\\\/wp-content\\\/uploads\\\/2020\\\/08\\\/5008_sparing_pride_celada_black.jpeg\",\"datePublished\":\"2020-08-31T07:44:54+00:00\",\"dateModified\":\"2026-01-13T15:21:38+00:00\",\"description\":\"Sparring Boxhelm, Pride. F\u00fcr maximalen Kopfschutz des K\u00e4mpfers gemacht. Die Kopfbedekung Schutz Gesicht und Kinn.\",\"breadcrumb\":{\"@id\":\"https:\\\/\\\/prideshop.eu\\\/de\\\/shop\\\/sportarten\\\/mma-ultimate-fight-de\\\/mma-ultimate-fight-schutzausrustung\\\/sparring-boxhelm-pride\\\/#breadcrumb\"},\"inLanguage\":\"de\",\"potentialAction\":[{\"@type\":\"ReadAction\",\"target\":[\"https:\\\/\\\/prideshop.eu\\\/de\\\/shop\\\/sportarten\\\/mma-ultimate-fight-de\\\/mma-ultimate-fight-schutzausrustung\\\/sparring-boxhelm-pride\\\/\"]}]},{\"@type\":\"ImageObject\",\"inLanguage\":\"de\",\"@id\":\"https:\\\/\\\/prideshop.eu\\\/de\\\/shop\\\/sportarten\\\/mma-ultimate-fight-de\\\/mma-ultimate-fight-schutzausrustung\\\/sparring-boxhelm-pride\\\/#primaryimage\",\"url\":\"https:\\\/\\\/prideshop.eu\\\/wp-content\\\/uploads\\\/2020\\\/08\\\/5008_sparing_pride_celada_black.jpeg\",\"contentUrl\":\"https:\\\/\\\/prideshop.eu\\\/wp-content\\\/uploads\\\/2020\\\/08\\\/5008_sparing_pride_celada_black.jpeg\",\"width\":600,\"height\":600},{\"@type\":\"BreadcrumbList\",\"@id\":\"https:\\\/\\\/prideshop.eu\\\/de\\\/shop\\\/sportarten\\\/mma-ultimate-fight-de\\\/mma-ultimate-fight-schutzausrustung\\\/sparring-boxhelm-pride\\\/#breadcrumb\",\"itemListElement\":[{\"@type\":\"ListItem\",\"position\":1,\"name\":\"Home\",\"item\":\"https:\\\/\\\/prideshop.eu\\\/de\\\/\"},{\"@type\":\"ListItem\",\"position\":2,\"name\":\"Gesch\u00e4ft\",\"item\":\"https:\\\/\\\/prideshop.eu\\\/de\\\/geschaeft\\\/\"},{\"@type\":\"ListItem\",\"position\":3,\"name\":\"Box Kopfschutz Sparring Pride \u2013 CoreSpar\"}]},{\"@type\":\"WebSite\",\"@id\":\"https:\\\/\\\/prideshop.eu\\\/de\\\/#website\",\"url\":\"https:\\\/\\\/prideshop.eu\\\/de\\\/\",\"name\":\"PRIDEshop\",\"description\":\"Oprema za Borilne \u0160porte\",\"publisher\":{\"@id\":\"https:\\\/\\\/prideshop.eu\\\/de\\\/#organization\"},\"potentialAction\":[{\"@type\":\"SearchAction\",\"target\":{\"@type\":\"EntryPoint\",\"urlTemplate\":\"https:\\\/\\\/prideshop.eu\\\/de\\\/?s={search_term_string}\"},\"query-input\":{\"@type\":\"PropertyValueSpecification\",\"valueRequired\":true,\"valueName\":\"search_term_string\"}}],\"inLanguage\":\"de\"},{\"@type\":\"Organization\",\"@id\":\"https:\\\/\\\/prideshop.eu\\\/de\\\/#organization\",\"name\":\"PRIDEshop\",\"url\":\"https:\\\/\\\/prideshop.eu\\\/de\\\/\",\"logo\":{\"@type\":\"ImageObject\",\"inLanguage\":\"de\",\"@id\":\"https:\\\/\\\/prideshop.eu\\\/de\\\/#\\\/schema\\\/logo\\\/image\\\/\",\"url\":\"\",\"contentUrl\":\"\",\"caption\":\"PRIDEshop\"},\"image\":{\"@id\":\"https:\\\/\\\/prideshop.eu\\\/de\\\/#\\\/schema\\\/logo\\\/image\\\/\"},\"sameAs\":[\"https:\\\/\\\/sl-si.facebook.com\\\/PrideShopeu\"]}]}<\/script>\n<!-- \/ Yoast SEO plugin. -->","yoast_head_json":{"title":"Box Kopfschutz Sparring Pride \u2013 CoreSpar - PRIDEshop","description":"Sparring Boxhelm, Pride. F\u00fcr maximalen Kopfschutz des K\u00e4mpfers gemacht. Die Kopfbedekung Schutz Gesicht und Kinn.","robots":{"index":"index","follow":"follow","max-snippet":"max-snippet:-1","max-image-preview":"max-image-preview:large","max-video-preview":"max-video-preview:-1"},"canonical":"https:\/\/prideshop.eu\/de\/shop\/sportarten\/mma-ultimate-fight-de\/mma-ultimate-fight-schutzausrustung\/sparring-boxhelm-pride\/","og_locale":"de_DE","og_type":"article","og_title":"Box Kopfschutz Sparring Pride \u2013 CoreSpar - PRIDEshop","og_description":"Sparring Boxhelm, Pride. F\u00fcr maximalen Kopfschutz des K\u00e4mpfers gemacht. Die Kopfbedekung Schutz Gesicht und Kinn.","og_url":"https:\/\/prideshop.eu\/de\/shop\/sportarten\/mma-ultimate-fight-de\/mma-ultimate-fight-schutzausrustung\/sparring-boxhelm-pride\/","og_site_name":"PRIDEshop","article_publisher":"https:\/\/sl-si.facebook.com\/PrideShopeu","article_modified_time":"2026-01-13T15:21:38+00:00","og_image":[{"width":600,"height":600,"url":"https:\/\/prideshop.eu\/wp-content\/uploads\/2020\/08\/5008_sparing_pride_celada_black.jpeg","type":"image\/jpeg"}],"twitter_card":"summary_large_image","twitter_misc":{"Gesch\u00e4tzte Lesezeit":"1\u00a0Minute"},"schema":{"@context":"https:\/\/schema.org","@graph":[{"@type":"WebPage","@id":"https:\/\/prideshop.eu\/de\/shop\/sportarten\/mma-ultimate-fight-de\/mma-ultimate-fight-schutzausrustung\/sparring-boxhelm-pride\/","url":"https:\/\/prideshop.eu\/de\/shop\/sportarten\/mma-ultimate-fight-de\/mma-ultimate-fight-schutzausrustung\/sparring-boxhelm-pride\/","name":"Box Kopfschutz Sparring Pride \u2013 CoreSpar - PRIDEshop","isPartOf":{"@id":"https:\/\/prideshop.eu\/de\/#website"},"primaryImageOfPage":{"@id":"https:\/\/prideshop.eu\/de\/shop\/sportarten\/mma-ultimate-fight-de\/mma-ultimate-fight-schutzausrustung\/sparring-boxhelm-pride\/#primaryimage"},"image":{"@id":"https:\/\/prideshop.eu\/de\/shop\/sportarten\/mma-ultimate-fight-de\/mma-ultimate-fight-schutzausrustung\/sparring-boxhelm-pride\/#primaryimage"},"thumbnailUrl":"https:\/\/prideshop.eu\/wp-content\/uploads\/2020\/08\/5008_sparing_pride_celada_black.jpeg","datePublished":"2020-08-31T07:44:54+00:00","dateModified":"2026-01-13T15:21:38+00:00","description":"Sparring Boxhelm, Pride. F\u00fcr maximalen Kopfschutz des K\u00e4mpfers gemacht. Die Kopfbedekung Schutz Gesicht und Kinn.","breadcrumb":{"@id":"https:\/\/prideshop.eu\/de\/shop\/sportarten\/mma-ultimate-fight-de\/mma-ultimate-fight-schutzausrustung\/sparring-boxhelm-pride\/#breadcrumb"},"inLanguage":"de","potentialAction":[{"@type":"ReadAction","target":["https:\/\/prideshop.eu\/de\/shop\/sportarten\/mma-ultimate-fight-de\/mma-ultimate-fight-schutzausrustung\/sparring-boxhelm-pride\/"]}]},{"@type":"ImageObject","inLanguage":"de","@id":"https:\/\/prideshop.eu\/de\/shop\/sportarten\/mma-ultimate-fight-de\/mma-ultimate-fight-schutzausrustung\/sparring-boxhelm-pride\/#primaryimage","url":"https:\/\/prideshop.eu\/wp-content\/uploads\/2020\/08\/5008_sparing_pride_celada_black.jpeg","contentUrl":"https:\/\/prideshop.eu\/wp-content\/uploads\/2020\/08\/5008_sparing_pride_celada_black.jpeg","width":600,"height":600},{"@type":"BreadcrumbList","@id":"https:\/\/prideshop.eu\/de\/shop\/sportarten\/mma-ultimate-fight-de\/mma-ultimate-fight-schutzausrustung\/sparring-boxhelm-pride\/#breadcrumb","itemListElement":[{"@type":"ListItem","position":1,"name":"Home","item":"https:\/\/prideshop.eu\/de\/"},{"@type":"ListItem","position":2,"name":"Gesch\u00e4ft","item":"https:\/\/prideshop.eu\/de\/geschaeft\/"},{"@type":"ListItem","position":3,"name":"Box Kopfschutz Sparring Pride \u2013 CoreSpar"}]},{"@type":"WebSite","@id":"https:\/\/prideshop.eu\/de\/#website","url":"https:\/\/prideshop.eu\/de\/","name":"PRIDEshop","description":"Oprema za Borilne \u0160porte","publisher":{"@id":"https:\/\/prideshop.eu\/de\/#organization"},"potentialAction":[{"@type":"SearchAction","target":{"@type":"EntryPoint","urlTemplate":"https:\/\/prideshop.eu\/de\/?s={search_term_string}"},"query-input":{"@type":"PropertyValueSpecification","valueRequired":true,"valueName":"search_term_string"}}],"inLanguage":"de"},{"@type":"Organization","@id":"https:\/\/prideshop.eu\/de\/#organization","name":"PRIDEshop","url":"https:\/\/prideshop.eu\/de\/","logo":{"@type":"ImageObject","inLanguage":"de","@id":"https:\/\/prideshop.eu\/de\/#\/schema\/logo\/image\/","url":"","contentUrl":"","caption":"PRIDEshop"},"image":{"@id":"https:\/\/prideshop.eu\/de\/#\/schema\/logo\/image\/"},"sameAs":["https:\/\/sl-si.facebook.com\/PrideShopeu"]}]}},"_links":{"self":[{"href":"https:\/\/prideshop.eu\/de\/wp-json\/wp\/v2\/product\/10635","targetHints":{"allow":["GET"]}}],"collection":[{"href":"https:\/\/prideshop.eu\/de\/wp-json\/wp\/v2\/product"}],"about":[{"href":"https:\/\/prideshop.eu\/de\/wp-json\/wp\/v2\/types\/product"}],"replies":[{"embeddable":true,"href":"https:\/\/prideshop.eu\/de\/wp-json\/wp\/v2\/comments?post=10635"}],"wp:featuredmedia":[{"embeddable":true,"href":"https:\/\/prideshop.eu\/de\/wp-json\/wp\/v2\/media\/10644"}],"wp:attachment":[{"href":"https:\/\/prideshop.eu\/de\/wp-json\/wp\/v2\/media?parent=10635"}],"wp:term":[{"taxonomy":"product_brand","embeddable":true,"href":"https:\/\/prideshop.eu\/de\/wp-json\/wp\/v2\/product_brand?post=10635"},{"taxonomy":"product_cat","embeddable":true,"href":"https:\/\/prideshop.eu\/de\/wp-json\/wp\/v2\/product_cat?post=10635"},{"taxonomy":"product_tag","embeddable":true,"href":"https:\/\/prideshop.eu\/de\/wp-json\/wp\/v2\/product_tag?post=10635"}],"curies":[{"name":"wp","href":"https:\/\/api.w.org\/{rel}","templated":true}]}}