{"id":10679,"date":"2020-08-31T10:45:50","date_gmt":"2020-08-31T08:45:50","guid":{"rendered":"https:\/\/prideshop.eu\/spletna-trgovina\/unkategorisiert\/helm-mit-komplettem-schutz-pride\/"},"modified":"2026-01-13T16:18:39","modified_gmt":"2026-01-13T15:18:39","slug":"helm-mit-komplettem-schutz-pride","status":"publish","type":"product","link":"https:\/\/prideshop.eu\/de\/shop\/sportarten\/mma-ultimate-fight-de\/mma-ultimate-fight-schutzausrustung\/helm-mit-komplettem-schutz-pride\/","title":{"rendered":"Profi Box-Sparring Vollgesichts-Kopfschutz Leder Pride \u2013 MaxSafe"},"content":{"rendered":"<p data-start=\"147\" data-end=\"215\"><strong data-start=\"147\" data-end=\"215\">Profi Box-Sparring Vollgesichts-Kopfschutz Leder Pride \u2013 MaxSafe<\/strong><\/p>\n<p data-start=\"217\" data-end=\"452\">Der Profi Box-Sparring-Kopfschutz MaxSafe von Pride bietet umfassenden Schutz f\u00fcr intensives Sparring. Die geschlossene Vollgesichtskonstruktion sorgt f\u00fcr ein hohes Ma\u00df an Sicherheit und ist ideal f\u00fcr anspruchsvolle Trainingseinheiten.<\/p>\n<p data-start=\"454\" data-end=\"658\">Der Kopfschutz besteht aus hochwertigem Leder und \u00fcberzeugt durch seine robuste Verarbeitung. Die abnehmbare Schutzmaske erm\u00f6glicht eine flexible Nutzung je nach Trainingsbedarf und pers\u00f6nlicher Vorliebe.<\/p>\n<p data-start=\"660\" data-end=\"886\">Dank der verstellbaren Passform l\u00e4sst sich der Helm individuell anpassen und sitzt sicher w\u00e4hrend des Trainings. Das Einheitsgr\u00f6\u00dfen-Design macht den MaxSafe zu einer praktischen und vielseitigen L\u00f6sung f\u00fcr viele Kampfsportler.<\/p>\n","protected":false},"excerpt":{"rendered":"<p>Helm mit komplettem Schutz, PridenKopfbedekung mit komplettem Schutz der annerkanten Marke Pride. M\u00f6glichkeit des Abnehmens der Schutzmaske. Aus Leder gefertigt. Einheitliche Gr\u00f6\u00dfe. Verstellbar.<\/p>\n","protected":false},"featured_media":24744,"comment_status":"open","ping_status":"closed","template":"","meta":{"_acf_changed":false},"product_brand":[2086],"product_cat":[664,580,642,734,742,744,754,634,678,656],"product_tag":[],"class_list":{"0":"post-10679","1":"product","2":"type-product","3":"status-publish","4":"has-post-thumbnail","6":"product_brand-pride","7":"product_cat-boxen","8":"product_cat-equipment-de","9":"product_cat-kopfschutz","10":"product_cat-krav-maga-de","11":"product_cat-krav-maga-schutzausrustung","12":"product_cat-mma-ultimate-fight-de","13":"product_cat-mma-ultimate-fight-schutzausrustung","14":"product_cat-schutzausrustung","15":"product_cat-schutzausrustung-fur-boxen","16":"product_cat-sportarten","18":"first","19":"instock","20":"sale","21":"taxable","22":"shipping-taxable","23":"purchasable","24":"product-type-simple"},"acf":[],"yoast_head":"<!-- This site is optimized with the Yoast SEO plugin v27.5 - https:\/\/yoast.com\/product\/yoast-seo-wordpress\/ -->\n<title>Profi Box-Sparring Vollgesichts-Kopfschutz Leder Pride \u2013 MaxSafe - PRIDEshop<\/title>\n<meta name=\"description\" content=\"Helm mit komplettem Schutz, Pride. Kopfbedekung mit komplettem Schutz der annerkanten Marke Pride. M\u00f6glichkeit des Abnehmens der Schutzmaske.\" \/>\n<meta name=\"robots\" content=\"index, follow, max-snippet:-1, max-image-preview:large, max-video-preview:-1\" \/>\n<link rel=\"canonical\" href=\"https:\/\/prideshop.eu\/de\/shop\/sportarten\/mma-ultimate-fight-de\/mma-ultimate-fight-schutzausrustung\/helm-mit-komplettem-schutz-pride\/\" \/>\n<meta property=\"og:locale\" content=\"de_DE\" \/>\n<meta property=\"og:type\" content=\"article\" \/>\n<meta property=\"og:title\" content=\"Profi Box-Sparring Vollgesichts-Kopfschutz Leder Pride \u2013 MaxSafe - PRIDEshop\" \/>\n<meta property=\"og:description\" content=\"Helm mit komplettem Schutz, Pride. Kopfbedekung mit komplettem Schutz der annerkanten Marke Pride. M\u00f6glichkeit des Abnehmens der Schutzmaske.\" \/>\n<meta property=\"og:url\" content=\"https:\/\/prideshop.eu\/de\/shop\/sportarten\/mma-ultimate-fight-de\/mma-ultimate-fight-schutzausrustung\/helm-mit-komplettem-schutz-pride\/\" \/>\n<meta property=\"og:site_name\" content=\"PRIDEshop\" \/>\n<meta property=\"article:publisher\" content=\"https:\/\/sl-si.facebook.com\/PrideShopeu\" \/>\n<meta property=\"article:modified_time\" content=\"2026-01-13T15:18:39+00:00\" \/>\n<meta property=\"og:image\" content=\"https:\/\/prideshop.eu\/wp-content\/uploads\/2020\/08\/celada-s-popolno-zascito-pride-5016.jpeg\" \/>\n\t<meta property=\"og:image:width\" content=\"600\" \/>\n\t<meta property=\"og:image:height\" content=\"600\" \/>\n\t<meta property=\"og:image:type\" content=\"image\/jpeg\" \/>\n<meta name=\"twitter:card\" content=\"summary_large_image\" \/>\n<script type=\"application\/ld+json\" class=\"yoast-schema-graph\">{\"@context\":\"https:\\\/\\\/schema.org\",\"@graph\":[{\"@type\":\"WebPage\",\"@id\":\"https:\\\/\\\/prideshop.eu\\\/de\\\/shop\\\/sportarten\\\/mma-ultimate-fight-de\\\/mma-ultimate-fight-schutzausrustung\\\/helm-mit-komplettem-schutz-pride\\\/\",\"url\":\"https:\\\/\\\/prideshop.eu\\\/de\\\/shop\\\/sportarten\\\/mma-ultimate-fight-de\\\/mma-ultimate-fight-schutzausrustung\\\/helm-mit-komplettem-schutz-pride\\\/\",\"name\":\"Profi Box-Sparring Vollgesichts-Kopfschutz Leder Pride \u2013 MaxSafe - PRIDEshop\",\"isPartOf\":{\"@id\":\"https:\\\/\\\/prideshop.eu\\\/de\\\/#website\"},\"primaryImageOfPage\":{\"@id\":\"https:\\\/\\\/prideshop.eu\\\/de\\\/shop\\\/sportarten\\\/mma-ultimate-fight-de\\\/mma-ultimate-fight-schutzausrustung\\\/helm-mit-komplettem-schutz-pride\\\/#primaryimage\"},\"image\":{\"@id\":\"https:\\\/\\\/prideshop.eu\\\/de\\\/shop\\\/sportarten\\\/mma-ultimate-fight-de\\\/mma-ultimate-fight-schutzausrustung\\\/helm-mit-komplettem-schutz-pride\\\/#primaryimage\"},\"thumbnailUrl\":\"https:\\\/\\\/prideshop.eu\\\/wp-content\\\/uploads\\\/2020\\\/08\\\/celada-s-popolno-zascito-pride-5016.jpeg\",\"datePublished\":\"2020-08-31T08:45:50+00:00\",\"dateModified\":\"2026-01-13T15:18:39+00:00\",\"description\":\"Helm mit komplettem Schutz, Pride. Kopfbedekung mit komplettem Schutz der annerkanten Marke Pride. M\u00f6glichkeit des Abnehmens der Schutzmaske.\",\"breadcrumb\":{\"@id\":\"https:\\\/\\\/prideshop.eu\\\/de\\\/shop\\\/sportarten\\\/mma-ultimate-fight-de\\\/mma-ultimate-fight-schutzausrustung\\\/helm-mit-komplettem-schutz-pride\\\/#breadcrumb\"},\"inLanguage\":\"de\",\"potentialAction\":[{\"@type\":\"ReadAction\",\"target\":[\"https:\\\/\\\/prideshop.eu\\\/de\\\/shop\\\/sportarten\\\/mma-ultimate-fight-de\\\/mma-ultimate-fight-schutzausrustung\\\/helm-mit-komplettem-schutz-pride\\\/\"]}]},{\"@type\":\"ImageObject\",\"inLanguage\":\"de\",\"@id\":\"https:\\\/\\\/prideshop.eu\\\/de\\\/shop\\\/sportarten\\\/mma-ultimate-fight-de\\\/mma-ultimate-fight-schutzausrustung\\\/helm-mit-komplettem-schutz-pride\\\/#primaryimage\",\"url\":\"https:\\\/\\\/prideshop.eu\\\/wp-content\\\/uploads\\\/2020\\\/08\\\/celada-s-popolno-zascito-pride-5016.jpeg\",\"contentUrl\":\"https:\\\/\\\/prideshop.eu\\\/wp-content\\\/uploads\\\/2020\\\/08\\\/celada-s-popolno-zascito-pride-5016.jpeg\",\"width\":600,\"height\":600,\"caption\":\"Helm mit komplettem Schutz Pride schwarz farbe\"},{\"@type\":\"BreadcrumbList\",\"@id\":\"https:\\\/\\\/prideshop.eu\\\/de\\\/shop\\\/sportarten\\\/mma-ultimate-fight-de\\\/mma-ultimate-fight-schutzausrustung\\\/helm-mit-komplettem-schutz-pride\\\/#breadcrumb\",\"itemListElement\":[{\"@type\":\"ListItem\",\"position\":1,\"name\":\"Home\",\"item\":\"https:\\\/\\\/prideshop.eu\\\/de\\\/\"},{\"@type\":\"ListItem\",\"position\":2,\"name\":\"Gesch\u00e4ft\",\"item\":\"https:\\\/\\\/prideshop.eu\\\/de\\\/geschaeft\\\/\"},{\"@type\":\"ListItem\",\"position\":3,\"name\":\"Profi Box-Sparring Vollgesichts-Kopfschutz Leder Pride \u2013 MaxSafe\"}]},{\"@type\":\"WebSite\",\"@id\":\"https:\\\/\\\/prideshop.eu\\\/de\\\/#website\",\"url\":\"https:\\\/\\\/prideshop.eu\\\/de\\\/\",\"name\":\"PRIDEshop\",\"description\":\"Oprema za Borilne \u0160porte\",\"publisher\":{\"@id\":\"https:\\\/\\\/prideshop.eu\\\/de\\\/#organization\"},\"potentialAction\":[{\"@type\":\"SearchAction\",\"target\":{\"@type\":\"EntryPoint\",\"urlTemplate\":\"https:\\\/\\\/prideshop.eu\\\/de\\\/?s={search_term_string}\"},\"query-input\":{\"@type\":\"PropertyValueSpecification\",\"valueRequired\":true,\"valueName\":\"search_term_string\"}}],\"inLanguage\":\"de\"},{\"@type\":\"Organization\",\"@id\":\"https:\\\/\\\/prideshop.eu\\\/de\\\/#organization\",\"name\":\"PRIDEshop\",\"url\":\"https:\\\/\\\/prideshop.eu\\\/de\\\/\",\"logo\":{\"@type\":\"ImageObject\",\"inLanguage\":\"de\",\"@id\":\"https:\\\/\\\/prideshop.eu\\\/de\\\/#\\\/schema\\\/logo\\\/image\\\/\",\"url\":\"\",\"contentUrl\":\"\",\"caption\":\"PRIDEshop\"},\"image\":{\"@id\":\"https:\\\/\\\/prideshop.eu\\\/de\\\/#\\\/schema\\\/logo\\\/image\\\/\"},\"sameAs\":[\"https:\\\/\\\/sl-si.facebook.com\\\/PrideShopeu\"]}]}<\/script>\n<!-- \/ Yoast SEO plugin. -->","yoast_head_json":{"title":"Profi Box-Sparring Vollgesichts-Kopfschutz Leder Pride \u2013 MaxSafe - PRIDEshop","description":"Helm mit komplettem Schutz, Pride. Kopfbedekung mit komplettem Schutz der annerkanten Marke Pride. M\u00f6glichkeit des Abnehmens der Schutzmaske.","robots":{"index":"index","follow":"follow","max-snippet":"max-snippet:-1","max-image-preview":"max-image-preview:large","max-video-preview":"max-video-preview:-1"},"canonical":"https:\/\/prideshop.eu\/de\/shop\/sportarten\/mma-ultimate-fight-de\/mma-ultimate-fight-schutzausrustung\/helm-mit-komplettem-schutz-pride\/","og_locale":"de_DE","og_type":"article","og_title":"Profi Box-Sparring Vollgesichts-Kopfschutz Leder Pride \u2013 MaxSafe - PRIDEshop","og_description":"Helm mit komplettem Schutz, Pride. Kopfbedekung mit komplettem Schutz der annerkanten Marke Pride. M\u00f6glichkeit des Abnehmens der Schutzmaske.","og_url":"https:\/\/prideshop.eu\/de\/shop\/sportarten\/mma-ultimate-fight-de\/mma-ultimate-fight-schutzausrustung\/helm-mit-komplettem-schutz-pride\/","og_site_name":"PRIDEshop","article_publisher":"https:\/\/sl-si.facebook.com\/PrideShopeu","article_modified_time":"2026-01-13T15:18:39+00:00","og_image":[{"width":600,"height":600,"url":"https:\/\/prideshop.eu\/wp-content\/uploads\/2020\/08\/celada-s-popolno-zascito-pride-5016.jpeg","type":"image\/jpeg"}],"twitter_card":"summary_large_image","schema":{"@context":"https:\/\/schema.org","@graph":[{"@type":"WebPage","@id":"https:\/\/prideshop.eu\/de\/shop\/sportarten\/mma-ultimate-fight-de\/mma-ultimate-fight-schutzausrustung\/helm-mit-komplettem-schutz-pride\/","url":"https:\/\/prideshop.eu\/de\/shop\/sportarten\/mma-ultimate-fight-de\/mma-ultimate-fight-schutzausrustung\/helm-mit-komplettem-schutz-pride\/","name":"Profi Box-Sparring Vollgesichts-Kopfschutz Leder Pride \u2013 MaxSafe - PRIDEshop","isPartOf":{"@id":"https:\/\/prideshop.eu\/de\/#website"},"primaryImageOfPage":{"@id":"https:\/\/prideshop.eu\/de\/shop\/sportarten\/mma-ultimate-fight-de\/mma-ultimate-fight-schutzausrustung\/helm-mit-komplettem-schutz-pride\/#primaryimage"},"image":{"@id":"https:\/\/prideshop.eu\/de\/shop\/sportarten\/mma-ultimate-fight-de\/mma-ultimate-fight-schutzausrustung\/helm-mit-komplettem-schutz-pride\/#primaryimage"},"thumbnailUrl":"https:\/\/prideshop.eu\/wp-content\/uploads\/2020\/08\/celada-s-popolno-zascito-pride-5016.jpeg","datePublished":"2020-08-31T08:45:50+00:00","dateModified":"2026-01-13T15:18:39+00:00","description":"Helm mit komplettem Schutz, Pride. Kopfbedekung mit komplettem Schutz der annerkanten Marke Pride. M\u00f6glichkeit des Abnehmens der Schutzmaske.","breadcrumb":{"@id":"https:\/\/prideshop.eu\/de\/shop\/sportarten\/mma-ultimate-fight-de\/mma-ultimate-fight-schutzausrustung\/helm-mit-komplettem-schutz-pride\/#breadcrumb"},"inLanguage":"de","potentialAction":[{"@type":"ReadAction","target":["https:\/\/prideshop.eu\/de\/shop\/sportarten\/mma-ultimate-fight-de\/mma-ultimate-fight-schutzausrustung\/helm-mit-komplettem-schutz-pride\/"]}]},{"@type":"ImageObject","inLanguage":"de","@id":"https:\/\/prideshop.eu\/de\/shop\/sportarten\/mma-ultimate-fight-de\/mma-ultimate-fight-schutzausrustung\/helm-mit-komplettem-schutz-pride\/#primaryimage","url":"https:\/\/prideshop.eu\/wp-content\/uploads\/2020\/08\/celada-s-popolno-zascito-pride-5016.jpeg","contentUrl":"https:\/\/prideshop.eu\/wp-content\/uploads\/2020\/08\/celada-s-popolno-zascito-pride-5016.jpeg","width":600,"height":600,"caption":"Helm mit komplettem Schutz Pride schwarz farbe"},{"@type":"BreadcrumbList","@id":"https:\/\/prideshop.eu\/de\/shop\/sportarten\/mma-ultimate-fight-de\/mma-ultimate-fight-schutzausrustung\/helm-mit-komplettem-schutz-pride\/#breadcrumb","itemListElement":[{"@type":"ListItem","position":1,"name":"Home","item":"https:\/\/prideshop.eu\/de\/"},{"@type":"ListItem","position":2,"name":"Gesch\u00e4ft","item":"https:\/\/prideshop.eu\/de\/geschaeft\/"},{"@type":"ListItem","position":3,"name":"Profi Box-Sparring Vollgesichts-Kopfschutz Leder Pride \u2013 MaxSafe"}]},{"@type":"WebSite","@id":"https:\/\/prideshop.eu\/de\/#website","url":"https:\/\/prideshop.eu\/de\/","name":"PRIDEshop","description":"Oprema za Borilne \u0160porte","publisher":{"@id":"https:\/\/prideshop.eu\/de\/#organization"},"potentialAction":[{"@type":"SearchAction","target":{"@type":"EntryPoint","urlTemplate":"https:\/\/prideshop.eu\/de\/?s={search_term_string}"},"query-input":{"@type":"PropertyValueSpecification","valueRequired":true,"valueName":"search_term_string"}}],"inLanguage":"de"},{"@type":"Organization","@id":"https:\/\/prideshop.eu\/de\/#organization","name":"PRIDEshop","url":"https:\/\/prideshop.eu\/de\/","logo":{"@type":"ImageObject","inLanguage":"de","@id":"https:\/\/prideshop.eu\/de\/#\/schema\/logo\/image\/","url":"","contentUrl":"","caption":"PRIDEshop"},"image":{"@id":"https:\/\/prideshop.eu\/de\/#\/schema\/logo\/image\/"},"sameAs":["https:\/\/sl-si.facebook.com\/PrideShopeu"]}]}},"_links":{"self":[{"href":"https:\/\/prideshop.eu\/de\/wp-json\/wp\/v2\/product\/10679","targetHints":{"allow":["GET"]}}],"collection":[{"href":"https:\/\/prideshop.eu\/de\/wp-json\/wp\/v2\/product"}],"about":[{"href":"https:\/\/prideshop.eu\/de\/wp-json\/wp\/v2\/types\/product"}],"replies":[{"embeddable":true,"href":"https:\/\/prideshop.eu\/de\/wp-json\/wp\/v2\/comments?post=10679"}],"wp:featuredmedia":[{"embeddable":true,"href":"https:\/\/prideshop.eu\/de\/wp-json\/wp\/v2\/media\/24744"}],"wp:attachment":[{"href":"https:\/\/prideshop.eu\/de\/wp-json\/wp\/v2\/media?parent=10679"}],"wp:term":[{"taxonomy":"product_brand","embeddable":true,"href":"https:\/\/prideshop.eu\/de\/wp-json\/wp\/v2\/product_brand?post=10679"},{"taxonomy":"product_cat","embeddable":true,"href":"https:\/\/prideshop.eu\/de\/wp-json\/wp\/v2\/product_cat?post=10679"},{"taxonomy":"product_tag","embeddable":true,"href":"https:\/\/prideshop.eu\/de\/wp-json\/wp\/v2\/product_tag?post=10679"}],"curies":[{"name":"wp","href":"https:\/\/api.w.org\/{rel}","templated":true}]}}