{"id":10721,"date":"2020-08-31T11:14:52","date_gmt":"2020-08-31T09:14:52","guid":{"rendered":"https:\/\/prideshop.eu\/spletna-trgovina\/unkategorisiert\/tiefschutz-suspensorium-pride\/"},"modified":"2025-08-04T10:55:06","modified_gmt":"2025-08-04T08:55:06","slug":"tiefschutz-suspensorium-pride","status":"publish","type":"product","link":"https:\/\/prideshop.eu\/de\/shop\/sportarten\/taekwondo-wt-olypic-sports\/taekwondo-wt-schutzausrustung\/tiefschutz-suspensorium-pride\/","title":{"rendered":"Herren Tiefschutz Pride \u2013 TaekGuard"},"content":{"rendered":"<h3>Herren Tiefschutz Pride \u2013 TaekGuard<\/h3>\n<p>Tiefschutz Suspensorium, PridenAnatomisch geformter m\u00e4nlicher Unterleibschutz f\u00fcr den Genitalbereich der Marke Pride. Aus Plastik und in wei\u00dfes Kunstleder angezogen. Er wird mit breiten elastischen B\u00e4ndern befestigt, die schnelles anziehen und ausziehen erm\u00f6glichen. Man kann ihn unter oder \u00fcber die Kleidung tragen. Er ist f\u00fcr Praktikanten des Karate, Ju Jitsu,nKickbox und anderer Kontaktsportarten geeignet.<\/p>\n","protected":false},"excerpt":{"rendered":"<p>Tiefschutz Suspensorium, PridenAnatomisch geformter m\u00e4nlicher Unterleibschutz f\u00fcr den Genitalbereich der Marke Pride. Aus Plastik und in wei\u00dfes Kunstleder angezogen. Er wird mit breiten elastischen B\u00e4ndern befestigt, die schnelles anziehen und ausziehen erm\u00f6glichen. Man kann ihn unter oder \u00fcber die Kleidung tragen. Er ist f\u00fcr Praktikanten des Karate, Ju Jitsu,nKickbox und anderer Kontaktsportarten geeignet.<\/p>\n","protected":false},"featured_media":24726,"comment_status":"open","ping_status":"closed","template":"","meta":{"_acf_changed":false},"product_brand":[2086],"product_cat":[580,734,742,634,656,756,766,640],"product_tag":[],"class_list":{"0":"post-10721","1":"product","2":"type-product","3":"status-publish","4":"has-post-thumbnail","6":"product_brand-pride","7":"product_cat-equipment-de","8":"product_cat-krav-maga-de","9":"product_cat-krav-maga-schutzausrustung","10":"product_cat-schutzausrustung","11":"product_cat-sportarten","12":"product_cat-taekwondo-wt-olypic-sports","13":"product_cat-taekwondo-wt-schutzausrustung","14":"product_cat-tiefschutz","16":"first","17":"instock","18":"taxable","19":"shipping-taxable","20":"purchasable","21":"product-type-variable"},"acf":[],"yoast_head":"<!-- This site is optimized with the Yoast SEO plugin v27.4 - https:\/\/yoast.com\/product\/yoast-seo-wordpress\/ -->\n<title>Herren Tiefschutz Pride \u2013 TaekGuard - PRIDEshop<\/title>\n<meta name=\"description\" content=\"Tiefschutz Suspensorium, Pride. Anatomisch geformter m\u00e4nlicher Unterleibschutz f\u00fcr den Genitalbereich der Marke Pride.\" \/>\n<meta name=\"robots\" content=\"index, follow, max-snippet:-1, max-image-preview:large, max-video-preview:-1\" \/>\n<link rel=\"canonical\" href=\"https:\/\/prideshop.eu\/de\/shop\/sportarten\/taekwondo-wt-olypic-sports\/taekwondo-wt-schutzausrustung\/tiefschutz-suspensorium-pride\/\" \/>\n<meta property=\"og:locale\" content=\"de_DE\" \/>\n<meta property=\"og:type\" content=\"article\" \/>\n<meta property=\"og:title\" content=\"Herren Tiefschutz Pride \u2013 TaekGuard - PRIDEshop\" \/>\n<meta property=\"og:description\" content=\"Tiefschutz Suspensorium, Pride. Anatomisch geformter m\u00e4nlicher Unterleibschutz f\u00fcr den Genitalbereich der Marke Pride.\" \/>\n<meta property=\"og:url\" content=\"https:\/\/prideshop.eu\/de\/shop\/sportarten\/taekwondo-wt-olypic-sports\/taekwondo-wt-schutzausrustung\/tiefschutz-suspensorium-pride\/\" \/>\n<meta property=\"og:site_name\" content=\"PRIDEshop\" \/>\n<meta property=\"article:publisher\" content=\"https:\/\/sl-si.facebook.com\/PrideShopeu\" \/>\n<meta property=\"article:modified_time\" content=\"2025-08-04T08:55:06+00:00\" \/>\n<meta property=\"og:image\" content=\"https:\/\/prideshop.eu\/wp-content\/uploads\/2020\/08\/suspenzor-pride-5031.jpeg\" \/>\n\t<meta property=\"og:image:width\" content=\"600\" \/>\n\t<meta property=\"og:image:height\" content=\"600\" \/>\n\t<meta property=\"og:image:type\" content=\"image\/jpeg\" \/>\n<meta name=\"twitter:card\" content=\"summary_large_image\" \/>\n<script type=\"application\/ld+json\" class=\"yoast-schema-graph\">{\"@context\":\"https:\\\/\\\/schema.org\",\"@graph\":[{\"@type\":\"WebPage\",\"@id\":\"https:\\\/\\\/prideshop.eu\\\/de\\\/shop\\\/sportarten\\\/taekwondo-wt-olypic-sports\\\/taekwondo-wt-schutzausrustung\\\/tiefschutz-suspensorium-pride\\\/\",\"url\":\"https:\\\/\\\/prideshop.eu\\\/de\\\/shop\\\/sportarten\\\/taekwondo-wt-olypic-sports\\\/taekwondo-wt-schutzausrustung\\\/tiefschutz-suspensorium-pride\\\/\",\"name\":\"Herren Tiefschutz Pride \u2013 TaekGuard - PRIDEshop\",\"isPartOf\":{\"@id\":\"https:\\\/\\\/prideshop.eu\\\/de\\\/#website\"},\"primaryImageOfPage\":{\"@id\":\"https:\\\/\\\/prideshop.eu\\\/de\\\/shop\\\/sportarten\\\/taekwondo-wt-olypic-sports\\\/taekwondo-wt-schutzausrustung\\\/tiefschutz-suspensorium-pride\\\/#primaryimage\"},\"image\":{\"@id\":\"https:\\\/\\\/prideshop.eu\\\/de\\\/shop\\\/sportarten\\\/taekwondo-wt-olypic-sports\\\/taekwondo-wt-schutzausrustung\\\/tiefschutz-suspensorium-pride\\\/#primaryimage\"},\"thumbnailUrl\":\"https:\\\/\\\/prideshop.eu\\\/wp-content\\\/uploads\\\/2020\\\/08\\\/suspenzor-pride-5031.jpeg\",\"datePublished\":\"2020-08-31T09:14:52+00:00\",\"dateModified\":\"2025-08-04T08:55:06+00:00\",\"description\":\"Tiefschutz Suspensorium, Pride. Anatomisch geformter m\u00e4nlicher Unterleibschutz f\u00fcr den Genitalbereich der Marke Pride.\",\"breadcrumb\":{\"@id\":\"https:\\\/\\\/prideshop.eu\\\/de\\\/shop\\\/sportarten\\\/taekwondo-wt-olypic-sports\\\/taekwondo-wt-schutzausrustung\\\/tiefschutz-suspensorium-pride\\\/#breadcrumb\"},\"inLanguage\":\"de\",\"potentialAction\":[{\"@type\":\"ReadAction\",\"target\":[\"https:\\\/\\\/prideshop.eu\\\/de\\\/shop\\\/sportarten\\\/taekwondo-wt-olypic-sports\\\/taekwondo-wt-schutzausrustung\\\/tiefschutz-suspensorium-pride\\\/\"]}]},{\"@type\":\"ImageObject\",\"inLanguage\":\"de\",\"@id\":\"https:\\\/\\\/prideshop.eu\\\/de\\\/shop\\\/sportarten\\\/taekwondo-wt-olypic-sports\\\/taekwondo-wt-schutzausrustung\\\/tiefschutz-suspensorium-pride\\\/#primaryimage\",\"url\":\"https:\\\/\\\/prideshop.eu\\\/wp-content\\\/uploads\\\/2020\\\/08\\\/suspenzor-pride-5031.jpeg\",\"contentUrl\":\"https:\\\/\\\/prideshop.eu\\\/wp-content\\\/uploads\\\/2020\\\/08\\\/suspenzor-pride-5031.jpeg\",\"width\":600,\"height\":600,\"caption\":\"Tiefschutz Suspensorium Pride weise farbe fur tkd\"},{\"@type\":\"BreadcrumbList\",\"@id\":\"https:\\\/\\\/prideshop.eu\\\/de\\\/shop\\\/sportarten\\\/taekwondo-wt-olypic-sports\\\/taekwondo-wt-schutzausrustung\\\/tiefschutz-suspensorium-pride\\\/#breadcrumb\",\"itemListElement\":[{\"@type\":\"ListItem\",\"position\":1,\"name\":\"Home\",\"item\":\"https:\\\/\\\/prideshop.eu\\\/de\\\/\"},{\"@type\":\"ListItem\",\"position\":2,\"name\":\"Gesch\u00e4ft\",\"item\":\"https:\\\/\\\/prideshop.eu\\\/de\\\/geschaeft\\\/\"},{\"@type\":\"ListItem\",\"position\":3,\"name\":\"Herren Tiefschutz Pride \u2013 TaekGuard\"}]},{\"@type\":\"WebSite\",\"@id\":\"https:\\\/\\\/prideshop.eu\\\/de\\\/#website\",\"url\":\"https:\\\/\\\/prideshop.eu\\\/de\\\/\",\"name\":\"PRIDEshop\",\"description\":\"Oprema za Borilne \u0160porte\",\"publisher\":{\"@id\":\"https:\\\/\\\/prideshop.eu\\\/de\\\/#organization\"},\"potentialAction\":[{\"@type\":\"SearchAction\",\"target\":{\"@type\":\"EntryPoint\",\"urlTemplate\":\"https:\\\/\\\/prideshop.eu\\\/de\\\/?s={search_term_string}\"},\"query-input\":{\"@type\":\"PropertyValueSpecification\",\"valueRequired\":true,\"valueName\":\"search_term_string\"}}],\"inLanguage\":\"de\"},{\"@type\":\"Organization\",\"@id\":\"https:\\\/\\\/prideshop.eu\\\/de\\\/#organization\",\"name\":\"PRIDEshop\",\"url\":\"https:\\\/\\\/prideshop.eu\\\/de\\\/\",\"logo\":{\"@type\":\"ImageObject\",\"inLanguage\":\"de\",\"@id\":\"https:\\\/\\\/prideshop.eu\\\/de\\\/#\\\/schema\\\/logo\\\/image\\\/\",\"url\":\"\",\"contentUrl\":\"\",\"caption\":\"PRIDEshop\"},\"image\":{\"@id\":\"https:\\\/\\\/prideshop.eu\\\/de\\\/#\\\/schema\\\/logo\\\/image\\\/\"},\"sameAs\":[\"https:\\\/\\\/sl-si.facebook.com\\\/PrideShopeu\"]}]}<\/script>\n<!-- \/ Yoast SEO plugin. -->","yoast_head_json":{"title":"Herren Tiefschutz Pride \u2013 TaekGuard - PRIDEshop","description":"Tiefschutz Suspensorium, Pride. Anatomisch geformter m\u00e4nlicher Unterleibschutz f\u00fcr den Genitalbereich der Marke Pride.","robots":{"index":"index","follow":"follow","max-snippet":"max-snippet:-1","max-image-preview":"max-image-preview:large","max-video-preview":"max-video-preview:-1"},"canonical":"https:\/\/prideshop.eu\/de\/shop\/sportarten\/taekwondo-wt-olypic-sports\/taekwondo-wt-schutzausrustung\/tiefschutz-suspensorium-pride\/","og_locale":"de_DE","og_type":"article","og_title":"Herren Tiefschutz Pride \u2013 TaekGuard - PRIDEshop","og_description":"Tiefschutz Suspensorium, Pride. Anatomisch geformter m\u00e4nlicher Unterleibschutz f\u00fcr den Genitalbereich der Marke Pride.","og_url":"https:\/\/prideshop.eu\/de\/shop\/sportarten\/taekwondo-wt-olypic-sports\/taekwondo-wt-schutzausrustung\/tiefschutz-suspensorium-pride\/","og_site_name":"PRIDEshop","article_publisher":"https:\/\/sl-si.facebook.com\/PrideShopeu","article_modified_time":"2025-08-04T08:55:06+00:00","og_image":[{"width":600,"height":600,"url":"https:\/\/prideshop.eu\/wp-content\/uploads\/2020\/08\/suspenzor-pride-5031.jpeg","type":"image\/jpeg"}],"twitter_card":"summary_large_image","schema":{"@context":"https:\/\/schema.org","@graph":[{"@type":"WebPage","@id":"https:\/\/prideshop.eu\/de\/shop\/sportarten\/taekwondo-wt-olypic-sports\/taekwondo-wt-schutzausrustung\/tiefschutz-suspensorium-pride\/","url":"https:\/\/prideshop.eu\/de\/shop\/sportarten\/taekwondo-wt-olypic-sports\/taekwondo-wt-schutzausrustung\/tiefschutz-suspensorium-pride\/","name":"Herren Tiefschutz Pride \u2013 TaekGuard - PRIDEshop","isPartOf":{"@id":"https:\/\/prideshop.eu\/de\/#website"},"primaryImageOfPage":{"@id":"https:\/\/prideshop.eu\/de\/shop\/sportarten\/taekwondo-wt-olypic-sports\/taekwondo-wt-schutzausrustung\/tiefschutz-suspensorium-pride\/#primaryimage"},"image":{"@id":"https:\/\/prideshop.eu\/de\/shop\/sportarten\/taekwondo-wt-olypic-sports\/taekwondo-wt-schutzausrustung\/tiefschutz-suspensorium-pride\/#primaryimage"},"thumbnailUrl":"https:\/\/prideshop.eu\/wp-content\/uploads\/2020\/08\/suspenzor-pride-5031.jpeg","datePublished":"2020-08-31T09:14:52+00:00","dateModified":"2025-08-04T08:55:06+00:00","description":"Tiefschutz Suspensorium, Pride. Anatomisch geformter m\u00e4nlicher Unterleibschutz f\u00fcr den Genitalbereich der Marke Pride.","breadcrumb":{"@id":"https:\/\/prideshop.eu\/de\/shop\/sportarten\/taekwondo-wt-olypic-sports\/taekwondo-wt-schutzausrustung\/tiefschutz-suspensorium-pride\/#breadcrumb"},"inLanguage":"de","potentialAction":[{"@type":"ReadAction","target":["https:\/\/prideshop.eu\/de\/shop\/sportarten\/taekwondo-wt-olypic-sports\/taekwondo-wt-schutzausrustung\/tiefschutz-suspensorium-pride\/"]}]},{"@type":"ImageObject","inLanguage":"de","@id":"https:\/\/prideshop.eu\/de\/shop\/sportarten\/taekwondo-wt-olypic-sports\/taekwondo-wt-schutzausrustung\/tiefschutz-suspensorium-pride\/#primaryimage","url":"https:\/\/prideshop.eu\/wp-content\/uploads\/2020\/08\/suspenzor-pride-5031.jpeg","contentUrl":"https:\/\/prideshop.eu\/wp-content\/uploads\/2020\/08\/suspenzor-pride-5031.jpeg","width":600,"height":600,"caption":"Tiefschutz Suspensorium Pride weise farbe fur tkd"},{"@type":"BreadcrumbList","@id":"https:\/\/prideshop.eu\/de\/shop\/sportarten\/taekwondo-wt-olypic-sports\/taekwondo-wt-schutzausrustung\/tiefschutz-suspensorium-pride\/#breadcrumb","itemListElement":[{"@type":"ListItem","position":1,"name":"Home","item":"https:\/\/prideshop.eu\/de\/"},{"@type":"ListItem","position":2,"name":"Gesch\u00e4ft","item":"https:\/\/prideshop.eu\/de\/geschaeft\/"},{"@type":"ListItem","position":3,"name":"Herren Tiefschutz Pride \u2013 TaekGuard"}]},{"@type":"WebSite","@id":"https:\/\/prideshop.eu\/de\/#website","url":"https:\/\/prideshop.eu\/de\/","name":"PRIDEshop","description":"Oprema za Borilne \u0160porte","publisher":{"@id":"https:\/\/prideshop.eu\/de\/#organization"},"potentialAction":[{"@type":"SearchAction","target":{"@type":"EntryPoint","urlTemplate":"https:\/\/prideshop.eu\/de\/?s={search_term_string}"},"query-input":{"@type":"PropertyValueSpecification","valueRequired":true,"valueName":"search_term_string"}}],"inLanguage":"de"},{"@type":"Organization","@id":"https:\/\/prideshop.eu\/de\/#organization","name":"PRIDEshop","url":"https:\/\/prideshop.eu\/de\/","logo":{"@type":"ImageObject","inLanguage":"de","@id":"https:\/\/prideshop.eu\/de\/#\/schema\/logo\/image\/","url":"","contentUrl":"","caption":"PRIDEshop"},"image":{"@id":"https:\/\/prideshop.eu\/de\/#\/schema\/logo\/image\/"},"sameAs":["https:\/\/sl-si.facebook.com\/PrideShopeu"]}]}},"_links":{"self":[{"href":"https:\/\/prideshop.eu\/de\/wp-json\/wp\/v2\/product\/10721","targetHints":{"allow":["GET"]}}],"collection":[{"href":"https:\/\/prideshop.eu\/de\/wp-json\/wp\/v2\/product"}],"about":[{"href":"https:\/\/prideshop.eu\/de\/wp-json\/wp\/v2\/types\/product"}],"replies":[{"embeddable":true,"href":"https:\/\/prideshop.eu\/de\/wp-json\/wp\/v2\/comments?post=10721"}],"wp:featuredmedia":[{"embeddable":true,"href":"https:\/\/prideshop.eu\/de\/wp-json\/wp\/v2\/media\/24726"}],"wp:attachment":[{"href":"https:\/\/prideshop.eu\/de\/wp-json\/wp\/v2\/media?parent=10721"}],"wp:term":[{"taxonomy":"product_brand","embeddable":true,"href":"https:\/\/prideshop.eu\/de\/wp-json\/wp\/v2\/product_brand?post=10721"},{"taxonomy":"product_cat","embeddable":true,"href":"https:\/\/prideshop.eu\/de\/wp-json\/wp\/v2\/product_cat?post=10721"},{"taxonomy":"product_tag","embeddable":true,"href":"https:\/\/prideshop.eu\/de\/wp-json\/wp\/v2\/product_tag?post=10721"}],"curies":[{"name":"wp","href":"https:\/\/api.w.org\/{rel}","templated":true}]}}