{"id":10982,"date":"2020-09-24T10:44:15","date_gmt":"2020-09-24T08:44:15","guid":{"rendered":"https:\/\/prideshop.eu\/spletna-trgovina\/unkategorisiert\/elastische-box-bandage-animal-pride\/"},"modified":"2025-08-04T10:56:58","modified_gmt":"2025-08-04T08:56:58","slug":"elastische-box-bandage-pride","status":"publish","type":"product","link":"https:\/\/prideshop.eu\/de\/shop\/sportarten\/thaiboxen\/thaiboxen-schutzausrustung\/elastische-box-bandage-pride\/","title":{"rendered":"Elastische Boxbandagen Pride \u2013 PowerWraps"},"content":{"rendered":"<h3>Elastische Boxbandagen Pride \u2013 PowerWraps<\/h3>\n<p>Elastische Box Bandage, Pride. Klasische Verb\u00e4nde f\u00fcr die Handfl\u00e4chen in verschiedenen Farben und L\u00e4ngen. Leicht elastisch mit Anfangsschlinge f\u00fcr den Daumen und zum zumachen mit Klettverschluss.Sie bieten dem Handgelenk und dem Daumen St\u00fctze, deswegen sind sie sehr empfehlenswert f\u00fcr das Einwickeln der Handfl\u00e4chen vor dem Training.<\/p>\n","protected":false},"excerpt":{"rendered":"<p>Elastische Box Bandage, Pride. Klasische Verb\u00e4nde f\u00fcr die Handfl\u00e4chen in verschiedenen Farben und L\u00e4ngen. Leicht elastisch mit Anfangsschlinge f\u00fcr den Daumen und zum zumachen mit Klettverschluss.Sie bieten dem Handgelenk und dem Daumen St\u00fctze, deswegen sind sie sehr empfehlenswert f\u00fcr das Einwickeln der Handfl\u00e4chen vor dem Training.<\/p>\n","protected":false},"featured_media":10998,"comment_status":"open","ping_status":"closed","template":"","meta":{"_acf_changed":false},"product_brand":[2086],"product_cat":[636,664,722,734,742,744,754,634,678,732,656,778,786],"product_tag":[],"class_list":{"0":"post-10982","1":"product","2":"type-product","3":"status-publish","4":"has-post-thumbnail","6":"product_brand-pride","7":"product_cat-bandagen","8":"product_cat-boxen","9":"product_cat-kickboxen","10":"product_cat-krav-maga-de","11":"product_cat-krav-maga-schutzausrustung","12":"product_cat-mma-ultimate-fight-de","13":"product_cat-mma-ultimate-fight-schutzausrustung","14":"product_cat-schutzausrustung","15":"product_cat-schutzausrustung-fur-boxen","16":"product_cat-schutzausrustung-zum-kickboxen","17":"product_cat-sportarten","18":"product_cat-thaiboxen","19":"product_cat-thaiboxen-schutzausrustung","21":"first","22":"instock","23":"taxable","24":"shipping-taxable","25":"purchasable","26":"product-type-variable"},"acf":[],"yoast_head":"<!-- This site is optimized with the Yoast SEO plugin v27.5 - https:\/\/yoast.com\/product\/yoast-seo-wordpress\/ -->\n<title>Elastische Boxbandagen Pride \u2013 PowerWraps - PRIDEshop<\/title>\n<meta name=\"description\" content=\"Elastische Box Bandage, Pride. Klasische Verb\u00e4nde f\u00fcr die Handfl\u00e4chen in verschiedenen Farben und L\u00e4ngen.\" \/>\n<meta name=\"robots\" content=\"index, follow, max-snippet:-1, max-image-preview:large, max-video-preview:-1\" \/>\n<link rel=\"canonical\" href=\"https:\/\/prideshop.eu\/de\/shop\/sportarten\/thaiboxen\/thaiboxen-schutzausrustung\/elastische-box-bandage-pride\/\" \/>\n<meta property=\"og:locale\" content=\"de_DE\" \/>\n<meta property=\"og:type\" content=\"article\" \/>\n<meta property=\"og:title\" content=\"Elastische Boxbandagen Pride \u2013 PowerWraps - PRIDEshop\" \/>\n<meta property=\"og:description\" content=\"Elastische Box Bandage, Pride. Klasische Verb\u00e4nde f\u00fcr die Handfl\u00e4chen in verschiedenen Farben und L\u00e4ngen.\" \/>\n<meta property=\"og:url\" content=\"https:\/\/prideshop.eu\/de\/shop\/sportarten\/thaiboxen\/thaiboxen-schutzausrustung\/elastische-box-bandage-pride\/\" \/>\n<meta property=\"og:site_name\" content=\"PRIDEshop\" \/>\n<meta property=\"article:publisher\" content=\"https:\/\/sl-si.facebook.com\/PrideShopeu\" \/>\n<meta property=\"article:modified_time\" content=\"2025-08-04T08:56:58+00:00\" \/>\n<meta property=\"og:image\" content=\"https:\/\/prideshop.eu\/wp-content\/uploads\/2020\/09\/elasticne-boks-bandaze-pride-5101.jpeg\" \/>\n\t<meta property=\"og:image:width\" content=\"600\" \/>\n\t<meta property=\"og:image:height\" content=\"600\" \/>\n\t<meta property=\"og:image:type\" content=\"image\/jpeg\" \/>\n<meta name=\"twitter:card\" content=\"summary_large_image\" \/>\n<script type=\"application\/ld+json\" class=\"yoast-schema-graph\">{\"@context\":\"https:\\\/\\\/schema.org\",\"@graph\":[{\"@type\":\"WebPage\",\"@id\":\"https:\\\/\\\/prideshop.eu\\\/de\\\/shop\\\/sportarten\\\/thaiboxen\\\/thaiboxen-schutzausrustung\\\/elastische-box-bandage-pride\\\/\",\"url\":\"https:\\\/\\\/prideshop.eu\\\/de\\\/shop\\\/sportarten\\\/thaiboxen\\\/thaiboxen-schutzausrustung\\\/elastische-box-bandage-pride\\\/\",\"name\":\"Elastische Boxbandagen Pride \u2013 PowerWraps - PRIDEshop\",\"isPartOf\":{\"@id\":\"https:\\\/\\\/prideshop.eu\\\/de\\\/#website\"},\"primaryImageOfPage\":{\"@id\":\"https:\\\/\\\/prideshop.eu\\\/de\\\/shop\\\/sportarten\\\/thaiboxen\\\/thaiboxen-schutzausrustung\\\/elastische-box-bandage-pride\\\/#primaryimage\"},\"image\":{\"@id\":\"https:\\\/\\\/prideshop.eu\\\/de\\\/shop\\\/sportarten\\\/thaiboxen\\\/thaiboxen-schutzausrustung\\\/elastische-box-bandage-pride\\\/#primaryimage\"},\"thumbnailUrl\":\"https:\\\/\\\/prideshop.eu\\\/wp-content\\\/uploads\\\/2020\\\/09\\\/elasticne-boks-bandaze-pride-5101.jpeg\",\"datePublished\":\"2020-09-24T08:44:15+00:00\",\"dateModified\":\"2025-08-04T08:56:58+00:00\",\"description\":\"Elastische Box Bandage, Pride. Klasische Verb\u00e4nde f\u00fcr die Handfl\u00e4chen in verschiedenen Farben und L\u00e4ngen.\",\"breadcrumb\":{\"@id\":\"https:\\\/\\\/prideshop.eu\\\/de\\\/shop\\\/sportarten\\\/thaiboxen\\\/thaiboxen-schutzausrustung\\\/elastische-box-bandage-pride\\\/#breadcrumb\"},\"inLanguage\":\"de\",\"potentialAction\":[{\"@type\":\"ReadAction\",\"target\":[\"https:\\\/\\\/prideshop.eu\\\/de\\\/shop\\\/sportarten\\\/thaiboxen\\\/thaiboxen-schutzausrustung\\\/elastische-box-bandage-pride\\\/\"]}]},{\"@type\":\"ImageObject\",\"inLanguage\":\"de\",\"@id\":\"https:\\\/\\\/prideshop.eu\\\/de\\\/shop\\\/sportarten\\\/thaiboxen\\\/thaiboxen-schutzausrustung\\\/elastische-box-bandage-pride\\\/#primaryimage\",\"url\":\"https:\\\/\\\/prideshop.eu\\\/wp-content\\\/uploads\\\/2020\\\/09\\\/elasticne-boks-bandaze-pride-5101.jpeg\",\"contentUrl\":\"https:\\\/\\\/prideshop.eu\\\/wp-content\\\/uploads\\\/2020\\\/09\\\/elasticne-boks-bandaze-pride-5101.jpeg\",\"width\":600,\"height\":600,\"caption\":\"Elastische Box Bandage Pride\"},{\"@type\":\"BreadcrumbList\",\"@id\":\"https:\\\/\\\/prideshop.eu\\\/de\\\/shop\\\/sportarten\\\/thaiboxen\\\/thaiboxen-schutzausrustung\\\/elastische-box-bandage-pride\\\/#breadcrumb\",\"itemListElement\":[{\"@type\":\"ListItem\",\"position\":1,\"name\":\"Home\",\"item\":\"https:\\\/\\\/prideshop.eu\\\/de\\\/\"},{\"@type\":\"ListItem\",\"position\":2,\"name\":\"Gesch\u00e4ft\",\"item\":\"https:\\\/\\\/prideshop.eu\\\/de\\\/geschaeft\\\/\"},{\"@type\":\"ListItem\",\"position\":3,\"name\":\"Elastische Boxbandagen Pride \u2013 PowerWraps\"}]},{\"@type\":\"WebSite\",\"@id\":\"https:\\\/\\\/prideshop.eu\\\/de\\\/#website\",\"url\":\"https:\\\/\\\/prideshop.eu\\\/de\\\/\",\"name\":\"PRIDEshop\",\"description\":\"Oprema za Borilne \u0160porte\",\"publisher\":{\"@id\":\"https:\\\/\\\/prideshop.eu\\\/de\\\/#organization\"},\"potentialAction\":[{\"@type\":\"SearchAction\",\"target\":{\"@type\":\"EntryPoint\",\"urlTemplate\":\"https:\\\/\\\/prideshop.eu\\\/de\\\/?s={search_term_string}\"},\"query-input\":{\"@type\":\"PropertyValueSpecification\",\"valueRequired\":true,\"valueName\":\"search_term_string\"}}],\"inLanguage\":\"de\"},{\"@type\":\"Organization\",\"@id\":\"https:\\\/\\\/prideshop.eu\\\/de\\\/#organization\",\"name\":\"PRIDEshop\",\"url\":\"https:\\\/\\\/prideshop.eu\\\/de\\\/\",\"logo\":{\"@type\":\"ImageObject\",\"inLanguage\":\"de\",\"@id\":\"https:\\\/\\\/prideshop.eu\\\/de\\\/#\\\/schema\\\/logo\\\/image\\\/\",\"url\":\"\",\"contentUrl\":\"\",\"caption\":\"PRIDEshop\"},\"image\":{\"@id\":\"https:\\\/\\\/prideshop.eu\\\/de\\\/#\\\/schema\\\/logo\\\/image\\\/\"},\"sameAs\":[\"https:\\\/\\\/sl-si.facebook.com\\\/PrideShopeu\"]}]}<\/script>\n<!-- \/ Yoast SEO plugin. -->","yoast_head_json":{"title":"Elastische Boxbandagen Pride \u2013 PowerWraps - PRIDEshop","description":"Elastische Box Bandage, Pride. Klasische Verb\u00e4nde f\u00fcr die Handfl\u00e4chen in verschiedenen Farben und L\u00e4ngen.","robots":{"index":"index","follow":"follow","max-snippet":"max-snippet:-1","max-image-preview":"max-image-preview:large","max-video-preview":"max-video-preview:-1"},"canonical":"https:\/\/prideshop.eu\/de\/shop\/sportarten\/thaiboxen\/thaiboxen-schutzausrustung\/elastische-box-bandage-pride\/","og_locale":"de_DE","og_type":"article","og_title":"Elastische Boxbandagen Pride \u2013 PowerWraps - PRIDEshop","og_description":"Elastische Box Bandage, Pride. Klasische Verb\u00e4nde f\u00fcr die Handfl\u00e4chen in verschiedenen Farben und L\u00e4ngen.","og_url":"https:\/\/prideshop.eu\/de\/shop\/sportarten\/thaiboxen\/thaiboxen-schutzausrustung\/elastische-box-bandage-pride\/","og_site_name":"PRIDEshop","article_publisher":"https:\/\/sl-si.facebook.com\/PrideShopeu","article_modified_time":"2025-08-04T08:56:58+00:00","og_image":[{"width":600,"height":600,"url":"https:\/\/prideshop.eu\/wp-content\/uploads\/2020\/09\/elasticne-boks-bandaze-pride-5101.jpeg","type":"image\/jpeg"}],"twitter_card":"summary_large_image","schema":{"@context":"https:\/\/schema.org","@graph":[{"@type":"WebPage","@id":"https:\/\/prideshop.eu\/de\/shop\/sportarten\/thaiboxen\/thaiboxen-schutzausrustung\/elastische-box-bandage-pride\/","url":"https:\/\/prideshop.eu\/de\/shop\/sportarten\/thaiboxen\/thaiboxen-schutzausrustung\/elastische-box-bandage-pride\/","name":"Elastische Boxbandagen Pride \u2013 PowerWraps - PRIDEshop","isPartOf":{"@id":"https:\/\/prideshop.eu\/de\/#website"},"primaryImageOfPage":{"@id":"https:\/\/prideshop.eu\/de\/shop\/sportarten\/thaiboxen\/thaiboxen-schutzausrustung\/elastische-box-bandage-pride\/#primaryimage"},"image":{"@id":"https:\/\/prideshop.eu\/de\/shop\/sportarten\/thaiboxen\/thaiboxen-schutzausrustung\/elastische-box-bandage-pride\/#primaryimage"},"thumbnailUrl":"https:\/\/prideshop.eu\/wp-content\/uploads\/2020\/09\/elasticne-boks-bandaze-pride-5101.jpeg","datePublished":"2020-09-24T08:44:15+00:00","dateModified":"2025-08-04T08:56:58+00:00","description":"Elastische Box Bandage, Pride. Klasische Verb\u00e4nde f\u00fcr die Handfl\u00e4chen in verschiedenen Farben und L\u00e4ngen.","breadcrumb":{"@id":"https:\/\/prideshop.eu\/de\/shop\/sportarten\/thaiboxen\/thaiboxen-schutzausrustung\/elastische-box-bandage-pride\/#breadcrumb"},"inLanguage":"de","potentialAction":[{"@type":"ReadAction","target":["https:\/\/prideshop.eu\/de\/shop\/sportarten\/thaiboxen\/thaiboxen-schutzausrustung\/elastische-box-bandage-pride\/"]}]},{"@type":"ImageObject","inLanguage":"de","@id":"https:\/\/prideshop.eu\/de\/shop\/sportarten\/thaiboxen\/thaiboxen-schutzausrustung\/elastische-box-bandage-pride\/#primaryimage","url":"https:\/\/prideshop.eu\/wp-content\/uploads\/2020\/09\/elasticne-boks-bandaze-pride-5101.jpeg","contentUrl":"https:\/\/prideshop.eu\/wp-content\/uploads\/2020\/09\/elasticne-boks-bandaze-pride-5101.jpeg","width":600,"height":600,"caption":"Elastische Box Bandage Pride"},{"@type":"BreadcrumbList","@id":"https:\/\/prideshop.eu\/de\/shop\/sportarten\/thaiboxen\/thaiboxen-schutzausrustung\/elastische-box-bandage-pride\/#breadcrumb","itemListElement":[{"@type":"ListItem","position":1,"name":"Home","item":"https:\/\/prideshop.eu\/de\/"},{"@type":"ListItem","position":2,"name":"Gesch\u00e4ft","item":"https:\/\/prideshop.eu\/de\/geschaeft\/"},{"@type":"ListItem","position":3,"name":"Elastische Boxbandagen Pride \u2013 PowerWraps"}]},{"@type":"WebSite","@id":"https:\/\/prideshop.eu\/de\/#website","url":"https:\/\/prideshop.eu\/de\/","name":"PRIDEshop","description":"Oprema za Borilne \u0160porte","publisher":{"@id":"https:\/\/prideshop.eu\/de\/#organization"},"potentialAction":[{"@type":"SearchAction","target":{"@type":"EntryPoint","urlTemplate":"https:\/\/prideshop.eu\/de\/?s={search_term_string}"},"query-input":{"@type":"PropertyValueSpecification","valueRequired":true,"valueName":"search_term_string"}}],"inLanguage":"de"},{"@type":"Organization","@id":"https:\/\/prideshop.eu\/de\/#organization","name":"PRIDEshop","url":"https:\/\/prideshop.eu\/de\/","logo":{"@type":"ImageObject","inLanguage":"de","@id":"https:\/\/prideshop.eu\/de\/#\/schema\/logo\/image\/","url":"","contentUrl":"","caption":"PRIDEshop"},"image":{"@id":"https:\/\/prideshop.eu\/de\/#\/schema\/logo\/image\/"},"sameAs":["https:\/\/sl-si.facebook.com\/PrideShopeu"]}]}},"_links":{"self":[{"href":"https:\/\/prideshop.eu\/de\/wp-json\/wp\/v2\/product\/10982","targetHints":{"allow":["GET"]}}],"collection":[{"href":"https:\/\/prideshop.eu\/de\/wp-json\/wp\/v2\/product"}],"about":[{"href":"https:\/\/prideshop.eu\/de\/wp-json\/wp\/v2\/types\/product"}],"replies":[{"embeddable":true,"href":"https:\/\/prideshop.eu\/de\/wp-json\/wp\/v2\/comments?post=10982"}],"wp:featuredmedia":[{"embeddable":true,"href":"https:\/\/prideshop.eu\/de\/wp-json\/wp\/v2\/media\/10998"}],"wp:attachment":[{"href":"https:\/\/prideshop.eu\/de\/wp-json\/wp\/v2\/media?parent=10982"}],"wp:term":[{"taxonomy":"product_brand","embeddable":true,"href":"https:\/\/prideshop.eu\/de\/wp-json\/wp\/v2\/product_brand?post=10982"},{"taxonomy":"product_cat","embeddable":true,"href":"https:\/\/prideshop.eu\/de\/wp-json\/wp\/v2\/product_cat?post=10982"},{"taxonomy":"product_tag","embeddable":true,"href":"https:\/\/prideshop.eu\/de\/wp-json\/wp\/v2\/product_tag?post=10982"}],"curies":[{"name":"wp","href":"https:\/\/api.w.org\/{rel}","templated":true}]}}