{"id":11012,"date":"2020-09-16T11:15:26","date_gmt":"2020-09-16T09:15:26","guid":{"rendered":"https:\/\/prideshop.eu\/spletna-trgovina\/unkategorisiert\/bandage-protecx-freshcool-pride\/"},"modified":"2025-08-04T10:57:00","modified_gmt":"2025-08-04T08:57:00","slug":"bandage-protecx-freshcool-pride","status":"publish","type":"product","link":"https:\/\/prideshop.eu\/de\/shop\/sportarten\/thaiboxen\/thaiboxen-schutzausrustung\/bandage-protecx-freshcool-pride\/","title":{"rendered":"Elastische Boxbandagen Pride \u2013 Protecx Freshcool"},"content":{"rendered":"<h3>Elastische Boxbandagen Pride \u2013 Protecx Freshcool<\/h3>\n<p>Bandage Protecx Freshcool, Pride. Elastische Bandage bieten zus\u00e4tzlichen Schutz f\u00fcr Ihr Handgelenk, sind sehr elastisch f\u00fcr eine effektivere Anpassung. Haben ein bel\u00fcftetes, perforiertes Freshcool\u2013Design, das Frische und Luftigkeit erm\u00f6glicht. Befestigung mit Hilfe von Igelgurten. Breite 5cm.<\/p>\n","protected":false},"excerpt":{"rendered":"<p>Bandage Protecx Freshcool, Pride. Elastische Bandage bieten zus\u00e4tzlichen Schutz f\u00fcr Ihr Handgelenk, sind sehr elastisch f\u00fcr eine effektivere Anpassung. Haben ein bel\u00fcftetes, perforiertes Freshcool\u2013Design, das Frische und Luftigkeit erm\u00f6glicht. Befestigung mit Hilfe von Igelgurten. Breite 5cm.<\/p>\n","protected":false},"featured_media":39431,"comment_status":"open","ping_status":"closed","template":"","meta":{"_acf_changed":false},"product_brand":[2086],"product_cat":[636,664,580,722,744,754,634,678,732,656,778,786],"product_tag":[],"class_list":{"0":"post-11012","1":"product","2":"type-product","3":"status-publish","4":"has-post-thumbnail","6":"product_brand-pride","7":"product_cat-bandagen","8":"product_cat-boxen","9":"product_cat-equipment-de","10":"product_cat-kickboxen","11":"product_cat-mma-ultimate-fight-de","12":"product_cat-mma-ultimate-fight-schutzausrustung","13":"product_cat-schutzausrustung","14":"product_cat-schutzausrustung-fur-boxen","15":"product_cat-schutzausrustung-zum-kickboxen","16":"product_cat-sportarten","17":"product_cat-thaiboxen","18":"product_cat-thaiboxen-schutzausrustung","20":"first","21":"instock","22":"taxable","23":"shipping-taxable","24":"purchasable","25":"product-type-variable"},"acf":[],"yoast_head":"<!-- This site is optimized with the Yoast SEO plugin v27.5 - https:\/\/yoast.com\/product\/yoast-seo-wordpress\/ -->\n<title>Elastische Boxbandagen Pride \u2013 Protecx Freshcool - PRIDEshop<\/title>\n<meta name=\"description\" content=\"Bandage Protecx Freshcool, Pride. Elastische Bandage bieten zus\u00e4tzlichen Schutz f\u00fcr Ihr Handgelenk, sind sehr elastisch f\u00fcr eine effektivere Anpassung.\" \/>\n<meta name=\"robots\" content=\"index, follow, max-snippet:-1, max-image-preview:large, max-video-preview:-1\" \/>\n<link rel=\"canonical\" href=\"https:\/\/prideshop.eu\/de\/shop\/sportarten\/thaiboxen\/thaiboxen-schutzausrustung\/bandage-protecx-freshcool-pride\/\" \/>\n<meta property=\"og:locale\" content=\"de_DE\" \/>\n<meta property=\"og:type\" content=\"article\" \/>\n<meta property=\"og:title\" content=\"Elastische Boxbandagen Pride \u2013 Protecx Freshcool - PRIDEshop\" \/>\n<meta property=\"og:description\" content=\"Bandage Protecx Freshcool, Pride. Elastische Bandage bieten zus\u00e4tzlichen Schutz f\u00fcr Ihr Handgelenk, sind sehr elastisch f\u00fcr eine effektivere Anpassung.\" \/>\n<meta property=\"og:url\" content=\"https:\/\/prideshop.eu\/de\/shop\/sportarten\/thaiboxen\/thaiboxen-schutzausrustung\/bandage-protecx-freshcool-pride\/\" \/>\n<meta property=\"og:site_name\" content=\"PRIDEshop\" \/>\n<meta property=\"article:publisher\" content=\"https:\/\/sl-si.facebook.com\/PrideShopeu\" \/>\n<meta property=\"article:modified_time\" content=\"2025-08-04T08:57:00+00:00\" \/>\n<meta property=\"og:image\" content=\"https:\/\/prideshop.eu\/wp-content\/uploads\/2020\/09\/bandaze-protecx-freshcool-pride-5103.jpeg\" \/>\n\t<meta property=\"og:image:width\" content=\"600\" \/>\n\t<meta property=\"og:image:height\" content=\"600\" \/>\n\t<meta property=\"og:image:type\" content=\"image\/jpeg\" \/>\n<meta name=\"twitter:card\" content=\"summary_large_image\" \/>\n<script type=\"application\/ld+json\" class=\"yoast-schema-graph\">{\"@context\":\"https:\\\/\\\/schema.org\",\"@graph\":[{\"@type\":\"WebPage\",\"@id\":\"https:\\\/\\\/prideshop.eu\\\/de\\\/shop\\\/sportarten\\\/thaiboxen\\\/thaiboxen-schutzausrustung\\\/bandage-protecx-freshcool-pride\\\/\",\"url\":\"https:\\\/\\\/prideshop.eu\\\/de\\\/shop\\\/sportarten\\\/thaiboxen\\\/thaiboxen-schutzausrustung\\\/bandage-protecx-freshcool-pride\\\/\",\"name\":\"Elastische Boxbandagen Pride \u2013 Protecx Freshcool - PRIDEshop\",\"isPartOf\":{\"@id\":\"https:\\\/\\\/prideshop.eu\\\/de\\\/#website\"},\"primaryImageOfPage\":{\"@id\":\"https:\\\/\\\/prideshop.eu\\\/de\\\/shop\\\/sportarten\\\/thaiboxen\\\/thaiboxen-schutzausrustung\\\/bandage-protecx-freshcool-pride\\\/#primaryimage\"},\"image\":{\"@id\":\"https:\\\/\\\/prideshop.eu\\\/de\\\/shop\\\/sportarten\\\/thaiboxen\\\/thaiboxen-schutzausrustung\\\/bandage-protecx-freshcool-pride\\\/#primaryimage\"},\"thumbnailUrl\":\"https:\\\/\\\/prideshop.eu\\\/wp-content\\\/uploads\\\/2020\\\/09\\\/bandaze-protecx-freshcool-pride-5103.jpeg\",\"datePublished\":\"2020-09-16T09:15:26+00:00\",\"dateModified\":\"2025-08-04T08:57:00+00:00\",\"description\":\"Bandage Protecx Freshcool, Pride. Elastische Bandage bieten zus\u00e4tzlichen Schutz f\u00fcr Ihr Handgelenk, sind sehr elastisch f\u00fcr eine effektivere Anpassung.\",\"breadcrumb\":{\"@id\":\"https:\\\/\\\/prideshop.eu\\\/de\\\/shop\\\/sportarten\\\/thaiboxen\\\/thaiboxen-schutzausrustung\\\/bandage-protecx-freshcool-pride\\\/#breadcrumb\"},\"inLanguage\":\"de\",\"potentialAction\":[{\"@type\":\"ReadAction\",\"target\":[\"https:\\\/\\\/prideshop.eu\\\/de\\\/shop\\\/sportarten\\\/thaiboxen\\\/thaiboxen-schutzausrustung\\\/bandage-protecx-freshcool-pride\\\/\"]}]},{\"@type\":\"ImageObject\",\"inLanguage\":\"de\",\"@id\":\"https:\\\/\\\/prideshop.eu\\\/de\\\/shop\\\/sportarten\\\/thaiboxen\\\/thaiboxen-schutzausrustung\\\/bandage-protecx-freshcool-pride\\\/#primaryimage\",\"url\":\"https:\\\/\\\/prideshop.eu\\\/wp-content\\\/uploads\\\/2020\\\/09\\\/bandaze-protecx-freshcool-pride-5103.jpeg\",\"contentUrl\":\"https:\\\/\\\/prideshop.eu\\\/wp-content\\\/uploads\\\/2020\\\/09\\\/bandaze-protecx-freshcool-pride-5103.jpeg\",\"width\":600,\"height\":600,\"caption\":\"Bandage Protecx Freshcool Pride Elastische\"},{\"@type\":\"BreadcrumbList\",\"@id\":\"https:\\\/\\\/prideshop.eu\\\/de\\\/shop\\\/sportarten\\\/thaiboxen\\\/thaiboxen-schutzausrustung\\\/bandage-protecx-freshcool-pride\\\/#breadcrumb\",\"itemListElement\":[{\"@type\":\"ListItem\",\"position\":1,\"name\":\"Home\",\"item\":\"https:\\\/\\\/prideshop.eu\\\/de\\\/\"},{\"@type\":\"ListItem\",\"position\":2,\"name\":\"Gesch\u00e4ft\",\"item\":\"https:\\\/\\\/prideshop.eu\\\/de\\\/geschaeft\\\/\"},{\"@type\":\"ListItem\",\"position\":3,\"name\":\"Elastische Boxbandagen Pride \u2013 Protecx Freshcool\"}]},{\"@type\":\"WebSite\",\"@id\":\"https:\\\/\\\/prideshop.eu\\\/de\\\/#website\",\"url\":\"https:\\\/\\\/prideshop.eu\\\/de\\\/\",\"name\":\"PRIDEshop\",\"description\":\"Oprema za Borilne \u0160porte\",\"publisher\":{\"@id\":\"https:\\\/\\\/prideshop.eu\\\/de\\\/#organization\"},\"potentialAction\":[{\"@type\":\"SearchAction\",\"target\":{\"@type\":\"EntryPoint\",\"urlTemplate\":\"https:\\\/\\\/prideshop.eu\\\/de\\\/?s={search_term_string}\"},\"query-input\":{\"@type\":\"PropertyValueSpecification\",\"valueRequired\":true,\"valueName\":\"search_term_string\"}}],\"inLanguage\":\"de\"},{\"@type\":\"Organization\",\"@id\":\"https:\\\/\\\/prideshop.eu\\\/de\\\/#organization\",\"name\":\"PRIDEshop\",\"url\":\"https:\\\/\\\/prideshop.eu\\\/de\\\/\",\"logo\":{\"@type\":\"ImageObject\",\"inLanguage\":\"de\",\"@id\":\"https:\\\/\\\/prideshop.eu\\\/de\\\/#\\\/schema\\\/logo\\\/image\\\/\",\"url\":\"\",\"contentUrl\":\"\",\"caption\":\"PRIDEshop\"},\"image\":{\"@id\":\"https:\\\/\\\/prideshop.eu\\\/de\\\/#\\\/schema\\\/logo\\\/image\\\/\"},\"sameAs\":[\"https:\\\/\\\/sl-si.facebook.com\\\/PrideShopeu\"]}]}<\/script>\n<!-- \/ Yoast SEO plugin. -->","yoast_head_json":{"title":"Elastische Boxbandagen Pride \u2013 Protecx Freshcool - PRIDEshop","description":"Bandage Protecx Freshcool, Pride. Elastische Bandage bieten zus\u00e4tzlichen Schutz f\u00fcr Ihr Handgelenk, sind sehr elastisch f\u00fcr eine effektivere Anpassung.","robots":{"index":"index","follow":"follow","max-snippet":"max-snippet:-1","max-image-preview":"max-image-preview:large","max-video-preview":"max-video-preview:-1"},"canonical":"https:\/\/prideshop.eu\/de\/shop\/sportarten\/thaiboxen\/thaiboxen-schutzausrustung\/bandage-protecx-freshcool-pride\/","og_locale":"de_DE","og_type":"article","og_title":"Elastische Boxbandagen Pride \u2013 Protecx Freshcool - PRIDEshop","og_description":"Bandage Protecx Freshcool, Pride. Elastische Bandage bieten zus\u00e4tzlichen Schutz f\u00fcr Ihr Handgelenk, sind sehr elastisch f\u00fcr eine effektivere Anpassung.","og_url":"https:\/\/prideshop.eu\/de\/shop\/sportarten\/thaiboxen\/thaiboxen-schutzausrustung\/bandage-protecx-freshcool-pride\/","og_site_name":"PRIDEshop","article_publisher":"https:\/\/sl-si.facebook.com\/PrideShopeu","article_modified_time":"2025-08-04T08:57:00+00:00","og_image":[{"width":600,"height":600,"url":"https:\/\/prideshop.eu\/wp-content\/uploads\/2020\/09\/bandaze-protecx-freshcool-pride-5103.jpeg","type":"image\/jpeg"}],"twitter_card":"summary_large_image","schema":{"@context":"https:\/\/schema.org","@graph":[{"@type":"WebPage","@id":"https:\/\/prideshop.eu\/de\/shop\/sportarten\/thaiboxen\/thaiboxen-schutzausrustung\/bandage-protecx-freshcool-pride\/","url":"https:\/\/prideshop.eu\/de\/shop\/sportarten\/thaiboxen\/thaiboxen-schutzausrustung\/bandage-protecx-freshcool-pride\/","name":"Elastische Boxbandagen Pride \u2013 Protecx Freshcool - PRIDEshop","isPartOf":{"@id":"https:\/\/prideshop.eu\/de\/#website"},"primaryImageOfPage":{"@id":"https:\/\/prideshop.eu\/de\/shop\/sportarten\/thaiboxen\/thaiboxen-schutzausrustung\/bandage-protecx-freshcool-pride\/#primaryimage"},"image":{"@id":"https:\/\/prideshop.eu\/de\/shop\/sportarten\/thaiboxen\/thaiboxen-schutzausrustung\/bandage-protecx-freshcool-pride\/#primaryimage"},"thumbnailUrl":"https:\/\/prideshop.eu\/wp-content\/uploads\/2020\/09\/bandaze-protecx-freshcool-pride-5103.jpeg","datePublished":"2020-09-16T09:15:26+00:00","dateModified":"2025-08-04T08:57:00+00:00","description":"Bandage Protecx Freshcool, Pride. Elastische Bandage bieten zus\u00e4tzlichen Schutz f\u00fcr Ihr Handgelenk, sind sehr elastisch f\u00fcr eine effektivere Anpassung.","breadcrumb":{"@id":"https:\/\/prideshop.eu\/de\/shop\/sportarten\/thaiboxen\/thaiboxen-schutzausrustung\/bandage-protecx-freshcool-pride\/#breadcrumb"},"inLanguage":"de","potentialAction":[{"@type":"ReadAction","target":["https:\/\/prideshop.eu\/de\/shop\/sportarten\/thaiboxen\/thaiboxen-schutzausrustung\/bandage-protecx-freshcool-pride\/"]}]},{"@type":"ImageObject","inLanguage":"de","@id":"https:\/\/prideshop.eu\/de\/shop\/sportarten\/thaiboxen\/thaiboxen-schutzausrustung\/bandage-protecx-freshcool-pride\/#primaryimage","url":"https:\/\/prideshop.eu\/wp-content\/uploads\/2020\/09\/bandaze-protecx-freshcool-pride-5103.jpeg","contentUrl":"https:\/\/prideshop.eu\/wp-content\/uploads\/2020\/09\/bandaze-protecx-freshcool-pride-5103.jpeg","width":600,"height":600,"caption":"Bandage Protecx Freshcool Pride Elastische"},{"@type":"BreadcrumbList","@id":"https:\/\/prideshop.eu\/de\/shop\/sportarten\/thaiboxen\/thaiboxen-schutzausrustung\/bandage-protecx-freshcool-pride\/#breadcrumb","itemListElement":[{"@type":"ListItem","position":1,"name":"Home","item":"https:\/\/prideshop.eu\/de\/"},{"@type":"ListItem","position":2,"name":"Gesch\u00e4ft","item":"https:\/\/prideshop.eu\/de\/geschaeft\/"},{"@type":"ListItem","position":3,"name":"Elastische Boxbandagen Pride \u2013 Protecx Freshcool"}]},{"@type":"WebSite","@id":"https:\/\/prideshop.eu\/de\/#website","url":"https:\/\/prideshop.eu\/de\/","name":"PRIDEshop","description":"Oprema za Borilne \u0160porte","publisher":{"@id":"https:\/\/prideshop.eu\/de\/#organization"},"potentialAction":[{"@type":"SearchAction","target":{"@type":"EntryPoint","urlTemplate":"https:\/\/prideshop.eu\/de\/?s={search_term_string}"},"query-input":{"@type":"PropertyValueSpecification","valueRequired":true,"valueName":"search_term_string"}}],"inLanguage":"de"},{"@type":"Organization","@id":"https:\/\/prideshop.eu\/de\/#organization","name":"PRIDEshop","url":"https:\/\/prideshop.eu\/de\/","logo":{"@type":"ImageObject","inLanguage":"de","@id":"https:\/\/prideshop.eu\/de\/#\/schema\/logo\/image\/","url":"","contentUrl":"","caption":"PRIDEshop"},"image":{"@id":"https:\/\/prideshop.eu\/de\/#\/schema\/logo\/image\/"},"sameAs":["https:\/\/sl-si.facebook.com\/PrideShopeu"]}]}},"_links":{"self":[{"href":"https:\/\/prideshop.eu\/de\/wp-json\/wp\/v2\/product\/11012","targetHints":{"allow":["GET"]}}],"collection":[{"href":"https:\/\/prideshop.eu\/de\/wp-json\/wp\/v2\/product"}],"about":[{"href":"https:\/\/prideshop.eu\/de\/wp-json\/wp\/v2\/types\/product"}],"replies":[{"embeddable":true,"href":"https:\/\/prideshop.eu\/de\/wp-json\/wp\/v2\/comments?post=11012"}],"wp:featuredmedia":[{"embeddable":true,"href":"https:\/\/prideshop.eu\/de\/wp-json\/wp\/v2\/media\/39431"}],"wp:attachment":[{"href":"https:\/\/prideshop.eu\/de\/wp-json\/wp\/v2\/media?parent=11012"}],"wp:term":[{"taxonomy":"product_brand","embeddable":true,"href":"https:\/\/prideshop.eu\/de\/wp-json\/wp\/v2\/product_brand?post=11012"},{"taxonomy":"product_cat","embeddable":true,"href":"https:\/\/prideshop.eu\/de\/wp-json\/wp\/v2\/product_cat?post=11012"},{"taxonomy":"product_tag","embeddable":true,"href":"https:\/\/prideshop.eu\/de\/wp-json\/wp\/v2\/product_tag?post=11012"}],"curies":[{"name":"wp","href":"https:\/\/api.w.org\/{rel}","templated":true}]}}