{"id":11017,"date":"2020-08-31T12:49:48","date_gmt":"2020-08-31T10:49:48","guid":{"rendered":"https:\/\/prideshop.eu\/spletna-trgovina\/unkategorisiert\/zahnschutz-fur-die-zahnspange-tragende-pride\/"},"modified":"2025-08-04T10:56:56","modified_gmt":"2025-08-04T08:56:56","slug":"zahnschutz-fur-die-zahnspange-tragende-pride","status":"publish","type":"product","link":"https:\/\/prideshop.eu\/de\/shop\/sportarten\/itf-taekwondo-traditonelles-taekwondo\/taekwondo-itf-schutzausrustung\/zahnschutz-fur-die-zahnspange-tragende-pride\/","title":{"rendered":"Zahnschutz f\u00fcr Zahnspange Pride \u2013 Braces"},"content":{"rendered":"<h3>Zahnschutz f\u00fcr Zahnspange Pride \u2013 Braces<\/h3>\n<p>Zahnschutz f\u00fcr die Zahnspange tragende, Pride wurde speziell f\u00fcr Sportler entwickelt, die eine Zahnspange an den Z\u00e4hnen tragen. Aus zwei verschiedenen Materialien. Der obere Teil des Mundschutzes \u00e4ndert seine Form w\u00e4hrend des Formens nicht. Daher kann kein Teil davon in der Zahnspange stecken bleiben. Der untere Teil des Mundschutzes formt sich beim Formen um die Z\u00e4hne.<\/p>\n","protected":false},"excerpt":{"rendered":"<p>Zahnschutz f\u00fcr die Zahnspange tragende, Pride wurde speziell f\u00fcr Sportler entwickelt, die eine Zahnspange an den Z\u00e4hnen tragen. Aus zwei verschiedenen Materialien. Der obere Teil des Mundschutzes \u00e4ndert seine Form w\u00e4hrend des Formens nicht. Daher kann kein Teil davon in der Zahnspange stecken bleiben. Der untere Teil des Mundschutzes formt sich beim Formen um die Z\u00e4hne.<\/p>\n","protected":false},"featured_media":24673,"comment_status":"open","ping_status":"closed","template":"","meta":{"_acf_changed":false},"product_brand":[2086],"product_cat":[580,788,690,698,710,720,722,734,742,744,754,634,678,732,656,798,756,766,778,786,652],"product_tag":[],"class_list":{"0":"post-11017","1":"product","2":"type-product","3":"status-publish","4":"has-post-thumbnail","6":"product_brand-pride","7":"product_cat-equipment-de","8":"product_cat-itf-taekwondo-traditonelles-taekwondo","9":"product_cat-ju-jitsu-de","10":"product_cat-ju-jutsu-schutzausrustung","11":"product_cat-karate-ausruestung","12":"product_cat-karate-schutzausrustung","13":"product_cat-kickboxen","14":"product_cat-krav-maga-de","15":"product_cat-krav-maga-schutzausrustung","16":"product_cat-mma-ultimate-fight-de","17":"product_cat-mma-ultimate-fight-schutzausrustung","18":"product_cat-schutzausrustung","19":"product_cat-schutzausrustung-fur-boxen","20":"product_cat-schutzausrustung-zum-kickboxen","21":"product_cat-sportarten","22":"product_cat-taekwondo-itf-schutzausrustung","23":"product_cat-taekwondo-wt-olypic-sports","24":"product_cat-taekwondo-wt-schutzausrustung","25":"product_cat-thaiboxen","26":"product_cat-thaiboxen-schutzausrustung","27":"product_cat-zahnschutz","29":"first","30":"outofstock","31":"taxable","32":"shipping-taxable","33":"purchasable","34":"product-type-simple"},"acf":[],"yoast_head":"<!-- This site is optimized with the Yoast SEO plugin v27.5 - https:\/\/yoast.com\/product\/yoast-seo-wordpress\/ -->\n<title>Zahnschutz f\u00fcr Zahnspange Pride \u2013 Braces - PRIDEshop<\/title>\n<meta name=\"description\" content=\"Zahnschutz f\u00fcr die Zahnspange tragende, Pride wurde speziell f\u00fcr Sportler entwickelt, die eine Zahnspange an den Z\u00e4hnen tragen.\" \/>\n<meta name=\"robots\" content=\"index, follow, max-snippet:-1, max-image-preview:large, max-video-preview:-1\" \/>\n<link rel=\"canonical\" href=\"https:\/\/prideshop.eu\/de\/shop\/sportarten\/itf-taekwondo-traditonelles-taekwondo\/taekwondo-itf-schutzausrustung\/zahnschutz-fur-die-zahnspange-tragende-pride\/\" \/>\n<meta property=\"og:locale\" content=\"de_DE\" \/>\n<meta property=\"og:type\" content=\"article\" \/>\n<meta property=\"og:title\" content=\"Zahnschutz f\u00fcr Zahnspange Pride \u2013 Braces - PRIDEshop\" \/>\n<meta property=\"og:description\" content=\"Zahnschutz f\u00fcr die Zahnspange tragende, Pride wurde speziell f\u00fcr Sportler entwickelt, die eine Zahnspange an den Z\u00e4hnen tragen.\" \/>\n<meta property=\"og:url\" content=\"https:\/\/prideshop.eu\/de\/shop\/sportarten\/itf-taekwondo-traditonelles-taekwondo\/taekwondo-itf-schutzausrustung\/zahnschutz-fur-die-zahnspange-tragende-pride\/\" \/>\n<meta property=\"og:site_name\" content=\"PRIDEshop\" \/>\n<meta property=\"article:publisher\" content=\"https:\/\/sl-si.facebook.com\/PrideShopeu\" \/>\n<meta property=\"article:modified_time\" content=\"2025-08-04T08:56:56+00:00\" \/>\n<meta property=\"og:image\" content=\"https:\/\/prideshop.eu\/wp-content\/uploads\/2020\/08\/scitnik-za-zobe-za-zobni-aparat-pride-5111-e1643794172539.jpeg\" \/>\n\t<meta property=\"og:image:width\" content=\"600\" \/>\n\t<meta property=\"og:image:height\" content=\"600\" \/>\n\t<meta property=\"og:image:type\" content=\"image\/jpeg\" \/>\n<meta name=\"twitter:card\" content=\"summary_large_image\" \/>\n<script type=\"application\/ld+json\" class=\"yoast-schema-graph\">{\"@context\":\"https:\\\/\\\/schema.org\",\"@graph\":[{\"@type\":\"WebPage\",\"@id\":\"https:\\\/\\\/prideshop.eu\\\/de\\\/shop\\\/sportarten\\\/itf-taekwondo-traditonelles-taekwondo\\\/taekwondo-itf-schutzausrustung\\\/zahnschutz-fur-die-zahnspange-tragende-pride\\\/\",\"url\":\"https:\\\/\\\/prideshop.eu\\\/de\\\/shop\\\/sportarten\\\/itf-taekwondo-traditonelles-taekwondo\\\/taekwondo-itf-schutzausrustung\\\/zahnschutz-fur-die-zahnspange-tragende-pride\\\/\",\"name\":\"Zahnschutz f\u00fcr Zahnspange Pride \u2013 Braces - PRIDEshop\",\"isPartOf\":{\"@id\":\"https:\\\/\\\/prideshop.eu\\\/de\\\/#website\"},\"primaryImageOfPage\":{\"@id\":\"https:\\\/\\\/prideshop.eu\\\/de\\\/shop\\\/sportarten\\\/itf-taekwondo-traditonelles-taekwondo\\\/taekwondo-itf-schutzausrustung\\\/zahnschutz-fur-die-zahnspange-tragende-pride\\\/#primaryimage\"},\"image\":{\"@id\":\"https:\\\/\\\/prideshop.eu\\\/de\\\/shop\\\/sportarten\\\/itf-taekwondo-traditonelles-taekwondo\\\/taekwondo-itf-schutzausrustung\\\/zahnschutz-fur-die-zahnspange-tragende-pride\\\/#primaryimage\"},\"thumbnailUrl\":\"https:\\\/\\\/prideshop.eu\\\/wp-content\\\/uploads\\\/2020\\\/08\\\/scitnik-za-zobe-za-zobni-aparat-pride-5111-e1643794172539.jpeg\",\"datePublished\":\"2020-08-31T10:49:48+00:00\",\"dateModified\":\"2025-08-04T08:56:56+00:00\",\"description\":\"Zahnschutz f\u00fcr die Zahnspange tragende, Pride wurde speziell f\u00fcr Sportler entwickelt, die eine Zahnspange an den Z\u00e4hnen tragen.\",\"breadcrumb\":{\"@id\":\"https:\\\/\\\/prideshop.eu\\\/de\\\/shop\\\/sportarten\\\/itf-taekwondo-traditonelles-taekwondo\\\/taekwondo-itf-schutzausrustung\\\/zahnschutz-fur-die-zahnspange-tragende-pride\\\/#breadcrumb\"},\"inLanguage\":\"de\",\"potentialAction\":[{\"@type\":\"ReadAction\",\"target\":[\"https:\\\/\\\/prideshop.eu\\\/de\\\/shop\\\/sportarten\\\/itf-taekwondo-traditonelles-taekwondo\\\/taekwondo-itf-schutzausrustung\\\/zahnschutz-fur-die-zahnspange-tragende-pride\\\/\"]}]},{\"@type\":\"ImageObject\",\"inLanguage\":\"de\",\"@id\":\"https:\\\/\\\/prideshop.eu\\\/de\\\/shop\\\/sportarten\\\/itf-taekwondo-traditonelles-taekwondo\\\/taekwondo-itf-schutzausrustung\\\/zahnschutz-fur-die-zahnspange-tragende-pride\\\/#primaryimage\",\"url\":\"https:\\\/\\\/prideshop.eu\\\/wp-content\\\/uploads\\\/2020\\\/08\\\/scitnik-za-zobe-za-zobni-aparat-pride-5111-e1643794172539.jpeg\",\"contentUrl\":\"https:\\\/\\\/prideshop.eu\\\/wp-content\\\/uploads\\\/2020\\\/08\\\/scitnik-za-zobe-za-zobni-aparat-pride-5111-e1643794172539.jpeg\",\"width\":600,\"height\":600,\"caption\":\"Zahnschutz f\u00fcr die Zahnspange tragende schwarz farbe\"},{\"@type\":\"BreadcrumbList\",\"@id\":\"https:\\\/\\\/prideshop.eu\\\/de\\\/shop\\\/sportarten\\\/itf-taekwondo-traditonelles-taekwondo\\\/taekwondo-itf-schutzausrustung\\\/zahnschutz-fur-die-zahnspange-tragende-pride\\\/#breadcrumb\",\"itemListElement\":[{\"@type\":\"ListItem\",\"position\":1,\"name\":\"Home\",\"item\":\"https:\\\/\\\/prideshop.eu\\\/de\\\/\"},{\"@type\":\"ListItem\",\"position\":2,\"name\":\"Gesch\u00e4ft\",\"item\":\"https:\\\/\\\/prideshop.eu\\\/de\\\/geschaeft\\\/\"},{\"@type\":\"ListItem\",\"position\":3,\"name\":\"Zahnschutz f\u00fcr Zahnspange Pride \u2013 Braces\"}]},{\"@type\":\"WebSite\",\"@id\":\"https:\\\/\\\/prideshop.eu\\\/de\\\/#website\",\"url\":\"https:\\\/\\\/prideshop.eu\\\/de\\\/\",\"name\":\"PRIDEshop\",\"description\":\"Oprema za Borilne \u0160porte\",\"publisher\":{\"@id\":\"https:\\\/\\\/prideshop.eu\\\/de\\\/#organization\"},\"potentialAction\":[{\"@type\":\"SearchAction\",\"target\":{\"@type\":\"EntryPoint\",\"urlTemplate\":\"https:\\\/\\\/prideshop.eu\\\/de\\\/?s={search_term_string}\"},\"query-input\":{\"@type\":\"PropertyValueSpecification\",\"valueRequired\":true,\"valueName\":\"search_term_string\"}}],\"inLanguage\":\"de\"},{\"@type\":\"Organization\",\"@id\":\"https:\\\/\\\/prideshop.eu\\\/de\\\/#organization\",\"name\":\"PRIDEshop\",\"url\":\"https:\\\/\\\/prideshop.eu\\\/de\\\/\",\"logo\":{\"@type\":\"ImageObject\",\"inLanguage\":\"de\",\"@id\":\"https:\\\/\\\/prideshop.eu\\\/de\\\/#\\\/schema\\\/logo\\\/image\\\/\",\"url\":\"\",\"contentUrl\":\"\",\"caption\":\"PRIDEshop\"},\"image\":{\"@id\":\"https:\\\/\\\/prideshop.eu\\\/de\\\/#\\\/schema\\\/logo\\\/image\\\/\"},\"sameAs\":[\"https:\\\/\\\/sl-si.facebook.com\\\/PrideShopeu\"]}]}<\/script>\n<!-- \/ Yoast SEO plugin. -->","yoast_head_json":{"title":"Zahnschutz f\u00fcr Zahnspange Pride \u2013 Braces - PRIDEshop","description":"Zahnschutz f\u00fcr die Zahnspange tragende, Pride wurde speziell f\u00fcr Sportler entwickelt, die eine Zahnspange an den Z\u00e4hnen tragen.","robots":{"index":"index","follow":"follow","max-snippet":"max-snippet:-1","max-image-preview":"max-image-preview:large","max-video-preview":"max-video-preview:-1"},"canonical":"https:\/\/prideshop.eu\/de\/shop\/sportarten\/itf-taekwondo-traditonelles-taekwondo\/taekwondo-itf-schutzausrustung\/zahnschutz-fur-die-zahnspange-tragende-pride\/","og_locale":"de_DE","og_type":"article","og_title":"Zahnschutz f\u00fcr Zahnspange Pride \u2013 Braces - PRIDEshop","og_description":"Zahnschutz f\u00fcr die Zahnspange tragende, Pride wurde speziell f\u00fcr Sportler entwickelt, die eine Zahnspange an den Z\u00e4hnen tragen.","og_url":"https:\/\/prideshop.eu\/de\/shop\/sportarten\/itf-taekwondo-traditonelles-taekwondo\/taekwondo-itf-schutzausrustung\/zahnschutz-fur-die-zahnspange-tragende-pride\/","og_site_name":"PRIDEshop","article_publisher":"https:\/\/sl-si.facebook.com\/PrideShopeu","article_modified_time":"2025-08-04T08:56:56+00:00","og_image":[{"width":600,"height":600,"url":"https:\/\/prideshop.eu\/wp-content\/uploads\/2020\/08\/scitnik-za-zobe-za-zobni-aparat-pride-5111-e1643794172539.jpeg","type":"image\/jpeg"}],"twitter_card":"summary_large_image","schema":{"@context":"https:\/\/schema.org","@graph":[{"@type":"WebPage","@id":"https:\/\/prideshop.eu\/de\/shop\/sportarten\/itf-taekwondo-traditonelles-taekwondo\/taekwondo-itf-schutzausrustung\/zahnschutz-fur-die-zahnspange-tragende-pride\/","url":"https:\/\/prideshop.eu\/de\/shop\/sportarten\/itf-taekwondo-traditonelles-taekwondo\/taekwondo-itf-schutzausrustung\/zahnschutz-fur-die-zahnspange-tragende-pride\/","name":"Zahnschutz f\u00fcr Zahnspange Pride \u2013 Braces - PRIDEshop","isPartOf":{"@id":"https:\/\/prideshop.eu\/de\/#website"},"primaryImageOfPage":{"@id":"https:\/\/prideshop.eu\/de\/shop\/sportarten\/itf-taekwondo-traditonelles-taekwondo\/taekwondo-itf-schutzausrustung\/zahnschutz-fur-die-zahnspange-tragende-pride\/#primaryimage"},"image":{"@id":"https:\/\/prideshop.eu\/de\/shop\/sportarten\/itf-taekwondo-traditonelles-taekwondo\/taekwondo-itf-schutzausrustung\/zahnschutz-fur-die-zahnspange-tragende-pride\/#primaryimage"},"thumbnailUrl":"https:\/\/prideshop.eu\/wp-content\/uploads\/2020\/08\/scitnik-za-zobe-za-zobni-aparat-pride-5111-e1643794172539.jpeg","datePublished":"2020-08-31T10:49:48+00:00","dateModified":"2025-08-04T08:56:56+00:00","description":"Zahnschutz f\u00fcr die Zahnspange tragende, Pride wurde speziell f\u00fcr Sportler entwickelt, die eine Zahnspange an den Z\u00e4hnen tragen.","breadcrumb":{"@id":"https:\/\/prideshop.eu\/de\/shop\/sportarten\/itf-taekwondo-traditonelles-taekwondo\/taekwondo-itf-schutzausrustung\/zahnschutz-fur-die-zahnspange-tragende-pride\/#breadcrumb"},"inLanguage":"de","potentialAction":[{"@type":"ReadAction","target":["https:\/\/prideshop.eu\/de\/shop\/sportarten\/itf-taekwondo-traditonelles-taekwondo\/taekwondo-itf-schutzausrustung\/zahnschutz-fur-die-zahnspange-tragende-pride\/"]}]},{"@type":"ImageObject","inLanguage":"de","@id":"https:\/\/prideshop.eu\/de\/shop\/sportarten\/itf-taekwondo-traditonelles-taekwondo\/taekwondo-itf-schutzausrustung\/zahnschutz-fur-die-zahnspange-tragende-pride\/#primaryimage","url":"https:\/\/prideshop.eu\/wp-content\/uploads\/2020\/08\/scitnik-za-zobe-za-zobni-aparat-pride-5111-e1643794172539.jpeg","contentUrl":"https:\/\/prideshop.eu\/wp-content\/uploads\/2020\/08\/scitnik-za-zobe-za-zobni-aparat-pride-5111-e1643794172539.jpeg","width":600,"height":600,"caption":"Zahnschutz f\u00fcr die Zahnspange tragende schwarz farbe"},{"@type":"BreadcrumbList","@id":"https:\/\/prideshop.eu\/de\/shop\/sportarten\/itf-taekwondo-traditonelles-taekwondo\/taekwondo-itf-schutzausrustung\/zahnschutz-fur-die-zahnspange-tragende-pride\/#breadcrumb","itemListElement":[{"@type":"ListItem","position":1,"name":"Home","item":"https:\/\/prideshop.eu\/de\/"},{"@type":"ListItem","position":2,"name":"Gesch\u00e4ft","item":"https:\/\/prideshop.eu\/de\/geschaeft\/"},{"@type":"ListItem","position":3,"name":"Zahnschutz f\u00fcr Zahnspange Pride \u2013 Braces"}]},{"@type":"WebSite","@id":"https:\/\/prideshop.eu\/de\/#website","url":"https:\/\/prideshop.eu\/de\/","name":"PRIDEshop","description":"Oprema za Borilne \u0160porte","publisher":{"@id":"https:\/\/prideshop.eu\/de\/#organization"},"potentialAction":[{"@type":"SearchAction","target":{"@type":"EntryPoint","urlTemplate":"https:\/\/prideshop.eu\/de\/?s={search_term_string}"},"query-input":{"@type":"PropertyValueSpecification","valueRequired":true,"valueName":"search_term_string"}}],"inLanguage":"de"},{"@type":"Organization","@id":"https:\/\/prideshop.eu\/de\/#organization","name":"PRIDEshop","url":"https:\/\/prideshop.eu\/de\/","logo":{"@type":"ImageObject","inLanguage":"de","@id":"https:\/\/prideshop.eu\/de\/#\/schema\/logo\/image\/","url":"","contentUrl":"","caption":"PRIDEshop"},"image":{"@id":"https:\/\/prideshop.eu\/de\/#\/schema\/logo\/image\/"},"sameAs":["https:\/\/sl-si.facebook.com\/PrideShopeu"]}]}},"_links":{"self":[{"href":"https:\/\/prideshop.eu\/de\/wp-json\/wp\/v2\/product\/11017","targetHints":{"allow":["GET"]}}],"collection":[{"href":"https:\/\/prideshop.eu\/de\/wp-json\/wp\/v2\/product"}],"about":[{"href":"https:\/\/prideshop.eu\/de\/wp-json\/wp\/v2\/types\/product"}],"replies":[{"embeddable":true,"href":"https:\/\/prideshop.eu\/de\/wp-json\/wp\/v2\/comments?post=11017"}],"wp:featuredmedia":[{"embeddable":true,"href":"https:\/\/prideshop.eu\/de\/wp-json\/wp\/v2\/media\/24673"}],"wp:attachment":[{"href":"https:\/\/prideshop.eu\/de\/wp-json\/wp\/v2\/media?parent=11017"}],"wp:term":[{"taxonomy":"product_brand","embeddable":true,"href":"https:\/\/prideshop.eu\/de\/wp-json\/wp\/v2\/product_brand?post=11017"},{"taxonomy":"product_cat","embeddable":true,"href":"https:\/\/prideshop.eu\/de\/wp-json\/wp\/v2\/product_cat?post=11017"},{"taxonomy":"product_tag","embeddable":true,"href":"https:\/\/prideshop.eu\/de\/wp-json\/wp\/v2\/product_tag?post=11017"}],"curies":[{"name":"wp","href":"https:\/\/api.w.org\/{rel}","templated":true}]}}