{"id":11055,"date":"2020-08-31T16:56:59","date_gmt":"2020-08-31T14:56:59","guid":{"rendered":"https:\/\/prideshop.eu\/spletna-trgovina\/unkategorisiert\/zahnschutz-maxgel-pride\/"},"modified":"2026-01-11T21:42:00","modified_gmt":"2026-01-11T20:42:00","slug":"zahnschutz-maxgel-pride","status":"publish","type":"product","link":"https:\/\/prideshop.eu\/de\/shop\/sportarten\/itf-taekwondo-traditonelles-taekwondo\/taekwondo-itf-schutzausrustung\/zahnschutz-maxgel-pride\/","title":{"rendered":"Zahnschutz Pride \u2013 Maxgel"},"content":{"rendered":"<h3>Zahnschutz Pride \u2013 Maxgel<\/h3>\n<p>Zahnschutz Maxgel , PridenDieser professioneller Zahnschutzer ist aus zwei Schichten Schutz gefertigt. Der innere Teil ist aus Antishock Max Gel\u2122 gemacht,nder einen ausgezeichneten Schutz und St\u00fctze f\u00fcr die Z\u00e4hne bietet. Die \u00e4usere Schicht versichert Zahnschutz, Schutz f\u00fcr den Kiefer und das Gehirn.nSpezielle Kan\u00e4le erm\u00f6glichen leichteres atmen. Sie bekommen ihn in einer antibakteriellen Plastikschachtel.nIn zwei Gr\u00f6\u00dfen erh\u00e4ltlich: :junior biss 12 Jahre und senior f\u00fcr \u00e4ltere als 12 Jahre.<\/p>\n","protected":false},"excerpt":{"rendered":"<p>Zahnschutz Maxgel , PridenDieser professioneller Zahnschutzer ist aus zwei Schichten Schutz gefertigt. Der innere Teil ist aus Antishock Max Gel\u2122 gemacht,nder einen ausgezeichneten Schutz und St\u00fctze f\u00fcr die Z\u00e4hne bietet. Die \u00e4usere Schicht versichert Zahnschutz, Schutz f\u00fcr den Kiefer und das Gehirn.nSpezielle Kan\u00e4le erm\u00f6glichen leichteres atmen. Sie bekommen ihn in einer antibakteriellen Plastikschachtel.nIn zwei Gr\u00f6\u00dfen erh\u00e4ltlich: :junior biss 12 Jahre und senior f\u00fcr \u00e4ltere als 12 Jahre.<\/p>\n","protected":false},"featured_media":38164,"comment_status":"open","ping_status":"closed","template":"","meta":{"_acf_changed":false},"product_brand":[2086],"product_cat":[664,580,788,690,698,710,720,722,734,742,744,754,634,678,732,656,798,756,766,778,786,652],"product_tag":[],"class_list":{"0":"post-11055","1":"product","2":"type-product","3":"status-publish","4":"has-post-thumbnail","6":"product_brand-pride","7":"product_cat-boxen","8":"product_cat-equipment-de","9":"product_cat-itf-taekwondo-traditonelles-taekwondo","10":"product_cat-ju-jitsu-de","11":"product_cat-ju-jutsu-schutzausrustung","12":"product_cat-karate-ausruestung","13":"product_cat-karate-schutzausrustung","14":"product_cat-kickboxen","15":"product_cat-krav-maga-de","16":"product_cat-krav-maga-schutzausrustung","17":"product_cat-mma-ultimate-fight-de","18":"product_cat-mma-ultimate-fight-schutzausrustung","19":"product_cat-schutzausrustung","20":"product_cat-schutzausrustung-fur-boxen","21":"product_cat-schutzausrustung-zum-kickboxen","22":"product_cat-sportarten","23":"product_cat-taekwondo-itf-schutzausrustung","24":"product_cat-taekwondo-wt-olypic-sports","25":"product_cat-taekwondo-wt-schutzausrustung","26":"product_cat-thaiboxen","27":"product_cat-thaiboxen-schutzausrustung","28":"product_cat-zahnschutz","30":"first","31":"instock","32":"taxable","33":"shipping-taxable","34":"purchasable","35":"product-type-variable"},"acf":[],"yoast_head":"<!-- This site is optimized with the Yoast SEO plugin v27.5 - https:\/\/yoast.com\/product\/yoast-seo-wordpress\/ -->\n<title>Zahnschutz Pride \u2013 Maxgel - PRIDEshop<\/title>\n<meta name=\"description\" content=\"Zahnschutz Maxgel , Pride. Dieser professioneller Zahnschutzer ist aus zwei Schichten Schutz gefertigt. Der innere Teil ist aus Antishock Max Gel\u2122 gemacht.\" \/>\n<meta name=\"robots\" content=\"index, follow, max-snippet:-1, max-image-preview:large, max-video-preview:-1\" \/>\n<link rel=\"canonical\" href=\"https:\/\/prideshop.eu\/de\/shop\/sportarten\/itf-taekwondo-traditonelles-taekwondo\/taekwondo-itf-schutzausrustung\/zahnschutz-maxgel-pride\/\" \/>\n<meta property=\"og:locale\" content=\"de_DE\" \/>\n<meta property=\"og:type\" content=\"article\" \/>\n<meta property=\"og:title\" content=\"Zahnschutz Pride \u2013 Maxgel - PRIDEshop\" \/>\n<meta property=\"og:description\" content=\"Zahnschutz Maxgel , Pride. Dieser professioneller Zahnschutzer ist aus zwei Schichten Schutz gefertigt. Der innere Teil ist aus Antishock Max Gel\u2122 gemacht.\" \/>\n<meta property=\"og:url\" content=\"https:\/\/prideshop.eu\/de\/shop\/sportarten\/itf-taekwondo-traditonelles-taekwondo\/taekwondo-itf-schutzausrustung\/zahnschutz-maxgel-pride\/\" \/>\n<meta property=\"og:site_name\" content=\"PRIDEshop\" \/>\n<meta property=\"article:publisher\" content=\"https:\/\/sl-si.facebook.com\/PrideShopeu\" \/>\n<meta property=\"article:modified_time\" content=\"2026-01-11T20:42:00+00:00\" \/>\n<meta property=\"og:image\" content=\"https:\/\/prideshop.eu\/wp-content\/uploads\/2020\/08\/maxgel-scitnik-za-zobe-pride-5150.jpeg\" \/>\n\t<meta property=\"og:image:width\" content=\"600\" \/>\n\t<meta property=\"og:image:height\" content=\"600\" \/>\n\t<meta property=\"og:image:type\" content=\"image\/jpeg\" \/>\n<meta name=\"twitter:card\" content=\"summary_large_image\" \/>\n<script type=\"application\/ld+json\" class=\"yoast-schema-graph\">{\"@context\":\"https:\\\/\\\/schema.org\",\"@graph\":[{\"@type\":\"WebPage\",\"@id\":\"https:\\\/\\\/prideshop.eu\\\/de\\\/shop\\\/sportarten\\\/itf-taekwondo-traditonelles-taekwondo\\\/taekwondo-itf-schutzausrustung\\\/zahnschutz-maxgel-pride\\\/\",\"url\":\"https:\\\/\\\/prideshop.eu\\\/de\\\/shop\\\/sportarten\\\/itf-taekwondo-traditonelles-taekwondo\\\/taekwondo-itf-schutzausrustung\\\/zahnschutz-maxgel-pride\\\/\",\"name\":\"Zahnschutz Pride \u2013 Maxgel - PRIDEshop\",\"isPartOf\":{\"@id\":\"https:\\\/\\\/prideshop.eu\\\/de\\\/#website\"},\"primaryImageOfPage\":{\"@id\":\"https:\\\/\\\/prideshop.eu\\\/de\\\/shop\\\/sportarten\\\/itf-taekwondo-traditonelles-taekwondo\\\/taekwondo-itf-schutzausrustung\\\/zahnschutz-maxgel-pride\\\/#primaryimage\"},\"image\":{\"@id\":\"https:\\\/\\\/prideshop.eu\\\/de\\\/shop\\\/sportarten\\\/itf-taekwondo-traditonelles-taekwondo\\\/taekwondo-itf-schutzausrustung\\\/zahnschutz-maxgel-pride\\\/#primaryimage\"},\"thumbnailUrl\":\"https:\\\/\\\/prideshop.eu\\\/wp-content\\\/uploads\\\/2020\\\/08\\\/maxgel-scitnik-za-zobe-pride-5150.jpeg\",\"datePublished\":\"2020-08-31T14:56:59+00:00\",\"dateModified\":\"2026-01-11T20:42:00+00:00\",\"description\":\"Zahnschutz Maxgel , Pride. Dieser professioneller Zahnschutzer ist aus zwei Schichten Schutz gefertigt. Der innere Teil ist aus Antishock Max Gel\u2122 gemacht.\",\"breadcrumb\":{\"@id\":\"https:\\\/\\\/prideshop.eu\\\/de\\\/shop\\\/sportarten\\\/itf-taekwondo-traditonelles-taekwondo\\\/taekwondo-itf-schutzausrustung\\\/zahnschutz-maxgel-pride\\\/#breadcrumb\"},\"inLanguage\":\"de\",\"potentialAction\":[{\"@type\":\"ReadAction\",\"target\":[\"https:\\\/\\\/prideshop.eu\\\/de\\\/shop\\\/sportarten\\\/itf-taekwondo-traditonelles-taekwondo\\\/taekwondo-itf-schutzausrustung\\\/zahnschutz-maxgel-pride\\\/\"]}]},{\"@type\":\"ImageObject\",\"inLanguage\":\"de\",\"@id\":\"https:\\\/\\\/prideshop.eu\\\/de\\\/shop\\\/sportarten\\\/itf-taekwondo-traditonelles-taekwondo\\\/taekwondo-itf-schutzausrustung\\\/zahnschutz-maxgel-pride\\\/#primaryimage\",\"url\":\"https:\\\/\\\/prideshop.eu\\\/wp-content\\\/uploads\\\/2020\\\/08\\\/maxgel-scitnik-za-zobe-pride-5150.jpeg\",\"contentUrl\":\"https:\\\/\\\/prideshop.eu\\\/wp-content\\\/uploads\\\/2020\\\/08\\\/maxgel-scitnik-za-zobe-pride-5150.jpeg\",\"width\":600,\"height\":600,\"caption\":\"Maxgel \u0161\u010ditnik za zobe Pride\"},{\"@type\":\"BreadcrumbList\",\"@id\":\"https:\\\/\\\/prideshop.eu\\\/de\\\/shop\\\/sportarten\\\/itf-taekwondo-traditonelles-taekwondo\\\/taekwondo-itf-schutzausrustung\\\/zahnschutz-maxgel-pride\\\/#breadcrumb\",\"itemListElement\":[{\"@type\":\"ListItem\",\"position\":1,\"name\":\"Home\",\"item\":\"https:\\\/\\\/prideshop.eu\\\/de\\\/\"},{\"@type\":\"ListItem\",\"position\":2,\"name\":\"Gesch\u00e4ft\",\"item\":\"https:\\\/\\\/prideshop.eu\\\/de\\\/geschaeft\\\/\"},{\"@type\":\"ListItem\",\"position\":3,\"name\":\"Zahnschutz Pride \u2013 Maxgel\"}]},{\"@type\":\"WebSite\",\"@id\":\"https:\\\/\\\/prideshop.eu\\\/de\\\/#website\",\"url\":\"https:\\\/\\\/prideshop.eu\\\/de\\\/\",\"name\":\"PRIDEshop\",\"description\":\"Oprema za Borilne \u0160porte\",\"publisher\":{\"@id\":\"https:\\\/\\\/prideshop.eu\\\/de\\\/#organization\"},\"potentialAction\":[{\"@type\":\"SearchAction\",\"target\":{\"@type\":\"EntryPoint\",\"urlTemplate\":\"https:\\\/\\\/prideshop.eu\\\/de\\\/?s={search_term_string}\"},\"query-input\":{\"@type\":\"PropertyValueSpecification\",\"valueRequired\":true,\"valueName\":\"search_term_string\"}}],\"inLanguage\":\"de\"},{\"@type\":\"Organization\",\"@id\":\"https:\\\/\\\/prideshop.eu\\\/de\\\/#organization\",\"name\":\"PRIDEshop\",\"url\":\"https:\\\/\\\/prideshop.eu\\\/de\\\/\",\"logo\":{\"@type\":\"ImageObject\",\"inLanguage\":\"de\",\"@id\":\"https:\\\/\\\/prideshop.eu\\\/de\\\/#\\\/schema\\\/logo\\\/image\\\/\",\"url\":\"\",\"contentUrl\":\"\",\"caption\":\"PRIDEshop\"},\"image\":{\"@id\":\"https:\\\/\\\/prideshop.eu\\\/de\\\/#\\\/schema\\\/logo\\\/image\\\/\"},\"sameAs\":[\"https:\\\/\\\/sl-si.facebook.com\\\/PrideShopeu\"]}]}<\/script>\n<!-- \/ Yoast SEO plugin. -->","yoast_head_json":{"title":"Zahnschutz Pride \u2013 Maxgel - PRIDEshop","description":"Zahnschutz Maxgel , Pride. Dieser professioneller Zahnschutzer ist aus zwei Schichten Schutz gefertigt. Der innere Teil ist aus Antishock Max Gel\u2122 gemacht.","robots":{"index":"index","follow":"follow","max-snippet":"max-snippet:-1","max-image-preview":"max-image-preview:large","max-video-preview":"max-video-preview:-1"},"canonical":"https:\/\/prideshop.eu\/de\/shop\/sportarten\/itf-taekwondo-traditonelles-taekwondo\/taekwondo-itf-schutzausrustung\/zahnschutz-maxgel-pride\/","og_locale":"de_DE","og_type":"article","og_title":"Zahnschutz Pride \u2013 Maxgel - PRIDEshop","og_description":"Zahnschutz Maxgel , Pride. Dieser professioneller Zahnschutzer ist aus zwei Schichten Schutz gefertigt. Der innere Teil ist aus Antishock Max Gel\u2122 gemacht.","og_url":"https:\/\/prideshop.eu\/de\/shop\/sportarten\/itf-taekwondo-traditonelles-taekwondo\/taekwondo-itf-schutzausrustung\/zahnschutz-maxgel-pride\/","og_site_name":"PRIDEshop","article_publisher":"https:\/\/sl-si.facebook.com\/PrideShopeu","article_modified_time":"2026-01-11T20:42:00+00:00","og_image":[{"width":600,"height":600,"url":"https:\/\/prideshop.eu\/wp-content\/uploads\/2020\/08\/maxgel-scitnik-za-zobe-pride-5150.jpeg","type":"image\/jpeg"}],"twitter_card":"summary_large_image","schema":{"@context":"https:\/\/schema.org","@graph":[{"@type":"WebPage","@id":"https:\/\/prideshop.eu\/de\/shop\/sportarten\/itf-taekwondo-traditonelles-taekwondo\/taekwondo-itf-schutzausrustung\/zahnschutz-maxgel-pride\/","url":"https:\/\/prideshop.eu\/de\/shop\/sportarten\/itf-taekwondo-traditonelles-taekwondo\/taekwondo-itf-schutzausrustung\/zahnschutz-maxgel-pride\/","name":"Zahnschutz Pride \u2013 Maxgel - PRIDEshop","isPartOf":{"@id":"https:\/\/prideshop.eu\/de\/#website"},"primaryImageOfPage":{"@id":"https:\/\/prideshop.eu\/de\/shop\/sportarten\/itf-taekwondo-traditonelles-taekwondo\/taekwondo-itf-schutzausrustung\/zahnschutz-maxgel-pride\/#primaryimage"},"image":{"@id":"https:\/\/prideshop.eu\/de\/shop\/sportarten\/itf-taekwondo-traditonelles-taekwondo\/taekwondo-itf-schutzausrustung\/zahnschutz-maxgel-pride\/#primaryimage"},"thumbnailUrl":"https:\/\/prideshop.eu\/wp-content\/uploads\/2020\/08\/maxgel-scitnik-za-zobe-pride-5150.jpeg","datePublished":"2020-08-31T14:56:59+00:00","dateModified":"2026-01-11T20:42:00+00:00","description":"Zahnschutz Maxgel , Pride. Dieser professioneller Zahnschutzer ist aus zwei Schichten Schutz gefertigt. Der innere Teil ist aus Antishock Max Gel\u2122 gemacht.","breadcrumb":{"@id":"https:\/\/prideshop.eu\/de\/shop\/sportarten\/itf-taekwondo-traditonelles-taekwondo\/taekwondo-itf-schutzausrustung\/zahnschutz-maxgel-pride\/#breadcrumb"},"inLanguage":"de","potentialAction":[{"@type":"ReadAction","target":["https:\/\/prideshop.eu\/de\/shop\/sportarten\/itf-taekwondo-traditonelles-taekwondo\/taekwondo-itf-schutzausrustung\/zahnschutz-maxgel-pride\/"]}]},{"@type":"ImageObject","inLanguage":"de","@id":"https:\/\/prideshop.eu\/de\/shop\/sportarten\/itf-taekwondo-traditonelles-taekwondo\/taekwondo-itf-schutzausrustung\/zahnschutz-maxgel-pride\/#primaryimage","url":"https:\/\/prideshop.eu\/wp-content\/uploads\/2020\/08\/maxgel-scitnik-za-zobe-pride-5150.jpeg","contentUrl":"https:\/\/prideshop.eu\/wp-content\/uploads\/2020\/08\/maxgel-scitnik-za-zobe-pride-5150.jpeg","width":600,"height":600,"caption":"Maxgel \u0161\u010ditnik za zobe Pride"},{"@type":"BreadcrumbList","@id":"https:\/\/prideshop.eu\/de\/shop\/sportarten\/itf-taekwondo-traditonelles-taekwondo\/taekwondo-itf-schutzausrustung\/zahnschutz-maxgel-pride\/#breadcrumb","itemListElement":[{"@type":"ListItem","position":1,"name":"Home","item":"https:\/\/prideshop.eu\/de\/"},{"@type":"ListItem","position":2,"name":"Gesch\u00e4ft","item":"https:\/\/prideshop.eu\/de\/geschaeft\/"},{"@type":"ListItem","position":3,"name":"Zahnschutz Pride \u2013 Maxgel"}]},{"@type":"WebSite","@id":"https:\/\/prideshop.eu\/de\/#website","url":"https:\/\/prideshop.eu\/de\/","name":"PRIDEshop","description":"Oprema za Borilne \u0160porte","publisher":{"@id":"https:\/\/prideshop.eu\/de\/#organization"},"potentialAction":[{"@type":"SearchAction","target":{"@type":"EntryPoint","urlTemplate":"https:\/\/prideshop.eu\/de\/?s={search_term_string}"},"query-input":{"@type":"PropertyValueSpecification","valueRequired":true,"valueName":"search_term_string"}}],"inLanguage":"de"},{"@type":"Organization","@id":"https:\/\/prideshop.eu\/de\/#organization","name":"PRIDEshop","url":"https:\/\/prideshop.eu\/de\/","logo":{"@type":"ImageObject","inLanguage":"de","@id":"https:\/\/prideshop.eu\/de\/#\/schema\/logo\/image\/","url":"","contentUrl":"","caption":"PRIDEshop"},"image":{"@id":"https:\/\/prideshop.eu\/de\/#\/schema\/logo\/image\/"},"sameAs":["https:\/\/sl-si.facebook.com\/PrideShopeu"]}]}},"_links":{"self":[{"href":"https:\/\/prideshop.eu\/de\/wp-json\/wp\/v2\/product\/11055","targetHints":{"allow":["GET"]}}],"collection":[{"href":"https:\/\/prideshop.eu\/de\/wp-json\/wp\/v2\/product"}],"about":[{"href":"https:\/\/prideshop.eu\/de\/wp-json\/wp\/v2\/types\/product"}],"replies":[{"embeddable":true,"href":"https:\/\/prideshop.eu\/de\/wp-json\/wp\/v2\/comments?post=11055"}],"wp:featuredmedia":[{"embeddable":true,"href":"https:\/\/prideshop.eu\/de\/wp-json\/wp\/v2\/media\/38164"}],"wp:attachment":[{"href":"https:\/\/prideshop.eu\/de\/wp-json\/wp\/v2\/media?parent=11055"}],"wp:term":[{"taxonomy":"product_brand","embeddable":true,"href":"https:\/\/prideshop.eu\/de\/wp-json\/wp\/v2\/product_brand?post=11055"},{"taxonomy":"product_cat","embeddable":true,"href":"https:\/\/prideshop.eu\/de\/wp-json\/wp\/v2\/product_cat?post=11055"},{"taxonomy":"product_tag","embeddable":true,"href":"https:\/\/prideshop.eu\/de\/wp-json\/wp\/v2\/product_tag?post=11055"}],"curies":[{"name":"wp","href":"https:\/\/api.w.org\/{rel}","templated":true}]}}