{"id":11100,"date":"2020-09-01T11:21:06","date_gmt":"2020-09-01T09:21:06","guid":{"rendered":"https:\/\/prideshop.eu\/spletna-trgovina\/unkategorisiert\/karate-korperschutz-pride\/"},"modified":"2025-08-04T10:57:46","modified_gmt":"2025-08-04T08:57:46","slug":"karate-korperschutz-pride","status":"publish","type":"product","link":"https:\/\/prideshop.eu\/de\/shop\/sportarten\/karate-ausruestung\/karate-schutzausrustung\/karate-korperschutz-pride\/","title":{"rendered":"Karate K\u00f6rperschutz Pride \u2013 TorsoX"},"content":{"rendered":"<h3>Karate K\u00f6rperschutz Pride \u2013 TorsoX<\/h3>\n<p>Karate K\u00f6rperschutz, PridenLeichter und bequemer Schutzweste, der das Bewegen der Sportlers nicht hindert.nSch\u00fctzt vor Schl\u00e4gen in den Brustkorb und den Seitenteil.<\/p>\n","protected":false},"excerpt":{"rendered":"<p>Karate K\u00f6rperschutz, PridenLeichter und bequemer Schutzweste, der das Bewegen der Sportlers nicht hindert.nSch\u00fctzt vor Schl\u00e4gen in den Brustkorb und den Seitenteil.<\/p>\n","protected":false},"featured_media":24440,"comment_status":"open","ping_status":"closed","template":"","meta":{"_acf_changed":false},"product_brand":[2086],"product_cat":[580,710,720,646,632,634,656],"product_tag":[],"class_list":{"0":"post-11100","1":"product","2":"type-product","3":"status-publish","4":"has-post-thumbnail","6":"product_brand-pride","7":"product_cat-equipment-de","8":"product_cat-karate-ausruestung","9":"product_cat-karate-schutzausrustung","10":"product_cat-korpershutz","11":"product_cat-outlet-de","12":"product_cat-schutzausrustung","13":"product_cat-sportarten","15":"first","16":"instock","17":"sale","18":"taxable","19":"shipping-taxable","20":"purchasable","21":"product-type-variable"},"acf":[],"yoast_head":"<!-- This site is optimized with the Yoast SEO plugin v27.5 - https:\/\/yoast.com\/product\/yoast-seo-wordpress\/ -->\n<title>Karate K\u00f6rperschutz Pride \u2013 TorsoX - PRIDEshop<\/title>\n<meta name=\"description\" content=\"Karate K\u00f6rperschutz, Pride Leichter und bequemer Schutzweste, der das Bewegen der Sportlers nicht hindert. Sch\u00fctzt vor Schl\u00e4gen in den Brustkorb und den Seitenteil.\" \/>\n<meta name=\"robots\" content=\"index, follow, max-snippet:-1, max-image-preview:large, max-video-preview:-1\" \/>\n<link rel=\"canonical\" href=\"https:\/\/prideshop.eu\/de\/shop\/sportarten\/karate-ausruestung\/karate-schutzausrustung\/karate-korperschutz-pride\/\" \/>\n<meta property=\"og:locale\" content=\"de_DE\" \/>\n<meta property=\"og:type\" content=\"article\" \/>\n<meta property=\"og:title\" content=\"Karate K\u00f6rperschutz Pride \u2013 TorsoX - PRIDEshop\" \/>\n<meta property=\"og:description\" content=\"Karate K\u00f6rperschutz, Pride Leichter und bequemer Schutzweste, der das Bewegen der Sportlers nicht hindert. Sch\u00fctzt vor Schl\u00e4gen in den Brustkorb und den Seitenteil.\" \/>\n<meta property=\"og:url\" content=\"https:\/\/prideshop.eu\/de\/shop\/sportarten\/karate-ausruestung\/karate-schutzausrustung\/karate-korperschutz-pride\/\" \/>\n<meta property=\"og:site_name\" content=\"PRIDEshop\" \/>\n<meta property=\"article:publisher\" content=\"https:\/\/sl-si.facebook.com\/PrideShopeu\" \/>\n<meta property=\"article:modified_time\" content=\"2025-08-04T08:57:46+00:00\" \/>\n<meta property=\"og:image\" content=\"https:\/\/prideshop.eu\/wp-content\/uploads\/2020\/09\/karate-scitnik-za-telo-pride-5184.jpeg\" \/>\n\t<meta property=\"og:image:width\" content=\"600\" \/>\n\t<meta property=\"og:image:height\" content=\"600\" \/>\n\t<meta property=\"og:image:type\" content=\"image\/jpeg\" \/>\n<meta name=\"twitter:card\" content=\"summary_large_image\" \/>\n<script type=\"application\/ld+json\" class=\"yoast-schema-graph\">{\"@context\":\"https:\\\/\\\/schema.org\",\"@graph\":[{\"@type\":\"WebPage\",\"@id\":\"https:\\\/\\\/prideshop.eu\\\/de\\\/shop\\\/sportarten\\\/karate-ausruestung\\\/karate-schutzausrustung\\\/karate-korperschutz-pride\\\/\",\"url\":\"https:\\\/\\\/prideshop.eu\\\/de\\\/shop\\\/sportarten\\\/karate-ausruestung\\\/karate-schutzausrustung\\\/karate-korperschutz-pride\\\/\",\"name\":\"Karate K\u00f6rperschutz Pride \u2013 TorsoX - PRIDEshop\",\"isPartOf\":{\"@id\":\"https:\\\/\\\/prideshop.eu\\\/de\\\/#website\"},\"primaryImageOfPage\":{\"@id\":\"https:\\\/\\\/prideshop.eu\\\/de\\\/shop\\\/sportarten\\\/karate-ausruestung\\\/karate-schutzausrustung\\\/karate-korperschutz-pride\\\/#primaryimage\"},\"image\":{\"@id\":\"https:\\\/\\\/prideshop.eu\\\/de\\\/shop\\\/sportarten\\\/karate-ausruestung\\\/karate-schutzausrustung\\\/karate-korperschutz-pride\\\/#primaryimage\"},\"thumbnailUrl\":\"https:\\\/\\\/prideshop.eu\\\/wp-content\\\/uploads\\\/2020\\\/09\\\/karate-scitnik-za-telo-pride-5184.jpeg\",\"datePublished\":\"2020-09-01T09:21:06+00:00\",\"dateModified\":\"2025-08-04T08:57:46+00:00\",\"description\":\"Karate K\u00f6rperschutz, Pride Leichter und bequemer Schutzweste, der das Bewegen der Sportlers nicht hindert. Sch\u00fctzt vor Schl\u00e4gen in den Brustkorb und den Seitenteil.\",\"breadcrumb\":{\"@id\":\"https:\\\/\\\/prideshop.eu\\\/de\\\/shop\\\/sportarten\\\/karate-ausruestung\\\/karate-schutzausrustung\\\/karate-korperschutz-pride\\\/#breadcrumb\"},\"inLanguage\":\"de\",\"potentialAction\":[{\"@type\":\"ReadAction\",\"target\":[\"https:\\\/\\\/prideshop.eu\\\/de\\\/shop\\\/sportarten\\\/karate-ausruestung\\\/karate-schutzausrustung\\\/karate-korperschutz-pride\\\/\"]}]},{\"@type\":\"ImageObject\",\"inLanguage\":\"de\",\"@id\":\"https:\\\/\\\/prideshop.eu\\\/de\\\/shop\\\/sportarten\\\/karate-ausruestung\\\/karate-schutzausrustung\\\/karate-korperschutz-pride\\\/#primaryimage\",\"url\":\"https:\\\/\\\/prideshop.eu\\\/wp-content\\\/uploads\\\/2020\\\/09\\\/karate-scitnik-za-telo-pride-5184.jpeg\",\"contentUrl\":\"https:\\\/\\\/prideshop.eu\\\/wp-content\\\/uploads\\\/2020\\\/09\\\/karate-scitnik-za-telo-pride-5184.jpeg\",\"width\":600,\"height\":600,\"caption\":\"Karateweste Pride wei\u00df farben\"},{\"@type\":\"BreadcrumbList\",\"@id\":\"https:\\\/\\\/prideshop.eu\\\/de\\\/shop\\\/sportarten\\\/karate-ausruestung\\\/karate-schutzausrustung\\\/karate-korperschutz-pride\\\/#breadcrumb\",\"itemListElement\":[{\"@type\":\"ListItem\",\"position\":1,\"name\":\"Home\",\"item\":\"https:\\\/\\\/prideshop.eu\\\/de\\\/\"},{\"@type\":\"ListItem\",\"position\":2,\"name\":\"Gesch\u00e4ft\",\"item\":\"https:\\\/\\\/prideshop.eu\\\/de\\\/geschaeft\\\/\"},{\"@type\":\"ListItem\",\"position\":3,\"name\":\"Karate K\u00f6rperschutz Pride \u2013 TorsoX\"}]},{\"@type\":\"WebSite\",\"@id\":\"https:\\\/\\\/prideshop.eu\\\/de\\\/#website\",\"url\":\"https:\\\/\\\/prideshop.eu\\\/de\\\/\",\"name\":\"PRIDEshop\",\"description\":\"Oprema za Borilne \u0160porte\",\"publisher\":{\"@id\":\"https:\\\/\\\/prideshop.eu\\\/de\\\/#organization\"},\"potentialAction\":[{\"@type\":\"SearchAction\",\"target\":{\"@type\":\"EntryPoint\",\"urlTemplate\":\"https:\\\/\\\/prideshop.eu\\\/de\\\/?s={search_term_string}\"},\"query-input\":{\"@type\":\"PropertyValueSpecification\",\"valueRequired\":true,\"valueName\":\"search_term_string\"}}],\"inLanguage\":\"de\"},{\"@type\":\"Organization\",\"@id\":\"https:\\\/\\\/prideshop.eu\\\/de\\\/#organization\",\"name\":\"PRIDEshop\",\"url\":\"https:\\\/\\\/prideshop.eu\\\/de\\\/\",\"logo\":{\"@type\":\"ImageObject\",\"inLanguage\":\"de\",\"@id\":\"https:\\\/\\\/prideshop.eu\\\/de\\\/#\\\/schema\\\/logo\\\/image\\\/\",\"url\":\"\",\"contentUrl\":\"\",\"caption\":\"PRIDEshop\"},\"image\":{\"@id\":\"https:\\\/\\\/prideshop.eu\\\/de\\\/#\\\/schema\\\/logo\\\/image\\\/\"},\"sameAs\":[\"https:\\\/\\\/sl-si.facebook.com\\\/PrideShopeu\"]}]}<\/script>\n<!-- \/ Yoast SEO plugin. -->","yoast_head_json":{"title":"Karate K\u00f6rperschutz Pride \u2013 TorsoX - PRIDEshop","description":"Karate K\u00f6rperschutz, Pride Leichter und bequemer Schutzweste, der das Bewegen der Sportlers nicht hindert. Sch\u00fctzt vor Schl\u00e4gen in den Brustkorb und den Seitenteil.","robots":{"index":"index","follow":"follow","max-snippet":"max-snippet:-1","max-image-preview":"max-image-preview:large","max-video-preview":"max-video-preview:-1"},"canonical":"https:\/\/prideshop.eu\/de\/shop\/sportarten\/karate-ausruestung\/karate-schutzausrustung\/karate-korperschutz-pride\/","og_locale":"de_DE","og_type":"article","og_title":"Karate K\u00f6rperschutz Pride \u2013 TorsoX - PRIDEshop","og_description":"Karate K\u00f6rperschutz, Pride Leichter und bequemer Schutzweste, der das Bewegen der Sportlers nicht hindert. Sch\u00fctzt vor Schl\u00e4gen in den Brustkorb und den Seitenteil.","og_url":"https:\/\/prideshop.eu\/de\/shop\/sportarten\/karate-ausruestung\/karate-schutzausrustung\/karate-korperschutz-pride\/","og_site_name":"PRIDEshop","article_publisher":"https:\/\/sl-si.facebook.com\/PrideShopeu","article_modified_time":"2025-08-04T08:57:46+00:00","og_image":[{"width":600,"height":600,"url":"https:\/\/prideshop.eu\/wp-content\/uploads\/2020\/09\/karate-scitnik-za-telo-pride-5184.jpeg","type":"image\/jpeg"}],"twitter_card":"summary_large_image","schema":{"@context":"https:\/\/schema.org","@graph":[{"@type":"WebPage","@id":"https:\/\/prideshop.eu\/de\/shop\/sportarten\/karate-ausruestung\/karate-schutzausrustung\/karate-korperschutz-pride\/","url":"https:\/\/prideshop.eu\/de\/shop\/sportarten\/karate-ausruestung\/karate-schutzausrustung\/karate-korperschutz-pride\/","name":"Karate K\u00f6rperschutz Pride \u2013 TorsoX - PRIDEshop","isPartOf":{"@id":"https:\/\/prideshop.eu\/de\/#website"},"primaryImageOfPage":{"@id":"https:\/\/prideshop.eu\/de\/shop\/sportarten\/karate-ausruestung\/karate-schutzausrustung\/karate-korperschutz-pride\/#primaryimage"},"image":{"@id":"https:\/\/prideshop.eu\/de\/shop\/sportarten\/karate-ausruestung\/karate-schutzausrustung\/karate-korperschutz-pride\/#primaryimage"},"thumbnailUrl":"https:\/\/prideshop.eu\/wp-content\/uploads\/2020\/09\/karate-scitnik-za-telo-pride-5184.jpeg","datePublished":"2020-09-01T09:21:06+00:00","dateModified":"2025-08-04T08:57:46+00:00","description":"Karate K\u00f6rperschutz, Pride Leichter und bequemer Schutzweste, der das Bewegen der Sportlers nicht hindert. Sch\u00fctzt vor Schl\u00e4gen in den Brustkorb und den Seitenteil.","breadcrumb":{"@id":"https:\/\/prideshop.eu\/de\/shop\/sportarten\/karate-ausruestung\/karate-schutzausrustung\/karate-korperschutz-pride\/#breadcrumb"},"inLanguage":"de","potentialAction":[{"@type":"ReadAction","target":["https:\/\/prideshop.eu\/de\/shop\/sportarten\/karate-ausruestung\/karate-schutzausrustung\/karate-korperschutz-pride\/"]}]},{"@type":"ImageObject","inLanguage":"de","@id":"https:\/\/prideshop.eu\/de\/shop\/sportarten\/karate-ausruestung\/karate-schutzausrustung\/karate-korperschutz-pride\/#primaryimage","url":"https:\/\/prideshop.eu\/wp-content\/uploads\/2020\/09\/karate-scitnik-za-telo-pride-5184.jpeg","contentUrl":"https:\/\/prideshop.eu\/wp-content\/uploads\/2020\/09\/karate-scitnik-za-telo-pride-5184.jpeg","width":600,"height":600,"caption":"Karateweste Pride wei\u00df farben"},{"@type":"BreadcrumbList","@id":"https:\/\/prideshop.eu\/de\/shop\/sportarten\/karate-ausruestung\/karate-schutzausrustung\/karate-korperschutz-pride\/#breadcrumb","itemListElement":[{"@type":"ListItem","position":1,"name":"Home","item":"https:\/\/prideshop.eu\/de\/"},{"@type":"ListItem","position":2,"name":"Gesch\u00e4ft","item":"https:\/\/prideshop.eu\/de\/geschaeft\/"},{"@type":"ListItem","position":3,"name":"Karate K\u00f6rperschutz Pride \u2013 TorsoX"}]},{"@type":"WebSite","@id":"https:\/\/prideshop.eu\/de\/#website","url":"https:\/\/prideshop.eu\/de\/","name":"PRIDEshop","description":"Oprema za Borilne \u0160porte","publisher":{"@id":"https:\/\/prideshop.eu\/de\/#organization"},"potentialAction":[{"@type":"SearchAction","target":{"@type":"EntryPoint","urlTemplate":"https:\/\/prideshop.eu\/de\/?s={search_term_string}"},"query-input":{"@type":"PropertyValueSpecification","valueRequired":true,"valueName":"search_term_string"}}],"inLanguage":"de"},{"@type":"Organization","@id":"https:\/\/prideshop.eu\/de\/#organization","name":"PRIDEshop","url":"https:\/\/prideshop.eu\/de\/","logo":{"@type":"ImageObject","inLanguage":"de","@id":"https:\/\/prideshop.eu\/de\/#\/schema\/logo\/image\/","url":"","contentUrl":"","caption":"PRIDEshop"},"image":{"@id":"https:\/\/prideshop.eu\/de\/#\/schema\/logo\/image\/"},"sameAs":["https:\/\/sl-si.facebook.com\/PrideShopeu"]}]}},"_links":{"self":[{"href":"https:\/\/prideshop.eu\/de\/wp-json\/wp\/v2\/product\/11100","targetHints":{"allow":["GET"]}}],"collection":[{"href":"https:\/\/prideshop.eu\/de\/wp-json\/wp\/v2\/product"}],"about":[{"href":"https:\/\/prideshop.eu\/de\/wp-json\/wp\/v2\/types\/product"}],"replies":[{"embeddable":true,"href":"https:\/\/prideshop.eu\/de\/wp-json\/wp\/v2\/comments?post=11100"}],"wp:featuredmedia":[{"embeddable":true,"href":"https:\/\/prideshop.eu\/de\/wp-json\/wp\/v2\/media\/24440"}],"wp:attachment":[{"href":"https:\/\/prideshop.eu\/de\/wp-json\/wp\/v2\/media?parent=11100"}],"wp:term":[{"taxonomy":"product_brand","embeddable":true,"href":"https:\/\/prideshop.eu\/de\/wp-json\/wp\/v2\/product_brand?post=11100"},{"taxonomy":"product_cat","embeddable":true,"href":"https:\/\/prideshop.eu\/de\/wp-json\/wp\/v2\/product_cat?post=11100"},{"taxonomy":"product_tag","embeddable":true,"href":"https:\/\/prideshop.eu\/de\/wp-json\/wp\/v2\/product_tag?post=11100"}],"curies":[{"name":"wp","href":"https:\/\/api.w.org\/{rel}","templated":true}]}}