{"id":11109,"date":"2020-09-17T09:38:08","date_gmt":"2020-09-17T07:38:08","guid":{"rendered":"https:\/\/prideshop.eu\/spletna-trgovina\/unkategorisiert\/korperschutz-wkf\/"},"modified":"2026-04-22T14:02:02","modified_gmt":"2026-04-22T12:02:02","slug":"korperschutz-wkf","status":"publish","type":"product","link":"https:\/\/prideshop.eu\/de\/shop\/sportarten\/karate-ausruestung\/karate-schutzausrustung\/korperschutz-wkf\/","title":{"rendered":"Karate K\u00f6rperschutz  \u2013 WKF"},"content":{"rendered":"<h3>Karate K\u00f6rperschutz \u2013 WKF<\/h3>\n<p>K\u00f6rperschutz, WKF. Zum Schutz vor St\u00f6\u00dfen und beugt Verletzungen vor. Das \u00c4u\u00dfere besteht aus &#8220;High\u2013Tech&#8221; Cordura Material, kratzfest. Die Innenseite des Protektors wird durch die &#8220;Coolmax&#8221; \u2013Technologie und einen speziellen Schaum f\u00fcr Komfort erg\u00e4nzt.nDie Karate Schutzweste ist vom World Karate Federation WKF f\u00fcr alle Wettk\u00e4mpfe, einschlie\u00dflich Weltmeisterschaften, zugelassen<\/p>\n","protected":false},"excerpt":{"rendered":"<p>K\u00f6rperschutz, WKF. Zum Schutz vor St\u00f6\u00dfen und beugt Verletzungen vor. Das \u00c4u\u00dfere besteht aus &#8220;High\u2013Tech&#8221; Cordura Material, kratzfest. Die Innenseite des Protektors wird durch die &#8220;Coolmax&#8221; \u2013Technologie und einen speziellen Schaum f\u00fcr Komfort erg\u00e4nzt.nDie Karate Schutzweste ist vom World Karate Federation WKF f\u00fcr alle Wettk\u00e4mpfe, einschlie\u00dflich Weltmeisterschaften, zugelassen<\/p>\n","protected":false},"featured_media":35656,"comment_status":"open","ping_status":"closed","template":"","meta":{"_acf_changed":false},"product_brand":[2106],"product_cat":[580,710,720,646,632,634,656],"product_tag":[],"class_list":{"0":"post-11109","1":"product","2":"type-product","3":"status-publish","4":"has-post-thumbnail","6":"product_brand-wkf","7":"product_cat-equipment-de","8":"product_cat-karate-ausruestung","9":"product_cat-karate-schutzausrustung","10":"product_cat-korpershutz","11":"product_cat-outlet-de","12":"product_cat-schutzausrustung","13":"product_cat-sportarten","15":"first","16":"instock","17":"sale","18":"taxable","19":"shipping-taxable","20":"purchasable","21":"product-type-variable"},"acf":[],"yoast_head":"<!-- This site is optimized with the Yoast SEO plugin v27.5 - https:\/\/yoast.com\/product\/yoast-seo-wordpress\/ -->\n<title>Karate K\u00f6rperschutz \u2013 WKF - PRIDEshop<\/title>\n<meta name=\"description\" content=\"K\u00f6rperschutz, WKF. Zum Schutz vor St\u00f6\u00dfen und beugt Verletzungen vor. Das \u00c4u\u00dfere besteht aus &quot;High-Tech&quot; Cordura Material, kratzfest.\" \/>\n<meta name=\"robots\" content=\"index, follow, max-snippet:-1, max-image-preview:large, max-video-preview:-1\" \/>\n<link rel=\"canonical\" href=\"https:\/\/prideshop.eu\/de\/shop\/sportarten\/karate-ausruestung\/karate-schutzausrustung\/korperschutz-wkf\/\" \/>\n<meta property=\"og:locale\" content=\"de_DE\" \/>\n<meta property=\"og:type\" content=\"article\" \/>\n<meta property=\"og:title\" content=\"Karate K\u00f6rperschutz \u2013 WKF - PRIDEshop\" \/>\n<meta property=\"og:description\" content=\"K\u00f6rperschutz, WKF. Zum Schutz vor St\u00f6\u00dfen und beugt Verletzungen vor. Das \u00c4u\u00dfere besteht aus &quot;High-Tech&quot; Cordura Material, kratzfest.\" \/>\n<meta property=\"og:url\" content=\"https:\/\/prideshop.eu\/de\/shop\/sportarten\/karate-ausruestung\/karate-schutzausrustung\/korperschutz-wkf\/\" \/>\n<meta property=\"og:site_name\" content=\"PRIDEshop\" \/>\n<meta property=\"article:publisher\" content=\"https:\/\/sl-si.facebook.com\/PrideShopeu\" \/>\n<meta property=\"article:modified_time\" content=\"2026-04-22T12:02:02+00:00\" \/>\n<meta property=\"og:image\" content=\"https:\/\/prideshop.eu\/wp-content\/uploads\/2020\/09\/karate-scitnik-za-telo-wkf-5185.jpg\" \/>\n\t<meta property=\"og:image:width\" content=\"600\" \/>\n\t<meta property=\"og:image:height\" content=\"600\" \/>\n\t<meta property=\"og:image:type\" content=\"image\/jpeg\" \/>\n<meta name=\"twitter:card\" content=\"summary_large_image\" \/>\n<script type=\"application\/ld+json\" class=\"yoast-schema-graph\">{\"@context\":\"https:\\\/\\\/schema.org\",\"@graph\":[{\"@type\":\"WebPage\",\"@id\":\"https:\\\/\\\/prideshop.eu\\\/de\\\/shop\\\/sportarten\\\/karate-ausruestung\\\/karate-schutzausrustung\\\/korperschutz-wkf\\\/\",\"url\":\"https:\\\/\\\/prideshop.eu\\\/de\\\/shop\\\/sportarten\\\/karate-ausruestung\\\/karate-schutzausrustung\\\/korperschutz-wkf\\\/\",\"name\":\"Karate K\u00f6rperschutz \u2013 WKF - PRIDEshop\",\"isPartOf\":{\"@id\":\"https:\\\/\\\/prideshop.eu\\\/de\\\/#website\"},\"primaryImageOfPage\":{\"@id\":\"https:\\\/\\\/prideshop.eu\\\/de\\\/shop\\\/sportarten\\\/karate-ausruestung\\\/karate-schutzausrustung\\\/korperschutz-wkf\\\/#primaryimage\"},\"image\":{\"@id\":\"https:\\\/\\\/prideshop.eu\\\/de\\\/shop\\\/sportarten\\\/karate-ausruestung\\\/karate-schutzausrustung\\\/korperschutz-wkf\\\/#primaryimage\"},\"thumbnailUrl\":\"https:\\\/\\\/prideshop.eu\\\/wp-content\\\/uploads\\\/2020\\\/09\\\/karate-scitnik-za-telo-wkf-5185.jpg\",\"datePublished\":\"2020-09-17T07:38:08+00:00\",\"dateModified\":\"2026-04-22T12:02:02+00:00\",\"description\":\"K\u00f6rperschutz, WKF. Zum Schutz vor St\u00f6\u00dfen und beugt Verletzungen vor. Das \u00c4u\u00dfere besteht aus \\\"High-Tech\\\" Cordura Material, kratzfest.\",\"breadcrumb\":{\"@id\":\"https:\\\/\\\/prideshop.eu\\\/de\\\/shop\\\/sportarten\\\/karate-ausruestung\\\/karate-schutzausrustung\\\/korperschutz-wkf\\\/#breadcrumb\"},\"inLanguage\":\"de\",\"potentialAction\":[{\"@type\":\"ReadAction\",\"target\":[\"https:\\\/\\\/prideshop.eu\\\/de\\\/shop\\\/sportarten\\\/karate-ausruestung\\\/karate-schutzausrustung\\\/korperschutz-wkf\\\/\"]}]},{\"@type\":\"ImageObject\",\"inLanguage\":\"de\",\"@id\":\"https:\\\/\\\/prideshop.eu\\\/de\\\/shop\\\/sportarten\\\/karate-ausruestung\\\/karate-schutzausrustung\\\/korperschutz-wkf\\\/#primaryimage\",\"url\":\"https:\\\/\\\/prideshop.eu\\\/wp-content\\\/uploads\\\/2020\\\/09\\\/karate-scitnik-za-telo-wkf-5185.jpg\",\"contentUrl\":\"https:\\\/\\\/prideshop.eu\\\/wp-content\\\/uploads\\\/2020\\\/09\\\/karate-scitnik-za-telo-wkf-5185.jpg\",\"width\":600,\"height\":600,\"caption\":\"K\u00f6rperschutz, WKF\"},{\"@type\":\"BreadcrumbList\",\"@id\":\"https:\\\/\\\/prideshop.eu\\\/de\\\/shop\\\/sportarten\\\/karate-ausruestung\\\/karate-schutzausrustung\\\/korperschutz-wkf\\\/#breadcrumb\",\"itemListElement\":[{\"@type\":\"ListItem\",\"position\":1,\"name\":\"Home\",\"item\":\"https:\\\/\\\/prideshop.eu\\\/de\\\/\"},{\"@type\":\"ListItem\",\"position\":2,\"name\":\"Gesch\u00e4ft\",\"item\":\"https:\\\/\\\/prideshop.eu\\\/de\\\/geschaeft\\\/\"},{\"@type\":\"ListItem\",\"position\":3,\"name\":\"Karate K\u00f6rperschutz \u2013 WKF\"}]},{\"@type\":\"WebSite\",\"@id\":\"https:\\\/\\\/prideshop.eu\\\/de\\\/#website\",\"url\":\"https:\\\/\\\/prideshop.eu\\\/de\\\/\",\"name\":\"PRIDEshop\",\"description\":\"Oprema za Borilne \u0160porte\",\"publisher\":{\"@id\":\"https:\\\/\\\/prideshop.eu\\\/de\\\/#organization\"},\"potentialAction\":[{\"@type\":\"SearchAction\",\"target\":{\"@type\":\"EntryPoint\",\"urlTemplate\":\"https:\\\/\\\/prideshop.eu\\\/de\\\/?s={search_term_string}\"},\"query-input\":{\"@type\":\"PropertyValueSpecification\",\"valueRequired\":true,\"valueName\":\"search_term_string\"}}],\"inLanguage\":\"de\"},{\"@type\":\"Organization\",\"@id\":\"https:\\\/\\\/prideshop.eu\\\/de\\\/#organization\",\"name\":\"PRIDEshop\",\"url\":\"https:\\\/\\\/prideshop.eu\\\/de\\\/\",\"logo\":{\"@type\":\"ImageObject\",\"inLanguage\":\"de\",\"@id\":\"https:\\\/\\\/prideshop.eu\\\/de\\\/#\\\/schema\\\/logo\\\/image\\\/\",\"url\":\"\",\"contentUrl\":\"\",\"caption\":\"PRIDEshop\"},\"image\":{\"@id\":\"https:\\\/\\\/prideshop.eu\\\/de\\\/#\\\/schema\\\/logo\\\/image\\\/\"},\"sameAs\":[\"https:\\\/\\\/sl-si.facebook.com\\\/PrideShopeu\"]}]}<\/script>\n<!-- \/ Yoast SEO plugin. -->","yoast_head_json":{"title":"Karate K\u00f6rperschutz \u2013 WKF - PRIDEshop","description":"K\u00f6rperschutz, WKF. Zum Schutz vor St\u00f6\u00dfen und beugt Verletzungen vor. Das \u00c4u\u00dfere besteht aus \"High-Tech\" Cordura Material, kratzfest.","robots":{"index":"index","follow":"follow","max-snippet":"max-snippet:-1","max-image-preview":"max-image-preview:large","max-video-preview":"max-video-preview:-1"},"canonical":"https:\/\/prideshop.eu\/de\/shop\/sportarten\/karate-ausruestung\/karate-schutzausrustung\/korperschutz-wkf\/","og_locale":"de_DE","og_type":"article","og_title":"Karate K\u00f6rperschutz \u2013 WKF - PRIDEshop","og_description":"K\u00f6rperschutz, WKF. Zum Schutz vor St\u00f6\u00dfen und beugt Verletzungen vor. Das \u00c4u\u00dfere besteht aus \"High-Tech\" Cordura Material, kratzfest.","og_url":"https:\/\/prideshop.eu\/de\/shop\/sportarten\/karate-ausruestung\/karate-schutzausrustung\/korperschutz-wkf\/","og_site_name":"PRIDEshop","article_publisher":"https:\/\/sl-si.facebook.com\/PrideShopeu","article_modified_time":"2026-04-22T12:02:02+00:00","og_image":[{"width":600,"height":600,"url":"https:\/\/prideshop.eu\/wp-content\/uploads\/2020\/09\/karate-scitnik-za-telo-wkf-5185.jpg","type":"image\/jpeg"}],"twitter_card":"summary_large_image","schema":{"@context":"https:\/\/schema.org","@graph":[{"@type":"WebPage","@id":"https:\/\/prideshop.eu\/de\/shop\/sportarten\/karate-ausruestung\/karate-schutzausrustung\/korperschutz-wkf\/","url":"https:\/\/prideshop.eu\/de\/shop\/sportarten\/karate-ausruestung\/karate-schutzausrustung\/korperschutz-wkf\/","name":"Karate K\u00f6rperschutz \u2013 WKF - PRIDEshop","isPartOf":{"@id":"https:\/\/prideshop.eu\/de\/#website"},"primaryImageOfPage":{"@id":"https:\/\/prideshop.eu\/de\/shop\/sportarten\/karate-ausruestung\/karate-schutzausrustung\/korperschutz-wkf\/#primaryimage"},"image":{"@id":"https:\/\/prideshop.eu\/de\/shop\/sportarten\/karate-ausruestung\/karate-schutzausrustung\/korperschutz-wkf\/#primaryimage"},"thumbnailUrl":"https:\/\/prideshop.eu\/wp-content\/uploads\/2020\/09\/karate-scitnik-za-telo-wkf-5185.jpg","datePublished":"2020-09-17T07:38:08+00:00","dateModified":"2026-04-22T12:02:02+00:00","description":"K\u00f6rperschutz, WKF. Zum Schutz vor St\u00f6\u00dfen und beugt Verletzungen vor. Das \u00c4u\u00dfere besteht aus \"High-Tech\" Cordura Material, kratzfest.","breadcrumb":{"@id":"https:\/\/prideshop.eu\/de\/shop\/sportarten\/karate-ausruestung\/karate-schutzausrustung\/korperschutz-wkf\/#breadcrumb"},"inLanguage":"de","potentialAction":[{"@type":"ReadAction","target":["https:\/\/prideshop.eu\/de\/shop\/sportarten\/karate-ausruestung\/karate-schutzausrustung\/korperschutz-wkf\/"]}]},{"@type":"ImageObject","inLanguage":"de","@id":"https:\/\/prideshop.eu\/de\/shop\/sportarten\/karate-ausruestung\/karate-schutzausrustung\/korperschutz-wkf\/#primaryimage","url":"https:\/\/prideshop.eu\/wp-content\/uploads\/2020\/09\/karate-scitnik-za-telo-wkf-5185.jpg","contentUrl":"https:\/\/prideshop.eu\/wp-content\/uploads\/2020\/09\/karate-scitnik-za-telo-wkf-5185.jpg","width":600,"height":600,"caption":"K\u00f6rperschutz, WKF"},{"@type":"BreadcrumbList","@id":"https:\/\/prideshop.eu\/de\/shop\/sportarten\/karate-ausruestung\/karate-schutzausrustung\/korperschutz-wkf\/#breadcrumb","itemListElement":[{"@type":"ListItem","position":1,"name":"Home","item":"https:\/\/prideshop.eu\/de\/"},{"@type":"ListItem","position":2,"name":"Gesch\u00e4ft","item":"https:\/\/prideshop.eu\/de\/geschaeft\/"},{"@type":"ListItem","position":3,"name":"Karate K\u00f6rperschutz \u2013 WKF"}]},{"@type":"WebSite","@id":"https:\/\/prideshop.eu\/de\/#website","url":"https:\/\/prideshop.eu\/de\/","name":"PRIDEshop","description":"Oprema za Borilne \u0160porte","publisher":{"@id":"https:\/\/prideshop.eu\/de\/#organization"},"potentialAction":[{"@type":"SearchAction","target":{"@type":"EntryPoint","urlTemplate":"https:\/\/prideshop.eu\/de\/?s={search_term_string}"},"query-input":{"@type":"PropertyValueSpecification","valueRequired":true,"valueName":"search_term_string"}}],"inLanguage":"de"},{"@type":"Organization","@id":"https:\/\/prideshop.eu\/de\/#organization","name":"PRIDEshop","url":"https:\/\/prideshop.eu\/de\/","logo":{"@type":"ImageObject","inLanguage":"de","@id":"https:\/\/prideshop.eu\/de\/#\/schema\/logo\/image\/","url":"","contentUrl":"","caption":"PRIDEshop"},"image":{"@id":"https:\/\/prideshop.eu\/de\/#\/schema\/logo\/image\/"},"sameAs":["https:\/\/sl-si.facebook.com\/PrideShopeu"]}]}},"_links":{"self":[{"href":"https:\/\/prideshop.eu\/de\/wp-json\/wp\/v2\/product\/11109","targetHints":{"allow":["GET"]}}],"collection":[{"href":"https:\/\/prideshop.eu\/de\/wp-json\/wp\/v2\/product"}],"about":[{"href":"https:\/\/prideshop.eu\/de\/wp-json\/wp\/v2\/types\/product"}],"replies":[{"embeddable":true,"href":"https:\/\/prideshop.eu\/de\/wp-json\/wp\/v2\/comments?post=11109"}],"wp:featuredmedia":[{"embeddable":true,"href":"https:\/\/prideshop.eu\/de\/wp-json\/wp\/v2\/media\/35656"}],"wp:attachment":[{"href":"https:\/\/prideshop.eu\/de\/wp-json\/wp\/v2\/media?parent=11109"}],"wp:term":[{"taxonomy":"product_brand","embeddable":true,"href":"https:\/\/prideshop.eu\/de\/wp-json\/wp\/v2\/product_brand?post=11109"},{"taxonomy":"product_cat","embeddable":true,"href":"https:\/\/prideshop.eu\/de\/wp-json\/wp\/v2\/product_cat?post=11109"},{"taxonomy":"product_tag","embeddable":true,"href":"https:\/\/prideshop.eu\/de\/wp-json\/wp\/v2\/product_tag?post=11109"}],"curies":[{"name":"wp","href":"https:\/\/api.w.org\/{rel}","templated":true}]}}