{"id":11114,"date":"2020-09-21T15:09:04","date_gmt":"2020-09-21T13:09:04","guid":{"rendered":"https:\/\/prideshop.eu\/spletna-trgovina\/unkategorisiert\/professionelle-ear-gear-quad-iv-system-pride\/"},"modified":"2025-08-04T10:57:44","modified_gmt":"2025-08-04T08:57:44","slug":"professionelle-ear-gear-quad-pride","status":"publish","type":"product","link":"https:\/\/prideshop.eu\/de\/shop\/sportarten\/ringen-sambo\/ringen-und-sambo-zubehor\/professionelle-ear-gear-quad-pride\/","title":{"rendered":"Pro Ohren\u2011Sch\u00fctzer f\u00fcr Kampfsport Pride \u2013 ProGuard EVO"},"content":{"rendered":"<h3>Pro Ohren\u2011Sch\u00fctzer f\u00fcr Kampfsport Pride \u2013 ProGuard EVO<\/h3>\n<p>Professionelle Ear Gear \u2013 Quad IV \u2122 System, Pride. Professionelle Ohrenschutz Verhindern Sie Ohrenverletzungen w\u00e4hrend der Versteifung von Wrestling, Grappling, Sambu, BJJ, MMA &#8230;und sind daher ein unverzichtbarer Bestandteil der erforderlichen Schutzausr\u00fcstung f\u00fcr diese und \u00e4hnliche F\u00e4higkeiten und Sportarten.n\u2022 Anpassungsm\u00f6glichkeit, die f\u00fcr jeden geeignet ist.n\u2022 Maximaler Schutz in einem Design, das Luft\u2013 und Schallzirkulation erm\u00f6glicht.n\u2022 EVA\u2013F\u00fcllung und feste Schale sch\u00fctzt das gesamte Ohr vor St\u00f6\u00dfen.n\u2022 Das einstellbare F\u00fcnfspurensystem bietet maximale Sicherheit bei minimaler Bewegung.n\u2022 Beinhaltet einen Riemenschutz aus Nylon<\/p>\n","protected":false},"excerpt":{"rendered":"<p>Professionelle Ear Gear \u2013 Quad IV \u2122 System, Pride. Professionelle Ohrenschutz Verhindern Sie Ohrenverletzungen w\u00e4hrend der Versteifung von Wrestling, Grappling, Sambu, BJJ, MMA &#8230;und sind daher ein unverzichtbarer Bestandteil der erforderlichen Schutzausr\u00fcstung f\u00fcr diese und \u00e4hnliche F\u00e4higkeiten und Sportarten.n\u2022 Anpassungsm\u00f6glichkeit, die f\u00fcr jeden geeignet ist.n\u2022 Maximaler Schutz in einem Design, das Luft\u2013 und Schallzirkulation erm\u00f6glicht.n\u2022 EVA\u2013F\u00fcllung und feste Schale sch\u00fctzt das gesamte Ohr vor St\u00f6\u00dfen.n\u2022 Das einstellbare F\u00fcnfspurensystem bietet maximale Sicherheit bei minimaler Bewegung.n\u2022 Beinhaltet einen Riemenschutz aus Nylon<\/p>\n","protected":false},"featured_media":34205,"comment_status":"open","ping_status":"closed","template":"","meta":{"_acf_changed":false},"product_brand":[2086],"product_cat":[686,680,580,690,698,700,708,744,754,650,768,770,634,656],"product_tag":[],"class_list":{"0":"post-11114","1":"product","2":"type-product","3":"status-publish","4":"has-post-thumbnail","6":"product_brand-pride","7":"product_cat-bjj-schutzausrustung","8":"product_cat-brazilian-jiu-jitsu-bjj-de","9":"product_cat-equipment-de","10":"product_cat-ju-jitsu-de","11":"product_cat-ju-jutsu-schutzausrustung","12":"product_cat-judo-de","13":"product_cat-judo-schutzausrustung","14":"product_cat-mma-ultimate-fight-de","15":"product_cat-mma-ultimate-fight-schutzausrustung","16":"product_cat-ohrenschutz","17":"product_cat-ringen-sambo","18":"product_cat-ringen-und-sambo-zubehor","19":"product_cat-schutzausrustung","20":"product_cat-sportarten","22":"first","23":"outofstock","24":"taxable","25":"shipping-taxable","26":"purchasable","27":"product-type-simple"},"acf":[],"yoast_head":"<!-- This site is optimized with the Yoast SEO plugin v27.5 - https:\/\/yoast.com\/product\/yoast-seo-wordpress\/ -->\n<title>Pro Ohren\u2011Sch\u00fctzer f\u00fcr Kampfsport Pride \u2013 ProGuard EVO - PRIDEshop<\/title>\n<meta name=\"description\" content=\"Professionelle Ear Gear - Quad IV \u2122 System, Pride. Professionelle Ohrenschutz Verhindern Sie Ohrenverletzungen w\u00e4hrend der Versteifung von Wrestling, Grappling, Sambu, BJJ, MMA...\" \/>\n<meta name=\"robots\" content=\"index, follow, max-snippet:-1, max-image-preview:large, max-video-preview:-1\" \/>\n<link rel=\"canonical\" href=\"https:\/\/prideshop.eu\/de\/shop\/sportarten\/ringen-sambo\/ringen-und-sambo-zubehor\/professionelle-ear-gear-quad-pride\/\" \/>\n<meta property=\"og:locale\" content=\"de_DE\" \/>\n<meta property=\"og:type\" content=\"article\" \/>\n<meta property=\"og:title\" content=\"Pro Ohren\u2011Sch\u00fctzer f\u00fcr Kampfsport Pride \u2013 ProGuard EVO - PRIDEshop\" \/>\n<meta property=\"og:description\" content=\"Professionelle Ear Gear - Quad IV \u2122 System, Pride. Professionelle Ohrenschutz Verhindern Sie Ohrenverletzungen w\u00e4hrend der Versteifung von Wrestling, Grappling, Sambu, BJJ, MMA...\" \/>\n<meta property=\"og:url\" content=\"https:\/\/prideshop.eu\/de\/shop\/sportarten\/ringen-sambo\/ringen-und-sambo-zubehor\/professionelle-ear-gear-quad-pride\/\" \/>\n<meta property=\"og:site_name\" content=\"PRIDEshop\" \/>\n<meta property=\"article:publisher\" content=\"https:\/\/sl-si.facebook.com\/PrideShopeu\" \/>\n<meta property=\"article:modified_time\" content=\"2025-08-04T08:57:44+00:00\" \/>\n<meta property=\"og:image\" content=\"https:\/\/prideshop.eu\/wp-content\/uploads\/2020\/09\/profesionalni-scitnik-za-usesa-quad-pride-5241.jpeg\" \/>\n\t<meta property=\"og:image:width\" content=\"600\" \/>\n\t<meta property=\"og:image:height\" content=\"600\" \/>\n\t<meta property=\"og:image:type\" content=\"image\/jpeg\" \/>\n<meta name=\"twitter:card\" content=\"summary_large_image\" \/>\n<meta name=\"twitter:label1\" content=\"Gesch\u00e4tzte Lesezeit\" \/>\n\t<meta name=\"twitter:data1\" content=\"1\u00a0Minute\" \/>\n<script type=\"application\/ld+json\" class=\"yoast-schema-graph\">{\"@context\":\"https:\\\/\\\/schema.org\",\"@graph\":[{\"@type\":\"WebPage\",\"@id\":\"https:\\\/\\\/prideshop.eu\\\/de\\\/shop\\\/sportarten\\\/ringen-sambo\\\/ringen-und-sambo-zubehor\\\/professionelle-ear-gear-quad-pride\\\/\",\"url\":\"https:\\\/\\\/prideshop.eu\\\/de\\\/shop\\\/sportarten\\\/ringen-sambo\\\/ringen-und-sambo-zubehor\\\/professionelle-ear-gear-quad-pride\\\/\",\"name\":\"Pro Ohren\u2011Sch\u00fctzer f\u00fcr Kampfsport Pride \u2013 ProGuard EVO - PRIDEshop\",\"isPartOf\":{\"@id\":\"https:\\\/\\\/prideshop.eu\\\/de\\\/#website\"},\"primaryImageOfPage\":{\"@id\":\"https:\\\/\\\/prideshop.eu\\\/de\\\/shop\\\/sportarten\\\/ringen-sambo\\\/ringen-und-sambo-zubehor\\\/professionelle-ear-gear-quad-pride\\\/#primaryimage\"},\"image\":{\"@id\":\"https:\\\/\\\/prideshop.eu\\\/de\\\/shop\\\/sportarten\\\/ringen-sambo\\\/ringen-und-sambo-zubehor\\\/professionelle-ear-gear-quad-pride\\\/#primaryimage\"},\"thumbnailUrl\":\"https:\\\/\\\/prideshop.eu\\\/wp-content\\\/uploads\\\/2020\\\/09\\\/profesionalni-scitnik-za-usesa-quad-pride-5241.jpeg\",\"datePublished\":\"2020-09-21T13:09:04+00:00\",\"dateModified\":\"2025-08-04T08:57:44+00:00\",\"description\":\"Professionelle Ear Gear - Quad IV \u2122 System, Pride. Professionelle Ohrenschutz Verhindern Sie Ohrenverletzungen w\u00e4hrend der Versteifung von Wrestling, Grappling, Sambu, BJJ, MMA...\",\"breadcrumb\":{\"@id\":\"https:\\\/\\\/prideshop.eu\\\/de\\\/shop\\\/sportarten\\\/ringen-sambo\\\/ringen-und-sambo-zubehor\\\/professionelle-ear-gear-quad-pride\\\/#breadcrumb\"},\"inLanguage\":\"de\",\"potentialAction\":[{\"@type\":\"ReadAction\",\"target\":[\"https:\\\/\\\/prideshop.eu\\\/de\\\/shop\\\/sportarten\\\/ringen-sambo\\\/ringen-und-sambo-zubehor\\\/professionelle-ear-gear-quad-pride\\\/\"]}]},{\"@type\":\"ImageObject\",\"inLanguage\":\"de\",\"@id\":\"https:\\\/\\\/prideshop.eu\\\/de\\\/shop\\\/sportarten\\\/ringen-sambo\\\/ringen-und-sambo-zubehor\\\/professionelle-ear-gear-quad-pride\\\/#primaryimage\",\"url\":\"https:\\\/\\\/prideshop.eu\\\/wp-content\\\/uploads\\\/2020\\\/09\\\/profesionalni-scitnik-za-usesa-quad-pride-5241.jpeg\",\"contentUrl\":\"https:\\\/\\\/prideshop.eu\\\/wp-content\\\/uploads\\\/2020\\\/09\\\/profesionalni-scitnik-za-usesa-quad-pride-5241.jpeg\",\"width\":600,\"height\":600,\"caption\":\"Professionelle Ear Gear - Quad IV \u2122 System Pride\"},{\"@type\":\"BreadcrumbList\",\"@id\":\"https:\\\/\\\/prideshop.eu\\\/de\\\/shop\\\/sportarten\\\/ringen-sambo\\\/ringen-und-sambo-zubehor\\\/professionelle-ear-gear-quad-pride\\\/#breadcrumb\",\"itemListElement\":[{\"@type\":\"ListItem\",\"position\":1,\"name\":\"Home\",\"item\":\"https:\\\/\\\/prideshop.eu\\\/de\\\/\"},{\"@type\":\"ListItem\",\"position\":2,\"name\":\"Gesch\u00e4ft\",\"item\":\"https:\\\/\\\/prideshop.eu\\\/de\\\/geschaeft\\\/\"},{\"@type\":\"ListItem\",\"position\":3,\"name\":\"Pro Ohren\u2011Sch\u00fctzer f\u00fcr Kampfsport Pride \u2013 ProGuard EVO\"}]},{\"@type\":\"WebSite\",\"@id\":\"https:\\\/\\\/prideshop.eu\\\/de\\\/#website\",\"url\":\"https:\\\/\\\/prideshop.eu\\\/de\\\/\",\"name\":\"PRIDEshop\",\"description\":\"Oprema za Borilne \u0160porte\",\"publisher\":{\"@id\":\"https:\\\/\\\/prideshop.eu\\\/de\\\/#organization\"},\"potentialAction\":[{\"@type\":\"SearchAction\",\"target\":{\"@type\":\"EntryPoint\",\"urlTemplate\":\"https:\\\/\\\/prideshop.eu\\\/de\\\/?s={search_term_string}\"},\"query-input\":{\"@type\":\"PropertyValueSpecification\",\"valueRequired\":true,\"valueName\":\"search_term_string\"}}],\"inLanguage\":\"de\"},{\"@type\":\"Organization\",\"@id\":\"https:\\\/\\\/prideshop.eu\\\/de\\\/#organization\",\"name\":\"PRIDEshop\",\"url\":\"https:\\\/\\\/prideshop.eu\\\/de\\\/\",\"logo\":{\"@type\":\"ImageObject\",\"inLanguage\":\"de\",\"@id\":\"https:\\\/\\\/prideshop.eu\\\/de\\\/#\\\/schema\\\/logo\\\/image\\\/\",\"url\":\"\",\"contentUrl\":\"\",\"caption\":\"PRIDEshop\"},\"image\":{\"@id\":\"https:\\\/\\\/prideshop.eu\\\/de\\\/#\\\/schema\\\/logo\\\/image\\\/\"},\"sameAs\":[\"https:\\\/\\\/sl-si.facebook.com\\\/PrideShopeu\"]}]}<\/script>\n<!-- \/ Yoast SEO plugin. -->","yoast_head_json":{"title":"Pro Ohren\u2011Sch\u00fctzer f\u00fcr Kampfsport Pride \u2013 ProGuard EVO - PRIDEshop","description":"Professionelle Ear Gear - Quad IV \u2122 System, Pride. Professionelle Ohrenschutz Verhindern Sie Ohrenverletzungen w\u00e4hrend der Versteifung von Wrestling, Grappling, Sambu, BJJ, MMA...","robots":{"index":"index","follow":"follow","max-snippet":"max-snippet:-1","max-image-preview":"max-image-preview:large","max-video-preview":"max-video-preview:-1"},"canonical":"https:\/\/prideshop.eu\/de\/shop\/sportarten\/ringen-sambo\/ringen-und-sambo-zubehor\/professionelle-ear-gear-quad-pride\/","og_locale":"de_DE","og_type":"article","og_title":"Pro Ohren\u2011Sch\u00fctzer f\u00fcr Kampfsport Pride \u2013 ProGuard EVO - PRIDEshop","og_description":"Professionelle Ear Gear - Quad IV \u2122 System, Pride. Professionelle Ohrenschutz Verhindern Sie Ohrenverletzungen w\u00e4hrend der Versteifung von Wrestling, Grappling, Sambu, BJJ, MMA...","og_url":"https:\/\/prideshop.eu\/de\/shop\/sportarten\/ringen-sambo\/ringen-und-sambo-zubehor\/professionelle-ear-gear-quad-pride\/","og_site_name":"PRIDEshop","article_publisher":"https:\/\/sl-si.facebook.com\/PrideShopeu","article_modified_time":"2025-08-04T08:57:44+00:00","og_image":[{"width":600,"height":600,"url":"https:\/\/prideshop.eu\/wp-content\/uploads\/2020\/09\/profesionalni-scitnik-za-usesa-quad-pride-5241.jpeg","type":"image\/jpeg"}],"twitter_card":"summary_large_image","twitter_misc":{"Gesch\u00e4tzte Lesezeit":"1\u00a0Minute"},"schema":{"@context":"https:\/\/schema.org","@graph":[{"@type":"WebPage","@id":"https:\/\/prideshop.eu\/de\/shop\/sportarten\/ringen-sambo\/ringen-und-sambo-zubehor\/professionelle-ear-gear-quad-pride\/","url":"https:\/\/prideshop.eu\/de\/shop\/sportarten\/ringen-sambo\/ringen-und-sambo-zubehor\/professionelle-ear-gear-quad-pride\/","name":"Pro Ohren\u2011Sch\u00fctzer f\u00fcr Kampfsport Pride \u2013 ProGuard EVO - PRIDEshop","isPartOf":{"@id":"https:\/\/prideshop.eu\/de\/#website"},"primaryImageOfPage":{"@id":"https:\/\/prideshop.eu\/de\/shop\/sportarten\/ringen-sambo\/ringen-und-sambo-zubehor\/professionelle-ear-gear-quad-pride\/#primaryimage"},"image":{"@id":"https:\/\/prideshop.eu\/de\/shop\/sportarten\/ringen-sambo\/ringen-und-sambo-zubehor\/professionelle-ear-gear-quad-pride\/#primaryimage"},"thumbnailUrl":"https:\/\/prideshop.eu\/wp-content\/uploads\/2020\/09\/profesionalni-scitnik-za-usesa-quad-pride-5241.jpeg","datePublished":"2020-09-21T13:09:04+00:00","dateModified":"2025-08-04T08:57:44+00:00","description":"Professionelle Ear Gear - Quad IV \u2122 System, Pride. Professionelle Ohrenschutz Verhindern Sie Ohrenverletzungen w\u00e4hrend der Versteifung von Wrestling, Grappling, Sambu, BJJ, MMA...","breadcrumb":{"@id":"https:\/\/prideshop.eu\/de\/shop\/sportarten\/ringen-sambo\/ringen-und-sambo-zubehor\/professionelle-ear-gear-quad-pride\/#breadcrumb"},"inLanguage":"de","potentialAction":[{"@type":"ReadAction","target":["https:\/\/prideshop.eu\/de\/shop\/sportarten\/ringen-sambo\/ringen-und-sambo-zubehor\/professionelle-ear-gear-quad-pride\/"]}]},{"@type":"ImageObject","inLanguage":"de","@id":"https:\/\/prideshop.eu\/de\/shop\/sportarten\/ringen-sambo\/ringen-und-sambo-zubehor\/professionelle-ear-gear-quad-pride\/#primaryimage","url":"https:\/\/prideshop.eu\/wp-content\/uploads\/2020\/09\/profesionalni-scitnik-za-usesa-quad-pride-5241.jpeg","contentUrl":"https:\/\/prideshop.eu\/wp-content\/uploads\/2020\/09\/profesionalni-scitnik-za-usesa-quad-pride-5241.jpeg","width":600,"height":600,"caption":"Professionelle Ear Gear - Quad IV \u2122 System Pride"},{"@type":"BreadcrumbList","@id":"https:\/\/prideshop.eu\/de\/shop\/sportarten\/ringen-sambo\/ringen-und-sambo-zubehor\/professionelle-ear-gear-quad-pride\/#breadcrumb","itemListElement":[{"@type":"ListItem","position":1,"name":"Home","item":"https:\/\/prideshop.eu\/de\/"},{"@type":"ListItem","position":2,"name":"Gesch\u00e4ft","item":"https:\/\/prideshop.eu\/de\/geschaeft\/"},{"@type":"ListItem","position":3,"name":"Pro Ohren\u2011Sch\u00fctzer f\u00fcr Kampfsport Pride \u2013 ProGuard EVO"}]},{"@type":"WebSite","@id":"https:\/\/prideshop.eu\/de\/#website","url":"https:\/\/prideshop.eu\/de\/","name":"PRIDEshop","description":"Oprema za Borilne \u0160porte","publisher":{"@id":"https:\/\/prideshop.eu\/de\/#organization"},"potentialAction":[{"@type":"SearchAction","target":{"@type":"EntryPoint","urlTemplate":"https:\/\/prideshop.eu\/de\/?s={search_term_string}"},"query-input":{"@type":"PropertyValueSpecification","valueRequired":true,"valueName":"search_term_string"}}],"inLanguage":"de"},{"@type":"Organization","@id":"https:\/\/prideshop.eu\/de\/#organization","name":"PRIDEshop","url":"https:\/\/prideshop.eu\/de\/","logo":{"@type":"ImageObject","inLanguage":"de","@id":"https:\/\/prideshop.eu\/de\/#\/schema\/logo\/image\/","url":"","contentUrl":"","caption":"PRIDEshop"},"image":{"@id":"https:\/\/prideshop.eu\/de\/#\/schema\/logo\/image\/"},"sameAs":["https:\/\/sl-si.facebook.com\/PrideShopeu"]}]}},"_links":{"self":[{"href":"https:\/\/prideshop.eu\/de\/wp-json\/wp\/v2\/product\/11114","targetHints":{"allow":["GET"]}}],"collection":[{"href":"https:\/\/prideshop.eu\/de\/wp-json\/wp\/v2\/product"}],"about":[{"href":"https:\/\/prideshop.eu\/de\/wp-json\/wp\/v2\/types\/product"}],"replies":[{"embeddable":true,"href":"https:\/\/prideshop.eu\/de\/wp-json\/wp\/v2\/comments?post=11114"}],"wp:featuredmedia":[{"embeddable":true,"href":"https:\/\/prideshop.eu\/de\/wp-json\/wp\/v2\/media\/34205"}],"wp:attachment":[{"href":"https:\/\/prideshop.eu\/de\/wp-json\/wp\/v2\/media?parent=11114"}],"wp:term":[{"taxonomy":"product_brand","embeddable":true,"href":"https:\/\/prideshop.eu\/de\/wp-json\/wp\/v2\/product_brand?post=11114"},{"taxonomy":"product_cat","embeddable":true,"href":"https:\/\/prideshop.eu\/de\/wp-json\/wp\/v2\/product_cat?post=11114"},{"taxonomy":"product_tag","embeddable":true,"href":"https:\/\/prideshop.eu\/de\/wp-json\/wp\/v2\/product_tag?post=11114"}],"curies":[{"name":"wp","href":"https:\/\/api.w.org\/{rel}","templated":true}]}}