{"id":11294,"date":"2020-09-19T11:57:17","date_gmt":"2020-09-19T09:57:17","guid":{"rendered":"https:\/\/prideshop.eu\/spletna-trgovina\/unkategorisiert\/saunakleid-pride\/"},"modified":"2026-01-12T19:57:05","modified_gmt":"2026-01-12T18:57:05","slug":"saunakleid-pride","status":"publish","type":"product","link":"https:\/\/prideshop.eu\/de\/shop\/sportarten\/itf-taekwondo-traditonelles-taekwondo\/taekwondo-zubehor-itf\/saunakleid-pride\/","title":{"rendered":"Schwitzanzug Pride \u2013 SlimTherm\u202fX"},"content":{"rendered":"<h3>Schwitzanzug Pride \u2013 SlimTherm\u202fX<\/h3>\n<p>Saunakleid, Pride ist f\u00fcr beschleunigtes Schwitzen beim Training und damit zus\u00e4tzlichen Fl\u00fcssigkeits\u2013 und Kalorienverlust gedacht. Saunaanzug besteht aus zwei Teilen. Der obere Teil und elastische Hose in der Taille. Auch der Bereich an den Hand\u2013 und Fu\u00dfgelenken ist mit Gummiz\u00fcgen ausgestattet, sodass das Kleidungsst\u00fcck am ganzen K\u00f6rper wirklich wie eine Sauna wirkt. Die Kleidung besteht aus strapazierf\u00e4higem PVC\u2013Material und der Schnitt behindert Ihre sportlichen Aktivit\u00e4ten nicht.<\/p>\n","protected":false},"excerpt":{"rendered":"<p>Saunakleid, Pride ist f\u00fcr beschleunigtes Schwitzen beim Training und damit zus\u00e4tzlichen Fl\u00fcssigkeits\u2013 und Kalorienverlust gedacht. Saunaanzug besteht aus zwei Teilen. Der obere Teil und elastische Hose in der Taille. Auch der Bereich an den Hand\u2013 und Fu\u00dfgelenken ist mit Gummiz\u00fcgen ausgestattet, sodass das Kleidungsst\u00fcck am ganzen K\u00f6rper wirklich wie eine Sauna wirkt. Die Kleidung besteht aus strapazierf\u00e4higem PVC\u2013Material und der Schnitt behindert Ihre sportlichen Aktivit\u00e4ten nicht.<\/p>\n","protected":false},"featured_media":22189,"comment_status":"open","ping_status":"closed","template":"","meta":{"_acf_changed":false},"product_brand":[2086],"product_cat":[664,674,580,596,590,788,690,692,700,702,710,1906,722,724,744,746,588,656,756,790,758,778,780,582],"product_tag":[],"class_list":{"0":"post-11294","1":"product","2":"type-product","3":"status-publish","4":"has-post-thumbnail","6":"product_brand-pride","7":"product_cat-boxen","8":"product_cat-boxen-zubehor","9":"product_cat-equipment-de","10":"product_cat-fitness-accesories","11":"product_cat-fitness-in-cross-trening-de","12":"product_cat-itf-taekwondo-traditonelles-taekwondo","13":"product_cat-ju-jitsu-de","14":"product_cat-ju-jutsu-zubehor","15":"product_cat-judo-de","16":"product_cat-judo-zubehor","17":"product_cat-karate-ausruestung","18":"product_cat-karate-bekleidung-zubehoer","19":"product_cat-kickboxen","20":"product_cat-kickboxen-zubehor","21":"product_cat-mma-ultimate-fight-de","22":"product_cat-mma-ultimate-fight-zubehor","23":"product_cat-sonstiges","24":"product_cat-sportarten","25":"product_cat-taekwondo-wt-olypic-sports","26":"product_cat-taekwondo-zubehor-itf","27":"product_cat-taekwondo-zubehor-wt","28":"product_cat-thaiboxen","29":"product_cat-thaiboxen-zubehor","30":"product_cat-zusatzlische-angebote","32":"first","33":"outofstock","34":"taxable","35":"shipping-taxable","36":"product-type-variable"},"acf":[],"yoast_head":"<!-- This site is optimized with the Yoast SEO plugin v27.5 - https:\/\/yoast.com\/product\/yoast-seo-wordpress\/ -->\n<title>Schwitzanzug Pride \u2013 SlimTherm\u202fX - PRIDEshop<\/title>\n<meta name=\"description\" content=\"Saunakleid, Pride. Ist f\u00fcr beschleunigtes Schwitzen beim Training und damit zus\u00e4tzlichen Fl\u00fcssigkeits- und Kalorienverlust gedacht.\" \/>\n<meta name=\"robots\" content=\"index, follow, max-snippet:-1, max-image-preview:large, max-video-preview:-1\" \/>\n<link rel=\"canonical\" href=\"https:\/\/prideshop.eu\/de\/shop\/sportarten\/itf-taekwondo-traditonelles-taekwondo\/taekwondo-zubehor-itf\/saunakleid-pride\/\" \/>\n<meta property=\"og:locale\" content=\"de_DE\" \/>\n<meta property=\"og:type\" content=\"article\" \/>\n<meta property=\"og:title\" content=\"Schwitzanzug Pride \u2013 SlimTherm\u202fX - PRIDEshop\" \/>\n<meta property=\"og:description\" content=\"Saunakleid, Pride. Ist f\u00fcr beschleunigtes Schwitzen beim Training und damit zus\u00e4tzlichen Fl\u00fcssigkeits- und Kalorienverlust gedacht.\" \/>\n<meta property=\"og:url\" content=\"https:\/\/prideshop.eu\/de\/shop\/sportarten\/itf-taekwondo-traditonelles-taekwondo\/taekwondo-zubehor-itf\/saunakleid-pride\/\" \/>\n<meta property=\"og:site_name\" content=\"PRIDEshop\" \/>\n<meta property=\"article:publisher\" content=\"https:\/\/sl-si.facebook.com\/PrideShopeu\" \/>\n<meta property=\"article:modified_time\" content=\"2026-01-12T18:57:05+00:00\" \/>\n<meta property=\"og:image\" content=\"https:\/\/prideshop.eu\/wp-content\/uploads\/2020\/09\/savna-obleka-pride-7064.jpeg\" \/>\n\t<meta property=\"og:image:width\" content=\"600\" \/>\n\t<meta property=\"og:image:height\" content=\"600\" \/>\n\t<meta property=\"og:image:type\" content=\"image\/jpeg\" \/>\n<meta name=\"twitter:card\" content=\"summary_large_image\" \/>\n<script type=\"application\/ld+json\" class=\"yoast-schema-graph\">{\"@context\":\"https:\\\/\\\/schema.org\",\"@graph\":[{\"@type\":\"WebPage\",\"@id\":\"https:\\\/\\\/prideshop.eu\\\/de\\\/shop\\\/sportarten\\\/itf-taekwondo-traditonelles-taekwondo\\\/taekwondo-zubehor-itf\\\/saunakleid-pride\\\/\",\"url\":\"https:\\\/\\\/prideshop.eu\\\/de\\\/shop\\\/sportarten\\\/itf-taekwondo-traditonelles-taekwondo\\\/taekwondo-zubehor-itf\\\/saunakleid-pride\\\/\",\"name\":\"Schwitzanzug Pride \u2013 SlimTherm\u202fX - PRIDEshop\",\"isPartOf\":{\"@id\":\"https:\\\/\\\/prideshop.eu\\\/de\\\/#website\"},\"primaryImageOfPage\":{\"@id\":\"https:\\\/\\\/prideshop.eu\\\/de\\\/shop\\\/sportarten\\\/itf-taekwondo-traditonelles-taekwondo\\\/taekwondo-zubehor-itf\\\/saunakleid-pride\\\/#primaryimage\"},\"image\":{\"@id\":\"https:\\\/\\\/prideshop.eu\\\/de\\\/shop\\\/sportarten\\\/itf-taekwondo-traditonelles-taekwondo\\\/taekwondo-zubehor-itf\\\/saunakleid-pride\\\/#primaryimage\"},\"thumbnailUrl\":\"https:\\\/\\\/prideshop.eu\\\/wp-content\\\/uploads\\\/2020\\\/09\\\/savna-obleka-pride-7064.jpeg\",\"datePublished\":\"2020-09-19T09:57:17+00:00\",\"dateModified\":\"2026-01-12T18:57:05+00:00\",\"description\":\"Saunakleid, Pride. Ist f\u00fcr beschleunigtes Schwitzen beim Training und damit zus\u00e4tzlichen Fl\u00fcssigkeits- und Kalorienverlust gedacht.\",\"breadcrumb\":{\"@id\":\"https:\\\/\\\/prideshop.eu\\\/de\\\/shop\\\/sportarten\\\/itf-taekwondo-traditonelles-taekwondo\\\/taekwondo-zubehor-itf\\\/saunakleid-pride\\\/#breadcrumb\"},\"inLanguage\":\"de\",\"potentialAction\":[{\"@type\":\"ReadAction\",\"target\":[\"https:\\\/\\\/prideshop.eu\\\/de\\\/shop\\\/sportarten\\\/itf-taekwondo-traditonelles-taekwondo\\\/taekwondo-zubehor-itf\\\/saunakleid-pride\\\/\"]}]},{\"@type\":\"ImageObject\",\"inLanguage\":\"de\",\"@id\":\"https:\\\/\\\/prideshop.eu\\\/de\\\/shop\\\/sportarten\\\/itf-taekwondo-traditonelles-taekwondo\\\/taekwondo-zubehor-itf\\\/saunakleid-pride\\\/#primaryimage\",\"url\":\"https:\\\/\\\/prideshop.eu\\\/wp-content\\\/uploads\\\/2020\\\/09\\\/savna-obleka-pride-7064.jpeg\",\"contentUrl\":\"https:\\\/\\\/prideshop.eu\\\/wp-content\\\/uploads\\\/2020\\\/09\\\/savna-obleka-pride-7064.jpeg\",\"width\":600,\"height\":600,\"caption\":\"Saunakleid Pride Jacke und Hose im Set\"},{\"@type\":\"BreadcrumbList\",\"@id\":\"https:\\\/\\\/prideshop.eu\\\/de\\\/shop\\\/sportarten\\\/itf-taekwondo-traditonelles-taekwondo\\\/taekwondo-zubehor-itf\\\/saunakleid-pride\\\/#breadcrumb\",\"itemListElement\":[{\"@type\":\"ListItem\",\"position\":1,\"name\":\"Home\",\"item\":\"https:\\\/\\\/prideshop.eu\\\/de\\\/\"},{\"@type\":\"ListItem\",\"position\":2,\"name\":\"Gesch\u00e4ft\",\"item\":\"https:\\\/\\\/prideshop.eu\\\/de\\\/geschaeft\\\/\"},{\"@type\":\"ListItem\",\"position\":3,\"name\":\"Schwitzanzug Pride \u2013 SlimTherm\u202fX\"}]},{\"@type\":\"WebSite\",\"@id\":\"https:\\\/\\\/prideshop.eu\\\/de\\\/#website\",\"url\":\"https:\\\/\\\/prideshop.eu\\\/de\\\/\",\"name\":\"PRIDEshop\",\"description\":\"Oprema za Borilne \u0160porte\",\"publisher\":{\"@id\":\"https:\\\/\\\/prideshop.eu\\\/de\\\/#organization\"},\"potentialAction\":[{\"@type\":\"SearchAction\",\"target\":{\"@type\":\"EntryPoint\",\"urlTemplate\":\"https:\\\/\\\/prideshop.eu\\\/de\\\/?s={search_term_string}\"},\"query-input\":{\"@type\":\"PropertyValueSpecification\",\"valueRequired\":true,\"valueName\":\"search_term_string\"}}],\"inLanguage\":\"de\"},{\"@type\":\"Organization\",\"@id\":\"https:\\\/\\\/prideshop.eu\\\/de\\\/#organization\",\"name\":\"PRIDEshop\",\"url\":\"https:\\\/\\\/prideshop.eu\\\/de\\\/\",\"logo\":{\"@type\":\"ImageObject\",\"inLanguage\":\"de\",\"@id\":\"https:\\\/\\\/prideshop.eu\\\/de\\\/#\\\/schema\\\/logo\\\/image\\\/\",\"url\":\"\",\"contentUrl\":\"\",\"caption\":\"PRIDEshop\"},\"image\":{\"@id\":\"https:\\\/\\\/prideshop.eu\\\/de\\\/#\\\/schema\\\/logo\\\/image\\\/\"},\"sameAs\":[\"https:\\\/\\\/sl-si.facebook.com\\\/PrideShopeu\"]}]}<\/script>\n<!-- \/ Yoast SEO plugin. -->","yoast_head_json":{"title":"Schwitzanzug Pride \u2013 SlimTherm\u202fX - PRIDEshop","description":"Saunakleid, Pride. Ist f\u00fcr beschleunigtes Schwitzen beim Training und damit zus\u00e4tzlichen Fl\u00fcssigkeits- und Kalorienverlust gedacht.","robots":{"index":"index","follow":"follow","max-snippet":"max-snippet:-1","max-image-preview":"max-image-preview:large","max-video-preview":"max-video-preview:-1"},"canonical":"https:\/\/prideshop.eu\/de\/shop\/sportarten\/itf-taekwondo-traditonelles-taekwondo\/taekwondo-zubehor-itf\/saunakleid-pride\/","og_locale":"de_DE","og_type":"article","og_title":"Schwitzanzug Pride \u2013 SlimTherm\u202fX - PRIDEshop","og_description":"Saunakleid, Pride. Ist f\u00fcr beschleunigtes Schwitzen beim Training und damit zus\u00e4tzlichen Fl\u00fcssigkeits- und Kalorienverlust gedacht.","og_url":"https:\/\/prideshop.eu\/de\/shop\/sportarten\/itf-taekwondo-traditonelles-taekwondo\/taekwondo-zubehor-itf\/saunakleid-pride\/","og_site_name":"PRIDEshop","article_publisher":"https:\/\/sl-si.facebook.com\/PrideShopeu","article_modified_time":"2026-01-12T18:57:05+00:00","og_image":[{"width":600,"height":600,"url":"https:\/\/prideshop.eu\/wp-content\/uploads\/2020\/09\/savna-obleka-pride-7064.jpeg","type":"image\/jpeg"}],"twitter_card":"summary_large_image","schema":{"@context":"https:\/\/schema.org","@graph":[{"@type":"WebPage","@id":"https:\/\/prideshop.eu\/de\/shop\/sportarten\/itf-taekwondo-traditonelles-taekwondo\/taekwondo-zubehor-itf\/saunakleid-pride\/","url":"https:\/\/prideshop.eu\/de\/shop\/sportarten\/itf-taekwondo-traditonelles-taekwondo\/taekwondo-zubehor-itf\/saunakleid-pride\/","name":"Schwitzanzug Pride \u2013 SlimTherm\u202fX - PRIDEshop","isPartOf":{"@id":"https:\/\/prideshop.eu\/de\/#website"},"primaryImageOfPage":{"@id":"https:\/\/prideshop.eu\/de\/shop\/sportarten\/itf-taekwondo-traditonelles-taekwondo\/taekwondo-zubehor-itf\/saunakleid-pride\/#primaryimage"},"image":{"@id":"https:\/\/prideshop.eu\/de\/shop\/sportarten\/itf-taekwondo-traditonelles-taekwondo\/taekwondo-zubehor-itf\/saunakleid-pride\/#primaryimage"},"thumbnailUrl":"https:\/\/prideshop.eu\/wp-content\/uploads\/2020\/09\/savna-obleka-pride-7064.jpeg","datePublished":"2020-09-19T09:57:17+00:00","dateModified":"2026-01-12T18:57:05+00:00","description":"Saunakleid, Pride. Ist f\u00fcr beschleunigtes Schwitzen beim Training und damit zus\u00e4tzlichen Fl\u00fcssigkeits- und Kalorienverlust gedacht.","breadcrumb":{"@id":"https:\/\/prideshop.eu\/de\/shop\/sportarten\/itf-taekwondo-traditonelles-taekwondo\/taekwondo-zubehor-itf\/saunakleid-pride\/#breadcrumb"},"inLanguage":"de","potentialAction":[{"@type":"ReadAction","target":["https:\/\/prideshop.eu\/de\/shop\/sportarten\/itf-taekwondo-traditonelles-taekwondo\/taekwondo-zubehor-itf\/saunakleid-pride\/"]}]},{"@type":"ImageObject","inLanguage":"de","@id":"https:\/\/prideshop.eu\/de\/shop\/sportarten\/itf-taekwondo-traditonelles-taekwondo\/taekwondo-zubehor-itf\/saunakleid-pride\/#primaryimage","url":"https:\/\/prideshop.eu\/wp-content\/uploads\/2020\/09\/savna-obleka-pride-7064.jpeg","contentUrl":"https:\/\/prideshop.eu\/wp-content\/uploads\/2020\/09\/savna-obleka-pride-7064.jpeg","width":600,"height":600,"caption":"Saunakleid Pride Jacke und Hose im Set"},{"@type":"BreadcrumbList","@id":"https:\/\/prideshop.eu\/de\/shop\/sportarten\/itf-taekwondo-traditonelles-taekwondo\/taekwondo-zubehor-itf\/saunakleid-pride\/#breadcrumb","itemListElement":[{"@type":"ListItem","position":1,"name":"Home","item":"https:\/\/prideshop.eu\/de\/"},{"@type":"ListItem","position":2,"name":"Gesch\u00e4ft","item":"https:\/\/prideshop.eu\/de\/geschaeft\/"},{"@type":"ListItem","position":3,"name":"Schwitzanzug Pride \u2013 SlimTherm\u202fX"}]},{"@type":"WebSite","@id":"https:\/\/prideshop.eu\/de\/#website","url":"https:\/\/prideshop.eu\/de\/","name":"PRIDEshop","description":"Oprema za Borilne \u0160porte","publisher":{"@id":"https:\/\/prideshop.eu\/de\/#organization"},"potentialAction":[{"@type":"SearchAction","target":{"@type":"EntryPoint","urlTemplate":"https:\/\/prideshop.eu\/de\/?s={search_term_string}"},"query-input":{"@type":"PropertyValueSpecification","valueRequired":true,"valueName":"search_term_string"}}],"inLanguage":"de"},{"@type":"Organization","@id":"https:\/\/prideshop.eu\/de\/#organization","name":"PRIDEshop","url":"https:\/\/prideshop.eu\/de\/","logo":{"@type":"ImageObject","inLanguage":"de","@id":"https:\/\/prideshop.eu\/de\/#\/schema\/logo\/image\/","url":"","contentUrl":"","caption":"PRIDEshop"},"image":{"@id":"https:\/\/prideshop.eu\/de\/#\/schema\/logo\/image\/"},"sameAs":["https:\/\/sl-si.facebook.com\/PrideShopeu"]}]}},"_links":{"self":[{"href":"https:\/\/prideshop.eu\/de\/wp-json\/wp\/v2\/product\/11294","targetHints":{"allow":["GET"]}}],"collection":[{"href":"https:\/\/prideshop.eu\/de\/wp-json\/wp\/v2\/product"}],"about":[{"href":"https:\/\/prideshop.eu\/de\/wp-json\/wp\/v2\/types\/product"}],"replies":[{"embeddable":true,"href":"https:\/\/prideshop.eu\/de\/wp-json\/wp\/v2\/comments?post=11294"}],"wp:featuredmedia":[{"embeddable":true,"href":"https:\/\/prideshop.eu\/de\/wp-json\/wp\/v2\/media\/22189"}],"wp:attachment":[{"href":"https:\/\/prideshop.eu\/de\/wp-json\/wp\/v2\/media?parent=11294"}],"wp:term":[{"taxonomy":"product_brand","embeddable":true,"href":"https:\/\/prideshop.eu\/de\/wp-json\/wp\/v2\/product_brand?post=11294"},{"taxonomy":"product_cat","embeddable":true,"href":"https:\/\/prideshop.eu\/de\/wp-json\/wp\/v2\/product_cat?post=11294"},{"taxonomy":"product_tag","embeddable":true,"href":"https:\/\/prideshop.eu\/de\/wp-json\/wp\/v2\/product_tag?post=11294"}],"curies":[{"name":"wp","href":"https:\/\/api.w.org\/{rel}","templated":true}]}}