{"id":11300,"date":"2020-09-16T17:19:09","date_gmt":"2020-09-16T15:19:09","guid":{"rendered":"https:\/\/prideshop.eu\/spletna-trgovina\/unkategorisiert\/ubungsrad-pride\/"},"modified":"2025-08-04T10:58:25","modified_gmt":"2025-08-04T08:58:25","slug":"ubungsrad-pride","status":"publish","type":"product","link":"https:\/\/prideshop.eu\/de\/shop\/equipment-de\/fitness-in-cross-trening-de\/fitness-accesories\/ubungsrad-pride\/","title":{"rendered":"Bauchroller Pride \u2013 CoreRoller Pro"},"content":{"rendered":"<h3>Bauchroller Pride \u2013 CoreRoller Pro<\/h3>\n<p>\u00dcbungsrad, Pride. Rad zur St\u00e4rkung der Muskulatur, bietet eine sehr effektive Kr\u00e4ftigung der Bauchmuskulatur, der Arme sowie der Brust\u2013 und R\u00fcckenmuskulatur. Durch regelm\u00e4\u00dfiges Training formen Sie Ihre Taille und st\u00e4rken Ihre Arme, Schultern und R\u00fccken. Dies ist eine einfache \u00dcbung, um au\u00dfergew\u00f6hnliche Bauchmuskeln und andere Muskeln aufzubauen. Alles was Sie tun m\u00fcssen, ist das Rad zu schieben und zur\u00fcckziehen. Das Rad ist ein handliches Ger\u00e4t, das Sie \u00fcberall verwenden k\u00f6nnen. Zu Hause oder auf Reisen.<\/p>\n","protected":false},"excerpt":{"rendered":"<p>\u00dcbungsrad, Pride. Rad zur St\u00e4rkung der Muskulatur, bietet eine sehr effektive Kr\u00e4ftigung der Bauchmuskulatur, der Arme sowie der Brust\u2013 und R\u00fcckenmuskulatur. Durch regelm\u00e4\u00dfiges Training formen Sie Ihre Taille und st\u00e4rken Ihre Arme, Schultern und R\u00fccken. Dies ist eine einfache \u00dcbung, um au\u00dfergew\u00f6hnliche Bauchmuskeln und andere Muskeln aufzubauen. Alles was Sie tun m\u00fcssen, ist das Rad zu schieben und zur\u00fcckziehen. Das Rad ist ein handliches Ger\u00e4t, das Sie \u00fcberall verwenden k\u00f6nnen. Zu Hause oder auf Reisen.<\/p>\n","protected":false},"featured_media":35679,"comment_status":"open","ping_status":"closed","template":"","meta":{"_acf_changed":false},"product_brand":[2086],"product_cat":[580,596,590],"product_tag":[],"class_list":{"0":"post-11300","1":"product","2":"type-product","3":"status-publish","4":"has-post-thumbnail","6":"product_brand-pride","7":"product_cat-equipment-de","8":"product_cat-fitness-accesories","9":"product_cat-fitness-in-cross-trening-de","11":"first","12":"instock","13":"taxable","14":"shipping-taxable","15":"purchasable","16":"product-type-simple"},"acf":[],"yoast_head":"<!-- This site is optimized with the Yoast SEO plugin v27.5 - https:\/\/yoast.com\/product\/yoast-seo-wordpress\/ -->\n<title>Bauchroller Pride \u2013 CoreRoller Pro - PRIDEshop<\/title>\n<meta name=\"description\" content=\"\u00dcbungsrad, Pride. Rad zur St\u00e4rkung der Muskulatur, bietet eine sehr effektive Kr\u00e4ftigung der Bauchmuskulatur, der Arme sowie der Brust- und R\u00fcckenmuskulatur.\" \/>\n<meta name=\"robots\" content=\"index, follow, max-snippet:-1, max-image-preview:large, max-video-preview:-1\" \/>\n<link rel=\"canonical\" href=\"https:\/\/prideshop.eu\/de\/shop\/equipment-de\/fitness-in-cross-trening-de\/fitness-accesories\/ubungsrad-pride\/\" \/>\n<meta property=\"og:locale\" content=\"de_DE\" \/>\n<meta property=\"og:type\" content=\"article\" \/>\n<meta property=\"og:title\" content=\"Bauchroller Pride \u2013 CoreRoller Pro - PRIDEshop\" \/>\n<meta property=\"og:description\" content=\"\u00dcbungsrad, Pride. Rad zur St\u00e4rkung der Muskulatur, bietet eine sehr effektive Kr\u00e4ftigung der Bauchmuskulatur, der Arme sowie der Brust- und R\u00fcckenmuskulatur.\" \/>\n<meta property=\"og:url\" content=\"https:\/\/prideshop.eu\/de\/shop\/equipment-de\/fitness-in-cross-trening-de\/fitness-accesories\/ubungsrad-pride\/\" \/>\n<meta property=\"og:site_name\" content=\"PRIDEshop\" \/>\n<meta property=\"article:publisher\" content=\"https:\/\/sl-si.facebook.com\/PrideShopeu\" \/>\n<meta property=\"article:modified_time\" content=\"2025-08-04T08:58:25+00:00\" \/>\n<meta property=\"og:image\" content=\"https:\/\/prideshop.eu\/wp-content\/uploads\/2020\/09\/kolo-za-krepitev-misic-pride-7072.jpeg\" \/>\n\t<meta property=\"og:image:width\" content=\"600\" \/>\n\t<meta property=\"og:image:height\" content=\"600\" \/>\n\t<meta property=\"og:image:type\" content=\"image\/jpeg\" \/>\n<meta name=\"twitter:card\" content=\"summary_large_image\" \/>\n<script type=\"application\/ld+json\" class=\"yoast-schema-graph\">{\"@context\":\"https:\\\/\\\/schema.org\",\"@graph\":[{\"@type\":\"WebPage\",\"@id\":\"https:\\\/\\\/prideshop.eu\\\/de\\\/shop\\\/equipment-de\\\/fitness-in-cross-trening-de\\\/fitness-accesories\\\/ubungsrad-pride\\\/\",\"url\":\"https:\\\/\\\/prideshop.eu\\\/de\\\/shop\\\/equipment-de\\\/fitness-in-cross-trening-de\\\/fitness-accesories\\\/ubungsrad-pride\\\/\",\"name\":\"Bauchroller Pride \u2013 CoreRoller Pro - PRIDEshop\",\"isPartOf\":{\"@id\":\"https:\\\/\\\/prideshop.eu\\\/de\\\/#website\"},\"primaryImageOfPage\":{\"@id\":\"https:\\\/\\\/prideshop.eu\\\/de\\\/shop\\\/equipment-de\\\/fitness-in-cross-trening-de\\\/fitness-accesories\\\/ubungsrad-pride\\\/#primaryimage\"},\"image\":{\"@id\":\"https:\\\/\\\/prideshop.eu\\\/de\\\/shop\\\/equipment-de\\\/fitness-in-cross-trening-de\\\/fitness-accesories\\\/ubungsrad-pride\\\/#primaryimage\"},\"thumbnailUrl\":\"https:\\\/\\\/prideshop.eu\\\/wp-content\\\/uploads\\\/2020\\\/09\\\/kolo-za-krepitev-misic-pride-7072.jpeg\",\"datePublished\":\"2020-09-16T15:19:09+00:00\",\"dateModified\":\"2025-08-04T08:58:25+00:00\",\"description\":\"\u00dcbungsrad, Pride. Rad zur St\u00e4rkung der Muskulatur, bietet eine sehr effektive Kr\u00e4ftigung der Bauchmuskulatur, der Arme sowie der Brust- und R\u00fcckenmuskulatur.\",\"breadcrumb\":{\"@id\":\"https:\\\/\\\/prideshop.eu\\\/de\\\/shop\\\/equipment-de\\\/fitness-in-cross-trening-de\\\/fitness-accesories\\\/ubungsrad-pride\\\/#breadcrumb\"},\"inLanguage\":\"de\",\"potentialAction\":[{\"@type\":\"ReadAction\",\"target\":[\"https:\\\/\\\/prideshop.eu\\\/de\\\/shop\\\/equipment-de\\\/fitness-in-cross-trening-de\\\/fitness-accesories\\\/ubungsrad-pride\\\/\"]}]},{\"@type\":\"ImageObject\",\"inLanguage\":\"de\",\"@id\":\"https:\\\/\\\/prideshop.eu\\\/de\\\/shop\\\/equipment-de\\\/fitness-in-cross-trening-de\\\/fitness-accesories\\\/ubungsrad-pride\\\/#primaryimage\",\"url\":\"https:\\\/\\\/prideshop.eu\\\/wp-content\\\/uploads\\\/2020\\\/09\\\/kolo-za-krepitev-misic-pride-7072.jpeg\",\"contentUrl\":\"https:\\\/\\\/prideshop.eu\\\/wp-content\\\/uploads\\\/2020\\\/09\\\/kolo-za-krepitev-misic-pride-7072.jpeg\",\"width\":600,\"height\":600,\"caption\":\"\u00dcbungsrad Pride\"},{\"@type\":\"BreadcrumbList\",\"@id\":\"https:\\\/\\\/prideshop.eu\\\/de\\\/shop\\\/equipment-de\\\/fitness-in-cross-trening-de\\\/fitness-accesories\\\/ubungsrad-pride\\\/#breadcrumb\",\"itemListElement\":[{\"@type\":\"ListItem\",\"position\":1,\"name\":\"Home\",\"item\":\"https:\\\/\\\/prideshop.eu\\\/de\\\/\"},{\"@type\":\"ListItem\",\"position\":2,\"name\":\"Gesch\u00e4ft\",\"item\":\"https:\\\/\\\/prideshop.eu\\\/de\\\/geschaeft\\\/\"},{\"@type\":\"ListItem\",\"position\":3,\"name\":\"Bauchroller Pride \u2013 CoreRoller Pro\"}]},{\"@type\":\"WebSite\",\"@id\":\"https:\\\/\\\/prideshop.eu\\\/de\\\/#website\",\"url\":\"https:\\\/\\\/prideshop.eu\\\/de\\\/\",\"name\":\"PRIDEshop\",\"description\":\"Oprema za Borilne \u0160porte\",\"publisher\":{\"@id\":\"https:\\\/\\\/prideshop.eu\\\/de\\\/#organization\"},\"potentialAction\":[{\"@type\":\"SearchAction\",\"target\":{\"@type\":\"EntryPoint\",\"urlTemplate\":\"https:\\\/\\\/prideshop.eu\\\/de\\\/?s={search_term_string}\"},\"query-input\":{\"@type\":\"PropertyValueSpecification\",\"valueRequired\":true,\"valueName\":\"search_term_string\"}}],\"inLanguage\":\"de\"},{\"@type\":\"Organization\",\"@id\":\"https:\\\/\\\/prideshop.eu\\\/de\\\/#organization\",\"name\":\"PRIDEshop\",\"url\":\"https:\\\/\\\/prideshop.eu\\\/de\\\/\",\"logo\":{\"@type\":\"ImageObject\",\"inLanguage\":\"de\",\"@id\":\"https:\\\/\\\/prideshop.eu\\\/de\\\/#\\\/schema\\\/logo\\\/image\\\/\",\"url\":\"\",\"contentUrl\":\"\",\"caption\":\"PRIDEshop\"},\"image\":{\"@id\":\"https:\\\/\\\/prideshop.eu\\\/de\\\/#\\\/schema\\\/logo\\\/image\\\/\"},\"sameAs\":[\"https:\\\/\\\/sl-si.facebook.com\\\/PrideShopeu\"]}]}<\/script>\n<!-- \/ Yoast SEO plugin. -->","yoast_head_json":{"title":"Bauchroller Pride \u2013 CoreRoller Pro - PRIDEshop","description":"\u00dcbungsrad, Pride. Rad zur St\u00e4rkung der Muskulatur, bietet eine sehr effektive Kr\u00e4ftigung der Bauchmuskulatur, der Arme sowie der Brust- und R\u00fcckenmuskulatur.","robots":{"index":"index","follow":"follow","max-snippet":"max-snippet:-1","max-image-preview":"max-image-preview:large","max-video-preview":"max-video-preview:-1"},"canonical":"https:\/\/prideshop.eu\/de\/shop\/equipment-de\/fitness-in-cross-trening-de\/fitness-accesories\/ubungsrad-pride\/","og_locale":"de_DE","og_type":"article","og_title":"Bauchroller Pride \u2013 CoreRoller Pro - PRIDEshop","og_description":"\u00dcbungsrad, Pride. Rad zur St\u00e4rkung der Muskulatur, bietet eine sehr effektive Kr\u00e4ftigung der Bauchmuskulatur, der Arme sowie der Brust- und R\u00fcckenmuskulatur.","og_url":"https:\/\/prideshop.eu\/de\/shop\/equipment-de\/fitness-in-cross-trening-de\/fitness-accesories\/ubungsrad-pride\/","og_site_name":"PRIDEshop","article_publisher":"https:\/\/sl-si.facebook.com\/PrideShopeu","article_modified_time":"2025-08-04T08:58:25+00:00","og_image":[{"width":600,"height":600,"url":"https:\/\/prideshop.eu\/wp-content\/uploads\/2020\/09\/kolo-za-krepitev-misic-pride-7072.jpeg","type":"image\/jpeg"}],"twitter_card":"summary_large_image","schema":{"@context":"https:\/\/schema.org","@graph":[{"@type":"WebPage","@id":"https:\/\/prideshop.eu\/de\/shop\/equipment-de\/fitness-in-cross-trening-de\/fitness-accesories\/ubungsrad-pride\/","url":"https:\/\/prideshop.eu\/de\/shop\/equipment-de\/fitness-in-cross-trening-de\/fitness-accesories\/ubungsrad-pride\/","name":"Bauchroller Pride \u2013 CoreRoller Pro - PRIDEshop","isPartOf":{"@id":"https:\/\/prideshop.eu\/de\/#website"},"primaryImageOfPage":{"@id":"https:\/\/prideshop.eu\/de\/shop\/equipment-de\/fitness-in-cross-trening-de\/fitness-accesories\/ubungsrad-pride\/#primaryimage"},"image":{"@id":"https:\/\/prideshop.eu\/de\/shop\/equipment-de\/fitness-in-cross-trening-de\/fitness-accesories\/ubungsrad-pride\/#primaryimage"},"thumbnailUrl":"https:\/\/prideshop.eu\/wp-content\/uploads\/2020\/09\/kolo-za-krepitev-misic-pride-7072.jpeg","datePublished":"2020-09-16T15:19:09+00:00","dateModified":"2025-08-04T08:58:25+00:00","description":"\u00dcbungsrad, Pride. Rad zur St\u00e4rkung der Muskulatur, bietet eine sehr effektive Kr\u00e4ftigung der Bauchmuskulatur, der Arme sowie der Brust- und R\u00fcckenmuskulatur.","breadcrumb":{"@id":"https:\/\/prideshop.eu\/de\/shop\/equipment-de\/fitness-in-cross-trening-de\/fitness-accesories\/ubungsrad-pride\/#breadcrumb"},"inLanguage":"de","potentialAction":[{"@type":"ReadAction","target":["https:\/\/prideshop.eu\/de\/shop\/equipment-de\/fitness-in-cross-trening-de\/fitness-accesories\/ubungsrad-pride\/"]}]},{"@type":"ImageObject","inLanguage":"de","@id":"https:\/\/prideshop.eu\/de\/shop\/equipment-de\/fitness-in-cross-trening-de\/fitness-accesories\/ubungsrad-pride\/#primaryimage","url":"https:\/\/prideshop.eu\/wp-content\/uploads\/2020\/09\/kolo-za-krepitev-misic-pride-7072.jpeg","contentUrl":"https:\/\/prideshop.eu\/wp-content\/uploads\/2020\/09\/kolo-za-krepitev-misic-pride-7072.jpeg","width":600,"height":600,"caption":"\u00dcbungsrad Pride"},{"@type":"BreadcrumbList","@id":"https:\/\/prideshop.eu\/de\/shop\/equipment-de\/fitness-in-cross-trening-de\/fitness-accesories\/ubungsrad-pride\/#breadcrumb","itemListElement":[{"@type":"ListItem","position":1,"name":"Home","item":"https:\/\/prideshop.eu\/de\/"},{"@type":"ListItem","position":2,"name":"Gesch\u00e4ft","item":"https:\/\/prideshop.eu\/de\/geschaeft\/"},{"@type":"ListItem","position":3,"name":"Bauchroller Pride \u2013 CoreRoller Pro"}]},{"@type":"WebSite","@id":"https:\/\/prideshop.eu\/de\/#website","url":"https:\/\/prideshop.eu\/de\/","name":"PRIDEshop","description":"Oprema za Borilne \u0160porte","publisher":{"@id":"https:\/\/prideshop.eu\/de\/#organization"},"potentialAction":[{"@type":"SearchAction","target":{"@type":"EntryPoint","urlTemplate":"https:\/\/prideshop.eu\/de\/?s={search_term_string}"},"query-input":{"@type":"PropertyValueSpecification","valueRequired":true,"valueName":"search_term_string"}}],"inLanguage":"de"},{"@type":"Organization","@id":"https:\/\/prideshop.eu\/de\/#organization","name":"PRIDEshop","url":"https:\/\/prideshop.eu\/de\/","logo":{"@type":"ImageObject","inLanguage":"de","@id":"https:\/\/prideshop.eu\/de\/#\/schema\/logo\/image\/","url":"","contentUrl":"","caption":"PRIDEshop"},"image":{"@id":"https:\/\/prideshop.eu\/de\/#\/schema\/logo\/image\/"},"sameAs":["https:\/\/sl-si.facebook.com\/PrideShopeu"]}]}},"_links":{"self":[{"href":"https:\/\/prideshop.eu\/de\/wp-json\/wp\/v2\/product\/11300","targetHints":{"allow":["GET"]}}],"collection":[{"href":"https:\/\/prideshop.eu\/de\/wp-json\/wp\/v2\/product"}],"about":[{"href":"https:\/\/prideshop.eu\/de\/wp-json\/wp\/v2\/types\/product"}],"replies":[{"embeddable":true,"href":"https:\/\/prideshop.eu\/de\/wp-json\/wp\/v2\/comments?post=11300"}],"wp:featuredmedia":[{"embeddable":true,"href":"https:\/\/prideshop.eu\/de\/wp-json\/wp\/v2\/media\/35679"}],"wp:attachment":[{"href":"https:\/\/prideshop.eu\/de\/wp-json\/wp\/v2\/media?parent=11300"}],"wp:term":[{"taxonomy":"product_brand","embeddable":true,"href":"https:\/\/prideshop.eu\/de\/wp-json\/wp\/v2\/product_brand?post=11300"},{"taxonomy":"product_cat","embeddable":true,"href":"https:\/\/prideshop.eu\/de\/wp-json\/wp\/v2\/product_cat?post=11300"},{"taxonomy":"product_tag","embeddable":true,"href":"https:\/\/prideshop.eu\/de\/wp-json\/wp\/v2\/product_tag?post=11300"}],"curies":[{"name":"wp","href":"https:\/\/api.w.org\/{rel}","templated":true}]}}