{"id":11330,"date":"2020-11-24T14:01:56","date_gmt":"2020-11-24T13:01:56","guid":{"rendered":"https:\/\/prideshop.eu\/spletna-trgovina\/unkategorisiert\/springseil-nylon-pride\/"},"modified":"2026-01-13T14:30:30","modified_gmt":"2026-01-13T13:30:30","slug":"springseil-nylon-pride","status":"publish","type":"product","link":"https:\/\/prideshop.eu\/de\/shop\/equipment-de\/fitness-in-cross-trening-de\/springseile\/springseil-nylon-pride\/","title":{"rendered":"Springseil Pride \u2013 Nylon"},"content":{"rendered":"<h3>Springseil Pride \u2013 Nylon<\/h3>\n<p>Springseil Nylon, Pride. Der Springseil ist f\u00fcr schnelle Rotation gemacht. Die L\u00e4nge kann angepasst werden. \u00dcbungen mit Springseil st\u00e4rkt das Herz und Muskulatur. Verbessert Koordination und Rhythmus. Erh\u00f6ht die Explosivit\u00e4t. Durch das Springen mit dem Springseil k\u00f6nnen wir uns aufw\u00e4rmen oder f\u00fcr unabh\u00e4ngiges Training verwenden.<\/p>\n","protected":false},"excerpt":{"rendered":"<p>Springseil Nylon, Pride. Der Springseil ist f\u00fcr schnelle Rotation gemacht. Die L\u00e4nge kann angepasst werden. \u00dcbungen mit Springseil st\u00e4rkt das Herz und Muskulatur. Verbessert Koordination und Rhythmus. Erh\u00f6ht die Explosivit\u00e4t. Durch das Springen mit dem Springseil k\u00f6nnen wir uns aufw\u00e4rmen oder f\u00fcr unabh\u00e4ngiges Training verwenden.<\/p>\n","protected":false},"featured_media":31110,"comment_status":"open","ping_status":"closed","template":"","meta":{"_acf_changed":false},"product_brand":[2086],"product_cat":[580,590,1688],"product_tag":[],"class_list":{"0":"post-11330","1":"product","2":"type-product","3":"status-publish","4":"has-post-thumbnail","6":"product_brand-pride","7":"product_cat-equipment-de","8":"product_cat-fitness-in-cross-trening-de","9":"product_cat-springseile","11":"first","12":"instock","13":"taxable","14":"shipping-taxable","15":"purchasable","16":"product-type-variable"},"acf":[],"yoast_head":"<!-- This site is optimized with the Yoast SEO plugin v27.5 - https:\/\/yoast.com\/product\/yoast-seo-wordpress\/ -->\n<title>Springseil Pride \u2013 Nylon - PRIDEshop<\/title>\n<meta name=\"description\" content=\"Springseil Nylon, Pride. Der Springseil ist f\u00fcr schnelle Rotation gemacht. Die L\u00e4nge kann angepasst werden.\" \/>\n<meta name=\"robots\" content=\"index, follow, max-snippet:-1, max-image-preview:large, max-video-preview:-1\" \/>\n<link rel=\"canonical\" href=\"https:\/\/prideshop.eu\/de\/shop\/equipment-de\/fitness-in-cross-trening-de\/springseile\/springseil-nylon-pride\/\" \/>\n<meta property=\"og:locale\" content=\"de_DE\" \/>\n<meta property=\"og:type\" content=\"article\" \/>\n<meta property=\"og:title\" content=\"Springseil Pride \u2013 Nylon - PRIDEshop\" \/>\n<meta property=\"og:description\" content=\"Springseil Nylon, Pride. Der Springseil ist f\u00fcr schnelle Rotation gemacht. Die L\u00e4nge kann angepasst werden.\" \/>\n<meta property=\"og:url\" content=\"https:\/\/prideshop.eu\/de\/shop\/equipment-de\/fitness-in-cross-trening-de\/springseile\/springseil-nylon-pride\/\" \/>\n<meta property=\"og:site_name\" content=\"PRIDEshop\" \/>\n<meta property=\"article:publisher\" content=\"https:\/\/sl-si.facebook.com\/PrideShopeu\" \/>\n<meta property=\"article:modified_time\" content=\"2026-01-13T13:30:30+00:00\" \/>\n<meta property=\"og:image\" content=\"https:\/\/prideshop.eu\/wp-content\/uploads\/2020\/11\/kolebnica-nylon-pride-7105.jpeg\" \/>\n\t<meta property=\"og:image:width\" content=\"600\" \/>\n\t<meta property=\"og:image:height\" content=\"600\" \/>\n\t<meta property=\"og:image:type\" content=\"image\/jpeg\" \/>\n<meta name=\"twitter:card\" content=\"summary_large_image\" \/>\n<script type=\"application\/ld+json\" class=\"yoast-schema-graph\">{\"@context\":\"https:\\\/\\\/schema.org\",\"@graph\":[{\"@type\":\"WebPage\",\"@id\":\"https:\\\/\\\/prideshop.eu\\\/de\\\/shop\\\/equipment-de\\\/fitness-in-cross-trening-de\\\/springseile\\\/springseil-nylon-pride\\\/\",\"url\":\"https:\\\/\\\/prideshop.eu\\\/de\\\/shop\\\/equipment-de\\\/fitness-in-cross-trening-de\\\/springseile\\\/springseil-nylon-pride\\\/\",\"name\":\"Springseil Pride \u2013 Nylon - PRIDEshop\",\"isPartOf\":{\"@id\":\"https:\\\/\\\/prideshop.eu\\\/de\\\/#website\"},\"primaryImageOfPage\":{\"@id\":\"https:\\\/\\\/prideshop.eu\\\/de\\\/shop\\\/equipment-de\\\/fitness-in-cross-trening-de\\\/springseile\\\/springseil-nylon-pride\\\/#primaryimage\"},\"image\":{\"@id\":\"https:\\\/\\\/prideshop.eu\\\/de\\\/shop\\\/equipment-de\\\/fitness-in-cross-trening-de\\\/springseile\\\/springseil-nylon-pride\\\/#primaryimage\"},\"thumbnailUrl\":\"https:\\\/\\\/prideshop.eu\\\/wp-content\\\/uploads\\\/2020\\\/11\\\/kolebnica-nylon-pride-7105.jpeg\",\"datePublished\":\"2020-11-24T13:01:56+00:00\",\"dateModified\":\"2026-01-13T13:30:30+00:00\",\"description\":\"Springseil Nylon, Pride. Der Springseil ist f\u00fcr schnelle Rotation gemacht. Die L\u00e4nge kann angepasst werden.\",\"breadcrumb\":{\"@id\":\"https:\\\/\\\/prideshop.eu\\\/de\\\/shop\\\/equipment-de\\\/fitness-in-cross-trening-de\\\/springseile\\\/springseil-nylon-pride\\\/#breadcrumb\"},\"inLanguage\":\"de\",\"potentialAction\":[{\"@type\":\"ReadAction\",\"target\":[\"https:\\\/\\\/prideshop.eu\\\/de\\\/shop\\\/equipment-de\\\/fitness-in-cross-trening-de\\\/springseile\\\/springseil-nylon-pride\\\/\"]}]},{\"@type\":\"ImageObject\",\"inLanguage\":\"de\",\"@id\":\"https:\\\/\\\/prideshop.eu\\\/de\\\/shop\\\/equipment-de\\\/fitness-in-cross-trening-de\\\/springseile\\\/springseil-nylon-pride\\\/#primaryimage\",\"url\":\"https:\\\/\\\/prideshop.eu\\\/wp-content\\\/uploads\\\/2020\\\/11\\\/kolebnica-nylon-pride-7105.jpeg\",\"contentUrl\":\"https:\\\/\\\/prideshop.eu\\\/wp-content\\\/uploads\\\/2020\\\/11\\\/kolebnica-nylon-pride-7105.jpeg\",\"width\":600,\"height\":600,\"caption\":\"Springseil Nylon Pride\"},{\"@type\":\"BreadcrumbList\",\"@id\":\"https:\\\/\\\/prideshop.eu\\\/de\\\/shop\\\/equipment-de\\\/fitness-in-cross-trening-de\\\/springseile\\\/springseil-nylon-pride\\\/#breadcrumb\",\"itemListElement\":[{\"@type\":\"ListItem\",\"position\":1,\"name\":\"Home\",\"item\":\"https:\\\/\\\/prideshop.eu\\\/de\\\/\"},{\"@type\":\"ListItem\",\"position\":2,\"name\":\"Gesch\u00e4ft\",\"item\":\"https:\\\/\\\/prideshop.eu\\\/de\\\/geschaeft\\\/\"},{\"@type\":\"ListItem\",\"position\":3,\"name\":\"Springseil Pride \u2013 Nylon\"}]},{\"@type\":\"WebSite\",\"@id\":\"https:\\\/\\\/prideshop.eu\\\/de\\\/#website\",\"url\":\"https:\\\/\\\/prideshop.eu\\\/de\\\/\",\"name\":\"PRIDEshop\",\"description\":\"Oprema za Borilne \u0160porte\",\"publisher\":{\"@id\":\"https:\\\/\\\/prideshop.eu\\\/de\\\/#organization\"},\"potentialAction\":[{\"@type\":\"SearchAction\",\"target\":{\"@type\":\"EntryPoint\",\"urlTemplate\":\"https:\\\/\\\/prideshop.eu\\\/de\\\/?s={search_term_string}\"},\"query-input\":{\"@type\":\"PropertyValueSpecification\",\"valueRequired\":true,\"valueName\":\"search_term_string\"}}],\"inLanguage\":\"de\"},{\"@type\":\"Organization\",\"@id\":\"https:\\\/\\\/prideshop.eu\\\/de\\\/#organization\",\"name\":\"PRIDEshop\",\"url\":\"https:\\\/\\\/prideshop.eu\\\/de\\\/\",\"logo\":{\"@type\":\"ImageObject\",\"inLanguage\":\"de\",\"@id\":\"https:\\\/\\\/prideshop.eu\\\/de\\\/#\\\/schema\\\/logo\\\/image\\\/\",\"url\":\"\",\"contentUrl\":\"\",\"caption\":\"PRIDEshop\"},\"image\":{\"@id\":\"https:\\\/\\\/prideshop.eu\\\/de\\\/#\\\/schema\\\/logo\\\/image\\\/\"},\"sameAs\":[\"https:\\\/\\\/sl-si.facebook.com\\\/PrideShopeu\"]}]}<\/script>\n<!-- \/ Yoast SEO plugin. -->","yoast_head_json":{"title":"Springseil Pride \u2013 Nylon - PRIDEshop","description":"Springseil Nylon, Pride. Der Springseil ist f\u00fcr schnelle Rotation gemacht. Die L\u00e4nge kann angepasst werden.","robots":{"index":"index","follow":"follow","max-snippet":"max-snippet:-1","max-image-preview":"max-image-preview:large","max-video-preview":"max-video-preview:-1"},"canonical":"https:\/\/prideshop.eu\/de\/shop\/equipment-de\/fitness-in-cross-trening-de\/springseile\/springseil-nylon-pride\/","og_locale":"de_DE","og_type":"article","og_title":"Springseil Pride \u2013 Nylon - PRIDEshop","og_description":"Springseil Nylon, Pride. Der Springseil ist f\u00fcr schnelle Rotation gemacht. Die L\u00e4nge kann angepasst werden.","og_url":"https:\/\/prideshop.eu\/de\/shop\/equipment-de\/fitness-in-cross-trening-de\/springseile\/springseil-nylon-pride\/","og_site_name":"PRIDEshop","article_publisher":"https:\/\/sl-si.facebook.com\/PrideShopeu","article_modified_time":"2026-01-13T13:30:30+00:00","og_image":[{"width":600,"height":600,"url":"https:\/\/prideshop.eu\/wp-content\/uploads\/2020\/11\/kolebnica-nylon-pride-7105.jpeg","type":"image\/jpeg"}],"twitter_card":"summary_large_image","schema":{"@context":"https:\/\/schema.org","@graph":[{"@type":"WebPage","@id":"https:\/\/prideshop.eu\/de\/shop\/equipment-de\/fitness-in-cross-trening-de\/springseile\/springseil-nylon-pride\/","url":"https:\/\/prideshop.eu\/de\/shop\/equipment-de\/fitness-in-cross-trening-de\/springseile\/springseil-nylon-pride\/","name":"Springseil Pride \u2013 Nylon - PRIDEshop","isPartOf":{"@id":"https:\/\/prideshop.eu\/de\/#website"},"primaryImageOfPage":{"@id":"https:\/\/prideshop.eu\/de\/shop\/equipment-de\/fitness-in-cross-trening-de\/springseile\/springseil-nylon-pride\/#primaryimage"},"image":{"@id":"https:\/\/prideshop.eu\/de\/shop\/equipment-de\/fitness-in-cross-trening-de\/springseile\/springseil-nylon-pride\/#primaryimage"},"thumbnailUrl":"https:\/\/prideshop.eu\/wp-content\/uploads\/2020\/11\/kolebnica-nylon-pride-7105.jpeg","datePublished":"2020-11-24T13:01:56+00:00","dateModified":"2026-01-13T13:30:30+00:00","description":"Springseil Nylon, Pride. Der Springseil ist f\u00fcr schnelle Rotation gemacht. Die L\u00e4nge kann angepasst werden.","breadcrumb":{"@id":"https:\/\/prideshop.eu\/de\/shop\/equipment-de\/fitness-in-cross-trening-de\/springseile\/springseil-nylon-pride\/#breadcrumb"},"inLanguage":"de","potentialAction":[{"@type":"ReadAction","target":["https:\/\/prideshop.eu\/de\/shop\/equipment-de\/fitness-in-cross-trening-de\/springseile\/springseil-nylon-pride\/"]}]},{"@type":"ImageObject","inLanguage":"de","@id":"https:\/\/prideshop.eu\/de\/shop\/equipment-de\/fitness-in-cross-trening-de\/springseile\/springseil-nylon-pride\/#primaryimage","url":"https:\/\/prideshop.eu\/wp-content\/uploads\/2020\/11\/kolebnica-nylon-pride-7105.jpeg","contentUrl":"https:\/\/prideshop.eu\/wp-content\/uploads\/2020\/11\/kolebnica-nylon-pride-7105.jpeg","width":600,"height":600,"caption":"Springseil Nylon Pride"},{"@type":"BreadcrumbList","@id":"https:\/\/prideshop.eu\/de\/shop\/equipment-de\/fitness-in-cross-trening-de\/springseile\/springseil-nylon-pride\/#breadcrumb","itemListElement":[{"@type":"ListItem","position":1,"name":"Home","item":"https:\/\/prideshop.eu\/de\/"},{"@type":"ListItem","position":2,"name":"Gesch\u00e4ft","item":"https:\/\/prideshop.eu\/de\/geschaeft\/"},{"@type":"ListItem","position":3,"name":"Springseil Pride \u2013 Nylon"}]},{"@type":"WebSite","@id":"https:\/\/prideshop.eu\/de\/#website","url":"https:\/\/prideshop.eu\/de\/","name":"PRIDEshop","description":"Oprema za Borilne \u0160porte","publisher":{"@id":"https:\/\/prideshop.eu\/de\/#organization"},"potentialAction":[{"@type":"SearchAction","target":{"@type":"EntryPoint","urlTemplate":"https:\/\/prideshop.eu\/de\/?s={search_term_string}"},"query-input":{"@type":"PropertyValueSpecification","valueRequired":true,"valueName":"search_term_string"}}],"inLanguage":"de"},{"@type":"Organization","@id":"https:\/\/prideshop.eu\/de\/#organization","name":"PRIDEshop","url":"https:\/\/prideshop.eu\/de\/","logo":{"@type":"ImageObject","inLanguage":"de","@id":"https:\/\/prideshop.eu\/de\/#\/schema\/logo\/image\/","url":"","contentUrl":"","caption":"PRIDEshop"},"image":{"@id":"https:\/\/prideshop.eu\/de\/#\/schema\/logo\/image\/"},"sameAs":["https:\/\/sl-si.facebook.com\/PrideShopeu"]}]}},"_links":{"self":[{"href":"https:\/\/prideshop.eu\/de\/wp-json\/wp\/v2\/product\/11330","targetHints":{"allow":["GET"]}}],"collection":[{"href":"https:\/\/prideshop.eu\/de\/wp-json\/wp\/v2\/product"}],"about":[{"href":"https:\/\/prideshop.eu\/de\/wp-json\/wp\/v2\/types\/product"}],"replies":[{"embeddable":true,"href":"https:\/\/prideshop.eu\/de\/wp-json\/wp\/v2\/comments?post=11330"}],"wp:featuredmedia":[{"embeddable":true,"href":"https:\/\/prideshop.eu\/de\/wp-json\/wp\/v2\/media\/31110"}],"wp:attachment":[{"href":"https:\/\/prideshop.eu\/de\/wp-json\/wp\/v2\/media?parent=11330"}],"wp:term":[{"taxonomy":"product_brand","embeddable":true,"href":"https:\/\/prideshop.eu\/de\/wp-json\/wp\/v2\/product_brand?post=11330"},{"taxonomy":"product_cat","embeddable":true,"href":"https:\/\/prideshop.eu\/de\/wp-json\/wp\/v2\/product_cat?post=11330"},{"taxonomy":"product_tag","embeddable":true,"href":"https:\/\/prideshop.eu\/de\/wp-json\/wp\/v2\/product_tag?post=11330"}],"curies":[{"name":"wp","href":"https:\/\/api.w.org\/{rel}","templated":true}]}}