{"id":11345,"date":"2020-11-05T15:36:19","date_gmt":"2020-11-05T14:36:19","guid":{"rendered":"https:\/\/prideshop.eu\/spletna-trgovina\/unkategorisiert\/klimmzugstange-pride\/"},"modified":"2025-08-04T10:58:34","modified_gmt":"2025-08-04T08:58:34","slug":"klimmzugstange-pride","status":"publish","type":"product","link":"https:\/\/prideshop.eu\/de\/shop\/equipment-de\/fitness-in-cross-trening-de\/fitness-accesories\/klimmzugstange-pride\/","title":{"rendered":"Klimmzugstange | Pride"},"content":{"rendered":"<h3>Klimmzugstange | Pride<\/h3>\n<p>Klimmzugstange, Pride. Der K\u00f6rperhebestange ist f\u00fcr das Fitnesstraining zum Heben des Ober\u2013 und Unterk\u00f6rpers gedacht. Sie k\u00f6nnen damit auch Ihre Bauchmuskeln trainieren. Aus hochwertigen Materialien gefertigt und von weichem Schaumstoff umgeben. Klemmstange f\u00fcr T\u00fcrrahmen wird zwischen T\u00fcrrahmen geklemmt, bis 91 cm ausziehbar und bis 113,4 kg belastbar. Zwei Halterungen mit Schrauben sind im Lieferumfang enthalten.<\/p>\n","protected":false},"excerpt":{"rendered":"<p>Klimmzugstange, Pride. Der K\u00f6rperhebestange ist f\u00fcr das Fitnesstraining zum Heben des Ober\u2013 und Unterk\u00f6rpers gedacht. Sie k\u00f6nnen damit auch Ihre Bauchmuskeln trainieren. Aus hochwertigen Materialien gefertigt und von weichem Schaumstoff umgeben. Klemmstange f\u00fcr T\u00fcrrahmen wird zwischen T\u00fcrrahmen geklemmt, bis 91 cm ausziehbar und bis 113,4 kg belastbar. Zwei Halterungen mit Schrauben sind im Lieferumfang enthalten.<\/p>\n","protected":false},"featured_media":33210,"comment_status":"open","ping_status":"closed","template":"","meta":{"_acf_changed":false},"product_brand":[2086],"product_cat":[580,596,590],"product_tag":[],"class_list":{"0":"post-11345","1":"product","2":"type-product","3":"status-publish","4":"has-post-thumbnail","6":"product_brand-pride","7":"product_cat-equipment-de","8":"product_cat-fitness-accesories","9":"product_cat-fitness-in-cross-trening-de","11":"first","12":"instock","13":"taxable","14":"shipping-taxable","15":"purchasable","16":"product-type-simple"},"acf":[],"yoast_head":"<!-- This site is optimized with the Yoast SEO plugin v27.5 - https:\/\/yoast.com\/product\/yoast-seo-wordpress\/ -->\n<title>Klimmzugstange | Pride - PRIDEshop<\/title>\n<meta name=\"description\" content=\"Klimmzugstange, Pride. Der K\u00f6rperhebestange ist f\u00fcr das Fitnesstraining zum Heben des Ober- und Unterk\u00f6rpers gedacht.\" \/>\n<meta name=\"robots\" content=\"index, follow, max-snippet:-1, max-image-preview:large, max-video-preview:-1\" \/>\n<link rel=\"canonical\" href=\"https:\/\/prideshop.eu\/de\/shop\/equipment-de\/fitness-in-cross-trening-de\/fitness-accesories\/klimmzugstange-pride\/\" \/>\n<meta property=\"og:locale\" content=\"de_DE\" \/>\n<meta property=\"og:type\" content=\"article\" \/>\n<meta property=\"og:title\" content=\"Klimmzugstange | Pride - PRIDEshop\" \/>\n<meta property=\"og:description\" content=\"Klimmzugstange, Pride. Der K\u00f6rperhebestange ist f\u00fcr das Fitnesstraining zum Heben des Ober- und Unterk\u00f6rpers gedacht.\" \/>\n<meta property=\"og:url\" content=\"https:\/\/prideshop.eu\/de\/shop\/equipment-de\/fitness-in-cross-trening-de\/fitness-accesories\/klimmzugstange-pride\/\" \/>\n<meta property=\"og:site_name\" content=\"PRIDEshop\" \/>\n<meta property=\"article:publisher\" content=\"https:\/\/sl-si.facebook.com\/PrideShopeu\" \/>\n<meta property=\"article:modified_time\" content=\"2025-08-04T08:58:34+00:00\" \/>\n<meta property=\"og:image\" content=\"https:\/\/prideshop.eu\/wp-content\/uploads\/2020\/11\/drog-za-dvigovanje-telesa-pride-7194.jpeg\" \/>\n\t<meta property=\"og:image:width\" content=\"600\" \/>\n\t<meta property=\"og:image:height\" content=\"600\" \/>\n\t<meta property=\"og:image:type\" content=\"image\/jpeg\" \/>\n<meta name=\"twitter:card\" content=\"summary_large_image\" \/>\n<script type=\"application\/ld+json\" class=\"yoast-schema-graph\">{\"@context\":\"https:\\\/\\\/schema.org\",\"@graph\":[{\"@type\":\"WebPage\",\"@id\":\"https:\\\/\\\/prideshop.eu\\\/de\\\/shop\\\/equipment-de\\\/fitness-in-cross-trening-de\\\/fitness-accesories\\\/klimmzugstange-pride\\\/\",\"url\":\"https:\\\/\\\/prideshop.eu\\\/de\\\/shop\\\/equipment-de\\\/fitness-in-cross-trening-de\\\/fitness-accesories\\\/klimmzugstange-pride\\\/\",\"name\":\"Klimmzugstange | Pride - PRIDEshop\",\"isPartOf\":{\"@id\":\"https:\\\/\\\/prideshop.eu\\\/de\\\/#website\"},\"primaryImageOfPage\":{\"@id\":\"https:\\\/\\\/prideshop.eu\\\/de\\\/shop\\\/equipment-de\\\/fitness-in-cross-trening-de\\\/fitness-accesories\\\/klimmzugstange-pride\\\/#primaryimage\"},\"image\":{\"@id\":\"https:\\\/\\\/prideshop.eu\\\/de\\\/shop\\\/equipment-de\\\/fitness-in-cross-trening-de\\\/fitness-accesories\\\/klimmzugstange-pride\\\/#primaryimage\"},\"thumbnailUrl\":\"https:\\\/\\\/prideshop.eu\\\/wp-content\\\/uploads\\\/2020\\\/11\\\/drog-za-dvigovanje-telesa-pride-7194.jpeg\",\"datePublished\":\"2020-11-05T14:36:19+00:00\",\"dateModified\":\"2025-08-04T08:58:34+00:00\",\"description\":\"Klimmzugstange, Pride. Der K\u00f6rperhebestange ist f\u00fcr das Fitnesstraining zum Heben des Ober- und Unterk\u00f6rpers gedacht.\",\"breadcrumb\":{\"@id\":\"https:\\\/\\\/prideshop.eu\\\/de\\\/shop\\\/equipment-de\\\/fitness-in-cross-trening-de\\\/fitness-accesories\\\/klimmzugstange-pride\\\/#breadcrumb\"},\"inLanguage\":\"de\",\"potentialAction\":[{\"@type\":\"ReadAction\",\"target\":[\"https:\\\/\\\/prideshop.eu\\\/de\\\/shop\\\/equipment-de\\\/fitness-in-cross-trening-de\\\/fitness-accesories\\\/klimmzugstange-pride\\\/\"]}]},{\"@type\":\"ImageObject\",\"inLanguage\":\"de\",\"@id\":\"https:\\\/\\\/prideshop.eu\\\/de\\\/shop\\\/equipment-de\\\/fitness-in-cross-trening-de\\\/fitness-accesories\\\/klimmzugstange-pride\\\/#primaryimage\",\"url\":\"https:\\\/\\\/prideshop.eu\\\/wp-content\\\/uploads\\\/2020\\\/11\\\/drog-za-dvigovanje-telesa-pride-7194.jpeg\",\"contentUrl\":\"https:\\\/\\\/prideshop.eu\\\/wp-content\\\/uploads\\\/2020\\\/11\\\/drog-za-dvigovanje-telesa-pride-7194.jpeg\",\"width\":600,\"height\":600,\"caption\":\"Klimmzugstange Pride\"},{\"@type\":\"BreadcrumbList\",\"@id\":\"https:\\\/\\\/prideshop.eu\\\/de\\\/shop\\\/equipment-de\\\/fitness-in-cross-trening-de\\\/fitness-accesories\\\/klimmzugstange-pride\\\/#breadcrumb\",\"itemListElement\":[{\"@type\":\"ListItem\",\"position\":1,\"name\":\"Home\",\"item\":\"https:\\\/\\\/prideshop.eu\\\/de\\\/\"},{\"@type\":\"ListItem\",\"position\":2,\"name\":\"Gesch\u00e4ft\",\"item\":\"https:\\\/\\\/prideshop.eu\\\/de\\\/geschaeft\\\/\"},{\"@type\":\"ListItem\",\"position\":3,\"name\":\"Klimmzugstange | Pride\"}]},{\"@type\":\"WebSite\",\"@id\":\"https:\\\/\\\/prideshop.eu\\\/de\\\/#website\",\"url\":\"https:\\\/\\\/prideshop.eu\\\/de\\\/\",\"name\":\"PRIDEshop\",\"description\":\"Oprema za Borilne \u0160porte\",\"publisher\":{\"@id\":\"https:\\\/\\\/prideshop.eu\\\/de\\\/#organization\"},\"potentialAction\":[{\"@type\":\"SearchAction\",\"target\":{\"@type\":\"EntryPoint\",\"urlTemplate\":\"https:\\\/\\\/prideshop.eu\\\/de\\\/?s={search_term_string}\"},\"query-input\":{\"@type\":\"PropertyValueSpecification\",\"valueRequired\":true,\"valueName\":\"search_term_string\"}}],\"inLanguage\":\"de\"},{\"@type\":\"Organization\",\"@id\":\"https:\\\/\\\/prideshop.eu\\\/de\\\/#organization\",\"name\":\"PRIDEshop\",\"url\":\"https:\\\/\\\/prideshop.eu\\\/de\\\/\",\"logo\":{\"@type\":\"ImageObject\",\"inLanguage\":\"de\",\"@id\":\"https:\\\/\\\/prideshop.eu\\\/de\\\/#\\\/schema\\\/logo\\\/image\\\/\",\"url\":\"\",\"contentUrl\":\"\",\"caption\":\"PRIDEshop\"},\"image\":{\"@id\":\"https:\\\/\\\/prideshop.eu\\\/de\\\/#\\\/schema\\\/logo\\\/image\\\/\"},\"sameAs\":[\"https:\\\/\\\/sl-si.facebook.com\\\/PrideShopeu\"]}]}<\/script>\n<!-- \/ Yoast SEO plugin. -->","yoast_head_json":{"title":"Klimmzugstange | Pride - PRIDEshop","description":"Klimmzugstange, Pride. Der K\u00f6rperhebestange ist f\u00fcr das Fitnesstraining zum Heben des Ober- und Unterk\u00f6rpers gedacht.","robots":{"index":"index","follow":"follow","max-snippet":"max-snippet:-1","max-image-preview":"max-image-preview:large","max-video-preview":"max-video-preview:-1"},"canonical":"https:\/\/prideshop.eu\/de\/shop\/equipment-de\/fitness-in-cross-trening-de\/fitness-accesories\/klimmzugstange-pride\/","og_locale":"de_DE","og_type":"article","og_title":"Klimmzugstange | Pride - PRIDEshop","og_description":"Klimmzugstange, Pride. Der K\u00f6rperhebestange ist f\u00fcr das Fitnesstraining zum Heben des Ober- und Unterk\u00f6rpers gedacht.","og_url":"https:\/\/prideshop.eu\/de\/shop\/equipment-de\/fitness-in-cross-trening-de\/fitness-accesories\/klimmzugstange-pride\/","og_site_name":"PRIDEshop","article_publisher":"https:\/\/sl-si.facebook.com\/PrideShopeu","article_modified_time":"2025-08-04T08:58:34+00:00","og_image":[{"width":600,"height":600,"url":"https:\/\/prideshop.eu\/wp-content\/uploads\/2020\/11\/drog-za-dvigovanje-telesa-pride-7194.jpeg","type":"image\/jpeg"}],"twitter_card":"summary_large_image","schema":{"@context":"https:\/\/schema.org","@graph":[{"@type":"WebPage","@id":"https:\/\/prideshop.eu\/de\/shop\/equipment-de\/fitness-in-cross-trening-de\/fitness-accesories\/klimmzugstange-pride\/","url":"https:\/\/prideshop.eu\/de\/shop\/equipment-de\/fitness-in-cross-trening-de\/fitness-accesories\/klimmzugstange-pride\/","name":"Klimmzugstange | Pride - PRIDEshop","isPartOf":{"@id":"https:\/\/prideshop.eu\/de\/#website"},"primaryImageOfPage":{"@id":"https:\/\/prideshop.eu\/de\/shop\/equipment-de\/fitness-in-cross-trening-de\/fitness-accesories\/klimmzugstange-pride\/#primaryimage"},"image":{"@id":"https:\/\/prideshop.eu\/de\/shop\/equipment-de\/fitness-in-cross-trening-de\/fitness-accesories\/klimmzugstange-pride\/#primaryimage"},"thumbnailUrl":"https:\/\/prideshop.eu\/wp-content\/uploads\/2020\/11\/drog-za-dvigovanje-telesa-pride-7194.jpeg","datePublished":"2020-11-05T14:36:19+00:00","dateModified":"2025-08-04T08:58:34+00:00","description":"Klimmzugstange, Pride. Der K\u00f6rperhebestange ist f\u00fcr das Fitnesstraining zum Heben des Ober- und Unterk\u00f6rpers gedacht.","breadcrumb":{"@id":"https:\/\/prideshop.eu\/de\/shop\/equipment-de\/fitness-in-cross-trening-de\/fitness-accesories\/klimmzugstange-pride\/#breadcrumb"},"inLanguage":"de","potentialAction":[{"@type":"ReadAction","target":["https:\/\/prideshop.eu\/de\/shop\/equipment-de\/fitness-in-cross-trening-de\/fitness-accesories\/klimmzugstange-pride\/"]}]},{"@type":"ImageObject","inLanguage":"de","@id":"https:\/\/prideshop.eu\/de\/shop\/equipment-de\/fitness-in-cross-trening-de\/fitness-accesories\/klimmzugstange-pride\/#primaryimage","url":"https:\/\/prideshop.eu\/wp-content\/uploads\/2020\/11\/drog-za-dvigovanje-telesa-pride-7194.jpeg","contentUrl":"https:\/\/prideshop.eu\/wp-content\/uploads\/2020\/11\/drog-za-dvigovanje-telesa-pride-7194.jpeg","width":600,"height":600,"caption":"Klimmzugstange Pride"},{"@type":"BreadcrumbList","@id":"https:\/\/prideshop.eu\/de\/shop\/equipment-de\/fitness-in-cross-trening-de\/fitness-accesories\/klimmzugstange-pride\/#breadcrumb","itemListElement":[{"@type":"ListItem","position":1,"name":"Home","item":"https:\/\/prideshop.eu\/de\/"},{"@type":"ListItem","position":2,"name":"Gesch\u00e4ft","item":"https:\/\/prideshop.eu\/de\/geschaeft\/"},{"@type":"ListItem","position":3,"name":"Klimmzugstange | Pride"}]},{"@type":"WebSite","@id":"https:\/\/prideshop.eu\/de\/#website","url":"https:\/\/prideshop.eu\/de\/","name":"PRIDEshop","description":"Oprema za Borilne \u0160porte","publisher":{"@id":"https:\/\/prideshop.eu\/de\/#organization"},"potentialAction":[{"@type":"SearchAction","target":{"@type":"EntryPoint","urlTemplate":"https:\/\/prideshop.eu\/de\/?s={search_term_string}"},"query-input":{"@type":"PropertyValueSpecification","valueRequired":true,"valueName":"search_term_string"}}],"inLanguage":"de"},{"@type":"Organization","@id":"https:\/\/prideshop.eu\/de\/#organization","name":"PRIDEshop","url":"https:\/\/prideshop.eu\/de\/","logo":{"@type":"ImageObject","inLanguage":"de","@id":"https:\/\/prideshop.eu\/de\/#\/schema\/logo\/image\/","url":"","contentUrl":"","caption":"PRIDEshop"},"image":{"@id":"https:\/\/prideshop.eu\/de\/#\/schema\/logo\/image\/"},"sameAs":["https:\/\/sl-si.facebook.com\/PrideShopeu"]}]}},"_links":{"self":[{"href":"https:\/\/prideshop.eu\/de\/wp-json\/wp\/v2\/product\/11345","targetHints":{"allow":["GET"]}}],"collection":[{"href":"https:\/\/prideshop.eu\/de\/wp-json\/wp\/v2\/product"}],"about":[{"href":"https:\/\/prideshop.eu\/de\/wp-json\/wp\/v2\/types\/product"}],"replies":[{"embeddable":true,"href":"https:\/\/prideshop.eu\/de\/wp-json\/wp\/v2\/comments?post=11345"}],"wp:featuredmedia":[{"embeddable":true,"href":"https:\/\/prideshop.eu\/de\/wp-json\/wp\/v2\/media\/33210"}],"wp:attachment":[{"href":"https:\/\/prideshop.eu\/de\/wp-json\/wp\/v2\/media?parent=11345"}],"wp:term":[{"taxonomy":"product_brand","embeddable":true,"href":"https:\/\/prideshop.eu\/de\/wp-json\/wp\/v2\/product_brand?post=11345"},{"taxonomy":"product_cat","embeddable":true,"href":"https:\/\/prideshop.eu\/de\/wp-json\/wp\/v2\/product_cat?post=11345"},{"taxonomy":"product_tag","embeddable":true,"href":"https:\/\/prideshop.eu\/de\/wp-json\/wp\/v2\/product_tag?post=11345"}],"curies":[{"name":"wp","href":"https:\/\/api.w.org\/{rel}","templated":true}]}}