{"id":11354,"date":"2020-09-02T09:07:35","date_gmt":"2020-09-02T07:07:35","guid":{"rendered":"https:\/\/prideshop.eu\/spletna-trgovina\/unkategorisiert\/gewichtsverlust-gurtel-pride\/"},"modified":"2025-08-04T10:58:41","modified_gmt":"2025-08-04T08:58:41","slug":"gewichtsverlust-gurtel-pride","status":"publish","type":"product","link":"https:\/\/prideshop.eu\/de\/shop\/equipment-de\/fitness-in-cross-trening-de\/fitness-accesories\/gewichtsverlust-gurtel-pride\/","title":{"rendered":"Neopren Bauchweg-G\u00fcrtel Pride \u2013 HeatCore"},"content":{"rendered":"<h3>Neopren Bauchweg-G\u00fcrtel Pride \u2013 HeatCore<\/h3>\n<p>Gewichtsverlust G\u00fcrtel, Pride G\u00fcrtel zum Abnehmen ist f\u00fcr alle Aerobic\u2013\u00dcbungen sehr gut geeignet. Es erh\u00f6ht die Muskeltemperatur und beschleunigt die Durchblutung, wodurch Fettzellen an dieser Stelle effektiv geschmolzen werden, w\u00e4hrend es hilft, den Bauch abzuflachen und zu formen. Durch den weichen und strapazierf\u00e4higen Neoprenschaum passt es sich perfekt dem K\u00f6rper an. So k\u00f6nnen Sie es \u00fcberall und jederzeit tragen.<\/p>\n","protected":false},"excerpt":{"rendered":"<p>Gewichtsverlust G\u00fcrtel, Pride G\u00fcrtel zum Abnehmen ist f\u00fcr alle Aerobic\u2013\u00dcbungen sehr gut geeignet. Es erh\u00f6ht die Muskeltemperatur und beschleunigt die Durchblutung, wodurch Fettzellen an dieser Stelle effektiv geschmolzen werden, w\u00e4hrend es hilft, den Bauch abzuflachen und zu formen. Durch den weichen und strapazierf\u00e4higen Neoprenschaum passt es sich perfekt dem K\u00f6rper an. So k\u00f6nnen Sie es \u00fcberall und jederzeit tragen.<\/p>\n","protected":false},"featured_media":33399,"comment_status":"open","ping_status":"closed","template":"","meta":{"_acf_changed":false},"product_brand":[2086],"product_cat":[580,596,590,588,582],"product_tag":[],"class_list":{"0":"post-11354","1":"product","2":"type-product","3":"status-publish","4":"has-post-thumbnail","6":"product_brand-pride","7":"product_cat-equipment-de","8":"product_cat-fitness-accesories","9":"product_cat-fitness-in-cross-trening-de","10":"product_cat-sonstiges","11":"product_cat-zusatzlische-angebote","13":"first","14":"instock","15":"sale","16":"taxable","17":"shipping-taxable","18":"purchasable","19":"product-type-variable"},"acf":[],"yoast_head":"<!-- This site is optimized with the Yoast SEO plugin v27.5 - https:\/\/yoast.com\/product\/yoast-seo-wordpress\/ -->\n<title>Neopren Bauchweg-G\u00fcrtel Pride \u2013 HeatCore - PRIDEshop<\/title>\n<meta name=\"description\" content=\"Gewichtsverlust G\u00fcrtel, Pride. G\u00fcrtel zum Abnehmen ist f\u00fcr alle Aerobic-\u00dcbungen sehr gut geeignet.\" \/>\n<meta name=\"robots\" content=\"index, follow, max-snippet:-1, max-image-preview:large, max-video-preview:-1\" \/>\n<link rel=\"canonical\" href=\"https:\/\/prideshop.eu\/de\/shop\/equipment-de\/fitness-in-cross-trening-de\/fitness-accesories\/gewichtsverlust-gurtel-pride\/\" \/>\n<meta property=\"og:locale\" content=\"de_DE\" \/>\n<meta property=\"og:type\" content=\"article\" \/>\n<meta property=\"og:title\" content=\"Neopren Bauchweg-G\u00fcrtel Pride \u2013 HeatCore - PRIDEshop\" \/>\n<meta property=\"og:description\" content=\"Gewichtsverlust G\u00fcrtel, Pride. G\u00fcrtel zum Abnehmen ist f\u00fcr alle Aerobic-\u00dcbungen sehr gut geeignet.\" \/>\n<meta property=\"og:url\" content=\"https:\/\/prideshop.eu\/de\/shop\/equipment-de\/fitness-in-cross-trening-de\/fitness-accesories\/gewichtsverlust-gurtel-pride\/\" \/>\n<meta property=\"og:site_name\" content=\"PRIDEshop\" \/>\n<meta property=\"article:publisher\" content=\"https:\/\/sl-si.facebook.com\/PrideShopeu\" \/>\n<meta property=\"article:modified_time\" content=\"2025-08-04T08:58:41+00:00\" \/>\n<meta property=\"og:image\" content=\"https:\/\/prideshop.eu\/wp-content\/uploads\/2020\/09\/pas-za-hujsanje-pride-7197-1.jpeg\" \/>\n\t<meta property=\"og:image:width\" content=\"600\" \/>\n\t<meta property=\"og:image:height\" content=\"600\" \/>\n\t<meta property=\"og:image:type\" content=\"image\/jpeg\" \/>\n<meta name=\"twitter:card\" content=\"summary_large_image\" \/>\n<script type=\"application\/ld+json\" class=\"yoast-schema-graph\">{\"@context\":\"https:\\\/\\\/schema.org\",\"@graph\":[{\"@type\":\"WebPage\",\"@id\":\"https:\\\/\\\/prideshop.eu\\\/de\\\/shop\\\/equipment-de\\\/fitness-in-cross-trening-de\\\/fitness-accesories\\\/gewichtsverlust-gurtel-pride\\\/\",\"url\":\"https:\\\/\\\/prideshop.eu\\\/de\\\/shop\\\/equipment-de\\\/fitness-in-cross-trening-de\\\/fitness-accesories\\\/gewichtsverlust-gurtel-pride\\\/\",\"name\":\"Neopren Bauchweg-G\u00fcrtel Pride \u2013 HeatCore - PRIDEshop\",\"isPartOf\":{\"@id\":\"https:\\\/\\\/prideshop.eu\\\/de\\\/#website\"},\"primaryImageOfPage\":{\"@id\":\"https:\\\/\\\/prideshop.eu\\\/de\\\/shop\\\/equipment-de\\\/fitness-in-cross-trening-de\\\/fitness-accesories\\\/gewichtsverlust-gurtel-pride\\\/#primaryimage\"},\"image\":{\"@id\":\"https:\\\/\\\/prideshop.eu\\\/de\\\/shop\\\/equipment-de\\\/fitness-in-cross-trening-de\\\/fitness-accesories\\\/gewichtsverlust-gurtel-pride\\\/#primaryimage\"},\"thumbnailUrl\":\"https:\\\/\\\/prideshop.eu\\\/wp-content\\\/uploads\\\/2020\\\/09\\\/pas-za-hujsanje-pride-7197-1.jpeg\",\"datePublished\":\"2020-09-02T07:07:35+00:00\",\"dateModified\":\"2025-08-04T08:58:41+00:00\",\"description\":\"Gewichtsverlust G\u00fcrtel, Pride. G\u00fcrtel zum Abnehmen ist f\u00fcr alle Aerobic-\u00dcbungen sehr gut geeignet.\",\"breadcrumb\":{\"@id\":\"https:\\\/\\\/prideshop.eu\\\/de\\\/shop\\\/equipment-de\\\/fitness-in-cross-trening-de\\\/fitness-accesories\\\/gewichtsverlust-gurtel-pride\\\/#breadcrumb\"},\"inLanguage\":\"de\",\"potentialAction\":[{\"@type\":\"ReadAction\",\"target\":[\"https:\\\/\\\/prideshop.eu\\\/de\\\/shop\\\/equipment-de\\\/fitness-in-cross-trening-de\\\/fitness-accesories\\\/gewichtsverlust-gurtel-pride\\\/\"]}]},{\"@type\":\"ImageObject\",\"inLanguage\":\"de\",\"@id\":\"https:\\\/\\\/prideshop.eu\\\/de\\\/shop\\\/equipment-de\\\/fitness-in-cross-trening-de\\\/fitness-accesories\\\/gewichtsverlust-gurtel-pride\\\/#primaryimage\",\"url\":\"https:\\\/\\\/prideshop.eu\\\/wp-content\\\/uploads\\\/2020\\\/09\\\/pas-za-hujsanje-pride-7197-1.jpeg\",\"contentUrl\":\"https:\\\/\\\/prideshop.eu\\\/wp-content\\\/uploads\\\/2020\\\/09\\\/pas-za-hujsanje-pride-7197-1.jpeg\",\"width\":600,\"height\":600,\"caption\":\"Gewichtsverlust G\u00fcrtel Pride schwarz mit gelber Logoaufschrift\"},{\"@type\":\"BreadcrumbList\",\"@id\":\"https:\\\/\\\/prideshop.eu\\\/de\\\/shop\\\/equipment-de\\\/fitness-in-cross-trening-de\\\/fitness-accesories\\\/gewichtsverlust-gurtel-pride\\\/#breadcrumb\",\"itemListElement\":[{\"@type\":\"ListItem\",\"position\":1,\"name\":\"Home\",\"item\":\"https:\\\/\\\/prideshop.eu\\\/de\\\/\"},{\"@type\":\"ListItem\",\"position\":2,\"name\":\"Gesch\u00e4ft\",\"item\":\"https:\\\/\\\/prideshop.eu\\\/de\\\/geschaeft\\\/\"},{\"@type\":\"ListItem\",\"position\":3,\"name\":\"Neopren Bauchweg-G\u00fcrtel Pride \u2013 HeatCore\"}]},{\"@type\":\"WebSite\",\"@id\":\"https:\\\/\\\/prideshop.eu\\\/de\\\/#website\",\"url\":\"https:\\\/\\\/prideshop.eu\\\/de\\\/\",\"name\":\"PRIDEshop\",\"description\":\"Oprema za Borilne \u0160porte\",\"publisher\":{\"@id\":\"https:\\\/\\\/prideshop.eu\\\/de\\\/#organization\"},\"potentialAction\":[{\"@type\":\"SearchAction\",\"target\":{\"@type\":\"EntryPoint\",\"urlTemplate\":\"https:\\\/\\\/prideshop.eu\\\/de\\\/?s={search_term_string}\"},\"query-input\":{\"@type\":\"PropertyValueSpecification\",\"valueRequired\":true,\"valueName\":\"search_term_string\"}}],\"inLanguage\":\"de\"},{\"@type\":\"Organization\",\"@id\":\"https:\\\/\\\/prideshop.eu\\\/de\\\/#organization\",\"name\":\"PRIDEshop\",\"url\":\"https:\\\/\\\/prideshop.eu\\\/de\\\/\",\"logo\":{\"@type\":\"ImageObject\",\"inLanguage\":\"de\",\"@id\":\"https:\\\/\\\/prideshop.eu\\\/de\\\/#\\\/schema\\\/logo\\\/image\\\/\",\"url\":\"\",\"contentUrl\":\"\",\"caption\":\"PRIDEshop\"},\"image\":{\"@id\":\"https:\\\/\\\/prideshop.eu\\\/de\\\/#\\\/schema\\\/logo\\\/image\\\/\"},\"sameAs\":[\"https:\\\/\\\/sl-si.facebook.com\\\/PrideShopeu\"]}]}<\/script>\n<!-- \/ Yoast SEO plugin. -->","yoast_head_json":{"title":"Neopren Bauchweg-G\u00fcrtel Pride \u2013 HeatCore - PRIDEshop","description":"Gewichtsverlust G\u00fcrtel, Pride. G\u00fcrtel zum Abnehmen ist f\u00fcr alle Aerobic-\u00dcbungen sehr gut geeignet.","robots":{"index":"index","follow":"follow","max-snippet":"max-snippet:-1","max-image-preview":"max-image-preview:large","max-video-preview":"max-video-preview:-1"},"canonical":"https:\/\/prideshop.eu\/de\/shop\/equipment-de\/fitness-in-cross-trening-de\/fitness-accesories\/gewichtsverlust-gurtel-pride\/","og_locale":"de_DE","og_type":"article","og_title":"Neopren Bauchweg-G\u00fcrtel Pride \u2013 HeatCore - PRIDEshop","og_description":"Gewichtsverlust G\u00fcrtel, Pride. G\u00fcrtel zum Abnehmen ist f\u00fcr alle Aerobic-\u00dcbungen sehr gut geeignet.","og_url":"https:\/\/prideshop.eu\/de\/shop\/equipment-de\/fitness-in-cross-trening-de\/fitness-accesories\/gewichtsverlust-gurtel-pride\/","og_site_name":"PRIDEshop","article_publisher":"https:\/\/sl-si.facebook.com\/PrideShopeu","article_modified_time":"2025-08-04T08:58:41+00:00","og_image":[{"width":600,"height":600,"url":"https:\/\/prideshop.eu\/wp-content\/uploads\/2020\/09\/pas-za-hujsanje-pride-7197-1.jpeg","type":"image\/jpeg"}],"twitter_card":"summary_large_image","schema":{"@context":"https:\/\/schema.org","@graph":[{"@type":"WebPage","@id":"https:\/\/prideshop.eu\/de\/shop\/equipment-de\/fitness-in-cross-trening-de\/fitness-accesories\/gewichtsverlust-gurtel-pride\/","url":"https:\/\/prideshop.eu\/de\/shop\/equipment-de\/fitness-in-cross-trening-de\/fitness-accesories\/gewichtsverlust-gurtel-pride\/","name":"Neopren Bauchweg-G\u00fcrtel Pride \u2013 HeatCore - PRIDEshop","isPartOf":{"@id":"https:\/\/prideshop.eu\/de\/#website"},"primaryImageOfPage":{"@id":"https:\/\/prideshop.eu\/de\/shop\/equipment-de\/fitness-in-cross-trening-de\/fitness-accesories\/gewichtsverlust-gurtel-pride\/#primaryimage"},"image":{"@id":"https:\/\/prideshop.eu\/de\/shop\/equipment-de\/fitness-in-cross-trening-de\/fitness-accesories\/gewichtsverlust-gurtel-pride\/#primaryimage"},"thumbnailUrl":"https:\/\/prideshop.eu\/wp-content\/uploads\/2020\/09\/pas-za-hujsanje-pride-7197-1.jpeg","datePublished":"2020-09-02T07:07:35+00:00","dateModified":"2025-08-04T08:58:41+00:00","description":"Gewichtsverlust G\u00fcrtel, Pride. G\u00fcrtel zum Abnehmen ist f\u00fcr alle Aerobic-\u00dcbungen sehr gut geeignet.","breadcrumb":{"@id":"https:\/\/prideshop.eu\/de\/shop\/equipment-de\/fitness-in-cross-trening-de\/fitness-accesories\/gewichtsverlust-gurtel-pride\/#breadcrumb"},"inLanguage":"de","potentialAction":[{"@type":"ReadAction","target":["https:\/\/prideshop.eu\/de\/shop\/equipment-de\/fitness-in-cross-trening-de\/fitness-accesories\/gewichtsverlust-gurtel-pride\/"]}]},{"@type":"ImageObject","inLanguage":"de","@id":"https:\/\/prideshop.eu\/de\/shop\/equipment-de\/fitness-in-cross-trening-de\/fitness-accesories\/gewichtsverlust-gurtel-pride\/#primaryimage","url":"https:\/\/prideshop.eu\/wp-content\/uploads\/2020\/09\/pas-za-hujsanje-pride-7197-1.jpeg","contentUrl":"https:\/\/prideshop.eu\/wp-content\/uploads\/2020\/09\/pas-za-hujsanje-pride-7197-1.jpeg","width":600,"height":600,"caption":"Gewichtsverlust G\u00fcrtel Pride schwarz mit gelber Logoaufschrift"},{"@type":"BreadcrumbList","@id":"https:\/\/prideshop.eu\/de\/shop\/equipment-de\/fitness-in-cross-trening-de\/fitness-accesories\/gewichtsverlust-gurtel-pride\/#breadcrumb","itemListElement":[{"@type":"ListItem","position":1,"name":"Home","item":"https:\/\/prideshop.eu\/de\/"},{"@type":"ListItem","position":2,"name":"Gesch\u00e4ft","item":"https:\/\/prideshop.eu\/de\/geschaeft\/"},{"@type":"ListItem","position":3,"name":"Neopren Bauchweg-G\u00fcrtel Pride \u2013 HeatCore"}]},{"@type":"WebSite","@id":"https:\/\/prideshop.eu\/de\/#website","url":"https:\/\/prideshop.eu\/de\/","name":"PRIDEshop","description":"Oprema za Borilne \u0160porte","publisher":{"@id":"https:\/\/prideshop.eu\/de\/#organization"},"potentialAction":[{"@type":"SearchAction","target":{"@type":"EntryPoint","urlTemplate":"https:\/\/prideshop.eu\/de\/?s={search_term_string}"},"query-input":{"@type":"PropertyValueSpecification","valueRequired":true,"valueName":"search_term_string"}}],"inLanguage":"de"},{"@type":"Organization","@id":"https:\/\/prideshop.eu\/de\/#organization","name":"PRIDEshop","url":"https:\/\/prideshop.eu\/de\/","logo":{"@type":"ImageObject","inLanguage":"de","@id":"https:\/\/prideshop.eu\/de\/#\/schema\/logo\/image\/","url":"","contentUrl":"","caption":"PRIDEshop"},"image":{"@id":"https:\/\/prideshop.eu\/de\/#\/schema\/logo\/image\/"},"sameAs":["https:\/\/sl-si.facebook.com\/PrideShopeu"]}]}},"_links":{"self":[{"href":"https:\/\/prideshop.eu\/de\/wp-json\/wp\/v2\/product\/11354","targetHints":{"allow":["GET"]}}],"collection":[{"href":"https:\/\/prideshop.eu\/de\/wp-json\/wp\/v2\/product"}],"about":[{"href":"https:\/\/prideshop.eu\/de\/wp-json\/wp\/v2\/types\/product"}],"replies":[{"embeddable":true,"href":"https:\/\/prideshop.eu\/de\/wp-json\/wp\/v2\/comments?post=11354"}],"wp:featuredmedia":[{"embeddable":true,"href":"https:\/\/prideshop.eu\/de\/wp-json\/wp\/v2\/media\/33399"}],"wp:attachment":[{"href":"https:\/\/prideshop.eu\/de\/wp-json\/wp\/v2\/media?parent=11354"}],"wp:term":[{"taxonomy":"product_brand","embeddable":true,"href":"https:\/\/prideshop.eu\/de\/wp-json\/wp\/v2\/product_brand?post=11354"},{"taxonomy":"product_cat","embeddable":true,"href":"https:\/\/prideshop.eu\/de\/wp-json\/wp\/v2\/product_cat?post=11354"},{"taxonomy":"product_tag","embeddable":true,"href":"https:\/\/prideshop.eu\/de\/wp-json\/wp\/v2\/product_tag?post=11354"}],"curies":[{"name":"wp","href":"https:\/\/api.w.org\/{rel}","templated":true}]}}