{"id":11366,"date":"2020-09-02T09:43:44","date_gmt":"2020-09-02T07:43:44","guid":{"rendered":"https:\/\/prideshop.eu\/spletna-trgovina\/unkategorisiert\/kinder-nunchaku-aus-schaum-pride\/"},"modified":"2026-01-13T14:19:08","modified_gmt":"2026-01-13T13:19:08","slug":"kinder-nunchaku-aus-schaum-pride","status":"publish","type":"product","link":"https:\/\/prideshop.eu\/de\/shop\/sportarten\/karate-ausruestung\/karate-bekleidung-zubehoer\/kinder-nunchaku-aus-schaum-pride\/","title":{"rendered":"Nunchaku aus Schaumstoff Pride \u2013 SoftChaku"},"content":{"rendered":"<h3>Nunchaku aus Schaumstoff Pride \u2013 SoftChaku<\/h3>\n<p>Kinder Nunchaku aus Schaum, Pride. Nunchaku werden verwendet, um die F\u00e4higkeiten und Ausdauer der H\u00e4nde und des restlichen K\u00f6rpers im Kampfsport zu trainieren. Es dient auch als Hilfe bei der Bewegung des K\u00f6rpers und beim Erlernen von Nunchaku\u2013F\u00e4higkeiten. F\u00fcr Kinder geeignet, aus speziellen Schaum gemacht, es gibt keine Verletzungsgefahr.<\/p>\n","protected":false},"excerpt":{"rendered":"<p>Kinder Nunchaku aus Schaum, Pride. Nunchaku werden verwendet, um die F\u00e4higkeiten und Ausdauer der H\u00e4nde und des restlichen K\u00f6rpers im Kampfsport zu trainieren. Es dient auch als Hilfe bei der Bewegung des K\u00f6rpers und beim Erlernen von Nunchaku\u2013F\u00e4higkeiten. F\u00fcr Kinder geeignet, aus speziellen Schaum gemacht, es gibt keine Verletzungsgefahr.<\/p>\n","protected":false},"featured_media":33387,"comment_status":"open","ping_status":"closed","template":"","meta":{"_acf_changed":false},"product_brand":[2086],"product_cat":[580,710,1906,656,616,628],"product_tag":[],"class_list":{"0":"post-11366","1":"product","2":"type-product","3":"status-publish","4":"has-post-thumbnail","6":"product_brand-pride","7":"product_cat-equipment-de","8":"product_cat-karate-ausruestung","9":"product_cat-karate-bekleidung-zubehoer","10":"product_cat-sportarten","11":"product_cat-trainingsgerate","12":"product_cat-trainingswaffen","14":"first","15":"outofstock","16":"taxable","17":"shipping-taxable","18":"purchasable","19":"product-type-simple"},"acf":[],"yoast_head":"<!-- This site is optimized with the Yoast SEO plugin v27.5 - https:\/\/yoast.com\/product\/yoast-seo-wordpress\/ -->\n<title>Nunchaku aus Schaumstoff Pride \u2013 SoftChaku - PRIDEshop<\/title>\n<meta name=\"description\" content=\"Kinder Nunchaku aus Schaum, Pride. Nunchaku werden verwendet, um die F\u00e4higkeiten und Ausdauer der H\u00e4nde und des restlichen K\u00f6rpers im Kampfsport zu trainieren.\" \/>\n<meta name=\"robots\" content=\"index, follow, max-snippet:-1, max-image-preview:large, max-video-preview:-1\" \/>\n<link rel=\"canonical\" href=\"https:\/\/prideshop.eu\/de\/shop\/sportarten\/karate-ausruestung\/karate-bekleidung-zubehoer\/kinder-nunchaku-aus-schaum-pride\/\" \/>\n<meta property=\"og:locale\" content=\"de_DE\" \/>\n<meta property=\"og:type\" content=\"article\" \/>\n<meta property=\"og:title\" content=\"Nunchaku aus Schaumstoff Pride \u2013 SoftChaku - PRIDEshop\" \/>\n<meta property=\"og:description\" content=\"Kinder Nunchaku aus Schaum, Pride. Nunchaku werden verwendet, um die F\u00e4higkeiten und Ausdauer der H\u00e4nde und des restlichen K\u00f6rpers im Kampfsport zu trainieren.\" \/>\n<meta property=\"og:url\" content=\"https:\/\/prideshop.eu\/de\/shop\/sportarten\/karate-ausruestung\/karate-bekleidung-zubehoer\/kinder-nunchaku-aus-schaum-pride\/\" \/>\n<meta property=\"og:site_name\" content=\"PRIDEshop\" \/>\n<meta property=\"article:publisher\" content=\"https:\/\/sl-si.facebook.com\/PrideShopeu\" \/>\n<meta property=\"article:modified_time\" content=\"2026-01-13T13:19:08+00:00\" \/>\n<meta property=\"og:image\" content=\"https:\/\/prideshop.eu\/wp-content\/uploads\/2020\/09\/otroski-nunchaki-pride-7207.jpeg\" \/>\n\t<meta property=\"og:image:width\" content=\"600\" \/>\n\t<meta property=\"og:image:height\" content=\"600\" \/>\n\t<meta property=\"og:image:type\" content=\"image\/jpeg\" \/>\n<meta name=\"twitter:card\" content=\"summary_large_image\" \/>\n<script type=\"application\/ld+json\" class=\"yoast-schema-graph\">{\"@context\":\"https:\\\/\\\/schema.org\",\"@graph\":[{\"@type\":\"WebPage\",\"@id\":\"https:\\\/\\\/prideshop.eu\\\/de\\\/shop\\\/sportarten\\\/karate-ausruestung\\\/karate-bekleidung-zubehoer\\\/kinder-nunchaku-aus-schaum-pride\\\/\",\"url\":\"https:\\\/\\\/prideshop.eu\\\/de\\\/shop\\\/sportarten\\\/karate-ausruestung\\\/karate-bekleidung-zubehoer\\\/kinder-nunchaku-aus-schaum-pride\\\/\",\"name\":\"Nunchaku aus Schaumstoff Pride \u2013 SoftChaku - PRIDEshop\",\"isPartOf\":{\"@id\":\"https:\\\/\\\/prideshop.eu\\\/de\\\/#website\"},\"primaryImageOfPage\":{\"@id\":\"https:\\\/\\\/prideshop.eu\\\/de\\\/shop\\\/sportarten\\\/karate-ausruestung\\\/karate-bekleidung-zubehoer\\\/kinder-nunchaku-aus-schaum-pride\\\/#primaryimage\"},\"image\":{\"@id\":\"https:\\\/\\\/prideshop.eu\\\/de\\\/shop\\\/sportarten\\\/karate-ausruestung\\\/karate-bekleidung-zubehoer\\\/kinder-nunchaku-aus-schaum-pride\\\/#primaryimage\"},\"thumbnailUrl\":\"https:\\\/\\\/prideshop.eu\\\/wp-content\\\/uploads\\\/2020\\\/09\\\/otroski-nunchaki-pride-7207.jpeg\",\"datePublished\":\"2020-09-02T07:43:44+00:00\",\"dateModified\":\"2026-01-13T13:19:08+00:00\",\"description\":\"Kinder Nunchaku aus Schaum, Pride. Nunchaku werden verwendet, um die F\u00e4higkeiten und Ausdauer der H\u00e4nde und des restlichen K\u00f6rpers im Kampfsport zu trainieren.\",\"breadcrumb\":{\"@id\":\"https:\\\/\\\/prideshop.eu\\\/de\\\/shop\\\/sportarten\\\/karate-ausruestung\\\/karate-bekleidung-zubehoer\\\/kinder-nunchaku-aus-schaum-pride\\\/#breadcrumb\"},\"inLanguage\":\"de\",\"potentialAction\":[{\"@type\":\"ReadAction\",\"target\":[\"https:\\\/\\\/prideshop.eu\\\/de\\\/shop\\\/sportarten\\\/karate-ausruestung\\\/karate-bekleidung-zubehoer\\\/kinder-nunchaku-aus-schaum-pride\\\/\"]}]},{\"@type\":\"ImageObject\",\"inLanguage\":\"de\",\"@id\":\"https:\\\/\\\/prideshop.eu\\\/de\\\/shop\\\/sportarten\\\/karate-ausruestung\\\/karate-bekleidung-zubehoer\\\/kinder-nunchaku-aus-schaum-pride\\\/#primaryimage\",\"url\":\"https:\\\/\\\/prideshop.eu\\\/wp-content\\\/uploads\\\/2020\\\/09\\\/otroski-nunchaki-pride-7207.jpeg\",\"contentUrl\":\"https:\\\/\\\/prideshop.eu\\\/wp-content\\\/uploads\\\/2020\\\/09\\\/otroski-nunchaki-pride-7207.jpeg\",\"width\":600,\"height\":600,\"caption\":\"Kinder Nunchakus Pride schwarz mit Golddruck\"},{\"@type\":\"BreadcrumbList\",\"@id\":\"https:\\\/\\\/prideshop.eu\\\/de\\\/shop\\\/sportarten\\\/karate-ausruestung\\\/karate-bekleidung-zubehoer\\\/kinder-nunchaku-aus-schaum-pride\\\/#breadcrumb\",\"itemListElement\":[{\"@type\":\"ListItem\",\"position\":1,\"name\":\"Home\",\"item\":\"https:\\\/\\\/prideshop.eu\\\/de\\\/\"},{\"@type\":\"ListItem\",\"position\":2,\"name\":\"Gesch\u00e4ft\",\"item\":\"https:\\\/\\\/prideshop.eu\\\/de\\\/geschaeft\\\/\"},{\"@type\":\"ListItem\",\"position\":3,\"name\":\"Nunchaku aus Schaumstoff Pride \u2013 SoftChaku\"}]},{\"@type\":\"WebSite\",\"@id\":\"https:\\\/\\\/prideshop.eu\\\/de\\\/#website\",\"url\":\"https:\\\/\\\/prideshop.eu\\\/de\\\/\",\"name\":\"PRIDEshop\",\"description\":\"Oprema za Borilne \u0160porte\",\"publisher\":{\"@id\":\"https:\\\/\\\/prideshop.eu\\\/de\\\/#organization\"},\"potentialAction\":[{\"@type\":\"SearchAction\",\"target\":{\"@type\":\"EntryPoint\",\"urlTemplate\":\"https:\\\/\\\/prideshop.eu\\\/de\\\/?s={search_term_string}\"},\"query-input\":{\"@type\":\"PropertyValueSpecification\",\"valueRequired\":true,\"valueName\":\"search_term_string\"}}],\"inLanguage\":\"de\"},{\"@type\":\"Organization\",\"@id\":\"https:\\\/\\\/prideshop.eu\\\/de\\\/#organization\",\"name\":\"PRIDEshop\",\"url\":\"https:\\\/\\\/prideshop.eu\\\/de\\\/\",\"logo\":{\"@type\":\"ImageObject\",\"inLanguage\":\"de\",\"@id\":\"https:\\\/\\\/prideshop.eu\\\/de\\\/#\\\/schema\\\/logo\\\/image\\\/\",\"url\":\"\",\"contentUrl\":\"\",\"caption\":\"PRIDEshop\"},\"image\":{\"@id\":\"https:\\\/\\\/prideshop.eu\\\/de\\\/#\\\/schema\\\/logo\\\/image\\\/\"},\"sameAs\":[\"https:\\\/\\\/sl-si.facebook.com\\\/PrideShopeu\"]}]}<\/script>\n<!-- \/ Yoast SEO plugin. -->","yoast_head_json":{"title":"Nunchaku aus Schaumstoff Pride \u2013 SoftChaku - PRIDEshop","description":"Kinder Nunchaku aus Schaum, Pride. Nunchaku werden verwendet, um die F\u00e4higkeiten und Ausdauer der H\u00e4nde und des restlichen K\u00f6rpers im Kampfsport zu trainieren.","robots":{"index":"index","follow":"follow","max-snippet":"max-snippet:-1","max-image-preview":"max-image-preview:large","max-video-preview":"max-video-preview:-1"},"canonical":"https:\/\/prideshop.eu\/de\/shop\/sportarten\/karate-ausruestung\/karate-bekleidung-zubehoer\/kinder-nunchaku-aus-schaum-pride\/","og_locale":"de_DE","og_type":"article","og_title":"Nunchaku aus Schaumstoff Pride \u2013 SoftChaku - PRIDEshop","og_description":"Kinder Nunchaku aus Schaum, Pride. Nunchaku werden verwendet, um die F\u00e4higkeiten und Ausdauer der H\u00e4nde und des restlichen K\u00f6rpers im Kampfsport zu trainieren.","og_url":"https:\/\/prideshop.eu\/de\/shop\/sportarten\/karate-ausruestung\/karate-bekleidung-zubehoer\/kinder-nunchaku-aus-schaum-pride\/","og_site_name":"PRIDEshop","article_publisher":"https:\/\/sl-si.facebook.com\/PrideShopeu","article_modified_time":"2026-01-13T13:19:08+00:00","og_image":[{"width":600,"height":600,"url":"https:\/\/prideshop.eu\/wp-content\/uploads\/2020\/09\/otroski-nunchaki-pride-7207.jpeg","type":"image\/jpeg"}],"twitter_card":"summary_large_image","schema":{"@context":"https:\/\/schema.org","@graph":[{"@type":"WebPage","@id":"https:\/\/prideshop.eu\/de\/shop\/sportarten\/karate-ausruestung\/karate-bekleidung-zubehoer\/kinder-nunchaku-aus-schaum-pride\/","url":"https:\/\/prideshop.eu\/de\/shop\/sportarten\/karate-ausruestung\/karate-bekleidung-zubehoer\/kinder-nunchaku-aus-schaum-pride\/","name":"Nunchaku aus Schaumstoff Pride \u2013 SoftChaku - PRIDEshop","isPartOf":{"@id":"https:\/\/prideshop.eu\/de\/#website"},"primaryImageOfPage":{"@id":"https:\/\/prideshop.eu\/de\/shop\/sportarten\/karate-ausruestung\/karate-bekleidung-zubehoer\/kinder-nunchaku-aus-schaum-pride\/#primaryimage"},"image":{"@id":"https:\/\/prideshop.eu\/de\/shop\/sportarten\/karate-ausruestung\/karate-bekleidung-zubehoer\/kinder-nunchaku-aus-schaum-pride\/#primaryimage"},"thumbnailUrl":"https:\/\/prideshop.eu\/wp-content\/uploads\/2020\/09\/otroski-nunchaki-pride-7207.jpeg","datePublished":"2020-09-02T07:43:44+00:00","dateModified":"2026-01-13T13:19:08+00:00","description":"Kinder Nunchaku aus Schaum, Pride. Nunchaku werden verwendet, um die F\u00e4higkeiten und Ausdauer der H\u00e4nde und des restlichen K\u00f6rpers im Kampfsport zu trainieren.","breadcrumb":{"@id":"https:\/\/prideshop.eu\/de\/shop\/sportarten\/karate-ausruestung\/karate-bekleidung-zubehoer\/kinder-nunchaku-aus-schaum-pride\/#breadcrumb"},"inLanguage":"de","potentialAction":[{"@type":"ReadAction","target":["https:\/\/prideshop.eu\/de\/shop\/sportarten\/karate-ausruestung\/karate-bekleidung-zubehoer\/kinder-nunchaku-aus-schaum-pride\/"]}]},{"@type":"ImageObject","inLanguage":"de","@id":"https:\/\/prideshop.eu\/de\/shop\/sportarten\/karate-ausruestung\/karate-bekleidung-zubehoer\/kinder-nunchaku-aus-schaum-pride\/#primaryimage","url":"https:\/\/prideshop.eu\/wp-content\/uploads\/2020\/09\/otroski-nunchaki-pride-7207.jpeg","contentUrl":"https:\/\/prideshop.eu\/wp-content\/uploads\/2020\/09\/otroski-nunchaki-pride-7207.jpeg","width":600,"height":600,"caption":"Kinder Nunchakus Pride schwarz mit Golddruck"},{"@type":"BreadcrumbList","@id":"https:\/\/prideshop.eu\/de\/shop\/sportarten\/karate-ausruestung\/karate-bekleidung-zubehoer\/kinder-nunchaku-aus-schaum-pride\/#breadcrumb","itemListElement":[{"@type":"ListItem","position":1,"name":"Home","item":"https:\/\/prideshop.eu\/de\/"},{"@type":"ListItem","position":2,"name":"Gesch\u00e4ft","item":"https:\/\/prideshop.eu\/de\/geschaeft\/"},{"@type":"ListItem","position":3,"name":"Nunchaku aus Schaumstoff Pride \u2013 SoftChaku"}]},{"@type":"WebSite","@id":"https:\/\/prideshop.eu\/de\/#website","url":"https:\/\/prideshop.eu\/de\/","name":"PRIDEshop","description":"Oprema za Borilne \u0160porte","publisher":{"@id":"https:\/\/prideshop.eu\/de\/#organization"},"potentialAction":[{"@type":"SearchAction","target":{"@type":"EntryPoint","urlTemplate":"https:\/\/prideshop.eu\/de\/?s={search_term_string}"},"query-input":{"@type":"PropertyValueSpecification","valueRequired":true,"valueName":"search_term_string"}}],"inLanguage":"de"},{"@type":"Organization","@id":"https:\/\/prideshop.eu\/de\/#organization","name":"PRIDEshop","url":"https:\/\/prideshop.eu\/de\/","logo":{"@type":"ImageObject","inLanguage":"de","@id":"https:\/\/prideshop.eu\/de\/#\/schema\/logo\/image\/","url":"","contentUrl":"","caption":"PRIDEshop"},"image":{"@id":"https:\/\/prideshop.eu\/de\/#\/schema\/logo\/image\/"},"sameAs":["https:\/\/sl-si.facebook.com\/PrideShopeu"]}]}},"_links":{"self":[{"href":"https:\/\/prideshop.eu\/de\/wp-json\/wp\/v2\/product\/11366","targetHints":{"allow":["GET"]}}],"collection":[{"href":"https:\/\/prideshop.eu\/de\/wp-json\/wp\/v2\/product"}],"about":[{"href":"https:\/\/prideshop.eu\/de\/wp-json\/wp\/v2\/types\/product"}],"replies":[{"embeddable":true,"href":"https:\/\/prideshop.eu\/de\/wp-json\/wp\/v2\/comments?post=11366"}],"wp:featuredmedia":[{"embeddable":true,"href":"https:\/\/prideshop.eu\/de\/wp-json\/wp\/v2\/media\/33387"}],"wp:attachment":[{"href":"https:\/\/prideshop.eu\/de\/wp-json\/wp\/v2\/media?parent=11366"}],"wp:term":[{"taxonomy":"product_brand","embeddable":true,"href":"https:\/\/prideshop.eu\/de\/wp-json\/wp\/v2\/product_brand?post=11366"},{"taxonomy":"product_cat","embeddable":true,"href":"https:\/\/prideshop.eu\/de\/wp-json\/wp\/v2\/product_cat?post=11366"},{"taxonomy":"product_tag","embeddable":true,"href":"https:\/\/prideshop.eu\/de\/wp-json\/wp\/v2\/product_tag?post=11366"}],"curies":[{"name":"wp","href":"https:\/\/api.w.org\/{rel}","templated":true}]}}