{"id":11374,"date":"2020-09-02T10:07:42","date_gmt":"2020-09-02T08:07:42","guid":{"rendered":"https:\/\/prideshop.eu\/spletna-trgovina\/unkategorisiert\/gummimesser-als-trainingsmesser-dax\/"},"modified":"2025-08-04T10:58:36","modified_gmt":"2025-08-04T08:58:36","slug":"gummimesser-als-trainingsmesser-dax","status":"publish","type":"product","link":"https:\/\/prideshop.eu\/de\/shop\/sportarten\/krav-maga-de\/krav-maga-zubehor\/gummimesser-als-trainingsmesser-dax\/","title":{"rendered":"Trainingsmesser aus Gummi Dax \u2013 TantoR"},"content":{"rendered":"<h3>Trainingsmesser aus Gummi Dax \u2013 TantoR<\/h3>\n<p>Gummimesser als Trainingsmesser , Dax. Gummimesser in traditioneller TANTO\u2013Form, mit einer ausgepr\u00e4gten silberf\u00e4rbigen Klinge und einem profilierten schwarzen Griff f\u00fcr einen guten Halt. Es ist flexibel und bietet ein realistisches Training zur Abwehr gegen einen Messerangriff sowie ein sicheres Messer\u2013zu\u2013Messer\u2013Kampftraining.nnDie L\u00e4nge der Klinge betr\u00e4gt ca. 14 cm und des Griffs ca. 10 cm<\/p>\n","protected":false},"excerpt":{"rendered":"<p>Gummimesser als Trainingsmesser , Dax. Gummimesser in traditioneller TANTO\u2013Form, mit einer ausgepr\u00e4gten silberf\u00e4rbigen Klinge und einem profilierten schwarzen Griff f\u00fcr einen guten Halt. Es ist flexibel und bietet ein realistisches Training zur Abwehr gegen einen Messerangriff sowie ein sicheres Messer\u2013zu\u2013Messer\u2013Kampftraining.nnDie L\u00e4nge der Klinge betr\u00e4gt ca. 14 cm und des Griffs ca. 10 cm<\/p>\n","protected":false},"featured_media":33347,"comment_status":"open","ping_status":"closed","template":"","meta":{"_acf_changed":false},"product_brand":[2096],"product_cat":[658,580,690,692,734,736,656,616,628],"product_tag":[],"class_list":{"0":"post-11374","1":"product","2":"type-product","3":"status-publish","4":"has-post-thumbnail","6":"product_brand-dax","7":"product_cat-aikido-de","8":"product_cat-equipment-de","9":"product_cat-ju-jitsu-de","10":"product_cat-ju-jutsu-zubehor","11":"product_cat-krav-maga-de","12":"product_cat-krav-maga-zubehor","13":"product_cat-sportarten","14":"product_cat-trainingsgerate","15":"product_cat-trainingswaffen","17":"first","18":"instock","19":"taxable","20":"shipping-taxable","21":"purchasable","22":"product-type-simple"},"acf":[],"yoast_head":"<!-- This site is optimized with the Yoast SEO plugin v27.5 - https:\/\/yoast.com\/product\/yoast-seo-wordpress\/ -->\n<title>Trainingsmesser aus Gummi Dax \u2013 TantoR - PRIDEshop<\/title>\n<meta name=\"description\" content=\"Gummimesser in traditioneller TANTO-Form, mit einer ausgepr\u00e4gten silberf\u00e4rbigen Klinge und einem profilierten schwarzen Griff f\u00fcr einen guten Halt.\" \/>\n<meta name=\"robots\" content=\"index, follow, max-snippet:-1, max-image-preview:large, max-video-preview:-1\" \/>\n<link rel=\"canonical\" href=\"https:\/\/prideshop.eu\/de\/shop\/sportarten\/krav-maga-de\/krav-maga-zubehor\/gummimesser-als-trainingsmesser-dax\/\" \/>\n<meta property=\"og:locale\" content=\"de_DE\" \/>\n<meta property=\"og:type\" content=\"article\" \/>\n<meta property=\"og:title\" content=\"Trainingsmesser aus Gummi Dax \u2013 TantoR - PRIDEshop\" \/>\n<meta property=\"og:description\" content=\"Gummimesser in traditioneller TANTO-Form, mit einer ausgepr\u00e4gten silberf\u00e4rbigen Klinge und einem profilierten schwarzen Griff f\u00fcr einen guten Halt.\" \/>\n<meta property=\"og:url\" content=\"https:\/\/prideshop.eu\/de\/shop\/sportarten\/krav-maga-de\/krav-maga-zubehor\/gummimesser-als-trainingsmesser-dax\/\" \/>\n<meta property=\"og:site_name\" content=\"PRIDEshop\" \/>\n<meta property=\"article:publisher\" content=\"https:\/\/sl-si.facebook.com\/PrideShopeu\" \/>\n<meta property=\"article:modified_time\" content=\"2025-08-04T08:58:36+00:00\" \/>\n<meta property=\"og:image\" content=\"https:\/\/prideshop.eu\/wp-content\/uploads\/2020\/09\/gumijasti-noz-7212.jpeg\" \/>\n\t<meta property=\"og:image:width\" content=\"350\" \/>\n\t<meta property=\"og:image:height\" content=\"350\" \/>\n\t<meta property=\"og:image:type\" content=\"image\/jpeg\" \/>\n<meta name=\"twitter:card\" content=\"summary_large_image\" \/>\n<script type=\"application\/ld+json\" class=\"yoast-schema-graph\">{\"@context\":\"https:\\\/\\\/schema.org\",\"@graph\":[{\"@type\":\"WebPage\",\"@id\":\"https:\\\/\\\/prideshop.eu\\\/de\\\/shop\\\/sportarten\\\/krav-maga-de\\\/krav-maga-zubehor\\\/gummimesser-als-trainingsmesser-dax\\\/\",\"url\":\"https:\\\/\\\/prideshop.eu\\\/de\\\/shop\\\/sportarten\\\/krav-maga-de\\\/krav-maga-zubehor\\\/gummimesser-als-trainingsmesser-dax\\\/\",\"name\":\"Trainingsmesser aus Gummi Dax \u2013 TantoR - PRIDEshop\",\"isPartOf\":{\"@id\":\"https:\\\/\\\/prideshop.eu\\\/de\\\/#website\"},\"primaryImageOfPage\":{\"@id\":\"https:\\\/\\\/prideshop.eu\\\/de\\\/shop\\\/sportarten\\\/krav-maga-de\\\/krav-maga-zubehor\\\/gummimesser-als-trainingsmesser-dax\\\/#primaryimage\"},\"image\":{\"@id\":\"https:\\\/\\\/prideshop.eu\\\/de\\\/shop\\\/sportarten\\\/krav-maga-de\\\/krav-maga-zubehor\\\/gummimesser-als-trainingsmesser-dax\\\/#primaryimage\"},\"thumbnailUrl\":\"https:\\\/\\\/prideshop.eu\\\/wp-content\\\/uploads\\\/2020\\\/09\\\/gumijasti-noz-7212.jpeg\",\"datePublished\":\"2020-09-02T08:07:42+00:00\",\"dateModified\":\"2025-08-04T08:58:36+00:00\",\"description\":\"Gummimesser in traditioneller TANTO-Form, mit einer ausgepr\u00e4gten silberf\u00e4rbigen Klinge und einem profilierten schwarzen Griff f\u00fcr einen guten Halt.\",\"breadcrumb\":{\"@id\":\"https:\\\/\\\/prideshop.eu\\\/de\\\/shop\\\/sportarten\\\/krav-maga-de\\\/krav-maga-zubehor\\\/gummimesser-als-trainingsmesser-dax\\\/#breadcrumb\"},\"inLanguage\":\"de\",\"potentialAction\":[{\"@type\":\"ReadAction\",\"target\":[\"https:\\\/\\\/prideshop.eu\\\/de\\\/shop\\\/sportarten\\\/krav-maga-de\\\/krav-maga-zubehor\\\/gummimesser-als-trainingsmesser-dax\\\/\"]}]},{\"@type\":\"ImageObject\",\"inLanguage\":\"de\",\"@id\":\"https:\\\/\\\/prideshop.eu\\\/de\\\/shop\\\/sportarten\\\/krav-maga-de\\\/krav-maga-zubehor\\\/gummimesser-als-trainingsmesser-dax\\\/#primaryimage\",\"url\":\"https:\\\/\\\/prideshop.eu\\\/wp-content\\\/uploads\\\/2020\\\/09\\\/gumijasti-noz-7212.jpeg\",\"contentUrl\":\"https:\\\/\\\/prideshop.eu\\\/wp-content\\\/uploads\\\/2020\\\/09\\\/gumijasti-noz-7212.jpeg\",\"width\":350,\"height\":350,\"caption\":\"Graues Gummimesser Dax mit schwarzem Griff\"},{\"@type\":\"BreadcrumbList\",\"@id\":\"https:\\\/\\\/prideshop.eu\\\/de\\\/shop\\\/sportarten\\\/krav-maga-de\\\/krav-maga-zubehor\\\/gummimesser-als-trainingsmesser-dax\\\/#breadcrumb\",\"itemListElement\":[{\"@type\":\"ListItem\",\"position\":1,\"name\":\"Home\",\"item\":\"https:\\\/\\\/prideshop.eu\\\/de\\\/\"},{\"@type\":\"ListItem\",\"position\":2,\"name\":\"Gesch\u00e4ft\",\"item\":\"https:\\\/\\\/prideshop.eu\\\/de\\\/geschaeft\\\/\"},{\"@type\":\"ListItem\",\"position\":3,\"name\":\"Trainingsmesser aus Gummi Dax \u2013 TantoR\"}]},{\"@type\":\"WebSite\",\"@id\":\"https:\\\/\\\/prideshop.eu\\\/de\\\/#website\",\"url\":\"https:\\\/\\\/prideshop.eu\\\/de\\\/\",\"name\":\"PRIDEshop\",\"description\":\"Oprema za Borilne \u0160porte\",\"publisher\":{\"@id\":\"https:\\\/\\\/prideshop.eu\\\/de\\\/#organization\"},\"potentialAction\":[{\"@type\":\"SearchAction\",\"target\":{\"@type\":\"EntryPoint\",\"urlTemplate\":\"https:\\\/\\\/prideshop.eu\\\/de\\\/?s={search_term_string}\"},\"query-input\":{\"@type\":\"PropertyValueSpecification\",\"valueRequired\":true,\"valueName\":\"search_term_string\"}}],\"inLanguage\":\"de\"},{\"@type\":\"Organization\",\"@id\":\"https:\\\/\\\/prideshop.eu\\\/de\\\/#organization\",\"name\":\"PRIDEshop\",\"url\":\"https:\\\/\\\/prideshop.eu\\\/de\\\/\",\"logo\":{\"@type\":\"ImageObject\",\"inLanguage\":\"de\",\"@id\":\"https:\\\/\\\/prideshop.eu\\\/de\\\/#\\\/schema\\\/logo\\\/image\\\/\",\"url\":\"\",\"contentUrl\":\"\",\"caption\":\"PRIDEshop\"},\"image\":{\"@id\":\"https:\\\/\\\/prideshop.eu\\\/de\\\/#\\\/schema\\\/logo\\\/image\\\/\"},\"sameAs\":[\"https:\\\/\\\/sl-si.facebook.com\\\/PrideShopeu\"]}]}<\/script>\n<!-- \/ Yoast SEO plugin. -->","yoast_head_json":{"title":"Trainingsmesser aus Gummi Dax \u2013 TantoR - PRIDEshop","description":"Gummimesser in traditioneller TANTO-Form, mit einer ausgepr\u00e4gten silberf\u00e4rbigen Klinge und einem profilierten schwarzen Griff f\u00fcr einen guten Halt.","robots":{"index":"index","follow":"follow","max-snippet":"max-snippet:-1","max-image-preview":"max-image-preview:large","max-video-preview":"max-video-preview:-1"},"canonical":"https:\/\/prideshop.eu\/de\/shop\/sportarten\/krav-maga-de\/krav-maga-zubehor\/gummimesser-als-trainingsmesser-dax\/","og_locale":"de_DE","og_type":"article","og_title":"Trainingsmesser aus Gummi Dax \u2013 TantoR - PRIDEshop","og_description":"Gummimesser in traditioneller TANTO-Form, mit einer ausgepr\u00e4gten silberf\u00e4rbigen Klinge und einem profilierten schwarzen Griff f\u00fcr einen guten Halt.","og_url":"https:\/\/prideshop.eu\/de\/shop\/sportarten\/krav-maga-de\/krav-maga-zubehor\/gummimesser-als-trainingsmesser-dax\/","og_site_name":"PRIDEshop","article_publisher":"https:\/\/sl-si.facebook.com\/PrideShopeu","article_modified_time":"2025-08-04T08:58:36+00:00","og_image":[{"width":350,"height":350,"url":"https:\/\/prideshop.eu\/wp-content\/uploads\/2020\/09\/gumijasti-noz-7212.jpeg","type":"image\/jpeg"}],"twitter_card":"summary_large_image","schema":{"@context":"https:\/\/schema.org","@graph":[{"@type":"WebPage","@id":"https:\/\/prideshop.eu\/de\/shop\/sportarten\/krav-maga-de\/krav-maga-zubehor\/gummimesser-als-trainingsmesser-dax\/","url":"https:\/\/prideshop.eu\/de\/shop\/sportarten\/krav-maga-de\/krav-maga-zubehor\/gummimesser-als-trainingsmesser-dax\/","name":"Trainingsmesser aus Gummi Dax \u2013 TantoR - PRIDEshop","isPartOf":{"@id":"https:\/\/prideshop.eu\/de\/#website"},"primaryImageOfPage":{"@id":"https:\/\/prideshop.eu\/de\/shop\/sportarten\/krav-maga-de\/krav-maga-zubehor\/gummimesser-als-trainingsmesser-dax\/#primaryimage"},"image":{"@id":"https:\/\/prideshop.eu\/de\/shop\/sportarten\/krav-maga-de\/krav-maga-zubehor\/gummimesser-als-trainingsmesser-dax\/#primaryimage"},"thumbnailUrl":"https:\/\/prideshop.eu\/wp-content\/uploads\/2020\/09\/gumijasti-noz-7212.jpeg","datePublished":"2020-09-02T08:07:42+00:00","dateModified":"2025-08-04T08:58:36+00:00","description":"Gummimesser in traditioneller TANTO-Form, mit einer ausgepr\u00e4gten silberf\u00e4rbigen Klinge und einem profilierten schwarzen Griff f\u00fcr einen guten Halt.","breadcrumb":{"@id":"https:\/\/prideshop.eu\/de\/shop\/sportarten\/krav-maga-de\/krav-maga-zubehor\/gummimesser-als-trainingsmesser-dax\/#breadcrumb"},"inLanguage":"de","potentialAction":[{"@type":"ReadAction","target":["https:\/\/prideshop.eu\/de\/shop\/sportarten\/krav-maga-de\/krav-maga-zubehor\/gummimesser-als-trainingsmesser-dax\/"]}]},{"@type":"ImageObject","inLanguage":"de","@id":"https:\/\/prideshop.eu\/de\/shop\/sportarten\/krav-maga-de\/krav-maga-zubehor\/gummimesser-als-trainingsmesser-dax\/#primaryimage","url":"https:\/\/prideshop.eu\/wp-content\/uploads\/2020\/09\/gumijasti-noz-7212.jpeg","contentUrl":"https:\/\/prideshop.eu\/wp-content\/uploads\/2020\/09\/gumijasti-noz-7212.jpeg","width":350,"height":350,"caption":"Graues Gummimesser Dax mit schwarzem Griff"},{"@type":"BreadcrumbList","@id":"https:\/\/prideshop.eu\/de\/shop\/sportarten\/krav-maga-de\/krav-maga-zubehor\/gummimesser-als-trainingsmesser-dax\/#breadcrumb","itemListElement":[{"@type":"ListItem","position":1,"name":"Home","item":"https:\/\/prideshop.eu\/de\/"},{"@type":"ListItem","position":2,"name":"Gesch\u00e4ft","item":"https:\/\/prideshop.eu\/de\/geschaeft\/"},{"@type":"ListItem","position":3,"name":"Trainingsmesser aus Gummi Dax \u2013 TantoR"}]},{"@type":"WebSite","@id":"https:\/\/prideshop.eu\/de\/#website","url":"https:\/\/prideshop.eu\/de\/","name":"PRIDEshop","description":"Oprema za Borilne \u0160porte","publisher":{"@id":"https:\/\/prideshop.eu\/de\/#organization"},"potentialAction":[{"@type":"SearchAction","target":{"@type":"EntryPoint","urlTemplate":"https:\/\/prideshop.eu\/de\/?s={search_term_string}"},"query-input":{"@type":"PropertyValueSpecification","valueRequired":true,"valueName":"search_term_string"}}],"inLanguage":"de"},{"@type":"Organization","@id":"https:\/\/prideshop.eu\/de\/#organization","name":"PRIDEshop","url":"https:\/\/prideshop.eu\/de\/","logo":{"@type":"ImageObject","inLanguage":"de","@id":"https:\/\/prideshop.eu\/de\/#\/schema\/logo\/image\/","url":"","contentUrl":"","caption":"PRIDEshop"},"image":{"@id":"https:\/\/prideshop.eu\/de\/#\/schema\/logo\/image\/"},"sameAs":["https:\/\/sl-si.facebook.com\/PrideShopeu"]}]}},"_links":{"self":[{"href":"https:\/\/prideshop.eu\/de\/wp-json\/wp\/v2\/product\/11374","targetHints":{"allow":["GET"]}}],"collection":[{"href":"https:\/\/prideshop.eu\/de\/wp-json\/wp\/v2\/product"}],"about":[{"href":"https:\/\/prideshop.eu\/de\/wp-json\/wp\/v2\/types\/product"}],"replies":[{"embeddable":true,"href":"https:\/\/prideshop.eu\/de\/wp-json\/wp\/v2\/comments?post=11374"}],"wp:featuredmedia":[{"embeddable":true,"href":"https:\/\/prideshop.eu\/de\/wp-json\/wp\/v2\/media\/33347"}],"wp:attachment":[{"href":"https:\/\/prideshop.eu\/de\/wp-json\/wp\/v2\/media?parent=11374"}],"wp:term":[{"taxonomy":"product_brand","embeddable":true,"href":"https:\/\/prideshop.eu\/de\/wp-json\/wp\/v2\/product_brand?post=11374"},{"taxonomy":"product_cat","embeddable":true,"href":"https:\/\/prideshop.eu\/de\/wp-json\/wp\/v2\/product_cat?post=11374"},{"taxonomy":"product_tag","embeddable":true,"href":"https:\/\/prideshop.eu\/de\/wp-json\/wp\/v2\/product_tag?post=11374"}],"curies":[{"name":"wp","href":"https:\/\/api.w.org\/{rel}","templated":true}]}}