{"id":11392,"date":"2020-09-18T15:20:01","date_gmt":"2020-09-18T13:20:01","guid":{"rendered":"https:\/\/prideshop.eu\/spletna-trgovina\/unkategorisiert\/boxring-aiba-adidas\/"},"modified":"2025-08-04T10:58:37","modified_gmt":"2025-08-04T08:58:37","slug":"boxring-aiba-adidas","status":"publish","type":"product","link":"https:\/\/prideshop.eu\/de\/shop\/sportarten\/boxen\/boxen-zubehor\/boxring-aiba-adidas\/","title":{"rendered":"Wettkampf-Boxring IBA zertifiziert \u2013 EliteBox"},"content":{"rendered":"<h3>Wettkampf-Boxring IBA zertifiziert \u2013 EliteBox<\/h3>\n<p>Boxring Aiba, Adidas Der Aiba Boxring ist von der AIBA World Boxing Federation f\u00fcr alle Wettk\u00e4mpfe und Trainingseinheiten zugelassen.nAu\u00dfenma\u00dfe: 7,8 x 7,8 m. Innenma\u00dfe: 6,1 x 6,1 m. H\u00f6he: 1m. H\u00f6chster Punkt: 2,3 m<\/p>\n","protected":false},"excerpt":{"rendered":"<p>Boxring Aiba, Adidas Der Aiba Boxring ist von der AIBA World Boxing Federation f\u00fcr alle Wettk\u00e4mpfe und Trainingseinheiten zugelassen.nAu\u00dfenma\u00dfe: 7,8 x 7,8 m. Innenma\u00dfe: 6,1 x 6,1 m. H\u00f6he: 1m. H\u00f6chster Punkt: 2,3 m<\/p>\n","protected":false},"featured_media":35086,"comment_status":"open","ping_status":"closed","template":"","meta":{"_acf_changed":false},"product_brand":[],"product_cat":[664,620,674,580,656,616],"product_tag":[],"class_list":{"0":"post-11392","1":"product","2":"type-product","3":"status-publish","4":"has-post-thumbnail","6":"product_cat-boxen","7":"product_cat-boxringe-und-zubehor","8":"product_cat-boxen-zubehor","9":"product_cat-equipment-de","10":"product_cat-sportarten","11":"product_cat-trainingsgerate","13":"first","14":"instock","15":"taxable","16":"shipping-taxable","17":"purchasable","18":"product-type-simple"},"acf":[],"yoast_head":"<!-- This site is optimized with the Yoast SEO plugin v27.4 - https:\/\/yoast.com\/product\/yoast-seo-wordpress\/ -->\n<title>Wettkampf-Boxring IBA zertifiziert \u2013 EliteBox - PRIDEshop<\/title>\n<meta name=\"description\" content=\"Boxring Aiba, Adidas. Der Aiba Boxring ist von der AIBA World Boxing Federation f\u00fcr alle Wettk\u00e4mpfe und Trainingseinheiten zugelassen.\" \/>\n<meta name=\"robots\" content=\"index, follow, max-snippet:-1, max-image-preview:large, max-video-preview:-1\" \/>\n<link rel=\"canonical\" href=\"https:\/\/prideshop.eu\/de\/shop\/sportarten\/boxen\/boxen-zubehor\/boxring-aiba-adidas\/\" \/>\n<meta property=\"og:locale\" content=\"de_DE\" \/>\n<meta property=\"og:type\" content=\"article\" \/>\n<meta property=\"og:title\" content=\"Wettkampf-Boxring IBA zertifiziert \u2013 EliteBox - PRIDEshop\" \/>\n<meta property=\"og:description\" content=\"Boxring Aiba, Adidas. Der Aiba Boxring ist von der AIBA World Boxing Federation f\u00fcr alle Wettk\u00e4mpfe und Trainingseinheiten zugelassen.\" \/>\n<meta property=\"og:url\" content=\"https:\/\/prideshop.eu\/de\/shop\/sportarten\/boxen\/boxen-zubehor\/boxring-aiba-adidas\/\" \/>\n<meta property=\"og:site_name\" content=\"PRIDEshop\" \/>\n<meta property=\"article:publisher\" content=\"https:\/\/sl-si.facebook.com\/PrideShopeu\" \/>\n<meta property=\"article:modified_time\" content=\"2025-08-04T08:58:37+00:00\" \/>\n<meta property=\"og:image\" content=\"https:\/\/prideshop.eu\/wp-content\/uploads\/2020\/09\/boksarski-ring-aiba-8005.jpeg\" \/>\n\t<meta property=\"og:image:width\" content=\"600\" \/>\n\t<meta property=\"og:image:height\" content=\"600\" \/>\n\t<meta property=\"og:image:type\" content=\"image\/jpeg\" \/>\n<meta name=\"twitter:card\" content=\"summary_large_image\" \/>\n<script type=\"application\/ld+json\" class=\"yoast-schema-graph\">{\"@context\":\"https:\\\/\\\/schema.org\",\"@graph\":[{\"@type\":\"WebPage\",\"@id\":\"https:\\\/\\\/prideshop.eu\\\/de\\\/shop\\\/sportarten\\\/boxen\\\/boxen-zubehor\\\/boxring-aiba-adidas\\\/\",\"url\":\"https:\\\/\\\/prideshop.eu\\\/de\\\/shop\\\/sportarten\\\/boxen\\\/boxen-zubehor\\\/boxring-aiba-adidas\\\/\",\"name\":\"Wettkampf-Boxring IBA zertifiziert \u2013 EliteBox - PRIDEshop\",\"isPartOf\":{\"@id\":\"https:\\\/\\\/prideshop.eu\\\/de\\\/#website\"},\"primaryImageOfPage\":{\"@id\":\"https:\\\/\\\/prideshop.eu\\\/de\\\/shop\\\/sportarten\\\/boxen\\\/boxen-zubehor\\\/boxring-aiba-adidas\\\/#primaryimage\"},\"image\":{\"@id\":\"https:\\\/\\\/prideshop.eu\\\/de\\\/shop\\\/sportarten\\\/boxen\\\/boxen-zubehor\\\/boxring-aiba-adidas\\\/#primaryimage\"},\"thumbnailUrl\":\"https:\\\/\\\/prideshop.eu\\\/wp-content\\\/uploads\\\/2020\\\/09\\\/boksarski-ring-aiba-8005.jpeg\",\"datePublished\":\"2020-09-18T13:20:01+00:00\",\"dateModified\":\"2025-08-04T08:58:37+00:00\",\"description\":\"Boxring Aiba, Adidas. Der Aiba Boxring ist von der AIBA World Boxing Federation f\u00fcr alle Wettk\u00e4mpfe und Trainingseinheiten zugelassen.\",\"breadcrumb\":{\"@id\":\"https:\\\/\\\/prideshop.eu\\\/de\\\/shop\\\/sportarten\\\/boxen\\\/boxen-zubehor\\\/boxring-aiba-adidas\\\/#breadcrumb\"},\"inLanguage\":\"de\",\"potentialAction\":[{\"@type\":\"ReadAction\",\"target\":[\"https:\\\/\\\/prideshop.eu\\\/de\\\/shop\\\/sportarten\\\/boxen\\\/boxen-zubehor\\\/boxring-aiba-adidas\\\/\"]}]},{\"@type\":\"ImageObject\",\"inLanguage\":\"de\",\"@id\":\"https:\\\/\\\/prideshop.eu\\\/de\\\/shop\\\/sportarten\\\/boxen\\\/boxen-zubehor\\\/boxring-aiba-adidas\\\/#primaryimage\",\"url\":\"https:\\\/\\\/prideshop.eu\\\/wp-content\\\/uploads\\\/2020\\\/09\\\/boksarski-ring-aiba-8005.jpeg\",\"contentUrl\":\"https:\\\/\\\/prideshop.eu\\\/wp-content\\\/uploads\\\/2020\\\/09\\\/boksarski-ring-aiba-8005.jpeg\",\"width\":600,\"height\":600,\"caption\":\"Boxring Aiba Adidas\"},{\"@type\":\"BreadcrumbList\",\"@id\":\"https:\\\/\\\/prideshop.eu\\\/de\\\/shop\\\/sportarten\\\/boxen\\\/boxen-zubehor\\\/boxring-aiba-adidas\\\/#breadcrumb\",\"itemListElement\":[{\"@type\":\"ListItem\",\"position\":1,\"name\":\"Home\",\"item\":\"https:\\\/\\\/prideshop.eu\\\/de\\\/\"},{\"@type\":\"ListItem\",\"position\":2,\"name\":\"Gesch\u00e4ft\",\"item\":\"https:\\\/\\\/prideshop.eu\\\/de\\\/geschaeft\\\/\"},{\"@type\":\"ListItem\",\"position\":3,\"name\":\"Wettkampf-Boxring IBA zertifiziert \u2013 EliteBox\"}]},{\"@type\":\"WebSite\",\"@id\":\"https:\\\/\\\/prideshop.eu\\\/de\\\/#website\",\"url\":\"https:\\\/\\\/prideshop.eu\\\/de\\\/\",\"name\":\"PRIDEshop\",\"description\":\"Oprema za Borilne \u0160porte\",\"publisher\":{\"@id\":\"https:\\\/\\\/prideshop.eu\\\/de\\\/#organization\"},\"potentialAction\":[{\"@type\":\"SearchAction\",\"target\":{\"@type\":\"EntryPoint\",\"urlTemplate\":\"https:\\\/\\\/prideshop.eu\\\/de\\\/?s={search_term_string}\"},\"query-input\":{\"@type\":\"PropertyValueSpecification\",\"valueRequired\":true,\"valueName\":\"search_term_string\"}}],\"inLanguage\":\"de\"},{\"@type\":\"Organization\",\"@id\":\"https:\\\/\\\/prideshop.eu\\\/de\\\/#organization\",\"name\":\"PRIDEshop\",\"url\":\"https:\\\/\\\/prideshop.eu\\\/de\\\/\",\"logo\":{\"@type\":\"ImageObject\",\"inLanguage\":\"de\",\"@id\":\"https:\\\/\\\/prideshop.eu\\\/de\\\/#\\\/schema\\\/logo\\\/image\\\/\",\"url\":\"\",\"contentUrl\":\"\",\"caption\":\"PRIDEshop\"},\"image\":{\"@id\":\"https:\\\/\\\/prideshop.eu\\\/de\\\/#\\\/schema\\\/logo\\\/image\\\/\"},\"sameAs\":[\"https:\\\/\\\/sl-si.facebook.com\\\/PrideShopeu\"]}]}<\/script>\n<!-- \/ Yoast SEO plugin. -->","yoast_head_json":{"title":"Wettkampf-Boxring IBA zertifiziert \u2013 EliteBox - PRIDEshop","description":"Boxring Aiba, Adidas. Der Aiba Boxring ist von der AIBA World Boxing Federation f\u00fcr alle Wettk\u00e4mpfe und Trainingseinheiten zugelassen.","robots":{"index":"index","follow":"follow","max-snippet":"max-snippet:-1","max-image-preview":"max-image-preview:large","max-video-preview":"max-video-preview:-1"},"canonical":"https:\/\/prideshop.eu\/de\/shop\/sportarten\/boxen\/boxen-zubehor\/boxring-aiba-adidas\/","og_locale":"de_DE","og_type":"article","og_title":"Wettkampf-Boxring IBA zertifiziert \u2013 EliteBox - PRIDEshop","og_description":"Boxring Aiba, Adidas. Der Aiba Boxring ist von der AIBA World Boxing Federation f\u00fcr alle Wettk\u00e4mpfe und Trainingseinheiten zugelassen.","og_url":"https:\/\/prideshop.eu\/de\/shop\/sportarten\/boxen\/boxen-zubehor\/boxring-aiba-adidas\/","og_site_name":"PRIDEshop","article_publisher":"https:\/\/sl-si.facebook.com\/PrideShopeu","article_modified_time":"2025-08-04T08:58:37+00:00","og_image":[{"width":600,"height":600,"url":"https:\/\/prideshop.eu\/wp-content\/uploads\/2020\/09\/boksarski-ring-aiba-8005.jpeg","type":"image\/jpeg"}],"twitter_card":"summary_large_image","schema":{"@context":"https:\/\/schema.org","@graph":[{"@type":"WebPage","@id":"https:\/\/prideshop.eu\/de\/shop\/sportarten\/boxen\/boxen-zubehor\/boxring-aiba-adidas\/","url":"https:\/\/prideshop.eu\/de\/shop\/sportarten\/boxen\/boxen-zubehor\/boxring-aiba-adidas\/","name":"Wettkampf-Boxring IBA zertifiziert \u2013 EliteBox - PRIDEshop","isPartOf":{"@id":"https:\/\/prideshop.eu\/de\/#website"},"primaryImageOfPage":{"@id":"https:\/\/prideshop.eu\/de\/shop\/sportarten\/boxen\/boxen-zubehor\/boxring-aiba-adidas\/#primaryimage"},"image":{"@id":"https:\/\/prideshop.eu\/de\/shop\/sportarten\/boxen\/boxen-zubehor\/boxring-aiba-adidas\/#primaryimage"},"thumbnailUrl":"https:\/\/prideshop.eu\/wp-content\/uploads\/2020\/09\/boksarski-ring-aiba-8005.jpeg","datePublished":"2020-09-18T13:20:01+00:00","dateModified":"2025-08-04T08:58:37+00:00","description":"Boxring Aiba, Adidas. Der Aiba Boxring ist von der AIBA World Boxing Federation f\u00fcr alle Wettk\u00e4mpfe und Trainingseinheiten zugelassen.","breadcrumb":{"@id":"https:\/\/prideshop.eu\/de\/shop\/sportarten\/boxen\/boxen-zubehor\/boxring-aiba-adidas\/#breadcrumb"},"inLanguage":"de","potentialAction":[{"@type":"ReadAction","target":["https:\/\/prideshop.eu\/de\/shop\/sportarten\/boxen\/boxen-zubehor\/boxring-aiba-adidas\/"]}]},{"@type":"ImageObject","inLanguage":"de","@id":"https:\/\/prideshop.eu\/de\/shop\/sportarten\/boxen\/boxen-zubehor\/boxring-aiba-adidas\/#primaryimage","url":"https:\/\/prideshop.eu\/wp-content\/uploads\/2020\/09\/boksarski-ring-aiba-8005.jpeg","contentUrl":"https:\/\/prideshop.eu\/wp-content\/uploads\/2020\/09\/boksarski-ring-aiba-8005.jpeg","width":600,"height":600,"caption":"Boxring Aiba Adidas"},{"@type":"BreadcrumbList","@id":"https:\/\/prideshop.eu\/de\/shop\/sportarten\/boxen\/boxen-zubehor\/boxring-aiba-adidas\/#breadcrumb","itemListElement":[{"@type":"ListItem","position":1,"name":"Home","item":"https:\/\/prideshop.eu\/de\/"},{"@type":"ListItem","position":2,"name":"Gesch\u00e4ft","item":"https:\/\/prideshop.eu\/de\/geschaeft\/"},{"@type":"ListItem","position":3,"name":"Wettkampf-Boxring IBA zertifiziert \u2013 EliteBox"}]},{"@type":"WebSite","@id":"https:\/\/prideshop.eu\/de\/#website","url":"https:\/\/prideshop.eu\/de\/","name":"PRIDEshop","description":"Oprema za Borilne \u0160porte","publisher":{"@id":"https:\/\/prideshop.eu\/de\/#organization"},"potentialAction":[{"@type":"SearchAction","target":{"@type":"EntryPoint","urlTemplate":"https:\/\/prideshop.eu\/de\/?s={search_term_string}"},"query-input":{"@type":"PropertyValueSpecification","valueRequired":true,"valueName":"search_term_string"}}],"inLanguage":"de"},{"@type":"Organization","@id":"https:\/\/prideshop.eu\/de\/#organization","name":"PRIDEshop","url":"https:\/\/prideshop.eu\/de\/","logo":{"@type":"ImageObject","inLanguage":"de","@id":"https:\/\/prideshop.eu\/de\/#\/schema\/logo\/image\/","url":"","contentUrl":"","caption":"PRIDEshop"},"image":{"@id":"https:\/\/prideshop.eu\/de\/#\/schema\/logo\/image\/"},"sameAs":["https:\/\/sl-si.facebook.com\/PrideShopeu"]}]}},"_links":{"self":[{"href":"https:\/\/prideshop.eu\/de\/wp-json\/wp\/v2\/product\/11392","targetHints":{"allow":["GET"]}}],"collection":[{"href":"https:\/\/prideshop.eu\/de\/wp-json\/wp\/v2\/product"}],"about":[{"href":"https:\/\/prideshop.eu\/de\/wp-json\/wp\/v2\/types\/product"}],"replies":[{"embeddable":true,"href":"https:\/\/prideshop.eu\/de\/wp-json\/wp\/v2\/comments?post=11392"}],"wp:featuredmedia":[{"embeddable":true,"href":"https:\/\/prideshop.eu\/de\/wp-json\/wp\/v2\/media\/35086"}],"wp:attachment":[{"href":"https:\/\/prideshop.eu\/de\/wp-json\/wp\/v2\/media?parent=11392"}],"wp:term":[{"taxonomy":"product_brand","embeddable":true,"href":"https:\/\/prideshop.eu\/de\/wp-json\/wp\/v2\/product_brand?post=11392"},{"taxonomy":"product_cat","embeddable":true,"href":"https:\/\/prideshop.eu\/de\/wp-json\/wp\/v2\/product_cat?post=11392"},{"taxonomy":"product_tag","embeddable":true,"href":"https:\/\/prideshop.eu\/de\/wp-json\/wp\/v2\/product_tag?post=11392"}],"curies":[{"name":"wp","href":"https:\/\/api.w.org\/{rel}","templated":true}]}}