{"id":11414,"date":"2020-09-12T10:39:19","date_gmt":"2020-09-12T08:39:19","guid":{"rendered":"https:\/\/prideshop.eu\/spletna-trgovina\/unkategorisiert\/thai-masagge-ol-120ml-namman-muay\/"},"modified":"2026-01-12T20:03:26","modified_gmt":"2026-01-12T19:03:26","slug":"thai-masagge-ol-120ml-namman-muay","status":"publish","type":"product","link":"https:\/\/prideshop.eu\/de\/shop\/sportarten\/itf-taekwondo-traditonelles-taekwondo\/taekwondo-zubehor-itf\/thai-masagge-ol-120ml-namman-muay\/","title":{"rendered":"Namman Muay Thai-Massage\u00f6l \u2013 EU-Formel"},"content":{"rendered":"<h3>Namman Muay Thai-Massage\u00f6l \u2013 EU-Formel<\/h3>\n<p>Thai Masagge \u00d6l 120ml, Namman Muay Namman Muay ist ein erw\u00e4rmendes Massage\u00f6l und ist das Kronenprodukt des Herstellers Devakam Apothecary. Es wurde f\u00fcr die Bed\u00fcrfnisse thail\u00e4ndischer Boxk\u00e4mpfer entwickelt. Es wird mittlerweile von vielen Profi\u2013 und Hobbysportlern sowie Masseuren und Physiotherapeuten auf der ganzen Welt verwendet. Namman Mauay\u2122 \u00d6l ist \u00fcberall auf der Welt an seiner charakteristischen gelben Farbe und dem Geruch von thail\u00e4ndischen Kr\u00e4utern zu erkennen. Verpackung 120ml. ANWENDUNG: Vor und nach sportlichen Aktivit\u00e4ten. Tragen Sie das \u00d6l auf Muskeln, Sehnen, Gelenke auf und massieren Sie es sanft in die Haut ein. Bis zu dreimal t\u00e4glich.<\/p>\n","protected":false},"excerpt":{"rendered":"<p>Thai Masagge \u00d6l 120ml, Namman Muay Namman Muay ist ein erw\u00e4rmendes Massage\u00f6l und ist das Kronenprodukt des Herstellers Devakam Apothecary. Es wurde f\u00fcr die Bed\u00fcrfnisse thail\u00e4ndischer Boxk\u00e4mpfer entwickelt. Es wird mittlerweile von vielen Profi\u2013 und Hobbysportlern sowie Masseuren und Physiotherapeuten auf der ganzen Welt verwendet. Namman Mauay\u2122 \u00d6l ist \u00fcberall auf der Welt an seiner charakteristischen gelben Farbe und dem Geruch von thail\u00e4ndischen Kr\u00e4utern zu erkennen. Verpackung 120ml. ANWENDUNG: Vor und nach sportlichen Aktivit\u00e4ten. Tragen Sie das \u00d6l auf Muskeln, Sehnen, Gelenke auf und massieren Sie es sanft in die Haut ein. Bis zu dreimal t\u00e4glich.<\/p>\n","protected":false},"featured_media":11415,"comment_status":"open","ping_status":"closed","template":"","meta":{"_acf_changed":false},"product_brand":[2098],"product_cat":[688,664,674,680,580,788,690,692,700,702,710,1906,722,724,734,736,744,746,768,770,588,656,756,790,758,778,780,582],"product_tag":[],"class_list":{"0":"post-11414","1":"product","2":"type-product","3":"status-publish","4":"has-post-thumbnail","6":"product_brand-namman-muay","7":"product_cat-bjj-zubehor","8":"product_cat-boxen","9":"product_cat-boxen-zubehor","10":"product_cat-brazilian-jiu-jitsu-bjj-de","11":"product_cat-equipment-de","12":"product_cat-itf-taekwondo-traditonelles-taekwondo","13":"product_cat-ju-jitsu-de","14":"product_cat-ju-jutsu-zubehor","15":"product_cat-judo-de","16":"product_cat-judo-zubehor","17":"product_cat-karate-ausruestung","18":"product_cat-karate-bekleidung-zubehoer","19":"product_cat-kickboxen","20":"product_cat-kickboxen-zubehor","21":"product_cat-krav-maga-de","22":"product_cat-krav-maga-zubehor","23":"product_cat-mma-ultimate-fight-de","24":"product_cat-mma-ultimate-fight-zubehor","25":"product_cat-ringen-sambo","26":"product_cat-ringen-und-sambo-zubehor","27":"product_cat-sonstiges","28":"product_cat-sportarten","29":"product_cat-taekwondo-wt-olypic-sports","30":"product_cat-taekwondo-zubehor-itf","31":"product_cat-taekwondo-zubehor-wt","32":"product_cat-thaiboxen","33":"product_cat-thaiboxen-zubehor","34":"product_cat-zusatzlische-angebote","36":"first","37":"outofstock","38":"taxable","39":"shipping-taxable","40":"purchasable","41":"product-type-simple"},"acf":[],"yoast_head":"<!-- This site is optimized with the Yoast SEO plugin v27.5 - https:\/\/yoast.com\/product\/yoast-seo-wordpress\/ -->\n<title>Namman Muay Thai-Massage\u00f6l \u2013 EU-Formel - PRIDEshop<\/title>\n<meta name=\"description\" content=\"Thai Masagge \u00d6l 120ml, Namman Muay Namman Muay ist ein erw\u00e4rmendes Massage\u00f6l und ist das Kronenprodukt des Herstellers Devakam Apothecary.\" \/>\n<meta name=\"robots\" content=\"index, follow, max-snippet:-1, max-image-preview:large, max-video-preview:-1\" \/>\n<link rel=\"canonical\" href=\"https:\/\/prideshop.eu\/de\/shop\/sportarten\/itf-taekwondo-traditonelles-taekwondo\/taekwondo-zubehor-itf\/thai-masagge-ol-120ml-namman-muay\/\" \/>\n<meta property=\"og:locale\" content=\"de_DE\" \/>\n<meta property=\"og:type\" content=\"article\" \/>\n<meta property=\"og:title\" content=\"Namman Muay Thai-Massage\u00f6l \u2013 EU-Formel - PRIDEshop\" \/>\n<meta property=\"og:description\" content=\"Thai Masagge \u00d6l 120ml, Namman Muay Namman Muay ist ein erw\u00e4rmendes Massage\u00f6l und ist das Kronenprodukt des Herstellers Devakam Apothecary.\" \/>\n<meta property=\"og:url\" content=\"https:\/\/prideshop.eu\/de\/shop\/sportarten\/itf-taekwondo-traditonelles-taekwondo\/taekwondo-zubehor-itf\/thai-masagge-ol-120ml-namman-muay\/\" \/>\n<meta property=\"og:site_name\" content=\"PRIDEshop\" \/>\n<meta property=\"article:publisher\" content=\"https:\/\/sl-si.facebook.com\/PrideShopeu\" \/>\n<meta property=\"article:modified_time\" content=\"2026-01-12T19:03:26+00:00\" \/>\n<meta property=\"og:image\" content=\"https:\/\/prideshop.eu\/wp-content\/uploads\/2020\/09\/tajsko-olje-namman-muay.jpg\" \/>\n\t<meta property=\"og:image:width\" content=\"600\" \/>\n\t<meta property=\"og:image:height\" content=\"600\" \/>\n\t<meta property=\"og:image:type\" content=\"image\/jpeg\" \/>\n<meta name=\"twitter:card\" content=\"summary_large_image\" \/>\n<meta name=\"twitter:label1\" content=\"Gesch\u00e4tzte Lesezeit\" \/>\n\t<meta name=\"twitter:data1\" content=\"1\u00a0Minute\" \/>\n<script type=\"application\/ld+json\" class=\"yoast-schema-graph\">{\"@context\":\"https:\\\/\\\/schema.org\",\"@graph\":[{\"@type\":\"WebPage\",\"@id\":\"https:\\\/\\\/prideshop.eu\\\/de\\\/shop\\\/sportarten\\\/itf-taekwondo-traditonelles-taekwondo\\\/taekwondo-zubehor-itf\\\/thai-masagge-ol-120ml-namman-muay\\\/\",\"url\":\"https:\\\/\\\/prideshop.eu\\\/de\\\/shop\\\/sportarten\\\/itf-taekwondo-traditonelles-taekwondo\\\/taekwondo-zubehor-itf\\\/thai-masagge-ol-120ml-namman-muay\\\/\",\"name\":\"Namman Muay Thai-Massage\u00f6l \u2013 EU-Formel - PRIDEshop\",\"isPartOf\":{\"@id\":\"https:\\\/\\\/prideshop.eu\\\/de\\\/#website\"},\"primaryImageOfPage\":{\"@id\":\"https:\\\/\\\/prideshop.eu\\\/de\\\/shop\\\/sportarten\\\/itf-taekwondo-traditonelles-taekwondo\\\/taekwondo-zubehor-itf\\\/thai-masagge-ol-120ml-namman-muay\\\/#primaryimage\"},\"image\":{\"@id\":\"https:\\\/\\\/prideshop.eu\\\/de\\\/shop\\\/sportarten\\\/itf-taekwondo-traditonelles-taekwondo\\\/taekwondo-zubehor-itf\\\/thai-masagge-ol-120ml-namman-muay\\\/#primaryimage\"},\"thumbnailUrl\":\"https:\\\/\\\/prideshop.eu\\\/wp-content\\\/uploads\\\/2020\\\/09\\\/tajsko-olje-namman-muay.jpg\",\"datePublished\":\"2020-09-12T08:39:19+00:00\",\"dateModified\":\"2026-01-12T19:03:26+00:00\",\"description\":\"Thai Masagge \u00d6l 120ml, Namman Muay Namman Muay ist ein erw\u00e4rmendes Massage\u00f6l und ist das Kronenprodukt des Herstellers Devakam Apothecary.\",\"breadcrumb\":{\"@id\":\"https:\\\/\\\/prideshop.eu\\\/de\\\/shop\\\/sportarten\\\/itf-taekwondo-traditonelles-taekwondo\\\/taekwondo-zubehor-itf\\\/thai-masagge-ol-120ml-namman-muay\\\/#breadcrumb\"},\"inLanguage\":\"de\",\"potentialAction\":[{\"@type\":\"ReadAction\",\"target\":[\"https:\\\/\\\/prideshop.eu\\\/de\\\/shop\\\/sportarten\\\/itf-taekwondo-traditonelles-taekwondo\\\/taekwondo-zubehor-itf\\\/thai-masagge-ol-120ml-namman-muay\\\/\"]}]},{\"@type\":\"ImageObject\",\"inLanguage\":\"de\",\"@id\":\"https:\\\/\\\/prideshop.eu\\\/de\\\/shop\\\/sportarten\\\/itf-taekwondo-traditonelles-taekwondo\\\/taekwondo-zubehor-itf\\\/thai-masagge-ol-120ml-namman-muay\\\/#primaryimage\",\"url\":\"https:\\\/\\\/prideshop.eu\\\/wp-content\\\/uploads\\\/2020\\\/09\\\/tajsko-olje-namman-muay.jpg\",\"contentUrl\":\"https:\\\/\\\/prideshop.eu\\\/wp-content\\\/uploads\\\/2020\\\/09\\\/tajsko-olje-namman-muay.jpg\",\"width\":600,\"height\":600},{\"@type\":\"BreadcrumbList\",\"@id\":\"https:\\\/\\\/prideshop.eu\\\/de\\\/shop\\\/sportarten\\\/itf-taekwondo-traditonelles-taekwondo\\\/taekwondo-zubehor-itf\\\/thai-masagge-ol-120ml-namman-muay\\\/#breadcrumb\",\"itemListElement\":[{\"@type\":\"ListItem\",\"position\":1,\"name\":\"Home\",\"item\":\"https:\\\/\\\/prideshop.eu\\\/de\\\/\"},{\"@type\":\"ListItem\",\"position\":2,\"name\":\"Gesch\u00e4ft\",\"item\":\"https:\\\/\\\/prideshop.eu\\\/de\\\/geschaeft\\\/\"},{\"@type\":\"ListItem\",\"position\":3,\"name\":\"Namman Muay Thai-Massage\u00f6l \u2013 EU-Formel\"}]},{\"@type\":\"WebSite\",\"@id\":\"https:\\\/\\\/prideshop.eu\\\/de\\\/#website\",\"url\":\"https:\\\/\\\/prideshop.eu\\\/de\\\/\",\"name\":\"PRIDEshop\",\"description\":\"Oprema za Borilne \u0160porte\",\"publisher\":{\"@id\":\"https:\\\/\\\/prideshop.eu\\\/de\\\/#organization\"},\"potentialAction\":[{\"@type\":\"SearchAction\",\"target\":{\"@type\":\"EntryPoint\",\"urlTemplate\":\"https:\\\/\\\/prideshop.eu\\\/de\\\/?s={search_term_string}\"},\"query-input\":{\"@type\":\"PropertyValueSpecification\",\"valueRequired\":true,\"valueName\":\"search_term_string\"}}],\"inLanguage\":\"de\"},{\"@type\":\"Organization\",\"@id\":\"https:\\\/\\\/prideshop.eu\\\/de\\\/#organization\",\"name\":\"PRIDEshop\",\"url\":\"https:\\\/\\\/prideshop.eu\\\/de\\\/\",\"logo\":{\"@type\":\"ImageObject\",\"inLanguage\":\"de\",\"@id\":\"https:\\\/\\\/prideshop.eu\\\/de\\\/#\\\/schema\\\/logo\\\/image\\\/\",\"url\":\"\",\"contentUrl\":\"\",\"caption\":\"PRIDEshop\"},\"image\":{\"@id\":\"https:\\\/\\\/prideshop.eu\\\/de\\\/#\\\/schema\\\/logo\\\/image\\\/\"},\"sameAs\":[\"https:\\\/\\\/sl-si.facebook.com\\\/PrideShopeu\"]}]}<\/script>\n<!-- \/ Yoast SEO plugin. -->","yoast_head_json":{"title":"Namman Muay Thai-Massage\u00f6l \u2013 EU-Formel - PRIDEshop","description":"Thai Masagge \u00d6l 120ml, Namman Muay Namman Muay ist ein erw\u00e4rmendes Massage\u00f6l und ist das Kronenprodukt des Herstellers Devakam Apothecary.","robots":{"index":"index","follow":"follow","max-snippet":"max-snippet:-1","max-image-preview":"max-image-preview:large","max-video-preview":"max-video-preview:-1"},"canonical":"https:\/\/prideshop.eu\/de\/shop\/sportarten\/itf-taekwondo-traditonelles-taekwondo\/taekwondo-zubehor-itf\/thai-masagge-ol-120ml-namman-muay\/","og_locale":"de_DE","og_type":"article","og_title":"Namman Muay Thai-Massage\u00f6l \u2013 EU-Formel - PRIDEshop","og_description":"Thai Masagge \u00d6l 120ml, Namman Muay Namman Muay ist ein erw\u00e4rmendes Massage\u00f6l und ist das Kronenprodukt des Herstellers Devakam Apothecary.","og_url":"https:\/\/prideshop.eu\/de\/shop\/sportarten\/itf-taekwondo-traditonelles-taekwondo\/taekwondo-zubehor-itf\/thai-masagge-ol-120ml-namman-muay\/","og_site_name":"PRIDEshop","article_publisher":"https:\/\/sl-si.facebook.com\/PrideShopeu","article_modified_time":"2026-01-12T19:03:26+00:00","og_image":[{"width":600,"height":600,"url":"https:\/\/prideshop.eu\/wp-content\/uploads\/2020\/09\/tajsko-olje-namman-muay.jpg","type":"image\/jpeg"}],"twitter_card":"summary_large_image","twitter_misc":{"Gesch\u00e4tzte Lesezeit":"1\u00a0Minute"},"schema":{"@context":"https:\/\/schema.org","@graph":[{"@type":"WebPage","@id":"https:\/\/prideshop.eu\/de\/shop\/sportarten\/itf-taekwondo-traditonelles-taekwondo\/taekwondo-zubehor-itf\/thai-masagge-ol-120ml-namman-muay\/","url":"https:\/\/prideshop.eu\/de\/shop\/sportarten\/itf-taekwondo-traditonelles-taekwondo\/taekwondo-zubehor-itf\/thai-masagge-ol-120ml-namman-muay\/","name":"Namman Muay Thai-Massage\u00f6l \u2013 EU-Formel - PRIDEshop","isPartOf":{"@id":"https:\/\/prideshop.eu\/de\/#website"},"primaryImageOfPage":{"@id":"https:\/\/prideshop.eu\/de\/shop\/sportarten\/itf-taekwondo-traditonelles-taekwondo\/taekwondo-zubehor-itf\/thai-masagge-ol-120ml-namman-muay\/#primaryimage"},"image":{"@id":"https:\/\/prideshop.eu\/de\/shop\/sportarten\/itf-taekwondo-traditonelles-taekwondo\/taekwondo-zubehor-itf\/thai-masagge-ol-120ml-namman-muay\/#primaryimage"},"thumbnailUrl":"https:\/\/prideshop.eu\/wp-content\/uploads\/2020\/09\/tajsko-olje-namman-muay.jpg","datePublished":"2020-09-12T08:39:19+00:00","dateModified":"2026-01-12T19:03:26+00:00","description":"Thai Masagge \u00d6l 120ml, Namman Muay Namman Muay ist ein erw\u00e4rmendes Massage\u00f6l und ist das Kronenprodukt des Herstellers Devakam Apothecary.","breadcrumb":{"@id":"https:\/\/prideshop.eu\/de\/shop\/sportarten\/itf-taekwondo-traditonelles-taekwondo\/taekwondo-zubehor-itf\/thai-masagge-ol-120ml-namman-muay\/#breadcrumb"},"inLanguage":"de","potentialAction":[{"@type":"ReadAction","target":["https:\/\/prideshop.eu\/de\/shop\/sportarten\/itf-taekwondo-traditonelles-taekwondo\/taekwondo-zubehor-itf\/thai-masagge-ol-120ml-namman-muay\/"]}]},{"@type":"ImageObject","inLanguage":"de","@id":"https:\/\/prideshop.eu\/de\/shop\/sportarten\/itf-taekwondo-traditonelles-taekwondo\/taekwondo-zubehor-itf\/thai-masagge-ol-120ml-namman-muay\/#primaryimage","url":"https:\/\/prideshop.eu\/wp-content\/uploads\/2020\/09\/tajsko-olje-namman-muay.jpg","contentUrl":"https:\/\/prideshop.eu\/wp-content\/uploads\/2020\/09\/tajsko-olje-namman-muay.jpg","width":600,"height":600},{"@type":"BreadcrumbList","@id":"https:\/\/prideshop.eu\/de\/shop\/sportarten\/itf-taekwondo-traditonelles-taekwondo\/taekwondo-zubehor-itf\/thai-masagge-ol-120ml-namman-muay\/#breadcrumb","itemListElement":[{"@type":"ListItem","position":1,"name":"Home","item":"https:\/\/prideshop.eu\/de\/"},{"@type":"ListItem","position":2,"name":"Gesch\u00e4ft","item":"https:\/\/prideshop.eu\/de\/geschaeft\/"},{"@type":"ListItem","position":3,"name":"Namman Muay Thai-Massage\u00f6l \u2013 EU-Formel"}]},{"@type":"WebSite","@id":"https:\/\/prideshop.eu\/de\/#website","url":"https:\/\/prideshop.eu\/de\/","name":"PRIDEshop","description":"Oprema za Borilne \u0160porte","publisher":{"@id":"https:\/\/prideshop.eu\/de\/#organization"},"potentialAction":[{"@type":"SearchAction","target":{"@type":"EntryPoint","urlTemplate":"https:\/\/prideshop.eu\/de\/?s={search_term_string}"},"query-input":{"@type":"PropertyValueSpecification","valueRequired":true,"valueName":"search_term_string"}}],"inLanguage":"de"},{"@type":"Organization","@id":"https:\/\/prideshop.eu\/de\/#organization","name":"PRIDEshop","url":"https:\/\/prideshop.eu\/de\/","logo":{"@type":"ImageObject","inLanguage":"de","@id":"https:\/\/prideshop.eu\/de\/#\/schema\/logo\/image\/","url":"","contentUrl":"","caption":"PRIDEshop"},"image":{"@id":"https:\/\/prideshop.eu\/de\/#\/schema\/logo\/image\/"},"sameAs":["https:\/\/sl-si.facebook.com\/PrideShopeu"]}]}},"_links":{"self":[{"href":"https:\/\/prideshop.eu\/de\/wp-json\/wp\/v2\/product\/11414","targetHints":{"allow":["GET"]}}],"collection":[{"href":"https:\/\/prideshop.eu\/de\/wp-json\/wp\/v2\/product"}],"about":[{"href":"https:\/\/prideshop.eu\/de\/wp-json\/wp\/v2\/types\/product"}],"replies":[{"embeddable":true,"href":"https:\/\/prideshop.eu\/de\/wp-json\/wp\/v2\/comments?post=11414"}],"wp:featuredmedia":[{"embeddable":true,"href":"https:\/\/prideshop.eu\/de\/wp-json\/wp\/v2\/media\/11415"}],"wp:attachment":[{"href":"https:\/\/prideshop.eu\/de\/wp-json\/wp\/v2\/media?parent=11414"}],"wp:term":[{"taxonomy":"product_brand","embeddable":true,"href":"https:\/\/prideshop.eu\/de\/wp-json\/wp\/v2\/product_brand?post=11414"},{"taxonomy":"product_cat","embeddable":true,"href":"https:\/\/prideshop.eu\/de\/wp-json\/wp\/v2\/product_cat?post=11414"},{"taxonomy":"product_tag","embeddable":true,"href":"https:\/\/prideshop.eu\/de\/wp-json\/wp\/v2\/product_tag?post=11414"}],"curies":[{"name":"wp","href":"https:\/\/api.w.org\/{rel}","templated":true}]}}