{"id":11430,"date":"2020-09-08T15:51:24","date_gmt":"2020-09-08T13:51:24","guid":{"rendered":"https:\/\/prideshop.eu\/spletna-trgovina\/unkategorisiert\/tatami-puzzlematte-tokyo-4-cm-pride\/"},"modified":"2026-01-15T11:04:29","modified_gmt":"2026-01-15T10:04:29","slug":"tatami-puzzlematte-tokyo-4-cm-pride","status":"publish","type":"product","link":"https:\/\/prideshop.eu\/de\/shop\/equipment-de\/trainingsgerate\/tatamis-puzzle-matten\/tatami-puzzlematte-tokyo-4-cm-pride\/","title":{"rendered":"Tatami Puzzlematte 4,0\u202fcm Pride \u2013 Tokyo"},"content":{"rendered":"<p><strong>Tatami Puzzlematte 4,0\u202fcm Pride \u2013 Tokyo<\/strong><\/p>\n<p>Tatami Puzzlematte Tokyo \u2013 4 cm, Pride. Zusammensetzbare Matten (Tatami) sind f\u00fcr das Training aller Kampfsportarten, als auch als Unterlagen in Boxringen, Spielr\u00e4umen in Schullen und Kinderg\u00e4rten, f\u00fcr das Einrichten von Kinderzimmern zuhause, pers\u00f6nlichen Trainingsr\u00e4umen usw geeignet. Sie sind aus zwei Schichten hochwertigen Polyethilen, dass sich nicht niederschl\u00e4gt gemacht und eine konstante Best\u00e4ndigkeit garantiert. Die Oberfl\u00e4che ist rutchfest. Die Matten werden im Puzzle\u2013System zusammengebaut, so dass sie nicht auseinander rutchen. Mit jeder Matte bekommen sie zwai Abschlussr\u00e4nder. Die Matten haben ein Eignungszertifikat und sind f\u00fcr Wettk\u00e4mpfe geeignet.<\/p>\n","protected":false},"excerpt":{"rendered":"<p>Tatami Puzzlematte Tokyo \u2013 4 cm, PridenZusammensetzbare Matten (Tatami) sind f\u00fcr das Training aller Kampfsportarten, als auch als Unterlagen in Boxringen, Spielr\u00e4umen in Schullen und Kinderg\u00e4rten, f\u00fcr das Einrichten von Kinderzimmern zuhause, pers\u00f6nlichen Trainingsr\u00e4umen usw geeignet. Sie sind aus zwei Schichten hochwertigen Polyethilen, dass sich nicht niederschl\u00e4gt gemacht und eine konstante Best\u00e4ndigkeit garantiert. Die Oberfl\u00e4che ist rutchfest. Die Matten werden im Puzzle\u2013System zusammengebaut, so dass sie nicht auseinander rutchen. Mit jeder Matte bekommen sie zwai Abschlussr\u00e4nder. Die Matten haben ein Eignungszertifikat und sind f\u00fcr Wettk\u00e4mpfe geeignet.<\/p>\n","protected":false},"featured_media":34039,"comment_status":"open","ping_status":"closed","template":"","meta":{"_acf_changed":false},"product_brand":[],"product_cat":[580,630,616],"product_tag":[],"class_list":{"0":"post-11430","1":"product","2":"type-product","3":"status-publish","4":"has-post-thumbnail","6":"product_cat-equipment-de","7":"product_cat-tatamis-puzzle-matten","8":"product_cat-trainingsgerate","10":"first","11":"outofstock","12":"sale","13":"taxable","14":"shipping-taxable","15":"purchasable","16":"product-type-simple"},"acf":[],"yoast_head":"<!-- This site is optimized with the Yoast SEO plugin v27.5 - https:\/\/yoast.com\/product\/yoast-seo-wordpress\/ -->\n<title>Tatami Puzzlematte 4,0\u202fcm Pride \u2013 Tokyo - PRIDEshop<\/title>\n<meta name=\"description\" content=\"Tatami Puzzlematte Tokyo - 4 cm, Pride. Zusammensetzbare Matten sind f\u00fcr das Training aller Kampfsportarten, als auch als Unterlagen in Boxringen,...\" \/>\n<meta name=\"robots\" content=\"index, follow, max-snippet:-1, max-image-preview:large, max-video-preview:-1\" \/>\n<link rel=\"canonical\" href=\"https:\/\/prideshop.eu\/de\/shop\/equipment-de\/trainingsgerate\/tatamis-puzzle-matten\/tatami-puzzlematte-tokyo-4-cm-pride\/\" \/>\n<meta property=\"og:locale\" content=\"de_DE\" \/>\n<meta property=\"og:type\" content=\"article\" \/>\n<meta property=\"og:title\" content=\"Tatami Puzzlematte 4,0\u202fcm Pride \u2013 Tokyo - PRIDEshop\" \/>\n<meta property=\"og:description\" content=\"Tatami Puzzlematte Tokyo - 4 cm, Pride. Zusammensetzbare Matten sind f\u00fcr das Training aller Kampfsportarten, als auch als Unterlagen in Boxringen,...\" \/>\n<meta property=\"og:url\" content=\"https:\/\/prideshop.eu\/de\/shop\/equipment-de\/trainingsgerate\/tatamis-puzzle-matten\/tatami-puzzlematte-tokyo-4-cm-pride\/\" \/>\n<meta property=\"og:site_name\" content=\"PRIDEshop\" \/>\n<meta property=\"article:publisher\" content=\"https:\/\/sl-si.facebook.com\/PrideShopeu\" \/>\n<meta property=\"article:modified_time\" content=\"2026-01-15T10:04:29+00:00\" \/>\n<meta property=\"og:image\" content=\"https:\/\/prideshop.eu\/wp-content\/uploads\/2020\/09\/Tatami-puzzle-blazine-Tokyo-4-cm-Pride.jpeg\" \/>\n\t<meta property=\"og:image:width\" content=\"600\" \/>\n\t<meta property=\"og:image:height\" content=\"600\" \/>\n\t<meta property=\"og:image:type\" content=\"image\/jpeg\" \/>\n<meta name=\"twitter:card\" content=\"summary_large_image\" \/>\n<meta name=\"twitter:label1\" content=\"Gesch\u00e4tzte Lesezeit\" \/>\n\t<meta name=\"twitter:data1\" content=\"1\u00a0Minute\" \/>\n<script type=\"application\/ld+json\" class=\"yoast-schema-graph\">{\"@context\":\"https:\\\/\\\/schema.org\",\"@graph\":[{\"@type\":\"WebPage\",\"@id\":\"https:\\\/\\\/prideshop.eu\\\/de\\\/shop\\\/equipment-de\\\/trainingsgerate\\\/tatamis-puzzle-matten\\\/tatami-puzzlematte-tokyo-4-cm-pride\\\/\",\"url\":\"https:\\\/\\\/prideshop.eu\\\/de\\\/shop\\\/equipment-de\\\/trainingsgerate\\\/tatamis-puzzle-matten\\\/tatami-puzzlematte-tokyo-4-cm-pride\\\/\",\"name\":\"Tatami Puzzlematte 4,0\u202fcm Pride \u2013 Tokyo - PRIDEshop\",\"isPartOf\":{\"@id\":\"https:\\\/\\\/prideshop.eu\\\/de\\\/#website\"},\"primaryImageOfPage\":{\"@id\":\"https:\\\/\\\/prideshop.eu\\\/de\\\/shop\\\/equipment-de\\\/trainingsgerate\\\/tatamis-puzzle-matten\\\/tatami-puzzlematte-tokyo-4-cm-pride\\\/#primaryimage\"},\"image\":{\"@id\":\"https:\\\/\\\/prideshop.eu\\\/de\\\/shop\\\/equipment-de\\\/trainingsgerate\\\/tatamis-puzzle-matten\\\/tatami-puzzlematte-tokyo-4-cm-pride\\\/#primaryimage\"},\"thumbnailUrl\":\"https:\\\/\\\/prideshop.eu\\\/wp-content\\\/uploads\\\/2020\\\/09\\\/Tatami-puzzle-blazine-Tokyo-4-cm-Pride.jpeg\",\"datePublished\":\"2020-09-08T13:51:24+00:00\",\"dateModified\":\"2026-01-15T10:04:29+00:00\",\"description\":\"Tatami Puzzlematte Tokyo - 4 cm, Pride. Zusammensetzbare Matten sind f\u00fcr das Training aller Kampfsportarten, als auch als Unterlagen in Boxringen,...\",\"breadcrumb\":{\"@id\":\"https:\\\/\\\/prideshop.eu\\\/de\\\/shop\\\/equipment-de\\\/trainingsgerate\\\/tatamis-puzzle-matten\\\/tatami-puzzlematte-tokyo-4-cm-pride\\\/#breadcrumb\"},\"inLanguage\":\"de\",\"potentialAction\":[{\"@type\":\"ReadAction\",\"target\":[\"https:\\\/\\\/prideshop.eu\\\/de\\\/shop\\\/equipment-de\\\/trainingsgerate\\\/tatamis-puzzle-matten\\\/tatami-puzzlematte-tokyo-4-cm-pride\\\/\"]}]},{\"@type\":\"ImageObject\",\"inLanguage\":\"de\",\"@id\":\"https:\\\/\\\/prideshop.eu\\\/de\\\/shop\\\/equipment-de\\\/trainingsgerate\\\/tatamis-puzzle-matten\\\/tatami-puzzlematte-tokyo-4-cm-pride\\\/#primaryimage\",\"url\":\"https:\\\/\\\/prideshop.eu\\\/wp-content\\\/uploads\\\/2020\\\/09\\\/Tatami-puzzle-blazine-Tokyo-4-cm-Pride.jpeg\",\"contentUrl\":\"https:\\\/\\\/prideshop.eu\\\/wp-content\\\/uploads\\\/2020\\\/09\\\/Tatami-puzzle-blazine-Tokyo-4-cm-Pride.jpeg\",\"width\":600,\"height\":600,\"caption\":\"Tatami puzzle blazine debeline 4 cm modro rumene barve\"},{\"@type\":\"BreadcrumbList\",\"@id\":\"https:\\\/\\\/prideshop.eu\\\/de\\\/shop\\\/equipment-de\\\/trainingsgerate\\\/tatamis-puzzle-matten\\\/tatami-puzzlematte-tokyo-4-cm-pride\\\/#breadcrumb\",\"itemListElement\":[{\"@type\":\"ListItem\",\"position\":1,\"name\":\"Home\",\"item\":\"https:\\\/\\\/prideshop.eu\\\/de\\\/\"},{\"@type\":\"ListItem\",\"position\":2,\"name\":\"Gesch\u00e4ft\",\"item\":\"https:\\\/\\\/prideshop.eu\\\/de\\\/geschaeft\\\/\"},{\"@type\":\"ListItem\",\"position\":3,\"name\":\"Tatami Puzzlematte 4,0\u202fcm Pride \u2013 Tokyo\"}]},{\"@type\":\"WebSite\",\"@id\":\"https:\\\/\\\/prideshop.eu\\\/de\\\/#website\",\"url\":\"https:\\\/\\\/prideshop.eu\\\/de\\\/\",\"name\":\"PRIDEshop\",\"description\":\"Oprema za Borilne \u0160porte\",\"publisher\":{\"@id\":\"https:\\\/\\\/prideshop.eu\\\/de\\\/#organization\"},\"potentialAction\":[{\"@type\":\"SearchAction\",\"target\":{\"@type\":\"EntryPoint\",\"urlTemplate\":\"https:\\\/\\\/prideshop.eu\\\/de\\\/?s={search_term_string}\"},\"query-input\":{\"@type\":\"PropertyValueSpecification\",\"valueRequired\":true,\"valueName\":\"search_term_string\"}}],\"inLanguage\":\"de\"},{\"@type\":\"Organization\",\"@id\":\"https:\\\/\\\/prideshop.eu\\\/de\\\/#organization\",\"name\":\"PRIDEshop\",\"url\":\"https:\\\/\\\/prideshop.eu\\\/de\\\/\",\"logo\":{\"@type\":\"ImageObject\",\"inLanguage\":\"de\",\"@id\":\"https:\\\/\\\/prideshop.eu\\\/de\\\/#\\\/schema\\\/logo\\\/image\\\/\",\"url\":\"\",\"contentUrl\":\"\",\"caption\":\"PRIDEshop\"},\"image\":{\"@id\":\"https:\\\/\\\/prideshop.eu\\\/de\\\/#\\\/schema\\\/logo\\\/image\\\/\"},\"sameAs\":[\"https:\\\/\\\/sl-si.facebook.com\\\/PrideShopeu\"]}]}<\/script>\n<!-- \/ Yoast SEO plugin. -->","yoast_head_json":{"title":"Tatami Puzzlematte 4,0\u202fcm Pride \u2013 Tokyo - PRIDEshop","description":"Tatami Puzzlematte Tokyo - 4 cm, Pride. Zusammensetzbare Matten sind f\u00fcr das Training aller Kampfsportarten, als auch als Unterlagen in Boxringen,...","robots":{"index":"index","follow":"follow","max-snippet":"max-snippet:-1","max-image-preview":"max-image-preview:large","max-video-preview":"max-video-preview:-1"},"canonical":"https:\/\/prideshop.eu\/de\/shop\/equipment-de\/trainingsgerate\/tatamis-puzzle-matten\/tatami-puzzlematte-tokyo-4-cm-pride\/","og_locale":"de_DE","og_type":"article","og_title":"Tatami Puzzlematte 4,0\u202fcm Pride \u2013 Tokyo - PRIDEshop","og_description":"Tatami Puzzlematte Tokyo - 4 cm, Pride. Zusammensetzbare Matten sind f\u00fcr das Training aller Kampfsportarten, als auch als Unterlagen in Boxringen,...","og_url":"https:\/\/prideshop.eu\/de\/shop\/equipment-de\/trainingsgerate\/tatamis-puzzle-matten\/tatami-puzzlematte-tokyo-4-cm-pride\/","og_site_name":"PRIDEshop","article_publisher":"https:\/\/sl-si.facebook.com\/PrideShopeu","article_modified_time":"2026-01-15T10:04:29+00:00","og_image":[{"width":600,"height":600,"url":"https:\/\/prideshop.eu\/wp-content\/uploads\/2020\/09\/Tatami-puzzle-blazine-Tokyo-4-cm-Pride.jpeg","type":"image\/jpeg"}],"twitter_card":"summary_large_image","twitter_misc":{"Gesch\u00e4tzte Lesezeit":"1\u00a0Minute"},"schema":{"@context":"https:\/\/schema.org","@graph":[{"@type":"WebPage","@id":"https:\/\/prideshop.eu\/de\/shop\/equipment-de\/trainingsgerate\/tatamis-puzzle-matten\/tatami-puzzlematte-tokyo-4-cm-pride\/","url":"https:\/\/prideshop.eu\/de\/shop\/equipment-de\/trainingsgerate\/tatamis-puzzle-matten\/tatami-puzzlematte-tokyo-4-cm-pride\/","name":"Tatami Puzzlematte 4,0\u202fcm Pride \u2013 Tokyo - PRIDEshop","isPartOf":{"@id":"https:\/\/prideshop.eu\/de\/#website"},"primaryImageOfPage":{"@id":"https:\/\/prideshop.eu\/de\/shop\/equipment-de\/trainingsgerate\/tatamis-puzzle-matten\/tatami-puzzlematte-tokyo-4-cm-pride\/#primaryimage"},"image":{"@id":"https:\/\/prideshop.eu\/de\/shop\/equipment-de\/trainingsgerate\/tatamis-puzzle-matten\/tatami-puzzlematte-tokyo-4-cm-pride\/#primaryimage"},"thumbnailUrl":"https:\/\/prideshop.eu\/wp-content\/uploads\/2020\/09\/Tatami-puzzle-blazine-Tokyo-4-cm-Pride.jpeg","datePublished":"2020-09-08T13:51:24+00:00","dateModified":"2026-01-15T10:04:29+00:00","description":"Tatami Puzzlematte Tokyo - 4 cm, Pride. Zusammensetzbare Matten sind f\u00fcr das Training aller Kampfsportarten, als auch als Unterlagen in Boxringen,...","breadcrumb":{"@id":"https:\/\/prideshop.eu\/de\/shop\/equipment-de\/trainingsgerate\/tatamis-puzzle-matten\/tatami-puzzlematte-tokyo-4-cm-pride\/#breadcrumb"},"inLanguage":"de","potentialAction":[{"@type":"ReadAction","target":["https:\/\/prideshop.eu\/de\/shop\/equipment-de\/trainingsgerate\/tatamis-puzzle-matten\/tatami-puzzlematte-tokyo-4-cm-pride\/"]}]},{"@type":"ImageObject","inLanguage":"de","@id":"https:\/\/prideshop.eu\/de\/shop\/equipment-de\/trainingsgerate\/tatamis-puzzle-matten\/tatami-puzzlematte-tokyo-4-cm-pride\/#primaryimage","url":"https:\/\/prideshop.eu\/wp-content\/uploads\/2020\/09\/Tatami-puzzle-blazine-Tokyo-4-cm-Pride.jpeg","contentUrl":"https:\/\/prideshop.eu\/wp-content\/uploads\/2020\/09\/Tatami-puzzle-blazine-Tokyo-4-cm-Pride.jpeg","width":600,"height":600,"caption":"Tatami puzzle blazine debeline 4 cm modro rumene barve"},{"@type":"BreadcrumbList","@id":"https:\/\/prideshop.eu\/de\/shop\/equipment-de\/trainingsgerate\/tatamis-puzzle-matten\/tatami-puzzlematte-tokyo-4-cm-pride\/#breadcrumb","itemListElement":[{"@type":"ListItem","position":1,"name":"Home","item":"https:\/\/prideshop.eu\/de\/"},{"@type":"ListItem","position":2,"name":"Gesch\u00e4ft","item":"https:\/\/prideshop.eu\/de\/geschaeft\/"},{"@type":"ListItem","position":3,"name":"Tatami Puzzlematte 4,0\u202fcm Pride \u2013 Tokyo"}]},{"@type":"WebSite","@id":"https:\/\/prideshop.eu\/de\/#website","url":"https:\/\/prideshop.eu\/de\/","name":"PRIDEshop","description":"Oprema za Borilne \u0160porte","publisher":{"@id":"https:\/\/prideshop.eu\/de\/#organization"},"potentialAction":[{"@type":"SearchAction","target":{"@type":"EntryPoint","urlTemplate":"https:\/\/prideshop.eu\/de\/?s={search_term_string}"},"query-input":{"@type":"PropertyValueSpecification","valueRequired":true,"valueName":"search_term_string"}}],"inLanguage":"de"},{"@type":"Organization","@id":"https:\/\/prideshop.eu\/de\/#organization","name":"PRIDEshop","url":"https:\/\/prideshop.eu\/de\/","logo":{"@type":"ImageObject","inLanguage":"de","@id":"https:\/\/prideshop.eu\/de\/#\/schema\/logo\/image\/","url":"","contentUrl":"","caption":"PRIDEshop"},"image":{"@id":"https:\/\/prideshop.eu\/de\/#\/schema\/logo\/image\/"},"sameAs":["https:\/\/sl-si.facebook.com\/PrideShopeu"]}]}},"_links":{"self":[{"href":"https:\/\/prideshop.eu\/de\/wp-json\/wp\/v2\/product\/11430","targetHints":{"allow":["GET"]}}],"collection":[{"href":"https:\/\/prideshop.eu\/de\/wp-json\/wp\/v2\/product"}],"about":[{"href":"https:\/\/prideshop.eu\/de\/wp-json\/wp\/v2\/types\/product"}],"replies":[{"embeddable":true,"href":"https:\/\/prideshop.eu\/de\/wp-json\/wp\/v2\/comments?post=11430"}],"wp:featuredmedia":[{"embeddable":true,"href":"https:\/\/prideshop.eu\/de\/wp-json\/wp\/v2\/media\/34039"}],"wp:attachment":[{"href":"https:\/\/prideshop.eu\/de\/wp-json\/wp\/v2\/media?parent=11430"}],"wp:term":[{"taxonomy":"product_brand","embeddable":true,"href":"https:\/\/prideshop.eu\/de\/wp-json\/wp\/v2\/product_brand?post=11430"},{"taxonomy":"product_cat","embeddable":true,"href":"https:\/\/prideshop.eu\/de\/wp-json\/wp\/v2\/product_cat?post=11430"},{"taxonomy":"product_tag","embeddable":true,"href":"https:\/\/prideshop.eu\/de\/wp-json\/wp\/v2\/product_tag?post=11430"}],"curies":[{"name":"wp","href":"https:\/\/api.w.org\/{rel}","templated":true}]}}