{"id":11439,"date":"2020-11-17T18:55:08","date_gmt":"2020-11-17T17:55:08","guid":{"rendered":"https:\/\/prideshop.eu\/spletna-trgovina\/unkategorisiert\/tatami-puzzlematte-seoul-pride\/"},"modified":"2025-08-04T10:58:52","modified_gmt":"2025-08-04T08:58:52","slug":"tatami-puzzlematte-seoul-pride","status":"publish","type":"product","link":"https:\/\/prideshop.eu\/de\/shop\/equipment-de\/trainingsgerate\/tatamis-puzzle-matten\/tatami-puzzlematte-seoul-pride\/","title":{"rendered":"Tatami Puzzlematte 2,5 Pride \u2013 Seoul"},"content":{"rendered":"<h3>Tatami Puzzlematte 2,5 Pride \u2013 Seoul<\/h3>\n<p>Tatami Puzzlematte Seoul, Pride. Diese Matten finden Sie auf den gr\u00f6\u00dften Wettk\u00e4mpfen der Welt und in Hallen auf der ganzen Welt. Sie sind ideal f\u00fcr Karate,Taekwondo, Kickbox. Sie werden f\u00fcr das markieren von Boxringen,als Unterlagen in Hallen, Fitnesszentren, Schullen, Kinderzimmern, Kinderg\u00e4rten usw. verwendet. Die rutchfeste Fl\u00e4che in Kombination mit antibakterieller Beschichtung, als auch Festigkeit. Sie sind umkehrbar und zweifarbig f\u00fcr leichteres zusammenfalten. Sie haben ein Zertifikat.nGr\u00f6\u00dfe: 100 X 100 Cm. St\u00e4rke: 2,5 Cm.<\/p>\n","protected":false},"excerpt":{"rendered":"<p>Tatami Puzzlematte Seoul, Pride. Diese Matten finden Sie auf den gr\u00f6\u00dften Wettk\u00e4mpfen der Welt und in Hallen auf der ganzen Welt. Sie sind ideal f\u00fcr Karate,Taekwondo, Kickbox. Sie werden f\u00fcr das markieren von Boxringen,als Unterlagen in Hallen, Fitnesszentren, Schullen, Kinderzimmern, Kinderg\u00e4rten usw. verwendet. Die rutchfeste Fl\u00e4che in Kombination mit antibakterieller Beschichtung, als auch Festigkeit. Sie sind umkehrbar und zweifarbig f\u00fcr leichteres zusammenfalten. Sie haben ein Zertifikat.nGr\u00f6\u00dfe: 100 X 100 Cm. St\u00e4rke: 2,5 Cm.<\/p>\n","protected":false},"featured_media":36611,"comment_status":"open","ping_status":"closed","template":"","meta":{"_acf_changed":false},"product_brand":[2086],"product_cat":[580,630,616],"product_tag":[],"class_list":{"0":"post-11439","1":"product","2":"type-product","3":"status-publish","4":"has-post-thumbnail","6":"product_brand-pride","7":"product_cat-equipment-de","8":"product_cat-tatamis-puzzle-matten","9":"product_cat-trainingsgerate","11":"first","12":"instock","13":"sale","14":"taxable","15":"shipping-taxable","16":"purchasable","17":"product-type-variable"},"acf":[],"yoast_head":"<!-- This site is optimized with the Yoast SEO plugin v27.5 - https:\/\/yoast.com\/product\/yoast-seo-wordpress\/ -->\n<title>Tatami Puzzlematte 2,5 Pride \u2013 Seoul - PRIDEshop<\/title>\n<meta name=\"description\" content=\"Tatami Puzzlematte Seoul, Pride. Diese Matten finden Sie auf den gr\u00f6\u00dften Wettk\u00e4mpfen der Welt und in Hallen auf der ganzen Welt.\" \/>\n<meta name=\"robots\" content=\"index, follow, max-snippet:-1, max-image-preview:large, max-video-preview:-1\" \/>\n<link rel=\"canonical\" href=\"https:\/\/prideshop.eu\/de\/shop\/equipment-de\/trainingsgerate\/tatamis-puzzle-matten\/tatami-puzzlematte-seoul-pride\/\" \/>\n<meta property=\"og:locale\" content=\"de_DE\" \/>\n<meta property=\"og:type\" content=\"article\" \/>\n<meta property=\"og:title\" content=\"Tatami Puzzlematte 2,5 Pride \u2013 Seoul - PRIDEshop\" \/>\n<meta property=\"og:description\" content=\"Tatami Puzzlematte Seoul, Pride. Diese Matten finden Sie auf den gr\u00f6\u00dften Wettk\u00e4mpfen der Welt und in Hallen auf der ganzen Welt.\" \/>\n<meta property=\"og:url\" content=\"https:\/\/prideshop.eu\/de\/shop\/equipment-de\/trainingsgerate\/tatamis-puzzle-matten\/tatami-puzzlematte-seoul-pride\/\" \/>\n<meta property=\"og:site_name\" content=\"PRIDEshop\" \/>\n<meta property=\"article:publisher\" content=\"https:\/\/sl-si.facebook.com\/PrideShopeu\" \/>\n<meta property=\"article:modified_time\" content=\"2025-08-04T08:58:52+00:00\" \/>\n<meta property=\"og:image\" content=\"https:\/\/prideshop.eu\/wp-content\/uploads\/2020\/11\/puzzle-tatami-blazine-seoul-pride-8103-1.jpeg\" \/>\n\t<meta property=\"og:image:width\" content=\"600\" \/>\n\t<meta property=\"og:image:height\" content=\"600\" \/>\n\t<meta property=\"og:image:type\" content=\"image\/jpeg\" \/>\n<meta name=\"twitter:card\" content=\"summary_large_image\" \/>\n<script type=\"application\/ld+json\" class=\"yoast-schema-graph\">{\"@context\":\"https:\\\/\\\/schema.org\",\"@graph\":[{\"@type\":\"WebPage\",\"@id\":\"https:\\\/\\\/prideshop.eu\\\/de\\\/shop\\\/equipment-de\\\/trainingsgerate\\\/tatamis-puzzle-matten\\\/tatami-puzzlematte-seoul-pride\\\/\",\"url\":\"https:\\\/\\\/prideshop.eu\\\/de\\\/shop\\\/equipment-de\\\/trainingsgerate\\\/tatamis-puzzle-matten\\\/tatami-puzzlematte-seoul-pride\\\/\",\"name\":\"Tatami Puzzlematte 2,5 Pride \u2013 Seoul - PRIDEshop\",\"isPartOf\":{\"@id\":\"https:\\\/\\\/prideshop.eu\\\/de\\\/#website\"},\"primaryImageOfPage\":{\"@id\":\"https:\\\/\\\/prideshop.eu\\\/de\\\/shop\\\/equipment-de\\\/trainingsgerate\\\/tatamis-puzzle-matten\\\/tatami-puzzlematte-seoul-pride\\\/#primaryimage\"},\"image\":{\"@id\":\"https:\\\/\\\/prideshop.eu\\\/de\\\/shop\\\/equipment-de\\\/trainingsgerate\\\/tatamis-puzzle-matten\\\/tatami-puzzlematte-seoul-pride\\\/#primaryimage\"},\"thumbnailUrl\":\"https:\\\/\\\/prideshop.eu\\\/wp-content\\\/uploads\\\/2020\\\/11\\\/puzzle-tatami-blazine-seoul-pride-8103-1.jpeg\",\"datePublished\":\"2020-11-17T17:55:08+00:00\",\"dateModified\":\"2025-08-04T08:58:52+00:00\",\"description\":\"Tatami Puzzlematte Seoul, Pride. Diese Matten finden Sie auf den gr\u00f6\u00dften Wettk\u00e4mpfen der Welt und in Hallen auf der ganzen Welt.\",\"breadcrumb\":{\"@id\":\"https:\\\/\\\/prideshop.eu\\\/de\\\/shop\\\/equipment-de\\\/trainingsgerate\\\/tatamis-puzzle-matten\\\/tatami-puzzlematte-seoul-pride\\\/#breadcrumb\"},\"inLanguage\":\"de\",\"potentialAction\":[{\"@type\":\"ReadAction\",\"target\":[\"https:\\\/\\\/prideshop.eu\\\/de\\\/shop\\\/equipment-de\\\/trainingsgerate\\\/tatamis-puzzle-matten\\\/tatami-puzzlematte-seoul-pride\\\/\"]}]},{\"@type\":\"ImageObject\",\"inLanguage\":\"de\",\"@id\":\"https:\\\/\\\/prideshop.eu\\\/de\\\/shop\\\/equipment-de\\\/trainingsgerate\\\/tatamis-puzzle-matten\\\/tatami-puzzlematte-seoul-pride\\\/#primaryimage\",\"url\":\"https:\\\/\\\/prideshop.eu\\\/wp-content\\\/uploads\\\/2020\\\/11\\\/puzzle-tatami-blazine-seoul-pride-8103-1.jpeg\",\"contentUrl\":\"https:\\\/\\\/prideshop.eu\\\/wp-content\\\/uploads\\\/2020\\\/11\\\/puzzle-tatami-blazine-seoul-pride-8103-1.jpeg\",\"width\":600,\"height\":600},{\"@type\":\"BreadcrumbList\",\"@id\":\"https:\\\/\\\/prideshop.eu\\\/de\\\/shop\\\/equipment-de\\\/trainingsgerate\\\/tatamis-puzzle-matten\\\/tatami-puzzlematte-seoul-pride\\\/#breadcrumb\",\"itemListElement\":[{\"@type\":\"ListItem\",\"position\":1,\"name\":\"Home\",\"item\":\"https:\\\/\\\/prideshop.eu\\\/de\\\/\"},{\"@type\":\"ListItem\",\"position\":2,\"name\":\"Gesch\u00e4ft\",\"item\":\"https:\\\/\\\/prideshop.eu\\\/de\\\/geschaeft\\\/\"},{\"@type\":\"ListItem\",\"position\":3,\"name\":\"Tatami Puzzlematte 2,5 Pride \u2013 Seoul\"}]},{\"@type\":\"WebSite\",\"@id\":\"https:\\\/\\\/prideshop.eu\\\/de\\\/#website\",\"url\":\"https:\\\/\\\/prideshop.eu\\\/de\\\/\",\"name\":\"PRIDEshop\",\"description\":\"Oprema za Borilne \u0160porte\",\"publisher\":{\"@id\":\"https:\\\/\\\/prideshop.eu\\\/de\\\/#organization\"},\"potentialAction\":[{\"@type\":\"SearchAction\",\"target\":{\"@type\":\"EntryPoint\",\"urlTemplate\":\"https:\\\/\\\/prideshop.eu\\\/de\\\/?s={search_term_string}\"},\"query-input\":{\"@type\":\"PropertyValueSpecification\",\"valueRequired\":true,\"valueName\":\"search_term_string\"}}],\"inLanguage\":\"de\"},{\"@type\":\"Organization\",\"@id\":\"https:\\\/\\\/prideshop.eu\\\/de\\\/#organization\",\"name\":\"PRIDEshop\",\"url\":\"https:\\\/\\\/prideshop.eu\\\/de\\\/\",\"logo\":{\"@type\":\"ImageObject\",\"inLanguage\":\"de\",\"@id\":\"https:\\\/\\\/prideshop.eu\\\/de\\\/#\\\/schema\\\/logo\\\/image\\\/\",\"url\":\"\",\"contentUrl\":\"\",\"caption\":\"PRIDEshop\"},\"image\":{\"@id\":\"https:\\\/\\\/prideshop.eu\\\/de\\\/#\\\/schema\\\/logo\\\/image\\\/\"},\"sameAs\":[\"https:\\\/\\\/sl-si.facebook.com\\\/PrideShopeu\"]}]}<\/script>\n<!-- \/ Yoast SEO plugin. -->","yoast_head_json":{"title":"Tatami Puzzlematte 2,5 Pride \u2013 Seoul - PRIDEshop","description":"Tatami Puzzlematte Seoul, Pride. Diese Matten finden Sie auf den gr\u00f6\u00dften Wettk\u00e4mpfen der Welt und in Hallen auf der ganzen Welt.","robots":{"index":"index","follow":"follow","max-snippet":"max-snippet:-1","max-image-preview":"max-image-preview:large","max-video-preview":"max-video-preview:-1"},"canonical":"https:\/\/prideshop.eu\/de\/shop\/equipment-de\/trainingsgerate\/tatamis-puzzle-matten\/tatami-puzzlematte-seoul-pride\/","og_locale":"de_DE","og_type":"article","og_title":"Tatami Puzzlematte 2,5 Pride \u2013 Seoul - PRIDEshop","og_description":"Tatami Puzzlematte Seoul, Pride. Diese Matten finden Sie auf den gr\u00f6\u00dften Wettk\u00e4mpfen der Welt und in Hallen auf der ganzen Welt.","og_url":"https:\/\/prideshop.eu\/de\/shop\/equipment-de\/trainingsgerate\/tatamis-puzzle-matten\/tatami-puzzlematte-seoul-pride\/","og_site_name":"PRIDEshop","article_publisher":"https:\/\/sl-si.facebook.com\/PrideShopeu","article_modified_time":"2025-08-04T08:58:52+00:00","og_image":[{"width":600,"height":600,"url":"https:\/\/prideshop.eu\/wp-content\/uploads\/2020\/11\/puzzle-tatami-blazine-seoul-pride-8103-1.jpeg","type":"image\/jpeg"}],"twitter_card":"summary_large_image","schema":{"@context":"https:\/\/schema.org","@graph":[{"@type":"WebPage","@id":"https:\/\/prideshop.eu\/de\/shop\/equipment-de\/trainingsgerate\/tatamis-puzzle-matten\/tatami-puzzlematte-seoul-pride\/","url":"https:\/\/prideshop.eu\/de\/shop\/equipment-de\/trainingsgerate\/tatamis-puzzle-matten\/tatami-puzzlematte-seoul-pride\/","name":"Tatami Puzzlematte 2,5 Pride \u2013 Seoul - PRIDEshop","isPartOf":{"@id":"https:\/\/prideshop.eu\/de\/#website"},"primaryImageOfPage":{"@id":"https:\/\/prideshop.eu\/de\/shop\/equipment-de\/trainingsgerate\/tatamis-puzzle-matten\/tatami-puzzlematte-seoul-pride\/#primaryimage"},"image":{"@id":"https:\/\/prideshop.eu\/de\/shop\/equipment-de\/trainingsgerate\/tatamis-puzzle-matten\/tatami-puzzlematte-seoul-pride\/#primaryimage"},"thumbnailUrl":"https:\/\/prideshop.eu\/wp-content\/uploads\/2020\/11\/puzzle-tatami-blazine-seoul-pride-8103-1.jpeg","datePublished":"2020-11-17T17:55:08+00:00","dateModified":"2025-08-04T08:58:52+00:00","description":"Tatami Puzzlematte Seoul, Pride. Diese Matten finden Sie auf den gr\u00f6\u00dften Wettk\u00e4mpfen der Welt und in Hallen auf der ganzen Welt.","breadcrumb":{"@id":"https:\/\/prideshop.eu\/de\/shop\/equipment-de\/trainingsgerate\/tatamis-puzzle-matten\/tatami-puzzlematte-seoul-pride\/#breadcrumb"},"inLanguage":"de","potentialAction":[{"@type":"ReadAction","target":["https:\/\/prideshop.eu\/de\/shop\/equipment-de\/trainingsgerate\/tatamis-puzzle-matten\/tatami-puzzlematte-seoul-pride\/"]}]},{"@type":"ImageObject","inLanguage":"de","@id":"https:\/\/prideshop.eu\/de\/shop\/equipment-de\/trainingsgerate\/tatamis-puzzle-matten\/tatami-puzzlematte-seoul-pride\/#primaryimage","url":"https:\/\/prideshop.eu\/wp-content\/uploads\/2020\/11\/puzzle-tatami-blazine-seoul-pride-8103-1.jpeg","contentUrl":"https:\/\/prideshop.eu\/wp-content\/uploads\/2020\/11\/puzzle-tatami-blazine-seoul-pride-8103-1.jpeg","width":600,"height":600},{"@type":"BreadcrumbList","@id":"https:\/\/prideshop.eu\/de\/shop\/equipment-de\/trainingsgerate\/tatamis-puzzle-matten\/tatami-puzzlematte-seoul-pride\/#breadcrumb","itemListElement":[{"@type":"ListItem","position":1,"name":"Home","item":"https:\/\/prideshop.eu\/de\/"},{"@type":"ListItem","position":2,"name":"Gesch\u00e4ft","item":"https:\/\/prideshop.eu\/de\/geschaeft\/"},{"@type":"ListItem","position":3,"name":"Tatami Puzzlematte 2,5 Pride \u2013 Seoul"}]},{"@type":"WebSite","@id":"https:\/\/prideshop.eu\/de\/#website","url":"https:\/\/prideshop.eu\/de\/","name":"PRIDEshop","description":"Oprema za Borilne \u0160porte","publisher":{"@id":"https:\/\/prideshop.eu\/de\/#organization"},"potentialAction":[{"@type":"SearchAction","target":{"@type":"EntryPoint","urlTemplate":"https:\/\/prideshop.eu\/de\/?s={search_term_string}"},"query-input":{"@type":"PropertyValueSpecification","valueRequired":true,"valueName":"search_term_string"}}],"inLanguage":"de"},{"@type":"Organization","@id":"https:\/\/prideshop.eu\/de\/#organization","name":"PRIDEshop","url":"https:\/\/prideshop.eu\/de\/","logo":{"@type":"ImageObject","inLanguage":"de","@id":"https:\/\/prideshop.eu\/de\/#\/schema\/logo\/image\/","url":"","contentUrl":"","caption":"PRIDEshop"},"image":{"@id":"https:\/\/prideshop.eu\/de\/#\/schema\/logo\/image\/"},"sameAs":["https:\/\/sl-si.facebook.com\/PrideShopeu"]}]}},"_links":{"self":[{"href":"https:\/\/prideshop.eu\/de\/wp-json\/wp\/v2\/product\/11439","targetHints":{"allow":["GET"]}}],"collection":[{"href":"https:\/\/prideshop.eu\/de\/wp-json\/wp\/v2\/product"}],"about":[{"href":"https:\/\/prideshop.eu\/de\/wp-json\/wp\/v2\/types\/product"}],"replies":[{"embeddable":true,"href":"https:\/\/prideshop.eu\/de\/wp-json\/wp\/v2\/comments?post=11439"}],"wp:featuredmedia":[{"embeddable":true,"href":"https:\/\/prideshop.eu\/de\/wp-json\/wp\/v2\/media\/36611"}],"wp:attachment":[{"href":"https:\/\/prideshop.eu\/de\/wp-json\/wp\/v2\/media?parent=11439"}],"wp:term":[{"taxonomy":"product_brand","embeddable":true,"href":"https:\/\/prideshop.eu\/de\/wp-json\/wp\/v2\/product_brand?post=11439"},{"taxonomy":"product_cat","embeddable":true,"href":"https:\/\/prideshop.eu\/de\/wp-json\/wp\/v2\/product_cat?post=11439"},{"taxonomy":"product_tag","embeddable":true,"href":"https:\/\/prideshop.eu\/de\/wp-json\/wp\/v2\/product_tag?post=11439"}],"curies":[{"name":"wp","href":"https:\/\/api.w.org\/{rel}","templated":true}]}}