{"id":11498,"date":"2020-09-18T15:24:39","date_gmt":"2020-09-18T13:24:39","guid":{"rendered":"https:\/\/prideshop.eu\/spletna-trgovina\/unkategorisiert\/tatami-puzzlematte-fur-fitness-pride\/"},"modified":"2025-08-04T10:58:57","modified_gmt":"2025-08-04T08:58:57","slug":"tatami-puzzlematte-fur-fitness-pride","status":"publish","type":"product","link":"https:\/\/prideshop.eu\/de\/shop\/equipment-de\/trainingsgerate\/tatamis-puzzle-matten\/tatami-puzzlematte-fur-fitness-pride\/","title":{"rendered":"Fitness Puzzlematte Pride \u2013 FitPuzzle Hard"},"content":{"rendered":"<h3>Fitness Puzzlematte Pride \u2013 FitPuzzle Hard<\/h3>\n<p>Tatami Puzzlematte f\u00fcr Fitness, Pride. Starke und solide Matten f\u00fcr zusammensetzung, geeignet f\u00fcr Fitnessstudios, Fitnesscenter, Werkst\u00e4tten, Garagen. Best\u00e4ndig gegen St\u00f6\u00dfe und St\u00fcrze von harten Gegenst\u00e4nden. Die Oberfl\u00e4che ist in Form von kleinen Steinen, die ein Abrutschen verhindern. Farbe: Schwarz.<\/p>\n","protected":false},"excerpt":{"rendered":"<p>Tatami Puzzlematte f\u00fcr Fitness, Pride. Starke und solide Matten f\u00fcr zusammensetzung, geeignet f\u00fcr Fitnessstudios, Fitnesscenter, Werkst\u00e4tten, Garagen. Best\u00e4ndig gegen St\u00f6\u00dfe und St\u00fcrze von harten Gegenst\u00e4nden. Die Oberfl\u00e4che ist in Form von kleinen Steinen, die ein Abrutschen verhindern. Farbe: Schwarz.<\/p>\n","protected":false},"featured_media":24128,"comment_status":"open","ping_status":"closed","template":"","meta":{"_acf_changed":false},"product_brand":[2086],"product_cat":[580,596,590,630,616],"product_tag":[],"class_list":{"0":"post-11498","1":"product","2":"type-product","3":"status-publish","4":"has-post-thumbnail","6":"product_brand-pride","7":"product_cat-equipment-de","8":"product_cat-fitness-accesories","9":"product_cat-fitness-in-cross-trening-de","10":"product_cat-tatamis-puzzle-matten","11":"product_cat-trainingsgerate","13":"first","14":"outofstock","15":"sale","16":"taxable","17":"shipping-taxable","18":"purchasable","19":"product-type-simple"},"acf":[],"yoast_head":"<!-- This site is optimized with the Yoast SEO plugin v27.5 - https:\/\/yoast.com\/product\/yoast-seo-wordpress\/ -->\n<title>Fitness Puzzlematte Pride \u2013 FitPuzzle Hard - PRIDEshop<\/title>\n<meta name=\"description\" content=\"Tatami Puzzlematte f\u00fcr Fitness, Pride. Starke und solide Matten f\u00fcr zusammensetzung, geeignet f\u00fcr Fitnessstudios, Fitnesscenter, Werkst\u00e4tten, Garagen.\" \/>\n<meta name=\"robots\" content=\"index, follow, max-snippet:-1, max-image-preview:large, max-video-preview:-1\" \/>\n<link rel=\"canonical\" href=\"https:\/\/prideshop.eu\/de\/shop\/equipment-de\/trainingsgerate\/tatamis-puzzle-matten\/tatami-puzzlematte-fur-fitness-pride\/\" \/>\n<meta property=\"og:locale\" content=\"de_DE\" \/>\n<meta property=\"og:type\" content=\"article\" \/>\n<meta property=\"og:title\" content=\"Fitness Puzzlematte Pride \u2013 FitPuzzle Hard - PRIDEshop\" \/>\n<meta property=\"og:description\" content=\"Tatami Puzzlematte f\u00fcr Fitness, Pride. Starke und solide Matten f\u00fcr zusammensetzung, geeignet f\u00fcr Fitnessstudios, Fitnesscenter, Werkst\u00e4tten, Garagen.\" \/>\n<meta property=\"og:url\" content=\"https:\/\/prideshop.eu\/de\/shop\/equipment-de\/trainingsgerate\/tatamis-puzzle-matten\/tatami-puzzlematte-fur-fitness-pride\/\" \/>\n<meta property=\"og:site_name\" content=\"PRIDEshop\" \/>\n<meta property=\"article:publisher\" content=\"https:\/\/sl-si.facebook.com\/PrideShopeu\" \/>\n<meta property=\"article:modified_time\" content=\"2025-08-04T08:58:57+00:00\" \/>\n<meta property=\"og:image\" content=\"https:\/\/prideshop.eu\/wp-content\/uploads\/2020\/09\/trde-puzzle-podloge-za-fitnese-pride-8109.jpeg\" \/>\n\t<meta property=\"og:image:width\" content=\"600\" \/>\n\t<meta property=\"og:image:height\" content=\"600\" \/>\n\t<meta property=\"og:image:type\" content=\"image\/jpeg\" \/>\n<meta name=\"twitter:card\" content=\"summary_large_image\" \/>\n<script type=\"application\/ld+json\" class=\"yoast-schema-graph\">{\"@context\":\"https:\\\/\\\/schema.org\",\"@graph\":[{\"@type\":\"WebPage\",\"@id\":\"https:\\\/\\\/prideshop.eu\\\/de\\\/shop\\\/equipment-de\\\/trainingsgerate\\\/tatamis-puzzle-matten\\\/tatami-puzzlematte-fur-fitness-pride\\\/\",\"url\":\"https:\\\/\\\/prideshop.eu\\\/de\\\/shop\\\/equipment-de\\\/trainingsgerate\\\/tatamis-puzzle-matten\\\/tatami-puzzlematte-fur-fitness-pride\\\/\",\"name\":\"Fitness Puzzlematte Pride \u2013 FitPuzzle Hard - PRIDEshop\",\"isPartOf\":{\"@id\":\"https:\\\/\\\/prideshop.eu\\\/de\\\/#website\"},\"primaryImageOfPage\":{\"@id\":\"https:\\\/\\\/prideshop.eu\\\/de\\\/shop\\\/equipment-de\\\/trainingsgerate\\\/tatamis-puzzle-matten\\\/tatami-puzzlematte-fur-fitness-pride\\\/#primaryimage\"},\"image\":{\"@id\":\"https:\\\/\\\/prideshop.eu\\\/de\\\/shop\\\/equipment-de\\\/trainingsgerate\\\/tatamis-puzzle-matten\\\/tatami-puzzlematte-fur-fitness-pride\\\/#primaryimage\"},\"thumbnailUrl\":\"https:\\\/\\\/prideshop.eu\\\/wp-content\\\/uploads\\\/2020\\\/09\\\/trde-puzzle-podloge-za-fitnese-pride-8109.jpeg\",\"datePublished\":\"2020-09-18T13:24:39+00:00\",\"dateModified\":\"2025-08-04T08:58:57+00:00\",\"description\":\"Tatami Puzzlematte f\u00fcr Fitness, Pride. Starke und solide Matten f\u00fcr zusammensetzung, geeignet f\u00fcr Fitnessstudios, Fitnesscenter, Werkst\u00e4tten, Garagen.\",\"breadcrumb\":{\"@id\":\"https:\\\/\\\/prideshop.eu\\\/de\\\/shop\\\/equipment-de\\\/trainingsgerate\\\/tatamis-puzzle-matten\\\/tatami-puzzlematte-fur-fitness-pride\\\/#breadcrumb\"},\"inLanguage\":\"de\",\"potentialAction\":[{\"@type\":\"ReadAction\",\"target\":[\"https:\\\/\\\/prideshop.eu\\\/de\\\/shop\\\/equipment-de\\\/trainingsgerate\\\/tatamis-puzzle-matten\\\/tatami-puzzlematte-fur-fitness-pride\\\/\"]}]},{\"@type\":\"ImageObject\",\"inLanguage\":\"de\",\"@id\":\"https:\\\/\\\/prideshop.eu\\\/de\\\/shop\\\/equipment-de\\\/trainingsgerate\\\/tatamis-puzzle-matten\\\/tatami-puzzlematte-fur-fitness-pride\\\/#primaryimage\",\"url\":\"https:\\\/\\\/prideshop.eu\\\/wp-content\\\/uploads\\\/2020\\\/09\\\/trde-puzzle-podloge-za-fitnese-pride-8109.jpeg\",\"contentUrl\":\"https:\\\/\\\/prideshop.eu\\\/wp-content\\\/uploads\\\/2020\\\/09\\\/trde-puzzle-podloge-za-fitnese-pride-8109.jpeg\",\"width\":600,\"height\":600,\"caption\":\"Tatami Puzzlematte f\u00fcr Fitness Schwarz Farben\"},{\"@type\":\"BreadcrumbList\",\"@id\":\"https:\\\/\\\/prideshop.eu\\\/de\\\/shop\\\/equipment-de\\\/trainingsgerate\\\/tatamis-puzzle-matten\\\/tatami-puzzlematte-fur-fitness-pride\\\/#breadcrumb\",\"itemListElement\":[{\"@type\":\"ListItem\",\"position\":1,\"name\":\"Home\",\"item\":\"https:\\\/\\\/prideshop.eu\\\/de\\\/\"},{\"@type\":\"ListItem\",\"position\":2,\"name\":\"Gesch\u00e4ft\",\"item\":\"https:\\\/\\\/prideshop.eu\\\/de\\\/geschaeft\\\/\"},{\"@type\":\"ListItem\",\"position\":3,\"name\":\"Fitness Puzzlematte Pride \u2013 FitPuzzle Hard\"}]},{\"@type\":\"WebSite\",\"@id\":\"https:\\\/\\\/prideshop.eu\\\/de\\\/#website\",\"url\":\"https:\\\/\\\/prideshop.eu\\\/de\\\/\",\"name\":\"PRIDEshop\",\"description\":\"Oprema za Borilne \u0160porte\",\"publisher\":{\"@id\":\"https:\\\/\\\/prideshop.eu\\\/de\\\/#organization\"},\"potentialAction\":[{\"@type\":\"SearchAction\",\"target\":{\"@type\":\"EntryPoint\",\"urlTemplate\":\"https:\\\/\\\/prideshop.eu\\\/de\\\/?s={search_term_string}\"},\"query-input\":{\"@type\":\"PropertyValueSpecification\",\"valueRequired\":true,\"valueName\":\"search_term_string\"}}],\"inLanguage\":\"de\"},{\"@type\":\"Organization\",\"@id\":\"https:\\\/\\\/prideshop.eu\\\/de\\\/#organization\",\"name\":\"PRIDEshop\",\"url\":\"https:\\\/\\\/prideshop.eu\\\/de\\\/\",\"logo\":{\"@type\":\"ImageObject\",\"inLanguage\":\"de\",\"@id\":\"https:\\\/\\\/prideshop.eu\\\/de\\\/#\\\/schema\\\/logo\\\/image\\\/\",\"url\":\"\",\"contentUrl\":\"\",\"caption\":\"PRIDEshop\"},\"image\":{\"@id\":\"https:\\\/\\\/prideshop.eu\\\/de\\\/#\\\/schema\\\/logo\\\/image\\\/\"},\"sameAs\":[\"https:\\\/\\\/sl-si.facebook.com\\\/PrideShopeu\"]}]}<\/script>\n<!-- \/ Yoast SEO plugin. -->","yoast_head_json":{"title":"Fitness Puzzlematte Pride \u2013 FitPuzzle Hard - PRIDEshop","description":"Tatami Puzzlematte f\u00fcr Fitness, Pride. Starke und solide Matten f\u00fcr zusammensetzung, geeignet f\u00fcr Fitnessstudios, Fitnesscenter, Werkst\u00e4tten, Garagen.","robots":{"index":"index","follow":"follow","max-snippet":"max-snippet:-1","max-image-preview":"max-image-preview:large","max-video-preview":"max-video-preview:-1"},"canonical":"https:\/\/prideshop.eu\/de\/shop\/equipment-de\/trainingsgerate\/tatamis-puzzle-matten\/tatami-puzzlematte-fur-fitness-pride\/","og_locale":"de_DE","og_type":"article","og_title":"Fitness Puzzlematte Pride \u2013 FitPuzzle Hard - PRIDEshop","og_description":"Tatami Puzzlematte f\u00fcr Fitness, Pride. Starke und solide Matten f\u00fcr zusammensetzung, geeignet f\u00fcr Fitnessstudios, Fitnesscenter, Werkst\u00e4tten, Garagen.","og_url":"https:\/\/prideshop.eu\/de\/shop\/equipment-de\/trainingsgerate\/tatamis-puzzle-matten\/tatami-puzzlematte-fur-fitness-pride\/","og_site_name":"PRIDEshop","article_publisher":"https:\/\/sl-si.facebook.com\/PrideShopeu","article_modified_time":"2025-08-04T08:58:57+00:00","og_image":[{"width":600,"height":600,"url":"https:\/\/prideshop.eu\/wp-content\/uploads\/2020\/09\/trde-puzzle-podloge-za-fitnese-pride-8109.jpeg","type":"image\/jpeg"}],"twitter_card":"summary_large_image","schema":{"@context":"https:\/\/schema.org","@graph":[{"@type":"WebPage","@id":"https:\/\/prideshop.eu\/de\/shop\/equipment-de\/trainingsgerate\/tatamis-puzzle-matten\/tatami-puzzlematte-fur-fitness-pride\/","url":"https:\/\/prideshop.eu\/de\/shop\/equipment-de\/trainingsgerate\/tatamis-puzzle-matten\/tatami-puzzlematte-fur-fitness-pride\/","name":"Fitness Puzzlematte Pride \u2013 FitPuzzle Hard - PRIDEshop","isPartOf":{"@id":"https:\/\/prideshop.eu\/de\/#website"},"primaryImageOfPage":{"@id":"https:\/\/prideshop.eu\/de\/shop\/equipment-de\/trainingsgerate\/tatamis-puzzle-matten\/tatami-puzzlematte-fur-fitness-pride\/#primaryimage"},"image":{"@id":"https:\/\/prideshop.eu\/de\/shop\/equipment-de\/trainingsgerate\/tatamis-puzzle-matten\/tatami-puzzlematte-fur-fitness-pride\/#primaryimage"},"thumbnailUrl":"https:\/\/prideshop.eu\/wp-content\/uploads\/2020\/09\/trde-puzzle-podloge-za-fitnese-pride-8109.jpeg","datePublished":"2020-09-18T13:24:39+00:00","dateModified":"2025-08-04T08:58:57+00:00","description":"Tatami Puzzlematte f\u00fcr Fitness, Pride. Starke und solide Matten f\u00fcr zusammensetzung, geeignet f\u00fcr Fitnessstudios, Fitnesscenter, Werkst\u00e4tten, Garagen.","breadcrumb":{"@id":"https:\/\/prideshop.eu\/de\/shop\/equipment-de\/trainingsgerate\/tatamis-puzzle-matten\/tatami-puzzlematte-fur-fitness-pride\/#breadcrumb"},"inLanguage":"de","potentialAction":[{"@type":"ReadAction","target":["https:\/\/prideshop.eu\/de\/shop\/equipment-de\/trainingsgerate\/tatamis-puzzle-matten\/tatami-puzzlematte-fur-fitness-pride\/"]}]},{"@type":"ImageObject","inLanguage":"de","@id":"https:\/\/prideshop.eu\/de\/shop\/equipment-de\/trainingsgerate\/tatamis-puzzle-matten\/tatami-puzzlematte-fur-fitness-pride\/#primaryimage","url":"https:\/\/prideshop.eu\/wp-content\/uploads\/2020\/09\/trde-puzzle-podloge-za-fitnese-pride-8109.jpeg","contentUrl":"https:\/\/prideshop.eu\/wp-content\/uploads\/2020\/09\/trde-puzzle-podloge-za-fitnese-pride-8109.jpeg","width":600,"height":600,"caption":"Tatami Puzzlematte f\u00fcr Fitness Schwarz Farben"},{"@type":"BreadcrumbList","@id":"https:\/\/prideshop.eu\/de\/shop\/equipment-de\/trainingsgerate\/tatamis-puzzle-matten\/tatami-puzzlematte-fur-fitness-pride\/#breadcrumb","itemListElement":[{"@type":"ListItem","position":1,"name":"Home","item":"https:\/\/prideshop.eu\/de\/"},{"@type":"ListItem","position":2,"name":"Gesch\u00e4ft","item":"https:\/\/prideshop.eu\/de\/geschaeft\/"},{"@type":"ListItem","position":3,"name":"Fitness Puzzlematte Pride \u2013 FitPuzzle Hard"}]},{"@type":"WebSite","@id":"https:\/\/prideshop.eu\/de\/#website","url":"https:\/\/prideshop.eu\/de\/","name":"PRIDEshop","description":"Oprema za Borilne \u0160porte","publisher":{"@id":"https:\/\/prideshop.eu\/de\/#organization"},"potentialAction":[{"@type":"SearchAction","target":{"@type":"EntryPoint","urlTemplate":"https:\/\/prideshop.eu\/de\/?s={search_term_string}"},"query-input":{"@type":"PropertyValueSpecification","valueRequired":true,"valueName":"search_term_string"}}],"inLanguage":"de"},{"@type":"Organization","@id":"https:\/\/prideshop.eu\/de\/#organization","name":"PRIDEshop","url":"https:\/\/prideshop.eu\/de\/","logo":{"@type":"ImageObject","inLanguage":"de","@id":"https:\/\/prideshop.eu\/de\/#\/schema\/logo\/image\/","url":"","contentUrl":"","caption":"PRIDEshop"},"image":{"@id":"https:\/\/prideshop.eu\/de\/#\/schema\/logo\/image\/"},"sameAs":["https:\/\/sl-si.facebook.com\/PrideShopeu"]}]}},"_links":{"self":[{"href":"https:\/\/prideshop.eu\/de\/wp-json\/wp\/v2\/product\/11498","targetHints":{"allow":["GET"]}}],"collection":[{"href":"https:\/\/prideshop.eu\/de\/wp-json\/wp\/v2\/product"}],"about":[{"href":"https:\/\/prideshop.eu\/de\/wp-json\/wp\/v2\/types\/product"}],"replies":[{"embeddable":true,"href":"https:\/\/prideshop.eu\/de\/wp-json\/wp\/v2\/comments?post=11498"}],"wp:featuredmedia":[{"embeddable":true,"href":"https:\/\/prideshop.eu\/de\/wp-json\/wp\/v2\/media\/24128"}],"wp:attachment":[{"href":"https:\/\/prideshop.eu\/de\/wp-json\/wp\/v2\/media?parent=11498"}],"wp:term":[{"taxonomy":"product_brand","embeddable":true,"href":"https:\/\/prideshop.eu\/de\/wp-json\/wp\/v2\/product_brand?post=11498"},{"taxonomy":"product_cat","embeddable":true,"href":"https:\/\/prideshop.eu\/de\/wp-json\/wp\/v2\/product_cat?post=11498"},{"taxonomy":"product_tag","embeddable":true,"href":"https:\/\/prideshop.eu\/de\/wp-json\/wp\/v2\/product_tag?post=11498"}],"curies":[{"name":"wp","href":"https:\/\/api.w.org\/{rel}","templated":true}]}}