{"id":11510,"date":"2021-01-20T11:13:15","date_gmt":"2021-01-20T10:13:15","guid":{"rendered":"https:\/\/prideshop.eu\/spletna-trgovina\/unkategorisiert\/ijf-judo-tatami-matte-4-cm-bsw\/"},"modified":"2025-08-04T10:59:12","modified_gmt":"2025-08-04T08:59:12","slug":"ijf-judo-tatami-matte-4-cm-bsw","status":"publish","type":"product","link":"https:\/\/prideshop.eu\/de\/shop\/equipment-de\/trainingsgerate\/tatamis-puzzle-matten\/ijf-judo-tatami-matte-4-cm-bsw\/","title":{"rendered":"IJF-zertifizierte Tatami Matte 4\u202fcm BSW \u2013 Judo Profi"},"content":{"rendered":"<h3>IJF-zertifizierte Tatami Matte 4\u202fcm BSW \u2013 Judo Profi<\/h3>\n<p>IJF Judo Tatami Matte 4 cm, BSW. Sie sind von der IJF World Judo Federation zertifiziert. Sie sind f\u00fcr die gr\u00f6\u00dften Wettbewerbe der Welt einschlie\u00dflich der Olympischen Spiele konzipiert. Sie werden in Deutschland mit einem hohen Qualit\u00e4tsstandard hergestellt. Starke Oberfl\u00e4che, die gegen starke St\u00fcrze und St\u00f6\u00dfe best\u00e4ndig ist. Rutschfeste Oberfl\u00e4che ideal f\u00fcr barfu\u00df. Reduziert die Sturzkraft um bis zu 75 %, G\u00fctezeichen E215, Standardma\u00dfe 100 x 100 x 4 cm und 200 x 100 x 4 cm (internationaler Standard).nnMindestbestellmenge 30 St\u00fcck<\/p>\n","protected":false},"excerpt":{"rendered":"<p>IJF Judo Tatami Matte 4 cm, BSW. Sie sind von der IJF World Judo Federation zertifiziert. Sie sind f\u00fcr die gr\u00f6\u00dften Wettbewerbe der Welt einschlie\u00dflich der Olympischen Spiele konzipiert. Sie werden in Deutschland mit einem hohen Qualit\u00e4tsstandard hergestellt. Starke Oberfl\u00e4che, die gegen starke St\u00fcrze und St\u00f6\u00dfe best\u00e4ndig ist. Rutschfeste Oberfl\u00e4che ideal f\u00fcr barfu\u00df. Reduziert die Sturzkraft um bis zu 75 %, G\u00fctezeichen E215, Standardma\u00dfe 100 x 100 x 4 cm und 200 x 100 x 4 cm (internationaler Standard).nnMindestbestellmenge 30 St\u00fcck<\/p>\n","protected":false},"featured_media":36507,"comment_status":"open","ping_status":"closed","template":"","meta":{"_acf_changed":false},"product_brand":[],"product_cat":[580,630,616],"product_tag":[],"class_list":{"0":"post-11510","1":"product","2":"type-product","3":"status-publish","4":"has-post-thumbnail","6":"product_cat-equipment-de","7":"product_cat-tatamis-puzzle-matten","8":"product_cat-trainingsgerate","9":"product_shipping_class-nofreeshipping","11":"first","12":"onbackorder","13":"taxable","14":"shipping-taxable","15":"purchasable","16":"product-type-variable"},"acf":[],"yoast_head":"<!-- This site is optimized with the Yoast SEO plugin v27.5 - https:\/\/yoast.com\/product\/yoast-seo-wordpress\/ -->\n<title>IJF-zertifizierte Tatami Matte 4\u202fcm BSW \u2013 Judo Profi - PRIDEshop<\/title>\n<meta name=\"description\" content=\"IJF Judo Tatami Matte 4 cm, BSW. Sie sind von der IJF World Judo Federation zertifiziert. Sie sind f\u00fcr die gr\u00f6\u00dften Wettbewerbe der Welt einschlie\u00dflich der Olympischen Spiele konzipiert.\" \/>\n<meta name=\"robots\" content=\"index, follow, max-snippet:-1, max-image-preview:large, max-video-preview:-1\" \/>\n<link rel=\"canonical\" href=\"https:\/\/prideshop.eu\/de\/shop\/equipment-de\/trainingsgerate\/tatamis-puzzle-matten\/ijf-judo-tatami-matte-4-cm-bsw\/\" \/>\n<meta property=\"og:locale\" content=\"de_DE\" \/>\n<meta property=\"og:type\" content=\"article\" \/>\n<meta property=\"og:title\" content=\"IJF-zertifizierte Tatami Matte 4\u202fcm BSW \u2013 Judo Profi - PRIDEshop\" \/>\n<meta property=\"og:description\" content=\"IJF Judo Tatami Matte 4 cm, BSW. Sie sind von der IJF World Judo Federation zertifiziert. Sie sind f\u00fcr die gr\u00f6\u00dften Wettbewerbe der Welt einschlie\u00dflich der Olympischen Spiele konzipiert.\" \/>\n<meta property=\"og:url\" content=\"https:\/\/prideshop.eu\/de\/shop\/equipment-de\/trainingsgerate\/tatamis-puzzle-matten\/ijf-judo-tatami-matte-4-cm-bsw\/\" \/>\n<meta property=\"og:site_name\" content=\"PRIDEshop\" \/>\n<meta property=\"article:publisher\" content=\"https:\/\/sl-si.facebook.com\/PrideShopeu\" \/>\n<meta property=\"article:modified_time\" content=\"2025-08-04T08:59:12+00:00\" \/>\n<meta property=\"og:image\" content=\"https:\/\/prideshop.eu\/wp-content\/uploads\/2021\/01\/ijf-judo-tatami-blazine-4-cm-bsw-8110.jpeg\" \/>\n\t<meta property=\"og:image:width\" content=\"600\" \/>\n\t<meta property=\"og:image:height\" content=\"600\" \/>\n\t<meta property=\"og:image:type\" content=\"image\/jpeg\" \/>\n<meta name=\"twitter:card\" content=\"summary_large_image\" \/>\n<script type=\"application\/ld+json\" class=\"yoast-schema-graph\">{\"@context\":\"https:\\\/\\\/schema.org\",\"@graph\":[{\"@type\":\"WebPage\",\"@id\":\"https:\\\/\\\/prideshop.eu\\\/de\\\/shop\\\/equipment-de\\\/trainingsgerate\\\/tatamis-puzzle-matten\\\/ijf-judo-tatami-matte-4-cm-bsw\\\/\",\"url\":\"https:\\\/\\\/prideshop.eu\\\/de\\\/shop\\\/equipment-de\\\/trainingsgerate\\\/tatamis-puzzle-matten\\\/ijf-judo-tatami-matte-4-cm-bsw\\\/\",\"name\":\"IJF-zertifizierte Tatami Matte 4\u202fcm BSW \u2013 Judo Profi - PRIDEshop\",\"isPartOf\":{\"@id\":\"https:\\\/\\\/prideshop.eu\\\/de\\\/#website\"},\"primaryImageOfPage\":{\"@id\":\"https:\\\/\\\/prideshop.eu\\\/de\\\/shop\\\/equipment-de\\\/trainingsgerate\\\/tatamis-puzzle-matten\\\/ijf-judo-tatami-matte-4-cm-bsw\\\/#primaryimage\"},\"image\":{\"@id\":\"https:\\\/\\\/prideshop.eu\\\/de\\\/shop\\\/equipment-de\\\/trainingsgerate\\\/tatamis-puzzle-matten\\\/ijf-judo-tatami-matte-4-cm-bsw\\\/#primaryimage\"},\"thumbnailUrl\":\"https:\\\/\\\/prideshop.eu\\\/wp-content\\\/uploads\\\/2021\\\/01\\\/ijf-judo-tatami-blazine-4-cm-bsw-8110.jpeg\",\"datePublished\":\"2021-01-20T10:13:15+00:00\",\"dateModified\":\"2025-08-04T08:59:12+00:00\",\"description\":\"IJF Judo Tatami Matte 4 cm, BSW. Sie sind von der IJF World Judo Federation zertifiziert. Sie sind f\u00fcr die gr\u00f6\u00dften Wettbewerbe der Welt einschlie\u00dflich der Olympischen Spiele konzipiert.\",\"breadcrumb\":{\"@id\":\"https:\\\/\\\/prideshop.eu\\\/de\\\/shop\\\/equipment-de\\\/trainingsgerate\\\/tatamis-puzzle-matten\\\/ijf-judo-tatami-matte-4-cm-bsw\\\/#breadcrumb\"},\"inLanguage\":\"de\",\"potentialAction\":[{\"@type\":\"ReadAction\",\"target\":[\"https:\\\/\\\/prideshop.eu\\\/de\\\/shop\\\/equipment-de\\\/trainingsgerate\\\/tatamis-puzzle-matten\\\/ijf-judo-tatami-matte-4-cm-bsw\\\/\"]}]},{\"@type\":\"ImageObject\",\"inLanguage\":\"de\",\"@id\":\"https:\\\/\\\/prideshop.eu\\\/de\\\/shop\\\/equipment-de\\\/trainingsgerate\\\/tatamis-puzzle-matten\\\/ijf-judo-tatami-matte-4-cm-bsw\\\/#primaryimage\",\"url\":\"https:\\\/\\\/prideshop.eu\\\/wp-content\\\/uploads\\\/2021\\\/01\\\/ijf-judo-tatami-blazine-4-cm-bsw-8110.jpeg\",\"contentUrl\":\"https:\\\/\\\/prideshop.eu\\\/wp-content\\\/uploads\\\/2021\\\/01\\\/ijf-judo-tatami-blazine-4-cm-bsw-8110.jpeg\",\"width\":600,\"height\":600,\"caption\":\"IJF Judo Tatami Matte 4 cm BSW\"},{\"@type\":\"BreadcrumbList\",\"@id\":\"https:\\\/\\\/prideshop.eu\\\/de\\\/shop\\\/equipment-de\\\/trainingsgerate\\\/tatamis-puzzle-matten\\\/ijf-judo-tatami-matte-4-cm-bsw\\\/#breadcrumb\",\"itemListElement\":[{\"@type\":\"ListItem\",\"position\":1,\"name\":\"Home\",\"item\":\"https:\\\/\\\/prideshop.eu\\\/de\\\/\"},{\"@type\":\"ListItem\",\"position\":2,\"name\":\"Gesch\u00e4ft\",\"item\":\"https:\\\/\\\/prideshop.eu\\\/de\\\/geschaeft\\\/\"},{\"@type\":\"ListItem\",\"position\":3,\"name\":\"IJF-zertifizierte Tatami Matte 4\u202fcm BSW \u2013 Judo Profi\"}]},{\"@type\":\"WebSite\",\"@id\":\"https:\\\/\\\/prideshop.eu\\\/de\\\/#website\",\"url\":\"https:\\\/\\\/prideshop.eu\\\/de\\\/\",\"name\":\"PRIDEshop\",\"description\":\"Oprema za Borilne \u0160porte\",\"publisher\":{\"@id\":\"https:\\\/\\\/prideshop.eu\\\/de\\\/#organization\"},\"potentialAction\":[{\"@type\":\"SearchAction\",\"target\":{\"@type\":\"EntryPoint\",\"urlTemplate\":\"https:\\\/\\\/prideshop.eu\\\/de\\\/?s={search_term_string}\"},\"query-input\":{\"@type\":\"PropertyValueSpecification\",\"valueRequired\":true,\"valueName\":\"search_term_string\"}}],\"inLanguage\":\"de\"},{\"@type\":\"Organization\",\"@id\":\"https:\\\/\\\/prideshop.eu\\\/de\\\/#organization\",\"name\":\"PRIDEshop\",\"url\":\"https:\\\/\\\/prideshop.eu\\\/de\\\/\",\"logo\":{\"@type\":\"ImageObject\",\"inLanguage\":\"de\",\"@id\":\"https:\\\/\\\/prideshop.eu\\\/de\\\/#\\\/schema\\\/logo\\\/image\\\/\",\"url\":\"\",\"contentUrl\":\"\",\"caption\":\"PRIDEshop\"},\"image\":{\"@id\":\"https:\\\/\\\/prideshop.eu\\\/de\\\/#\\\/schema\\\/logo\\\/image\\\/\"},\"sameAs\":[\"https:\\\/\\\/sl-si.facebook.com\\\/PrideShopeu\"]}]}<\/script>\n<!-- \/ Yoast SEO plugin. -->","yoast_head_json":{"title":"IJF-zertifizierte Tatami Matte 4\u202fcm BSW \u2013 Judo Profi - PRIDEshop","description":"IJF Judo Tatami Matte 4 cm, BSW. Sie sind von der IJF World Judo Federation zertifiziert. Sie sind f\u00fcr die gr\u00f6\u00dften Wettbewerbe der Welt einschlie\u00dflich der Olympischen Spiele konzipiert.","robots":{"index":"index","follow":"follow","max-snippet":"max-snippet:-1","max-image-preview":"max-image-preview:large","max-video-preview":"max-video-preview:-1"},"canonical":"https:\/\/prideshop.eu\/de\/shop\/equipment-de\/trainingsgerate\/tatamis-puzzle-matten\/ijf-judo-tatami-matte-4-cm-bsw\/","og_locale":"de_DE","og_type":"article","og_title":"IJF-zertifizierte Tatami Matte 4\u202fcm BSW \u2013 Judo Profi - PRIDEshop","og_description":"IJF Judo Tatami Matte 4 cm, BSW. Sie sind von der IJF World Judo Federation zertifiziert. Sie sind f\u00fcr die gr\u00f6\u00dften Wettbewerbe der Welt einschlie\u00dflich der Olympischen Spiele konzipiert.","og_url":"https:\/\/prideshop.eu\/de\/shop\/equipment-de\/trainingsgerate\/tatamis-puzzle-matten\/ijf-judo-tatami-matte-4-cm-bsw\/","og_site_name":"PRIDEshop","article_publisher":"https:\/\/sl-si.facebook.com\/PrideShopeu","article_modified_time":"2025-08-04T08:59:12+00:00","og_image":[{"width":600,"height":600,"url":"https:\/\/prideshop.eu\/wp-content\/uploads\/2021\/01\/ijf-judo-tatami-blazine-4-cm-bsw-8110.jpeg","type":"image\/jpeg"}],"twitter_card":"summary_large_image","schema":{"@context":"https:\/\/schema.org","@graph":[{"@type":"WebPage","@id":"https:\/\/prideshop.eu\/de\/shop\/equipment-de\/trainingsgerate\/tatamis-puzzle-matten\/ijf-judo-tatami-matte-4-cm-bsw\/","url":"https:\/\/prideshop.eu\/de\/shop\/equipment-de\/trainingsgerate\/tatamis-puzzle-matten\/ijf-judo-tatami-matte-4-cm-bsw\/","name":"IJF-zertifizierte Tatami Matte 4\u202fcm BSW \u2013 Judo Profi - PRIDEshop","isPartOf":{"@id":"https:\/\/prideshop.eu\/de\/#website"},"primaryImageOfPage":{"@id":"https:\/\/prideshop.eu\/de\/shop\/equipment-de\/trainingsgerate\/tatamis-puzzle-matten\/ijf-judo-tatami-matte-4-cm-bsw\/#primaryimage"},"image":{"@id":"https:\/\/prideshop.eu\/de\/shop\/equipment-de\/trainingsgerate\/tatamis-puzzle-matten\/ijf-judo-tatami-matte-4-cm-bsw\/#primaryimage"},"thumbnailUrl":"https:\/\/prideshop.eu\/wp-content\/uploads\/2021\/01\/ijf-judo-tatami-blazine-4-cm-bsw-8110.jpeg","datePublished":"2021-01-20T10:13:15+00:00","dateModified":"2025-08-04T08:59:12+00:00","description":"IJF Judo Tatami Matte 4 cm, BSW. Sie sind von der IJF World Judo Federation zertifiziert. Sie sind f\u00fcr die gr\u00f6\u00dften Wettbewerbe der Welt einschlie\u00dflich der Olympischen Spiele konzipiert.","breadcrumb":{"@id":"https:\/\/prideshop.eu\/de\/shop\/equipment-de\/trainingsgerate\/tatamis-puzzle-matten\/ijf-judo-tatami-matte-4-cm-bsw\/#breadcrumb"},"inLanguage":"de","potentialAction":[{"@type":"ReadAction","target":["https:\/\/prideshop.eu\/de\/shop\/equipment-de\/trainingsgerate\/tatamis-puzzle-matten\/ijf-judo-tatami-matte-4-cm-bsw\/"]}]},{"@type":"ImageObject","inLanguage":"de","@id":"https:\/\/prideshop.eu\/de\/shop\/equipment-de\/trainingsgerate\/tatamis-puzzle-matten\/ijf-judo-tatami-matte-4-cm-bsw\/#primaryimage","url":"https:\/\/prideshop.eu\/wp-content\/uploads\/2021\/01\/ijf-judo-tatami-blazine-4-cm-bsw-8110.jpeg","contentUrl":"https:\/\/prideshop.eu\/wp-content\/uploads\/2021\/01\/ijf-judo-tatami-blazine-4-cm-bsw-8110.jpeg","width":600,"height":600,"caption":"IJF Judo Tatami Matte 4 cm BSW"},{"@type":"BreadcrumbList","@id":"https:\/\/prideshop.eu\/de\/shop\/equipment-de\/trainingsgerate\/tatamis-puzzle-matten\/ijf-judo-tatami-matte-4-cm-bsw\/#breadcrumb","itemListElement":[{"@type":"ListItem","position":1,"name":"Home","item":"https:\/\/prideshop.eu\/de\/"},{"@type":"ListItem","position":2,"name":"Gesch\u00e4ft","item":"https:\/\/prideshop.eu\/de\/geschaeft\/"},{"@type":"ListItem","position":3,"name":"IJF-zertifizierte Tatami Matte 4\u202fcm BSW \u2013 Judo Profi"}]},{"@type":"WebSite","@id":"https:\/\/prideshop.eu\/de\/#website","url":"https:\/\/prideshop.eu\/de\/","name":"PRIDEshop","description":"Oprema za Borilne \u0160porte","publisher":{"@id":"https:\/\/prideshop.eu\/de\/#organization"},"potentialAction":[{"@type":"SearchAction","target":{"@type":"EntryPoint","urlTemplate":"https:\/\/prideshop.eu\/de\/?s={search_term_string}"},"query-input":{"@type":"PropertyValueSpecification","valueRequired":true,"valueName":"search_term_string"}}],"inLanguage":"de"},{"@type":"Organization","@id":"https:\/\/prideshop.eu\/de\/#organization","name":"PRIDEshop","url":"https:\/\/prideshop.eu\/de\/","logo":{"@type":"ImageObject","inLanguage":"de","@id":"https:\/\/prideshop.eu\/de\/#\/schema\/logo\/image\/","url":"","contentUrl":"","caption":"PRIDEshop"},"image":{"@id":"https:\/\/prideshop.eu\/de\/#\/schema\/logo\/image\/"},"sameAs":["https:\/\/sl-si.facebook.com\/PrideShopeu"]}]}},"_links":{"self":[{"href":"https:\/\/prideshop.eu\/de\/wp-json\/wp\/v2\/product\/11510","targetHints":{"allow":["GET"]}}],"collection":[{"href":"https:\/\/prideshop.eu\/de\/wp-json\/wp\/v2\/product"}],"about":[{"href":"https:\/\/prideshop.eu\/de\/wp-json\/wp\/v2\/types\/product"}],"replies":[{"embeddable":true,"href":"https:\/\/prideshop.eu\/de\/wp-json\/wp\/v2\/comments?post=11510"}],"wp:featuredmedia":[{"embeddable":true,"href":"https:\/\/prideshop.eu\/de\/wp-json\/wp\/v2\/media\/36507"}],"wp:attachment":[{"href":"https:\/\/prideshop.eu\/de\/wp-json\/wp\/v2\/media?parent=11510"}],"wp:term":[{"taxonomy":"product_brand","embeddable":true,"href":"https:\/\/prideshop.eu\/de\/wp-json\/wp\/v2\/product_brand?post=11510"},{"taxonomy":"product_cat","embeddable":true,"href":"https:\/\/prideshop.eu\/de\/wp-json\/wp\/v2\/product_cat?post=11510"},{"taxonomy":"product_tag","embeddable":true,"href":"https:\/\/prideshop.eu\/de\/wp-json\/wp\/v2\/product_tag?post=11510"}],"curies":[{"name":"wp","href":"https:\/\/api.w.org\/{rel}","templated":true}]}}