{"id":11522,"date":"2020-09-10T10:16:50","date_gmt":"2020-09-10T08:16:50","guid":{"rendered":"https:\/\/prideshop.eu\/spletna-trgovina\/unkategorisiert\/tatami-puzzlematte-bronze-20-cm-pride\/"},"modified":"2025-08-04T10:59:05","modified_gmt":"2025-08-04T08:59:05","slug":"tatami-puzzlematte-bronze-20-cm-pride","status":"publish","type":"product","link":"https:\/\/prideshop.eu\/de\/shop\/equipment-de\/trainingsgerate\/tatamis-puzzle-matten\/tatami-puzzlematte-bronze-20-cm-pride\/","title":{"rendered":"Tatami Puzzlematte Bronze 2,0 cm | Pride"},"content":{"rendered":"<h3>Tatami Puzzlematte Bronze 2,0 cm | Pride<\/h3>\n<p>Tatami Puzzlematte Bronze 2,0 cm, PridenZusammensetzbare Matten (Tatami) sind f\u00fcr das Trainingnaller Kampfsportarten, als auch als Unterlagen in Boxringen,nSpielr\u00e4umen in Schullen und Kinderg\u00e4rten, f\u00fcr das Einrichtennvon Kinderzimmern zuhause, pers\u00f6nlichen Trainingsr\u00e4umennusw geeignet. Sie sind aus zwei Schichten hochwertigen Polyethilen, dass sich nicht niederschl\u00e4gt gemacht und eine konstante Best\u00e4ndigkeit garantiert. Die Oberfl\u00e4che ist rutchfest.Die Matten werden im Puzzle\u2013System zusammengebaut, so dass sie nicht auseinander rutchen. Mit jeder Matte bekommen sie vier Abschlussr\u00e4nder. Die Matten haben ein Eignungszertifikat und sind f\u00fcr Wettk\u00e4mpfe geeignet.nDimenzionen: 100 Cm x 100 Cm x 2,00 Cm Gewicht: cca 2,5 KgnFarbe: rot\/blau<\/p>\n","protected":false},"excerpt":{"rendered":"<p>Tatami Puzzlematte Bronze 2,0 cm, PridenZusammensetzbare Matten (Tatami) sind f\u00fcr das Trainingnaller Kampfsportarten, als auch als Unterlagen in Boxringen,nSpielr\u00e4umen in Schullen und Kinderg\u00e4rten, f\u00fcr das Einrichtennvon Kinderzimmern zuhause, pers\u00f6nlichen Trainingsr\u00e4umennusw geeignet. Sie sind aus zwei Schichten hochwertigen Polyethilen, dass sich nicht niederschl\u00e4gt gemacht und eine konstante Best\u00e4ndigkeit garantiert. Die Oberfl\u00e4che ist rutchfest.Die Matten werden im Puzzle\u2013System zusammengebaut, so dass sie nicht auseinander rutchen. Mit jeder Matte bekommen sie vier Abschlussr\u00e4nder. Die Matten haben ein Eignungszertifikat und sind f\u00fcr Wettk\u00e4mpfe geeignet.nDimenzionen: 100 Cm x 100 Cm x 2,00 Cm Gewicht: cca 2,5 KgnFarbe: rot\/blau<\/p>\n","protected":false},"featured_media":11523,"comment_status":"open","ping_status":"closed","template":"","meta":{"_acf_changed":false},"product_brand":[2086],"product_cat":[580,630,616],"product_tag":[],"class_list":{"0":"post-11522","1":"product","2":"type-product","3":"status-publish","4":"has-post-thumbnail","6":"product_brand-pride","7":"product_cat-equipment-de","8":"product_cat-tatamis-puzzle-matten","9":"product_cat-trainingsgerate","11":"first","12":"outofstock","13":"taxable","14":"shipping-taxable","15":"purchasable","16":"product-type-simple"},"acf":[],"yoast_head":"<!-- This site is optimized with the Yoast SEO plugin v27.5 - https:\/\/yoast.com\/product\/yoast-seo-wordpress\/ -->\n<title>Tatami Puzzlematte Bronze 2,0 cm | Pride - PRIDEshop<\/title>\n<meta name=\"description\" content=\"Tatami Puzzlematte Bronze 2,0 cm Pride. Zusammensetzbare Matten sind f\u00fcr das Trainingaller Kampfsportarten, als auch als Unterlagen in Boxringen,...\" \/>\n<meta name=\"robots\" content=\"index, follow, max-snippet:-1, max-image-preview:large, max-video-preview:-1\" \/>\n<link rel=\"canonical\" href=\"https:\/\/prideshop.eu\/de\/shop\/equipment-de\/trainingsgerate\/tatamis-puzzle-matten\/tatami-puzzlematte-bronze-20-cm-pride\/\" \/>\n<meta property=\"og:locale\" content=\"de_DE\" \/>\n<meta property=\"og:type\" content=\"article\" \/>\n<meta property=\"og:title\" content=\"Tatami Puzzlematte Bronze 2,0 cm | Pride - PRIDEshop\" \/>\n<meta property=\"og:description\" content=\"Tatami Puzzlematte Bronze 2,0 cm Pride. Zusammensetzbare Matten sind f\u00fcr das Trainingaller Kampfsportarten, als auch als Unterlagen in Boxringen,...\" \/>\n<meta property=\"og:url\" content=\"https:\/\/prideshop.eu\/de\/shop\/equipment-de\/trainingsgerate\/tatamis-puzzle-matten\/tatami-puzzlematte-bronze-20-cm-pride\/\" \/>\n<meta property=\"og:site_name\" content=\"PRIDEshop\" \/>\n<meta property=\"article:publisher\" content=\"https:\/\/sl-si.facebook.com\/PrideShopeu\" \/>\n<meta property=\"article:modified_time\" content=\"2025-08-04T08:59:05+00:00\" \/>\n<meta property=\"og:image\" content=\"https:\/\/prideshop.eu\/wp-content\/uploads\/2020\/09\/0001375_8131-puzzle-tatami-strunjace-bronze.jpeg\" \/>\n\t<meta property=\"og:image:width\" content=\"600\" \/>\n\t<meta property=\"og:image:height\" content=\"600\" \/>\n\t<meta property=\"og:image:type\" content=\"image\/jpeg\" \/>\n<meta name=\"twitter:card\" content=\"summary_large_image\" \/>\n<meta name=\"twitter:label1\" content=\"Gesch\u00e4tzte Lesezeit\" \/>\n\t<meta name=\"twitter:data1\" content=\"1\u00a0Minute\" \/>\n<script type=\"application\/ld+json\" class=\"yoast-schema-graph\">{\"@context\":\"https:\\\/\\\/schema.org\",\"@graph\":[{\"@type\":\"WebPage\",\"@id\":\"https:\\\/\\\/prideshop.eu\\\/de\\\/shop\\\/equipment-de\\\/trainingsgerate\\\/tatamis-puzzle-matten\\\/tatami-puzzlematte-bronze-20-cm-pride\\\/\",\"url\":\"https:\\\/\\\/prideshop.eu\\\/de\\\/shop\\\/equipment-de\\\/trainingsgerate\\\/tatamis-puzzle-matten\\\/tatami-puzzlematte-bronze-20-cm-pride\\\/\",\"name\":\"Tatami Puzzlematte Bronze 2,0 cm | Pride - PRIDEshop\",\"isPartOf\":{\"@id\":\"https:\\\/\\\/prideshop.eu\\\/de\\\/#website\"},\"primaryImageOfPage\":{\"@id\":\"https:\\\/\\\/prideshop.eu\\\/de\\\/shop\\\/equipment-de\\\/trainingsgerate\\\/tatamis-puzzle-matten\\\/tatami-puzzlematte-bronze-20-cm-pride\\\/#primaryimage\"},\"image\":{\"@id\":\"https:\\\/\\\/prideshop.eu\\\/de\\\/shop\\\/equipment-de\\\/trainingsgerate\\\/tatamis-puzzle-matten\\\/tatami-puzzlematte-bronze-20-cm-pride\\\/#primaryimage\"},\"thumbnailUrl\":\"https:\\\/\\\/prideshop.eu\\\/wp-content\\\/uploads\\\/2020\\\/09\\\/0001375_8131-puzzle-tatami-strunjace-bronze.jpeg\",\"datePublished\":\"2020-09-10T08:16:50+00:00\",\"dateModified\":\"2025-08-04T08:59:05+00:00\",\"description\":\"Tatami Puzzlematte Bronze 2,0 cm Pride. Zusammensetzbare Matten sind f\u00fcr das Trainingaller Kampfsportarten, als auch als Unterlagen in Boxringen,...\",\"breadcrumb\":{\"@id\":\"https:\\\/\\\/prideshop.eu\\\/de\\\/shop\\\/equipment-de\\\/trainingsgerate\\\/tatamis-puzzle-matten\\\/tatami-puzzlematte-bronze-20-cm-pride\\\/#breadcrumb\"},\"inLanguage\":\"de\",\"potentialAction\":[{\"@type\":\"ReadAction\",\"target\":[\"https:\\\/\\\/prideshop.eu\\\/de\\\/shop\\\/equipment-de\\\/trainingsgerate\\\/tatamis-puzzle-matten\\\/tatami-puzzlematte-bronze-20-cm-pride\\\/\"]}]},{\"@type\":\"ImageObject\",\"inLanguage\":\"de\",\"@id\":\"https:\\\/\\\/prideshop.eu\\\/de\\\/shop\\\/equipment-de\\\/trainingsgerate\\\/tatamis-puzzle-matten\\\/tatami-puzzlematte-bronze-20-cm-pride\\\/#primaryimage\",\"url\":\"https:\\\/\\\/prideshop.eu\\\/wp-content\\\/uploads\\\/2020\\\/09\\\/0001375_8131-puzzle-tatami-strunjace-bronze.jpeg\",\"contentUrl\":\"https:\\\/\\\/prideshop.eu\\\/wp-content\\\/uploads\\\/2020\\\/09\\\/0001375_8131-puzzle-tatami-strunjace-bronze.jpeg\",\"width\":600,\"height\":600},{\"@type\":\"BreadcrumbList\",\"@id\":\"https:\\\/\\\/prideshop.eu\\\/de\\\/shop\\\/equipment-de\\\/trainingsgerate\\\/tatamis-puzzle-matten\\\/tatami-puzzlematte-bronze-20-cm-pride\\\/#breadcrumb\",\"itemListElement\":[{\"@type\":\"ListItem\",\"position\":1,\"name\":\"Home\",\"item\":\"https:\\\/\\\/prideshop.eu\\\/de\\\/\"},{\"@type\":\"ListItem\",\"position\":2,\"name\":\"Gesch\u00e4ft\",\"item\":\"https:\\\/\\\/prideshop.eu\\\/de\\\/geschaeft\\\/\"},{\"@type\":\"ListItem\",\"position\":3,\"name\":\"Tatami Puzzlematte Bronze 2,0 cm | Pride\"}]},{\"@type\":\"WebSite\",\"@id\":\"https:\\\/\\\/prideshop.eu\\\/de\\\/#website\",\"url\":\"https:\\\/\\\/prideshop.eu\\\/de\\\/\",\"name\":\"PRIDEshop\",\"description\":\"Oprema za Borilne \u0160porte\",\"publisher\":{\"@id\":\"https:\\\/\\\/prideshop.eu\\\/de\\\/#organization\"},\"potentialAction\":[{\"@type\":\"SearchAction\",\"target\":{\"@type\":\"EntryPoint\",\"urlTemplate\":\"https:\\\/\\\/prideshop.eu\\\/de\\\/?s={search_term_string}\"},\"query-input\":{\"@type\":\"PropertyValueSpecification\",\"valueRequired\":true,\"valueName\":\"search_term_string\"}}],\"inLanguage\":\"de\"},{\"@type\":\"Organization\",\"@id\":\"https:\\\/\\\/prideshop.eu\\\/de\\\/#organization\",\"name\":\"PRIDEshop\",\"url\":\"https:\\\/\\\/prideshop.eu\\\/de\\\/\",\"logo\":{\"@type\":\"ImageObject\",\"inLanguage\":\"de\",\"@id\":\"https:\\\/\\\/prideshop.eu\\\/de\\\/#\\\/schema\\\/logo\\\/image\\\/\",\"url\":\"\",\"contentUrl\":\"\",\"caption\":\"PRIDEshop\"},\"image\":{\"@id\":\"https:\\\/\\\/prideshop.eu\\\/de\\\/#\\\/schema\\\/logo\\\/image\\\/\"},\"sameAs\":[\"https:\\\/\\\/sl-si.facebook.com\\\/PrideShopeu\"]}]}<\/script>\n<!-- \/ Yoast SEO plugin. -->","yoast_head_json":{"title":"Tatami Puzzlematte Bronze 2,0 cm | Pride - PRIDEshop","description":"Tatami Puzzlematte Bronze 2,0 cm Pride. Zusammensetzbare Matten sind f\u00fcr das Trainingaller Kampfsportarten, als auch als Unterlagen in Boxringen,...","robots":{"index":"index","follow":"follow","max-snippet":"max-snippet:-1","max-image-preview":"max-image-preview:large","max-video-preview":"max-video-preview:-1"},"canonical":"https:\/\/prideshop.eu\/de\/shop\/equipment-de\/trainingsgerate\/tatamis-puzzle-matten\/tatami-puzzlematte-bronze-20-cm-pride\/","og_locale":"de_DE","og_type":"article","og_title":"Tatami Puzzlematte Bronze 2,0 cm | Pride - PRIDEshop","og_description":"Tatami Puzzlematte Bronze 2,0 cm Pride. Zusammensetzbare Matten sind f\u00fcr das Trainingaller Kampfsportarten, als auch als Unterlagen in Boxringen,...","og_url":"https:\/\/prideshop.eu\/de\/shop\/equipment-de\/trainingsgerate\/tatamis-puzzle-matten\/tatami-puzzlematte-bronze-20-cm-pride\/","og_site_name":"PRIDEshop","article_publisher":"https:\/\/sl-si.facebook.com\/PrideShopeu","article_modified_time":"2025-08-04T08:59:05+00:00","og_image":[{"width":600,"height":600,"url":"https:\/\/prideshop.eu\/wp-content\/uploads\/2020\/09\/0001375_8131-puzzle-tatami-strunjace-bronze.jpeg","type":"image\/jpeg"}],"twitter_card":"summary_large_image","twitter_misc":{"Gesch\u00e4tzte Lesezeit":"1\u00a0Minute"},"schema":{"@context":"https:\/\/schema.org","@graph":[{"@type":"WebPage","@id":"https:\/\/prideshop.eu\/de\/shop\/equipment-de\/trainingsgerate\/tatamis-puzzle-matten\/tatami-puzzlematte-bronze-20-cm-pride\/","url":"https:\/\/prideshop.eu\/de\/shop\/equipment-de\/trainingsgerate\/tatamis-puzzle-matten\/tatami-puzzlematte-bronze-20-cm-pride\/","name":"Tatami Puzzlematte Bronze 2,0 cm | Pride - PRIDEshop","isPartOf":{"@id":"https:\/\/prideshop.eu\/de\/#website"},"primaryImageOfPage":{"@id":"https:\/\/prideshop.eu\/de\/shop\/equipment-de\/trainingsgerate\/tatamis-puzzle-matten\/tatami-puzzlematte-bronze-20-cm-pride\/#primaryimage"},"image":{"@id":"https:\/\/prideshop.eu\/de\/shop\/equipment-de\/trainingsgerate\/tatamis-puzzle-matten\/tatami-puzzlematte-bronze-20-cm-pride\/#primaryimage"},"thumbnailUrl":"https:\/\/prideshop.eu\/wp-content\/uploads\/2020\/09\/0001375_8131-puzzle-tatami-strunjace-bronze.jpeg","datePublished":"2020-09-10T08:16:50+00:00","dateModified":"2025-08-04T08:59:05+00:00","description":"Tatami Puzzlematte Bronze 2,0 cm Pride. Zusammensetzbare Matten sind f\u00fcr das Trainingaller Kampfsportarten, als auch als Unterlagen in Boxringen,...","breadcrumb":{"@id":"https:\/\/prideshop.eu\/de\/shop\/equipment-de\/trainingsgerate\/tatamis-puzzle-matten\/tatami-puzzlematte-bronze-20-cm-pride\/#breadcrumb"},"inLanguage":"de","potentialAction":[{"@type":"ReadAction","target":["https:\/\/prideshop.eu\/de\/shop\/equipment-de\/trainingsgerate\/tatamis-puzzle-matten\/tatami-puzzlematte-bronze-20-cm-pride\/"]}]},{"@type":"ImageObject","inLanguage":"de","@id":"https:\/\/prideshop.eu\/de\/shop\/equipment-de\/trainingsgerate\/tatamis-puzzle-matten\/tatami-puzzlematte-bronze-20-cm-pride\/#primaryimage","url":"https:\/\/prideshop.eu\/wp-content\/uploads\/2020\/09\/0001375_8131-puzzle-tatami-strunjace-bronze.jpeg","contentUrl":"https:\/\/prideshop.eu\/wp-content\/uploads\/2020\/09\/0001375_8131-puzzle-tatami-strunjace-bronze.jpeg","width":600,"height":600},{"@type":"BreadcrumbList","@id":"https:\/\/prideshop.eu\/de\/shop\/equipment-de\/trainingsgerate\/tatamis-puzzle-matten\/tatami-puzzlematte-bronze-20-cm-pride\/#breadcrumb","itemListElement":[{"@type":"ListItem","position":1,"name":"Home","item":"https:\/\/prideshop.eu\/de\/"},{"@type":"ListItem","position":2,"name":"Gesch\u00e4ft","item":"https:\/\/prideshop.eu\/de\/geschaeft\/"},{"@type":"ListItem","position":3,"name":"Tatami Puzzlematte Bronze 2,0 cm | Pride"}]},{"@type":"WebSite","@id":"https:\/\/prideshop.eu\/de\/#website","url":"https:\/\/prideshop.eu\/de\/","name":"PRIDEshop","description":"Oprema za Borilne \u0160porte","publisher":{"@id":"https:\/\/prideshop.eu\/de\/#organization"},"potentialAction":[{"@type":"SearchAction","target":{"@type":"EntryPoint","urlTemplate":"https:\/\/prideshop.eu\/de\/?s={search_term_string}"},"query-input":{"@type":"PropertyValueSpecification","valueRequired":true,"valueName":"search_term_string"}}],"inLanguage":"de"},{"@type":"Organization","@id":"https:\/\/prideshop.eu\/de\/#organization","name":"PRIDEshop","url":"https:\/\/prideshop.eu\/de\/","logo":{"@type":"ImageObject","inLanguage":"de","@id":"https:\/\/prideshop.eu\/de\/#\/schema\/logo\/image\/","url":"","contentUrl":"","caption":"PRIDEshop"},"image":{"@id":"https:\/\/prideshop.eu\/de\/#\/schema\/logo\/image\/"},"sameAs":["https:\/\/sl-si.facebook.com\/PrideShopeu"]}]}},"_links":{"self":[{"href":"https:\/\/prideshop.eu\/de\/wp-json\/wp\/v2\/product\/11522","targetHints":{"allow":["GET"]}}],"collection":[{"href":"https:\/\/prideshop.eu\/de\/wp-json\/wp\/v2\/product"}],"about":[{"href":"https:\/\/prideshop.eu\/de\/wp-json\/wp\/v2\/types\/product"}],"replies":[{"embeddable":true,"href":"https:\/\/prideshop.eu\/de\/wp-json\/wp\/v2\/comments?post=11522"}],"wp:featuredmedia":[{"embeddable":true,"href":"https:\/\/prideshop.eu\/de\/wp-json\/wp\/v2\/media\/11523"}],"wp:attachment":[{"href":"https:\/\/prideshop.eu\/de\/wp-json\/wp\/v2\/media?parent=11522"}],"wp:term":[{"taxonomy":"product_brand","embeddable":true,"href":"https:\/\/prideshop.eu\/de\/wp-json\/wp\/v2\/product_brand?post=11522"},{"taxonomy":"product_cat","embeddable":true,"href":"https:\/\/prideshop.eu\/de\/wp-json\/wp\/v2\/product_cat?post=11522"},{"taxonomy":"product_tag","embeddable":true,"href":"https:\/\/prideshop.eu\/de\/wp-json\/wp\/v2\/product_tag?post=11522"}],"curies":[{"name":"wp","href":"https:\/\/api.w.org\/{rel}","templated":true}]}}