{"id":11538,"date":"2020-09-07T11:37:05","date_gmt":"2020-09-07T09:37:05","guid":{"rendered":"https:\/\/prideshop.eu\/spletna-trgovina\/unkategorisiert\/ring-ecken-pride\/"},"modified":"2026-04-14T10:53:12","modified_gmt":"2026-04-14T08:53:12","slug":"ring-ecken-pride","status":"publish","type":"product","link":"https:\/\/prideshop.eu\/de\/shop\/equipment-de\/trainingsgerate\/boxringe-und-zubehor\/ring-ecken-pride\/","title":{"rendered":"Ringecken Boxring Pride \u2013 AmeriCorner"},"content":{"rendered":"<p data-start=\"377\" data-end=\"613\">Ringecken Boxring Pride \u2013 AmeriCorner sind professionelle Eckpolster im amerikanischen Stil f\u00fcr Boxringe und Kampfsport-Ringe. Sie sorgen f\u00fcr mehr Sicherheit im Ring und eine klare Kennzeichnung der Ecken w\u00e4hrend Training und Wettkampf.<\/p>\n<p data-start=\"615\" data-end=\"873\">Gefertigt aus hochwertigen und langlebigen Materialien, sind diese Ringpolster f\u00fcr den intensiven Einsatz im Training und bei Wettk\u00e4mpfen ausgelegt. Die Polsterung absorbiert Schl\u00e4ge effektiv und reduziert das Verletzungsrisiko beim Kontakt mit der Ringecke.<\/p>\n<p data-start=\"875\" data-end=\"1065\">Diese Ringecken werden auf Bestellung gefertigt. Anpassungen sind <strong data-start=\"941\" data-end=\"976\">nur bei Farbe und Druck m\u00f6glich<\/strong> (z. B. Vereinslogo oder Sponsoren). Die Ma\u00dfe sind fix und k\u00f6nnen nicht ver\u00e4ndert werden.<\/p>\n<p data-start=\"1067\" data-end=\"1182\">Standardfarben sind Rot, Blau, Wei\u00df und Schwarz. Weitere Farben sowie individueller Druck sind auf Anfrage m\u00f6glich.<\/p>\n<p data-start=\"1184\" data-end=\"1233\">\u23f1\ufe0f <strong data-start=\"1187\" data-end=\"1233\">Produktions- und Lieferzeit: ca. 3 Wochen.<\/strong><\/p>\n<p data-start=\"1235\" data-end=\"1256\">Preis gilt pro St\u00fcck.<\/p>\n","protected":false},"excerpt":{"rendered":"<p>\u2022 Professionelle Ringecken f\u00fcr Boxring \u2013 amerikanischer Stil<br \/>\n\u2022 Hochwertige und langlebige Materialien<br \/>\n\u2022 Sehr gute Sto\u00dfd\u00e4mpfung<br \/>\n\u2022 Individuelle Farbe und Druck m\u00f6glich<br \/>\n\u2022 Feste Ma\u00dfe (nicht ver\u00e4nderbar)<br \/>\n\u2022 Produktionszeit ca. 3 Wochen<br \/>\n\u2022 Preis pro St\u00fcck<\/p>\n","protected":false},"featured_media":57104,"comment_status":"open","ping_status":"closed","template":"","meta":{"_acf_changed":false},"product_brand":[2086],"product_cat":[620,580,616],"product_tag":[],"class_list":{"0":"post-11538","1":"product","2":"type-product","3":"status-publish","4":"has-post-thumbnail","6":"product_brand-pride","7":"product_cat-boxringe-und-zubehor","8":"product_cat-equipment-de","9":"product_cat-trainingsgerate","11":"first","12":"instock","13":"taxable","14":"shipping-taxable","15":"purchasable","16":"product-type-variable"},"acf":[],"yoast_head":"<!-- This site is optimized with the Yoast SEO plugin v27.4 - https:\/\/yoast.com\/product\/yoast-seo-wordpress\/ -->\n<title>Ringecken Boxring Pride \u2013 AmeriCorner - PRIDEshop<\/title>\n<meta name=\"description\" content=\"Ring Ecken, Pride. Amerikanischer Stil. Im Set sind 4 St\u00fcck.Zwei weisse, ein blauer und ein roter. Preis ist f\u00fcr 1 Stuck.\" \/>\n<meta name=\"robots\" content=\"index, follow, max-snippet:-1, max-image-preview:large, max-video-preview:-1\" \/>\n<link rel=\"canonical\" href=\"https:\/\/prideshop.eu\/de\/shop\/equipment-de\/trainingsgerate\/boxringe-und-zubehor\/ring-ecken-pride\/\" \/>\n<meta property=\"og:locale\" content=\"de_DE\" \/>\n<meta property=\"og:type\" content=\"article\" \/>\n<meta property=\"og:title\" content=\"Ringecken Boxring Pride \u2013 AmeriCorner - PRIDEshop\" \/>\n<meta property=\"og:description\" content=\"Ring Ecken, Pride. Amerikanischer Stil. Im Set sind 4 St\u00fcck.Zwei weisse, ein blauer und ein roter. Preis ist f\u00fcr 1 Stuck.\" \/>\n<meta property=\"og:url\" content=\"https:\/\/prideshop.eu\/de\/shop\/equipment-de\/trainingsgerate\/boxringe-und-zubehor\/ring-ecken-pride\/\" \/>\n<meta property=\"og:site_name\" content=\"PRIDEshop\" \/>\n<meta property=\"article:publisher\" content=\"https:\/\/sl-si.facebook.com\/PrideShopeu\" \/>\n<meta property=\"article:modified_time\" content=\"2026-04-14T08:53:12+00:00\" \/>\n<meta property=\"og:image\" content=\"https:\/\/prideshop.eu\/wp-content\/uploads\/2020\/09\/koti-za-ring-pride-americorner-8251.jpeg\" \/>\n\t<meta property=\"og:image:width\" content=\"600\" \/>\n\t<meta property=\"og:image:height\" content=\"600\" \/>\n\t<meta property=\"og:image:type\" content=\"image\/jpeg\" \/>\n<meta name=\"twitter:card\" content=\"summary_large_image\" \/>\n<meta name=\"twitter:label1\" content=\"Gesch\u00e4tzte Lesezeit\" \/>\n\t<meta name=\"twitter:data1\" content=\"1\u00a0Minute\" \/>\n<script type=\"application\/ld+json\" class=\"yoast-schema-graph\">{\"@context\":\"https:\\\/\\\/schema.org\",\"@graph\":[{\"@type\":\"WebPage\",\"@id\":\"https:\\\/\\\/prideshop.eu\\\/de\\\/shop\\\/equipment-de\\\/trainingsgerate\\\/boxringe-und-zubehor\\\/ring-ecken-pride\\\/\",\"url\":\"https:\\\/\\\/prideshop.eu\\\/de\\\/shop\\\/equipment-de\\\/trainingsgerate\\\/boxringe-und-zubehor\\\/ring-ecken-pride\\\/\",\"name\":\"Ringecken Boxring Pride \u2013 AmeriCorner - PRIDEshop\",\"isPartOf\":{\"@id\":\"https:\\\/\\\/prideshop.eu\\\/de\\\/#website\"},\"primaryImageOfPage\":{\"@id\":\"https:\\\/\\\/prideshop.eu\\\/de\\\/shop\\\/equipment-de\\\/trainingsgerate\\\/boxringe-und-zubehor\\\/ring-ecken-pride\\\/#primaryimage\"},\"image\":{\"@id\":\"https:\\\/\\\/prideshop.eu\\\/de\\\/shop\\\/equipment-de\\\/trainingsgerate\\\/boxringe-und-zubehor\\\/ring-ecken-pride\\\/#primaryimage\"},\"thumbnailUrl\":\"https:\\\/\\\/prideshop.eu\\\/wp-content\\\/uploads\\\/2020\\\/09\\\/koti-za-ring-pride-americorner-8251.jpeg\",\"datePublished\":\"2020-09-07T09:37:05+00:00\",\"dateModified\":\"2026-04-14T08:53:12+00:00\",\"description\":\"Ring Ecken, Pride. Amerikanischer Stil. Im Set sind 4 St\u00fcck.Zwei weisse, ein blauer und ein roter. Preis ist f\u00fcr 1 Stuck.\",\"breadcrumb\":{\"@id\":\"https:\\\/\\\/prideshop.eu\\\/de\\\/shop\\\/equipment-de\\\/trainingsgerate\\\/boxringe-und-zubehor\\\/ring-ecken-pride\\\/#breadcrumb\"},\"inLanguage\":\"de\",\"potentialAction\":[{\"@type\":\"ReadAction\",\"target\":[\"https:\\\/\\\/prideshop.eu\\\/de\\\/shop\\\/equipment-de\\\/trainingsgerate\\\/boxringe-und-zubehor\\\/ring-ecken-pride\\\/\"]}]},{\"@type\":\"ImageObject\",\"inLanguage\":\"de\",\"@id\":\"https:\\\/\\\/prideshop.eu\\\/de\\\/shop\\\/equipment-de\\\/trainingsgerate\\\/boxringe-und-zubehor\\\/ring-ecken-pride\\\/#primaryimage\",\"url\":\"https:\\\/\\\/prideshop.eu\\\/wp-content\\\/uploads\\\/2020\\\/09\\\/koti-za-ring-pride-americorner-8251.jpeg\",\"contentUrl\":\"https:\\\/\\\/prideshop.eu\\\/wp-content\\\/uploads\\\/2020\\\/09\\\/koti-za-ring-pride-americorner-8251.jpeg\",\"width\":600,\"height\":600,\"caption\":\"Koti za ring Pride AmeriCorner v razli\u010dnih barvah za boksarski ring\"},{\"@type\":\"BreadcrumbList\",\"@id\":\"https:\\\/\\\/prideshop.eu\\\/de\\\/shop\\\/equipment-de\\\/trainingsgerate\\\/boxringe-und-zubehor\\\/ring-ecken-pride\\\/#breadcrumb\",\"itemListElement\":[{\"@type\":\"ListItem\",\"position\":1,\"name\":\"Home\",\"item\":\"https:\\\/\\\/prideshop.eu\\\/de\\\/\"},{\"@type\":\"ListItem\",\"position\":2,\"name\":\"Gesch\u00e4ft\",\"item\":\"https:\\\/\\\/prideshop.eu\\\/de\\\/geschaeft\\\/\"},{\"@type\":\"ListItem\",\"position\":3,\"name\":\"Ringecken Boxring Pride \u2013 AmeriCorner\"}]},{\"@type\":\"WebSite\",\"@id\":\"https:\\\/\\\/prideshop.eu\\\/de\\\/#website\",\"url\":\"https:\\\/\\\/prideshop.eu\\\/de\\\/\",\"name\":\"PRIDEshop\",\"description\":\"Oprema za Borilne \u0160porte\",\"publisher\":{\"@id\":\"https:\\\/\\\/prideshop.eu\\\/de\\\/#organization\"},\"potentialAction\":[{\"@type\":\"SearchAction\",\"target\":{\"@type\":\"EntryPoint\",\"urlTemplate\":\"https:\\\/\\\/prideshop.eu\\\/de\\\/?s={search_term_string}\"},\"query-input\":{\"@type\":\"PropertyValueSpecification\",\"valueRequired\":true,\"valueName\":\"search_term_string\"}}],\"inLanguage\":\"de\"},{\"@type\":\"Organization\",\"@id\":\"https:\\\/\\\/prideshop.eu\\\/de\\\/#organization\",\"name\":\"PRIDEshop\",\"url\":\"https:\\\/\\\/prideshop.eu\\\/de\\\/\",\"logo\":{\"@type\":\"ImageObject\",\"inLanguage\":\"de\",\"@id\":\"https:\\\/\\\/prideshop.eu\\\/de\\\/#\\\/schema\\\/logo\\\/image\\\/\",\"url\":\"\",\"contentUrl\":\"\",\"caption\":\"PRIDEshop\"},\"image\":{\"@id\":\"https:\\\/\\\/prideshop.eu\\\/de\\\/#\\\/schema\\\/logo\\\/image\\\/\"},\"sameAs\":[\"https:\\\/\\\/sl-si.facebook.com\\\/PrideShopeu\"]}]}<\/script>\n<!-- \/ Yoast SEO plugin. -->","yoast_head_json":{"title":"Ringecken Boxring Pride \u2013 AmeriCorner - PRIDEshop","description":"Ring Ecken, Pride. Amerikanischer Stil. Im Set sind 4 St\u00fcck.Zwei weisse, ein blauer und ein roter. Preis ist f\u00fcr 1 Stuck.","robots":{"index":"index","follow":"follow","max-snippet":"max-snippet:-1","max-image-preview":"max-image-preview:large","max-video-preview":"max-video-preview:-1"},"canonical":"https:\/\/prideshop.eu\/de\/shop\/equipment-de\/trainingsgerate\/boxringe-und-zubehor\/ring-ecken-pride\/","og_locale":"de_DE","og_type":"article","og_title":"Ringecken Boxring Pride \u2013 AmeriCorner - PRIDEshop","og_description":"Ring Ecken, Pride. Amerikanischer Stil. Im Set sind 4 St\u00fcck.Zwei weisse, ein blauer und ein roter. Preis ist f\u00fcr 1 Stuck.","og_url":"https:\/\/prideshop.eu\/de\/shop\/equipment-de\/trainingsgerate\/boxringe-und-zubehor\/ring-ecken-pride\/","og_site_name":"PRIDEshop","article_publisher":"https:\/\/sl-si.facebook.com\/PrideShopeu","article_modified_time":"2026-04-14T08:53:12+00:00","og_image":[{"width":600,"height":600,"url":"https:\/\/prideshop.eu\/wp-content\/uploads\/2020\/09\/koti-za-ring-pride-americorner-8251.jpeg","type":"image\/jpeg"}],"twitter_card":"summary_large_image","twitter_misc":{"Gesch\u00e4tzte Lesezeit":"1\u00a0Minute"},"schema":{"@context":"https:\/\/schema.org","@graph":[{"@type":"WebPage","@id":"https:\/\/prideshop.eu\/de\/shop\/equipment-de\/trainingsgerate\/boxringe-und-zubehor\/ring-ecken-pride\/","url":"https:\/\/prideshop.eu\/de\/shop\/equipment-de\/trainingsgerate\/boxringe-und-zubehor\/ring-ecken-pride\/","name":"Ringecken Boxring Pride \u2013 AmeriCorner - PRIDEshop","isPartOf":{"@id":"https:\/\/prideshop.eu\/de\/#website"},"primaryImageOfPage":{"@id":"https:\/\/prideshop.eu\/de\/shop\/equipment-de\/trainingsgerate\/boxringe-und-zubehor\/ring-ecken-pride\/#primaryimage"},"image":{"@id":"https:\/\/prideshop.eu\/de\/shop\/equipment-de\/trainingsgerate\/boxringe-und-zubehor\/ring-ecken-pride\/#primaryimage"},"thumbnailUrl":"https:\/\/prideshop.eu\/wp-content\/uploads\/2020\/09\/koti-za-ring-pride-americorner-8251.jpeg","datePublished":"2020-09-07T09:37:05+00:00","dateModified":"2026-04-14T08:53:12+00:00","description":"Ring Ecken, Pride. Amerikanischer Stil. Im Set sind 4 St\u00fcck.Zwei weisse, ein blauer und ein roter. Preis ist f\u00fcr 1 Stuck.","breadcrumb":{"@id":"https:\/\/prideshop.eu\/de\/shop\/equipment-de\/trainingsgerate\/boxringe-und-zubehor\/ring-ecken-pride\/#breadcrumb"},"inLanguage":"de","potentialAction":[{"@type":"ReadAction","target":["https:\/\/prideshop.eu\/de\/shop\/equipment-de\/trainingsgerate\/boxringe-und-zubehor\/ring-ecken-pride\/"]}]},{"@type":"ImageObject","inLanguage":"de","@id":"https:\/\/prideshop.eu\/de\/shop\/equipment-de\/trainingsgerate\/boxringe-und-zubehor\/ring-ecken-pride\/#primaryimage","url":"https:\/\/prideshop.eu\/wp-content\/uploads\/2020\/09\/koti-za-ring-pride-americorner-8251.jpeg","contentUrl":"https:\/\/prideshop.eu\/wp-content\/uploads\/2020\/09\/koti-za-ring-pride-americorner-8251.jpeg","width":600,"height":600,"caption":"Koti za ring Pride AmeriCorner v razli\u010dnih barvah za boksarski ring"},{"@type":"BreadcrumbList","@id":"https:\/\/prideshop.eu\/de\/shop\/equipment-de\/trainingsgerate\/boxringe-und-zubehor\/ring-ecken-pride\/#breadcrumb","itemListElement":[{"@type":"ListItem","position":1,"name":"Home","item":"https:\/\/prideshop.eu\/de\/"},{"@type":"ListItem","position":2,"name":"Gesch\u00e4ft","item":"https:\/\/prideshop.eu\/de\/geschaeft\/"},{"@type":"ListItem","position":3,"name":"Ringecken Boxring Pride \u2013 AmeriCorner"}]},{"@type":"WebSite","@id":"https:\/\/prideshop.eu\/de\/#website","url":"https:\/\/prideshop.eu\/de\/","name":"PRIDEshop","description":"Oprema za Borilne \u0160porte","publisher":{"@id":"https:\/\/prideshop.eu\/de\/#organization"},"potentialAction":[{"@type":"SearchAction","target":{"@type":"EntryPoint","urlTemplate":"https:\/\/prideshop.eu\/de\/?s={search_term_string}"},"query-input":{"@type":"PropertyValueSpecification","valueRequired":true,"valueName":"search_term_string"}}],"inLanguage":"de"},{"@type":"Organization","@id":"https:\/\/prideshop.eu\/de\/#organization","name":"PRIDEshop","url":"https:\/\/prideshop.eu\/de\/","logo":{"@type":"ImageObject","inLanguage":"de","@id":"https:\/\/prideshop.eu\/de\/#\/schema\/logo\/image\/","url":"","contentUrl":"","caption":"PRIDEshop"},"image":{"@id":"https:\/\/prideshop.eu\/de\/#\/schema\/logo\/image\/"},"sameAs":["https:\/\/sl-si.facebook.com\/PrideShopeu"]}]}},"_links":{"self":[{"href":"https:\/\/prideshop.eu\/de\/wp-json\/wp\/v2\/product\/11538","targetHints":{"allow":["GET"]}}],"collection":[{"href":"https:\/\/prideshop.eu\/de\/wp-json\/wp\/v2\/product"}],"about":[{"href":"https:\/\/prideshop.eu\/de\/wp-json\/wp\/v2\/types\/product"}],"replies":[{"embeddable":true,"href":"https:\/\/prideshop.eu\/de\/wp-json\/wp\/v2\/comments?post=11538"}],"wp:featuredmedia":[{"embeddable":true,"href":"https:\/\/prideshop.eu\/de\/wp-json\/wp\/v2\/media\/57104"}],"wp:attachment":[{"href":"https:\/\/prideshop.eu\/de\/wp-json\/wp\/v2\/media?parent=11538"}],"wp:term":[{"taxonomy":"product_brand","embeddable":true,"href":"https:\/\/prideshop.eu\/de\/wp-json\/wp\/v2\/product_brand?post=11538"},{"taxonomy":"product_cat","embeddable":true,"href":"https:\/\/prideshop.eu\/de\/wp-json\/wp\/v2\/product_cat?post=11538"},{"taxonomy":"product_tag","embeddable":true,"href":"https:\/\/prideshop.eu\/de\/wp-json\/wp\/v2\/product_tag?post=11538"}],"curies":[{"name":"wp","href":"https:\/\/api.w.org\/{rel}","templated":true}]}}