{"id":11580,"date":"2020-09-15T12:47:50","date_gmt":"2020-09-15T10:47:50","guid":{"rendered":"https:\/\/prideshop.eu\/spletna-trgovina\/unkategorisiert\/schlusselanhanger-dobok-taekwondo-pride\/"},"modified":"2026-01-14T16:40:48","modified_gmt":"2026-01-14T15:40:48","slug":"schlusselanhanger-uniform-taekwondo-pride","status":"publish","type":"product","link":"https:\/\/prideshop.eu\/de\/shop\/sportarten\/taekwondo-wt-olypic-sports\/taekwondo-zubehor-wt\/schlusselanhanger-uniform-taekwondo-pride\/","title":{"rendered":"Schl\u00fcsselanh\u00e4nger uniform Taekwondo \u2013 Pride"},"content":{"rendered":"<p>Der Schl\u00fcsselanh\u00e4nger Uniform Taekwondo von Pride ist ein dekorativer Anh\u00e4nger<br \/>\nin Form einer Taekwondo WT Uniform. Er eignet sich ideal als Schl\u00fcsselanh\u00e4nger<br \/>\noder als kleiner Hingucker f\u00fcr die Windschutzscheibe im Auto.<\/p>\n<p>Das Design orientiert sich an der klassischen Taekwondo-Wettkampfuniform und<br \/>\nspricht sowohl aktive Sportler als auch Fans des Taekwondo an. Durch seine<br \/>\nkompakte Gr\u00f6\u00dfe ist der Anh\u00e4nger leicht, unauff\u00e4llig und vielseitig einsetzbar.<\/p>\n<p>Der Anh\u00e4nger l\u00e4sst sich problemlos an Schl\u00fcsseln, Taschen, Rucks\u00e4cken oder<br \/>\nim Fahrzeug befestigen und ist eine sch\u00f6ne Erg\u00e4nzung f\u00fcr den Alltag.<\/p>\n<p>Der Pride Taekwondo Uniform Schl\u00fcsselanh\u00e4nger ist eine ideale kleine Geschenkidee<br \/>\nf\u00fcr Taekwondo-Sportler, Trainer, Vereinsmitglieder oder Kampfsport-Begeisterte.<\/p>\n","protected":false},"excerpt":{"rendered":"<p>Schl\u00fcsselanh\u00e4nger uniform Taekwondo, Pride Schl\u00fcsselanh\u00e4nger oder Anh\u00e4nger f\u00fcr Windschutzscheibe in Form eines Taekwondo WT uniform.<\/p>\n","protected":false},"featured_media":39541,"comment_status":"open","ping_status":"closed","template":"","meta":{"_acf_changed":false},"product_brand":[2086],"product_cat":[580,656,756,758,586,582],"product_tag":[],"class_list":{"0":"post-11580","1":"product","2":"type-product","3":"status-publish","4":"has-post-thumbnail","6":"product_brand-pride","7":"product_cat-equipment-de","8":"product_cat-sportarten","9":"product_cat-taekwondo-wt-olypic-sports","10":"product_cat-taekwondo-zubehor-wt","11":"product_cat-werbeartikel","12":"product_cat-zusatzlische-angebote","14":"first","15":"instock","16":"taxable","17":"shipping-taxable","18":"purchasable","19":"product-type-simple"},"acf":[],"yoast_head":"<!-- This site is optimized with the Yoast SEO plugin v27.5 - https:\/\/yoast.com\/product\/yoast-seo-wordpress\/ -->\n<title>Schl\u00fcsselanh\u00e4nger uniform Taekwondo \u2013 Pride - PRIDEshop<\/title>\n<meta name=\"description\" content=\"Schl\u00fcsselanh\u00e4nger uniform Taekwondo, Pride. Schl\u00fcsselanh\u00e4nger oder Anh\u00e4nger f\u00fcr Windschutzscheibe in Form eines Taekwondo WT uniform\" \/>\n<meta name=\"robots\" content=\"index, follow, max-snippet:-1, max-image-preview:large, max-video-preview:-1\" \/>\n<link rel=\"canonical\" href=\"https:\/\/prideshop.eu\/de\/shop\/sportarten\/taekwondo-wt-olypic-sports\/taekwondo-zubehor-wt\/schlusselanhanger-uniform-taekwondo-pride\/\" \/>\n<meta property=\"og:locale\" content=\"de_DE\" \/>\n<meta property=\"og:type\" content=\"article\" \/>\n<meta property=\"og:title\" content=\"Schl\u00fcsselanh\u00e4nger uniform Taekwondo \u2013 Pride - PRIDEshop\" \/>\n<meta property=\"og:description\" content=\"Schl\u00fcsselanh\u00e4nger uniform Taekwondo, Pride. Schl\u00fcsselanh\u00e4nger oder Anh\u00e4nger f\u00fcr Windschutzscheibe in Form eines Taekwondo WT uniform\" \/>\n<meta property=\"og:url\" content=\"https:\/\/prideshop.eu\/de\/shop\/sportarten\/taekwondo-wt-olypic-sports\/taekwondo-zubehor-wt\/schlusselanhanger-uniform-taekwondo-pride\/\" \/>\n<meta property=\"og:site_name\" content=\"PRIDEshop\" \/>\n<meta property=\"article:publisher\" content=\"https:\/\/sl-si.facebook.com\/PrideShopeu\" \/>\n<meta property=\"article:modified_time\" content=\"2026-01-14T15:40:48+00:00\" \/>\n<meta property=\"og:image\" content=\"https:\/\/prideshop.eu\/wp-content\/uploads\/2020\/09\/obesek-za-kljuce-taekwondo-dobok-pride-9021.jpeg\" \/>\n\t<meta property=\"og:image:width\" content=\"600\" \/>\n\t<meta property=\"og:image:height\" content=\"600\" \/>\n\t<meta property=\"og:image:type\" content=\"image\/jpeg\" \/>\n<meta name=\"twitter:card\" content=\"summary_large_image\" \/>\n<meta name=\"twitter:label1\" content=\"Gesch\u00e4tzte Lesezeit\" \/>\n\t<meta name=\"twitter:data1\" content=\"1\u00a0Minute\" \/>\n<script type=\"application\/ld+json\" class=\"yoast-schema-graph\">{\"@context\":\"https:\\\/\\\/schema.org\",\"@graph\":[{\"@type\":\"WebPage\",\"@id\":\"https:\\\/\\\/prideshop.eu\\\/de\\\/shop\\\/sportarten\\\/taekwondo-wt-olypic-sports\\\/taekwondo-zubehor-wt\\\/schlusselanhanger-uniform-taekwondo-pride\\\/\",\"url\":\"https:\\\/\\\/prideshop.eu\\\/de\\\/shop\\\/sportarten\\\/taekwondo-wt-olypic-sports\\\/taekwondo-zubehor-wt\\\/schlusselanhanger-uniform-taekwondo-pride\\\/\",\"name\":\"Schl\u00fcsselanh\u00e4nger uniform Taekwondo \u2013 Pride - PRIDEshop\",\"isPartOf\":{\"@id\":\"https:\\\/\\\/prideshop.eu\\\/de\\\/#website\"},\"primaryImageOfPage\":{\"@id\":\"https:\\\/\\\/prideshop.eu\\\/de\\\/shop\\\/sportarten\\\/taekwondo-wt-olypic-sports\\\/taekwondo-zubehor-wt\\\/schlusselanhanger-uniform-taekwondo-pride\\\/#primaryimage\"},\"image\":{\"@id\":\"https:\\\/\\\/prideshop.eu\\\/de\\\/shop\\\/sportarten\\\/taekwondo-wt-olypic-sports\\\/taekwondo-zubehor-wt\\\/schlusselanhanger-uniform-taekwondo-pride\\\/#primaryimage\"},\"thumbnailUrl\":\"https:\\\/\\\/prideshop.eu\\\/wp-content\\\/uploads\\\/2020\\\/09\\\/obesek-za-kljuce-taekwondo-dobok-pride-9021.jpeg\",\"datePublished\":\"2020-09-15T10:47:50+00:00\",\"dateModified\":\"2026-01-14T15:40:48+00:00\",\"description\":\"Schl\u00fcsselanh\u00e4nger uniform Taekwondo, Pride. Schl\u00fcsselanh\u00e4nger oder Anh\u00e4nger f\u00fcr Windschutzscheibe in Form eines Taekwondo WT uniform\",\"breadcrumb\":{\"@id\":\"https:\\\/\\\/prideshop.eu\\\/de\\\/shop\\\/sportarten\\\/taekwondo-wt-olypic-sports\\\/taekwondo-zubehor-wt\\\/schlusselanhanger-uniform-taekwondo-pride\\\/#breadcrumb\"},\"inLanguage\":\"de\",\"potentialAction\":[{\"@type\":\"ReadAction\",\"target\":[\"https:\\\/\\\/prideshop.eu\\\/de\\\/shop\\\/sportarten\\\/taekwondo-wt-olypic-sports\\\/taekwondo-zubehor-wt\\\/schlusselanhanger-uniform-taekwondo-pride\\\/\"]}]},{\"@type\":\"ImageObject\",\"inLanguage\":\"de\",\"@id\":\"https:\\\/\\\/prideshop.eu\\\/de\\\/shop\\\/sportarten\\\/taekwondo-wt-olypic-sports\\\/taekwondo-zubehor-wt\\\/schlusselanhanger-uniform-taekwondo-pride\\\/#primaryimage\",\"url\":\"https:\\\/\\\/prideshop.eu\\\/wp-content\\\/uploads\\\/2020\\\/09\\\/obesek-za-kljuce-taekwondo-dobok-pride-9021.jpeg\",\"contentUrl\":\"https:\\\/\\\/prideshop.eu\\\/wp-content\\\/uploads\\\/2020\\\/09\\\/obesek-za-kljuce-taekwondo-dobok-pride-9021.jpeg\",\"width\":600,\"height\":600,\"caption\":\"Schl\u00fcsselanh\u00e4nger uniform Taekwondo Pride\"},{\"@type\":\"BreadcrumbList\",\"@id\":\"https:\\\/\\\/prideshop.eu\\\/de\\\/shop\\\/sportarten\\\/taekwondo-wt-olypic-sports\\\/taekwondo-zubehor-wt\\\/schlusselanhanger-uniform-taekwondo-pride\\\/#breadcrumb\",\"itemListElement\":[{\"@type\":\"ListItem\",\"position\":1,\"name\":\"Home\",\"item\":\"https:\\\/\\\/prideshop.eu\\\/de\\\/\"},{\"@type\":\"ListItem\",\"position\":2,\"name\":\"Gesch\u00e4ft\",\"item\":\"https:\\\/\\\/prideshop.eu\\\/de\\\/geschaeft\\\/\"},{\"@type\":\"ListItem\",\"position\":3,\"name\":\"Schl\u00fcsselanh\u00e4nger uniform Taekwondo \u2013 Pride\"}]},{\"@type\":\"WebSite\",\"@id\":\"https:\\\/\\\/prideshop.eu\\\/de\\\/#website\",\"url\":\"https:\\\/\\\/prideshop.eu\\\/de\\\/\",\"name\":\"PRIDEshop\",\"description\":\"Oprema za Borilne \u0160porte\",\"publisher\":{\"@id\":\"https:\\\/\\\/prideshop.eu\\\/de\\\/#organization\"},\"potentialAction\":[{\"@type\":\"SearchAction\",\"target\":{\"@type\":\"EntryPoint\",\"urlTemplate\":\"https:\\\/\\\/prideshop.eu\\\/de\\\/?s={search_term_string}\"},\"query-input\":{\"@type\":\"PropertyValueSpecification\",\"valueRequired\":true,\"valueName\":\"search_term_string\"}}],\"inLanguage\":\"de\"},{\"@type\":\"Organization\",\"@id\":\"https:\\\/\\\/prideshop.eu\\\/de\\\/#organization\",\"name\":\"PRIDEshop\",\"url\":\"https:\\\/\\\/prideshop.eu\\\/de\\\/\",\"logo\":{\"@type\":\"ImageObject\",\"inLanguage\":\"de\",\"@id\":\"https:\\\/\\\/prideshop.eu\\\/de\\\/#\\\/schema\\\/logo\\\/image\\\/\",\"url\":\"\",\"contentUrl\":\"\",\"caption\":\"PRIDEshop\"},\"image\":{\"@id\":\"https:\\\/\\\/prideshop.eu\\\/de\\\/#\\\/schema\\\/logo\\\/image\\\/\"},\"sameAs\":[\"https:\\\/\\\/sl-si.facebook.com\\\/PrideShopeu\"]}]}<\/script>\n<!-- \/ Yoast SEO plugin. -->","yoast_head_json":{"title":"Schl\u00fcsselanh\u00e4nger uniform Taekwondo \u2013 Pride - PRIDEshop","description":"Schl\u00fcsselanh\u00e4nger uniform Taekwondo, Pride. Schl\u00fcsselanh\u00e4nger oder Anh\u00e4nger f\u00fcr Windschutzscheibe in Form eines Taekwondo WT uniform","robots":{"index":"index","follow":"follow","max-snippet":"max-snippet:-1","max-image-preview":"max-image-preview:large","max-video-preview":"max-video-preview:-1"},"canonical":"https:\/\/prideshop.eu\/de\/shop\/sportarten\/taekwondo-wt-olypic-sports\/taekwondo-zubehor-wt\/schlusselanhanger-uniform-taekwondo-pride\/","og_locale":"de_DE","og_type":"article","og_title":"Schl\u00fcsselanh\u00e4nger uniform Taekwondo \u2013 Pride - PRIDEshop","og_description":"Schl\u00fcsselanh\u00e4nger uniform Taekwondo, Pride. Schl\u00fcsselanh\u00e4nger oder Anh\u00e4nger f\u00fcr Windschutzscheibe in Form eines Taekwondo WT uniform","og_url":"https:\/\/prideshop.eu\/de\/shop\/sportarten\/taekwondo-wt-olypic-sports\/taekwondo-zubehor-wt\/schlusselanhanger-uniform-taekwondo-pride\/","og_site_name":"PRIDEshop","article_publisher":"https:\/\/sl-si.facebook.com\/PrideShopeu","article_modified_time":"2026-01-14T15:40:48+00:00","og_image":[{"width":600,"height":600,"url":"https:\/\/prideshop.eu\/wp-content\/uploads\/2020\/09\/obesek-za-kljuce-taekwondo-dobok-pride-9021.jpeg","type":"image\/jpeg"}],"twitter_card":"summary_large_image","twitter_misc":{"Gesch\u00e4tzte Lesezeit":"1\u00a0Minute"},"schema":{"@context":"https:\/\/schema.org","@graph":[{"@type":"WebPage","@id":"https:\/\/prideshop.eu\/de\/shop\/sportarten\/taekwondo-wt-olypic-sports\/taekwondo-zubehor-wt\/schlusselanhanger-uniform-taekwondo-pride\/","url":"https:\/\/prideshop.eu\/de\/shop\/sportarten\/taekwondo-wt-olypic-sports\/taekwondo-zubehor-wt\/schlusselanhanger-uniform-taekwondo-pride\/","name":"Schl\u00fcsselanh\u00e4nger uniform Taekwondo \u2013 Pride - PRIDEshop","isPartOf":{"@id":"https:\/\/prideshop.eu\/de\/#website"},"primaryImageOfPage":{"@id":"https:\/\/prideshop.eu\/de\/shop\/sportarten\/taekwondo-wt-olypic-sports\/taekwondo-zubehor-wt\/schlusselanhanger-uniform-taekwondo-pride\/#primaryimage"},"image":{"@id":"https:\/\/prideshop.eu\/de\/shop\/sportarten\/taekwondo-wt-olypic-sports\/taekwondo-zubehor-wt\/schlusselanhanger-uniform-taekwondo-pride\/#primaryimage"},"thumbnailUrl":"https:\/\/prideshop.eu\/wp-content\/uploads\/2020\/09\/obesek-za-kljuce-taekwondo-dobok-pride-9021.jpeg","datePublished":"2020-09-15T10:47:50+00:00","dateModified":"2026-01-14T15:40:48+00:00","description":"Schl\u00fcsselanh\u00e4nger uniform Taekwondo, Pride. Schl\u00fcsselanh\u00e4nger oder Anh\u00e4nger f\u00fcr Windschutzscheibe in Form eines Taekwondo WT uniform","breadcrumb":{"@id":"https:\/\/prideshop.eu\/de\/shop\/sportarten\/taekwondo-wt-olypic-sports\/taekwondo-zubehor-wt\/schlusselanhanger-uniform-taekwondo-pride\/#breadcrumb"},"inLanguage":"de","potentialAction":[{"@type":"ReadAction","target":["https:\/\/prideshop.eu\/de\/shop\/sportarten\/taekwondo-wt-olypic-sports\/taekwondo-zubehor-wt\/schlusselanhanger-uniform-taekwondo-pride\/"]}]},{"@type":"ImageObject","inLanguage":"de","@id":"https:\/\/prideshop.eu\/de\/shop\/sportarten\/taekwondo-wt-olypic-sports\/taekwondo-zubehor-wt\/schlusselanhanger-uniform-taekwondo-pride\/#primaryimage","url":"https:\/\/prideshop.eu\/wp-content\/uploads\/2020\/09\/obesek-za-kljuce-taekwondo-dobok-pride-9021.jpeg","contentUrl":"https:\/\/prideshop.eu\/wp-content\/uploads\/2020\/09\/obesek-za-kljuce-taekwondo-dobok-pride-9021.jpeg","width":600,"height":600,"caption":"Schl\u00fcsselanh\u00e4nger uniform Taekwondo Pride"},{"@type":"BreadcrumbList","@id":"https:\/\/prideshop.eu\/de\/shop\/sportarten\/taekwondo-wt-olypic-sports\/taekwondo-zubehor-wt\/schlusselanhanger-uniform-taekwondo-pride\/#breadcrumb","itemListElement":[{"@type":"ListItem","position":1,"name":"Home","item":"https:\/\/prideshop.eu\/de\/"},{"@type":"ListItem","position":2,"name":"Gesch\u00e4ft","item":"https:\/\/prideshop.eu\/de\/geschaeft\/"},{"@type":"ListItem","position":3,"name":"Schl\u00fcsselanh\u00e4nger uniform Taekwondo \u2013 Pride"}]},{"@type":"WebSite","@id":"https:\/\/prideshop.eu\/de\/#website","url":"https:\/\/prideshop.eu\/de\/","name":"PRIDEshop","description":"Oprema za Borilne \u0160porte","publisher":{"@id":"https:\/\/prideshop.eu\/de\/#organization"},"potentialAction":[{"@type":"SearchAction","target":{"@type":"EntryPoint","urlTemplate":"https:\/\/prideshop.eu\/de\/?s={search_term_string}"},"query-input":{"@type":"PropertyValueSpecification","valueRequired":true,"valueName":"search_term_string"}}],"inLanguage":"de"},{"@type":"Organization","@id":"https:\/\/prideshop.eu\/de\/#organization","name":"PRIDEshop","url":"https:\/\/prideshop.eu\/de\/","logo":{"@type":"ImageObject","inLanguage":"de","@id":"https:\/\/prideshop.eu\/de\/#\/schema\/logo\/image\/","url":"","contentUrl":"","caption":"PRIDEshop"},"image":{"@id":"https:\/\/prideshop.eu\/de\/#\/schema\/logo\/image\/"},"sameAs":["https:\/\/sl-si.facebook.com\/PrideShopeu"]}]}},"_links":{"self":[{"href":"https:\/\/prideshop.eu\/de\/wp-json\/wp\/v2\/product\/11580","targetHints":{"allow":["GET"]}}],"collection":[{"href":"https:\/\/prideshop.eu\/de\/wp-json\/wp\/v2\/product"}],"about":[{"href":"https:\/\/prideshop.eu\/de\/wp-json\/wp\/v2\/types\/product"}],"replies":[{"embeddable":true,"href":"https:\/\/prideshop.eu\/de\/wp-json\/wp\/v2\/comments?post=11580"}],"wp:featuredmedia":[{"embeddable":true,"href":"https:\/\/prideshop.eu\/de\/wp-json\/wp\/v2\/media\/39541"}],"wp:attachment":[{"href":"https:\/\/prideshop.eu\/de\/wp-json\/wp\/v2\/media?parent=11580"}],"wp:term":[{"taxonomy":"product_brand","embeddable":true,"href":"https:\/\/prideshop.eu\/de\/wp-json\/wp\/v2\/product_brand?post=11580"},{"taxonomy":"product_cat","embeddable":true,"href":"https:\/\/prideshop.eu\/de\/wp-json\/wp\/v2\/product_cat?post=11580"},{"taxonomy":"product_tag","embeddable":true,"href":"https:\/\/prideshop.eu\/de\/wp-json\/wp\/v2\/product_tag?post=11580"}],"curies":[{"name":"wp","href":"https:\/\/api.w.org\/{rel}","templated":true}]}}