{"id":11623,"date":"2020-12-13T22:47:14","date_gmt":"2020-12-13T21:47:14","guid":{"rendered":"https:\/\/prideshop.eu\/spletna-trgovina\/unkategorisiert\/kinder-box-set-102-cm-pride\/"},"modified":"2025-08-04T10:44:33","modified_gmt":"2025-08-04T08:44:33","slug":"kinder-box-set-102-cm-pride","status":"publish","type":"product","link":"https:\/\/prideshop.eu\/de\/shop\/equipment-de\/trainingsgerate\/boxsacke\/kinder-box-set-102-cm-pride\/","title":{"rendered":"Boxsack\u2013Set mit Handschuhen Pride \u2013 Bronx 102"},"content":{"rendered":"<h3>Boxsack\u2013Set mit Handschuhen Pride \u2013 Bronx 102<\/h3>\n<p>Kinder Box Set 102 cm, Pride. Voller Boxsack ist aus NT\u2013Kunstleder, wird an 4 Riemen mit einer soliden Metallbefestigung aufgeh\u00e4ngt. Das doppelte Finish an der Au\u00dfenseite des Taschenbodens erm\u00f6glicht das Anbringen weiterer Requisiten, wie beispielsweise eines schnellen Boxballs. Der Boxsack kommt voll hat Durchmesse 33 cm, H\u00f6he 102 cm. Box &amp; Kickboxhandschuhe Gr\u00f6\u00dfe 8 OZ. Die Gloves Pride sind Hergestellt aus Pu\u2013Kunstleder und Aeroshock\u2013Zubeh\u00f6r und gef\u00fcllt mit IMG\u2013Injektionsf\u00fcller. Klettverschluss. Das Set ist f\u00fcr Kinder im Alter von ca. 8 bis 12 Jahren geeignet.<\/p>\n","protected":false},"excerpt":{"rendered":"<p>Kinder Box Set 102 cm, Pride. Voller Boxsack ist aus NT\u2013Kunstleder, wird an 4 Riemen mit einer soliden Metallbefestigung aufgeh\u00e4ngt. Das doppelte Finish an der Au\u00dfenseite des Taschenbodens erm\u00f6glicht das Anbringen weiterer Requisiten, wie beispielsweise eines schnellen Boxballs. Der Boxsack kommt voll hat Durchmesse 33 cm, H\u00f6he 102 cm. Box &amp; Kickboxhandschuhe Gr\u00f6\u00dfe 8 OZ. Die Gloves Pride sind Hergestellt aus Pu\u2013Kunstleder und Aeroshock\u2013Zubeh\u00f6r und gef\u00fcllt mit IMG\u2013Injektionsf\u00fcller. Klettverschluss. Das Set ist f\u00fcr Kinder im Alter von ca. 8 bis 12 Jahren geeignet.<\/p>\n","protected":false},"featured_media":36589,"comment_status":"open","ping_status":"closed","template":"","meta":{"_acf_changed":false},"product_brand":[2086],"product_cat":[622,580,1691,616],"product_tag":[],"class_list":{"0":"post-11623","1":"product","2":"type-product","3":"status-publish","4":"has-post-thumbnail","6":"product_brand-pride","7":"product_cat-boxsacke","8":"product_cat-equipment-de","9":"product_cat-sonderangebote","10":"product_cat-trainingsgerate","12":"first","13":"instock","14":"sale","15":"taxable","16":"shipping-taxable","17":"purchasable","18":"product-type-variable"},"acf":[],"yoast_head":"<!-- This site is optimized with the Yoast SEO plugin v27.4 - https:\/\/yoast.com\/product\/yoast-seo-wordpress\/ -->\n<title>Boxsack\u2013Set mit Handschuhen Pride \u2013 Bronx 102 - PRIDEshop<\/title>\n<meta name=\"description\" content=\"Kinder Box Set 102 cm, Pride. Voller Boxsack ist aus NT-Kunstleder, wird an 4 Riemen mit einer soliden Metallbefestigung aufgeh\u00e4ngt.\" \/>\n<meta name=\"robots\" content=\"index, follow, max-snippet:-1, max-image-preview:large, max-video-preview:-1\" \/>\n<link rel=\"canonical\" href=\"https:\/\/prideshop.eu\/de\/shop\/equipment-de\/trainingsgerate\/boxsacke\/kinder-box-set-102-cm-pride\/\" \/>\n<meta property=\"og:locale\" content=\"de_DE\" \/>\n<meta property=\"og:type\" content=\"article\" \/>\n<meta property=\"og:title\" content=\"Boxsack\u2013Set mit Handschuhen Pride \u2013 Bronx 102 - PRIDEshop\" \/>\n<meta property=\"og:description\" content=\"Kinder Box Set 102 cm, Pride. Voller Boxsack ist aus NT-Kunstleder, wird an 4 Riemen mit einer soliden Metallbefestigung aufgeh\u00e4ngt.\" \/>\n<meta property=\"og:url\" content=\"https:\/\/prideshop.eu\/de\/shop\/equipment-de\/trainingsgerate\/boxsacke\/kinder-box-set-102-cm-pride\/\" \/>\n<meta property=\"og:site_name\" content=\"PRIDEshop\" \/>\n<meta property=\"article:publisher\" content=\"https:\/\/sl-si.facebook.com\/PrideShopeu\" \/>\n<meta property=\"article:modified_time\" content=\"2025-08-04T08:44:33+00:00\" \/>\n<meta property=\"og:image\" content=\"https:\/\/prideshop.eu\/wp-content\/uploads\/2020\/12\/otroski-boksarski-set-102-cm-pride-set-1112-102-4130-08-r.jpg\" \/>\n\t<meta property=\"og:image:width\" content=\"600\" \/>\n\t<meta property=\"og:image:height\" content=\"600\" \/>\n\t<meta property=\"og:image:type\" content=\"image\/jpeg\" \/>\n<meta name=\"twitter:card\" content=\"summary_large_image\" \/>\n<script type=\"application\/ld+json\" class=\"yoast-schema-graph\">{\"@context\":\"https:\\\/\\\/schema.org\",\"@graph\":[{\"@type\":\"WebPage\",\"@id\":\"https:\\\/\\\/prideshop.eu\\\/de\\\/shop\\\/equipment-de\\\/trainingsgerate\\\/boxsacke\\\/kinder-box-set-102-cm-pride\\\/\",\"url\":\"https:\\\/\\\/prideshop.eu\\\/de\\\/shop\\\/equipment-de\\\/trainingsgerate\\\/boxsacke\\\/kinder-box-set-102-cm-pride\\\/\",\"name\":\"Boxsack\u2013Set mit Handschuhen Pride \u2013 Bronx 102 - PRIDEshop\",\"isPartOf\":{\"@id\":\"https:\\\/\\\/prideshop.eu\\\/de\\\/#website\"},\"primaryImageOfPage\":{\"@id\":\"https:\\\/\\\/prideshop.eu\\\/de\\\/shop\\\/equipment-de\\\/trainingsgerate\\\/boxsacke\\\/kinder-box-set-102-cm-pride\\\/#primaryimage\"},\"image\":{\"@id\":\"https:\\\/\\\/prideshop.eu\\\/de\\\/shop\\\/equipment-de\\\/trainingsgerate\\\/boxsacke\\\/kinder-box-set-102-cm-pride\\\/#primaryimage\"},\"thumbnailUrl\":\"https:\\\/\\\/prideshop.eu\\\/wp-content\\\/uploads\\\/2020\\\/12\\\/otroski-boksarski-set-102-cm-pride-set-1112-102-4130-08-r.jpg\",\"datePublished\":\"2020-12-13T21:47:14+00:00\",\"dateModified\":\"2025-08-04T08:44:33+00:00\",\"description\":\"Kinder Box Set 102 cm, Pride. Voller Boxsack ist aus NT-Kunstleder, wird an 4 Riemen mit einer soliden Metallbefestigung aufgeh\u00e4ngt.\",\"breadcrumb\":{\"@id\":\"https:\\\/\\\/prideshop.eu\\\/de\\\/shop\\\/equipment-de\\\/trainingsgerate\\\/boxsacke\\\/kinder-box-set-102-cm-pride\\\/#breadcrumb\"},\"inLanguage\":\"de\",\"potentialAction\":[{\"@type\":\"ReadAction\",\"target\":[\"https:\\\/\\\/prideshop.eu\\\/de\\\/shop\\\/equipment-de\\\/trainingsgerate\\\/boxsacke\\\/kinder-box-set-102-cm-pride\\\/\"]}]},{\"@type\":\"ImageObject\",\"inLanguage\":\"de\",\"@id\":\"https:\\\/\\\/prideshop.eu\\\/de\\\/shop\\\/equipment-de\\\/trainingsgerate\\\/boxsacke\\\/kinder-box-set-102-cm-pride\\\/#primaryimage\",\"url\":\"https:\\\/\\\/prideshop.eu\\\/wp-content\\\/uploads\\\/2020\\\/12\\\/otroski-boksarski-set-102-cm-pride-set-1112-102-4130-08-r.jpg\",\"contentUrl\":\"https:\\\/\\\/prideshop.eu\\\/wp-content\\\/uploads\\\/2020\\\/12\\\/otroski-boksarski-set-102-cm-pride-set-1112-102-4130-08-r.jpg\",\"width\":600,\"height\":600,\"caption\":\"Kinder Box Set 102 cm Pride rot\"},{\"@type\":\"BreadcrumbList\",\"@id\":\"https:\\\/\\\/prideshop.eu\\\/de\\\/shop\\\/equipment-de\\\/trainingsgerate\\\/boxsacke\\\/kinder-box-set-102-cm-pride\\\/#breadcrumb\",\"itemListElement\":[{\"@type\":\"ListItem\",\"position\":1,\"name\":\"Home\",\"item\":\"https:\\\/\\\/prideshop.eu\\\/de\\\/\"},{\"@type\":\"ListItem\",\"position\":2,\"name\":\"Gesch\u00e4ft\",\"item\":\"https:\\\/\\\/prideshop.eu\\\/de\\\/geschaeft\\\/\"},{\"@type\":\"ListItem\",\"position\":3,\"name\":\"Boxsack\u2013Set mit Handschuhen Pride \u2013 Bronx 102\"}]},{\"@type\":\"WebSite\",\"@id\":\"https:\\\/\\\/prideshop.eu\\\/de\\\/#website\",\"url\":\"https:\\\/\\\/prideshop.eu\\\/de\\\/\",\"name\":\"PRIDEshop\",\"description\":\"Oprema za Borilne \u0160porte\",\"publisher\":{\"@id\":\"https:\\\/\\\/prideshop.eu\\\/de\\\/#organization\"},\"potentialAction\":[{\"@type\":\"SearchAction\",\"target\":{\"@type\":\"EntryPoint\",\"urlTemplate\":\"https:\\\/\\\/prideshop.eu\\\/de\\\/?s={search_term_string}\"},\"query-input\":{\"@type\":\"PropertyValueSpecification\",\"valueRequired\":true,\"valueName\":\"search_term_string\"}}],\"inLanguage\":\"de\"},{\"@type\":\"Organization\",\"@id\":\"https:\\\/\\\/prideshop.eu\\\/de\\\/#organization\",\"name\":\"PRIDEshop\",\"url\":\"https:\\\/\\\/prideshop.eu\\\/de\\\/\",\"logo\":{\"@type\":\"ImageObject\",\"inLanguage\":\"de\",\"@id\":\"https:\\\/\\\/prideshop.eu\\\/de\\\/#\\\/schema\\\/logo\\\/image\\\/\",\"url\":\"\",\"contentUrl\":\"\",\"caption\":\"PRIDEshop\"},\"image\":{\"@id\":\"https:\\\/\\\/prideshop.eu\\\/de\\\/#\\\/schema\\\/logo\\\/image\\\/\"},\"sameAs\":[\"https:\\\/\\\/sl-si.facebook.com\\\/PrideShopeu\"]}]}<\/script>\n<!-- \/ Yoast SEO plugin. -->","yoast_head_json":{"title":"Boxsack\u2013Set mit Handschuhen Pride \u2013 Bronx 102 - PRIDEshop","description":"Kinder Box Set 102 cm, Pride. Voller Boxsack ist aus NT-Kunstleder, wird an 4 Riemen mit einer soliden Metallbefestigung aufgeh\u00e4ngt.","robots":{"index":"index","follow":"follow","max-snippet":"max-snippet:-1","max-image-preview":"max-image-preview:large","max-video-preview":"max-video-preview:-1"},"canonical":"https:\/\/prideshop.eu\/de\/shop\/equipment-de\/trainingsgerate\/boxsacke\/kinder-box-set-102-cm-pride\/","og_locale":"de_DE","og_type":"article","og_title":"Boxsack\u2013Set mit Handschuhen Pride \u2013 Bronx 102 - PRIDEshop","og_description":"Kinder Box Set 102 cm, Pride. Voller Boxsack ist aus NT-Kunstleder, wird an 4 Riemen mit einer soliden Metallbefestigung aufgeh\u00e4ngt.","og_url":"https:\/\/prideshop.eu\/de\/shop\/equipment-de\/trainingsgerate\/boxsacke\/kinder-box-set-102-cm-pride\/","og_site_name":"PRIDEshop","article_publisher":"https:\/\/sl-si.facebook.com\/PrideShopeu","article_modified_time":"2025-08-04T08:44:33+00:00","og_image":[{"width":600,"height":600,"url":"https:\/\/prideshop.eu\/wp-content\/uploads\/2020\/12\/otroski-boksarski-set-102-cm-pride-set-1112-102-4130-08-r.jpg","type":"image\/jpeg"}],"twitter_card":"summary_large_image","schema":{"@context":"https:\/\/schema.org","@graph":[{"@type":"WebPage","@id":"https:\/\/prideshop.eu\/de\/shop\/equipment-de\/trainingsgerate\/boxsacke\/kinder-box-set-102-cm-pride\/","url":"https:\/\/prideshop.eu\/de\/shop\/equipment-de\/trainingsgerate\/boxsacke\/kinder-box-set-102-cm-pride\/","name":"Boxsack\u2013Set mit Handschuhen Pride \u2013 Bronx 102 - PRIDEshop","isPartOf":{"@id":"https:\/\/prideshop.eu\/de\/#website"},"primaryImageOfPage":{"@id":"https:\/\/prideshop.eu\/de\/shop\/equipment-de\/trainingsgerate\/boxsacke\/kinder-box-set-102-cm-pride\/#primaryimage"},"image":{"@id":"https:\/\/prideshop.eu\/de\/shop\/equipment-de\/trainingsgerate\/boxsacke\/kinder-box-set-102-cm-pride\/#primaryimage"},"thumbnailUrl":"https:\/\/prideshop.eu\/wp-content\/uploads\/2020\/12\/otroski-boksarski-set-102-cm-pride-set-1112-102-4130-08-r.jpg","datePublished":"2020-12-13T21:47:14+00:00","dateModified":"2025-08-04T08:44:33+00:00","description":"Kinder Box Set 102 cm, Pride. Voller Boxsack ist aus NT-Kunstleder, wird an 4 Riemen mit einer soliden Metallbefestigung aufgeh\u00e4ngt.","breadcrumb":{"@id":"https:\/\/prideshop.eu\/de\/shop\/equipment-de\/trainingsgerate\/boxsacke\/kinder-box-set-102-cm-pride\/#breadcrumb"},"inLanguage":"de","potentialAction":[{"@type":"ReadAction","target":["https:\/\/prideshop.eu\/de\/shop\/equipment-de\/trainingsgerate\/boxsacke\/kinder-box-set-102-cm-pride\/"]}]},{"@type":"ImageObject","inLanguage":"de","@id":"https:\/\/prideshop.eu\/de\/shop\/equipment-de\/trainingsgerate\/boxsacke\/kinder-box-set-102-cm-pride\/#primaryimage","url":"https:\/\/prideshop.eu\/wp-content\/uploads\/2020\/12\/otroski-boksarski-set-102-cm-pride-set-1112-102-4130-08-r.jpg","contentUrl":"https:\/\/prideshop.eu\/wp-content\/uploads\/2020\/12\/otroski-boksarski-set-102-cm-pride-set-1112-102-4130-08-r.jpg","width":600,"height":600,"caption":"Kinder Box Set 102 cm Pride rot"},{"@type":"BreadcrumbList","@id":"https:\/\/prideshop.eu\/de\/shop\/equipment-de\/trainingsgerate\/boxsacke\/kinder-box-set-102-cm-pride\/#breadcrumb","itemListElement":[{"@type":"ListItem","position":1,"name":"Home","item":"https:\/\/prideshop.eu\/de\/"},{"@type":"ListItem","position":2,"name":"Gesch\u00e4ft","item":"https:\/\/prideshop.eu\/de\/geschaeft\/"},{"@type":"ListItem","position":3,"name":"Boxsack\u2013Set mit Handschuhen Pride \u2013 Bronx 102"}]},{"@type":"WebSite","@id":"https:\/\/prideshop.eu\/de\/#website","url":"https:\/\/prideshop.eu\/de\/","name":"PRIDEshop","description":"Oprema za Borilne \u0160porte","publisher":{"@id":"https:\/\/prideshop.eu\/de\/#organization"},"potentialAction":[{"@type":"SearchAction","target":{"@type":"EntryPoint","urlTemplate":"https:\/\/prideshop.eu\/de\/?s={search_term_string}"},"query-input":{"@type":"PropertyValueSpecification","valueRequired":true,"valueName":"search_term_string"}}],"inLanguage":"de"},{"@type":"Organization","@id":"https:\/\/prideshop.eu\/de\/#organization","name":"PRIDEshop","url":"https:\/\/prideshop.eu\/de\/","logo":{"@type":"ImageObject","inLanguage":"de","@id":"https:\/\/prideshop.eu\/de\/#\/schema\/logo\/image\/","url":"","contentUrl":"","caption":"PRIDEshop"},"image":{"@id":"https:\/\/prideshop.eu\/de\/#\/schema\/logo\/image\/"},"sameAs":["https:\/\/sl-si.facebook.com\/PrideShopeu"]}]}},"_links":{"self":[{"href":"https:\/\/prideshop.eu\/de\/wp-json\/wp\/v2\/product\/11623","targetHints":{"allow":["GET"]}}],"collection":[{"href":"https:\/\/prideshop.eu\/de\/wp-json\/wp\/v2\/product"}],"about":[{"href":"https:\/\/prideshop.eu\/de\/wp-json\/wp\/v2\/types\/product"}],"replies":[{"embeddable":true,"href":"https:\/\/prideshop.eu\/de\/wp-json\/wp\/v2\/comments?post=11623"}],"wp:featuredmedia":[{"embeddable":true,"href":"https:\/\/prideshop.eu\/de\/wp-json\/wp\/v2\/media\/36589"}],"wp:attachment":[{"href":"https:\/\/prideshop.eu\/de\/wp-json\/wp\/v2\/media?parent=11623"}],"wp:term":[{"taxonomy":"product_brand","embeddable":true,"href":"https:\/\/prideshop.eu\/de\/wp-json\/wp\/v2\/product_brand?post=11623"},{"taxonomy":"product_cat","embeddable":true,"href":"https:\/\/prideshop.eu\/de\/wp-json\/wp\/v2\/product_cat?post=11623"},{"taxonomy":"product_tag","embeddable":true,"href":"https:\/\/prideshop.eu\/de\/wp-json\/wp\/v2\/product_tag?post=11623"}],"curies":[{"name":"wp","href":"https:\/\/api.w.org\/{rel}","templated":true}]}}