{"id":11635,"date":"2020-09-09T11:21:07","date_gmt":"2020-09-09T09:21:07","guid":{"rendered":"https:\/\/prideshop.eu\/spletna-trgovina\/unkategorisiert\/kinder-boxsack-bronx-voll-pride\/"},"modified":"2026-02-04T14:03:25","modified_gmt":"2026-02-04T13:03:25","slug":"kinder-boxsack-bronx-voll-pride","status":"publish","type":"product","link":"https:\/\/prideshop.eu\/de\/shop\/equipment-de\/trainingsgerate\/boxsacke\/kinder-boxsack-bronx-voll-pride\/","title":{"rendered":"Gef\u00fcllter Kinder Boxsack 72 cm Pride \u2013 Bronx72"},"content":{"rendered":"<p data-start=\"242\" data-end=\"442\">Der <strong data-start=\"246\" data-end=\"280\">Kinder-Boxsack Pride \u2013 Bronx72<\/strong> ist ideal f\u00fcr Kinder und Anf\u00e4nger geeignet und bietet eine sichere sowie langlebige L\u00f6sung f\u00fcr das Erlernen grundlegender Boxtechniken, Koordination und Fitness.<\/p>\n<p data-start=\"444\" data-end=\"840\">Der Boxsack besteht aus <strong data-start=\"468\" data-end=\"499\">robustem PU-Kunstleder (NT)<\/strong> und ist widerstandsf\u00e4hig gegen Abnutzung. Er wird \u00fcber <strong data-start=\"555\" data-end=\"615\">vier stabile Aufh\u00e4ngeriemen mit einem soliden Metallring<\/strong> befestigt, was f\u00fcr einen sicheren und stabilen Halt w\u00e4hrend des Trainings sorgt.<br data-start=\"696\" data-end=\"699\" \/>Der <strong data-start=\"703\" data-end=\"740\">doppelt verst\u00e4rkte Bodenabschluss<\/strong> erm\u00f6glicht das Befestigen zus\u00e4tzlicher Trainingshilfen und erh\u00f6ht die Vielseitigkeit beim Training.<\/p>\n<p data-start=\"842\" data-end=\"1016\">Der Boxsack wird <strong data-start=\"859\" data-end=\"880\">gef\u00fcllt geliefert<\/strong> und ist sofort einsatzbereit. Die ausgewogene F\u00fcllung bietet einen angenehmen Widerstand, der speziell f\u00fcr junge Sportler geeignet ist.Ma\u00dfe<\/p>\n<h3 data-start=\"1023\" data-end=\"1034\">Ma\u00dfe<\/h3>\n<p data-start=\"1035\" data-end=\"1077\"><strong data-start=\"1035\" data-end=\"1044\">H\u00f6he:<\/strong> 72 cm | <strong data-start=\"1053\" data-end=\"1069\">Durchmesser:<\/strong> 31 cm<\/p>\n<h3 data-start=\"1079\" data-end=\"1093\">Gewicht<\/h3>\n<p data-start=\"1094\" data-end=\"1107\"><strong data-start=\"1094\" data-end=\"1107\">ca. 16 kg<\/strong><\/p>\n","protected":false},"excerpt":{"rendered":"<ul>\n<li>Kinder-Boxsack Pride \u2013 Bronx72<\/li>\n<li>Gef\u00fcllt und sofort einsatzbereit<\/li>\n<li>Robustes PU-Kunstleder (NT)<\/li>\n<li>4 stabile Aufh\u00e4ngeriemen mit Metallring<\/li>\n<li>Doppelt verst\u00e4rkter Boden<\/li>\n<li>Ideal f\u00fcr Kinder und Einsteiger<\/li>\n<\/ul>\n","protected":false},"featured_media":55449,"comment_status":"open","ping_status":"closed","template":"","meta":{"_acf_changed":false},"product_brand":[2086],"product_cat":[622,580,616],"product_tag":[],"class_list":{"0":"post-11635","1":"product","2":"type-product","3":"status-publish","4":"has-post-thumbnail","6":"product_brand-pride","7":"product_cat-boxsacke","8":"product_cat-equipment-de","9":"product_cat-trainingsgerate","10":"product_shipping_class-nofreeshipping","12":"first","13":"instock","14":"sale","15":"taxable","16":"shipping-taxable","17":"purchasable","18":"product-type-variable"},"acf":[],"yoast_head":"<!-- This site is optimized with the Yoast SEO plugin v27.5 - https:\/\/yoast.com\/product\/yoast-seo-wordpress\/ -->\n<title>Gef\u00fcllter Kinder Boxsack 72 cm Pride \u2013 Bronx72 - PRIDEshop<\/title>\n<meta name=\"description\" content=\"Kinder-Boxsack Pride Bronx72 aus robustem PU-Kunstleder, gef\u00fcllt und sofort einsatzbereit. Ideal f\u00fcr Kinder und Einsteiger \u2013 stabil, sicher und langlebig.\" \/>\n<meta name=\"robots\" content=\"index, follow, max-snippet:-1, max-image-preview:large, max-video-preview:-1\" \/>\n<link rel=\"canonical\" href=\"https:\/\/prideshop.eu\/de\/shop\/equipment-de\/trainingsgerate\/boxsacke\/kinder-boxsack-bronx-voll-pride\/\" \/>\n<meta property=\"og:locale\" content=\"de_DE\" \/>\n<meta property=\"og:type\" content=\"article\" \/>\n<meta property=\"og:title\" content=\"Gef\u00fcllter Kinder Boxsack 72 cm Pride \u2013 Bronx72 - PRIDEshop\" \/>\n<meta property=\"og:description\" content=\"Kinder-Boxsack Pride Bronx72 aus robustem PU-Kunstleder, gef\u00fcllt und sofort einsatzbereit. Ideal f\u00fcr Kinder und Einsteiger \u2013 stabil, sicher und langlebig.\" \/>\n<meta property=\"og:url\" content=\"https:\/\/prideshop.eu\/de\/shop\/equipment-de\/trainingsgerate\/boxsacke\/kinder-boxsack-bronx-voll-pride\/\" \/>\n<meta property=\"og:site_name\" content=\"PRIDEshop\" \/>\n<meta property=\"article:publisher\" content=\"https:\/\/sl-si.facebook.com\/PrideShopeu\" \/>\n<meta property=\"article:modified_time\" content=\"2026-02-04T13:03:25+00:00\" \/>\n<meta property=\"og:image\" content=\"https:\/\/prideshop.eu\/wp-content\/uploads\/2020\/09\/boksarska-vreca-polna-pride-bronx-1112-072.jpg\" \/>\n\t<meta property=\"og:image:width\" content=\"1000\" \/>\n\t<meta property=\"og:image:height\" content=\"1000\" \/>\n\t<meta property=\"og:image:type\" content=\"image\/jpeg\" \/>\n<meta name=\"twitter:card\" content=\"summary_large_image\" \/>\n<meta name=\"twitter:label1\" content=\"Gesch\u00e4tzte Lesezeit\" \/>\n\t<meta name=\"twitter:data1\" content=\"1\u00a0Minute\" \/>\n<script type=\"application\/ld+json\" class=\"yoast-schema-graph\">{\"@context\":\"https:\\\/\\\/schema.org\",\"@graph\":[{\"@type\":\"WebPage\",\"@id\":\"https:\\\/\\\/prideshop.eu\\\/de\\\/shop\\\/equipment-de\\\/trainingsgerate\\\/boxsacke\\\/kinder-boxsack-bronx-voll-pride\\\/\",\"url\":\"https:\\\/\\\/prideshop.eu\\\/de\\\/shop\\\/equipment-de\\\/trainingsgerate\\\/boxsacke\\\/kinder-boxsack-bronx-voll-pride\\\/\",\"name\":\"Gef\u00fcllter Kinder Boxsack 72 cm Pride \u2013 Bronx72 - PRIDEshop\",\"isPartOf\":{\"@id\":\"https:\\\/\\\/prideshop.eu\\\/de\\\/#website\"},\"primaryImageOfPage\":{\"@id\":\"https:\\\/\\\/prideshop.eu\\\/de\\\/shop\\\/equipment-de\\\/trainingsgerate\\\/boxsacke\\\/kinder-boxsack-bronx-voll-pride\\\/#primaryimage\"},\"image\":{\"@id\":\"https:\\\/\\\/prideshop.eu\\\/de\\\/shop\\\/equipment-de\\\/trainingsgerate\\\/boxsacke\\\/kinder-boxsack-bronx-voll-pride\\\/#primaryimage\"},\"thumbnailUrl\":\"https:\\\/\\\/prideshop.eu\\\/wp-content\\\/uploads\\\/2020\\\/09\\\/boksarska-vreca-polna-pride-bronx-1112-072.jpg\",\"datePublished\":\"2020-09-09T09:21:07+00:00\",\"dateModified\":\"2026-02-04T13:03:25+00:00\",\"description\":\"Kinder-Boxsack Pride Bronx72 aus robustem PU-Kunstleder, gef\u00fcllt und sofort einsatzbereit. Ideal f\u00fcr Kinder und Einsteiger \u2013 stabil, sicher und langlebig.\",\"breadcrumb\":{\"@id\":\"https:\\\/\\\/prideshop.eu\\\/de\\\/shop\\\/equipment-de\\\/trainingsgerate\\\/boxsacke\\\/kinder-boxsack-bronx-voll-pride\\\/#breadcrumb\"},\"inLanguage\":\"de\",\"potentialAction\":[{\"@type\":\"ReadAction\",\"target\":[\"https:\\\/\\\/prideshop.eu\\\/de\\\/shop\\\/equipment-de\\\/trainingsgerate\\\/boxsacke\\\/kinder-boxsack-bronx-voll-pride\\\/\"]}]},{\"@type\":\"ImageObject\",\"inLanguage\":\"de\",\"@id\":\"https:\\\/\\\/prideshop.eu\\\/de\\\/shop\\\/equipment-de\\\/trainingsgerate\\\/boxsacke\\\/kinder-boxsack-bronx-voll-pride\\\/#primaryimage\",\"url\":\"https:\\\/\\\/prideshop.eu\\\/wp-content\\\/uploads\\\/2020\\\/09\\\/boksarska-vreca-polna-pride-bronx-1112-072.jpg\",\"contentUrl\":\"https:\\\/\\\/prideshop.eu\\\/wp-content\\\/uploads\\\/2020\\\/09\\\/boksarska-vreca-polna-pride-bronx-1112-072.jpg\",\"width\":1000,\"height\":1000,\"caption\":\"Kinder-Boxsack Pride \u2013 Bronx72\"},{\"@type\":\"BreadcrumbList\",\"@id\":\"https:\\\/\\\/prideshop.eu\\\/de\\\/shop\\\/equipment-de\\\/trainingsgerate\\\/boxsacke\\\/kinder-boxsack-bronx-voll-pride\\\/#breadcrumb\",\"itemListElement\":[{\"@type\":\"ListItem\",\"position\":1,\"name\":\"Home\",\"item\":\"https:\\\/\\\/prideshop.eu\\\/de\\\/\"},{\"@type\":\"ListItem\",\"position\":2,\"name\":\"Gesch\u00e4ft\",\"item\":\"https:\\\/\\\/prideshop.eu\\\/de\\\/geschaeft\\\/\"},{\"@type\":\"ListItem\",\"position\":3,\"name\":\"Gef\u00fcllter Kinder Boxsack 72 cm Pride \u2013 Bronx72\"}]},{\"@type\":\"WebSite\",\"@id\":\"https:\\\/\\\/prideshop.eu\\\/de\\\/#website\",\"url\":\"https:\\\/\\\/prideshop.eu\\\/de\\\/\",\"name\":\"PRIDEshop\",\"description\":\"Oprema za Borilne \u0160porte\",\"publisher\":{\"@id\":\"https:\\\/\\\/prideshop.eu\\\/de\\\/#organization\"},\"potentialAction\":[{\"@type\":\"SearchAction\",\"target\":{\"@type\":\"EntryPoint\",\"urlTemplate\":\"https:\\\/\\\/prideshop.eu\\\/de\\\/?s={search_term_string}\"},\"query-input\":{\"@type\":\"PropertyValueSpecification\",\"valueRequired\":true,\"valueName\":\"search_term_string\"}}],\"inLanguage\":\"de\"},{\"@type\":\"Organization\",\"@id\":\"https:\\\/\\\/prideshop.eu\\\/de\\\/#organization\",\"name\":\"PRIDEshop\",\"url\":\"https:\\\/\\\/prideshop.eu\\\/de\\\/\",\"logo\":{\"@type\":\"ImageObject\",\"inLanguage\":\"de\",\"@id\":\"https:\\\/\\\/prideshop.eu\\\/de\\\/#\\\/schema\\\/logo\\\/image\\\/\",\"url\":\"\",\"contentUrl\":\"\",\"caption\":\"PRIDEshop\"},\"image\":{\"@id\":\"https:\\\/\\\/prideshop.eu\\\/de\\\/#\\\/schema\\\/logo\\\/image\\\/\"},\"sameAs\":[\"https:\\\/\\\/sl-si.facebook.com\\\/PrideShopeu\"]}]}<\/script>\n<!-- \/ Yoast SEO plugin. -->","yoast_head_json":{"title":"Gef\u00fcllter Kinder Boxsack 72 cm Pride \u2013 Bronx72 - PRIDEshop","description":"Kinder-Boxsack Pride Bronx72 aus robustem PU-Kunstleder, gef\u00fcllt und sofort einsatzbereit. Ideal f\u00fcr Kinder und Einsteiger \u2013 stabil, sicher und langlebig.","robots":{"index":"index","follow":"follow","max-snippet":"max-snippet:-1","max-image-preview":"max-image-preview:large","max-video-preview":"max-video-preview:-1"},"canonical":"https:\/\/prideshop.eu\/de\/shop\/equipment-de\/trainingsgerate\/boxsacke\/kinder-boxsack-bronx-voll-pride\/","og_locale":"de_DE","og_type":"article","og_title":"Gef\u00fcllter Kinder Boxsack 72 cm Pride \u2013 Bronx72 - PRIDEshop","og_description":"Kinder-Boxsack Pride Bronx72 aus robustem PU-Kunstleder, gef\u00fcllt und sofort einsatzbereit. Ideal f\u00fcr Kinder und Einsteiger \u2013 stabil, sicher und langlebig.","og_url":"https:\/\/prideshop.eu\/de\/shop\/equipment-de\/trainingsgerate\/boxsacke\/kinder-boxsack-bronx-voll-pride\/","og_site_name":"PRIDEshop","article_publisher":"https:\/\/sl-si.facebook.com\/PrideShopeu","article_modified_time":"2026-02-04T13:03:25+00:00","og_image":[{"width":1000,"height":1000,"url":"https:\/\/prideshop.eu\/wp-content\/uploads\/2020\/09\/boksarska-vreca-polna-pride-bronx-1112-072.jpg","type":"image\/jpeg"}],"twitter_card":"summary_large_image","twitter_misc":{"Gesch\u00e4tzte Lesezeit":"1\u00a0Minute"},"schema":{"@context":"https:\/\/schema.org","@graph":[{"@type":"WebPage","@id":"https:\/\/prideshop.eu\/de\/shop\/equipment-de\/trainingsgerate\/boxsacke\/kinder-boxsack-bronx-voll-pride\/","url":"https:\/\/prideshop.eu\/de\/shop\/equipment-de\/trainingsgerate\/boxsacke\/kinder-boxsack-bronx-voll-pride\/","name":"Gef\u00fcllter Kinder Boxsack 72 cm Pride \u2013 Bronx72 - PRIDEshop","isPartOf":{"@id":"https:\/\/prideshop.eu\/de\/#website"},"primaryImageOfPage":{"@id":"https:\/\/prideshop.eu\/de\/shop\/equipment-de\/trainingsgerate\/boxsacke\/kinder-boxsack-bronx-voll-pride\/#primaryimage"},"image":{"@id":"https:\/\/prideshop.eu\/de\/shop\/equipment-de\/trainingsgerate\/boxsacke\/kinder-boxsack-bronx-voll-pride\/#primaryimage"},"thumbnailUrl":"https:\/\/prideshop.eu\/wp-content\/uploads\/2020\/09\/boksarska-vreca-polna-pride-bronx-1112-072.jpg","datePublished":"2020-09-09T09:21:07+00:00","dateModified":"2026-02-04T13:03:25+00:00","description":"Kinder-Boxsack Pride Bronx72 aus robustem PU-Kunstleder, gef\u00fcllt und sofort einsatzbereit. Ideal f\u00fcr Kinder und Einsteiger \u2013 stabil, sicher und langlebig.","breadcrumb":{"@id":"https:\/\/prideshop.eu\/de\/shop\/equipment-de\/trainingsgerate\/boxsacke\/kinder-boxsack-bronx-voll-pride\/#breadcrumb"},"inLanguage":"de","potentialAction":[{"@type":"ReadAction","target":["https:\/\/prideshop.eu\/de\/shop\/equipment-de\/trainingsgerate\/boxsacke\/kinder-boxsack-bronx-voll-pride\/"]}]},{"@type":"ImageObject","inLanguage":"de","@id":"https:\/\/prideshop.eu\/de\/shop\/equipment-de\/trainingsgerate\/boxsacke\/kinder-boxsack-bronx-voll-pride\/#primaryimage","url":"https:\/\/prideshop.eu\/wp-content\/uploads\/2020\/09\/boksarska-vreca-polna-pride-bronx-1112-072.jpg","contentUrl":"https:\/\/prideshop.eu\/wp-content\/uploads\/2020\/09\/boksarska-vreca-polna-pride-bronx-1112-072.jpg","width":1000,"height":1000,"caption":"Kinder-Boxsack Pride \u2013 Bronx72"},{"@type":"BreadcrumbList","@id":"https:\/\/prideshop.eu\/de\/shop\/equipment-de\/trainingsgerate\/boxsacke\/kinder-boxsack-bronx-voll-pride\/#breadcrumb","itemListElement":[{"@type":"ListItem","position":1,"name":"Home","item":"https:\/\/prideshop.eu\/de\/"},{"@type":"ListItem","position":2,"name":"Gesch\u00e4ft","item":"https:\/\/prideshop.eu\/de\/geschaeft\/"},{"@type":"ListItem","position":3,"name":"Gef\u00fcllter Kinder Boxsack 72 cm Pride \u2013 Bronx72"}]},{"@type":"WebSite","@id":"https:\/\/prideshop.eu\/de\/#website","url":"https:\/\/prideshop.eu\/de\/","name":"PRIDEshop","description":"Oprema za Borilne \u0160porte","publisher":{"@id":"https:\/\/prideshop.eu\/de\/#organization"},"potentialAction":[{"@type":"SearchAction","target":{"@type":"EntryPoint","urlTemplate":"https:\/\/prideshop.eu\/de\/?s={search_term_string}"},"query-input":{"@type":"PropertyValueSpecification","valueRequired":true,"valueName":"search_term_string"}}],"inLanguage":"de"},{"@type":"Organization","@id":"https:\/\/prideshop.eu\/de\/#organization","name":"PRIDEshop","url":"https:\/\/prideshop.eu\/de\/","logo":{"@type":"ImageObject","inLanguage":"de","@id":"https:\/\/prideshop.eu\/de\/#\/schema\/logo\/image\/","url":"","contentUrl":"","caption":"PRIDEshop"},"image":{"@id":"https:\/\/prideshop.eu\/de\/#\/schema\/logo\/image\/"},"sameAs":["https:\/\/sl-si.facebook.com\/PrideShopeu"]}]}},"_links":{"self":[{"href":"https:\/\/prideshop.eu\/de\/wp-json\/wp\/v2\/product\/11635","targetHints":{"allow":["GET"]}}],"collection":[{"href":"https:\/\/prideshop.eu\/de\/wp-json\/wp\/v2\/product"}],"about":[{"href":"https:\/\/prideshop.eu\/de\/wp-json\/wp\/v2\/types\/product"}],"replies":[{"embeddable":true,"href":"https:\/\/prideshop.eu\/de\/wp-json\/wp\/v2\/comments?post=11635"}],"wp:featuredmedia":[{"embeddable":true,"href":"https:\/\/prideshop.eu\/de\/wp-json\/wp\/v2\/media\/55449"}],"wp:attachment":[{"href":"https:\/\/prideshop.eu\/de\/wp-json\/wp\/v2\/media?parent=11635"}],"wp:term":[{"taxonomy":"product_brand","embeddable":true,"href":"https:\/\/prideshop.eu\/de\/wp-json\/wp\/v2\/product_brand?post=11635"},{"taxonomy":"product_cat","embeddable":true,"href":"https:\/\/prideshop.eu\/de\/wp-json\/wp\/v2\/product_cat?post=11635"},{"taxonomy":"product_tag","embeddable":true,"href":"https:\/\/prideshop.eu\/de\/wp-json\/wp\/v2\/product_tag?post=11635"}],"curies":[{"name":"wp","href":"https:\/\/api.w.org\/{rel}","templated":true}]}}