{"id":11670,"date":"2020-09-08T13:36:51","date_gmt":"2020-09-08T11:36:51","guid":{"rendered":"https:\/\/prideshop.eu\/spletna-trgovina\/unkategorisiert\/kinder-boxset-mit-freistehenden-boxsack-pride\/"},"modified":"2025-09-22T08:37:52","modified_gmt":"2025-09-22T06:37:52","slug":"kinder-boxset-mit-freistehenden-boxsack-pride","status":"publish","type":"product","link":"https:\/\/prideshop.eu\/de\/shop\/equipment-de\/trainingsgerate\/boxsacke\/kinder-boxset-mit-freistehenden-boxsack-pride\/","title":{"rendered":"Kinder Boxsack\u2011Set mit Handschuhen Pride \u2013 YoungFighter"},"content":{"rendered":"<h3>Kinder Boxsack\u2011Set mit Handschuhen Pride \u2013 YoungFighter<\/h3>\n<p>Kinder Boxset mit freistehenden Boxsack, Pride Freistehender aufblasbarer Boxsack und Gloves.nFreistehender aufblasbarer Boxsack bewegung und Spa\u00df zugleich!n\u2022 Ideal f\u00fcr Kinder, deren Alter es ihnen nicht erlaubt, an Standardtaschen zu arbeiten,nund f\u00fcr Erwachsene, die ihre k\u00f6rperliche Aktivit\u00e4t mit superleichtem Training steigern m\u00f6chtenn\u2022 Die Basis ist aus Stabilit\u00e4tsgr\u00fcnden mit Wasser gef\u00fclltn\u2022 Es ist mit einer leicht aufblasbaren Fu\u00dfpumpe erh\u00e4ltlichn\u2022 Aufblasbare PVC\u2013Konstruktionn\u2022 H\u00f6he: 158 cmnnHinweis: Dies ist kein Cracking\u2013Bag, sondern f\u00fcr leichtes Training von Tritten, Flexibilit\u00e4t und Koordination.nBei der Zubereitung, Lagerung und Verwendung ist Vorsicht geboten um Verletzungen und durchstechung zu vermeiden.nUNDnKinder Box\u2013 &amp; Kickboxhandschuhe, PridenSpeziell f\u00fcr Kinder konzipiert.nT\u2013LockerTM Daumenschutz.nKlettverschlussnGr\u00f6\u00dfe 6 OZ. Boxhandschuhe in verschiedenen Farben erh\u00e4ltlich: gelb, rot, blau, pink und schwarz.<\/p>\n","protected":false},"excerpt":{"rendered":"<p>Kinder Boxset mit freistehenden Boxsack, Pride Freistehender aufblasbarer Boxsack und Gloves.nFreistehender aufblasbarer Boxsack bewegung und Spa\u00df zugleich!n\u2022 Ideal f\u00fcr Kinder, deren Alter es ihnen nicht erlaubt, an Standardtaschen zu arbeiten,nund f\u00fcr Erwachsene, die ihre k\u00f6rperliche Aktivit\u00e4t mit superleichtem Training steigern m\u00f6chtenn\u2022 Die Basis ist aus Stabilit\u00e4tsgr\u00fcnden mit Wasser gef\u00fclltn\u2022 Es ist mit einer leicht aufblasbaren Fu\u00dfpumpe erh\u00e4ltlichn\u2022 Aufblasbare PVC\u2013Konstruktionn\u2022 H\u00f6he: 158 cmnnHinweis: Dies ist kein Cracking\u2013Bag, sondern f\u00fcr leichtes Training von Tritten, Flexibilit\u00e4t und Koordination.nBei der Zubereitung, Lagerung und Verwendung ist Vorsicht geboten um Verletzungen und durchstechung zu vermeiden.nUNDnKinder Box\u2013 &amp; Kickboxhandschuhe, PridenSpeziell f\u00fcr Kinder konzipiert.nT\u2013LockerTM Daumenschutz.nKlettverschlussnGr\u00f6\u00dfe 6 OZ. Boxhandschuhe in verschiedenen Farben erh\u00e4ltlich: gelb, rot, blau, pink und schwarz.<\/p>\n","protected":false},"featured_media":11671,"comment_status":"open","ping_status":"closed","template":"","meta":{"_acf_changed":false},"product_brand":[2086],"product_cat":[622,580,616],"product_tag":[],"class_list":{"0":"post-11670","1":"product","2":"type-product","3":"status-publish","4":"has-post-thumbnail","6":"product_brand-pride","7":"product_cat-boxsacke","8":"product_cat-equipment-de","9":"product_cat-trainingsgerate","11":"first","12":"instock","13":"sale","14":"taxable","15":"shipping-taxable","16":"purchasable","17":"product-type-variable","18":"has-default-attributes"},"acf":[],"yoast_head":"<!-- This site is optimized with the Yoast SEO plugin v27.4 - https:\/\/yoast.com\/product\/yoast-seo-wordpress\/ -->\n<title>Kinder Boxsack\u2011Set mit Handschuhen Pride \u2013 YoungFighter - PRIDEshop<\/title>\n<meta name=\"description\" content=\"Kinder Boxset mit freistehenden Boxsack, Pride. Freistehender aufblasbarer Boxsack und Gloves. Freistehender aufblasbarer Boxsack bewegung und Spa\u00df zugleich!\" \/>\n<meta name=\"robots\" content=\"index, follow, max-snippet:-1, max-image-preview:large, max-video-preview:-1\" \/>\n<link rel=\"canonical\" href=\"https:\/\/prideshop.eu\/de\/shop\/equipment-de\/trainingsgerate\/boxsacke\/kinder-boxset-mit-freistehenden-boxsack-pride\/\" \/>\n<meta property=\"og:locale\" content=\"de_DE\" \/>\n<meta property=\"og:type\" content=\"article\" \/>\n<meta property=\"og:title\" content=\"Kinder Boxsack\u2011Set mit Handschuhen Pride \u2013 YoungFighter - PRIDEshop\" \/>\n<meta property=\"og:description\" content=\"Kinder Boxset mit freistehenden Boxsack, Pride. Freistehender aufblasbarer Boxsack und Gloves. Freistehender aufblasbarer Boxsack bewegung und Spa\u00df zugleich!\" \/>\n<meta property=\"og:url\" content=\"https:\/\/prideshop.eu\/de\/shop\/equipment-de\/trainingsgerate\/boxsacke\/kinder-boxset-mit-freistehenden-boxsack-pride\/\" \/>\n<meta property=\"og:site_name\" content=\"PRIDEshop\" \/>\n<meta property=\"article:publisher\" content=\"https:\/\/sl-si.facebook.com\/PrideShopeu\" \/>\n<meta property=\"article:modified_time\" content=\"2025-09-22T06:37:52+00:00\" \/>\n<meta property=\"og:image\" content=\"https:\/\/prideshop.eu\/wp-content\/uploads\/2020\/09\/napihljiva-samostojeca-vreca-in-rokavice-pride.htm1_.jpg\" \/>\n\t<meta property=\"og:image:width\" content=\"1600\" \/>\n\t<meta property=\"og:image:height\" content=\"1600\" \/>\n\t<meta property=\"og:image:type\" content=\"image\/jpeg\" \/>\n<meta name=\"twitter:card\" content=\"summary_large_image\" \/>\n<meta name=\"twitter:label1\" content=\"Gesch\u00e4tzte Lesezeit\" \/>\n\t<meta name=\"twitter:data1\" content=\"1\u00a0Minute\" \/>\n<script type=\"application\/ld+json\" class=\"yoast-schema-graph\">{\"@context\":\"https:\\\/\\\/schema.org\",\"@graph\":[{\"@type\":\"WebPage\",\"@id\":\"https:\\\/\\\/prideshop.eu\\\/de\\\/shop\\\/equipment-de\\\/trainingsgerate\\\/boxsacke\\\/kinder-boxset-mit-freistehenden-boxsack-pride\\\/\",\"url\":\"https:\\\/\\\/prideshop.eu\\\/de\\\/shop\\\/equipment-de\\\/trainingsgerate\\\/boxsacke\\\/kinder-boxset-mit-freistehenden-boxsack-pride\\\/\",\"name\":\"Kinder Boxsack\u2011Set mit Handschuhen Pride \u2013 YoungFighter - PRIDEshop\",\"isPartOf\":{\"@id\":\"https:\\\/\\\/prideshop.eu\\\/de\\\/#website\"},\"primaryImageOfPage\":{\"@id\":\"https:\\\/\\\/prideshop.eu\\\/de\\\/shop\\\/equipment-de\\\/trainingsgerate\\\/boxsacke\\\/kinder-boxset-mit-freistehenden-boxsack-pride\\\/#primaryimage\"},\"image\":{\"@id\":\"https:\\\/\\\/prideshop.eu\\\/de\\\/shop\\\/equipment-de\\\/trainingsgerate\\\/boxsacke\\\/kinder-boxset-mit-freistehenden-boxsack-pride\\\/#primaryimage\"},\"thumbnailUrl\":\"https:\\\/\\\/prideshop.eu\\\/wp-content\\\/uploads\\\/2020\\\/09\\\/napihljiva-samostojeca-vreca-in-rokavice-pride.htm1_.jpg\",\"datePublished\":\"2020-09-08T11:36:51+00:00\",\"dateModified\":\"2025-09-22T06:37:52+00:00\",\"description\":\"Kinder Boxset mit freistehenden Boxsack, Pride. Freistehender aufblasbarer Boxsack und Gloves. Freistehender aufblasbarer Boxsack bewegung und Spa\u00df zugleich!\",\"breadcrumb\":{\"@id\":\"https:\\\/\\\/prideshop.eu\\\/de\\\/shop\\\/equipment-de\\\/trainingsgerate\\\/boxsacke\\\/kinder-boxset-mit-freistehenden-boxsack-pride\\\/#breadcrumb\"},\"inLanguage\":\"de\",\"potentialAction\":[{\"@type\":\"ReadAction\",\"target\":[\"https:\\\/\\\/prideshop.eu\\\/de\\\/shop\\\/equipment-de\\\/trainingsgerate\\\/boxsacke\\\/kinder-boxset-mit-freistehenden-boxsack-pride\\\/\"]}]},{\"@type\":\"ImageObject\",\"inLanguage\":\"de\",\"@id\":\"https:\\\/\\\/prideshop.eu\\\/de\\\/shop\\\/equipment-de\\\/trainingsgerate\\\/boxsacke\\\/kinder-boxset-mit-freistehenden-boxsack-pride\\\/#primaryimage\",\"url\":\"https:\\\/\\\/prideshop.eu\\\/wp-content\\\/uploads\\\/2020\\\/09\\\/napihljiva-samostojeca-vreca-in-rokavice-pride.htm1_.jpg\",\"contentUrl\":\"https:\\\/\\\/prideshop.eu\\\/wp-content\\\/uploads\\\/2020\\\/09\\\/napihljiva-samostojeca-vreca-in-rokavice-pride.htm1_.jpg\",\"width\":1600,\"height\":1600},{\"@type\":\"BreadcrumbList\",\"@id\":\"https:\\\/\\\/prideshop.eu\\\/de\\\/shop\\\/equipment-de\\\/trainingsgerate\\\/boxsacke\\\/kinder-boxset-mit-freistehenden-boxsack-pride\\\/#breadcrumb\",\"itemListElement\":[{\"@type\":\"ListItem\",\"position\":1,\"name\":\"Home\",\"item\":\"https:\\\/\\\/prideshop.eu\\\/de\\\/\"},{\"@type\":\"ListItem\",\"position\":2,\"name\":\"Gesch\u00e4ft\",\"item\":\"https:\\\/\\\/prideshop.eu\\\/de\\\/geschaeft\\\/\"},{\"@type\":\"ListItem\",\"position\":3,\"name\":\"Kinder Boxsack\u2011Set mit Handschuhen Pride \u2013 YoungFighter\"}]},{\"@type\":\"WebSite\",\"@id\":\"https:\\\/\\\/prideshop.eu\\\/de\\\/#website\",\"url\":\"https:\\\/\\\/prideshop.eu\\\/de\\\/\",\"name\":\"PRIDEshop\",\"description\":\"Oprema za Borilne \u0160porte\",\"publisher\":{\"@id\":\"https:\\\/\\\/prideshop.eu\\\/de\\\/#organization\"},\"potentialAction\":[{\"@type\":\"SearchAction\",\"target\":{\"@type\":\"EntryPoint\",\"urlTemplate\":\"https:\\\/\\\/prideshop.eu\\\/de\\\/?s={search_term_string}\"},\"query-input\":{\"@type\":\"PropertyValueSpecification\",\"valueRequired\":true,\"valueName\":\"search_term_string\"}}],\"inLanguage\":\"de\"},{\"@type\":\"Organization\",\"@id\":\"https:\\\/\\\/prideshop.eu\\\/de\\\/#organization\",\"name\":\"PRIDEshop\",\"url\":\"https:\\\/\\\/prideshop.eu\\\/de\\\/\",\"logo\":{\"@type\":\"ImageObject\",\"inLanguage\":\"de\",\"@id\":\"https:\\\/\\\/prideshop.eu\\\/de\\\/#\\\/schema\\\/logo\\\/image\\\/\",\"url\":\"\",\"contentUrl\":\"\",\"caption\":\"PRIDEshop\"},\"image\":{\"@id\":\"https:\\\/\\\/prideshop.eu\\\/de\\\/#\\\/schema\\\/logo\\\/image\\\/\"},\"sameAs\":[\"https:\\\/\\\/sl-si.facebook.com\\\/PrideShopeu\"]}]}<\/script>\n<!-- \/ Yoast SEO plugin. -->","yoast_head_json":{"title":"Kinder Boxsack\u2011Set mit Handschuhen Pride \u2013 YoungFighter - PRIDEshop","description":"Kinder Boxset mit freistehenden Boxsack, Pride. Freistehender aufblasbarer Boxsack und Gloves. Freistehender aufblasbarer Boxsack bewegung und Spa\u00df zugleich!","robots":{"index":"index","follow":"follow","max-snippet":"max-snippet:-1","max-image-preview":"max-image-preview:large","max-video-preview":"max-video-preview:-1"},"canonical":"https:\/\/prideshop.eu\/de\/shop\/equipment-de\/trainingsgerate\/boxsacke\/kinder-boxset-mit-freistehenden-boxsack-pride\/","og_locale":"de_DE","og_type":"article","og_title":"Kinder Boxsack\u2011Set mit Handschuhen Pride \u2013 YoungFighter - PRIDEshop","og_description":"Kinder Boxset mit freistehenden Boxsack, Pride. Freistehender aufblasbarer Boxsack und Gloves. Freistehender aufblasbarer Boxsack bewegung und Spa\u00df zugleich!","og_url":"https:\/\/prideshop.eu\/de\/shop\/equipment-de\/trainingsgerate\/boxsacke\/kinder-boxset-mit-freistehenden-boxsack-pride\/","og_site_name":"PRIDEshop","article_publisher":"https:\/\/sl-si.facebook.com\/PrideShopeu","article_modified_time":"2025-09-22T06:37:52+00:00","og_image":[{"width":1600,"height":1600,"url":"https:\/\/prideshop.eu\/wp-content\/uploads\/2020\/09\/napihljiva-samostojeca-vreca-in-rokavice-pride.htm1_.jpg","type":"image\/jpeg"}],"twitter_card":"summary_large_image","twitter_misc":{"Gesch\u00e4tzte Lesezeit":"1\u00a0Minute"},"schema":{"@context":"https:\/\/schema.org","@graph":[{"@type":"WebPage","@id":"https:\/\/prideshop.eu\/de\/shop\/equipment-de\/trainingsgerate\/boxsacke\/kinder-boxset-mit-freistehenden-boxsack-pride\/","url":"https:\/\/prideshop.eu\/de\/shop\/equipment-de\/trainingsgerate\/boxsacke\/kinder-boxset-mit-freistehenden-boxsack-pride\/","name":"Kinder Boxsack\u2011Set mit Handschuhen Pride \u2013 YoungFighter - PRIDEshop","isPartOf":{"@id":"https:\/\/prideshop.eu\/de\/#website"},"primaryImageOfPage":{"@id":"https:\/\/prideshop.eu\/de\/shop\/equipment-de\/trainingsgerate\/boxsacke\/kinder-boxset-mit-freistehenden-boxsack-pride\/#primaryimage"},"image":{"@id":"https:\/\/prideshop.eu\/de\/shop\/equipment-de\/trainingsgerate\/boxsacke\/kinder-boxset-mit-freistehenden-boxsack-pride\/#primaryimage"},"thumbnailUrl":"https:\/\/prideshop.eu\/wp-content\/uploads\/2020\/09\/napihljiva-samostojeca-vreca-in-rokavice-pride.htm1_.jpg","datePublished":"2020-09-08T11:36:51+00:00","dateModified":"2025-09-22T06:37:52+00:00","description":"Kinder Boxset mit freistehenden Boxsack, Pride. Freistehender aufblasbarer Boxsack und Gloves. Freistehender aufblasbarer Boxsack bewegung und Spa\u00df zugleich!","breadcrumb":{"@id":"https:\/\/prideshop.eu\/de\/shop\/equipment-de\/trainingsgerate\/boxsacke\/kinder-boxset-mit-freistehenden-boxsack-pride\/#breadcrumb"},"inLanguage":"de","potentialAction":[{"@type":"ReadAction","target":["https:\/\/prideshop.eu\/de\/shop\/equipment-de\/trainingsgerate\/boxsacke\/kinder-boxset-mit-freistehenden-boxsack-pride\/"]}]},{"@type":"ImageObject","inLanguage":"de","@id":"https:\/\/prideshop.eu\/de\/shop\/equipment-de\/trainingsgerate\/boxsacke\/kinder-boxset-mit-freistehenden-boxsack-pride\/#primaryimage","url":"https:\/\/prideshop.eu\/wp-content\/uploads\/2020\/09\/napihljiva-samostojeca-vreca-in-rokavice-pride.htm1_.jpg","contentUrl":"https:\/\/prideshop.eu\/wp-content\/uploads\/2020\/09\/napihljiva-samostojeca-vreca-in-rokavice-pride.htm1_.jpg","width":1600,"height":1600},{"@type":"BreadcrumbList","@id":"https:\/\/prideshop.eu\/de\/shop\/equipment-de\/trainingsgerate\/boxsacke\/kinder-boxset-mit-freistehenden-boxsack-pride\/#breadcrumb","itemListElement":[{"@type":"ListItem","position":1,"name":"Home","item":"https:\/\/prideshop.eu\/de\/"},{"@type":"ListItem","position":2,"name":"Gesch\u00e4ft","item":"https:\/\/prideshop.eu\/de\/geschaeft\/"},{"@type":"ListItem","position":3,"name":"Kinder Boxsack\u2011Set mit Handschuhen Pride \u2013 YoungFighter"}]},{"@type":"WebSite","@id":"https:\/\/prideshop.eu\/de\/#website","url":"https:\/\/prideshop.eu\/de\/","name":"PRIDEshop","description":"Oprema za Borilne \u0160porte","publisher":{"@id":"https:\/\/prideshop.eu\/de\/#organization"},"potentialAction":[{"@type":"SearchAction","target":{"@type":"EntryPoint","urlTemplate":"https:\/\/prideshop.eu\/de\/?s={search_term_string}"},"query-input":{"@type":"PropertyValueSpecification","valueRequired":true,"valueName":"search_term_string"}}],"inLanguage":"de"},{"@type":"Organization","@id":"https:\/\/prideshop.eu\/de\/#organization","name":"PRIDEshop","url":"https:\/\/prideshop.eu\/de\/","logo":{"@type":"ImageObject","inLanguage":"de","@id":"https:\/\/prideshop.eu\/de\/#\/schema\/logo\/image\/","url":"","contentUrl":"","caption":"PRIDEshop"},"image":{"@id":"https:\/\/prideshop.eu\/de\/#\/schema\/logo\/image\/"},"sameAs":["https:\/\/sl-si.facebook.com\/PrideShopeu"]}]}},"_links":{"self":[{"href":"https:\/\/prideshop.eu\/de\/wp-json\/wp\/v2\/product\/11670","targetHints":{"allow":["GET"]}}],"collection":[{"href":"https:\/\/prideshop.eu\/de\/wp-json\/wp\/v2\/product"}],"about":[{"href":"https:\/\/prideshop.eu\/de\/wp-json\/wp\/v2\/types\/product"}],"replies":[{"embeddable":true,"href":"https:\/\/prideshop.eu\/de\/wp-json\/wp\/v2\/comments?post=11670"}],"wp:featuredmedia":[{"embeddable":true,"href":"https:\/\/prideshop.eu\/de\/wp-json\/wp\/v2\/media\/11671"}],"wp:attachment":[{"href":"https:\/\/prideshop.eu\/de\/wp-json\/wp\/v2\/media?parent=11670"}],"wp:term":[{"taxonomy":"product_brand","embeddable":true,"href":"https:\/\/prideshop.eu\/de\/wp-json\/wp\/v2\/product_brand?post=11670"},{"taxonomy":"product_cat","embeddable":true,"href":"https:\/\/prideshop.eu\/de\/wp-json\/wp\/v2\/product_cat?post=11670"},{"taxonomy":"product_tag","embeddable":true,"href":"https:\/\/prideshop.eu\/de\/wp-json\/wp\/v2\/product_tag?post=11670"}],"curies":[{"name":"wp","href":"https:\/\/api.w.org\/{rel}","templated":true}]}}