{"id":11697,"date":"2020-09-09T16:07:56","date_gmt":"2020-09-09T14:07:56","guid":{"rendered":"https:\/\/prideshop.eu\/spletna-trgovina\/unkategorisiert\/boxbirne-birnenformiger-boxsack-pride\/"},"modified":"2025-08-04T10:48:13","modified_gmt":"2025-08-04T08:48:13","slug":"boxbirne-birnenformiger-boxsack-pride","status":"publish","type":"product","link":"https:\/\/prideshop.eu\/de\/shop\/equipment-de\/trainingsgerate\/boxsacke\/boxbirne-birnenformiger-boxsack-pride\/","title":{"rendered":"Boxsack Wrecking Ball Pride \u2013 WreckBall"},"content":{"rendered":"<h3>Boxsack Wrecking Ball Pride \u2013 WreckBall<\/h3>\n<p>Boxbirne \u2013 Birnenf\u00f6rmiger Boxsack, PridenProfessionelle hochwertige Boxbirnesack f\u00fcr das Training aller Kampfk\u00fcnste und Sportarten. Ideal f\u00fcr Aufw\u00e4rtshaken. Hergestellt aus Novadur\u00ae Material f\u00fcr eine extrem lange Verwendbarkeit und Haltbarkeit.nEinfache Wartung. Standardpolsterung. Die Kette, die sto\u00dfd\u00e4mpfende Feder und zwei Aufh\u00e4ngeb\u00fcgel sind enthalten. Durchmesser: 41 cm<\/p>\n","protected":false},"excerpt":{"rendered":"<p>Boxbirne \u2013 Birnenf\u00f6rmiger Boxsack, PridenProfessionelle hochwertige Boxbirnesack f\u00fcr das Training aller Kampfk\u00fcnste und Sportarten. Ideal f\u00fcr Aufw\u00e4rtshaken. Hergestellt aus Novadur\u00ae Material f\u00fcr eine extrem lange Verwendbarkeit und Haltbarkeit.nEinfache Wartung. Standardpolsterung. Die Kette, die sto\u00dfd\u00e4mpfende Feder und zwei Aufh\u00e4ngeb\u00fcgel sind enthalten. Durchmesser: 41 cm<\/p>\n","protected":false},"featured_media":11698,"comment_status":"open","ping_status":"closed","template":"","meta":{"_acf_changed":false},"product_brand":[2086],"product_cat":[622,580,616],"product_tag":[],"class_list":{"0":"post-11697","1":"product","2":"type-product","3":"status-publish","4":"has-post-thumbnail","6":"product_brand-pride","7":"product_cat-boxsacke","8":"product_cat-equipment-de","9":"product_cat-trainingsgerate","11":"first","12":"instock","13":"taxable","14":"shipping-taxable","15":"purchasable","16":"product-type-simple"},"acf":[],"yoast_head":"<!-- This site is optimized with the Yoast SEO plugin v27.5 - https:\/\/yoast.com\/product\/yoast-seo-wordpress\/ -->\n<title>Boxsack Wrecking Ball Pride \u2013 WreckBall - PRIDEshop<\/title>\n<meta name=\"description\" content=\"Boxbirne - Birnenf\u00f6rmiger Boxsack, Pride. Professionelle hochwertige Boxbirnesack f\u00fcr das Training aller Kampfk\u00fcnste und Sportarten. Ideal f\u00fcr Aufw\u00e4rtshaken.\" \/>\n<meta name=\"robots\" content=\"index, follow, max-snippet:-1, max-image-preview:large, max-video-preview:-1\" \/>\n<link rel=\"canonical\" href=\"https:\/\/prideshop.eu\/de\/shop\/equipment-de\/trainingsgerate\/boxsacke\/boxbirne-birnenformiger-boxsack-pride\/\" \/>\n<meta property=\"og:locale\" content=\"de_DE\" \/>\n<meta property=\"og:type\" content=\"article\" \/>\n<meta property=\"og:title\" content=\"Boxsack Wrecking Ball Pride \u2013 WreckBall - PRIDEshop\" \/>\n<meta property=\"og:description\" content=\"Boxbirne - Birnenf\u00f6rmiger Boxsack, Pride. Professionelle hochwertige Boxbirnesack f\u00fcr das Training aller Kampfk\u00fcnste und Sportarten. Ideal f\u00fcr Aufw\u00e4rtshaken.\" \/>\n<meta property=\"og:url\" content=\"https:\/\/prideshop.eu\/de\/shop\/equipment-de\/trainingsgerate\/boxsacke\/boxbirne-birnenformiger-boxsack-pride\/\" \/>\n<meta property=\"og:site_name\" content=\"PRIDEshop\" \/>\n<meta property=\"article:publisher\" content=\"https:\/\/sl-si.facebook.com\/PrideShopeu\" \/>\n<meta property=\"article:modified_time\" content=\"2025-08-04T08:48:13+00:00\" \/>\n<meta property=\"og:image\" content=\"https:\/\/prideshop.eu\/wp-content\/uploads\/2020\/09\/3032_Pride-Aperkat-vreca.jpeg\" \/>\n\t<meta property=\"og:image:width\" content=\"600\" \/>\n\t<meta property=\"og:image:height\" content=\"600\" \/>\n\t<meta property=\"og:image:type\" content=\"image\/jpeg\" \/>\n<meta name=\"twitter:card\" content=\"summary_large_image\" \/>\n<script type=\"application\/ld+json\" class=\"yoast-schema-graph\">{\"@context\":\"https:\\\/\\\/schema.org\",\"@graph\":[{\"@type\":\"WebPage\",\"@id\":\"https:\\\/\\\/prideshop.eu\\\/de\\\/shop\\\/equipment-de\\\/trainingsgerate\\\/boxsacke\\\/boxbirne-birnenformiger-boxsack-pride\\\/\",\"url\":\"https:\\\/\\\/prideshop.eu\\\/de\\\/shop\\\/equipment-de\\\/trainingsgerate\\\/boxsacke\\\/boxbirne-birnenformiger-boxsack-pride\\\/\",\"name\":\"Boxsack Wrecking Ball Pride \u2013 WreckBall - PRIDEshop\",\"isPartOf\":{\"@id\":\"https:\\\/\\\/prideshop.eu\\\/de\\\/#website\"},\"primaryImageOfPage\":{\"@id\":\"https:\\\/\\\/prideshop.eu\\\/de\\\/shop\\\/equipment-de\\\/trainingsgerate\\\/boxsacke\\\/boxbirne-birnenformiger-boxsack-pride\\\/#primaryimage\"},\"image\":{\"@id\":\"https:\\\/\\\/prideshop.eu\\\/de\\\/shop\\\/equipment-de\\\/trainingsgerate\\\/boxsacke\\\/boxbirne-birnenformiger-boxsack-pride\\\/#primaryimage\"},\"thumbnailUrl\":\"https:\\\/\\\/prideshop.eu\\\/wp-content\\\/uploads\\\/2020\\\/09\\\/3032_Pride-Aperkat-vreca.jpeg\",\"datePublished\":\"2020-09-09T14:07:56+00:00\",\"dateModified\":\"2025-08-04T08:48:13+00:00\",\"description\":\"Boxbirne - Birnenf\u00f6rmiger Boxsack, Pride. Professionelle hochwertige Boxbirnesack f\u00fcr das Training aller Kampfk\u00fcnste und Sportarten. Ideal f\u00fcr Aufw\u00e4rtshaken.\",\"breadcrumb\":{\"@id\":\"https:\\\/\\\/prideshop.eu\\\/de\\\/shop\\\/equipment-de\\\/trainingsgerate\\\/boxsacke\\\/boxbirne-birnenformiger-boxsack-pride\\\/#breadcrumb\"},\"inLanguage\":\"de\",\"potentialAction\":[{\"@type\":\"ReadAction\",\"target\":[\"https:\\\/\\\/prideshop.eu\\\/de\\\/shop\\\/equipment-de\\\/trainingsgerate\\\/boxsacke\\\/boxbirne-birnenformiger-boxsack-pride\\\/\"]}]},{\"@type\":\"ImageObject\",\"inLanguage\":\"de\",\"@id\":\"https:\\\/\\\/prideshop.eu\\\/de\\\/shop\\\/equipment-de\\\/trainingsgerate\\\/boxsacke\\\/boxbirne-birnenformiger-boxsack-pride\\\/#primaryimage\",\"url\":\"https:\\\/\\\/prideshop.eu\\\/wp-content\\\/uploads\\\/2020\\\/09\\\/3032_Pride-Aperkat-vreca.jpeg\",\"contentUrl\":\"https:\\\/\\\/prideshop.eu\\\/wp-content\\\/uploads\\\/2020\\\/09\\\/3032_Pride-Aperkat-vreca.jpeg\",\"width\":600,\"height\":600},{\"@type\":\"BreadcrumbList\",\"@id\":\"https:\\\/\\\/prideshop.eu\\\/de\\\/shop\\\/equipment-de\\\/trainingsgerate\\\/boxsacke\\\/boxbirne-birnenformiger-boxsack-pride\\\/#breadcrumb\",\"itemListElement\":[{\"@type\":\"ListItem\",\"position\":1,\"name\":\"Home\",\"item\":\"https:\\\/\\\/prideshop.eu\\\/de\\\/\"},{\"@type\":\"ListItem\",\"position\":2,\"name\":\"Gesch\u00e4ft\",\"item\":\"https:\\\/\\\/prideshop.eu\\\/de\\\/geschaeft\\\/\"},{\"@type\":\"ListItem\",\"position\":3,\"name\":\"Boxsack Wrecking Ball Pride \u2013 WreckBall\"}]},{\"@type\":\"WebSite\",\"@id\":\"https:\\\/\\\/prideshop.eu\\\/de\\\/#website\",\"url\":\"https:\\\/\\\/prideshop.eu\\\/de\\\/\",\"name\":\"PRIDEshop\",\"description\":\"Oprema za Borilne \u0160porte\",\"publisher\":{\"@id\":\"https:\\\/\\\/prideshop.eu\\\/de\\\/#organization\"},\"potentialAction\":[{\"@type\":\"SearchAction\",\"target\":{\"@type\":\"EntryPoint\",\"urlTemplate\":\"https:\\\/\\\/prideshop.eu\\\/de\\\/?s={search_term_string}\"},\"query-input\":{\"@type\":\"PropertyValueSpecification\",\"valueRequired\":true,\"valueName\":\"search_term_string\"}}],\"inLanguage\":\"de\"},{\"@type\":\"Organization\",\"@id\":\"https:\\\/\\\/prideshop.eu\\\/de\\\/#organization\",\"name\":\"PRIDEshop\",\"url\":\"https:\\\/\\\/prideshop.eu\\\/de\\\/\",\"logo\":{\"@type\":\"ImageObject\",\"inLanguage\":\"de\",\"@id\":\"https:\\\/\\\/prideshop.eu\\\/de\\\/#\\\/schema\\\/logo\\\/image\\\/\",\"url\":\"\",\"contentUrl\":\"\",\"caption\":\"PRIDEshop\"},\"image\":{\"@id\":\"https:\\\/\\\/prideshop.eu\\\/de\\\/#\\\/schema\\\/logo\\\/image\\\/\"},\"sameAs\":[\"https:\\\/\\\/sl-si.facebook.com\\\/PrideShopeu\"]}]}<\/script>\n<!-- \/ Yoast SEO plugin. -->","yoast_head_json":{"title":"Boxsack Wrecking Ball Pride \u2013 WreckBall - PRIDEshop","description":"Boxbirne - Birnenf\u00f6rmiger Boxsack, Pride. Professionelle hochwertige Boxbirnesack f\u00fcr das Training aller Kampfk\u00fcnste und Sportarten. Ideal f\u00fcr Aufw\u00e4rtshaken.","robots":{"index":"index","follow":"follow","max-snippet":"max-snippet:-1","max-image-preview":"max-image-preview:large","max-video-preview":"max-video-preview:-1"},"canonical":"https:\/\/prideshop.eu\/de\/shop\/equipment-de\/trainingsgerate\/boxsacke\/boxbirne-birnenformiger-boxsack-pride\/","og_locale":"de_DE","og_type":"article","og_title":"Boxsack Wrecking Ball Pride \u2013 WreckBall - PRIDEshop","og_description":"Boxbirne - Birnenf\u00f6rmiger Boxsack, Pride. Professionelle hochwertige Boxbirnesack f\u00fcr das Training aller Kampfk\u00fcnste und Sportarten. Ideal f\u00fcr Aufw\u00e4rtshaken.","og_url":"https:\/\/prideshop.eu\/de\/shop\/equipment-de\/trainingsgerate\/boxsacke\/boxbirne-birnenformiger-boxsack-pride\/","og_site_name":"PRIDEshop","article_publisher":"https:\/\/sl-si.facebook.com\/PrideShopeu","article_modified_time":"2025-08-04T08:48:13+00:00","og_image":[{"width":600,"height":600,"url":"https:\/\/prideshop.eu\/wp-content\/uploads\/2020\/09\/3032_Pride-Aperkat-vreca.jpeg","type":"image\/jpeg"}],"twitter_card":"summary_large_image","schema":{"@context":"https:\/\/schema.org","@graph":[{"@type":"WebPage","@id":"https:\/\/prideshop.eu\/de\/shop\/equipment-de\/trainingsgerate\/boxsacke\/boxbirne-birnenformiger-boxsack-pride\/","url":"https:\/\/prideshop.eu\/de\/shop\/equipment-de\/trainingsgerate\/boxsacke\/boxbirne-birnenformiger-boxsack-pride\/","name":"Boxsack Wrecking Ball Pride \u2013 WreckBall - PRIDEshop","isPartOf":{"@id":"https:\/\/prideshop.eu\/de\/#website"},"primaryImageOfPage":{"@id":"https:\/\/prideshop.eu\/de\/shop\/equipment-de\/trainingsgerate\/boxsacke\/boxbirne-birnenformiger-boxsack-pride\/#primaryimage"},"image":{"@id":"https:\/\/prideshop.eu\/de\/shop\/equipment-de\/trainingsgerate\/boxsacke\/boxbirne-birnenformiger-boxsack-pride\/#primaryimage"},"thumbnailUrl":"https:\/\/prideshop.eu\/wp-content\/uploads\/2020\/09\/3032_Pride-Aperkat-vreca.jpeg","datePublished":"2020-09-09T14:07:56+00:00","dateModified":"2025-08-04T08:48:13+00:00","description":"Boxbirne - Birnenf\u00f6rmiger Boxsack, Pride. Professionelle hochwertige Boxbirnesack f\u00fcr das Training aller Kampfk\u00fcnste und Sportarten. Ideal f\u00fcr Aufw\u00e4rtshaken.","breadcrumb":{"@id":"https:\/\/prideshop.eu\/de\/shop\/equipment-de\/trainingsgerate\/boxsacke\/boxbirne-birnenformiger-boxsack-pride\/#breadcrumb"},"inLanguage":"de","potentialAction":[{"@type":"ReadAction","target":["https:\/\/prideshop.eu\/de\/shop\/equipment-de\/trainingsgerate\/boxsacke\/boxbirne-birnenformiger-boxsack-pride\/"]}]},{"@type":"ImageObject","inLanguage":"de","@id":"https:\/\/prideshop.eu\/de\/shop\/equipment-de\/trainingsgerate\/boxsacke\/boxbirne-birnenformiger-boxsack-pride\/#primaryimage","url":"https:\/\/prideshop.eu\/wp-content\/uploads\/2020\/09\/3032_Pride-Aperkat-vreca.jpeg","contentUrl":"https:\/\/prideshop.eu\/wp-content\/uploads\/2020\/09\/3032_Pride-Aperkat-vreca.jpeg","width":600,"height":600},{"@type":"BreadcrumbList","@id":"https:\/\/prideshop.eu\/de\/shop\/equipment-de\/trainingsgerate\/boxsacke\/boxbirne-birnenformiger-boxsack-pride\/#breadcrumb","itemListElement":[{"@type":"ListItem","position":1,"name":"Home","item":"https:\/\/prideshop.eu\/de\/"},{"@type":"ListItem","position":2,"name":"Gesch\u00e4ft","item":"https:\/\/prideshop.eu\/de\/geschaeft\/"},{"@type":"ListItem","position":3,"name":"Boxsack Wrecking Ball Pride \u2013 WreckBall"}]},{"@type":"WebSite","@id":"https:\/\/prideshop.eu\/de\/#website","url":"https:\/\/prideshop.eu\/de\/","name":"PRIDEshop","description":"Oprema za Borilne \u0160porte","publisher":{"@id":"https:\/\/prideshop.eu\/de\/#organization"},"potentialAction":[{"@type":"SearchAction","target":{"@type":"EntryPoint","urlTemplate":"https:\/\/prideshop.eu\/de\/?s={search_term_string}"},"query-input":{"@type":"PropertyValueSpecification","valueRequired":true,"valueName":"search_term_string"}}],"inLanguage":"de"},{"@type":"Organization","@id":"https:\/\/prideshop.eu\/de\/#organization","name":"PRIDEshop","url":"https:\/\/prideshop.eu\/de\/","logo":{"@type":"ImageObject","inLanguage":"de","@id":"https:\/\/prideshop.eu\/de\/#\/schema\/logo\/image\/","url":"","contentUrl":"","caption":"PRIDEshop"},"image":{"@id":"https:\/\/prideshop.eu\/de\/#\/schema\/logo\/image\/"},"sameAs":["https:\/\/sl-si.facebook.com\/PrideShopeu"]}]}},"_links":{"self":[{"href":"https:\/\/prideshop.eu\/de\/wp-json\/wp\/v2\/product\/11697","targetHints":{"allow":["GET"]}}],"collection":[{"href":"https:\/\/prideshop.eu\/de\/wp-json\/wp\/v2\/product"}],"about":[{"href":"https:\/\/prideshop.eu\/de\/wp-json\/wp\/v2\/types\/product"}],"replies":[{"embeddable":true,"href":"https:\/\/prideshop.eu\/de\/wp-json\/wp\/v2\/comments?post=11697"}],"wp:featuredmedia":[{"embeddable":true,"href":"https:\/\/prideshop.eu\/de\/wp-json\/wp\/v2\/media\/11698"}],"wp:attachment":[{"href":"https:\/\/prideshop.eu\/de\/wp-json\/wp\/v2\/media?parent=11697"}],"wp:term":[{"taxonomy":"product_brand","embeddable":true,"href":"https:\/\/prideshop.eu\/de\/wp-json\/wp\/v2\/product_brand?post=11697"},{"taxonomy":"product_cat","embeddable":true,"href":"https:\/\/prideshop.eu\/de\/wp-json\/wp\/v2\/product_cat?post=11697"},{"taxonomy":"product_tag","embeddable":true,"href":"https:\/\/prideshop.eu\/de\/wp-json\/wp\/v2\/product_tag?post=11697"}],"curies":[{"name":"wp","href":"https:\/\/api.w.org\/{rel}","templated":true}]}}