{"id":11732,"date":"2021-02-02T11:26:31","date_gmt":"2021-02-02T10:26:31","guid":{"rendered":"https:\/\/prideshop.eu\/spletna-trgovina\/unkategorisiert\/brusteinsatz-fur-damen-cool-guard\/"},"modified":"2025-08-04T10:55:18","modified_gmt":"2025-08-04T08:55:18","slug":"brusteinsatz-fur-damen-cool-guard","status":"publish","type":"product","link":"https:\/\/prideshop.eu\/de\/shop\/sportarten\/itf-taekwondo-traditonelles-taekwondo\/taekwondo-itf-schutzausrustung\/brusteinsatz-fur-damen-cool-guard\/","title":{"rendered":"Brusteinsatz f\u00fcr Damen | Cool Guard"},"content":{"rendered":"<h3>Brusteinsatz f\u00fcr Damen | Cool Guard<\/h3>\n<p>Brusteinsatz f\u00fcr Damen, Cool Guard. Sind harte Schutzpolster, die Br\u00fcste einer Frau vor St\u00f6\u00dfen sch\u00fctzen. Einfaches Einsetzen und Entfernen von Schutzeinlagen. Das ergonomische Design bietet Abdeckung und starken Schutz ohne Verlust an Mobilit\u00e4t und Flexibilit\u00e4t. Sie werden zusammen mit einem Top T\u2013Shirt f\u00fcr sch\u00fctzende Eins\u00e4tze verwendet. Offizieller Schutz f\u00fcr Boxen, Kickboxen, Thaiboxen, MMA, Taekwondo.<\/p>\n","protected":false},"excerpt":{"rendered":"<p>Brusteinsatz f\u00fcr Damen, Cool Guard. Sind harte Schutzpolster, die Br\u00fcste einer Frau vor St\u00f6\u00dfen sch\u00fctzen. Einfaches Einsetzen und Entfernen von Schutzeinlagen. Das ergonomische Design bietet Abdeckung und starken Schutz ohne Verlust an Mobilit\u00e4t und Flexibilit\u00e4t. Sie werden zusammen mit einem Top T\u2013Shirt f\u00fcr sch\u00fctzende Eins\u00e4tze verwendet. Offizieller Schutz f\u00fcr Boxen, Kickboxen, Thaiboxen, MMA, Taekwondo.<\/p>\n","protected":false},"featured_media":24079,"comment_status":"open","ping_status":"closed","template":"","meta":{"_acf_changed":false},"product_brand":[],"product_cat":[664,580,788,722,646,734,742,744,754,648,634,678,732,656,798,778,786],"product_tag":[],"class_list":{"0":"post-11732","1":"product","2":"type-product","3":"status-publish","4":"has-post-thumbnail","6":"product_cat-boxen","7":"product_cat-equipment-de","8":"product_cat-itf-taekwondo-traditonelles-taekwondo","9":"product_cat-kickboxen","10":"product_cat-korpershutz","11":"product_cat-krav-maga-de","12":"product_cat-krav-maga-schutzausrustung","13":"product_cat-mma-ultimate-fight-de","14":"product_cat-mma-ultimate-fight-schutzausrustung","15":"product_cat-schutz-fur-frauen","16":"product_cat-schutzausrustung","17":"product_cat-schutzausrustung-fur-boxen","18":"product_cat-schutzausrustung-zum-kickboxen","19":"product_cat-sportarten","20":"product_cat-taekwondo-itf-schutzausrustung","21":"product_cat-thaiboxen","22":"product_cat-thaiboxen-schutzausrustung","24":"first","25":"outofstock","26":"taxable","27":"shipping-taxable","28":"product-type-variable"},"acf":[],"yoast_head":"<!-- This site is optimized with the Yoast SEO plugin v27.5 - https:\/\/yoast.com\/product\/yoast-seo-wordpress\/ -->\n<title>Brusteinsatz f\u00fcr Damen | Cool Guard - PRIDEshop<\/title>\n<meta name=\"description\" content=\"Brusteinsatz f\u00fcr Damen, Cool GuardSind harte Schutzpolster, die Br\u00fcste einer Frau vor St\u00f6\u00dfen sch\u00fctzen. Einfaches Einsetzen und Entfernen von Schutzeinlagen.\" \/>\n<meta name=\"robots\" content=\"index, follow, max-snippet:-1, max-image-preview:large, max-video-preview:-1\" \/>\n<link rel=\"canonical\" href=\"https:\/\/prideshop.eu\/de\/shop\/sportarten\/itf-taekwondo-traditonelles-taekwondo\/taekwondo-itf-schutzausrustung\/brusteinsatz-fur-damen-cool-guard\/\" \/>\n<meta property=\"og:locale\" content=\"de_DE\" \/>\n<meta property=\"og:type\" content=\"article\" \/>\n<meta property=\"og:title\" content=\"Brusteinsatz f\u00fcr Damen | Cool Guard - PRIDEshop\" \/>\n<meta property=\"og:description\" content=\"Brusteinsatz f\u00fcr Damen, Cool GuardSind harte Schutzpolster, die Br\u00fcste einer Frau vor St\u00f6\u00dfen sch\u00fctzen. Einfaches Einsetzen und Entfernen von Schutzeinlagen.\" \/>\n<meta property=\"og:url\" content=\"https:\/\/prideshop.eu\/de\/shop\/sportarten\/itf-taekwondo-traditonelles-taekwondo\/taekwondo-itf-schutzausrustung\/brusteinsatz-fur-damen-cool-guard\/\" \/>\n<meta property=\"og:site_name\" content=\"PRIDEshop\" \/>\n<meta property=\"article:publisher\" content=\"https:\/\/sl-si.facebook.com\/PrideShopeu\" \/>\n<meta property=\"article:modified_time\" content=\"2025-08-04T08:55:18+00:00\" \/>\n<meta property=\"og:image\" content=\"https:\/\/prideshop.eu\/wp-content\/uploads\/2021\/02\/scitnik-za-prsi-cool-guard-5042p.jpg\" \/>\n\t<meta property=\"og:image:width\" content=\"510\" \/>\n\t<meta property=\"og:image:height\" content=\"720\" \/>\n\t<meta property=\"og:image:type\" content=\"image\/jpeg\" \/>\n<meta name=\"twitter:card\" content=\"summary_large_image\" \/>\n<script type=\"application\/ld+json\" class=\"yoast-schema-graph\">{\"@context\":\"https:\\\/\\\/schema.org\",\"@graph\":[{\"@type\":\"WebPage\",\"@id\":\"https:\\\/\\\/prideshop.eu\\\/de\\\/shop\\\/sportarten\\\/itf-taekwondo-traditonelles-taekwondo\\\/taekwondo-itf-schutzausrustung\\\/brusteinsatz-fur-damen-cool-guard\\\/\",\"url\":\"https:\\\/\\\/prideshop.eu\\\/de\\\/shop\\\/sportarten\\\/itf-taekwondo-traditonelles-taekwondo\\\/taekwondo-itf-schutzausrustung\\\/brusteinsatz-fur-damen-cool-guard\\\/\",\"name\":\"Brusteinsatz f\u00fcr Damen | Cool Guard - PRIDEshop\",\"isPartOf\":{\"@id\":\"https:\\\/\\\/prideshop.eu\\\/de\\\/#website\"},\"primaryImageOfPage\":{\"@id\":\"https:\\\/\\\/prideshop.eu\\\/de\\\/shop\\\/sportarten\\\/itf-taekwondo-traditonelles-taekwondo\\\/taekwondo-itf-schutzausrustung\\\/brusteinsatz-fur-damen-cool-guard\\\/#primaryimage\"},\"image\":{\"@id\":\"https:\\\/\\\/prideshop.eu\\\/de\\\/shop\\\/sportarten\\\/itf-taekwondo-traditonelles-taekwondo\\\/taekwondo-itf-schutzausrustung\\\/brusteinsatz-fur-damen-cool-guard\\\/#primaryimage\"},\"thumbnailUrl\":\"https:\\\/\\\/prideshop.eu\\\/wp-content\\\/uploads\\\/2021\\\/02\\\/scitnik-za-prsi-cool-guard-5042p.jpg\",\"datePublished\":\"2021-02-02T10:26:31+00:00\",\"dateModified\":\"2025-08-04T08:55:18+00:00\",\"description\":\"Brusteinsatz f\u00fcr Damen, Cool GuardSind harte Schutzpolster, die Br\u00fcste einer Frau vor St\u00f6\u00dfen sch\u00fctzen. Einfaches Einsetzen und Entfernen von Schutzeinlagen.\",\"breadcrumb\":{\"@id\":\"https:\\\/\\\/prideshop.eu\\\/de\\\/shop\\\/sportarten\\\/itf-taekwondo-traditonelles-taekwondo\\\/taekwondo-itf-schutzausrustung\\\/brusteinsatz-fur-damen-cool-guard\\\/#breadcrumb\"},\"inLanguage\":\"de\",\"potentialAction\":[{\"@type\":\"ReadAction\",\"target\":[\"https:\\\/\\\/prideshop.eu\\\/de\\\/shop\\\/sportarten\\\/itf-taekwondo-traditonelles-taekwondo\\\/taekwondo-itf-schutzausrustung\\\/brusteinsatz-fur-damen-cool-guard\\\/\"]}]},{\"@type\":\"ImageObject\",\"inLanguage\":\"de\",\"@id\":\"https:\\\/\\\/prideshop.eu\\\/de\\\/shop\\\/sportarten\\\/itf-taekwondo-traditonelles-taekwondo\\\/taekwondo-itf-schutzausrustung\\\/brusteinsatz-fur-damen-cool-guard\\\/#primaryimage\",\"url\":\"https:\\\/\\\/prideshop.eu\\\/wp-content\\\/uploads\\\/2021\\\/02\\\/scitnik-za-prsi-cool-guard-5042p.jpg\",\"contentUrl\":\"https:\\\/\\\/prideshop.eu\\\/wp-content\\\/uploads\\\/2021\\\/02\\\/scitnik-za-prsi-cool-guard-5042p.jpg\",\"width\":510,\"height\":720,\"caption\":\"Brusteinsatz f\u00fcr Damen Cool Guard plastik\"},{\"@type\":\"BreadcrumbList\",\"@id\":\"https:\\\/\\\/prideshop.eu\\\/de\\\/shop\\\/sportarten\\\/itf-taekwondo-traditonelles-taekwondo\\\/taekwondo-itf-schutzausrustung\\\/brusteinsatz-fur-damen-cool-guard\\\/#breadcrumb\",\"itemListElement\":[{\"@type\":\"ListItem\",\"position\":1,\"name\":\"Home\",\"item\":\"https:\\\/\\\/prideshop.eu\\\/de\\\/\"},{\"@type\":\"ListItem\",\"position\":2,\"name\":\"Gesch\u00e4ft\",\"item\":\"https:\\\/\\\/prideshop.eu\\\/de\\\/geschaeft\\\/\"},{\"@type\":\"ListItem\",\"position\":3,\"name\":\"Brusteinsatz f\u00fcr Damen | Cool Guard\"}]},{\"@type\":\"WebSite\",\"@id\":\"https:\\\/\\\/prideshop.eu\\\/de\\\/#website\",\"url\":\"https:\\\/\\\/prideshop.eu\\\/de\\\/\",\"name\":\"PRIDEshop\",\"description\":\"Oprema za Borilne \u0160porte\",\"publisher\":{\"@id\":\"https:\\\/\\\/prideshop.eu\\\/de\\\/#organization\"},\"potentialAction\":[{\"@type\":\"SearchAction\",\"target\":{\"@type\":\"EntryPoint\",\"urlTemplate\":\"https:\\\/\\\/prideshop.eu\\\/de\\\/?s={search_term_string}\"},\"query-input\":{\"@type\":\"PropertyValueSpecification\",\"valueRequired\":true,\"valueName\":\"search_term_string\"}}],\"inLanguage\":\"de\"},{\"@type\":\"Organization\",\"@id\":\"https:\\\/\\\/prideshop.eu\\\/de\\\/#organization\",\"name\":\"PRIDEshop\",\"url\":\"https:\\\/\\\/prideshop.eu\\\/de\\\/\",\"logo\":{\"@type\":\"ImageObject\",\"inLanguage\":\"de\",\"@id\":\"https:\\\/\\\/prideshop.eu\\\/de\\\/#\\\/schema\\\/logo\\\/image\\\/\",\"url\":\"\",\"contentUrl\":\"\",\"caption\":\"PRIDEshop\"},\"image\":{\"@id\":\"https:\\\/\\\/prideshop.eu\\\/de\\\/#\\\/schema\\\/logo\\\/image\\\/\"},\"sameAs\":[\"https:\\\/\\\/sl-si.facebook.com\\\/PrideShopeu\"]}]}<\/script>\n<!-- \/ Yoast SEO plugin. -->","yoast_head_json":{"title":"Brusteinsatz f\u00fcr Damen | Cool Guard - PRIDEshop","description":"Brusteinsatz f\u00fcr Damen, Cool GuardSind harte Schutzpolster, die Br\u00fcste einer Frau vor St\u00f6\u00dfen sch\u00fctzen. Einfaches Einsetzen und Entfernen von Schutzeinlagen.","robots":{"index":"index","follow":"follow","max-snippet":"max-snippet:-1","max-image-preview":"max-image-preview:large","max-video-preview":"max-video-preview:-1"},"canonical":"https:\/\/prideshop.eu\/de\/shop\/sportarten\/itf-taekwondo-traditonelles-taekwondo\/taekwondo-itf-schutzausrustung\/brusteinsatz-fur-damen-cool-guard\/","og_locale":"de_DE","og_type":"article","og_title":"Brusteinsatz f\u00fcr Damen | Cool Guard - PRIDEshop","og_description":"Brusteinsatz f\u00fcr Damen, Cool GuardSind harte Schutzpolster, die Br\u00fcste einer Frau vor St\u00f6\u00dfen sch\u00fctzen. Einfaches Einsetzen und Entfernen von Schutzeinlagen.","og_url":"https:\/\/prideshop.eu\/de\/shop\/sportarten\/itf-taekwondo-traditonelles-taekwondo\/taekwondo-itf-schutzausrustung\/brusteinsatz-fur-damen-cool-guard\/","og_site_name":"PRIDEshop","article_publisher":"https:\/\/sl-si.facebook.com\/PrideShopeu","article_modified_time":"2025-08-04T08:55:18+00:00","og_image":[{"width":510,"height":720,"url":"https:\/\/prideshop.eu\/wp-content\/uploads\/2021\/02\/scitnik-za-prsi-cool-guard-5042p.jpg","type":"image\/jpeg"}],"twitter_card":"summary_large_image","schema":{"@context":"https:\/\/schema.org","@graph":[{"@type":"WebPage","@id":"https:\/\/prideshop.eu\/de\/shop\/sportarten\/itf-taekwondo-traditonelles-taekwondo\/taekwondo-itf-schutzausrustung\/brusteinsatz-fur-damen-cool-guard\/","url":"https:\/\/prideshop.eu\/de\/shop\/sportarten\/itf-taekwondo-traditonelles-taekwondo\/taekwondo-itf-schutzausrustung\/brusteinsatz-fur-damen-cool-guard\/","name":"Brusteinsatz f\u00fcr Damen | Cool Guard - PRIDEshop","isPartOf":{"@id":"https:\/\/prideshop.eu\/de\/#website"},"primaryImageOfPage":{"@id":"https:\/\/prideshop.eu\/de\/shop\/sportarten\/itf-taekwondo-traditonelles-taekwondo\/taekwondo-itf-schutzausrustung\/brusteinsatz-fur-damen-cool-guard\/#primaryimage"},"image":{"@id":"https:\/\/prideshop.eu\/de\/shop\/sportarten\/itf-taekwondo-traditonelles-taekwondo\/taekwondo-itf-schutzausrustung\/brusteinsatz-fur-damen-cool-guard\/#primaryimage"},"thumbnailUrl":"https:\/\/prideshop.eu\/wp-content\/uploads\/2021\/02\/scitnik-za-prsi-cool-guard-5042p.jpg","datePublished":"2021-02-02T10:26:31+00:00","dateModified":"2025-08-04T08:55:18+00:00","description":"Brusteinsatz f\u00fcr Damen, Cool GuardSind harte Schutzpolster, die Br\u00fcste einer Frau vor St\u00f6\u00dfen sch\u00fctzen. Einfaches Einsetzen und Entfernen von Schutzeinlagen.","breadcrumb":{"@id":"https:\/\/prideshop.eu\/de\/shop\/sportarten\/itf-taekwondo-traditonelles-taekwondo\/taekwondo-itf-schutzausrustung\/brusteinsatz-fur-damen-cool-guard\/#breadcrumb"},"inLanguage":"de","potentialAction":[{"@type":"ReadAction","target":["https:\/\/prideshop.eu\/de\/shop\/sportarten\/itf-taekwondo-traditonelles-taekwondo\/taekwondo-itf-schutzausrustung\/brusteinsatz-fur-damen-cool-guard\/"]}]},{"@type":"ImageObject","inLanguage":"de","@id":"https:\/\/prideshop.eu\/de\/shop\/sportarten\/itf-taekwondo-traditonelles-taekwondo\/taekwondo-itf-schutzausrustung\/brusteinsatz-fur-damen-cool-guard\/#primaryimage","url":"https:\/\/prideshop.eu\/wp-content\/uploads\/2021\/02\/scitnik-za-prsi-cool-guard-5042p.jpg","contentUrl":"https:\/\/prideshop.eu\/wp-content\/uploads\/2021\/02\/scitnik-za-prsi-cool-guard-5042p.jpg","width":510,"height":720,"caption":"Brusteinsatz f\u00fcr Damen Cool Guard plastik"},{"@type":"BreadcrumbList","@id":"https:\/\/prideshop.eu\/de\/shop\/sportarten\/itf-taekwondo-traditonelles-taekwondo\/taekwondo-itf-schutzausrustung\/brusteinsatz-fur-damen-cool-guard\/#breadcrumb","itemListElement":[{"@type":"ListItem","position":1,"name":"Home","item":"https:\/\/prideshop.eu\/de\/"},{"@type":"ListItem","position":2,"name":"Gesch\u00e4ft","item":"https:\/\/prideshop.eu\/de\/geschaeft\/"},{"@type":"ListItem","position":3,"name":"Brusteinsatz f\u00fcr Damen | Cool Guard"}]},{"@type":"WebSite","@id":"https:\/\/prideshop.eu\/de\/#website","url":"https:\/\/prideshop.eu\/de\/","name":"PRIDEshop","description":"Oprema za Borilne \u0160porte","publisher":{"@id":"https:\/\/prideshop.eu\/de\/#organization"},"potentialAction":[{"@type":"SearchAction","target":{"@type":"EntryPoint","urlTemplate":"https:\/\/prideshop.eu\/de\/?s={search_term_string}"},"query-input":{"@type":"PropertyValueSpecification","valueRequired":true,"valueName":"search_term_string"}}],"inLanguage":"de"},{"@type":"Organization","@id":"https:\/\/prideshop.eu\/de\/#organization","name":"PRIDEshop","url":"https:\/\/prideshop.eu\/de\/","logo":{"@type":"ImageObject","inLanguage":"de","@id":"https:\/\/prideshop.eu\/de\/#\/schema\/logo\/image\/","url":"","contentUrl":"","caption":"PRIDEshop"},"image":{"@id":"https:\/\/prideshop.eu\/de\/#\/schema\/logo\/image\/"},"sameAs":["https:\/\/sl-si.facebook.com\/PrideShopeu"]}]}},"_links":{"self":[{"href":"https:\/\/prideshop.eu\/de\/wp-json\/wp\/v2\/product\/11732","targetHints":{"allow":["GET"]}}],"collection":[{"href":"https:\/\/prideshop.eu\/de\/wp-json\/wp\/v2\/product"}],"about":[{"href":"https:\/\/prideshop.eu\/de\/wp-json\/wp\/v2\/types\/product"}],"replies":[{"embeddable":true,"href":"https:\/\/prideshop.eu\/de\/wp-json\/wp\/v2\/comments?post=11732"}],"wp:featuredmedia":[{"embeddable":true,"href":"https:\/\/prideshop.eu\/de\/wp-json\/wp\/v2\/media\/24079"}],"wp:attachment":[{"href":"https:\/\/prideshop.eu\/de\/wp-json\/wp\/v2\/media?parent=11732"}],"wp:term":[{"taxonomy":"product_brand","embeddable":true,"href":"https:\/\/prideshop.eu\/de\/wp-json\/wp\/v2\/product_brand?post=11732"},{"taxonomy":"product_cat","embeddable":true,"href":"https:\/\/prideshop.eu\/de\/wp-json\/wp\/v2\/product_cat?post=11732"},{"taxonomy":"product_tag","embeddable":true,"href":"https:\/\/prideshop.eu\/de\/wp-json\/wp\/v2\/product_tag?post=11732"}],"curies":[{"name":"wp","href":"https:\/\/api.w.org\/{rel}","templated":true}]}}