{"id":11767,"date":"2020-09-24T09:51:02","date_gmt":"2020-09-24T07:51:02","guid":{"rendered":"https:\/\/prideshop.eu\/spletna-trgovina\/unkategorisiert\/tatami-puzzlematte-classic-15-cm-pride\/"},"modified":"2025-08-04T10:58:51","modified_gmt":"2025-08-04T08:58:51","slug":"tatami-puzzlematte-classic-15-mm-pride","status":"publish","type":"product","link":"https:\/\/prideshop.eu\/de\/shop\/equipment-de\/trainingsgerate\/tatamis-puzzle-matten\/tatami-puzzlematte-classic-15-mm-pride\/","title":{"rendered":"Tatami Puzzlematte 1,5\u202fcm Pride \u2013 Classic"},"content":{"rendered":"<h3>Tatami Puzzlematte 1,5\u202fcm Pride \u2013 Classic<\/h3>\n<p>Tatami Puzzlematte Classic 1,5 cm, Pride. Zusammensetzbare Matten, die dem Training aller Kampfsportarten dienen. Verwendbar auch als Unterlagen im Ring, Spielzimmern in Schullen und Kinderg\u00e4rten, zum Ausstatten von Kinderzimmern zu Hause, eigenenen R\u00e4umen f\u00fcrs Training&#8230;Sie sind aus hochwertigem Polyethilen, dass sich nicht niederschl\u00e4gt und eine konstante Gleichm\u00e4sigkeit und Festigkeit an der ganzen Oberfl\u00e4che der Matte bietet, was lange Haltbarkeit garantiert. Die Oberfl\u00e4che rutscht nicht. Sie setzen sich so im Puzzle\u2013System zusammen, dass sie nicht auseinanderrutchen und sich nicht zerlegen. Mit jeder einzelnen Matte bekommen Sie drei abgeschlossene R\u00e4nder. Die Matten verf\u00fcgen \u00fcber ein Eignungszertifikat und sind f\u00fcr Wettk\u00e4mpfe geeignet. Die Tatatami\u2013Matten sind auf beiden Seiten gleichfarbig.nnDimensionen: 100 Cm x 100 Cm x 1,5 CmnGewicht: cca 1,3 Kg<\/p>\n","protected":false},"excerpt":{"rendered":"<p>Tatami Puzzlematte Classic 1,5 cm, Pride. Zusammensetzbare Matten, die dem Training aller Kampfsportarten dienen. Verwendbar auch als Unterlagen im Ring, Spielzimmern in Schullen und Kinderg\u00e4rten, zum Ausstatten von Kinderzimmern zu Hause, eigenenen R\u00e4umen f\u00fcrs Training&#8230;Sie sind aus hochwertigem Polyethilen, dass sich nicht niederschl\u00e4gt und eine konstante Gleichm\u00e4sigkeit und Festigkeit an der ganzen Oberfl\u00e4che der Matte bietet, was lange Haltbarkeit garantiert. Die Oberfl\u00e4che rutscht nicht. Sie setzen sich so im Puzzle\u2013System zusammen, dass sie nicht auseinanderrutchen und sich nicht zerlegen. Mit jeder einzelnen Matte bekommen Sie drei abgeschlossene R\u00e4nder. Die Matten verf\u00fcgen \u00fcber ein Eignungszertifikat und sind f\u00fcr Wettk\u00e4mpfe geeignet. Die Tatatami\u2013Matten sind auf beiden Seiten gleichfarbig.nnDimensionen: 100 Cm x 100 Cm x 1,5 CmnGewicht: cca 1,3 Kg<\/p>\n","protected":false},"featured_media":33684,"comment_status":"open","ping_status":"closed","template":"","meta":{"_acf_changed":false},"product_brand":[2086],"product_cat":[580,630,616],"product_tag":[],"class_list":{"0":"post-11767","1":"product","2":"type-product","3":"status-publish","4":"has-post-thumbnail","6":"product_brand-pride","7":"product_cat-equipment-de","8":"product_cat-tatamis-puzzle-matten","9":"product_cat-trainingsgerate","11":"first","12":"instock","13":"sale","14":"taxable","15":"shipping-taxable","16":"purchasable","17":"product-type-variable"},"acf":[],"yoast_head":"<!-- This site is optimized with the Yoast SEO plugin v27.5 - https:\/\/yoast.com\/product\/yoast-seo-wordpress\/ -->\n<title>Tatami Puzzlematte 1,5\u202fcm Pride \u2013 Classic - PRIDEshop<\/title>\n<meta name=\"description\" content=\"Tatami Puzzlematte Classic 1,5 cm, Pride. Zusammensetzbare Matten, die dem Training aller Kampfsportarten dienen.\" \/>\n<meta name=\"robots\" content=\"index, follow, max-snippet:-1, max-image-preview:large, max-video-preview:-1\" \/>\n<link rel=\"canonical\" href=\"https:\/\/prideshop.eu\/de\/shop\/equipment-de\/trainingsgerate\/tatamis-puzzle-matten\/tatami-puzzlematte-classic-15-mm-pride\/\" \/>\n<meta property=\"og:locale\" content=\"de_DE\" \/>\n<meta property=\"og:type\" content=\"article\" \/>\n<meta property=\"og:title\" content=\"Tatami Puzzlematte 1,5\u202fcm Pride \u2013 Classic - PRIDEshop\" \/>\n<meta property=\"og:description\" content=\"Tatami Puzzlematte Classic 1,5 cm, Pride. Zusammensetzbare Matten, die dem Training aller Kampfsportarten dienen.\" \/>\n<meta property=\"og:url\" content=\"https:\/\/prideshop.eu\/de\/shop\/equipment-de\/trainingsgerate\/tatamis-puzzle-matten\/tatami-puzzlematte-classic-15-mm-pride\/\" \/>\n<meta property=\"og:site_name\" content=\"PRIDEshop\" \/>\n<meta property=\"article:publisher\" content=\"https:\/\/sl-si.facebook.com\/PrideShopeu\" \/>\n<meta property=\"article:modified_time\" content=\"2025-08-04T08:58:51+00:00\" \/>\n<meta property=\"og:image\" content=\"https:\/\/prideshop.eu\/wp-content\/uploads\/2020\/09\/tatami-puzzle-blazine-classic-15-mm-pride-8100.jpeg\" \/>\n\t<meta property=\"og:image:width\" content=\"600\" \/>\n\t<meta property=\"og:image:height\" content=\"600\" \/>\n\t<meta property=\"og:image:type\" content=\"image\/jpeg\" \/>\n<meta name=\"twitter:card\" content=\"summary_large_image\" \/>\n<meta name=\"twitter:label1\" content=\"Gesch\u00e4tzte Lesezeit\" \/>\n\t<meta name=\"twitter:data1\" content=\"1\u00a0Minute\" \/>\n<script type=\"application\/ld+json\" class=\"yoast-schema-graph\">{\"@context\":\"https:\\\/\\\/schema.org\",\"@graph\":[{\"@type\":\"WebPage\",\"@id\":\"https:\\\/\\\/prideshop.eu\\\/de\\\/shop\\\/equipment-de\\\/trainingsgerate\\\/tatamis-puzzle-matten\\\/tatami-puzzlematte-classic-15-mm-pride\\\/\",\"url\":\"https:\\\/\\\/prideshop.eu\\\/de\\\/shop\\\/equipment-de\\\/trainingsgerate\\\/tatamis-puzzle-matten\\\/tatami-puzzlematte-classic-15-mm-pride\\\/\",\"name\":\"Tatami Puzzlematte 1,5\u202fcm Pride \u2013 Classic - PRIDEshop\",\"isPartOf\":{\"@id\":\"https:\\\/\\\/prideshop.eu\\\/de\\\/#website\"},\"primaryImageOfPage\":{\"@id\":\"https:\\\/\\\/prideshop.eu\\\/de\\\/shop\\\/equipment-de\\\/trainingsgerate\\\/tatamis-puzzle-matten\\\/tatami-puzzlematte-classic-15-mm-pride\\\/#primaryimage\"},\"image\":{\"@id\":\"https:\\\/\\\/prideshop.eu\\\/de\\\/shop\\\/equipment-de\\\/trainingsgerate\\\/tatamis-puzzle-matten\\\/tatami-puzzlematte-classic-15-mm-pride\\\/#primaryimage\"},\"thumbnailUrl\":\"https:\\\/\\\/prideshop.eu\\\/wp-content\\\/uploads\\\/2020\\\/09\\\/tatami-puzzle-blazine-classic-15-mm-pride-8100.jpeg\",\"datePublished\":\"2020-09-24T07:51:02+00:00\",\"dateModified\":\"2025-08-04T08:58:51+00:00\",\"description\":\"Tatami Puzzlematte Classic 1,5 cm, Pride. Zusammensetzbare Matten, die dem Training aller Kampfsportarten dienen.\",\"breadcrumb\":{\"@id\":\"https:\\\/\\\/prideshop.eu\\\/de\\\/shop\\\/equipment-de\\\/trainingsgerate\\\/tatamis-puzzle-matten\\\/tatami-puzzlematte-classic-15-mm-pride\\\/#breadcrumb\"},\"inLanguage\":\"de\",\"potentialAction\":[{\"@type\":\"ReadAction\",\"target\":[\"https:\\\/\\\/prideshop.eu\\\/de\\\/shop\\\/equipment-de\\\/trainingsgerate\\\/tatamis-puzzle-matten\\\/tatami-puzzlematte-classic-15-mm-pride\\\/\"]}]},{\"@type\":\"ImageObject\",\"inLanguage\":\"de\",\"@id\":\"https:\\\/\\\/prideshop.eu\\\/de\\\/shop\\\/equipment-de\\\/trainingsgerate\\\/tatamis-puzzle-matten\\\/tatami-puzzlematte-classic-15-mm-pride\\\/#primaryimage\",\"url\":\"https:\\\/\\\/prideshop.eu\\\/wp-content\\\/uploads\\\/2020\\\/09\\\/tatami-puzzle-blazine-classic-15-mm-pride-8100.jpeg\",\"contentUrl\":\"https:\\\/\\\/prideshop.eu\\\/wp-content\\\/uploads\\\/2020\\\/09\\\/tatami-puzzle-blazine-classic-15-mm-pride-8100.jpeg\",\"width\":600,\"height\":600,\"caption\":\"Tatami Puzzlematte Classic 1,5 cm Pride\"},{\"@type\":\"BreadcrumbList\",\"@id\":\"https:\\\/\\\/prideshop.eu\\\/de\\\/shop\\\/equipment-de\\\/trainingsgerate\\\/tatamis-puzzle-matten\\\/tatami-puzzlematte-classic-15-mm-pride\\\/#breadcrumb\",\"itemListElement\":[{\"@type\":\"ListItem\",\"position\":1,\"name\":\"Home\",\"item\":\"https:\\\/\\\/prideshop.eu\\\/de\\\/\"},{\"@type\":\"ListItem\",\"position\":2,\"name\":\"Gesch\u00e4ft\",\"item\":\"https:\\\/\\\/prideshop.eu\\\/de\\\/geschaeft\\\/\"},{\"@type\":\"ListItem\",\"position\":3,\"name\":\"Tatami Puzzlematte 1,5\u202fcm Pride \u2013 Classic\"}]},{\"@type\":\"WebSite\",\"@id\":\"https:\\\/\\\/prideshop.eu\\\/de\\\/#website\",\"url\":\"https:\\\/\\\/prideshop.eu\\\/de\\\/\",\"name\":\"PRIDEshop\",\"description\":\"Oprema za Borilne \u0160porte\",\"publisher\":{\"@id\":\"https:\\\/\\\/prideshop.eu\\\/de\\\/#organization\"},\"potentialAction\":[{\"@type\":\"SearchAction\",\"target\":{\"@type\":\"EntryPoint\",\"urlTemplate\":\"https:\\\/\\\/prideshop.eu\\\/de\\\/?s={search_term_string}\"},\"query-input\":{\"@type\":\"PropertyValueSpecification\",\"valueRequired\":true,\"valueName\":\"search_term_string\"}}],\"inLanguage\":\"de\"},{\"@type\":\"Organization\",\"@id\":\"https:\\\/\\\/prideshop.eu\\\/de\\\/#organization\",\"name\":\"PRIDEshop\",\"url\":\"https:\\\/\\\/prideshop.eu\\\/de\\\/\",\"logo\":{\"@type\":\"ImageObject\",\"inLanguage\":\"de\",\"@id\":\"https:\\\/\\\/prideshop.eu\\\/de\\\/#\\\/schema\\\/logo\\\/image\\\/\",\"url\":\"\",\"contentUrl\":\"\",\"caption\":\"PRIDEshop\"},\"image\":{\"@id\":\"https:\\\/\\\/prideshop.eu\\\/de\\\/#\\\/schema\\\/logo\\\/image\\\/\"},\"sameAs\":[\"https:\\\/\\\/sl-si.facebook.com\\\/PrideShopeu\"]}]}<\/script>\n<!-- \/ Yoast SEO plugin. -->","yoast_head_json":{"title":"Tatami Puzzlematte 1,5\u202fcm Pride \u2013 Classic - PRIDEshop","description":"Tatami Puzzlematte Classic 1,5 cm, Pride. Zusammensetzbare Matten, die dem Training aller Kampfsportarten dienen.","robots":{"index":"index","follow":"follow","max-snippet":"max-snippet:-1","max-image-preview":"max-image-preview:large","max-video-preview":"max-video-preview:-1"},"canonical":"https:\/\/prideshop.eu\/de\/shop\/equipment-de\/trainingsgerate\/tatamis-puzzle-matten\/tatami-puzzlematte-classic-15-mm-pride\/","og_locale":"de_DE","og_type":"article","og_title":"Tatami Puzzlematte 1,5\u202fcm Pride \u2013 Classic - PRIDEshop","og_description":"Tatami Puzzlematte Classic 1,5 cm, Pride. Zusammensetzbare Matten, die dem Training aller Kampfsportarten dienen.","og_url":"https:\/\/prideshop.eu\/de\/shop\/equipment-de\/trainingsgerate\/tatamis-puzzle-matten\/tatami-puzzlematte-classic-15-mm-pride\/","og_site_name":"PRIDEshop","article_publisher":"https:\/\/sl-si.facebook.com\/PrideShopeu","article_modified_time":"2025-08-04T08:58:51+00:00","og_image":[{"width":600,"height":600,"url":"https:\/\/prideshop.eu\/wp-content\/uploads\/2020\/09\/tatami-puzzle-blazine-classic-15-mm-pride-8100.jpeg","type":"image\/jpeg"}],"twitter_card":"summary_large_image","twitter_misc":{"Gesch\u00e4tzte Lesezeit":"1\u00a0Minute"},"schema":{"@context":"https:\/\/schema.org","@graph":[{"@type":"WebPage","@id":"https:\/\/prideshop.eu\/de\/shop\/equipment-de\/trainingsgerate\/tatamis-puzzle-matten\/tatami-puzzlematte-classic-15-mm-pride\/","url":"https:\/\/prideshop.eu\/de\/shop\/equipment-de\/trainingsgerate\/tatamis-puzzle-matten\/tatami-puzzlematte-classic-15-mm-pride\/","name":"Tatami Puzzlematte 1,5\u202fcm Pride \u2013 Classic - PRIDEshop","isPartOf":{"@id":"https:\/\/prideshop.eu\/de\/#website"},"primaryImageOfPage":{"@id":"https:\/\/prideshop.eu\/de\/shop\/equipment-de\/trainingsgerate\/tatamis-puzzle-matten\/tatami-puzzlematte-classic-15-mm-pride\/#primaryimage"},"image":{"@id":"https:\/\/prideshop.eu\/de\/shop\/equipment-de\/trainingsgerate\/tatamis-puzzle-matten\/tatami-puzzlematte-classic-15-mm-pride\/#primaryimage"},"thumbnailUrl":"https:\/\/prideshop.eu\/wp-content\/uploads\/2020\/09\/tatami-puzzle-blazine-classic-15-mm-pride-8100.jpeg","datePublished":"2020-09-24T07:51:02+00:00","dateModified":"2025-08-04T08:58:51+00:00","description":"Tatami Puzzlematte Classic 1,5 cm, Pride. Zusammensetzbare Matten, die dem Training aller Kampfsportarten dienen.","breadcrumb":{"@id":"https:\/\/prideshop.eu\/de\/shop\/equipment-de\/trainingsgerate\/tatamis-puzzle-matten\/tatami-puzzlematte-classic-15-mm-pride\/#breadcrumb"},"inLanguage":"de","potentialAction":[{"@type":"ReadAction","target":["https:\/\/prideshop.eu\/de\/shop\/equipment-de\/trainingsgerate\/tatamis-puzzle-matten\/tatami-puzzlematte-classic-15-mm-pride\/"]}]},{"@type":"ImageObject","inLanguage":"de","@id":"https:\/\/prideshop.eu\/de\/shop\/equipment-de\/trainingsgerate\/tatamis-puzzle-matten\/tatami-puzzlematte-classic-15-mm-pride\/#primaryimage","url":"https:\/\/prideshop.eu\/wp-content\/uploads\/2020\/09\/tatami-puzzle-blazine-classic-15-mm-pride-8100.jpeg","contentUrl":"https:\/\/prideshop.eu\/wp-content\/uploads\/2020\/09\/tatami-puzzle-blazine-classic-15-mm-pride-8100.jpeg","width":600,"height":600,"caption":"Tatami Puzzlematte Classic 1,5 cm Pride"},{"@type":"BreadcrumbList","@id":"https:\/\/prideshop.eu\/de\/shop\/equipment-de\/trainingsgerate\/tatamis-puzzle-matten\/tatami-puzzlematte-classic-15-mm-pride\/#breadcrumb","itemListElement":[{"@type":"ListItem","position":1,"name":"Home","item":"https:\/\/prideshop.eu\/de\/"},{"@type":"ListItem","position":2,"name":"Gesch\u00e4ft","item":"https:\/\/prideshop.eu\/de\/geschaeft\/"},{"@type":"ListItem","position":3,"name":"Tatami Puzzlematte 1,5\u202fcm Pride \u2013 Classic"}]},{"@type":"WebSite","@id":"https:\/\/prideshop.eu\/de\/#website","url":"https:\/\/prideshop.eu\/de\/","name":"PRIDEshop","description":"Oprema za Borilne \u0160porte","publisher":{"@id":"https:\/\/prideshop.eu\/de\/#organization"},"potentialAction":[{"@type":"SearchAction","target":{"@type":"EntryPoint","urlTemplate":"https:\/\/prideshop.eu\/de\/?s={search_term_string}"},"query-input":{"@type":"PropertyValueSpecification","valueRequired":true,"valueName":"search_term_string"}}],"inLanguage":"de"},{"@type":"Organization","@id":"https:\/\/prideshop.eu\/de\/#organization","name":"PRIDEshop","url":"https:\/\/prideshop.eu\/de\/","logo":{"@type":"ImageObject","inLanguage":"de","@id":"https:\/\/prideshop.eu\/de\/#\/schema\/logo\/image\/","url":"","contentUrl":"","caption":"PRIDEshop"},"image":{"@id":"https:\/\/prideshop.eu\/de\/#\/schema\/logo\/image\/"},"sameAs":["https:\/\/sl-si.facebook.com\/PrideShopeu"]}]}},"_links":{"self":[{"href":"https:\/\/prideshop.eu\/de\/wp-json\/wp\/v2\/product\/11767","targetHints":{"allow":["GET"]}}],"collection":[{"href":"https:\/\/prideshop.eu\/de\/wp-json\/wp\/v2\/product"}],"about":[{"href":"https:\/\/prideshop.eu\/de\/wp-json\/wp\/v2\/types\/product"}],"replies":[{"embeddable":true,"href":"https:\/\/prideshop.eu\/de\/wp-json\/wp\/v2\/comments?post=11767"}],"wp:featuredmedia":[{"embeddable":true,"href":"https:\/\/prideshop.eu\/de\/wp-json\/wp\/v2\/media\/33684"}],"wp:attachment":[{"href":"https:\/\/prideshop.eu\/de\/wp-json\/wp\/v2\/media?parent=11767"}],"wp:term":[{"taxonomy":"product_brand","embeddable":true,"href":"https:\/\/prideshop.eu\/de\/wp-json\/wp\/v2\/product_brand?post=11767"},{"taxonomy":"product_cat","embeddable":true,"href":"https:\/\/prideshop.eu\/de\/wp-json\/wp\/v2\/product_cat?post=11767"},{"taxonomy":"product_tag","embeddable":true,"href":"https:\/\/prideshop.eu\/de\/wp-json\/wp\/v2\/product_tag?post=11767"}],"curies":[{"name":"wp","href":"https:\/\/api.w.org\/{rel}","templated":true}]}}