{"id":11824,"date":"2020-09-19T10:42:00","date_gmt":"2020-09-19T08:42:00","guid":{"rendered":"https:\/\/prideshop.eu\/spletna-trgovina\/unkategorisiert\/offizielles-tatami-puzzlematte-diamond-pride\/"},"modified":"2026-01-15T09:09:50","modified_gmt":"2026-01-15T08:09:50","slug":"offizielles-tatami-puzzlematte-diamond-pride","status":"publish","type":"product","link":"https:\/\/prideshop.eu\/de\/shop\/sportarten\/taekwondo-wt-olypic-sports\/taekwondo-zubehor-wt\/offizielles-tatami-puzzlematte-diamond-pride\/","title":{"rendered":"Offizielles Tatami Puzzlematte Diamond | Pride"},"content":{"rendered":"<p><strong>Offizielles Tatami Puzzlematte Diamond | Pride<\/strong><\/p>\n<p>Offizielles Tatami Puzzlematte Diamond, PridenDieses Standard modell hat eine zus\u00e4tzlichen Beschichtung auf beiden Seiten und ein Diamant Aussehen der Oberfl\u00e4che. Sie werden f\u00fcr die Organisation der gr\u00f6\u00dften Wettbewerbe, f\u00fcr Hallenpaneele, Schulen und \u00e4hnliches verwendet.n\u2022 Reversible, zweifarbig f\u00fcr einfaches Stapeln.n\u2022 diagonal zweiteilig in zwei verschiedenen Farbenn\u2022 Zwei Optionen f\u00fcr die Diagonale, UP (oben) und DOWN (abw\u00e4rts)n\u2022 Erm\u00f6glicht das Stapeln der Achteck\u2013K\u00e4mpfe sowie einer Reihe anderer Formen, die Ihre Halle auffrischen k\u00f6nnenn\u2022 die M\u00f6glichkeit, die Farbe wie gew\u00fcnscht zu bestellenn\u2022 Zertifikat<\/p>\n","protected":false},"excerpt":{"rendered":"<p>Offizielles Tatami Puzzlematte Diamond, PridenDieses Standard modell hat eine zus\u00e4tzlichen Beschichtung auf beiden Seiten und ein Diamant Aussehen der Oberfl\u00e4che. Sie werden f\u00fcr die Organisation der gr\u00f6\u00dften Wettbewerbe, f\u00fcr Hallenpaneele, Schulen und \u00e4hnliches verwendet.n\u2022 Reversible, zweifarbig f\u00fcr einfaches Stapeln.n\u2022 diagonal zweiteilig in zwei verschiedenen Farbenn\u2022 Zwei Optionen f\u00fcr die Diagonale, UP (oben) und DOWN (abw\u00e4rts)n\u2022 Erm\u00f6glicht das Stapeln der Achteck\u2013K\u00e4mpfe sowie einer Reihe anderer Formen, die Ihre Halle auffrischen k\u00f6nnenn\u2022 die M\u00f6glichkeit, die Farbe wie gew\u00fcnscht zu bestellenn\u2022 Zertifikat<\/p>\n","protected":false},"featured_media":34916,"comment_status":"open","ping_status":"closed","template":"","meta":{"_acf_changed":false},"product_brand":[2086],"product_cat":[580,758,630,616],"product_tag":[],"class_list":{"0":"post-11824","1":"product","2":"type-product","3":"status-publish","4":"has-post-thumbnail","6":"product_brand-pride","7":"product_cat-equipment-de","8":"product_cat-taekwondo-zubehor-wt","9":"product_cat-tatamis-puzzle-matten","10":"product_cat-trainingsgerate","12":"first","13":"outofstock","14":"taxable","15":"shipping-taxable","16":"product-type-variable"},"acf":[],"yoast_head":"<!-- This site is optimized with the Yoast SEO plugin v27.5 - https:\/\/yoast.com\/product\/yoast-seo-wordpress\/ -->\n<title>Offizielles Tatami Puzzlematte Diamond | Pride - PRIDEshop<\/title>\n<meta name=\"description\" content=\"Offizielles Tatami Puzzlematte Diamond, Pride. Dieses Standard modell hat eine zus\u00e4tzlichen Beschichtung auf beiden Seiten und ein Diamant Aussehen der Oberfl\u00e4che.\" \/>\n<meta name=\"robots\" content=\"index, follow, max-snippet:-1, max-image-preview:large, max-video-preview:-1\" \/>\n<link rel=\"canonical\" href=\"https:\/\/prideshop.eu\/de\/shop\/sportarten\/taekwondo-wt-olypic-sports\/taekwondo-zubehor-wt\/offizielles-tatami-puzzlematte-diamond-pride\/\" \/>\n<meta property=\"og:locale\" content=\"de_DE\" \/>\n<meta property=\"og:type\" content=\"article\" \/>\n<meta property=\"og:title\" content=\"Offizielles Tatami Puzzlematte Diamond | Pride - PRIDEshop\" \/>\n<meta property=\"og:description\" content=\"Offizielles Tatami Puzzlematte Diamond, Pride. Dieses Standard modell hat eine zus\u00e4tzlichen Beschichtung auf beiden Seiten und ein Diamant Aussehen der Oberfl\u00e4che.\" \/>\n<meta property=\"og:url\" content=\"https:\/\/prideshop.eu\/de\/shop\/sportarten\/taekwondo-wt-olypic-sports\/taekwondo-zubehor-wt\/offizielles-tatami-puzzlematte-diamond-pride\/\" \/>\n<meta property=\"og:site_name\" content=\"PRIDEshop\" \/>\n<meta property=\"article:publisher\" content=\"https:\/\/sl-si.facebook.com\/PrideShopeu\" \/>\n<meta property=\"article:modified_time\" content=\"2026-01-15T08:09:50+00:00\" \/>\n<meta property=\"og:image\" content=\"https:\/\/prideshop.eu\/wp-content\/uploads\/2020\/09\/uradne-puzzle-tatami-blazine-diamond-pride-8104t.jpeg\" \/>\n\t<meta property=\"og:image:width\" content=\"600\" \/>\n\t<meta property=\"og:image:height\" content=\"600\" \/>\n\t<meta property=\"og:image:type\" content=\"image\/jpeg\" \/>\n<meta name=\"twitter:card\" content=\"summary_large_image\" \/>\n<meta name=\"twitter:label1\" content=\"Gesch\u00e4tzte Lesezeit\" \/>\n\t<meta name=\"twitter:data1\" content=\"1\u00a0Minute\" \/>\n<script type=\"application\/ld+json\" class=\"yoast-schema-graph\">{\"@context\":\"https:\\\/\\\/schema.org\",\"@graph\":[{\"@type\":\"WebPage\",\"@id\":\"https:\\\/\\\/prideshop.eu\\\/de\\\/shop\\\/sportarten\\\/taekwondo-wt-olypic-sports\\\/taekwondo-zubehor-wt\\\/offizielles-tatami-puzzlematte-diamond-pride\\\/\",\"url\":\"https:\\\/\\\/prideshop.eu\\\/de\\\/shop\\\/sportarten\\\/taekwondo-wt-olypic-sports\\\/taekwondo-zubehor-wt\\\/offizielles-tatami-puzzlematte-diamond-pride\\\/\",\"name\":\"Offizielles Tatami Puzzlematte Diamond | Pride - PRIDEshop\",\"isPartOf\":{\"@id\":\"https:\\\/\\\/prideshop.eu\\\/de\\\/#website\"},\"primaryImageOfPage\":{\"@id\":\"https:\\\/\\\/prideshop.eu\\\/de\\\/shop\\\/sportarten\\\/taekwondo-wt-olypic-sports\\\/taekwondo-zubehor-wt\\\/offizielles-tatami-puzzlematte-diamond-pride\\\/#primaryimage\"},\"image\":{\"@id\":\"https:\\\/\\\/prideshop.eu\\\/de\\\/shop\\\/sportarten\\\/taekwondo-wt-olypic-sports\\\/taekwondo-zubehor-wt\\\/offizielles-tatami-puzzlematte-diamond-pride\\\/#primaryimage\"},\"thumbnailUrl\":\"https:\\\/\\\/prideshop.eu\\\/wp-content\\\/uploads\\\/2020\\\/09\\\/uradne-puzzle-tatami-blazine-diamond-pride-8104t.jpeg\",\"datePublished\":\"2020-09-19T08:42:00+00:00\",\"dateModified\":\"2026-01-15T08:09:50+00:00\",\"description\":\"Offizielles Tatami Puzzlematte Diamond, Pride. Dieses Standard modell hat eine zus\u00e4tzlichen Beschichtung auf beiden Seiten und ein Diamant Aussehen der Oberfl\u00e4che.\",\"breadcrumb\":{\"@id\":\"https:\\\/\\\/prideshop.eu\\\/de\\\/shop\\\/sportarten\\\/taekwondo-wt-olypic-sports\\\/taekwondo-zubehor-wt\\\/offizielles-tatami-puzzlematte-diamond-pride\\\/#breadcrumb\"},\"inLanguage\":\"de\",\"potentialAction\":[{\"@type\":\"ReadAction\",\"target\":[\"https:\\\/\\\/prideshop.eu\\\/de\\\/shop\\\/sportarten\\\/taekwondo-wt-olypic-sports\\\/taekwondo-zubehor-wt\\\/offizielles-tatami-puzzlematte-diamond-pride\\\/\"]}]},{\"@type\":\"ImageObject\",\"inLanguage\":\"de\",\"@id\":\"https:\\\/\\\/prideshop.eu\\\/de\\\/shop\\\/sportarten\\\/taekwondo-wt-olypic-sports\\\/taekwondo-zubehor-wt\\\/offizielles-tatami-puzzlematte-diamond-pride\\\/#primaryimage\",\"url\":\"https:\\\/\\\/prideshop.eu\\\/wp-content\\\/uploads\\\/2020\\\/09\\\/uradne-puzzle-tatami-blazine-diamond-pride-8104t.jpeg\",\"contentUrl\":\"https:\\\/\\\/prideshop.eu\\\/wp-content\\\/uploads\\\/2020\\\/09\\\/uradne-puzzle-tatami-blazine-diamond-pride-8104t.jpeg\",\"width\":600,\"height\":600,\"caption\":\"Offizielles Tatami Puzzlematte Diamond Pride\"},{\"@type\":\"BreadcrumbList\",\"@id\":\"https:\\\/\\\/prideshop.eu\\\/de\\\/shop\\\/sportarten\\\/taekwondo-wt-olypic-sports\\\/taekwondo-zubehor-wt\\\/offizielles-tatami-puzzlematte-diamond-pride\\\/#breadcrumb\",\"itemListElement\":[{\"@type\":\"ListItem\",\"position\":1,\"name\":\"Home\",\"item\":\"https:\\\/\\\/prideshop.eu\\\/de\\\/\"},{\"@type\":\"ListItem\",\"position\":2,\"name\":\"Gesch\u00e4ft\",\"item\":\"https:\\\/\\\/prideshop.eu\\\/de\\\/geschaeft\\\/\"},{\"@type\":\"ListItem\",\"position\":3,\"name\":\"Offizielles Tatami Puzzlematte Diamond | Pride\"}]},{\"@type\":\"WebSite\",\"@id\":\"https:\\\/\\\/prideshop.eu\\\/de\\\/#website\",\"url\":\"https:\\\/\\\/prideshop.eu\\\/de\\\/\",\"name\":\"PRIDEshop\",\"description\":\"Oprema za Borilne \u0160porte\",\"publisher\":{\"@id\":\"https:\\\/\\\/prideshop.eu\\\/de\\\/#organization\"},\"potentialAction\":[{\"@type\":\"SearchAction\",\"target\":{\"@type\":\"EntryPoint\",\"urlTemplate\":\"https:\\\/\\\/prideshop.eu\\\/de\\\/?s={search_term_string}\"},\"query-input\":{\"@type\":\"PropertyValueSpecification\",\"valueRequired\":true,\"valueName\":\"search_term_string\"}}],\"inLanguage\":\"de\"},{\"@type\":\"Organization\",\"@id\":\"https:\\\/\\\/prideshop.eu\\\/de\\\/#organization\",\"name\":\"PRIDEshop\",\"url\":\"https:\\\/\\\/prideshop.eu\\\/de\\\/\",\"logo\":{\"@type\":\"ImageObject\",\"inLanguage\":\"de\",\"@id\":\"https:\\\/\\\/prideshop.eu\\\/de\\\/#\\\/schema\\\/logo\\\/image\\\/\",\"url\":\"\",\"contentUrl\":\"\",\"caption\":\"PRIDEshop\"},\"image\":{\"@id\":\"https:\\\/\\\/prideshop.eu\\\/de\\\/#\\\/schema\\\/logo\\\/image\\\/\"},\"sameAs\":[\"https:\\\/\\\/sl-si.facebook.com\\\/PrideShopeu\"]}]}<\/script>\n<!-- \/ Yoast SEO plugin. -->","yoast_head_json":{"title":"Offizielles Tatami Puzzlematte Diamond | Pride - PRIDEshop","description":"Offizielles Tatami Puzzlematte Diamond, Pride. Dieses Standard modell hat eine zus\u00e4tzlichen Beschichtung auf beiden Seiten und ein Diamant Aussehen der Oberfl\u00e4che.","robots":{"index":"index","follow":"follow","max-snippet":"max-snippet:-1","max-image-preview":"max-image-preview:large","max-video-preview":"max-video-preview:-1"},"canonical":"https:\/\/prideshop.eu\/de\/shop\/sportarten\/taekwondo-wt-olypic-sports\/taekwondo-zubehor-wt\/offizielles-tatami-puzzlematte-diamond-pride\/","og_locale":"de_DE","og_type":"article","og_title":"Offizielles Tatami Puzzlematte Diamond | Pride - PRIDEshop","og_description":"Offizielles Tatami Puzzlematte Diamond, Pride. Dieses Standard modell hat eine zus\u00e4tzlichen Beschichtung auf beiden Seiten und ein Diamant Aussehen der Oberfl\u00e4che.","og_url":"https:\/\/prideshop.eu\/de\/shop\/sportarten\/taekwondo-wt-olypic-sports\/taekwondo-zubehor-wt\/offizielles-tatami-puzzlematte-diamond-pride\/","og_site_name":"PRIDEshop","article_publisher":"https:\/\/sl-si.facebook.com\/PrideShopeu","article_modified_time":"2026-01-15T08:09:50+00:00","og_image":[{"width":600,"height":600,"url":"https:\/\/prideshop.eu\/wp-content\/uploads\/2020\/09\/uradne-puzzle-tatami-blazine-diamond-pride-8104t.jpeg","type":"image\/jpeg"}],"twitter_card":"summary_large_image","twitter_misc":{"Gesch\u00e4tzte Lesezeit":"1\u00a0Minute"},"schema":{"@context":"https:\/\/schema.org","@graph":[{"@type":"WebPage","@id":"https:\/\/prideshop.eu\/de\/shop\/sportarten\/taekwondo-wt-olypic-sports\/taekwondo-zubehor-wt\/offizielles-tatami-puzzlematte-diamond-pride\/","url":"https:\/\/prideshop.eu\/de\/shop\/sportarten\/taekwondo-wt-olypic-sports\/taekwondo-zubehor-wt\/offizielles-tatami-puzzlematte-diamond-pride\/","name":"Offizielles Tatami Puzzlematte Diamond | Pride - PRIDEshop","isPartOf":{"@id":"https:\/\/prideshop.eu\/de\/#website"},"primaryImageOfPage":{"@id":"https:\/\/prideshop.eu\/de\/shop\/sportarten\/taekwondo-wt-olypic-sports\/taekwondo-zubehor-wt\/offizielles-tatami-puzzlematte-diamond-pride\/#primaryimage"},"image":{"@id":"https:\/\/prideshop.eu\/de\/shop\/sportarten\/taekwondo-wt-olypic-sports\/taekwondo-zubehor-wt\/offizielles-tatami-puzzlematte-diamond-pride\/#primaryimage"},"thumbnailUrl":"https:\/\/prideshop.eu\/wp-content\/uploads\/2020\/09\/uradne-puzzle-tatami-blazine-diamond-pride-8104t.jpeg","datePublished":"2020-09-19T08:42:00+00:00","dateModified":"2026-01-15T08:09:50+00:00","description":"Offizielles Tatami Puzzlematte Diamond, Pride. Dieses Standard modell hat eine zus\u00e4tzlichen Beschichtung auf beiden Seiten und ein Diamant Aussehen der Oberfl\u00e4che.","breadcrumb":{"@id":"https:\/\/prideshop.eu\/de\/shop\/sportarten\/taekwondo-wt-olypic-sports\/taekwondo-zubehor-wt\/offizielles-tatami-puzzlematte-diamond-pride\/#breadcrumb"},"inLanguage":"de","potentialAction":[{"@type":"ReadAction","target":["https:\/\/prideshop.eu\/de\/shop\/sportarten\/taekwondo-wt-olypic-sports\/taekwondo-zubehor-wt\/offizielles-tatami-puzzlematte-diamond-pride\/"]}]},{"@type":"ImageObject","inLanguage":"de","@id":"https:\/\/prideshop.eu\/de\/shop\/sportarten\/taekwondo-wt-olypic-sports\/taekwondo-zubehor-wt\/offizielles-tatami-puzzlematte-diamond-pride\/#primaryimage","url":"https:\/\/prideshop.eu\/wp-content\/uploads\/2020\/09\/uradne-puzzle-tatami-blazine-diamond-pride-8104t.jpeg","contentUrl":"https:\/\/prideshop.eu\/wp-content\/uploads\/2020\/09\/uradne-puzzle-tatami-blazine-diamond-pride-8104t.jpeg","width":600,"height":600,"caption":"Offizielles Tatami Puzzlematte Diamond Pride"},{"@type":"BreadcrumbList","@id":"https:\/\/prideshop.eu\/de\/shop\/sportarten\/taekwondo-wt-olypic-sports\/taekwondo-zubehor-wt\/offizielles-tatami-puzzlematte-diamond-pride\/#breadcrumb","itemListElement":[{"@type":"ListItem","position":1,"name":"Home","item":"https:\/\/prideshop.eu\/de\/"},{"@type":"ListItem","position":2,"name":"Gesch\u00e4ft","item":"https:\/\/prideshop.eu\/de\/geschaeft\/"},{"@type":"ListItem","position":3,"name":"Offizielles Tatami Puzzlematte Diamond | Pride"}]},{"@type":"WebSite","@id":"https:\/\/prideshop.eu\/de\/#website","url":"https:\/\/prideshop.eu\/de\/","name":"PRIDEshop","description":"Oprema za Borilne \u0160porte","publisher":{"@id":"https:\/\/prideshop.eu\/de\/#organization"},"potentialAction":[{"@type":"SearchAction","target":{"@type":"EntryPoint","urlTemplate":"https:\/\/prideshop.eu\/de\/?s={search_term_string}"},"query-input":{"@type":"PropertyValueSpecification","valueRequired":true,"valueName":"search_term_string"}}],"inLanguage":"de"},{"@type":"Organization","@id":"https:\/\/prideshop.eu\/de\/#organization","name":"PRIDEshop","url":"https:\/\/prideshop.eu\/de\/","logo":{"@type":"ImageObject","inLanguage":"de","@id":"https:\/\/prideshop.eu\/de\/#\/schema\/logo\/image\/","url":"","contentUrl":"","caption":"PRIDEshop"},"image":{"@id":"https:\/\/prideshop.eu\/de\/#\/schema\/logo\/image\/"},"sameAs":["https:\/\/sl-si.facebook.com\/PrideShopeu"]}]}},"_links":{"self":[{"href":"https:\/\/prideshop.eu\/de\/wp-json\/wp\/v2\/product\/11824","targetHints":{"allow":["GET"]}}],"collection":[{"href":"https:\/\/prideshop.eu\/de\/wp-json\/wp\/v2\/product"}],"about":[{"href":"https:\/\/prideshop.eu\/de\/wp-json\/wp\/v2\/types\/product"}],"replies":[{"embeddable":true,"href":"https:\/\/prideshop.eu\/de\/wp-json\/wp\/v2\/comments?post=11824"}],"wp:featuredmedia":[{"embeddable":true,"href":"https:\/\/prideshop.eu\/de\/wp-json\/wp\/v2\/media\/34916"}],"wp:attachment":[{"href":"https:\/\/prideshop.eu\/de\/wp-json\/wp\/v2\/media?parent=11824"}],"wp:term":[{"taxonomy":"product_brand","embeddable":true,"href":"https:\/\/prideshop.eu\/de\/wp-json\/wp\/v2\/product_brand?post=11824"},{"taxonomy":"product_cat","embeddable":true,"href":"https:\/\/prideshop.eu\/de\/wp-json\/wp\/v2\/product_cat?post=11824"},{"taxonomy":"product_tag","embeddable":true,"href":"https:\/\/prideshop.eu\/de\/wp-json\/wp\/v2\/product_tag?post=11824"}],"curies":[{"name":"wp","href":"https:\/\/api.w.org\/{rel}","templated":true}]}}