{"id":12264,"date":"2020-09-09T10:04:21","date_gmt":"2020-09-09T08:04:21","guid":{"rendered":"https:\/\/prideshop.eu\/spletna-trgovina\/unkategorisiert\/gewichtheberschuh-powerlift-3-1-adidas\/"},"modified":"2025-08-04T11:02:33","modified_gmt":"2025-08-04T09:02:33","slug":"gewichtheberschuh-powerlift-3-1-adidas","status":"publish","type":"product","link":"https:\/\/prideshop.eu\/de\/shop\/equipment-de\/bekleidung-und-schuhe\/schuhe\/gewichtheberschuh-powerlift-3-1-adidas\/","title":{"rendered":"Gewichtheberschuh Adidas \u2013 Powerlift 3.1"},"content":{"rendered":"<h3>Gewichtheberschuh Adidas \u2013 Powerlift 3.1<\/h3>\n<p>Gewichtheberschuh Powerlift 3.1, AdidasnBel\u00fcftete, robuste Turn Schuhe mit stabiler, fester Fixierung.Entwickelt f\u00fcr das t\u00e4gliche Training, gekennzeichnet durch eine enge Befestigung, die gro\u00dfe Stabilit\u00e4t bringt. Das leichte Synthetik\u2013Obermaterial bietet Strapazierf\u00e4higkeit und Halt, w\u00e4hrend der Mittelriemen f\u00fcr Halt sorgt. Entwickelt zum Heben von Gewichten, spezifisch, mit hoher Dichte, geformt mit einer keilf\u00f6rmigen Schnittstelle. Obermaterial Kunstleder mit Air Mesh und Zunge, stabiles und leichtes Tragegef\u00fchl, Absatzh\u00f6he (Slipperh\u00f6he und Absatzh\u00f6he): 15 mm (UK 8.5).<\/p>\n","protected":false},"excerpt":{"rendered":"<p>Gewichtheberschuh Powerlift 3.1, AdidasnBel\u00fcftete, robuste Turn Schuhe mit stabiler, fester Fixierung.Entwickelt f\u00fcr das t\u00e4gliche Training, gekennzeichnet durch eine enge Befestigung, die gro\u00dfe Stabilit\u00e4t bringt. Das leichte Synthetik\u2013Obermaterial bietet Strapazierf\u00e4higkeit und Halt, w\u00e4hrend der Mittelriemen f\u00fcr Halt sorgt. Entwickelt zum Heben von Gewichten, spezifisch, mit hoher Dichte, geformt mit einer keilf\u00f6rmigen Schnittstelle. Obermaterial Kunstleder mit Air Mesh und Zunge, stabiles und leichtes Tragegef\u00fchl, Absatzh\u00f6he (Slipperh\u00f6he und Absatzh\u00f6he): 15 mm (UK 8.5).<\/p>\n","protected":false},"featured_media":12285,"comment_status":"open","ping_status":"closed","template":"","meta":{"_acf_changed":false},"product_brand":[2084],"product_cat":[600,580,590,592,632,612],"product_tag":[],"class_list":{"0":"post-12264","1":"product","2":"type-product","3":"status-publish","4":"has-post-thumbnail","6":"product_brand-adidas","7":"product_cat-bekleidung-und-schuhe","8":"product_cat-equipment-de","9":"product_cat-fitness-in-cross-trening-de","10":"product_cat-gewichtheberschuhe","11":"product_cat-outlet-de","12":"product_cat-schuhe","14":"first","15":"outofstock","16":"taxable","17":"shipping-taxable","18":"product-type-variable"},"acf":[],"yoast_head":"<!-- This site is optimized with the Yoast SEO plugin v27.5 - https:\/\/yoast.com\/product\/yoast-seo-wordpress\/ -->\n<title>Gewichtheberschuh Adidas \u2013 Powerlift 3.1 - PRIDEshop<\/title>\n<meta name=\"description\" content=\"Gewichtheberschuh Powerlift 3.1, Adidas. Bel\u00fcftete, robuste Turn Schuhe mit stabiler, fester Fixierung.\" \/>\n<meta name=\"robots\" content=\"index, follow, max-snippet:-1, max-image-preview:large, max-video-preview:-1\" \/>\n<link rel=\"canonical\" href=\"https:\/\/prideshop.eu\/de\/shop\/equipment-de\/bekleidung-und-schuhe\/schuhe\/gewichtheberschuh-powerlift-3-1-adidas\/\" \/>\n<meta property=\"og:locale\" content=\"de_DE\" \/>\n<meta property=\"og:type\" content=\"article\" \/>\n<meta property=\"og:title\" content=\"Gewichtheberschuh Adidas \u2013 Powerlift 3.1 - PRIDEshop\" \/>\n<meta property=\"og:description\" content=\"Gewichtheberschuh Powerlift 3.1, Adidas. Bel\u00fcftete, robuste Turn Schuhe mit stabiler, fester Fixierung.\" \/>\n<meta property=\"og:url\" content=\"https:\/\/prideshop.eu\/de\/shop\/equipment-de\/bekleidung-und-schuhe\/schuhe\/gewichtheberschuh-powerlift-3-1-adidas\/\" \/>\n<meta property=\"og:site_name\" content=\"PRIDEshop\" \/>\n<meta property=\"article:publisher\" content=\"https:\/\/sl-si.facebook.com\/PrideShopeu\" \/>\n<meta property=\"article:modified_time\" content=\"2025-08-04T09:02:33+00:00\" \/>\n<meta property=\"og:image\" content=\"https:\/\/prideshop.eu\/wp-content\/uploads\/2020\/09\/gewichtheben-hausschuhe-powerlift.jpeg\" \/>\n\t<meta property=\"og:image:width\" content=\"600\" \/>\n\t<meta property=\"og:image:height\" content=\"600\" \/>\n\t<meta property=\"og:image:type\" content=\"image\/jpeg\" \/>\n<meta name=\"twitter:card\" content=\"summary_large_image\" \/>\n<script type=\"application\/ld+json\" class=\"yoast-schema-graph\">{\"@context\":\"https:\\\/\\\/schema.org\",\"@graph\":[{\"@type\":\"WebPage\",\"@id\":\"https:\\\/\\\/prideshop.eu\\\/de\\\/shop\\\/equipment-de\\\/bekleidung-und-schuhe\\\/schuhe\\\/gewichtheberschuh-powerlift-3-1-adidas\\\/\",\"url\":\"https:\\\/\\\/prideshop.eu\\\/de\\\/shop\\\/equipment-de\\\/bekleidung-und-schuhe\\\/schuhe\\\/gewichtheberschuh-powerlift-3-1-adidas\\\/\",\"name\":\"Gewichtheberschuh Adidas \u2013 Powerlift 3.1 - PRIDEshop\",\"isPartOf\":{\"@id\":\"https:\\\/\\\/prideshop.eu\\\/de\\\/#website\"},\"primaryImageOfPage\":{\"@id\":\"https:\\\/\\\/prideshop.eu\\\/de\\\/shop\\\/equipment-de\\\/bekleidung-und-schuhe\\\/schuhe\\\/gewichtheberschuh-powerlift-3-1-adidas\\\/#primaryimage\"},\"image\":{\"@id\":\"https:\\\/\\\/prideshop.eu\\\/de\\\/shop\\\/equipment-de\\\/bekleidung-und-schuhe\\\/schuhe\\\/gewichtheberschuh-powerlift-3-1-adidas\\\/#primaryimage\"},\"thumbnailUrl\":\"https:\\\/\\\/prideshop.eu\\\/wp-content\\\/uploads\\\/2020\\\/09\\\/gewichtheben-hausschuhe-powerlift.jpeg\",\"datePublished\":\"2020-09-09T08:04:21+00:00\",\"dateModified\":\"2025-08-04T09:02:33+00:00\",\"description\":\"Gewichtheberschuh Powerlift 3.1, Adidas. Bel\u00fcftete, robuste Turn Schuhe mit stabiler, fester Fixierung.\",\"breadcrumb\":{\"@id\":\"https:\\\/\\\/prideshop.eu\\\/de\\\/shop\\\/equipment-de\\\/bekleidung-und-schuhe\\\/schuhe\\\/gewichtheberschuh-powerlift-3-1-adidas\\\/#breadcrumb\"},\"inLanguage\":\"de\",\"potentialAction\":[{\"@type\":\"ReadAction\",\"target\":[\"https:\\\/\\\/prideshop.eu\\\/de\\\/shop\\\/equipment-de\\\/bekleidung-und-schuhe\\\/schuhe\\\/gewichtheberschuh-powerlift-3-1-adidas\\\/\"]}]},{\"@type\":\"ImageObject\",\"inLanguage\":\"de\",\"@id\":\"https:\\\/\\\/prideshop.eu\\\/de\\\/shop\\\/equipment-de\\\/bekleidung-und-schuhe\\\/schuhe\\\/gewichtheberschuh-powerlift-3-1-adidas\\\/#primaryimage\",\"url\":\"https:\\\/\\\/prideshop.eu\\\/wp-content\\\/uploads\\\/2020\\\/09\\\/gewichtheben-hausschuhe-powerlift.jpeg\",\"contentUrl\":\"https:\\\/\\\/prideshop.eu\\\/wp-content\\\/uploads\\\/2020\\\/09\\\/gewichtheben-hausschuhe-powerlift.jpeg\",\"width\":600,\"height\":600},{\"@type\":\"BreadcrumbList\",\"@id\":\"https:\\\/\\\/prideshop.eu\\\/de\\\/shop\\\/equipment-de\\\/bekleidung-und-schuhe\\\/schuhe\\\/gewichtheberschuh-powerlift-3-1-adidas\\\/#breadcrumb\",\"itemListElement\":[{\"@type\":\"ListItem\",\"position\":1,\"name\":\"Home\",\"item\":\"https:\\\/\\\/prideshop.eu\\\/de\\\/\"},{\"@type\":\"ListItem\",\"position\":2,\"name\":\"Gesch\u00e4ft\",\"item\":\"https:\\\/\\\/prideshop.eu\\\/de\\\/geschaeft\\\/\"},{\"@type\":\"ListItem\",\"position\":3,\"name\":\"Gewichtheberschuh Adidas \u2013 Powerlift 3.1\"}]},{\"@type\":\"WebSite\",\"@id\":\"https:\\\/\\\/prideshop.eu\\\/de\\\/#website\",\"url\":\"https:\\\/\\\/prideshop.eu\\\/de\\\/\",\"name\":\"PRIDEshop\",\"description\":\"Oprema za Borilne \u0160porte\",\"publisher\":{\"@id\":\"https:\\\/\\\/prideshop.eu\\\/de\\\/#organization\"},\"potentialAction\":[{\"@type\":\"SearchAction\",\"target\":{\"@type\":\"EntryPoint\",\"urlTemplate\":\"https:\\\/\\\/prideshop.eu\\\/de\\\/?s={search_term_string}\"},\"query-input\":{\"@type\":\"PropertyValueSpecification\",\"valueRequired\":true,\"valueName\":\"search_term_string\"}}],\"inLanguage\":\"de\"},{\"@type\":\"Organization\",\"@id\":\"https:\\\/\\\/prideshop.eu\\\/de\\\/#organization\",\"name\":\"PRIDEshop\",\"url\":\"https:\\\/\\\/prideshop.eu\\\/de\\\/\",\"logo\":{\"@type\":\"ImageObject\",\"inLanguage\":\"de\",\"@id\":\"https:\\\/\\\/prideshop.eu\\\/de\\\/#\\\/schema\\\/logo\\\/image\\\/\",\"url\":\"\",\"contentUrl\":\"\",\"caption\":\"PRIDEshop\"},\"image\":{\"@id\":\"https:\\\/\\\/prideshop.eu\\\/de\\\/#\\\/schema\\\/logo\\\/image\\\/\"},\"sameAs\":[\"https:\\\/\\\/sl-si.facebook.com\\\/PrideShopeu\"]}]}<\/script>\n<!-- \/ Yoast SEO plugin. -->","yoast_head_json":{"title":"Gewichtheberschuh Adidas \u2013 Powerlift 3.1 - PRIDEshop","description":"Gewichtheberschuh Powerlift 3.1, Adidas. Bel\u00fcftete, robuste Turn Schuhe mit stabiler, fester Fixierung.","robots":{"index":"index","follow":"follow","max-snippet":"max-snippet:-1","max-image-preview":"max-image-preview:large","max-video-preview":"max-video-preview:-1"},"canonical":"https:\/\/prideshop.eu\/de\/shop\/equipment-de\/bekleidung-und-schuhe\/schuhe\/gewichtheberschuh-powerlift-3-1-adidas\/","og_locale":"de_DE","og_type":"article","og_title":"Gewichtheberschuh Adidas \u2013 Powerlift 3.1 - PRIDEshop","og_description":"Gewichtheberschuh Powerlift 3.1, Adidas. Bel\u00fcftete, robuste Turn Schuhe mit stabiler, fester Fixierung.","og_url":"https:\/\/prideshop.eu\/de\/shop\/equipment-de\/bekleidung-und-schuhe\/schuhe\/gewichtheberschuh-powerlift-3-1-adidas\/","og_site_name":"PRIDEshop","article_publisher":"https:\/\/sl-si.facebook.com\/PrideShopeu","article_modified_time":"2025-08-04T09:02:33+00:00","og_image":[{"width":600,"height":600,"url":"https:\/\/prideshop.eu\/wp-content\/uploads\/2020\/09\/gewichtheben-hausschuhe-powerlift.jpeg","type":"image\/jpeg"}],"twitter_card":"summary_large_image","schema":{"@context":"https:\/\/schema.org","@graph":[{"@type":"WebPage","@id":"https:\/\/prideshop.eu\/de\/shop\/equipment-de\/bekleidung-und-schuhe\/schuhe\/gewichtheberschuh-powerlift-3-1-adidas\/","url":"https:\/\/prideshop.eu\/de\/shop\/equipment-de\/bekleidung-und-schuhe\/schuhe\/gewichtheberschuh-powerlift-3-1-adidas\/","name":"Gewichtheberschuh Adidas \u2013 Powerlift 3.1 - PRIDEshop","isPartOf":{"@id":"https:\/\/prideshop.eu\/de\/#website"},"primaryImageOfPage":{"@id":"https:\/\/prideshop.eu\/de\/shop\/equipment-de\/bekleidung-und-schuhe\/schuhe\/gewichtheberschuh-powerlift-3-1-adidas\/#primaryimage"},"image":{"@id":"https:\/\/prideshop.eu\/de\/shop\/equipment-de\/bekleidung-und-schuhe\/schuhe\/gewichtheberschuh-powerlift-3-1-adidas\/#primaryimage"},"thumbnailUrl":"https:\/\/prideshop.eu\/wp-content\/uploads\/2020\/09\/gewichtheben-hausschuhe-powerlift.jpeg","datePublished":"2020-09-09T08:04:21+00:00","dateModified":"2025-08-04T09:02:33+00:00","description":"Gewichtheberschuh Powerlift 3.1, Adidas. Bel\u00fcftete, robuste Turn Schuhe mit stabiler, fester Fixierung.","breadcrumb":{"@id":"https:\/\/prideshop.eu\/de\/shop\/equipment-de\/bekleidung-und-schuhe\/schuhe\/gewichtheberschuh-powerlift-3-1-adidas\/#breadcrumb"},"inLanguage":"de","potentialAction":[{"@type":"ReadAction","target":["https:\/\/prideshop.eu\/de\/shop\/equipment-de\/bekleidung-und-schuhe\/schuhe\/gewichtheberschuh-powerlift-3-1-adidas\/"]}]},{"@type":"ImageObject","inLanguage":"de","@id":"https:\/\/prideshop.eu\/de\/shop\/equipment-de\/bekleidung-und-schuhe\/schuhe\/gewichtheberschuh-powerlift-3-1-adidas\/#primaryimage","url":"https:\/\/prideshop.eu\/wp-content\/uploads\/2020\/09\/gewichtheben-hausschuhe-powerlift.jpeg","contentUrl":"https:\/\/prideshop.eu\/wp-content\/uploads\/2020\/09\/gewichtheben-hausschuhe-powerlift.jpeg","width":600,"height":600},{"@type":"BreadcrumbList","@id":"https:\/\/prideshop.eu\/de\/shop\/equipment-de\/bekleidung-und-schuhe\/schuhe\/gewichtheberschuh-powerlift-3-1-adidas\/#breadcrumb","itemListElement":[{"@type":"ListItem","position":1,"name":"Home","item":"https:\/\/prideshop.eu\/de\/"},{"@type":"ListItem","position":2,"name":"Gesch\u00e4ft","item":"https:\/\/prideshop.eu\/de\/geschaeft\/"},{"@type":"ListItem","position":3,"name":"Gewichtheberschuh Adidas \u2013 Powerlift 3.1"}]},{"@type":"WebSite","@id":"https:\/\/prideshop.eu\/de\/#website","url":"https:\/\/prideshop.eu\/de\/","name":"PRIDEshop","description":"Oprema za Borilne \u0160porte","publisher":{"@id":"https:\/\/prideshop.eu\/de\/#organization"},"potentialAction":[{"@type":"SearchAction","target":{"@type":"EntryPoint","urlTemplate":"https:\/\/prideshop.eu\/de\/?s={search_term_string}"},"query-input":{"@type":"PropertyValueSpecification","valueRequired":true,"valueName":"search_term_string"}}],"inLanguage":"de"},{"@type":"Organization","@id":"https:\/\/prideshop.eu\/de\/#organization","name":"PRIDEshop","url":"https:\/\/prideshop.eu\/de\/","logo":{"@type":"ImageObject","inLanguage":"de","@id":"https:\/\/prideshop.eu\/de\/#\/schema\/logo\/image\/","url":"","contentUrl":"","caption":"PRIDEshop"},"image":{"@id":"https:\/\/prideshop.eu\/de\/#\/schema\/logo\/image\/"},"sameAs":["https:\/\/sl-si.facebook.com\/PrideShopeu"]}]}},"_links":{"self":[{"href":"https:\/\/prideshop.eu\/de\/wp-json\/wp\/v2\/product\/12264","targetHints":{"allow":["GET"]}}],"collection":[{"href":"https:\/\/prideshop.eu\/de\/wp-json\/wp\/v2\/product"}],"about":[{"href":"https:\/\/prideshop.eu\/de\/wp-json\/wp\/v2\/types\/product"}],"replies":[{"embeddable":true,"href":"https:\/\/prideshop.eu\/de\/wp-json\/wp\/v2\/comments?post=12264"}],"wp:featuredmedia":[{"embeddable":true,"href":"https:\/\/prideshop.eu\/de\/wp-json\/wp\/v2\/media\/12285"}],"wp:attachment":[{"href":"https:\/\/prideshop.eu\/de\/wp-json\/wp\/v2\/media?parent=12264"}],"wp:term":[{"taxonomy":"product_brand","embeddable":true,"href":"https:\/\/prideshop.eu\/de\/wp-json\/wp\/v2\/product_brand?post=12264"},{"taxonomy":"product_cat","embeddable":true,"href":"https:\/\/prideshop.eu\/de\/wp-json\/wp\/v2\/product_cat?post=12264"},{"taxonomy":"product_tag","embeddable":true,"href":"https:\/\/prideshop.eu\/de\/wp-json\/wp\/v2\/product_tag?post=12264"}],"curies":[{"name":"wp","href":"https:\/\/api.w.org\/{rel}","templated":true}]}}