{"id":12304,"date":"2020-09-03T12:25:40","date_gmt":"2020-09-03T10:25:40","guid":{"rendered":"https:\/\/prideshop.eu\/spletna-trgovina\/unkategorisiert\/karate-schienbein-und-spannschutz-wkf-adidas-2\/"},"modified":"2026-01-11T20:46:02","modified_gmt":"2026-01-11T19:46:02","slug":"karate-schienbein-und-spannschutz-wkf-adidas-2","status":"publish","type":"product","link":"https:\/\/prideshop.eu\/de\/shop\/sportarten\/karate-ausruestung\/karate-schutzausrustung\/karate-schienbein-und-spannschutz-wkf-adidas-2\/","title":{"rendered":"Schienbein- und Spannschutz Karate Adidas \u2013 WKF 661.35"},"content":{"rendered":"<h3>Schienbein- und Spannschutz Karate Adidas \u2013 WKF 661.35<\/h3>\n<p>Karate Schienbein und Spannschutz WKF, Adidas. Karate Schienbein Fu\u00dfschutz\u00a0f\u00fcr das Schienbein mit einer abnehmbaren Verl\u00e4ngerung, die den Spann des Fu\u00dfes sch\u00fctzt. Speziell nach den neuesten Karatevorschriften entwickelt, bietet er dem K\u00e4mpfer ultimativen Schutz. CE\u2013Kennzeichnung.<\/p>\n","protected":false},"excerpt":{"rendered":"<p>Karate Schienbein und Spannschutz WKF, Adidas. Karate Schienbein Fu\u00dfschutz\u00a0f\u00fcr das Schienbein mit einer abnehmbaren Verl\u00e4ngerung, die den Spann des Fu\u00dfes sch\u00fctzt. Speziell nach den neuesten Karatevorschriften entwickelt, bietet er dem K\u00e4mpfer ultimativen Schutz. CE\u2013Kennzeichnung.<\/p>\n","protected":false},"featured_media":12315,"comment_status":"open","ping_status":"closed","template":"","meta":{"_acf_changed":false},"product_brand":[2084],"product_cat":[580,644,710,720,634,656],"product_tag":[],"class_list":{"0":"post-12304","1":"product","2":"type-product","3":"status-publish","4":"has-post-thumbnail","6":"product_brand-adidas","7":"product_cat-equipment-de","8":"product_cat-handschutz-und-beinschutz","9":"product_cat-karate-ausruestung","10":"product_cat-karate-schutzausrustung","11":"product_cat-schutzausrustung","12":"product_cat-sportarten","14":"first","15":"instock","16":"taxable","17":"shipping-taxable","18":"purchasable","19":"product-type-variable"},"acf":[],"yoast_head":"<!-- This site is optimized with the Yoast SEO plugin v27.5 - https:\/\/yoast.com\/product\/yoast-seo-wordpress\/ -->\n<title>Schienbein- und Spannschutz Karate Adidas \u2013 WKF 661.35 - PRIDEshop<\/title>\n<meta name=\"description\" content=\"Karate Schienbein und Spannschutz WKF, Adidas f\u00fcr das Schienbein mit einer abnehmbaren Verl\u00e4ngerung, die den Spann des Fu\u00dfes sch\u00fctzt.\" \/>\n<meta name=\"robots\" content=\"index, follow, max-snippet:-1, max-image-preview:large, max-video-preview:-1\" \/>\n<link rel=\"canonical\" href=\"https:\/\/prideshop.eu\/de\/shop\/sportarten\/karate-ausruestung\/karate-schutzausrustung\/karate-schienbein-und-spannschutz-wkf-adidas-2\/\" \/>\n<meta property=\"og:locale\" content=\"de_DE\" \/>\n<meta property=\"og:type\" content=\"article\" \/>\n<meta property=\"og:title\" content=\"Schienbein- und Spannschutz Karate Adidas \u2013 WKF 661.35 - PRIDEshop\" \/>\n<meta property=\"og:description\" content=\"Karate Schienbein und Spannschutz WKF, Adidas f\u00fcr das Schienbein mit einer abnehmbaren Verl\u00e4ngerung, die den Spann des Fu\u00dfes sch\u00fctzt.\" \/>\n<meta property=\"og:url\" content=\"https:\/\/prideshop.eu\/de\/shop\/sportarten\/karate-ausruestung\/karate-schutzausrustung\/karate-schienbein-und-spannschutz-wkf-adidas-2\/\" \/>\n<meta property=\"og:site_name\" content=\"PRIDEshop\" \/>\n<meta property=\"article:publisher\" content=\"https:\/\/sl-si.facebook.com\/PrideShopeu\" \/>\n<meta property=\"article:modified_time\" content=\"2026-01-11T19:46:02+00:00\" \/>\n<meta property=\"og:image\" content=\"https:\/\/prideshop.eu\/wp-content\/uploads\/2020\/09\/661.35_ADIDAS_shin_in_step_protector.jpg\" \/>\n\t<meta property=\"og:image:width\" content=\"600\" \/>\n\t<meta property=\"og:image:height\" content=\"600\" \/>\n\t<meta property=\"og:image:type\" content=\"image\/jpeg\" \/>\n<meta name=\"twitter:card\" content=\"summary_large_image\" \/>\n<script type=\"application\/ld+json\" class=\"yoast-schema-graph\">{\"@context\":\"https:\\\/\\\/schema.org\",\"@graph\":[{\"@type\":\"WebPage\",\"@id\":\"https:\\\/\\\/prideshop.eu\\\/de\\\/shop\\\/sportarten\\\/karate-ausruestung\\\/karate-schutzausrustung\\\/karate-schienbein-und-spannschutz-wkf-adidas-2\\\/\",\"url\":\"https:\\\/\\\/prideshop.eu\\\/de\\\/shop\\\/sportarten\\\/karate-ausruestung\\\/karate-schutzausrustung\\\/karate-schienbein-und-spannschutz-wkf-adidas-2\\\/\",\"name\":\"Schienbein- und Spannschutz Karate Adidas \u2013 WKF 661.35 - PRIDEshop\",\"isPartOf\":{\"@id\":\"https:\\\/\\\/prideshop.eu\\\/de\\\/#website\"},\"primaryImageOfPage\":{\"@id\":\"https:\\\/\\\/prideshop.eu\\\/de\\\/shop\\\/sportarten\\\/karate-ausruestung\\\/karate-schutzausrustung\\\/karate-schienbein-und-spannschutz-wkf-adidas-2\\\/#primaryimage\"},\"image\":{\"@id\":\"https:\\\/\\\/prideshop.eu\\\/de\\\/shop\\\/sportarten\\\/karate-ausruestung\\\/karate-schutzausrustung\\\/karate-schienbein-und-spannschutz-wkf-adidas-2\\\/#primaryimage\"},\"thumbnailUrl\":\"https:\\\/\\\/prideshop.eu\\\/wp-content\\\/uploads\\\/2020\\\/09\\\/661.35_ADIDAS_shin_in_step_protector.jpg\",\"datePublished\":\"2020-09-03T10:25:40+00:00\",\"dateModified\":\"2026-01-11T19:46:02+00:00\",\"description\":\"Karate Schienbein und Spannschutz WKF, Adidas f\u00fcr das Schienbein mit einer abnehmbaren Verl\u00e4ngerung, die den Spann des Fu\u00dfes sch\u00fctzt.\",\"breadcrumb\":{\"@id\":\"https:\\\/\\\/prideshop.eu\\\/de\\\/shop\\\/sportarten\\\/karate-ausruestung\\\/karate-schutzausrustung\\\/karate-schienbein-und-spannschutz-wkf-adidas-2\\\/#breadcrumb\"},\"inLanguage\":\"de\",\"potentialAction\":[{\"@type\":\"ReadAction\",\"target\":[\"https:\\\/\\\/prideshop.eu\\\/de\\\/shop\\\/sportarten\\\/karate-ausruestung\\\/karate-schutzausrustung\\\/karate-schienbein-und-spannschutz-wkf-adidas-2\\\/\"]}]},{\"@type\":\"ImageObject\",\"inLanguage\":\"de\",\"@id\":\"https:\\\/\\\/prideshop.eu\\\/de\\\/shop\\\/sportarten\\\/karate-ausruestung\\\/karate-schutzausrustung\\\/karate-schienbein-und-spannschutz-wkf-adidas-2\\\/#primaryimage\",\"url\":\"https:\\\/\\\/prideshop.eu\\\/wp-content\\\/uploads\\\/2020\\\/09\\\/661.35_ADIDAS_shin_in_step_protector.jpg\",\"contentUrl\":\"https:\\\/\\\/prideshop.eu\\\/wp-content\\\/uploads\\\/2020\\\/09\\\/661.35_ADIDAS_shin_in_step_protector.jpg\",\"width\":600,\"height\":600,\"caption\":\"karate-schienbein-und-spannschutz-wkf-adidas\"},{\"@type\":\"BreadcrumbList\",\"@id\":\"https:\\\/\\\/prideshop.eu\\\/de\\\/shop\\\/sportarten\\\/karate-ausruestung\\\/karate-schutzausrustung\\\/karate-schienbein-und-spannschutz-wkf-adidas-2\\\/#breadcrumb\",\"itemListElement\":[{\"@type\":\"ListItem\",\"position\":1,\"name\":\"Home\",\"item\":\"https:\\\/\\\/prideshop.eu\\\/de\\\/\"},{\"@type\":\"ListItem\",\"position\":2,\"name\":\"Gesch\u00e4ft\",\"item\":\"https:\\\/\\\/prideshop.eu\\\/de\\\/geschaeft\\\/\"},{\"@type\":\"ListItem\",\"position\":3,\"name\":\"Schienbein- und Spannschutz Karate Adidas \u2013 WKF 661.35\"}]},{\"@type\":\"WebSite\",\"@id\":\"https:\\\/\\\/prideshop.eu\\\/de\\\/#website\",\"url\":\"https:\\\/\\\/prideshop.eu\\\/de\\\/\",\"name\":\"PRIDEshop\",\"description\":\"Oprema za Borilne \u0160porte\",\"publisher\":{\"@id\":\"https:\\\/\\\/prideshop.eu\\\/de\\\/#organization\"},\"potentialAction\":[{\"@type\":\"SearchAction\",\"target\":{\"@type\":\"EntryPoint\",\"urlTemplate\":\"https:\\\/\\\/prideshop.eu\\\/de\\\/?s={search_term_string}\"},\"query-input\":{\"@type\":\"PropertyValueSpecification\",\"valueRequired\":true,\"valueName\":\"search_term_string\"}}],\"inLanguage\":\"de\"},{\"@type\":\"Organization\",\"@id\":\"https:\\\/\\\/prideshop.eu\\\/de\\\/#organization\",\"name\":\"PRIDEshop\",\"url\":\"https:\\\/\\\/prideshop.eu\\\/de\\\/\",\"logo\":{\"@type\":\"ImageObject\",\"inLanguage\":\"de\",\"@id\":\"https:\\\/\\\/prideshop.eu\\\/de\\\/#\\\/schema\\\/logo\\\/image\\\/\",\"url\":\"\",\"contentUrl\":\"\",\"caption\":\"PRIDEshop\"},\"image\":{\"@id\":\"https:\\\/\\\/prideshop.eu\\\/de\\\/#\\\/schema\\\/logo\\\/image\\\/\"},\"sameAs\":[\"https:\\\/\\\/sl-si.facebook.com\\\/PrideShopeu\"]}]}<\/script>\n<!-- \/ Yoast SEO plugin. -->","yoast_head_json":{"title":"Schienbein- und Spannschutz Karate Adidas \u2013 WKF 661.35 - PRIDEshop","description":"Karate Schienbein und Spannschutz WKF, Adidas f\u00fcr das Schienbein mit einer abnehmbaren Verl\u00e4ngerung, die den Spann des Fu\u00dfes sch\u00fctzt.","robots":{"index":"index","follow":"follow","max-snippet":"max-snippet:-1","max-image-preview":"max-image-preview:large","max-video-preview":"max-video-preview:-1"},"canonical":"https:\/\/prideshop.eu\/de\/shop\/sportarten\/karate-ausruestung\/karate-schutzausrustung\/karate-schienbein-und-spannschutz-wkf-adidas-2\/","og_locale":"de_DE","og_type":"article","og_title":"Schienbein- und Spannschutz Karate Adidas \u2013 WKF 661.35 - PRIDEshop","og_description":"Karate Schienbein und Spannschutz WKF, Adidas f\u00fcr das Schienbein mit einer abnehmbaren Verl\u00e4ngerung, die den Spann des Fu\u00dfes sch\u00fctzt.","og_url":"https:\/\/prideshop.eu\/de\/shop\/sportarten\/karate-ausruestung\/karate-schutzausrustung\/karate-schienbein-und-spannschutz-wkf-adidas-2\/","og_site_name":"PRIDEshop","article_publisher":"https:\/\/sl-si.facebook.com\/PrideShopeu","article_modified_time":"2026-01-11T19:46:02+00:00","og_image":[{"width":600,"height":600,"url":"https:\/\/prideshop.eu\/wp-content\/uploads\/2020\/09\/661.35_ADIDAS_shin_in_step_protector.jpg","type":"image\/jpeg"}],"twitter_card":"summary_large_image","schema":{"@context":"https:\/\/schema.org","@graph":[{"@type":"WebPage","@id":"https:\/\/prideshop.eu\/de\/shop\/sportarten\/karate-ausruestung\/karate-schutzausrustung\/karate-schienbein-und-spannschutz-wkf-adidas-2\/","url":"https:\/\/prideshop.eu\/de\/shop\/sportarten\/karate-ausruestung\/karate-schutzausrustung\/karate-schienbein-und-spannschutz-wkf-adidas-2\/","name":"Schienbein- und Spannschutz Karate Adidas \u2013 WKF 661.35 - PRIDEshop","isPartOf":{"@id":"https:\/\/prideshop.eu\/de\/#website"},"primaryImageOfPage":{"@id":"https:\/\/prideshop.eu\/de\/shop\/sportarten\/karate-ausruestung\/karate-schutzausrustung\/karate-schienbein-und-spannschutz-wkf-adidas-2\/#primaryimage"},"image":{"@id":"https:\/\/prideshop.eu\/de\/shop\/sportarten\/karate-ausruestung\/karate-schutzausrustung\/karate-schienbein-und-spannschutz-wkf-adidas-2\/#primaryimage"},"thumbnailUrl":"https:\/\/prideshop.eu\/wp-content\/uploads\/2020\/09\/661.35_ADIDAS_shin_in_step_protector.jpg","datePublished":"2020-09-03T10:25:40+00:00","dateModified":"2026-01-11T19:46:02+00:00","description":"Karate Schienbein und Spannschutz WKF, Adidas f\u00fcr das Schienbein mit einer abnehmbaren Verl\u00e4ngerung, die den Spann des Fu\u00dfes sch\u00fctzt.","breadcrumb":{"@id":"https:\/\/prideshop.eu\/de\/shop\/sportarten\/karate-ausruestung\/karate-schutzausrustung\/karate-schienbein-und-spannschutz-wkf-adidas-2\/#breadcrumb"},"inLanguage":"de","potentialAction":[{"@type":"ReadAction","target":["https:\/\/prideshop.eu\/de\/shop\/sportarten\/karate-ausruestung\/karate-schutzausrustung\/karate-schienbein-und-spannschutz-wkf-adidas-2\/"]}]},{"@type":"ImageObject","inLanguage":"de","@id":"https:\/\/prideshop.eu\/de\/shop\/sportarten\/karate-ausruestung\/karate-schutzausrustung\/karate-schienbein-und-spannschutz-wkf-adidas-2\/#primaryimage","url":"https:\/\/prideshop.eu\/wp-content\/uploads\/2020\/09\/661.35_ADIDAS_shin_in_step_protector.jpg","contentUrl":"https:\/\/prideshop.eu\/wp-content\/uploads\/2020\/09\/661.35_ADIDAS_shin_in_step_protector.jpg","width":600,"height":600,"caption":"karate-schienbein-und-spannschutz-wkf-adidas"},{"@type":"BreadcrumbList","@id":"https:\/\/prideshop.eu\/de\/shop\/sportarten\/karate-ausruestung\/karate-schutzausrustung\/karate-schienbein-und-spannschutz-wkf-adidas-2\/#breadcrumb","itemListElement":[{"@type":"ListItem","position":1,"name":"Home","item":"https:\/\/prideshop.eu\/de\/"},{"@type":"ListItem","position":2,"name":"Gesch\u00e4ft","item":"https:\/\/prideshop.eu\/de\/geschaeft\/"},{"@type":"ListItem","position":3,"name":"Schienbein- und Spannschutz Karate Adidas \u2013 WKF 661.35"}]},{"@type":"WebSite","@id":"https:\/\/prideshop.eu\/de\/#website","url":"https:\/\/prideshop.eu\/de\/","name":"PRIDEshop","description":"Oprema za Borilne \u0160porte","publisher":{"@id":"https:\/\/prideshop.eu\/de\/#organization"},"potentialAction":[{"@type":"SearchAction","target":{"@type":"EntryPoint","urlTemplate":"https:\/\/prideshop.eu\/de\/?s={search_term_string}"},"query-input":{"@type":"PropertyValueSpecification","valueRequired":true,"valueName":"search_term_string"}}],"inLanguage":"de"},{"@type":"Organization","@id":"https:\/\/prideshop.eu\/de\/#organization","name":"PRIDEshop","url":"https:\/\/prideshop.eu\/de\/","logo":{"@type":"ImageObject","inLanguage":"de","@id":"https:\/\/prideshop.eu\/de\/#\/schema\/logo\/image\/","url":"","contentUrl":"","caption":"PRIDEshop"},"image":{"@id":"https:\/\/prideshop.eu\/de\/#\/schema\/logo\/image\/"},"sameAs":["https:\/\/sl-si.facebook.com\/PrideShopeu"]}]}},"_links":{"self":[{"href":"https:\/\/prideshop.eu\/de\/wp-json\/wp\/v2\/product\/12304","targetHints":{"allow":["GET"]}}],"collection":[{"href":"https:\/\/prideshop.eu\/de\/wp-json\/wp\/v2\/product"}],"about":[{"href":"https:\/\/prideshop.eu\/de\/wp-json\/wp\/v2\/types\/product"}],"replies":[{"embeddable":true,"href":"https:\/\/prideshop.eu\/de\/wp-json\/wp\/v2\/comments?post=12304"}],"wp:featuredmedia":[{"embeddable":true,"href":"https:\/\/prideshop.eu\/de\/wp-json\/wp\/v2\/media\/12315"}],"wp:attachment":[{"href":"https:\/\/prideshop.eu\/de\/wp-json\/wp\/v2\/media?parent=12304"}],"wp:term":[{"taxonomy":"product_brand","embeddable":true,"href":"https:\/\/prideshop.eu\/de\/wp-json\/wp\/v2\/product_brand?post=12304"},{"taxonomy":"product_cat","embeddable":true,"href":"https:\/\/prideshop.eu\/de\/wp-json\/wp\/v2\/product_cat?post=12304"},{"taxonomy":"product_tag","embeddable":true,"href":"https:\/\/prideshop.eu\/de\/wp-json\/wp\/v2\/product_tag?post=12304"}],"curies":[{"name":"wp","href":"https:\/\/api.w.org\/{rel}","templated":true}]}}