{"id":12327,"date":"2020-09-10T10:49:35","date_gmt":"2020-09-10T08:49:35","guid":{"rendered":"https:\/\/prideshop.eu\/spletna-trgovina\/unkategorisiert\/wkf-korperschutz-adidas\/"},"modified":"2025-09-14T08:30:22","modified_gmt":"2025-09-14T06:30:22","slug":"wkf-korperschutz-adidas","status":"publish","type":"product","link":"https:\/\/prideshop.eu\/de\/shop\/sportarten\/karate-ausruestung\/karate-schutzausrustung\/wkf-korperschutz-adidas\/","title":{"rendered":"Karate Brustschutz WKF Adidas \u2013 Youth League U14"},"content":{"rendered":"<h3>Karate Brustschutz WKF Adidas \u2013 Youth League U14<\/h3>\n<p>WKF K\u00f6rperschutz, AdidasnSch\u00fctzt den K\u00f6rper vor St\u00f6\u00dfen und beugt Verletzungen vor. Aus hochwertigem PU\u2013Material. Mehrschichtige F\u00fcllung f\u00fcr maximalen Schutz. Der Schild ist von der WKF World Karate Federation f\u00fcr alle Wettbewerbe, einschlie\u00dflich Weltmeisterschaften, zugelassen. F\u00fcr WKF Jugendtrainingslager &amp; amp; Karate 1 Jugendweltcup f\u00fcr alle Kategorien bis 14 Jahre.<\/p>\n<table style=\"width: 100%; border-collapse: collapse; font-size: 15px;\">\n<thead>\n<tr style=\"background: #f5f7fa;\">\n<th style=\"text-align: left; padding: 10px 12px;\">Gr\u00f6\u00dfe<\/th>\n<th style=\"text-align: left; padding: 10px 12px;\">K\u00f6rpergr\u00f6\u00dfe<\/th>\n<\/tr>\n<\/thead>\n<tbody>\n<tr style=\"background: #fafbfd;\">\n<td style=\"padding: 10px 12px;\">S<\/td>\n<td style=\"padding: 10px 12px;\">bis 134 cm<\/td>\n<\/tr>\n<tr>\n<td style=\"padding: 10px 12px;\">M<\/td>\n<td style=\"padding: 10px 12px;\">135\u2013152 cm<\/td>\n<\/tr>\n<tr style=\"background: #fafbfd;\">\n<td style=\"padding: 10px 12px;\">L<\/td>\n<td style=\"padding: 10px 12px;\">153\u2013170 cm<\/td>\n<\/tr>\n<tr>\n<td style=\"padding: 10px 12px;\">XL<\/td>\n<td style=\"padding: 10px 12px;\">\u00fcber 171 cm<\/td>\n<\/tr>\n<\/tbody>\n<\/table>\n","protected":false},"excerpt":{"rendered":"<p>WKF K\u00f6rperschutz, AdidasnSch\u00fctzt den K\u00f6rper vor St\u00f6\u00dfen und beugt Verletzungen vor. Aus hochwertigem PU\u2013Material. Mehrschichtige F\u00fcllung f\u00fcr maximalen Schutz. Der Schild ist von der WKF World Karate Federation f\u00fcr alle Wettbewerbe, einschlie\u00dflich Weltmeisterschaften, zugelassen. F\u00fcr WKF Jugendtrainingslager &amp; amp; Karate 1 Jugendweltcup f\u00fcr alle Kategorien bis 14 Jahre.<\/p>\n","protected":false},"featured_media":12333,"comment_status":"open","ping_status":"closed","template":"","meta":{"_acf_changed":false},"product_brand":[2084],"product_cat":[580,710,720,646,634,1691,656],"product_tag":[],"class_list":{"0":"post-12327","1":"product","2":"type-product","3":"status-publish","4":"has-post-thumbnail","6":"product_brand-adidas","7":"product_cat-equipment-de","8":"product_cat-karate-ausruestung","9":"product_cat-karate-schutzausrustung","10":"product_cat-korpershutz","11":"product_cat-schutzausrustung","12":"product_cat-sonderangebote","13":"product_cat-sportarten","15":"first","16":"instock","17":"sale","18":"taxable","19":"shipping-taxable","20":"purchasable","21":"product-type-variable"},"acf":[],"yoast_head":"<!-- This site is optimized with the Yoast SEO plugin v27.5 - https:\/\/yoast.com\/product\/yoast-seo-wordpress\/ -->\n<title>Karate Brustschutz WKF Adidas \u2013 Youth League U14 - PRIDEshop<\/title>\n<meta name=\"description\" content=\"WKF K\u00f6rperschutz, Adidas. Sch\u00fctzt den K\u00f6rper vor St\u00f6\u00dfen und beugt Verletzungen vor. Aus hochwertigem PU-Material.\" \/>\n<meta name=\"robots\" content=\"index, follow, max-snippet:-1, max-image-preview:large, max-video-preview:-1\" \/>\n<link rel=\"canonical\" href=\"https:\/\/prideshop.eu\/de\/shop\/sportarten\/karate-ausruestung\/karate-schutzausrustung\/wkf-korperschutz-adidas\/\" \/>\n<meta property=\"og:locale\" content=\"de_DE\" \/>\n<meta property=\"og:type\" content=\"article\" \/>\n<meta property=\"og:title\" content=\"Karate Brustschutz WKF Adidas \u2013 Youth League U14 - PRIDEshop\" \/>\n<meta property=\"og:description\" content=\"WKF K\u00f6rperschutz, Adidas. Sch\u00fctzt den K\u00f6rper vor St\u00f6\u00dfen und beugt Verletzungen vor. Aus hochwertigem PU-Material.\" \/>\n<meta property=\"og:url\" content=\"https:\/\/prideshop.eu\/de\/shop\/sportarten\/karate-ausruestung\/karate-schutzausrustung\/wkf-korperschutz-adidas\/\" \/>\n<meta property=\"og:site_name\" content=\"PRIDEshop\" \/>\n<meta property=\"article:publisher\" content=\"https:\/\/sl-si.facebook.com\/PrideShopeu\" \/>\n<meta property=\"article:modified_time\" content=\"2025-09-14T06:30:22+00:00\" \/>\n<meta property=\"og:image\" content=\"https:\/\/prideshop.eu\/wp-content\/uploads\/2020\/09\/wkf-scitnik-za-telo-adidas.jpeg\" \/>\n\t<meta property=\"og:image:width\" content=\"600\" \/>\n\t<meta property=\"og:image:height\" content=\"600\" \/>\n\t<meta property=\"og:image:type\" content=\"image\/jpeg\" \/>\n<meta name=\"twitter:card\" content=\"summary_large_image\" \/>\n<script type=\"application\/ld+json\" class=\"yoast-schema-graph\">{\"@context\":\"https:\\\/\\\/schema.org\",\"@graph\":[{\"@type\":\"WebPage\",\"@id\":\"https:\\\/\\\/prideshop.eu\\\/de\\\/shop\\\/sportarten\\\/karate-ausruestung\\\/karate-schutzausrustung\\\/wkf-korperschutz-adidas\\\/\",\"url\":\"https:\\\/\\\/prideshop.eu\\\/de\\\/shop\\\/sportarten\\\/karate-ausruestung\\\/karate-schutzausrustung\\\/wkf-korperschutz-adidas\\\/\",\"name\":\"Karate Brustschutz WKF Adidas \u2013 Youth League U14 - PRIDEshop\",\"isPartOf\":{\"@id\":\"https:\\\/\\\/prideshop.eu\\\/de\\\/#website\"},\"primaryImageOfPage\":{\"@id\":\"https:\\\/\\\/prideshop.eu\\\/de\\\/shop\\\/sportarten\\\/karate-ausruestung\\\/karate-schutzausrustung\\\/wkf-korperschutz-adidas\\\/#primaryimage\"},\"image\":{\"@id\":\"https:\\\/\\\/prideshop.eu\\\/de\\\/shop\\\/sportarten\\\/karate-ausruestung\\\/karate-schutzausrustung\\\/wkf-korperschutz-adidas\\\/#primaryimage\"},\"thumbnailUrl\":\"https:\\\/\\\/prideshop.eu\\\/wp-content\\\/uploads\\\/2020\\\/09\\\/wkf-scitnik-za-telo-adidas.jpeg\",\"datePublished\":\"2020-09-10T08:49:35+00:00\",\"dateModified\":\"2025-09-14T06:30:22+00:00\",\"description\":\"WKF K\u00f6rperschutz, Adidas. Sch\u00fctzt den K\u00f6rper vor St\u00f6\u00dfen und beugt Verletzungen vor. Aus hochwertigem PU-Material.\",\"breadcrumb\":{\"@id\":\"https:\\\/\\\/prideshop.eu\\\/de\\\/shop\\\/sportarten\\\/karate-ausruestung\\\/karate-schutzausrustung\\\/wkf-korperschutz-adidas\\\/#breadcrumb\"},\"inLanguage\":\"de\",\"potentialAction\":[{\"@type\":\"ReadAction\",\"target\":[\"https:\\\/\\\/prideshop.eu\\\/de\\\/shop\\\/sportarten\\\/karate-ausruestung\\\/karate-schutzausrustung\\\/wkf-korperschutz-adidas\\\/\"]}]},{\"@type\":\"ImageObject\",\"inLanguage\":\"de\",\"@id\":\"https:\\\/\\\/prideshop.eu\\\/de\\\/shop\\\/sportarten\\\/karate-ausruestung\\\/karate-schutzausrustung\\\/wkf-korperschutz-adidas\\\/#primaryimage\",\"url\":\"https:\\\/\\\/prideshop.eu\\\/wp-content\\\/uploads\\\/2020\\\/09\\\/wkf-scitnik-za-telo-adidas.jpeg\",\"contentUrl\":\"https:\\\/\\\/prideshop.eu\\\/wp-content\\\/uploads\\\/2020\\\/09\\\/wkf-scitnik-za-telo-adidas.jpeg\",\"width\":600,\"height\":600,\"caption\":\"wkf-karate-scitnik-za-telo-adidas-a508\"},{\"@type\":\"BreadcrumbList\",\"@id\":\"https:\\\/\\\/prideshop.eu\\\/de\\\/shop\\\/sportarten\\\/karate-ausruestung\\\/karate-schutzausrustung\\\/wkf-korperschutz-adidas\\\/#breadcrumb\",\"itemListElement\":[{\"@type\":\"ListItem\",\"position\":1,\"name\":\"Home\",\"item\":\"https:\\\/\\\/prideshop.eu\\\/de\\\/\"},{\"@type\":\"ListItem\",\"position\":2,\"name\":\"Gesch\u00e4ft\",\"item\":\"https:\\\/\\\/prideshop.eu\\\/de\\\/geschaeft\\\/\"},{\"@type\":\"ListItem\",\"position\":3,\"name\":\"Karate Brustschutz WKF Adidas \u2013 Youth League U14\"}]},{\"@type\":\"WebSite\",\"@id\":\"https:\\\/\\\/prideshop.eu\\\/de\\\/#website\",\"url\":\"https:\\\/\\\/prideshop.eu\\\/de\\\/\",\"name\":\"PRIDEshop\",\"description\":\"Oprema za Borilne \u0160porte\",\"publisher\":{\"@id\":\"https:\\\/\\\/prideshop.eu\\\/de\\\/#organization\"},\"potentialAction\":[{\"@type\":\"SearchAction\",\"target\":{\"@type\":\"EntryPoint\",\"urlTemplate\":\"https:\\\/\\\/prideshop.eu\\\/de\\\/?s={search_term_string}\"},\"query-input\":{\"@type\":\"PropertyValueSpecification\",\"valueRequired\":true,\"valueName\":\"search_term_string\"}}],\"inLanguage\":\"de\"},{\"@type\":\"Organization\",\"@id\":\"https:\\\/\\\/prideshop.eu\\\/de\\\/#organization\",\"name\":\"PRIDEshop\",\"url\":\"https:\\\/\\\/prideshop.eu\\\/de\\\/\",\"logo\":{\"@type\":\"ImageObject\",\"inLanguage\":\"de\",\"@id\":\"https:\\\/\\\/prideshop.eu\\\/de\\\/#\\\/schema\\\/logo\\\/image\\\/\",\"url\":\"\",\"contentUrl\":\"\",\"caption\":\"PRIDEshop\"},\"image\":{\"@id\":\"https:\\\/\\\/prideshop.eu\\\/de\\\/#\\\/schema\\\/logo\\\/image\\\/\"},\"sameAs\":[\"https:\\\/\\\/sl-si.facebook.com\\\/PrideShopeu\"]}]}<\/script>\n<!-- \/ Yoast SEO plugin. -->","yoast_head_json":{"title":"Karate Brustschutz WKF Adidas \u2013 Youth League U14 - PRIDEshop","description":"WKF K\u00f6rperschutz, Adidas. Sch\u00fctzt den K\u00f6rper vor St\u00f6\u00dfen und beugt Verletzungen vor. Aus hochwertigem PU-Material.","robots":{"index":"index","follow":"follow","max-snippet":"max-snippet:-1","max-image-preview":"max-image-preview:large","max-video-preview":"max-video-preview:-1"},"canonical":"https:\/\/prideshop.eu\/de\/shop\/sportarten\/karate-ausruestung\/karate-schutzausrustung\/wkf-korperschutz-adidas\/","og_locale":"de_DE","og_type":"article","og_title":"Karate Brustschutz WKF Adidas \u2013 Youth League U14 - PRIDEshop","og_description":"WKF K\u00f6rperschutz, Adidas. Sch\u00fctzt den K\u00f6rper vor St\u00f6\u00dfen und beugt Verletzungen vor. Aus hochwertigem PU-Material.","og_url":"https:\/\/prideshop.eu\/de\/shop\/sportarten\/karate-ausruestung\/karate-schutzausrustung\/wkf-korperschutz-adidas\/","og_site_name":"PRIDEshop","article_publisher":"https:\/\/sl-si.facebook.com\/PrideShopeu","article_modified_time":"2025-09-14T06:30:22+00:00","og_image":[{"width":600,"height":600,"url":"https:\/\/prideshop.eu\/wp-content\/uploads\/2020\/09\/wkf-scitnik-za-telo-adidas.jpeg","type":"image\/jpeg"}],"twitter_card":"summary_large_image","schema":{"@context":"https:\/\/schema.org","@graph":[{"@type":"WebPage","@id":"https:\/\/prideshop.eu\/de\/shop\/sportarten\/karate-ausruestung\/karate-schutzausrustung\/wkf-korperschutz-adidas\/","url":"https:\/\/prideshop.eu\/de\/shop\/sportarten\/karate-ausruestung\/karate-schutzausrustung\/wkf-korperschutz-adidas\/","name":"Karate Brustschutz WKF Adidas \u2013 Youth League U14 - PRIDEshop","isPartOf":{"@id":"https:\/\/prideshop.eu\/de\/#website"},"primaryImageOfPage":{"@id":"https:\/\/prideshop.eu\/de\/shop\/sportarten\/karate-ausruestung\/karate-schutzausrustung\/wkf-korperschutz-adidas\/#primaryimage"},"image":{"@id":"https:\/\/prideshop.eu\/de\/shop\/sportarten\/karate-ausruestung\/karate-schutzausrustung\/wkf-korperschutz-adidas\/#primaryimage"},"thumbnailUrl":"https:\/\/prideshop.eu\/wp-content\/uploads\/2020\/09\/wkf-scitnik-za-telo-adidas.jpeg","datePublished":"2020-09-10T08:49:35+00:00","dateModified":"2025-09-14T06:30:22+00:00","description":"WKF K\u00f6rperschutz, Adidas. Sch\u00fctzt den K\u00f6rper vor St\u00f6\u00dfen und beugt Verletzungen vor. Aus hochwertigem PU-Material.","breadcrumb":{"@id":"https:\/\/prideshop.eu\/de\/shop\/sportarten\/karate-ausruestung\/karate-schutzausrustung\/wkf-korperschutz-adidas\/#breadcrumb"},"inLanguage":"de","potentialAction":[{"@type":"ReadAction","target":["https:\/\/prideshop.eu\/de\/shop\/sportarten\/karate-ausruestung\/karate-schutzausrustung\/wkf-korperschutz-adidas\/"]}]},{"@type":"ImageObject","inLanguage":"de","@id":"https:\/\/prideshop.eu\/de\/shop\/sportarten\/karate-ausruestung\/karate-schutzausrustung\/wkf-korperschutz-adidas\/#primaryimage","url":"https:\/\/prideshop.eu\/wp-content\/uploads\/2020\/09\/wkf-scitnik-za-telo-adidas.jpeg","contentUrl":"https:\/\/prideshop.eu\/wp-content\/uploads\/2020\/09\/wkf-scitnik-za-telo-adidas.jpeg","width":600,"height":600,"caption":"wkf-karate-scitnik-za-telo-adidas-a508"},{"@type":"BreadcrumbList","@id":"https:\/\/prideshop.eu\/de\/shop\/sportarten\/karate-ausruestung\/karate-schutzausrustung\/wkf-korperschutz-adidas\/#breadcrumb","itemListElement":[{"@type":"ListItem","position":1,"name":"Home","item":"https:\/\/prideshop.eu\/de\/"},{"@type":"ListItem","position":2,"name":"Gesch\u00e4ft","item":"https:\/\/prideshop.eu\/de\/geschaeft\/"},{"@type":"ListItem","position":3,"name":"Karate Brustschutz WKF Adidas \u2013 Youth League U14"}]},{"@type":"WebSite","@id":"https:\/\/prideshop.eu\/de\/#website","url":"https:\/\/prideshop.eu\/de\/","name":"PRIDEshop","description":"Oprema za Borilne \u0160porte","publisher":{"@id":"https:\/\/prideshop.eu\/de\/#organization"},"potentialAction":[{"@type":"SearchAction","target":{"@type":"EntryPoint","urlTemplate":"https:\/\/prideshop.eu\/de\/?s={search_term_string}"},"query-input":{"@type":"PropertyValueSpecification","valueRequired":true,"valueName":"search_term_string"}}],"inLanguage":"de"},{"@type":"Organization","@id":"https:\/\/prideshop.eu\/de\/#organization","name":"PRIDEshop","url":"https:\/\/prideshop.eu\/de\/","logo":{"@type":"ImageObject","inLanguage":"de","@id":"https:\/\/prideshop.eu\/de\/#\/schema\/logo\/image\/","url":"","contentUrl":"","caption":"PRIDEshop"},"image":{"@id":"https:\/\/prideshop.eu\/de\/#\/schema\/logo\/image\/"},"sameAs":["https:\/\/sl-si.facebook.com\/PrideShopeu"]}]}},"_links":{"self":[{"href":"https:\/\/prideshop.eu\/de\/wp-json\/wp\/v2\/product\/12327","targetHints":{"allow":["GET"]}}],"collection":[{"href":"https:\/\/prideshop.eu\/de\/wp-json\/wp\/v2\/product"}],"about":[{"href":"https:\/\/prideshop.eu\/de\/wp-json\/wp\/v2\/types\/product"}],"replies":[{"embeddable":true,"href":"https:\/\/prideshop.eu\/de\/wp-json\/wp\/v2\/comments?post=12327"}],"wp:featuredmedia":[{"embeddable":true,"href":"https:\/\/prideshop.eu\/de\/wp-json\/wp\/v2\/media\/12333"}],"wp:attachment":[{"href":"https:\/\/prideshop.eu\/de\/wp-json\/wp\/v2\/media?parent=12327"}],"wp:term":[{"taxonomy":"product_brand","embeddable":true,"href":"https:\/\/prideshop.eu\/de\/wp-json\/wp\/v2\/product_brand?post=12327"},{"taxonomy":"product_cat","embeddable":true,"href":"https:\/\/prideshop.eu\/de\/wp-json\/wp\/v2\/product_cat?post=12327"},{"taxonomy":"product_tag","embeddable":true,"href":"https:\/\/prideshop.eu\/de\/wp-json\/wp\/v2\/product_tag?post=12327"}],"curies":[{"name":"wp","href":"https:\/\/api.w.org\/{rel}","templated":true}]}}