{"id":12713,"date":"2020-09-16T09:34:10","date_gmt":"2020-09-16T07:34:10","guid":{"rendered":"https:\/\/prideshop.eu\/spletna-trgovina\/unkategorisiert\/budogurtel-braun-elite-adidas\/"},"modified":"2025-08-04T11:06:26","modified_gmt":"2025-08-04T09:06:26","slug":"budogurtel-braun-elite-adidas","status":"publish","type":"product","link":"https:\/\/prideshop.eu\/de\/shop\/sportarten\/itf-taekwondo-traditonelles-taekwondo\/taekwondo-itf-gurtel\/budogurtel-braun-elite-adidas\/","title":{"rendered":"Budog\u00fcrtel braun Adidas \u2013 Elite"},"content":{"rendered":"<h3>Budog\u00fcrtel braun Adidas \u2013 Elite<\/h3>\n<p>Budog\u00fcrtel braun Elite, Adidas. Ein G\u00fcrtel f\u00fcr zuk\u00fcnftige Meister. Breite 4,5 cm. Neunmal gesteppt. Dauerhaft. 100% Baumwolle von bester Qualit\u00e4t. Gesticktes Adidas\u2013Logo.<\/p>\n","protected":false},"excerpt":{"rendered":"<p>Budog\u00fcrtel braun Elite, Adidas. Ein G\u00fcrtel f\u00fcr zuk\u00fcnftige Meister. Breite 4,5 cm. Neunmal gesteppt. Dauerhaft. 100% Baumwolle von bester Qualit\u00e4t. Gesticktes Adidas\u2013Logo.<\/p>\n","protected":false},"featured_media":39573,"comment_status":"open","ping_status":"closed","template":"","meta":{"_acf_changed":false},"product_brand":[2084],"product_cat":[658,662,600,614,580,788,690,696,700,706,710,718,656,796,760,756],"product_tag":[],"class_list":{"0":"post-12713","1":"product","2":"type-product","3":"status-publish","4":"has-post-thumbnail","6":"product_brand-adidas","7":"product_cat-aikido-de","8":"product_cat-aikido-gurtel","9":"product_cat-bekleidung-und-schuhe","10":"product_cat-budogurtel","11":"product_cat-equipment-de","12":"product_cat-itf-taekwondo-traditonelles-taekwondo","13":"product_cat-ju-jitsu-de","14":"product_cat-ju-jutsu-gurtel","15":"product_cat-judo-de","16":"product_cat-judo-gurtel","17":"product_cat-karate-ausruestung","18":"product_cat-karate-gurtel-obi","19":"product_cat-sportarten","20":"product_cat-taekwondo-itf-gurtel","21":"product_cat-taekwondo-wt-gurtel","22":"product_cat-taekwondo-wt-olypic-sports","24":"first","25":"instock","26":"taxable","27":"shipping-taxable","28":"purchasable","29":"product-type-variable"},"acf":[],"yoast_head":"<!-- This site is optimized with the Yoast SEO plugin v27.4 - https:\/\/yoast.com\/product\/yoast-seo-wordpress\/ -->\n<title>Budog\u00fcrtel braun Adidas \u2013 Elite - PRIDEshop<\/title>\n<meta name=\"description\" content=\"Budog\u00fcrtel braun Elite, Adidas. Ein G\u00fcrtel f\u00fcr zuk\u00fcnftige Meister. Breite 4,5 cm.Neunmal gesteppt. Gesticktes Adidas-Logo.\" \/>\n<meta name=\"robots\" content=\"index, follow, max-snippet:-1, max-image-preview:large, max-video-preview:-1\" \/>\n<link rel=\"canonical\" href=\"https:\/\/prideshop.eu\/de\/shop\/sportarten\/itf-taekwondo-traditonelles-taekwondo\/taekwondo-itf-gurtel\/budogurtel-braun-elite-adidas\/\" \/>\n<meta property=\"og:locale\" content=\"de_DE\" \/>\n<meta property=\"og:type\" content=\"article\" \/>\n<meta property=\"og:title\" content=\"Budog\u00fcrtel braun Adidas \u2013 Elite - PRIDEshop\" \/>\n<meta property=\"og:description\" content=\"Budog\u00fcrtel braun Elite, Adidas. Ein G\u00fcrtel f\u00fcr zuk\u00fcnftige Meister. Breite 4,5 cm.Neunmal gesteppt. Gesticktes Adidas-Logo.\" \/>\n<meta property=\"og:url\" content=\"https:\/\/prideshop.eu\/de\/shop\/sportarten\/itf-taekwondo-traditonelles-taekwondo\/taekwondo-itf-gurtel\/budogurtel-braun-elite-adidas\/\" \/>\n<meta property=\"og:site_name\" content=\"PRIDEshop\" \/>\n<meta property=\"article:publisher\" content=\"https:\/\/sl-si.facebook.com\/PrideShopeu\" \/>\n<meta property=\"article:modified_time\" content=\"2025-08-04T09:06:26+00:00\" \/>\n<meta property=\"og:image\" content=\"https:\/\/prideshop.eu\/wp-content\/uploads\/2020\/09\/pas-za-kimono-elite-adidas-a574.jpg\" \/>\n\t<meta property=\"og:image:width\" content=\"800\" \/>\n\t<meta property=\"og:image:height\" content=\"800\" \/>\n\t<meta property=\"og:image:type\" content=\"image\/jpeg\" \/>\n<meta name=\"twitter:card\" content=\"summary_large_image\" \/>\n<script type=\"application\/ld+json\" class=\"yoast-schema-graph\">{\"@context\":\"https:\\\/\\\/schema.org\",\"@graph\":[{\"@type\":\"WebPage\",\"@id\":\"https:\\\/\\\/prideshop.eu\\\/de\\\/shop\\\/sportarten\\\/itf-taekwondo-traditonelles-taekwondo\\\/taekwondo-itf-gurtel\\\/budogurtel-braun-elite-adidas\\\/\",\"url\":\"https:\\\/\\\/prideshop.eu\\\/de\\\/shop\\\/sportarten\\\/itf-taekwondo-traditonelles-taekwondo\\\/taekwondo-itf-gurtel\\\/budogurtel-braun-elite-adidas\\\/\",\"name\":\"Budog\u00fcrtel braun Adidas \u2013 Elite - PRIDEshop\",\"isPartOf\":{\"@id\":\"https:\\\/\\\/prideshop.eu\\\/de\\\/#website\"},\"primaryImageOfPage\":{\"@id\":\"https:\\\/\\\/prideshop.eu\\\/de\\\/shop\\\/sportarten\\\/itf-taekwondo-traditonelles-taekwondo\\\/taekwondo-itf-gurtel\\\/budogurtel-braun-elite-adidas\\\/#primaryimage\"},\"image\":{\"@id\":\"https:\\\/\\\/prideshop.eu\\\/de\\\/shop\\\/sportarten\\\/itf-taekwondo-traditonelles-taekwondo\\\/taekwondo-itf-gurtel\\\/budogurtel-braun-elite-adidas\\\/#primaryimage\"},\"thumbnailUrl\":\"https:\\\/\\\/prideshop.eu\\\/wp-content\\\/uploads\\\/2020\\\/09\\\/pas-za-kimono-elite-adidas-a574.jpg\",\"datePublished\":\"2020-09-16T07:34:10+00:00\",\"dateModified\":\"2025-08-04T09:06:26+00:00\",\"description\":\"Budog\u00fcrtel braun Elite, Adidas. Ein G\u00fcrtel f\u00fcr zuk\u00fcnftige Meister. Breite 4,5 cm.Neunmal gesteppt. Gesticktes Adidas-Logo.\",\"breadcrumb\":{\"@id\":\"https:\\\/\\\/prideshop.eu\\\/de\\\/shop\\\/sportarten\\\/itf-taekwondo-traditonelles-taekwondo\\\/taekwondo-itf-gurtel\\\/budogurtel-braun-elite-adidas\\\/#breadcrumb\"},\"inLanguage\":\"de\",\"potentialAction\":[{\"@type\":\"ReadAction\",\"target\":[\"https:\\\/\\\/prideshop.eu\\\/de\\\/shop\\\/sportarten\\\/itf-taekwondo-traditonelles-taekwondo\\\/taekwondo-itf-gurtel\\\/budogurtel-braun-elite-adidas\\\/\"]}]},{\"@type\":\"ImageObject\",\"inLanguage\":\"de\",\"@id\":\"https:\\\/\\\/prideshop.eu\\\/de\\\/shop\\\/sportarten\\\/itf-taekwondo-traditonelles-taekwondo\\\/taekwondo-itf-gurtel\\\/budogurtel-braun-elite-adidas\\\/#primaryimage\",\"url\":\"https:\\\/\\\/prideshop.eu\\\/wp-content\\\/uploads\\\/2020\\\/09\\\/pas-za-kimono-elite-adidas-a574.jpg\",\"contentUrl\":\"https:\\\/\\\/prideshop.eu\\\/wp-content\\\/uploads\\\/2020\\\/09\\\/pas-za-kimono-elite-adidas-a574.jpg\",\"width\":800,\"height\":800,\"caption\":\"Budog\u00fcrtel braun Elite Adidas braun\"},{\"@type\":\"BreadcrumbList\",\"@id\":\"https:\\\/\\\/prideshop.eu\\\/de\\\/shop\\\/sportarten\\\/itf-taekwondo-traditonelles-taekwondo\\\/taekwondo-itf-gurtel\\\/budogurtel-braun-elite-adidas\\\/#breadcrumb\",\"itemListElement\":[{\"@type\":\"ListItem\",\"position\":1,\"name\":\"Home\",\"item\":\"https:\\\/\\\/prideshop.eu\\\/de\\\/\"},{\"@type\":\"ListItem\",\"position\":2,\"name\":\"Gesch\u00e4ft\",\"item\":\"https:\\\/\\\/prideshop.eu\\\/de\\\/geschaeft\\\/\"},{\"@type\":\"ListItem\",\"position\":3,\"name\":\"Budog\u00fcrtel braun Adidas \u2013 Elite\"}]},{\"@type\":\"WebSite\",\"@id\":\"https:\\\/\\\/prideshop.eu\\\/de\\\/#website\",\"url\":\"https:\\\/\\\/prideshop.eu\\\/de\\\/\",\"name\":\"PRIDEshop\",\"description\":\"Oprema za Borilne \u0160porte\",\"publisher\":{\"@id\":\"https:\\\/\\\/prideshop.eu\\\/de\\\/#organization\"},\"potentialAction\":[{\"@type\":\"SearchAction\",\"target\":{\"@type\":\"EntryPoint\",\"urlTemplate\":\"https:\\\/\\\/prideshop.eu\\\/de\\\/?s={search_term_string}\"},\"query-input\":{\"@type\":\"PropertyValueSpecification\",\"valueRequired\":true,\"valueName\":\"search_term_string\"}}],\"inLanguage\":\"de\"},{\"@type\":\"Organization\",\"@id\":\"https:\\\/\\\/prideshop.eu\\\/de\\\/#organization\",\"name\":\"PRIDEshop\",\"url\":\"https:\\\/\\\/prideshop.eu\\\/de\\\/\",\"logo\":{\"@type\":\"ImageObject\",\"inLanguage\":\"de\",\"@id\":\"https:\\\/\\\/prideshop.eu\\\/de\\\/#\\\/schema\\\/logo\\\/image\\\/\",\"url\":\"\",\"contentUrl\":\"\",\"caption\":\"PRIDEshop\"},\"image\":{\"@id\":\"https:\\\/\\\/prideshop.eu\\\/de\\\/#\\\/schema\\\/logo\\\/image\\\/\"},\"sameAs\":[\"https:\\\/\\\/sl-si.facebook.com\\\/PrideShopeu\"]}]}<\/script>\n<!-- \/ Yoast SEO plugin. -->","yoast_head_json":{"title":"Budog\u00fcrtel braun Adidas \u2013 Elite - PRIDEshop","description":"Budog\u00fcrtel braun Elite, Adidas. Ein G\u00fcrtel f\u00fcr zuk\u00fcnftige Meister. Breite 4,5 cm.Neunmal gesteppt. Gesticktes Adidas-Logo.","robots":{"index":"index","follow":"follow","max-snippet":"max-snippet:-1","max-image-preview":"max-image-preview:large","max-video-preview":"max-video-preview:-1"},"canonical":"https:\/\/prideshop.eu\/de\/shop\/sportarten\/itf-taekwondo-traditonelles-taekwondo\/taekwondo-itf-gurtel\/budogurtel-braun-elite-adidas\/","og_locale":"de_DE","og_type":"article","og_title":"Budog\u00fcrtel braun Adidas \u2013 Elite - PRIDEshop","og_description":"Budog\u00fcrtel braun Elite, Adidas. Ein G\u00fcrtel f\u00fcr zuk\u00fcnftige Meister. Breite 4,5 cm.Neunmal gesteppt. Gesticktes Adidas-Logo.","og_url":"https:\/\/prideshop.eu\/de\/shop\/sportarten\/itf-taekwondo-traditonelles-taekwondo\/taekwondo-itf-gurtel\/budogurtel-braun-elite-adidas\/","og_site_name":"PRIDEshop","article_publisher":"https:\/\/sl-si.facebook.com\/PrideShopeu","article_modified_time":"2025-08-04T09:06:26+00:00","og_image":[{"width":800,"height":800,"url":"https:\/\/prideshop.eu\/wp-content\/uploads\/2020\/09\/pas-za-kimono-elite-adidas-a574.jpg","type":"image\/jpeg"}],"twitter_card":"summary_large_image","schema":{"@context":"https:\/\/schema.org","@graph":[{"@type":"WebPage","@id":"https:\/\/prideshop.eu\/de\/shop\/sportarten\/itf-taekwondo-traditonelles-taekwondo\/taekwondo-itf-gurtel\/budogurtel-braun-elite-adidas\/","url":"https:\/\/prideshop.eu\/de\/shop\/sportarten\/itf-taekwondo-traditonelles-taekwondo\/taekwondo-itf-gurtel\/budogurtel-braun-elite-adidas\/","name":"Budog\u00fcrtel braun Adidas \u2013 Elite - PRIDEshop","isPartOf":{"@id":"https:\/\/prideshop.eu\/de\/#website"},"primaryImageOfPage":{"@id":"https:\/\/prideshop.eu\/de\/shop\/sportarten\/itf-taekwondo-traditonelles-taekwondo\/taekwondo-itf-gurtel\/budogurtel-braun-elite-adidas\/#primaryimage"},"image":{"@id":"https:\/\/prideshop.eu\/de\/shop\/sportarten\/itf-taekwondo-traditonelles-taekwondo\/taekwondo-itf-gurtel\/budogurtel-braun-elite-adidas\/#primaryimage"},"thumbnailUrl":"https:\/\/prideshop.eu\/wp-content\/uploads\/2020\/09\/pas-za-kimono-elite-adidas-a574.jpg","datePublished":"2020-09-16T07:34:10+00:00","dateModified":"2025-08-04T09:06:26+00:00","description":"Budog\u00fcrtel braun Elite, Adidas. Ein G\u00fcrtel f\u00fcr zuk\u00fcnftige Meister. Breite 4,5 cm.Neunmal gesteppt. Gesticktes Adidas-Logo.","breadcrumb":{"@id":"https:\/\/prideshop.eu\/de\/shop\/sportarten\/itf-taekwondo-traditonelles-taekwondo\/taekwondo-itf-gurtel\/budogurtel-braun-elite-adidas\/#breadcrumb"},"inLanguage":"de","potentialAction":[{"@type":"ReadAction","target":["https:\/\/prideshop.eu\/de\/shop\/sportarten\/itf-taekwondo-traditonelles-taekwondo\/taekwondo-itf-gurtel\/budogurtel-braun-elite-adidas\/"]}]},{"@type":"ImageObject","inLanguage":"de","@id":"https:\/\/prideshop.eu\/de\/shop\/sportarten\/itf-taekwondo-traditonelles-taekwondo\/taekwondo-itf-gurtel\/budogurtel-braun-elite-adidas\/#primaryimage","url":"https:\/\/prideshop.eu\/wp-content\/uploads\/2020\/09\/pas-za-kimono-elite-adidas-a574.jpg","contentUrl":"https:\/\/prideshop.eu\/wp-content\/uploads\/2020\/09\/pas-za-kimono-elite-adidas-a574.jpg","width":800,"height":800,"caption":"Budog\u00fcrtel braun Elite Adidas braun"},{"@type":"BreadcrumbList","@id":"https:\/\/prideshop.eu\/de\/shop\/sportarten\/itf-taekwondo-traditonelles-taekwondo\/taekwondo-itf-gurtel\/budogurtel-braun-elite-adidas\/#breadcrumb","itemListElement":[{"@type":"ListItem","position":1,"name":"Home","item":"https:\/\/prideshop.eu\/de\/"},{"@type":"ListItem","position":2,"name":"Gesch\u00e4ft","item":"https:\/\/prideshop.eu\/de\/geschaeft\/"},{"@type":"ListItem","position":3,"name":"Budog\u00fcrtel braun Adidas \u2013 Elite"}]},{"@type":"WebSite","@id":"https:\/\/prideshop.eu\/de\/#website","url":"https:\/\/prideshop.eu\/de\/","name":"PRIDEshop","description":"Oprema za Borilne \u0160porte","publisher":{"@id":"https:\/\/prideshop.eu\/de\/#organization"},"potentialAction":[{"@type":"SearchAction","target":{"@type":"EntryPoint","urlTemplate":"https:\/\/prideshop.eu\/de\/?s={search_term_string}"},"query-input":{"@type":"PropertyValueSpecification","valueRequired":true,"valueName":"search_term_string"}}],"inLanguage":"de"},{"@type":"Organization","@id":"https:\/\/prideshop.eu\/de\/#organization","name":"PRIDEshop","url":"https:\/\/prideshop.eu\/de\/","logo":{"@type":"ImageObject","inLanguage":"de","@id":"https:\/\/prideshop.eu\/de\/#\/schema\/logo\/image\/","url":"","contentUrl":"","caption":"PRIDEshop"},"image":{"@id":"https:\/\/prideshop.eu\/de\/#\/schema\/logo\/image\/"},"sameAs":["https:\/\/sl-si.facebook.com\/PrideShopeu"]}]}},"_links":{"self":[{"href":"https:\/\/prideshop.eu\/de\/wp-json\/wp\/v2\/product\/12713","targetHints":{"allow":["GET"]}}],"collection":[{"href":"https:\/\/prideshop.eu\/de\/wp-json\/wp\/v2\/product"}],"about":[{"href":"https:\/\/prideshop.eu\/de\/wp-json\/wp\/v2\/types\/product"}],"replies":[{"embeddable":true,"href":"https:\/\/prideshop.eu\/de\/wp-json\/wp\/v2\/comments?post=12713"}],"wp:featuredmedia":[{"embeddable":true,"href":"https:\/\/prideshop.eu\/de\/wp-json\/wp\/v2\/media\/39573"}],"wp:attachment":[{"href":"https:\/\/prideshop.eu\/de\/wp-json\/wp\/v2\/media?parent=12713"}],"wp:term":[{"taxonomy":"product_brand","embeddable":true,"href":"https:\/\/prideshop.eu\/de\/wp-json\/wp\/v2\/product_brand?post=12713"},{"taxonomy":"product_cat","embeddable":true,"href":"https:\/\/prideshop.eu\/de\/wp-json\/wp\/v2\/product_cat?post=12713"},{"taxonomy":"product_tag","embeddable":true,"href":"https:\/\/prideshop.eu\/de\/wp-json\/wp\/v2\/product_tag?post=12713"}],"curies":[{"name":"wp","href":"https:\/\/api.w.org\/{rel}","templated":true}]}}