{"id":12756,"date":"2020-09-08T10:55:23","date_gmt":"2020-09-08T08:55:23","guid":{"rendered":"https:\/\/prideshop.eu\/spletna-trgovina\/unkategorisiert\/judo-fitness-grip-adidas\/"},"modified":"2026-01-13T14:25:51","modified_gmt":"2026-01-13T13:25:51","slug":"judo-fitness-grip-adidas","status":"publish","type":"product","link":"https:\/\/prideshop.eu\/de\/shop\/sportarten\/judo-de\/judo-zubehor\/judo-fitness-grip-adidas\/","title":{"rendered":"Judo Fitness Grifftrainer Adidas \u2013 adiCC070"},"content":{"rendered":"<h3>Judo Fitness Grifftrainer Adidas \u2013 adiCC070<\/h3>\n<p>Judo Fitness Grip, Adidas. Ein Hilfsmittel zum Krafttraining. Erh\u00f6hen Sie Ihre Griffkraft auf ein h\u00f6heres Niveau.. Mann kann ihn auf verschiedene Weisen gebrauchen. Er ist ein unverzichtbares Hilfsmittel eines jeden Judo \u2013 Jiu\u2013jitsu K\u00e4mpfers.nnAus Baumwolle gefertigt, mit einem Loch in der Mitte, die mit echtem Leder verst\u00e4rkt ist, damit sie sich leichter auf die Fitness Ger\u00e4te anschliesen l\u00e4sst.nMa\u00dfe: 30&#215;20 cm.<\/p>\n","protected":false},"excerpt":{"rendered":"<p>Judo Fitness Grip, Adidas. Ein Hilfsmittel zum Krafttraining. Erh\u00f6hen Sie Ihre Griffkraft auf ein h\u00f6heres Niveau.. Mann kann ihn auf verschiedene Weisen gebrauchen. Er ist ein unverzichtbares Hilfsmittel eines jeden Judo \u2013 Jiu\u2013jitsu K\u00e4mpfers.nnAus Baumwolle gefertigt, mit einem Loch in der Mitte, die mit echtem Leder verst\u00e4rkt ist, damit sie sich leichter auf die Fitness Ger\u00e4te anschliesen l\u00e4sst.nMa\u00dfe: 30&#215;20 cm.<\/p>\n","protected":false},"featured_media":12757,"comment_status":"open","ping_status":"closed","template":"","meta":{"_acf_changed":false},"product_brand":[2084],"product_cat":[580,596,590,690,692,700,702,656],"product_tag":[],"class_list":{"0":"post-12756","1":"product","2":"type-product","3":"status-publish","4":"has-post-thumbnail","6":"product_brand-adidas","7":"product_cat-equipment-de","8":"product_cat-fitness-accesories","9":"product_cat-fitness-in-cross-trening-de","10":"product_cat-ju-jitsu-de","11":"product_cat-ju-jutsu-zubehor","12":"product_cat-judo-de","13":"product_cat-judo-zubehor","14":"product_cat-sportarten","16":"first","17":"instock","18":"taxable","19":"shipping-taxable","20":"purchasable","21":"product-type-simple"},"acf":[],"yoast_head":"<!-- This site is optimized with the Yoast SEO plugin v27.5 - https:\/\/yoast.com\/product\/yoast-seo-wordpress\/ -->\n<title>Judo Fitness Grifftrainer Adidas \u2013 adiCC070 - PRIDEshop<\/title>\n<meta name=\"description\" content=\"Judo Fitness Grip, Adidas. Ein Hilfsmittel zum Krafttraining. Erh\u00f6hen Sie Ihre Griffkraft auf ein h\u00f6heres Niveau..\" \/>\n<meta name=\"robots\" content=\"index, follow, max-snippet:-1, max-image-preview:large, max-video-preview:-1\" \/>\n<link rel=\"canonical\" href=\"https:\/\/prideshop.eu\/de\/shop\/sportarten\/judo-de\/judo-zubehor\/judo-fitness-grip-adidas\/\" \/>\n<meta property=\"og:locale\" content=\"de_DE\" \/>\n<meta property=\"og:type\" content=\"article\" \/>\n<meta property=\"og:title\" content=\"Judo Fitness Grifftrainer Adidas \u2013 adiCC070 - PRIDEshop\" \/>\n<meta property=\"og:description\" content=\"Judo Fitness Grip, Adidas. Ein Hilfsmittel zum Krafttraining. Erh\u00f6hen Sie Ihre Griffkraft auf ein h\u00f6heres Niveau..\" \/>\n<meta property=\"og:url\" content=\"https:\/\/prideshop.eu\/de\/shop\/sportarten\/judo-de\/judo-zubehor\/judo-fitness-grip-adidas\/\" \/>\n<meta property=\"og:site_name\" content=\"PRIDEshop\" \/>\n<meta property=\"article:publisher\" content=\"https:\/\/sl-si.facebook.com\/PrideShopeu\" \/>\n<meta property=\"article:modified_time\" content=\"2026-01-13T13:25:51+00:00\" \/>\n<meta property=\"og:image\" content=\"https:\/\/prideshop.eu\/wp-content\/uploads\/2020\/09\/A5890_Adidas_judo_fitnes_grip.jpeg\" \/>\n\t<meta property=\"og:image:width\" content=\"600\" \/>\n\t<meta property=\"og:image:height\" content=\"600\" \/>\n\t<meta property=\"og:image:type\" content=\"image\/jpeg\" \/>\n<meta name=\"twitter:card\" content=\"summary_large_image\" \/>\n<script type=\"application\/ld+json\" class=\"yoast-schema-graph\">{\"@context\":\"https:\\\/\\\/schema.org\",\"@graph\":[{\"@type\":\"WebPage\",\"@id\":\"https:\\\/\\\/prideshop.eu\\\/de\\\/shop\\\/sportarten\\\/judo-de\\\/judo-zubehor\\\/judo-fitness-grip-adidas\\\/\",\"url\":\"https:\\\/\\\/prideshop.eu\\\/de\\\/shop\\\/sportarten\\\/judo-de\\\/judo-zubehor\\\/judo-fitness-grip-adidas\\\/\",\"name\":\"Judo Fitness Grifftrainer Adidas \u2013 adiCC070 - PRIDEshop\",\"isPartOf\":{\"@id\":\"https:\\\/\\\/prideshop.eu\\\/de\\\/#website\"},\"primaryImageOfPage\":{\"@id\":\"https:\\\/\\\/prideshop.eu\\\/de\\\/shop\\\/sportarten\\\/judo-de\\\/judo-zubehor\\\/judo-fitness-grip-adidas\\\/#primaryimage\"},\"image\":{\"@id\":\"https:\\\/\\\/prideshop.eu\\\/de\\\/shop\\\/sportarten\\\/judo-de\\\/judo-zubehor\\\/judo-fitness-grip-adidas\\\/#primaryimage\"},\"thumbnailUrl\":\"https:\\\/\\\/prideshop.eu\\\/wp-content\\\/uploads\\\/2020\\\/09\\\/A5890_Adidas_judo_fitnes_grip.jpeg\",\"datePublished\":\"2020-09-08T08:55:23+00:00\",\"dateModified\":\"2026-01-13T13:25:51+00:00\",\"description\":\"Judo Fitness Grip, Adidas. Ein Hilfsmittel zum Krafttraining. Erh\u00f6hen Sie Ihre Griffkraft auf ein h\u00f6heres Niveau..\",\"breadcrumb\":{\"@id\":\"https:\\\/\\\/prideshop.eu\\\/de\\\/shop\\\/sportarten\\\/judo-de\\\/judo-zubehor\\\/judo-fitness-grip-adidas\\\/#breadcrumb\"},\"inLanguage\":\"de\",\"potentialAction\":[{\"@type\":\"ReadAction\",\"target\":[\"https:\\\/\\\/prideshop.eu\\\/de\\\/shop\\\/sportarten\\\/judo-de\\\/judo-zubehor\\\/judo-fitness-grip-adidas\\\/\"]}]},{\"@type\":\"ImageObject\",\"inLanguage\":\"de\",\"@id\":\"https:\\\/\\\/prideshop.eu\\\/de\\\/shop\\\/sportarten\\\/judo-de\\\/judo-zubehor\\\/judo-fitness-grip-adidas\\\/#primaryimage\",\"url\":\"https:\\\/\\\/prideshop.eu\\\/wp-content\\\/uploads\\\/2020\\\/09\\\/A5890_Adidas_judo_fitnes_grip.jpeg\",\"contentUrl\":\"https:\\\/\\\/prideshop.eu\\\/wp-content\\\/uploads\\\/2020\\\/09\\\/A5890_Adidas_judo_fitnes_grip.jpeg\",\"width\":600,\"height\":600},{\"@type\":\"BreadcrumbList\",\"@id\":\"https:\\\/\\\/prideshop.eu\\\/de\\\/shop\\\/sportarten\\\/judo-de\\\/judo-zubehor\\\/judo-fitness-grip-adidas\\\/#breadcrumb\",\"itemListElement\":[{\"@type\":\"ListItem\",\"position\":1,\"name\":\"Home\",\"item\":\"https:\\\/\\\/prideshop.eu\\\/de\\\/\"},{\"@type\":\"ListItem\",\"position\":2,\"name\":\"Gesch\u00e4ft\",\"item\":\"https:\\\/\\\/prideshop.eu\\\/de\\\/geschaeft\\\/\"},{\"@type\":\"ListItem\",\"position\":3,\"name\":\"Judo Fitness Grifftrainer Adidas \u2013 adiCC070\"}]},{\"@type\":\"WebSite\",\"@id\":\"https:\\\/\\\/prideshop.eu\\\/de\\\/#website\",\"url\":\"https:\\\/\\\/prideshop.eu\\\/de\\\/\",\"name\":\"PRIDEshop\",\"description\":\"Oprema za Borilne \u0160porte\",\"publisher\":{\"@id\":\"https:\\\/\\\/prideshop.eu\\\/de\\\/#organization\"},\"potentialAction\":[{\"@type\":\"SearchAction\",\"target\":{\"@type\":\"EntryPoint\",\"urlTemplate\":\"https:\\\/\\\/prideshop.eu\\\/de\\\/?s={search_term_string}\"},\"query-input\":{\"@type\":\"PropertyValueSpecification\",\"valueRequired\":true,\"valueName\":\"search_term_string\"}}],\"inLanguage\":\"de\"},{\"@type\":\"Organization\",\"@id\":\"https:\\\/\\\/prideshop.eu\\\/de\\\/#organization\",\"name\":\"PRIDEshop\",\"url\":\"https:\\\/\\\/prideshop.eu\\\/de\\\/\",\"logo\":{\"@type\":\"ImageObject\",\"inLanguage\":\"de\",\"@id\":\"https:\\\/\\\/prideshop.eu\\\/de\\\/#\\\/schema\\\/logo\\\/image\\\/\",\"url\":\"\",\"contentUrl\":\"\",\"caption\":\"PRIDEshop\"},\"image\":{\"@id\":\"https:\\\/\\\/prideshop.eu\\\/de\\\/#\\\/schema\\\/logo\\\/image\\\/\"},\"sameAs\":[\"https:\\\/\\\/sl-si.facebook.com\\\/PrideShopeu\"]}]}<\/script>\n<!-- \/ Yoast SEO plugin. -->","yoast_head_json":{"title":"Judo Fitness Grifftrainer Adidas \u2013 adiCC070 - PRIDEshop","description":"Judo Fitness Grip, Adidas. Ein Hilfsmittel zum Krafttraining. Erh\u00f6hen Sie Ihre Griffkraft auf ein h\u00f6heres Niveau..","robots":{"index":"index","follow":"follow","max-snippet":"max-snippet:-1","max-image-preview":"max-image-preview:large","max-video-preview":"max-video-preview:-1"},"canonical":"https:\/\/prideshop.eu\/de\/shop\/sportarten\/judo-de\/judo-zubehor\/judo-fitness-grip-adidas\/","og_locale":"de_DE","og_type":"article","og_title":"Judo Fitness Grifftrainer Adidas \u2013 adiCC070 - PRIDEshop","og_description":"Judo Fitness Grip, Adidas. Ein Hilfsmittel zum Krafttraining. Erh\u00f6hen Sie Ihre Griffkraft auf ein h\u00f6heres Niveau..","og_url":"https:\/\/prideshop.eu\/de\/shop\/sportarten\/judo-de\/judo-zubehor\/judo-fitness-grip-adidas\/","og_site_name":"PRIDEshop","article_publisher":"https:\/\/sl-si.facebook.com\/PrideShopeu","article_modified_time":"2026-01-13T13:25:51+00:00","og_image":[{"width":600,"height":600,"url":"https:\/\/prideshop.eu\/wp-content\/uploads\/2020\/09\/A5890_Adidas_judo_fitnes_grip.jpeg","type":"image\/jpeg"}],"twitter_card":"summary_large_image","schema":{"@context":"https:\/\/schema.org","@graph":[{"@type":"WebPage","@id":"https:\/\/prideshop.eu\/de\/shop\/sportarten\/judo-de\/judo-zubehor\/judo-fitness-grip-adidas\/","url":"https:\/\/prideshop.eu\/de\/shop\/sportarten\/judo-de\/judo-zubehor\/judo-fitness-grip-adidas\/","name":"Judo Fitness Grifftrainer Adidas \u2013 adiCC070 - PRIDEshop","isPartOf":{"@id":"https:\/\/prideshop.eu\/de\/#website"},"primaryImageOfPage":{"@id":"https:\/\/prideshop.eu\/de\/shop\/sportarten\/judo-de\/judo-zubehor\/judo-fitness-grip-adidas\/#primaryimage"},"image":{"@id":"https:\/\/prideshop.eu\/de\/shop\/sportarten\/judo-de\/judo-zubehor\/judo-fitness-grip-adidas\/#primaryimage"},"thumbnailUrl":"https:\/\/prideshop.eu\/wp-content\/uploads\/2020\/09\/A5890_Adidas_judo_fitnes_grip.jpeg","datePublished":"2020-09-08T08:55:23+00:00","dateModified":"2026-01-13T13:25:51+00:00","description":"Judo Fitness Grip, Adidas. Ein Hilfsmittel zum Krafttraining. Erh\u00f6hen Sie Ihre Griffkraft auf ein h\u00f6heres Niveau..","breadcrumb":{"@id":"https:\/\/prideshop.eu\/de\/shop\/sportarten\/judo-de\/judo-zubehor\/judo-fitness-grip-adidas\/#breadcrumb"},"inLanguage":"de","potentialAction":[{"@type":"ReadAction","target":["https:\/\/prideshop.eu\/de\/shop\/sportarten\/judo-de\/judo-zubehor\/judo-fitness-grip-adidas\/"]}]},{"@type":"ImageObject","inLanguage":"de","@id":"https:\/\/prideshop.eu\/de\/shop\/sportarten\/judo-de\/judo-zubehor\/judo-fitness-grip-adidas\/#primaryimage","url":"https:\/\/prideshop.eu\/wp-content\/uploads\/2020\/09\/A5890_Adidas_judo_fitnes_grip.jpeg","contentUrl":"https:\/\/prideshop.eu\/wp-content\/uploads\/2020\/09\/A5890_Adidas_judo_fitnes_grip.jpeg","width":600,"height":600},{"@type":"BreadcrumbList","@id":"https:\/\/prideshop.eu\/de\/shop\/sportarten\/judo-de\/judo-zubehor\/judo-fitness-grip-adidas\/#breadcrumb","itemListElement":[{"@type":"ListItem","position":1,"name":"Home","item":"https:\/\/prideshop.eu\/de\/"},{"@type":"ListItem","position":2,"name":"Gesch\u00e4ft","item":"https:\/\/prideshop.eu\/de\/geschaeft\/"},{"@type":"ListItem","position":3,"name":"Judo Fitness Grifftrainer Adidas \u2013 adiCC070"}]},{"@type":"WebSite","@id":"https:\/\/prideshop.eu\/de\/#website","url":"https:\/\/prideshop.eu\/de\/","name":"PRIDEshop","description":"Oprema za Borilne \u0160porte","publisher":{"@id":"https:\/\/prideshop.eu\/de\/#organization"},"potentialAction":[{"@type":"SearchAction","target":{"@type":"EntryPoint","urlTemplate":"https:\/\/prideshop.eu\/de\/?s={search_term_string}"},"query-input":{"@type":"PropertyValueSpecification","valueRequired":true,"valueName":"search_term_string"}}],"inLanguage":"de"},{"@type":"Organization","@id":"https:\/\/prideshop.eu\/de\/#organization","name":"PRIDEshop","url":"https:\/\/prideshop.eu\/de\/","logo":{"@type":"ImageObject","inLanguage":"de","@id":"https:\/\/prideshop.eu\/de\/#\/schema\/logo\/image\/","url":"","contentUrl":"","caption":"PRIDEshop"},"image":{"@id":"https:\/\/prideshop.eu\/de\/#\/schema\/logo\/image\/"},"sameAs":["https:\/\/sl-si.facebook.com\/PrideShopeu"]}]}},"_links":{"self":[{"href":"https:\/\/prideshop.eu\/de\/wp-json\/wp\/v2\/product\/12756","targetHints":{"allow":["GET"]}}],"collection":[{"href":"https:\/\/prideshop.eu\/de\/wp-json\/wp\/v2\/product"}],"about":[{"href":"https:\/\/prideshop.eu\/de\/wp-json\/wp\/v2\/types\/product"}],"replies":[{"embeddable":true,"href":"https:\/\/prideshop.eu\/de\/wp-json\/wp\/v2\/comments?post=12756"}],"wp:featuredmedia":[{"embeddable":true,"href":"https:\/\/prideshop.eu\/de\/wp-json\/wp\/v2\/media\/12757"}],"wp:attachment":[{"href":"https:\/\/prideshop.eu\/de\/wp-json\/wp\/v2\/media?parent=12756"}],"wp:term":[{"taxonomy":"product_brand","embeddable":true,"href":"https:\/\/prideshop.eu\/de\/wp-json\/wp\/v2\/product_brand?post=12756"},{"taxonomy":"product_cat","embeddable":true,"href":"https:\/\/prideshop.eu\/de\/wp-json\/wp\/v2\/product_cat?post=12756"},{"taxonomy":"product_tag","embeddable":true,"href":"https:\/\/prideshop.eu\/de\/wp-json\/wp\/v2\/product_tag?post=12756"}],"curies":[{"name":"wp","href":"https:\/\/api.w.org\/{rel}","templated":true}]}}