{"id":12774,"date":"2020-09-03T10:46:04","date_gmt":"2020-09-03T08:46:04","guid":{"rendered":"https:\/\/prideshop.eu\/spletna-trgovina\/unkategorisiert\/tiefschutz-suspensorium-wkf-adidas\/"},"modified":"2025-08-04T11:06:48","modified_gmt":"2025-08-04T09:06:48","slug":"tiefschutz-suspensorium-wkf-adidas","status":"publish","type":"product","link":"https:\/\/prideshop.eu\/de\/shop\/sportarten\/itf-taekwondo-traditonelles-taekwondo\/taekwondo-itf-schutzausrustung\/tiefschutz-suspensorium-wkf-adidas\/","title":{"rendered":"Tiefschutz Herren f\u00fcr Kampfsport Adidas \u2013 adiBP06"},"content":{"rendered":"<h3>Tiefschutz Herren f\u00fcr Kampfsport Adidas \u2013 adiBP06<\/h3>\n<p>Tiefschutz Suspensorium WKF, AdidasnDiesen Adidas Unterleibschutzer f\u00fcr den Genitalbereich zeichnet ein fester, anatomisch geformter plastischer Einsatz mit Gummir\u00e4ndern aus, die Komfort f\u00fcr die empfindliche Haut bieten. CLIMACOOL Tehnologie versichert gute Ventilation und reguliert die innere Feuchtigkeit, so bleibt der Genitalschild trocken. Sie k\u00f6nnen den Einsatz herausnehmen und mit einem feuchten Tuch abwischen und den Rest in der Waschmaschine waschen.<\/p>\n","protected":false},"excerpt":{"rendered":"<p>Tiefschutz Suspensorium WKF, AdidasnDiesen Adidas Unterleibschutzer f\u00fcr den Genitalbereich zeichnet ein fester, anatomisch geformter plastischer Einsatz mit Gummir\u00e4ndern aus, die Komfort f\u00fcr die empfindliche Haut bieten. CLIMACOOL Tehnologie versichert gute Ventilation und reguliert die innere Feuchtigkeit, so bleibt der Genitalschild trocken. Sie k\u00f6nnen den Einsatz herausnehmen und mit einem feuchten Tuch abwischen und den Rest in der Waschmaschine waschen.<\/p>\n","protected":false},"featured_media":12780,"comment_status":"open","ping_status":"closed","template":"","meta":{"_acf_changed":false},"product_brand":[2084],"product_cat":[580,788,690,698,710,720,722,734,742,744,754,634,732,656,798,778,786,640],"product_tag":[],"class_list":{"0":"post-12774","1":"product","2":"type-product","3":"status-publish","4":"has-post-thumbnail","6":"product_brand-adidas","7":"product_cat-equipment-de","8":"product_cat-itf-taekwondo-traditonelles-taekwondo","9":"product_cat-ju-jitsu-de","10":"product_cat-ju-jutsu-schutzausrustung","11":"product_cat-karate-ausruestung","12":"product_cat-karate-schutzausrustung","13":"product_cat-kickboxen","14":"product_cat-krav-maga-de","15":"product_cat-krav-maga-schutzausrustung","16":"product_cat-mma-ultimate-fight-de","17":"product_cat-mma-ultimate-fight-schutzausrustung","18":"product_cat-schutzausrustung","19":"product_cat-schutzausrustung-zum-kickboxen","20":"product_cat-sportarten","21":"product_cat-taekwondo-itf-schutzausrustung","22":"product_cat-thaiboxen","23":"product_cat-thaiboxen-schutzausrustung","24":"product_cat-tiefschutz","26":"first","27":"instock","28":"taxable","29":"shipping-taxable","30":"purchasable","31":"product-type-variable"},"acf":[],"yoast_head":"<!-- This site is optimized with the Yoast SEO plugin v27.5 - https:\/\/yoast.com\/product\/yoast-seo-wordpress\/ -->\n<title>Tiefschutz Herren f\u00fcr Kampfsport Adidas \u2013 adiBP06 - PRIDEshop<\/title>\n<meta name=\"description\" content=\"Tiefschutz Suspensorium WKF, Adidas. Diesen Unterleibschutzer f\u00fcr den Genitalbereich zeichnet ein fester, anatomisch geformter plastischer Einsatz.\" \/>\n<meta name=\"robots\" content=\"index, follow, max-snippet:-1, max-image-preview:large, max-video-preview:-1\" \/>\n<link rel=\"canonical\" href=\"https:\/\/prideshop.eu\/de\/shop\/sportarten\/itf-taekwondo-traditonelles-taekwondo\/taekwondo-itf-schutzausrustung\/tiefschutz-suspensorium-wkf-adidas\/\" \/>\n<meta property=\"og:locale\" content=\"de_DE\" \/>\n<meta property=\"og:type\" content=\"article\" \/>\n<meta property=\"og:title\" content=\"Tiefschutz Herren f\u00fcr Kampfsport Adidas \u2013 adiBP06 - PRIDEshop\" \/>\n<meta property=\"og:description\" content=\"Tiefschutz Suspensorium WKF, Adidas. Diesen Unterleibschutzer f\u00fcr den Genitalbereich zeichnet ein fester, anatomisch geformter plastischer Einsatz.\" \/>\n<meta property=\"og:url\" content=\"https:\/\/prideshop.eu\/de\/shop\/sportarten\/itf-taekwondo-traditonelles-taekwondo\/taekwondo-itf-schutzausrustung\/tiefschutz-suspensorium-wkf-adidas\/\" \/>\n<meta property=\"og:site_name\" content=\"PRIDEshop\" \/>\n<meta property=\"article:publisher\" content=\"https:\/\/sl-si.facebook.com\/PrideShopeu\" \/>\n<meta property=\"article:modified_time\" content=\"2025-08-04T09:06:48+00:00\" \/>\n<meta property=\"og:image\" content=\"https:\/\/prideshop.eu\/wp-content\/uploads\/2020\/09\/A610_suspenzor_adidas.jpg\" \/>\n\t<meta property=\"og:image:width\" content=\"600\" \/>\n\t<meta property=\"og:image:height\" content=\"600\" \/>\n\t<meta property=\"og:image:type\" content=\"image\/jpeg\" \/>\n<meta name=\"twitter:card\" content=\"summary_large_image\" \/>\n<script type=\"application\/ld+json\" class=\"yoast-schema-graph\">{\"@context\":\"https:\\\/\\\/schema.org\",\"@graph\":[{\"@type\":\"WebPage\",\"@id\":\"https:\\\/\\\/prideshop.eu\\\/de\\\/shop\\\/sportarten\\\/itf-taekwondo-traditonelles-taekwondo\\\/taekwondo-itf-schutzausrustung\\\/tiefschutz-suspensorium-wkf-adidas\\\/\",\"url\":\"https:\\\/\\\/prideshop.eu\\\/de\\\/shop\\\/sportarten\\\/itf-taekwondo-traditonelles-taekwondo\\\/taekwondo-itf-schutzausrustung\\\/tiefschutz-suspensorium-wkf-adidas\\\/\",\"name\":\"Tiefschutz Herren f\u00fcr Kampfsport Adidas \u2013 adiBP06 - PRIDEshop\",\"isPartOf\":{\"@id\":\"https:\\\/\\\/prideshop.eu\\\/de\\\/#website\"},\"primaryImageOfPage\":{\"@id\":\"https:\\\/\\\/prideshop.eu\\\/de\\\/shop\\\/sportarten\\\/itf-taekwondo-traditonelles-taekwondo\\\/taekwondo-itf-schutzausrustung\\\/tiefschutz-suspensorium-wkf-adidas\\\/#primaryimage\"},\"image\":{\"@id\":\"https:\\\/\\\/prideshop.eu\\\/de\\\/shop\\\/sportarten\\\/itf-taekwondo-traditonelles-taekwondo\\\/taekwondo-itf-schutzausrustung\\\/tiefschutz-suspensorium-wkf-adidas\\\/#primaryimage\"},\"thumbnailUrl\":\"https:\\\/\\\/prideshop.eu\\\/wp-content\\\/uploads\\\/2020\\\/09\\\/A610_suspenzor_adidas.jpg\",\"datePublished\":\"2020-09-03T08:46:04+00:00\",\"dateModified\":\"2025-08-04T09:06:48+00:00\",\"description\":\"Tiefschutz Suspensorium WKF, Adidas. Diesen Unterleibschutzer f\u00fcr den Genitalbereich zeichnet ein fester, anatomisch geformter plastischer Einsatz.\",\"breadcrumb\":{\"@id\":\"https:\\\/\\\/prideshop.eu\\\/de\\\/shop\\\/sportarten\\\/itf-taekwondo-traditonelles-taekwondo\\\/taekwondo-itf-schutzausrustung\\\/tiefschutz-suspensorium-wkf-adidas\\\/#breadcrumb\"},\"inLanguage\":\"de\",\"potentialAction\":[{\"@type\":\"ReadAction\",\"target\":[\"https:\\\/\\\/prideshop.eu\\\/de\\\/shop\\\/sportarten\\\/itf-taekwondo-traditonelles-taekwondo\\\/taekwondo-itf-schutzausrustung\\\/tiefschutz-suspensorium-wkf-adidas\\\/\"]}]},{\"@type\":\"ImageObject\",\"inLanguage\":\"de\",\"@id\":\"https:\\\/\\\/prideshop.eu\\\/de\\\/shop\\\/sportarten\\\/itf-taekwondo-traditonelles-taekwondo\\\/taekwondo-itf-schutzausrustung\\\/tiefschutz-suspensorium-wkf-adidas\\\/#primaryimage\",\"url\":\"https:\\\/\\\/prideshop.eu\\\/wp-content\\\/uploads\\\/2020\\\/09\\\/A610_suspenzor_adidas.jpg\",\"contentUrl\":\"https:\\\/\\\/prideshop.eu\\\/wp-content\\\/uploads\\\/2020\\\/09\\\/A610_suspenzor_adidas.jpg\",\"width\":600,\"height\":600},{\"@type\":\"BreadcrumbList\",\"@id\":\"https:\\\/\\\/prideshop.eu\\\/de\\\/shop\\\/sportarten\\\/itf-taekwondo-traditonelles-taekwondo\\\/taekwondo-itf-schutzausrustung\\\/tiefschutz-suspensorium-wkf-adidas\\\/#breadcrumb\",\"itemListElement\":[{\"@type\":\"ListItem\",\"position\":1,\"name\":\"Home\",\"item\":\"https:\\\/\\\/prideshop.eu\\\/de\\\/\"},{\"@type\":\"ListItem\",\"position\":2,\"name\":\"Gesch\u00e4ft\",\"item\":\"https:\\\/\\\/prideshop.eu\\\/de\\\/geschaeft\\\/\"},{\"@type\":\"ListItem\",\"position\":3,\"name\":\"Tiefschutz Herren f\u00fcr Kampfsport Adidas \u2013 adiBP06\"}]},{\"@type\":\"WebSite\",\"@id\":\"https:\\\/\\\/prideshop.eu\\\/de\\\/#website\",\"url\":\"https:\\\/\\\/prideshop.eu\\\/de\\\/\",\"name\":\"PRIDEshop\",\"description\":\"Oprema za Borilne \u0160porte\",\"publisher\":{\"@id\":\"https:\\\/\\\/prideshop.eu\\\/de\\\/#organization\"},\"potentialAction\":[{\"@type\":\"SearchAction\",\"target\":{\"@type\":\"EntryPoint\",\"urlTemplate\":\"https:\\\/\\\/prideshop.eu\\\/de\\\/?s={search_term_string}\"},\"query-input\":{\"@type\":\"PropertyValueSpecification\",\"valueRequired\":true,\"valueName\":\"search_term_string\"}}],\"inLanguage\":\"de\"},{\"@type\":\"Organization\",\"@id\":\"https:\\\/\\\/prideshop.eu\\\/de\\\/#organization\",\"name\":\"PRIDEshop\",\"url\":\"https:\\\/\\\/prideshop.eu\\\/de\\\/\",\"logo\":{\"@type\":\"ImageObject\",\"inLanguage\":\"de\",\"@id\":\"https:\\\/\\\/prideshop.eu\\\/de\\\/#\\\/schema\\\/logo\\\/image\\\/\",\"url\":\"\",\"contentUrl\":\"\",\"caption\":\"PRIDEshop\"},\"image\":{\"@id\":\"https:\\\/\\\/prideshop.eu\\\/de\\\/#\\\/schema\\\/logo\\\/image\\\/\"},\"sameAs\":[\"https:\\\/\\\/sl-si.facebook.com\\\/PrideShopeu\"]}]}<\/script>\n<!-- \/ Yoast SEO plugin. -->","yoast_head_json":{"title":"Tiefschutz Herren f\u00fcr Kampfsport Adidas \u2013 adiBP06 - PRIDEshop","description":"Tiefschutz Suspensorium WKF, Adidas. Diesen Unterleibschutzer f\u00fcr den Genitalbereich zeichnet ein fester, anatomisch geformter plastischer Einsatz.","robots":{"index":"index","follow":"follow","max-snippet":"max-snippet:-1","max-image-preview":"max-image-preview:large","max-video-preview":"max-video-preview:-1"},"canonical":"https:\/\/prideshop.eu\/de\/shop\/sportarten\/itf-taekwondo-traditonelles-taekwondo\/taekwondo-itf-schutzausrustung\/tiefschutz-suspensorium-wkf-adidas\/","og_locale":"de_DE","og_type":"article","og_title":"Tiefschutz Herren f\u00fcr Kampfsport Adidas \u2013 adiBP06 - PRIDEshop","og_description":"Tiefschutz Suspensorium WKF, Adidas. Diesen Unterleibschutzer f\u00fcr den Genitalbereich zeichnet ein fester, anatomisch geformter plastischer Einsatz.","og_url":"https:\/\/prideshop.eu\/de\/shop\/sportarten\/itf-taekwondo-traditonelles-taekwondo\/taekwondo-itf-schutzausrustung\/tiefschutz-suspensorium-wkf-adidas\/","og_site_name":"PRIDEshop","article_publisher":"https:\/\/sl-si.facebook.com\/PrideShopeu","article_modified_time":"2025-08-04T09:06:48+00:00","og_image":[{"width":600,"height":600,"url":"https:\/\/prideshop.eu\/wp-content\/uploads\/2020\/09\/A610_suspenzor_adidas.jpg","type":"image\/jpeg"}],"twitter_card":"summary_large_image","schema":{"@context":"https:\/\/schema.org","@graph":[{"@type":"WebPage","@id":"https:\/\/prideshop.eu\/de\/shop\/sportarten\/itf-taekwondo-traditonelles-taekwondo\/taekwondo-itf-schutzausrustung\/tiefschutz-suspensorium-wkf-adidas\/","url":"https:\/\/prideshop.eu\/de\/shop\/sportarten\/itf-taekwondo-traditonelles-taekwondo\/taekwondo-itf-schutzausrustung\/tiefschutz-suspensorium-wkf-adidas\/","name":"Tiefschutz Herren f\u00fcr Kampfsport Adidas \u2013 adiBP06 - PRIDEshop","isPartOf":{"@id":"https:\/\/prideshop.eu\/de\/#website"},"primaryImageOfPage":{"@id":"https:\/\/prideshop.eu\/de\/shop\/sportarten\/itf-taekwondo-traditonelles-taekwondo\/taekwondo-itf-schutzausrustung\/tiefschutz-suspensorium-wkf-adidas\/#primaryimage"},"image":{"@id":"https:\/\/prideshop.eu\/de\/shop\/sportarten\/itf-taekwondo-traditonelles-taekwondo\/taekwondo-itf-schutzausrustung\/tiefschutz-suspensorium-wkf-adidas\/#primaryimage"},"thumbnailUrl":"https:\/\/prideshop.eu\/wp-content\/uploads\/2020\/09\/A610_suspenzor_adidas.jpg","datePublished":"2020-09-03T08:46:04+00:00","dateModified":"2025-08-04T09:06:48+00:00","description":"Tiefschutz Suspensorium WKF, Adidas. Diesen Unterleibschutzer f\u00fcr den Genitalbereich zeichnet ein fester, anatomisch geformter plastischer Einsatz.","breadcrumb":{"@id":"https:\/\/prideshop.eu\/de\/shop\/sportarten\/itf-taekwondo-traditonelles-taekwondo\/taekwondo-itf-schutzausrustung\/tiefschutz-suspensorium-wkf-adidas\/#breadcrumb"},"inLanguage":"de","potentialAction":[{"@type":"ReadAction","target":["https:\/\/prideshop.eu\/de\/shop\/sportarten\/itf-taekwondo-traditonelles-taekwondo\/taekwondo-itf-schutzausrustung\/tiefschutz-suspensorium-wkf-adidas\/"]}]},{"@type":"ImageObject","inLanguage":"de","@id":"https:\/\/prideshop.eu\/de\/shop\/sportarten\/itf-taekwondo-traditonelles-taekwondo\/taekwondo-itf-schutzausrustung\/tiefschutz-suspensorium-wkf-adidas\/#primaryimage","url":"https:\/\/prideshop.eu\/wp-content\/uploads\/2020\/09\/A610_suspenzor_adidas.jpg","contentUrl":"https:\/\/prideshop.eu\/wp-content\/uploads\/2020\/09\/A610_suspenzor_adidas.jpg","width":600,"height":600},{"@type":"BreadcrumbList","@id":"https:\/\/prideshop.eu\/de\/shop\/sportarten\/itf-taekwondo-traditonelles-taekwondo\/taekwondo-itf-schutzausrustung\/tiefschutz-suspensorium-wkf-adidas\/#breadcrumb","itemListElement":[{"@type":"ListItem","position":1,"name":"Home","item":"https:\/\/prideshop.eu\/de\/"},{"@type":"ListItem","position":2,"name":"Gesch\u00e4ft","item":"https:\/\/prideshop.eu\/de\/geschaeft\/"},{"@type":"ListItem","position":3,"name":"Tiefschutz Herren f\u00fcr Kampfsport Adidas \u2013 adiBP06"}]},{"@type":"WebSite","@id":"https:\/\/prideshop.eu\/de\/#website","url":"https:\/\/prideshop.eu\/de\/","name":"PRIDEshop","description":"Oprema za Borilne \u0160porte","publisher":{"@id":"https:\/\/prideshop.eu\/de\/#organization"},"potentialAction":[{"@type":"SearchAction","target":{"@type":"EntryPoint","urlTemplate":"https:\/\/prideshop.eu\/de\/?s={search_term_string}"},"query-input":{"@type":"PropertyValueSpecification","valueRequired":true,"valueName":"search_term_string"}}],"inLanguage":"de"},{"@type":"Organization","@id":"https:\/\/prideshop.eu\/de\/#organization","name":"PRIDEshop","url":"https:\/\/prideshop.eu\/de\/","logo":{"@type":"ImageObject","inLanguage":"de","@id":"https:\/\/prideshop.eu\/de\/#\/schema\/logo\/image\/","url":"","contentUrl":"","caption":"PRIDEshop"},"image":{"@id":"https:\/\/prideshop.eu\/de\/#\/schema\/logo\/image\/"},"sameAs":["https:\/\/sl-si.facebook.com\/PrideShopeu"]}]}},"_links":{"self":[{"href":"https:\/\/prideshop.eu\/de\/wp-json\/wp\/v2\/product\/12774","targetHints":{"allow":["GET"]}}],"collection":[{"href":"https:\/\/prideshop.eu\/de\/wp-json\/wp\/v2\/product"}],"about":[{"href":"https:\/\/prideshop.eu\/de\/wp-json\/wp\/v2\/types\/product"}],"replies":[{"embeddable":true,"href":"https:\/\/prideshop.eu\/de\/wp-json\/wp\/v2\/comments?post=12774"}],"wp:featuredmedia":[{"embeddable":true,"href":"https:\/\/prideshop.eu\/de\/wp-json\/wp\/v2\/media\/12780"}],"wp:attachment":[{"href":"https:\/\/prideshop.eu\/de\/wp-json\/wp\/v2\/media?parent=12774"}],"wp:term":[{"taxonomy":"product_brand","embeddable":true,"href":"https:\/\/prideshop.eu\/de\/wp-json\/wp\/v2\/product_brand?post=12774"},{"taxonomy":"product_cat","embeddable":true,"href":"https:\/\/prideshop.eu\/de\/wp-json\/wp\/v2\/product_cat?post=12774"},{"taxonomy":"product_tag","embeddable":true,"href":"https:\/\/prideshop.eu\/de\/wp-json\/wp\/v2\/product_tag?post=12774"}],"curies":[{"name":"wp","href":"https:\/\/api.w.org\/{rel}","templated":true}]}}