{"id":12788,"date":"2020-09-03T12:07:38","date_gmt":"2020-09-03T10:07:38","guid":{"rendered":"https:\/\/prideshop.eu\/spletna-trgovina\/unkategorisiert\/damen-brustschutz-wkf-adidas\/"},"modified":"2025-08-04T11:06:48","modified_gmt":"2025-08-04T09:06:48","slug":"damen-brustschutz-wkf-adidas","status":"publish","type":"product","link":"https:\/\/prideshop.eu\/de\/shop\/sportarten\/kickboxen\/schutzausrustung-zum-kickboxen\/damen-brustschutz-wkf-adidas\/","title":{"rendered":"Karate Brustschutz Damen WKF Adidas \u2013 666.14"},"content":{"rendered":"<h3>Karate Brustschutz Damen WKF Adidas \u2013 666.14<\/h3>\n<p>Damen Brustschutz WKF, AdidasnDer Brustkorbschutz besteht aus harter Plastikmasse (Polyethiyen) und einem elastischen T\u2013Shirt.nDas geformte Brustteil sch\u00fctzt maximal vor Schl\u00e4gen in den Brustkorb und ist f\u00fcr alle Kontaktsportarten geeignet.nDieses Produkt ist von der Seite des WKF zugelassen!<\/p>\n","protected":false},"excerpt":{"rendered":"<p>Damen Brustschutz WKF, AdidasnDer Brustkorbschutz besteht aus harter Plastikmasse (Polyethiyen) und einem elastischen T\u2013Shirt.nDas geformte Brustteil sch\u00fctzt maximal vor Schl\u00e4gen in den Brustkorb und ist f\u00fcr alle Kontaktsportarten geeignet.nDieses Produkt ist von der Seite des WKF zugelassen!<\/p>\n","protected":false},"featured_media":49659,"comment_status":"open","ping_status":"closed","template":"","meta":{"_acf_changed":false},"product_brand":[2084],"product_cat":[664,580,710,720,722,646,648,634,678,732,656],"product_tag":[],"class_list":{"0":"post-12788","1":"product","2":"type-product","3":"status-publish","4":"has-post-thumbnail","6":"product_brand-adidas","7":"product_cat-boxen","8":"product_cat-equipment-de","9":"product_cat-karate-ausruestung","10":"product_cat-karate-schutzausrustung","11":"product_cat-kickboxen","12":"product_cat-korpershutz","13":"product_cat-schutz-fur-frauen","14":"product_cat-schutzausrustung","15":"product_cat-schutzausrustung-fur-boxen","16":"product_cat-schutzausrustung-zum-kickboxen","17":"product_cat-sportarten","19":"first","20":"instock","21":"taxable","22":"shipping-taxable","23":"purchasable","24":"product-type-variable"},"acf":[],"yoast_head":"<!-- This site is optimized with the Yoast SEO plugin v27.4 - https:\/\/yoast.com\/product\/yoast-seo-wordpress\/ -->\n<title>Karate Brustschutz Damen WKF Adidas \u2013 666.14 - PRIDEshop<\/title>\n<meta name=\"description\" content=\"Damen Brustschutz WKF, Adidas. Der Brustkorbschutz besteht aus harter Plastikmasse (Polyethiyen) und einem elastischen T-Shirt.\" \/>\n<meta name=\"robots\" content=\"index, follow, max-snippet:-1, max-image-preview:large, max-video-preview:-1\" \/>\n<link rel=\"canonical\" href=\"https:\/\/prideshop.eu\/de\/shop\/sportarten\/kickboxen\/schutzausrustung-zum-kickboxen\/damen-brustschutz-wkf-adidas\/\" \/>\n<meta property=\"og:locale\" content=\"de_DE\" \/>\n<meta property=\"og:type\" content=\"article\" \/>\n<meta property=\"og:title\" content=\"Karate Brustschutz Damen WKF Adidas \u2013 666.14 - PRIDEshop\" \/>\n<meta property=\"og:description\" content=\"Damen Brustschutz WKF, Adidas. Der Brustkorbschutz besteht aus harter Plastikmasse (Polyethiyen) und einem elastischen T-Shirt.\" \/>\n<meta property=\"og:url\" content=\"https:\/\/prideshop.eu\/de\/shop\/sportarten\/kickboxen\/schutzausrustung-zum-kickboxen\/damen-brustschutz-wkf-adidas\/\" \/>\n<meta property=\"og:site_name\" content=\"PRIDEshop\" \/>\n<meta property=\"article:publisher\" content=\"https:\/\/sl-si.facebook.com\/PrideShopeu\" \/>\n<meta property=\"article:modified_time\" content=\"2025-08-04T09:06:48+00:00\" \/>\n<meta property=\"og:image\" content=\"https:\/\/prideshop.eu\/wp-content\/uploads\/2020\/09\/scitnik-za-prsa-wkf-adidas-a612.jpeg\" \/>\n\t<meta property=\"og:image:width\" content=\"600\" \/>\n\t<meta property=\"og:image:height\" content=\"600\" \/>\n\t<meta property=\"og:image:type\" content=\"image\/jpeg\" \/>\n<meta name=\"twitter:card\" content=\"summary_large_image\" \/>\n<script type=\"application\/ld+json\" class=\"yoast-schema-graph\">{\"@context\":\"https:\\\/\\\/schema.org\",\"@graph\":[{\"@type\":\"WebPage\",\"@id\":\"https:\\\/\\\/prideshop.eu\\\/de\\\/shop\\\/sportarten\\\/kickboxen\\\/schutzausrustung-zum-kickboxen\\\/damen-brustschutz-wkf-adidas\\\/\",\"url\":\"https:\\\/\\\/prideshop.eu\\\/de\\\/shop\\\/sportarten\\\/kickboxen\\\/schutzausrustung-zum-kickboxen\\\/damen-brustschutz-wkf-adidas\\\/\",\"name\":\"Karate Brustschutz Damen WKF Adidas \u2013 666.14 - PRIDEshop\",\"isPartOf\":{\"@id\":\"https:\\\/\\\/prideshop.eu\\\/de\\\/#website\"},\"primaryImageOfPage\":{\"@id\":\"https:\\\/\\\/prideshop.eu\\\/de\\\/shop\\\/sportarten\\\/kickboxen\\\/schutzausrustung-zum-kickboxen\\\/damen-brustschutz-wkf-adidas\\\/#primaryimage\"},\"image\":{\"@id\":\"https:\\\/\\\/prideshop.eu\\\/de\\\/shop\\\/sportarten\\\/kickboxen\\\/schutzausrustung-zum-kickboxen\\\/damen-brustschutz-wkf-adidas\\\/#primaryimage\"},\"thumbnailUrl\":\"https:\\\/\\\/prideshop.eu\\\/wp-content\\\/uploads\\\/2020\\\/09\\\/scitnik-za-prsa-wkf-adidas-a612.jpeg\",\"datePublished\":\"2020-09-03T10:07:38+00:00\",\"dateModified\":\"2025-08-04T09:06:48+00:00\",\"description\":\"Damen Brustschutz WKF, Adidas. Der Brustkorbschutz besteht aus harter Plastikmasse (Polyethiyen) und einem elastischen T-Shirt.\",\"breadcrumb\":{\"@id\":\"https:\\\/\\\/prideshop.eu\\\/de\\\/shop\\\/sportarten\\\/kickboxen\\\/schutzausrustung-zum-kickboxen\\\/damen-brustschutz-wkf-adidas\\\/#breadcrumb\"},\"inLanguage\":\"de\",\"potentialAction\":[{\"@type\":\"ReadAction\",\"target\":[\"https:\\\/\\\/prideshop.eu\\\/de\\\/shop\\\/sportarten\\\/kickboxen\\\/schutzausrustung-zum-kickboxen\\\/damen-brustschutz-wkf-adidas\\\/\"]}]},{\"@type\":\"ImageObject\",\"inLanguage\":\"de\",\"@id\":\"https:\\\/\\\/prideshop.eu\\\/de\\\/shop\\\/sportarten\\\/kickboxen\\\/schutzausrustung-zum-kickboxen\\\/damen-brustschutz-wkf-adidas\\\/#primaryimage\",\"url\":\"https:\\\/\\\/prideshop.eu\\\/wp-content\\\/uploads\\\/2020\\\/09\\\/scitnik-za-prsa-wkf-adidas-a612.jpeg\",\"contentUrl\":\"https:\\\/\\\/prideshop.eu\\\/wp-content\\\/uploads\\\/2020\\\/09\\\/scitnik-za-prsa-wkf-adidas-a612.jpeg\",\"width\":600,\"height\":600,\"caption\":\"\u0160\u010ditnik za \u017eenska prsa Adidas\"},{\"@type\":\"BreadcrumbList\",\"@id\":\"https:\\\/\\\/prideshop.eu\\\/de\\\/shop\\\/sportarten\\\/kickboxen\\\/schutzausrustung-zum-kickboxen\\\/damen-brustschutz-wkf-adidas\\\/#breadcrumb\",\"itemListElement\":[{\"@type\":\"ListItem\",\"position\":1,\"name\":\"Home\",\"item\":\"https:\\\/\\\/prideshop.eu\\\/de\\\/\"},{\"@type\":\"ListItem\",\"position\":2,\"name\":\"Gesch\u00e4ft\",\"item\":\"https:\\\/\\\/prideshop.eu\\\/de\\\/geschaeft\\\/\"},{\"@type\":\"ListItem\",\"position\":3,\"name\":\"Karate Brustschutz Damen WKF Adidas \u2013 666.14\"}]},{\"@type\":\"WebSite\",\"@id\":\"https:\\\/\\\/prideshop.eu\\\/de\\\/#website\",\"url\":\"https:\\\/\\\/prideshop.eu\\\/de\\\/\",\"name\":\"PRIDEshop\",\"description\":\"Oprema za Borilne \u0160porte\",\"publisher\":{\"@id\":\"https:\\\/\\\/prideshop.eu\\\/de\\\/#organization\"},\"potentialAction\":[{\"@type\":\"SearchAction\",\"target\":{\"@type\":\"EntryPoint\",\"urlTemplate\":\"https:\\\/\\\/prideshop.eu\\\/de\\\/?s={search_term_string}\"},\"query-input\":{\"@type\":\"PropertyValueSpecification\",\"valueRequired\":true,\"valueName\":\"search_term_string\"}}],\"inLanguage\":\"de\"},{\"@type\":\"Organization\",\"@id\":\"https:\\\/\\\/prideshop.eu\\\/de\\\/#organization\",\"name\":\"PRIDEshop\",\"url\":\"https:\\\/\\\/prideshop.eu\\\/de\\\/\",\"logo\":{\"@type\":\"ImageObject\",\"inLanguage\":\"de\",\"@id\":\"https:\\\/\\\/prideshop.eu\\\/de\\\/#\\\/schema\\\/logo\\\/image\\\/\",\"url\":\"\",\"contentUrl\":\"\",\"caption\":\"PRIDEshop\"},\"image\":{\"@id\":\"https:\\\/\\\/prideshop.eu\\\/de\\\/#\\\/schema\\\/logo\\\/image\\\/\"},\"sameAs\":[\"https:\\\/\\\/sl-si.facebook.com\\\/PrideShopeu\"]}]}<\/script>\n<!-- \/ Yoast SEO plugin. -->","yoast_head_json":{"title":"Karate Brustschutz Damen WKF Adidas \u2013 666.14 - PRIDEshop","description":"Damen Brustschutz WKF, Adidas. Der Brustkorbschutz besteht aus harter Plastikmasse (Polyethiyen) und einem elastischen T-Shirt.","robots":{"index":"index","follow":"follow","max-snippet":"max-snippet:-1","max-image-preview":"max-image-preview:large","max-video-preview":"max-video-preview:-1"},"canonical":"https:\/\/prideshop.eu\/de\/shop\/sportarten\/kickboxen\/schutzausrustung-zum-kickboxen\/damen-brustschutz-wkf-adidas\/","og_locale":"de_DE","og_type":"article","og_title":"Karate Brustschutz Damen WKF Adidas \u2013 666.14 - PRIDEshop","og_description":"Damen Brustschutz WKF, Adidas. Der Brustkorbschutz besteht aus harter Plastikmasse (Polyethiyen) und einem elastischen T-Shirt.","og_url":"https:\/\/prideshop.eu\/de\/shop\/sportarten\/kickboxen\/schutzausrustung-zum-kickboxen\/damen-brustschutz-wkf-adidas\/","og_site_name":"PRIDEshop","article_publisher":"https:\/\/sl-si.facebook.com\/PrideShopeu","article_modified_time":"2025-08-04T09:06:48+00:00","og_image":[{"width":600,"height":600,"url":"https:\/\/prideshop.eu\/wp-content\/uploads\/2020\/09\/scitnik-za-prsa-wkf-adidas-a612.jpeg","type":"image\/jpeg"}],"twitter_card":"summary_large_image","schema":{"@context":"https:\/\/schema.org","@graph":[{"@type":"WebPage","@id":"https:\/\/prideshop.eu\/de\/shop\/sportarten\/kickboxen\/schutzausrustung-zum-kickboxen\/damen-brustschutz-wkf-adidas\/","url":"https:\/\/prideshop.eu\/de\/shop\/sportarten\/kickboxen\/schutzausrustung-zum-kickboxen\/damen-brustschutz-wkf-adidas\/","name":"Karate Brustschutz Damen WKF Adidas \u2013 666.14 - PRIDEshop","isPartOf":{"@id":"https:\/\/prideshop.eu\/de\/#website"},"primaryImageOfPage":{"@id":"https:\/\/prideshop.eu\/de\/shop\/sportarten\/kickboxen\/schutzausrustung-zum-kickboxen\/damen-brustschutz-wkf-adidas\/#primaryimage"},"image":{"@id":"https:\/\/prideshop.eu\/de\/shop\/sportarten\/kickboxen\/schutzausrustung-zum-kickboxen\/damen-brustschutz-wkf-adidas\/#primaryimage"},"thumbnailUrl":"https:\/\/prideshop.eu\/wp-content\/uploads\/2020\/09\/scitnik-za-prsa-wkf-adidas-a612.jpeg","datePublished":"2020-09-03T10:07:38+00:00","dateModified":"2025-08-04T09:06:48+00:00","description":"Damen Brustschutz WKF, Adidas. Der Brustkorbschutz besteht aus harter Plastikmasse (Polyethiyen) und einem elastischen T-Shirt.","breadcrumb":{"@id":"https:\/\/prideshop.eu\/de\/shop\/sportarten\/kickboxen\/schutzausrustung-zum-kickboxen\/damen-brustschutz-wkf-adidas\/#breadcrumb"},"inLanguage":"de","potentialAction":[{"@type":"ReadAction","target":["https:\/\/prideshop.eu\/de\/shop\/sportarten\/kickboxen\/schutzausrustung-zum-kickboxen\/damen-brustschutz-wkf-adidas\/"]}]},{"@type":"ImageObject","inLanguage":"de","@id":"https:\/\/prideshop.eu\/de\/shop\/sportarten\/kickboxen\/schutzausrustung-zum-kickboxen\/damen-brustschutz-wkf-adidas\/#primaryimage","url":"https:\/\/prideshop.eu\/wp-content\/uploads\/2020\/09\/scitnik-za-prsa-wkf-adidas-a612.jpeg","contentUrl":"https:\/\/prideshop.eu\/wp-content\/uploads\/2020\/09\/scitnik-za-prsa-wkf-adidas-a612.jpeg","width":600,"height":600,"caption":"\u0160\u010ditnik za \u017eenska prsa Adidas"},{"@type":"BreadcrumbList","@id":"https:\/\/prideshop.eu\/de\/shop\/sportarten\/kickboxen\/schutzausrustung-zum-kickboxen\/damen-brustschutz-wkf-adidas\/#breadcrumb","itemListElement":[{"@type":"ListItem","position":1,"name":"Home","item":"https:\/\/prideshop.eu\/de\/"},{"@type":"ListItem","position":2,"name":"Gesch\u00e4ft","item":"https:\/\/prideshop.eu\/de\/geschaeft\/"},{"@type":"ListItem","position":3,"name":"Karate Brustschutz Damen WKF Adidas \u2013 666.14"}]},{"@type":"WebSite","@id":"https:\/\/prideshop.eu\/de\/#website","url":"https:\/\/prideshop.eu\/de\/","name":"PRIDEshop","description":"Oprema za Borilne \u0160porte","publisher":{"@id":"https:\/\/prideshop.eu\/de\/#organization"},"potentialAction":[{"@type":"SearchAction","target":{"@type":"EntryPoint","urlTemplate":"https:\/\/prideshop.eu\/de\/?s={search_term_string}"},"query-input":{"@type":"PropertyValueSpecification","valueRequired":true,"valueName":"search_term_string"}}],"inLanguage":"de"},{"@type":"Organization","@id":"https:\/\/prideshop.eu\/de\/#organization","name":"PRIDEshop","url":"https:\/\/prideshop.eu\/de\/","logo":{"@type":"ImageObject","inLanguage":"de","@id":"https:\/\/prideshop.eu\/de\/#\/schema\/logo\/image\/","url":"","contentUrl":"","caption":"PRIDEshop"},"image":{"@id":"https:\/\/prideshop.eu\/de\/#\/schema\/logo\/image\/"},"sameAs":["https:\/\/sl-si.facebook.com\/PrideShopeu"]}]}},"_links":{"self":[{"href":"https:\/\/prideshop.eu\/de\/wp-json\/wp\/v2\/product\/12788","targetHints":{"allow":["GET"]}}],"collection":[{"href":"https:\/\/prideshop.eu\/de\/wp-json\/wp\/v2\/product"}],"about":[{"href":"https:\/\/prideshop.eu\/de\/wp-json\/wp\/v2\/types\/product"}],"replies":[{"embeddable":true,"href":"https:\/\/prideshop.eu\/de\/wp-json\/wp\/v2\/comments?post=12788"}],"wp:featuredmedia":[{"embeddable":true,"href":"https:\/\/prideshop.eu\/de\/wp-json\/wp\/v2\/media\/49659"}],"wp:attachment":[{"href":"https:\/\/prideshop.eu\/de\/wp-json\/wp\/v2\/media?parent=12788"}],"wp:term":[{"taxonomy":"product_brand","embeddable":true,"href":"https:\/\/prideshop.eu\/de\/wp-json\/wp\/v2\/product_brand?post=12788"},{"taxonomy":"product_cat","embeddable":true,"href":"https:\/\/prideshop.eu\/de\/wp-json\/wp\/v2\/product_cat?post=12788"},{"taxonomy":"product_tag","embeddable":true,"href":"https:\/\/prideshop.eu\/de\/wp-json\/wp\/v2\/product_tag?post=12788"}],"curies":[{"name":"wp","href":"https:\/\/api.w.org\/{rel}","templated":true}]}}